{"id":67169,"date":"2025-07-25T15:02:34","date_gmt":"2025-07-25T13:02:34","guid":{"rendered":"https:\/\/example.walraven.com\/?page_id=154493"},"modified":"2025-10-28T12:59:25","modified_gmt":"2025-10-28T11:59:25","slug":"sistemas-carriles","status":"publish","type":"page","link":"https:\/\/www.walraven.com\/es\/sistemas-carriles\/","title":{"rendered":"Los sistemas de carriles Walraven simplifican su instalaci\u00f3n de calefacci\u00f3n, ventilaci\u00f3n y aire acondicionado"},"content":{"rendered":"","protected":false},"excerpt":{"rendered":"","protected":false},"author":62,"featured_media":0,"parent":0,"menu_order":0,"comment_status":"closed","ping_status":"closed","template":"page-templates\/tpl-landingspage.php","meta":{"_acf_changed":false,"footnotes":""},"class_list":["post-67169","page","type-page","status-publish","hentry"],"acf":[],"yoast_head":"<!-- This site is optimized with the Yoast SEO Premium plugin v27.3 (Yoast SEO v27.3) - https:\/\/yoast.com\/product\/yoast-seo-premium-wordpress\/ -->\n<title>Los sistemas de carriles Walraven simplifican su instalaci\u00f3n de calefacci\u00f3n, ventilaci\u00f3n y aire acondicionado - Walraven Iberia<\/title>\n<meta name=\"description\" content=\"Descubra por qu\u00e9 los profesionales de la climatizaci\u00f3n conf\u00edan en Walraven para realizar instalaciones eficientes y sin complicaciones. Nuestras soluciones integrales y modulares se adaptan a una gran variedad de necesidades de proyectos, desde aplicaciones ligeras hasta aplicaciones de carga pesada. La amplia gama de accesorios listos para usar mejora significativamente el rendimiento sobre el terreno, garantizando instalaciones f\u00e1ciles, r\u00e1pidas y seguras.\" \/>\n<meta name=\"robots\" content=\"index, follow, max-snippet:-1, max-image-preview:large, max-video-preview:-1\" \/>\n<link rel=\"canonical\" href=\"https:\/\/www.walraven.com\/es\/sistemas-carriles\/\" \/>\n<meta property=\"og:locale\" content=\"es_ES\" \/>\n<meta property=\"og:type\" content=\"article\" \/>\n<meta property=\"og:title\" content=\"Los sistemas de carriles Walraven simplifican su instalaci\u00f3n de calefacci\u00f3n, ventilaci\u00f3n y aire acondicionado\" \/>\n<meta property=\"og:description\" content=\"Descubra por qu\u00e9 los profesionales de la climatizaci\u00f3n conf\u00edan en Walraven para realizar instalaciones eficientes y sin complicaciones. Nuestras soluciones integrales y modulares se adaptan a una gran variedad de necesidades de proyectos, desde aplicaciones ligeras hasta aplicaciones de carga pesada. La amplia gama de accesorios listos para usar mejora significativamente el rendimiento sobre el terreno, garantizando instalaciones f\u00e1ciles, r\u00e1pidas y seguras.\" \/>\n<meta property=\"og:url\" content=\"https:\/\/www.walraven.com\/es\/sistemas-carriles\/\" \/>\n<meta property=\"og:site_name\" content=\"Walraven Iberia\" \/>\n<meta property=\"article:publisher\" content=\"https:\/\/www.facebook.com\/WalravenIberia\/\" \/>\n<meta property=\"article:modified_time\" content=\"2025-10-28T11:59:25+00:00\" \/>\n<meta name=\"twitter:card\" content=\"summary_large_image\" \/>\n<meta name=\"twitter:label1\" content=\"Tiempo de lectura\" \/>\n\t<meta name=\"twitter:data1\" content=\"4 minutos\" \/>\n<script type=\"application\/ld+json\" class=\"yoast-schema-graph\">{\"@context\":\"https:\\\/\\\/schema.org\",\"@graph\":[{\"@type\":\"WebPage\",\"@id\":\"https:\\\/\\\/www.walraven.com\\\/es\\\/sistemas-carriles\\\/\",\"url\":\"https:\\\/\\\/www.walraven.com\\\/es\\\/sistemas-carriles\\\/\",\"name\":\"Los sistemas de carriles Walraven simplifican su instalaci\u00f3n de calefacci\u00f3n, ventilaci\u00f3n y aire acondicionado - Walraven Iberia\",\"isPartOf\":{\"@id\":\"https:\\\/\\\/www.walraven.com\\\/es\\\/#website\"},\"datePublished\":\"2025-07-25T13:02:34+00:00\",\"dateModified\":\"2025-10-28T11:59:25+00:00\",\"description\":\"Descubra por qu\u00e9 los profesionales de la climatizaci\u00f3n conf\u00edan en Walraven para realizar instalaciones eficientes y sin complicaciones. Nuestras soluciones integrales y modulares se adaptan a una gran variedad de necesidades de proyectos, desde aplicaciones ligeras hasta aplicaciones de carga pesada. La amplia gama de accesorios listos para usar mejora significativamente el rendimiento sobre el terreno, garantizando instalaciones f\u00e1ciles, r\u00e1pidas y seguras.\",\"breadcrumb\":{\"@id\":\"https:\\\/\\\/www.walraven.com\\\/es\\\/sistemas-carriles\\\/#breadcrumb\"},\"inLanguage\":\"es\",\"potentialAction\":[{\"@type\":\"ReadAction\",\"target\":[\"https:\\\/\\\/www.walraven.com\\\/es\\\/sistemas-carriles\\\/\"]}]},{\"@type\":\"BreadcrumbList\",\"@id\":\"https:\\\/\\\/www.walraven.com\\\/es\\\/sistemas-carriles\\\/#breadcrumb\",\"itemListElement\":[{\"@type\":\"ListItem\",\"position\":1,\"name\":\"Portada\",\"item\":\"https:\\\/\\\/www.walraven.com\\\/es\\\/\"},{\"@type\":\"ListItem\",\"position\":2,\"name\":\"Los sistemas de carriles Walraven simplifican su instalaci\u00f3n de calefacci\u00f3n, ventilaci\u00f3n y aire acondicionado\"}]},{\"@type\":\"WebSite\",\"@id\":\"https:\\\/\\\/www.walraven.com\\\/es\\\/#website\",\"url\":\"https:\\\/\\\/www.walraven.com\\\/es\\\/\",\"name\":\"Walraven Ib\u00e8ria\",\"description\":\"\",\"publisher\":{\"@id\":\"https:\\\/\\\/www.walraven.com\\\/es\\\/#organization\"},\"potentialAction\":[{\"@type\":\"SearchAction\",\"target\":{\"@type\":\"EntryPoint\",\"urlTemplate\":\"https:\\\/\\\/www.walraven.com\\\/es\\\/?s={search_term_string}\"},\"query-input\":{\"@type\":\"PropertyValueSpecification\",\"valueRequired\":true,\"valueName\":\"search_term_string\"}}],\"inLanguage\":\"es\"},{\"@type\":\"Organization\",\"@id\":\"https:\\\/\\\/www.walraven.com\\\/es\\\/#organization\",\"name\":\"Walraven Ib\u00e8ria\",\"alternateName\":\"Walraven Ib\u00e8ria\",\"url\":\"https:\\\/\\\/www.walraven.com\\\/es\\\/\",\"logo\":{\"@type\":\"ImageObject\",\"inLanguage\":\"es\",\"@id\":\"https:\\\/\\\/www.walraven.com\\\/es\\\/#\\\/schema\\\/logo\\\/image\\\/\",\"url\":\"https:\\\/\\\/www.walraven.com\\\/es\\\/wp-content\\\/uploads\\\/sites\\\/6\\\/2023\\\/12\\\/Walraven_logo300x300.jpg\",\"contentUrl\":\"https:\\\/\\\/www.walraven.com\\\/es\\\/wp-content\\\/uploads\\\/sites\\\/6\\\/2023\\\/12\\\/Walraven_logo300x300.jpg\",\"width\":300,\"height\":300,\"caption\":\"Walraven Ib\u00e8ria\"},\"image\":{\"@id\":\"https:\\\/\\\/www.walraven.com\\\/es\\\/#\\\/schema\\\/logo\\\/image\\\/\"},\"sameAs\":[\"https:\\\/\\\/www.facebook.com\\\/WalravenIberia\\\/\",\"https:\\\/\\\/www.youtube.com\\\/channel\\\/UCp0IvtDYLfpoIGUHFLmEHug\",\"https:\\\/\\\/www.linkedin.com\\\/company\\\/isofix-walraven\\\/\"]}]}<\/script>\n<!-- \/ Yoast SEO Premium plugin. -->","yoast_head_json":{"title":"Los sistemas de carriles Walraven simplifican su instalaci\u00f3n de calefacci\u00f3n, ventilaci\u00f3n y aire acondicionado - Walraven Iberia","description":"Descubra por qu\u00e9 los profesionales de la climatizaci\u00f3n conf\u00edan en Walraven para realizar instalaciones eficientes y sin complicaciones. Nuestras soluciones integrales y modulares se adaptan a una gran variedad de necesidades de proyectos, desde aplicaciones ligeras hasta aplicaciones de carga pesada. La amplia gama de accesorios listos para usar mejora significativamente el rendimiento sobre el terreno, garantizando instalaciones f\u00e1ciles, r\u00e1pidas y seguras.","robots":{"index":"index","follow":"follow","max-snippet":"max-snippet:-1","max-image-preview":"max-image-preview:large","max-video-preview":"max-video-preview:-1"},"canonical":"https:\/\/www.walraven.com\/es\/sistemas-carriles\/","og_locale":"es_ES","og_type":"article","og_title":"Los sistemas de carriles Walraven simplifican su instalaci\u00f3n de calefacci\u00f3n, ventilaci\u00f3n y aire acondicionado","og_description":"Descubra por qu\u00e9 los profesionales de la climatizaci\u00f3n conf\u00edan en Walraven para realizar instalaciones eficientes y sin complicaciones. Nuestras soluciones integrales y modulares se adaptan a una gran variedad de necesidades de proyectos, desde aplicaciones ligeras hasta aplicaciones de carga pesada. La amplia gama de accesorios listos para usar mejora significativamente el rendimiento sobre el terreno, garantizando instalaciones f\u00e1ciles, r\u00e1pidas y seguras.","og_url":"https:\/\/www.walraven.com\/es\/sistemas-carriles\/","og_site_name":"Walraven Iberia","article_publisher":"https:\/\/www.facebook.com\/WalravenIberia\/","article_modified_time":"2025-10-28T11:59:25+00:00","twitter_card":"summary_large_image","twitter_misc":{"Tiempo de lectura":"4 minutos"},"schema":{"@context":"https:\/\/schema.org","@graph":[{"@type":"WebPage","@id":"https:\/\/www.walraven.com\/es\/sistemas-carriles\/","url":"https:\/\/www.walraven.com\/es\/sistemas-carriles\/","name":"Los sistemas de carriles Walraven simplifican su instalaci\u00f3n de calefacci\u00f3n, ventilaci\u00f3n y aire acondicionado - Walraven Iberia","isPartOf":{"@id":"https:\/\/www.walraven.com\/es\/#website"},"datePublished":"2025-07-25T13:02:34+00:00","dateModified":"2025-10-28T11:59:25+00:00","description":"Descubra por qu\u00e9 los profesionales de la climatizaci\u00f3n conf\u00edan en Walraven para realizar instalaciones eficientes y sin complicaciones. Nuestras soluciones integrales y modulares se adaptan a una gran variedad de necesidades de proyectos, desde aplicaciones ligeras hasta aplicaciones de carga pesada. La amplia gama de accesorios listos para usar mejora significativamente el rendimiento sobre el terreno, garantizando instalaciones f\u00e1ciles, r\u00e1pidas y seguras.","breadcrumb":{"@id":"https:\/\/www.walraven.com\/es\/sistemas-carriles\/#breadcrumb"},"inLanguage":"es","potentialAction":[{"@type":"ReadAction","target":["https:\/\/www.walraven.com\/es\/sistemas-carriles\/"]}]},{"@type":"BreadcrumbList","@id":"https:\/\/www.walraven.com\/es\/sistemas-carriles\/#breadcrumb","itemListElement":[{"@type":"ListItem","position":1,"name":"Portada","item":"https:\/\/www.walraven.com\/es\/"},{"@type":"ListItem","position":2,"name":"Los sistemas de carriles Walraven simplifican su instalaci\u00f3n de calefacci\u00f3n, ventilaci\u00f3n y aire acondicionado"}]},{"@type":"WebSite","@id":"https:\/\/www.walraven.com\/es\/#website","url":"https:\/\/www.walraven.com\/es\/","name":"Walraven Ib\u00e8ria","description":"","publisher":{"@id":"https:\/\/www.walraven.com\/es\/#organization"},"potentialAction":[{"@type":"SearchAction","target":{"@type":"EntryPoint","urlTemplate":"https:\/\/www.walraven.com\/es\/?s={search_term_string}"},"query-input":{"@type":"PropertyValueSpecification","valueRequired":true,"valueName":"search_term_string"}}],"inLanguage":"es"},{"@type":"Organization","@id":"https:\/\/www.walraven.com\/es\/#organization","name":"Walraven Ib\u00e8ria","alternateName":"Walraven Ib\u00e8ria","url":"https:\/\/www.walraven.com\/es\/","logo":{"@type":"ImageObject","inLanguage":"es","@id":"https:\/\/www.walraven.com\/es\/#\/schema\/logo\/image\/","url":"https:\/\/www.walraven.com\/es\/wp-content\/uploads\/sites\/6\/2023\/12\/Walraven_logo300x300.jpg","contentUrl":"https:\/\/www.walraven.com\/es\/wp-content\/uploads\/sites\/6\/2023\/12\/Walraven_logo300x300.jpg","width":300,"height":300,"caption":"Walraven Ib\u00e8ria"},"image":{"@id":"https:\/\/www.walraven.com\/es\/#\/schema\/logo\/image\/"},"sameAs":["https:\/\/www.facebook.com\/WalravenIberia\/","https:\/\/www.youtube.com\/channel\/UCp0IvtDYLfpoIGUHFLmEHug","https:\/\/www.linkedin.com\/company\/isofix-walraven\/"]}]}},"_links":{"self":[{"href":"https:\/\/www.walraven.com\/es\/wp-json\/wp\/v2\/pages\/67169","targetHints":{"allow":["GET"]}}],"collection":[{"href":"https:\/\/www.walraven.com\/es\/wp-json\/wp\/v2\/pages"}],"about":[{"href":"https:\/\/www.walraven.com\/es\/wp-json\/wp\/v2\/types\/page"}],"author":[{"embeddable":true,"href":"https:\/\/www.walraven.com\/es\/wp-json\/wp\/v2\/users\/62"}],"replies":[{"embeddable":true,"href":"https:\/\/www.walraven.com\/es\/wp-json\/wp\/v2\/comments?post=67169"}],"version-history":[{"count":5,"href":"https:\/\/www.walraven.com\/es\/wp-json\/wp\/v2\/pages\/67169\/revisions"}],"predecessor-version":[{"id":67395,"href":"https:\/\/www.walraven.com\/es\/wp-json\/wp\/v2\/pages\/67169\/revisions\/67395"}],"wp:attachment":[{"href":"https:\/\/www.walraven.com\/es\/wp-json\/wp\/v2\/media?parent=67169"}],"curies":[{"name":"wp","href":"https:\/\/api.w.org\/{rel}","templated":true}]}}