{"id":67243,"date":"2025-09-01T16:22:52","date_gmt":"2025-09-01T14:22:52","guid":{"rendered":"https:\/\/example.walraven.com\/?page_id=154717"},"modified":"2025-10-23T11:50:03","modified_gmt":"2025-10-23T09:50:03","slug":"more-info-form","status":"publish","type":"page","link":"https:\/\/www.walraven.com\/es\/sistemas-carriles\/more-info-form\/","title":{"rendered":"Suscr\u00edbase a nuestro bolet\u00edn informativo para recibir m\u00e1s informaci\u00f3n."},"content":{"rendered":"<div class=\"ms-form\"><div\r\n        data-form-id='4496f554-c2a2-f011-bbd2-000d3a2dad95'\r\n        data-form-api-url='https:\/\/public-eur.mkt.dynamics.com\/api\/v1.0\/orgs\/2cd7df8f-f10a-4dbf-abd6-99a66c64630a\/landingpageforms'\r\n        data-cached-form-url='https:\/\/assets1-eur.mkt.dynamics.com\/2cd7df8f-f10a-4dbf-abd6-99a66c64630a\/digitalassets\/forms\/4496f554-c2a2-f011-bbd2-000d3a2dad95' ><\/div>\r\n        <script src = 'https:\/\/cxppusa1formui01cdnsa01-endpoint.azureedge.net\/eur\/FormLoader\/FormLoader.bundle.js' ><\/script><\/div>\n","protected":false},"excerpt":{"rendered":"","protected":false},"author":43,"featured_media":0,"parent":67169,"menu_order":0,"comment_status":"closed","ping_status":"closed","template":"page-templates\/tpl-landingspage.php","meta":{"_acf_changed":false,"footnotes":""},"class_list":["post-67243","page","type-page","status-publish","hentry"],"acf":[],"yoast_head":"<!-- This site is optimized with the Yoast SEO Premium plugin v27.3 (Yoast SEO v27.3) - https:\/\/yoast.com\/product\/yoast-seo-premium-wordpress\/ -->\n<title>Suscr\u00edbase a nuestro bolet\u00edn informativo para recibir m\u00e1s informaci\u00f3n. - Walraven Iberia<\/title>\n<meta name=\"robots\" content=\"index, follow, max-snippet:-1, max-image-preview:large, max-video-preview:-1\" \/>\n<link rel=\"canonical\" href=\"https:\/\/www.walraven.com\/es\/sistemas-carriles\/more-info-form\/\" \/>\n<meta property=\"og:locale\" content=\"es_ES\" \/>\n<meta property=\"og:type\" content=\"article\" \/>\n<meta property=\"og:title\" content=\"Suscr\u00edbase a nuestro bolet\u00edn informativo para recibir m\u00e1s informaci\u00f3n.\" \/>\n<meta property=\"og:url\" content=\"https:\/\/www.walraven.com\/es\/sistemas-carriles\/more-info-form\/\" \/>\n<meta property=\"og:site_name\" content=\"Walraven Iberia\" \/>\n<meta property=\"article:publisher\" content=\"https:\/\/www.facebook.com\/WalravenIberia\/\" \/>\n<meta property=\"article:modified_time\" content=\"2025-10-23T09:50:03+00:00\" \/>\n<meta name=\"twitter:card\" content=\"summary_large_image\" \/>\n<meta name=\"twitter:label1\" content=\"Tiempo de lectura\" \/>\n\t<meta name=\"twitter:data1\" content=\"1 minuto\" \/>\n<script type=\"application\/ld+json\" class=\"yoast-schema-graph\">{\"@context\":\"https:\\\/\\\/schema.org\",\"@graph\":[{\"@type\":\"WebPage\",\"@id\":\"https:\\\/\\\/www.walraven.com\\\/es\\\/sistemas-carriles\\\/more-info-form\\\/\",\"url\":\"https:\\\/\\\/www.walraven.com\\\/es\\\/sistemas-carriles\\\/more-info-form\\\/\",\"name\":\"Suscr\u00edbase a nuestro bolet\u00edn informativo para recibir m\u00e1s informaci\u00f3n. - Walraven Iberia\",\"isPartOf\":{\"@id\":\"https:\\\/\\\/www.walraven.com\\\/es\\\/#website\"},\"datePublished\":\"2025-09-01T14:22:52+00:00\",\"dateModified\":\"2025-10-23T09:50:03+00:00\",\"breadcrumb\":{\"@id\":\"https:\\\/\\\/www.walraven.com\\\/es\\\/sistemas-carriles\\\/more-info-form\\\/#breadcrumb\"},\"inLanguage\":\"es\",\"potentialAction\":[{\"@type\":\"ReadAction\",\"target\":[\"https:\\\/\\\/www.walraven.com\\\/es\\\/sistemas-carriles\\\/more-info-form\\\/\"]}]},{\"@type\":\"BreadcrumbList\",\"@id\":\"https:\\\/\\\/www.walraven.com\\\/es\\\/sistemas-carriles\\\/more-info-form\\\/#breadcrumb\",\"itemListElement\":[{\"@type\":\"ListItem\",\"position\":1,\"name\":\"Portada\",\"item\":\"https:\\\/\\\/www.walraven.com\\\/es\\\/\"},{\"@type\":\"ListItem\",\"position\":2,\"name\":\"Los sistemas de carriles Walraven simplifican su instalaci\u00f3n de calefacci\u00f3n, ventilaci\u00f3n y aire acondicionado\",\"item\":\"https:\\\/\\\/www.walraven.com\\\/es\\\/sistemas-carriles\\\/\"},{\"@type\":\"ListItem\",\"position\":3,\"name\":\"Suscr\u00edbase a nuestro bolet\u00edn informativo para recibir m\u00e1s informaci\u00f3n.\"}]},{\"@type\":\"WebSite\",\"@id\":\"https:\\\/\\\/www.walraven.com\\\/es\\\/#website\",\"url\":\"https:\\\/\\\/www.walraven.com\\\/es\\\/\",\"name\":\"Walraven Ib\u00e8ria\",\"description\":\"\",\"publisher\":{\"@id\":\"https:\\\/\\\/www.walraven.com\\\/es\\\/#organization\"},\"potentialAction\":[{\"@type\":\"SearchAction\",\"target\":{\"@type\":\"EntryPoint\",\"urlTemplate\":\"https:\\\/\\\/www.walraven.com\\\/es\\\/?s={search_term_string}\"},\"query-input\":{\"@type\":\"PropertyValueSpecification\",\"valueRequired\":true,\"valueName\":\"search_term_string\"}}],\"inLanguage\":\"es\"},{\"@type\":\"Organization\",\"@id\":\"https:\\\/\\\/www.walraven.com\\\/es\\\/#organization\",\"name\":\"Walraven Ib\u00e8ria\",\"alternateName\":\"Walraven Ib\u00e8ria\",\"url\":\"https:\\\/\\\/www.walraven.com\\\/es\\\/\",\"logo\":{\"@type\":\"ImageObject\",\"inLanguage\":\"es\",\"@id\":\"https:\\\/\\\/www.walraven.com\\\/es\\\/#\\\/schema\\\/logo\\\/image\\\/\",\"url\":\"https:\\\/\\\/www.walraven.com\\\/es\\\/wp-content\\\/uploads\\\/sites\\\/6\\\/2023\\\/12\\\/Walraven_logo300x300.jpg\",\"contentUrl\":\"https:\\\/\\\/www.walraven.com\\\/es\\\/wp-content\\\/uploads\\\/sites\\\/6\\\/2023\\\/12\\\/Walraven_logo300x300.jpg\",\"width\":300,\"height\":300,\"caption\":\"Walraven Ib\u00e8ria\"},\"image\":{\"@id\":\"https:\\\/\\\/www.walraven.com\\\/es\\\/#\\\/schema\\\/logo\\\/image\\\/\"},\"sameAs\":[\"https:\\\/\\\/www.facebook.com\\\/WalravenIberia\\\/\",\"https:\\\/\\\/www.youtube.com\\\/channel\\\/UCp0IvtDYLfpoIGUHFLmEHug\",\"https:\\\/\\\/www.linkedin.com\\\/company\\\/isofix-walraven\\\/\"]}]}<\/script>\n<!-- \/ Yoast SEO Premium plugin. -->","yoast_head_json":{"title":"Suscr\u00edbase a nuestro bolet\u00edn informativo para recibir m\u00e1s informaci\u00f3n. - Walraven Iberia","robots":{"index":"index","follow":"follow","max-snippet":"max-snippet:-1","max-image-preview":"max-image-preview:large","max-video-preview":"max-video-preview:-1"},"canonical":"https:\/\/www.walraven.com\/es\/sistemas-carriles\/more-info-form\/","og_locale":"es_ES","og_type":"article","og_title":"Suscr\u00edbase a nuestro bolet\u00edn informativo para recibir m\u00e1s informaci\u00f3n.","og_url":"https:\/\/www.walraven.com\/es\/sistemas-carriles\/more-info-form\/","og_site_name":"Walraven Iberia","article_publisher":"https:\/\/www.facebook.com\/WalravenIberia\/","article_modified_time":"2025-10-23T09:50:03+00:00","twitter_card":"summary_large_image","twitter_misc":{"Tiempo de lectura":"1 minuto"},"schema":{"@context":"https:\/\/schema.org","@graph":[{"@type":"WebPage","@id":"https:\/\/www.walraven.com\/es\/sistemas-carriles\/more-info-form\/","url":"https:\/\/www.walraven.com\/es\/sistemas-carriles\/more-info-form\/","name":"Suscr\u00edbase a nuestro bolet\u00edn informativo para recibir m\u00e1s informaci\u00f3n. - Walraven Iberia","isPartOf":{"@id":"https:\/\/www.walraven.com\/es\/#website"},"datePublished":"2025-09-01T14:22:52+00:00","dateModified":"2025-10-23T09:50:03+00:00","breadcrumb":{"@id":"https:\/\/www.walraven.com\/es\/sistemas-carriles\/more-info-form\/#breadcrumb"},"inLanguage":"es","potentialAction":[{"@type":"ReadAction","target":["https:\/\/www.walraven.com\/es\/sistemas-carriles\/more-info-form\/"]}]},{"@type":"BreadcrumbList","@id":"https:\/\/www.walraven.com\/es\/sistemas-carriles\/more-info-form\/#breadcrumb","itemListElement":[{"@type":"ListItem","position":1,"name":"Portada","item":"https:\/\/www.walraven.com\/es\/"},{"@type":"ListItem","position":2,"name":"Los sistemas de carriles Walraven simplifican su instalaci\u00f3n de calefacci\u00f3n, ventilaci\u00f3n y aire acondicionado","item":"https:\/\/www.walraven.com\/es\/sistemas-carriles\/"},{"@type":"ListItem","position":3,"name":"Suscr\u00edbase a nuestro bolet\u00edn informativo para recibir m\u00e1s informaci\u00f3n."}]},{"@type":"WebSite","@id":"https:\/\/www.walraven.com\/es\/#website","url":"https:\/\/www.walraven.com\/es\/","name":"Walraven Ib\u00e8ria","description":"","publisher":{"@id":"https:\/\/www.walraven.com\/es\/#organization"},"potentialAction":[{"@type":"SearchAction","target":{"@type":"EntryPoint","urlTemplate":"https:\/\/www.walraven.com\/es\/?s={search_term_string}"},"query-input":{"@type":"PropertyValueSpecification","valueRequired":true,"valueName":"search_term_string"}}],"inLanguage":"es"},{"@type":"Organization","@id":"https:\/\/www.walraven.com\/es\/#organization","name":"Walraven Ib\u00e8ria","alternateName":"Walraven Ib\u00e8ria","url":"https:\/\/www.walraven.com\/es\/","logo":{"@type":"ImageObject","inLanguage":"es","@id":"https:\/\/www.walraven.com\/es\/#\/schema\/logo\/image\/","url":"https:\/\/www.walraven.com\/es\/wp-content\/uploads\/sites\/6\/2023\/12\/Walraven_logo300x300.jpg","contentUrl":"https:\/\/www.walraven.com\/es\/wp-content\/uploads\/sites\/6\/2023\/12\/Walraven_logo300x300.jpg","width":300,"height":300,"caption":"Walraven Ib\u00e8ria"},"image":{"@id":"https:\/\/www.walraven.com\/es\/#\/schema\/logo\/image\/"},"sameAs":["https:\/\/www.facebook.com\/WalravenIberia\/","https:\/\/www.youtube.com\/channel\/UCp0IvtDYLfpoIGUHFLmEHug","https:\/\/www.linkedin.com\/company\/isofix-walraven\/"]}]}},"_links":{"self":[{"href":"https:\/\/www.walraven.com\/es\/wp-json\/wp\/v2\/pages\/67243","targetHints":{"allow":["GET"]}}],"collection":[{"href":"https:\/\/www.walraven.com\/es\/wp-json\/wp\/v2\/pages"}],"about":[{"href":"https:\/\/www.walraven.com\/es\/wp-json\/wp\/v2\/types\/page"}],"author":[{"embeddable":true,"href":"https:\/\/www.walraven.com\/es\/wp-json\/wp\/v2\/users\/43"}],"replies":[{"embeddable":true,"href":"https:\/\/www.walraven.com\/es\/wp-json\/wp\/v2\/comments?post=67243"}],"version-history":[{"count":5,"href":"https:\/\/www.walraven.com\/es\/wp-json\/wp\/v2\/pages\/67243\/revisions"}],"predecessor-version":[{"id":67388,"href":"https:\/\/www.walraven.com\/es\/wp-json\/wp\/v2\/pages\/67243\/revisions\/67388"}],"up":[{"embeddable":true,"href":"https:\/\/www.walraven.com\/es\/wp-json\/wp\/v2\/pages\/67169"}],"wp:attachment":[{"href":"https:\/\/www.walraven.com\/es\/wp-json\/wp\/v2\/media?parent=67243"}],"curies":[{"name":"wp","href":"https:\/\/api.w.org\/{rel}","templated":true}]}}