{"id":404,"date":"2016-10-19T16:25:27","date_gmt":"2016-10-19T14:25:27","guid":{"rendered":"https:\/\/www.walraven.com\/?page_id=7155"},"modified":"2019-07-16T13:58:40","modified_gmt":"2019-07-16T11:58:40","slug":"cookies","status":"publish","type":"page","link":"https:\/\/www.walraven.com\/fr\/cookies\/","title":{"rendered":"Cookies"},"content":{"rendered":"<h2>1\u00a0Cookies et politique de suivi<\/h2>\n<p><a href=\"http:\/\/www.walraven.com\/\">www.walraven.com<\/a> est le site internet d\u00e9tenu et exploit\u00e9 par Walraven. Cette partie vous informe sur l\u2019utilisation des cookies sur notre site, et sur vos possibilit\u00e9s de refus ou de suppression de ces cookies. En utilisant notre site internet, vous donnez votre accord pour l\u2019utilisation de cookies selon les termes d\u00e9finis dans cette notice.<\/p>\n<h3>1.1\u00a0Qu\u2019est-ce qu\u2019un cookie ?<\/h3>\n<p>Un cookie est un petit fichier de donn\u00e9es d\u00e9pos\u00e9 sur votre ordinateur ou tout autre appareil de navigation sur internet, qui permet \u00e0 un site internet de vous reconna\u00eetre en tant qu\u2019utilisateur quand vous retournez sur le site en utilisant le m\u00eame appareil et le m\u00eame navigateur. Il peut s\u2019agir d\u2019un \u00ab\u00a0cookie de session\u00a0\u00bb, valable uniquement pour la dur\u00e9e de votre visite, ou d\u2019un \u00ab\u00a0cookie persistant\u00a0\u00bb, pour les visites r\u00e9currentes. De mani\u00e8re g\u00e9n\u00e9rale, nous utilisons le mot \u00ab\u00a0cookie\u00a0\u00bb dans cette notice pour nous r\u00e9f\u00e9rer \u00e0 tous les fichiers qui collectent de l\u2019information de cette fa\u00e7on.<\/p>\n<p>Les cookies sont tr\u00e8s souvent utilis\u00e9s pour garder en m\u00e9moire certaines informations concernant le visiteur d\u2019un site internet. La grande majorit\u00e9 des sites internet utilisent les cookies pour une grande vari\u00e9t\u00e9 de t\u00e2ches. Nous utilisons les cookies suivants\u00a0:<\/p>\n<ol>\n<li>Cookies strictement n\u00e9cessaires au fonctionnement de notre site internet ;<\/li>\n<li>Cookies d\u2019analyse et de performance : pour le d\u00e9compte et l\u2019analyse des visites sur notre site. Ces cookies nous permettent de voir quelles pages de notre site sont le plus consult\u00e9es et quelles sections ont besoin d\u2019\u00eatre modifi\u00e9es pour am\u00e9liorer l\u2019exp\u00e9rience du visiteur\u00a0;<\/li>\n<li>Cookies de fonctionnalit\u00e9 : pour vous reconna\u00eetre quand vous revenez sur notre site dans le but de vous proposer un contenu pertinent (par exemple\u00a0: langue utilis\u00e9e, pays)\u00a0;<\/li>\n<li>Cookies de ciblage : pour enregistrer votre visite, les pages que vous avez consult\u00e9es et les liens que vous avez suivis. Ces cookies nous permettent de vous proposer un site qui correspond au mieux \u00e0 vos centres d\u2019int\u00e9r\u00eat.<\/li>\n<\/ol>\n<p>Les informations contenues dans cette notice concernent sp\u00e9cifiquement les cookies utilis\u00e9s sur notre site internet.<\/p>\n<h3>1.2\u00a0\u00a0\u00a0\u00a0\u00a0\u00a0 Comment contr\u00f4ler et supprimer des cookies<\/h3>\n<p>Quand vous acc\u00e9dez \u00e0 notre site internet, un message automatique vous informe que des cookies sont utilis\u00e9s. L\u2019affichage de ce message implique l\u2019utilisation d\u2019un cookie. Si vous continuez \u00e0 utiliser notre site, d\u2019autres cookies et technologies de suivi seront plac\u00e9s sur votre appareil pour am\u00e9liorer votre exp\u00e9rience de navigation sur notre site. En continuant la navigation sur notre site et\/ou en acceptant nos Conditions G\u00e9n\u00e9rales d\u2019Utilisation et notre politique de protection des donn\u00e9es, vous acceptez l\u2019utilisation de ces cookies et de ces technologies de suivi.<\/p>\n<p>Nous n\u2019utilisons pas de cookies permettant la collecte d\u2019informations permettant de vous identifier personnellement. Toutefois, si vous souhaitez restreindre ou bloquer l\u2019utilisation des cookies de notre site internet (ou de tout autre site), vous avez la possibilit\u00e9 de le faire en modifiant les param\u00e8tres de votre navigateur. La fonction \u00ab\u00a0Aide\u00a0\u00bb de votre navigateur vous explique comment proc\u00e9der. Selon le type de cookie utilis\u00e9, il peut \u00eatre \u00e9galement possible de le d\u00e9sactiver.<\/p>\n<p>Le site <a href=\"http:\/\/www.allaboutcookies.org\/\" target=\"_blank\" rel=\"noopener noreferrer\">http:\/\/www.allaboutcookies.org\/<\/a> donne des informations compl\u00e8tes sur les cookies et explique comment les supprimer de votre appareil. Veuillez prendre en consid\u00e9ration le fait que Walraven ne d\u00e9tient ni n\u2019exploite ce site, et ne peut donc pas \u00eatre tenue pour responsable de son contenu, quel qu\u2019il soit.<\/p>\n<p>Veuillez \u00e9galement prendre en consid\u00e9ration que le fait de limiter ou bloquer les cookies peut vous emp\u00eacher de profiter pleinement des fonctionnalit\u00e9s et services de notre site.<\/p>\n<h3>1.3\u00a0Principaux cookies utilis\u00e9s sur notre site<\/h3>\n<p>Veuillez trouver ci-dessous la liste des principaux cookies utilis\u00e9s sur notre site ainsi que leur destination.<\/p>\n<table width=\"610\">\n<tbody>\n<tr>\n<td width=\"188\">Nom du cookie<\/td>\n<td width=\"421\">Information<\/td>\n<\/tr>\n<tr>\n<td width=\"188\">ID<\/td>\n<td width=\"421\">_ga<\/p>\n<p>_gat<\/td>\n<\/tr>\n<tr>\n<td width=\"188\">Destination<\/td>\n<td width=\"421\">Ce cookie nous permet de :<\/p>\n<p>Collecter des informations \u00e0 propos de votre appareil, dont votre adresse IP, syst\u00e8me d\u2019exploitation et navigateur, pour assurer le fonctionnement de notre site, \u00e9laborer des statistiques, estimer la fr\u00e9quentation et les habitudes d\u2019utilisation, suivre anonymement les actions r\u00e9alis\u00e9es sur le site.<\/td>\n<\/tr>\n<tr>\n<td width=\"188\">Fin de validit\u00e9<\/td>\n<td width=\"421\">Ce cookie est persistant : il reste sur votre appareil apr\u00e8s la fin de votre session.<\/td>\n<\/tr>\n<tr>\n<td width=\"188\">Source du cookie<\/td>\n<td width=\"421\">Google<\/td>\n<\/tr>\n<tr>\n<td width=\"188\">Information compl\u00e9mentaire<\/td>\n<td width=\"421\">Notre site utilise Google Analytics, service d\u2019analyse internet fourni par Google Inc. Google Analytics d\u00e9pose un cookie pour \u00e9valuer votre utilisation de notre site en nous fournir des statistiques concernant l\u2019activit\u00e9 sur notre site. Ce cookie ne collecte aucune information permettant d\u2019identifier personnellement un individu. Vous trouverez des explications pour bloquer ou supprimer les cookies sur cette page\u00a0: <a href=\"https:\/\/tools.google.com\/dlpage\/gaoptout\" target=\"_blank\" rel=\"noopener noreferrer\">https:\/\/tools.google.com\/dlpage\/gaoptout<\/a>.<\/td>\n<\/tr>\n<\/tbody>\n<\/table>\n<p>&nbsp;<\/p>\n<h3>1.4\u00a0Cookies d\u00e9pos\u00e9s par un tiers<\/h3>\n<p>Veuillez noter que, dans le but d\u2019am\u00e9liorer votre exp\u00e9rience en ligne, des tiers peuvent aussi d\u00e9poser des cookies sur votre appareil. Par exemple, nous pla\u00e7ons parfois des liens sur notre site qui renvoient \u00e0 des vid\u00e9os sur YouTube, et YouTube peut d\u00e9poser des cookies sur votre appareil pour montrer la vid\u00e9o et obtenir des informations statistiques anonymes.<\/p>\n<p>Par cons\u00e9quent, quand vous visitez une page de notre site contenant un lien vers d\u2019autres sites internet, il se peut que des cookies de ces autres sites soient d\u00e9pos\u00e9s sur votre appareil. Nous ne contr\u00f4lons pas ces cookies\u00a0; nous vous conseillons de consulter le site de ces tiers pour obtenir des informations sur leur politique de gestion des cookies.<\/p>\n<p>La politique de YouTube en mati\u00e8re de protection des donn\u00e9es et de confidentialit\u00e9 peut \u00eatre consult\u00e9e ici\u00a0: <a href=\"https:\/\/www.youtube.com\/static?template=privacy_guidelines\" target=\"_blank\" rel=\"noopener noreferrer\">https:\/\/www.youtube.com\/static?template=privacy_guidelines<\/a>.<\/p>\n<h3>1.5\u00a0Suivi des emails<\/h3>\n<p>Certains emails que nous vous adressons (lettres de nouvelles, annonces promotionnelles) peuvent contenir un \u00ab\u00a0pixel\u00a0\u00bb ou des liens tra\u00e7ables qui nous permettent de savoir si un email a \u00e9t\u00e9 lu et si les liens contenus dans l\u2019email ont \u00e9t\u00e9 utilis\u00e9s.\u00a0Nous utilisons ces informations pour d\u00e9terminer quel contenu pr\u00e9sente le plus d\u2019int\u00e9r\u00eat pour vous.<\/p>\n<p>Il suffit de supprimer le mail pour supprimer le pixel. Si vous ne souhaitez pas que le pixel soit d\u00e9pos\u00e9 sur votre appareil, vous devez choisir de recevoir nos emails en texte brut (au lieu de HTML). Vous pouvez \u00e9galement vous d\u00e9sinscrire de notre liste de diffusion en cliquant sur le lien sp\u00e9cifique contenu dans le mail, ou en nous adressant votre demande par mail \u00e0 l\u2019adresse <a href=\"mailto:info.fr@walraven.com\">info.fr@walraven.com<\/a>.<\/p>\n<h3>1.6\u00a0Changement<\/h3>\n<p>Notre politique en mati\u00e8re de gestion des cookies peut \u00eatre modifi\u00e9e \u00e0 tout moment : la derni\u00e8re version en date est disponible sur notre site internet. Tout changement dans cette politique aura pour date d\u2019effet la date \u00e0 laquelle la version modifi\u00e9e de la notice sera d\u00e9pos\u00e9e sur notre site. Votre utilisation de notre site vaut acceptation de notre politique de gestion des cookies selon sa derni\u00e8re version en date.<\/p>\n<h3>1.7\u00a0Nous contacter<\/h3>\n<p>Pour toute question relative \u00e0 la protection de vos donn\u00e9es et \u00e0 l\u2019utilisation des cookies sur notre site internet, vous pouvez nous \u00e9crire \u00e0 l\u2019adresse <a href=\"mailto:info.fr@walraven.com\">info.fr@walraven.com<\/a>.<\/p>\n","protected":false},"excerpt":{"rendered":"<p>1\u00a0Cookies et politique de suivi www.walraven.com est le site internet d\u00e9tenu et exploit\u00e9 par Walraven. Cette partie vous informe sur l\u2019utilisation des cookies sur notre site, et sur vos possibilit\u00e9s de refus ou de suppression de ces cookies. En utilisant notre site internet, vous donnez votre accord pour l\u2019utilisation de cookies selon les termes d\u00e9finis [&hellip;]<\/p>\n","protected":false},"author":7,"featured_media":0,"parent":0,"menu_order":0,"comment_status":"closed","ping_status":"closed","template":"","meta":{"_acf_changed":false,"footnotes":""},"class_list":["post-404","page","type-page","status-publish","hentry"],"acf":[],"yoast_head":"<!-- This site is optimized with the Yoast SEO Premium plugin v27.3 (Yoast SEO v27.3) - https:\/\/yoast.com\/product\/yoast-seo-premium-wordpress\/ -->\n<title>Politique d&#039;utilisation des cookies sur notre site<\/title>\n<meta name=\"description\" content=\"Politique d&#039;utilisation des cookies sur le site de Walraven France et protection des droits des utilisateurs du site.\" \/>\n<meta name=\"robots\" content=\"index, follow, max-snippet:-1, max-image-preview:large, max-video-preview:-1\" \/>\n<link rel=\"canonical\" href=\"https:\/\/www.walraven.com\/fr\/cookies\/\" \/>\n<meta property=\"og:locale\" content=\"fr_FR\" \/>\n<meta property=\"og:type\" content=\"article\" \/>\n<meta property=\"og:title\" content=\"Cookies\" \/>\n<meta property=\"og:description\" content=\"Politique d&#039;utilisation des cookies sur le site de Walraven France et protection des droits des utilisateurs du site.\" \/>\n<meta property=\"og:url\" content=\"https:\/\/www.walraven.com\/fr\/cookies\/\" \/>\n<meta property=\"og:site_name\" content=\"Walraven France\" \/>\n<meta property=\"article:modified_time\" content=\"2019-07-16T11:58:40+00:00\" \/>\n<meta name=\"twitter:card\" content=\"summary_large_image\" \/>\n<meta name=\"twitter:label1\" content=\"Dur\u00e9e de lecture estim\u00e9e\" \/>\n\t<meta name=\"twitter:data1\" content=\"6 minutes\" \/>\n<script type=\"application\/ld+json\" class=\"yoast-schema-graph\">{\"@context\":\"https:\\\/\\\/schema.org\",\"@graph\":[{\"@type\":\"WebPage\",\"@id\":\"https:\\\/\\\/www.walraven.com\\\/fr\\\/cookies\\\/\",\"url\":\"https:\\\/\\\/www.walraven.com\\\/fr\\\/cookies\\\/\",\"name\":\"Politique d'utilisation des cookies sur notre site\",\"isPartOf\":{\"@id\":\"https:\\\/\\\/www.walraven.com\\\/fr\\\/#website\"},\"datePublished\":\"2016-10-19T14:25:27+00:00\",\"dateModified\":\"2019-07-16T11:58:40+00:00\",\"description\":\"Politique d'utilisation des cookies sur le site de Walraven France et protection des droits des utilisateurs du site.\",\"breadcrumb\":{\"@id\":\"https:\\\/\\\/www.walraven.com\\\/fr\\\/cookies\\\/#breadcrumb\"},\"inLanguage\":\"fr-FR\",\"potentialAction\":[{\"@type\":\"ReadAction\",\"target\":[\"https:\\\/\\\/www.walraven.com\\\/fr\\\/cookies\\\/\"]}]},{\"@type\":\"BreadcrumbList\",\"@id\":\"https:\\\/\\\/www.walraven.com\\\/fr\\\/cookies\\\/#breadcrumb\",\"itemListElement\":[{\"@type\":\"ListItem\",\"position\":1,\"name\":\"Accueil\",\"item\":\"https:\\\/\\\/www.walraven.com\\\/fr\\\/\"},{\"@type\":\"ListItem\",\"position\":2,\"name\":\"Cookies\"}]},{\"@type\":\"WebSite\",\"@id\":\"https:\\\/\\\/www.walraven.com\\\/fr\\\/#website\",\"url\":\"https:\\\/\\\/www.walraven.com\\\/fr\\\/\",\"name\":\"Walraven France\",\"description\":\"\",\"publisher\":{\"@id\":\"https:\\\/\\\/www.walraven.com\\\/fr\\\/#organization\"},\"potentialAction\":[{\"@type\":\"SearchAction\",\"target\":{\"@type\":\"EntryPoint\",\"urlTemplate\":\"https:\\\/\\\/www.walraven.com\\\/fr\\\/?s={search_term_string}\"},\"query-input\":{\"@type\":\"PropertyValueSpecification\",\"valueRequired\":true,\"valueName\":\"search_term_string\"}}],\"inLanguage\":\"fr-FR\"},{\"@type\":\"Organization\",\"@id\":\"https:\\\/\\\/www.walraven.com\\\/fr\\\/#organization\",\"name\":\"Walraven France EURL\",\"alternateName\":\"Walraven France EURL\",\"url\":\"https:\\\/\\\/www.walraven.com\\\/fr\\\/\",\"logo\":{\"@type\":\"ImageObject\",\"inLanguage\":\"fr-FR\",\"@id\":\"https:\\\/\\\/www.walraven.com\\\/fr\\\/#\\\/schema\\\/logo\\\/image\\\/\",\"url\":\"https:\\\/\\\/www.walraven.com\\\/fr\\\/wp-content\\\/uploads\\\/sites\\\/5\\\/2023\\\/12\\\/Walraven_logo300x300.jpg\",\"contentUrl\":\"https:\\\/\\\/www.walraven.com\\\/fr\\\/wp-content\\\/uploads\\\/sites\\\/5\\\/2023\\\/12\\\/Walraven_logo300x300.jpg\",\"width\":300,\"height\":300,\"caption\":\"Walraven France EURL\"},\"image\":{\"@id\":\"https:\\\/\\\/www.walraven.com\\\/fr\\\/#\\\/schema\\\/logo\\\/image\\\/\"}}]}<\/script>\n<!-- \/ Yoast SEO Premium plugin. -->","yoast_head_json":{"title":"Politique d'utilisation des cookies sur notre site","description":"Politique d'utilisation des cookies sur le site de Walraven France et protection des droits des utilisateurs du site.","robots":{"index":"index","follow":"follow","max-snippet":"max-snippet:-1","max-image-preview":"max-image-preview:large","max-video-preview":"max-video-preview:-1"},"canonical":"https:\/\/www.walraven.com\/fr\/cookies\/","og_locale":"fr_FR","og_type":"article","og_title":"Cookies","og_description":"Politique d'utilisation des cookies sur le site de Walraven France et protection des droits des utilisateurs du site.","og_url":"https:\/\/www.walraven.com\/fr\/cookies\/","og_site_name":"Walraven France","article_modified_time":"2019-07-16T11:58:40+00:00","twitter_card":"summary_large_image","twitter_misc":{"Dur\u00e9e de lecture estim\u00e9e":"6 minutes"},"schema":{"@context":"https:\/\/schema.org","@graph":[{"@type":"WebPage","@id":"https:\/\/www.walraven.com\/fr\/cookies\/","url":"https:\/\/www.walraven.com\/fr\/cookies\/","name":"Politique d'utilisation des cookies sur notre site","isPartOf":{"@id":"https:\/\/www.walraven.com\/fr\/#website"},"datePublished":"2016-10-19T14:25:27+00:00","dateModified":"2019-07-16T11:58:40+00:00","description":"Politique d'utilisation des cookies sur le site de Walraven France et protection des droits des utilisateurs du site.","breadcrumb":{"@id":"https:\/\/www.walraven.com\/fr\/cookies\/#breadcrumb"},"inLanguage":"fr-FR","potentialAction":[{"@type":"ReadAction","target":["https:\/\/www.walraven.com\/fr\/cookies\/"]}]},{"@type":"BreadcrumbList","@id":"https:\/\/www.walraven.com\/fr\/cookies\/#breadcrumb","itemListElement":[{"@type":"ListItem","position":1,"name":"Accueil","item":"https:\/\/www.walraven.com\/fr\/"},{"@type":"ListItem","position":2,"name":"Cookies"}]},{"@type":"WebSite","@id":"https:\/\/www.walraven.com\/fr\/#website","url":"https:\/\/www.walraven.com\/fr\/","name":"Walraven France","description":"","publisher":{"@id":"https:\/\/www.walraven.com\/fr\/#organization"},"potentialAction":[{"@type":"SearchAction","target":{"@type":"EntryPoint","urlTemplate":"https:\/\/www.walraven.com\/fr\/?s={search_term_string}"},"query-input":{"@type":"PropertyValueSpecification","valueRequired":true,"valueName":"search_term_string"}}],"inLanguage":"fr-FR"},{"@type":"Organization","@id":"https:\/\/www.walraven.com\/fr\/#organization","name":"Walraven France EURL","alternateName":"Walraven France EURL","url":"https:\/\/www.walraven.com\/fr\/","logo":{"@type":"ImageObject","inLanguage":"fr-FR","@id":"https:\/\/www.walraven.com\/fr\/#\/schema\/logo\/image\/","url":"https:\/\/www.walraven.com\/fr\/wp-content\/uploads\/sites\/5\/2023\/12\/Walraven_logo300x300.jpg","contentUrl":"https:\/\/www.walraven.com\/fr\/wp-content\/uploads\/sites\/5\/2023\/12\/Walraven_logo300x300.jpg","width":300,"height":300,"caption":"Walraven France EURL"},"image":{"@id":"https:\/\/www.walraven.com\/fr\/#\/schema\/logo\/image\/"}}]}},"_links":{"self":[{"href":"https:\/\/www.walraven.com\/fr\/wp-json\/wp\/v2\/pages\/404","targetHints":{"allow":["GET"]}}],"collection":[{"href":"https:\/\/www.walraven.com\/fr\/wp-json\/wp\/v2\/pages"}],"about":[{"href":"https:\/\/www.walraven.com\/fr\/wp-json\/wp\/v2\/types\/page"}],"author":[{"embeddable":true,"href":"https:\/\/www.walraven.com\/fr\/wp-json\/wp\/v2\/users\/7"}],"replies":[{"embeddable":true,"href":"https:\/\/www.walraven.com\/fr\/wp-json\/wp\/v2\/comments?post=404"}],"version-history":[{"count":10,"href":"https:\/\/www.walraven.com\/fr\/wp-json\/wp\/v2\/pages\/404\/revisions"}],"predecessor-version":[{"id":43684,"href":"https:\/\/www.walraven.com\/fr\/wp-json\/wp\/v2\/pages\/404\/revisions\/43684"}],"wp:attachment":[{"href":"https:\/\/www.walraven.com\/fr\/wp-json\/wp\/v2\/media?parent=404"}],"curies":[{"name":"wp","href":"https:\/\/api.w.org\/{rel}","templated":true}]}}