{"id":405,"date":"2016-10-19T16:22:27","date_gmt":"2016-10-19T14:22:27","guid":{"rendered":"https:\/\/www.walraven.com\/?page_id=7147"},"modified":"2019-07-16T13:19:28","modified_gmt":"2019-07-16T11:19:28","slug":"responsabilite-droits-utilisation","status":"publish","type":"page","link":"https:\/\/www.walraven.com\/fr\/responsabilite-droits-utilisation\/","title":{"rendered":"Responsabilit\u00e9 et droits d&rsquo;utilisation"},"content":{"rendered":"<div>\n<p>Malgr\u00e9 le soin et l\u2019attention constants que nous apportons \u00e0 la composition de ce site internet, il est possible que les informations qui y sont publi\u00e9es soient incompl\u00e8tes ou incorrectes.<\/p>\n<p>Nous d\u00e9clinons toute responsabilit\u00e9 pour tout dommage direct ou indirect, de quelque nature que ce soit, r\u00e9sultant ou ayant un quelconque rapport avec l\u2019utilisation de ce site internet, ou pour l\u2019impossibilit\u00e9 momentan\u00e9e de pouvoir consulter le site. Nous ne sommes pas non plus responsables du dommage direct ou indirect r\u00e9sultant de l\u2019utilisation des informations obtenues par l\u2019interm\u00e9diaire de ce site.<\/p>\n<\/div>\n<div>Un visiteur ne peut publier ou reproduire aucune information enregistr\u00e9e sur ce site internet sans l\u2019autorisation expresse de Walraven France EURL.<\/div>\n","protected":false},"excerpt":{"rendered":"<p>Malgr\u00e9 le soin et l\u2019attention constants que nous apportons \u00e0 la composition de ce site internet, il est possible que les informations qui y sont publi\u00e9es soient incompl\u00e8tes ou incorrectes. Nous d\u00e9clinons toute responsabilit\u00e9 pour tout dommage direct ou indirect, de quelque nature que ce soit, r\u00e9sultant ou ayant un quelconque rapport avec l\u2019utilisation de [&hellip;]<\/p>\n","protected":false},"author":7,"featured_media":0,"parent":0,"menu_order":0,"comment_status":"closed","ping_status":"closed","template":"","meta":{"_acf_changed":false,"footnotes":""},"class_list":["post-405","page","type-page","status-publish","hentry"],"acf":[],"yoast_head":"<!-- This site is optimized with the Yoast SEO Premium plugin v27.3 (Yoast SEO v27.3) - https:\/\/yoast.com\/product\/yoast-seo-premium-wordpress\/ -->\n<title>Responsabilit\u00e9 et droits d&#039;utilisation<\/title>\n<meta name=\"description\" content=\"Walraven d\u00e9cline toute responsabilit\u00e9 pour tout dommage r\u00e9sultant de l&#039;utilisation de ce site. Les donn\u00e9es de ce site ne peuvent \u00eatre utilis\u00e9es ou reproduites sans autorisation.\" \/>\n<meta name=\"robots\" content=\"index, follow, max-snippet:-1, max-image-preview:large, max-video-preview:-1\" \/>\n<link rel=\"canonical\" href=\"https:\/\/www.walraven.com\/fr\/responsabilite-droits-utilisation\/\" \/>\n<meta property=\"og:locale\" content=\"fr_FR\" \/>\n<meta property=\"og:type\" content=\"article\" \/>\n<meta property=\"og:title\" content=\"Responsabilit\u00e9 et droits d&#039;utilisation\" \/>\n<meta property=\"og:description\" content=\"Walraven d\u00e9cline toute responsabilit\u00e9 pour tout dommage r\u00e9sultant de l&#039;utilisation de ce site. Les donn\u00e9es de ce site ne peuvent \u00eatre utilis\u00e9es ou reproduites sans autorisation.\" \/>\n<meta property=\"og:url\" content=\"https:\/\/www.walraven.com\/fr\/responsabilite-droits-utilisation\/\" \/>\n<meta property=\"og:site_name\" content=\"Walraven France\" \/>\n<meta property=\"article:modified_time\" content=\"2019-07-16T11:19:28+00:00\" \/>\n<meta name=\"twitter:card\" content=\"summary_large_image\" \/>\n<meta name=\"twitter:label1\" content=\"Dur\u00e9e de lecture estim\u00e9e\" \/>\n\t<meta name=\"twitter:data1\" content=\"1 minute\" \/>\n<script type=\"application\/ld+json\" class=\"yoast-schema-graph\">{\"@context\":\"https:\\\/\\\/schema.org\",\"@graph\":[{\"@type\":\"WebPage\",\"@id\":\"https:\\\/\\\/www.walraven.com\\\/fr\\\/responsabilite-droits-utilisation\\\/\",\"url\":\"https:\\\/\\\/www.walraven.com\\\/fr\\\/responsabilite-droits-utilisation\\\/\",\"name\":\"Responsabilit\u00e9 et droits d'utilisation\",\"isPartOf\":{\"@id\":\"https:\\\/\\\/www.walraven.com\\\/fr\\\/#website\"},\"datePublished\":\"2016-10-19T14:22:27+00:00\",\"dateModified\":\"2019-07-16T11:19:28+00:00\",\"description\":\"Walraven d\u00e9cline toute responsabilit\u00e9 pour tout dommage r\u00e9sultant de l'utilisation de ce site. Les donn\u00e9es de ce site ne peuvent \u00eatre utilis\u00e9es ou reproduites sans autorisation.\",\"breadcrumb\":{\"@id\":\"https:\\\/\\\/www.walraven.com\\\/fr\\\/responsabilite-droits-utilisation\\\/#breadcrumb\"},\"inLanguage\":\"fr-FR\",\"potentialAction\":[{\"@type\":\"ReadAction\",\"target\":[\"https:\\\/\\\/www.walraven.com\\\/fr\\\/responsabilite-droits-utilisation\\\/\"]}]},{\"@type\":\"BreadcrumbList\",\"@id\":\"https:\\\/\\\/www.walraven.com\\\/fr\\\/responsabilite-droits-utilisation\\\/#breadcrumb\",\"itemListElement\":[{\"@type\":\"ListItem\",\"position\":1,\"name\":\"Accueil\",\"item\":\"https:\\\/\\\/www.walraven.com\\\/fr\\\/\"},{\"@type\":\"ListItem\",\"position\":2,\"name\":\"Responsabilit\u00e9 et droits d&rsquo;utilisation\"}]},{\"@type\":\"WebSite\",\"@id\":\"https:\\\/\\\/www.walraven.com\\\/fr\\\/#website\",\"url\":\"https:\\\/\\\/www.walraven.com\\\/fr\\\/\",\"name\":\"Walraven France\",\"description\":\"\",\"publisher\":{\"@id\":\"https:\\\/\\\/www.walraven.com\\\/fr\\\/#organization\"},\"potentialAction\":[{\"@type\":\"SearchAction\",\"target\":{\"@type\":\"EntryPoint\",\"urlTemplate\":\"https:\\\/\\\/www.walraven.com\\\/fr\\\/?s={search_term_string}\"},\"query-input\":{\"@type\":\"PropertyValueSpecification\",\"valueRequired\":true,\"valueName\":\"search_term_string\"}}],\"inLanguage\":\"fr-FR\"},{\"@type\":\"Organization\",\"@id\":\"https:\\\/\\\/www.walraven.com\\\/fr\\\/#organization\",\"name\":\"Walraven France EURL\",\"alternateName\":\"Walraven France EURL\",\"url\":\"https:\\\/\\\/www.walraven.com\\\/fr\\\/\",\"logo\":{\"@type\":\"ImageObject\",\"inLanguage\":\"fr-FR\",\"@id\":\"https:\\\/\\\/www.walraven.com\\\/fr\\\/#\\\/schema\\\/logo\\\/image\\\/\",\"url\":\"https:\\\/\\\/www.walraven.com\\\/fr\\\/wp-content\\\/uploads\\\/sites\\\/5\\\/2023\\\/12\\\/Walraven_logo300x300.jpg\",\"contentUrl\":\"https:\\\/\\\/www.walraven.com\\\/fr\\\/wp-content\\\/uploads\\\/sites\\\/5\\\/2023\\\/12\\\/Walraven_logo300x300.jpg\",\"width\":300,\"height\":300,\"caption\":\"Walraven France EURL\"},\"image\":{\"@id\":\"https:\\\/\\\/www.walraven.com\\\/fr\\\/#\\\/schema\\\/logo\\\/image\\\/\"}}]}<\/script>\n<!-- \/ Yoast SEO Premium plugin. -->","yoast_head_json":{"title":"Responsabilit\u00e9 et droits d'utilisation","description":"Walraven d\u00e9cline toute responsabilit\u00e9 pour tout dommage r\u00e9sultant de l'utilisation de ce site. Les donn\u00e9es de ce site ne peuvent \u00eatre utilis\u00e9es ou reproduites sans autorisation.","robots":{"index":"index","follow":"follow","max-snippet":"max-snippet:-1","max-image-preview":"max-image-preview:large","max-video-preview":"max-video-preview:-1"},"canonical":"https:\/\/www.walraven.com\/fr\/responsabilite-droits-utilisation\/","og_locale":"fr_FR","og_type":"article","og_title":"Responsabilit\u00e9 et droits d'utilisation","og_description":"Walraven d\u00e9cline toute responsabilit\u00e9 pour tout dommage r\u00e9sultant de l'utilisation de ce site. Les donn\u00e9es de ce site ne peuvent \u00eatre utilis\u00e9es ou reproduites sans autorisation.","og_url":"https:\/\/www.walraven.com\/fr\/responsabilite-droits-utilisation\/","og_site_name":"Walraven France","article_modified_time":"2019-07-16T11:19:28+00:00","twitter_card":"summary_large_image","twitter_misc":{"Dur\u00e9e de lecture estim\u00e9e":"1 minute"},"schema":{"@context":"https:\/\/schema.org","@graph":[{"@type":"WebPage","@id":"https:\/\/www.walraven.com\/fr\/responsabilite-droits-utilisation\/","url":"https:\/\/www.walraven.com\/fr\/responsabilite-droits-utilisation\/","name":"Responsabilit\u00e9 et droits d'utilisation","isPartOf":{"@id":"https:\/\/www.walraven.com\/fr\/#website"},"datePublished":"2016-10-19T14:22:27+00:00","dateModified":"2019-07-16T11:19:28+00:00","description":"Walraven d\u00e9cline toute responsabilit\u00e9 pour tout dommage r\u00e9sultant de l'utilisation de ce site. Les donn\u00e9es de ce site ne peuvent \u00eatre utilis\u00e9es ou reproduites sans autorisation.","breadcrumb":{"@id":"https:\/\/www.walraven.com\/fr\/responsabilite-droits-utilisation\/#breadcrumb"},"inLanguage":"fr-FR","potentialAction":[{"@type":"ReadAction","target":["https:\/\/www.walraven.com\/fr\/responsabilite-droits-utilisation\/"]}]},{"@type":"BreadcrumbList","@id":"https:\/\/www.walraven.com\/fr\/responsabilite-droits-utilisation\/#breadcrumb","itemListElement":[{"@type":"ListItem","position":1,"name":"Accueil","item":"https:\/\/www.walraven.com\/fr\/"},{"@type":"ListItem","position":2,"name":"Responsabilit\u00e9 et droits d&rsquo;utilisation"}]},{"@type":"WebSite","@id":"https:\/\/www.walraven.com\/fr\/#website","url":"https:\/\/www.walraven.com\/fr\/","name":"Walraven France","description":"","publisher":{"@id":"https:\/\/www.walraven.com\/fr\/#organization"},"potentialAction":[{"@type":"SearchAction","target":{"@type":"EntryPoint","urlTemplate":"https:\/\/www.walraven.com\/fr\/?s={search_term_string}"},"query-input":{"@type":"PropertyValueSpecification","valueRequired":true,"valueName":"search_term_string"}}],"inLanguage":"fr-FR"},{"@type":"Organization","@id":"https:\/\/www.walraven.com\/fr\/#organization","name":"Walraven France EURL","alternateName":"Walraven France EURL","url":"https:\/\/www.walraven.com\/fr\/","logo":{"@type":"ImageObject","inLanguage":"fr-FR","@id":"https:\/\/www.walraven.com\/fr\/#\/schema\/logo\/image\/","url":"https:\/\/www.walraven.com\/fr\/wp-content\/uploads\/sites\/5\/2023\/12\/Walraven_logo300x300.jpg","contentUrl":"https:\/\/www.walraven.com\/fr\/wp-content\/uploads\/sites\/5\/2023\/12\/Walraven_logo300x300.jpg","width":300,"height":300,"caption":"Walraven France EURL"},"image":{"@id":"https:\/\/www.walraven.com\/fr\/#\/schema\/logo\/image\/"}}]}},"_links":{"self":[{"href":"https:\/\/www.walraven.com\/fr\/wp-json\/wp\/v2\/pages\/405","targetHints":{"allow":["GET"]}}],"collection":[{"href":"https:\/\/www.walraven.com\/fr\/wp-json\/wp\/v2\/pages"}],"about":[{"href":"https:\/\/www.walraven.com\/fr\/wp-json\/wp\/v2\/types\/page"}],"author":[{"embeddable":true,"href":"https:\/\/www.walraven.com\/fr\/wp-json\/wp\/v2\/users\/7"}],"replies":[{"embeddable":true,"href":"https:\/\/www.walraven.com\/fr\/wp-json\/wp\/v2\/comments?post=405"}],"version-history":[{"count":4,"href":"https:\/\/www.walraven.com\/fr\/wp-json\/wp\/v2\/pages\/405\/revisions"}],"predecessor-version":[{"id":43683,"href":"https:\/\/www.walraven.com\/fr\/wp-json\/wp\/v2\/pages\/405\/revisions\/43683"}],"wp:attachment":[{"href":"https:\/\/www.walraven.com\/fr\/wp-json\/wp\/v2\/media?parent=405"}],"curies":[{"name":"wp","href":"https:\/\/api.w.org\/{rel}","templated":true}]}}