{"id":43028,"date":"2017-05-03T09:53:25","date_gmt":"2017-05-03T07:53:25","guid":{"rendered":"https:\/\/www.walraven.com\/?page_id=119286"},"modified":"2019-03-20T10:55:10","modified_gmt":"2019-03-20T09:55:10","slug":"candidature-spontanee","status":"publish","type":"page","link":"https:\/\/www.walraven.com\/fr\/a-propos-de-walraven\/travailler-chez-walraven\/candidature-spontanee\/","title":{"rendered":"Candidature spontan\u00e9e"},"content":{"rendered":"<script type=\"text\/javascript\">\n\/* <![CDATA[ *\/\nvar gform;gform||(document.addEventListener(\"gform_main_scripts_loaded\",function(){gform.scriptsLoaded=!0}),document.addEventListener(\"gform\/theme\/scripts_loaded\",function(){gform.themeScriptsLoaded=!0}),window.addEventListener(\"DOMContentLoaded\",function(){gform.domLoaded=!0}),gform={domLoaded:!1,scriptsLoaded:!1,themeScriptsLoaded:!1,isFormEditor:()=>\"function\"==typeof InitializeEditor,callIfLoaded:function(o){return!(!gform.domLoaded||!gform.scriptsLoaded||!gform.themeScriptsLoaded&&!gform.isFormEditor()||(gform.isFormEditor()&&console.warn(\"The use of gform.initializeOnLoaded() is deprecated in the form editor context and will be removed in Gravity Forms 3.1.\"),o(),0))},initializeOnLoaded:function(o){gform.callIfLoaded(o)||(document.addEventListener(\"gform_main_scripts_loaded\",()=>{gform.scriptsLoaded=!0,gform.callIfLoaded(o)}),document.addEventListener(\"gform\/theme\/scripts_loaded\",()=>{gform.themeScriptsLoaded=!0,gform.callIfLoaded(o)}),window.addEventListener(\"DOMContentLoaded\",()=>{gform.domLoaded=!0,gform.callIfLoaded(o)}))},hooks:{action:{},filter:{}},addAction:function(o,r,e,t){gform.addHook(\"action\",o,r,e,t)},addFilter:function(o,r,e,t){gform.addHook(\"filter\",o,r,e,t)},doAction:function(o){gform.doHook(\"action\",o,arguments)},applyFilters:function(o){return gform.doHook(\"filter\",o,arguments)},removeAction:function(o,r){gform.removeHook(\"action\",o,r)},removeFilter:function(o,r,e){gform.removeHook(\"filter\",o,r,e)},addHook:function(o,r,e,t,n){null==gform.hooks[o][r]&&(gform.hooks[o][r]=[]);var d=gform.hooks[o][r];null==n&&(n=r+\"_\"+d.length),gform.hooks[o][r].push({tag:n,callable:e,priority:t=null==t?10:t})},doHook:function(r,o,e){var t;if(e=Array.prototype.slice.call(e,1),null!=gform.hooks[r][o]&&((o=gform.hooks[r][o]).sort(function(o,r){return o.priority-r.priority}),o.forEach(function(o){\"function\"!=typeof(t=o.callable)&&(t=window[t]),\"action\"==r?t.apply(null,e):e[0]=t.apply(null,e)})),\"filter\"==r)return e[0]},removeHook:function(o,r,t,n){var e;null!=gform.hooks[o][r]&&(e=(e=gform.hooks[o][r]).filter(function(o,r,e){return!!(null!=n&&n!=o.tag||null!=t&&t!=o.priority)}),gform.hooks[o][r]=e)}});\n\/* ]]> *\/\n<\/script>\n\n                <div class='gf_browser_gecko gform_wrapper gform_legacy_markup_wrapper gform-theme--no-framework' data-form-theme='legacy' data-form-index='0' id='gform_wrapper_5' ><form method='post' enctype='multipart\/form-data'  id='gform_5'  action='\/fr\/wp-json\/wp\/v2\/pages\/43028' data-formid='5' novalidate>\n                        <div class='gform-body gform_body'><ul id='gform_fields_5' class='gform_fields top_label form_sublabel_below description_below validation_below'><li id=\"field_5_10\" class=\"gfield gfield--type-honeypot gform_validation_container field_sublabel_below gfield--has-description field_description_below field_validation_below gfield_visibility_visible\"  ><label class='gfield_label gform-field-label' for='input_5_10'>Name<\/label><div class='ginput_container'><input name='input_10' id='input_5_10' type='text' value='' autocomplete='new-password'\/><\/div><div class='gfield_description' id='gfield_description_5_10'>Ce champ n\u2019est utilis\u00e9 qu\u2019\u00e0 des fins de validation et devrait rester inchang\u00e9.<\/div><\/li><li id=\"field_5_1\" class=\"gfield gfield--type-select gfield_contains_required field_sublabel_below gfield--no-description field_description_below field_validation_below gfield_visibility_visible\"  ><label class='gfield_label gform-field-label' for='input_5_1'>Type de poste auquel vous souhaitez postuler<span class=\"gfield_required\"><span class=\"gfield_required gfield_required_asterisk\">*<\/span><\/span><\/label><div class='ginput_container ginput_container_select'><select name='input_1' id='input_5_1' class='medium gfield_select' tabindex='500'   aria-required=\"true\" aria-invalid=\"false\" ><option value='Production' >Production<\/option><option value='Ventes' >Ventes<\/option><option value='Administratif' >Administratif<\/option><option value='Autre' >Autre<\/option><\/select><\/div><\/li><li id=\"field_5_2\" class=\"gfield gfield--type-textarea gfield_contains_required field_sublabel_below gfield--no-description field_description_below field_validation_below gfield_visibility_visible\"  ><label class='gfield_label gform-field-label' for='input_5_2'>Votre lettre de motivation<span class=\"gfield_required\"><span class=\"gfield_required gfield_required_asterisk\">*<\/span><\/span><\/label><div class='ginput_container ginput_container_textarea'><textarea name='input_2' id='input_5_2' class='textarea medium' tabindex='501'    aria-required=\"true\" aria-invalid=\"false\"   rows='10' cols='50'><\/textarea><\/div><\/li><li id=\"field_5_3\" class=\"gfield gfield--type-fileupload gfield_contains_required field_sublabel_below gfield--has-description field_description_below field_validation_below gfield_visibility_visible\"  ><label class='gfield_label gform-field-label' for='input_5_3'>T\u00e9l\u00e9chargez votre CV<span class=\"gfield_required\"><span class=\"gfield_required gfield_required_asterisk\">*<\/span><\/span><\/label><div class='ginput_container ginput_container_fileupload'><input type='hidden' name='MAX_FILE_SIZE' value='2097152' \/><input name='input_3' id='input_5_3' type='file' class='medium' aria-describedby=\"gfield_upload_rules_5_3 gfield_description_5_3\" onchange='javascript:gformValidateFileSize( this, 2097152 );' tabindex='502' \/><span class='gfield_description gform_fileupload_rules' id='gfield_upload_rules_5_3'>Taille max. des fichiers\u00a0: 2 MB.<\/span><div class='gfield_description validation_message gfield_validation_message validation_message--hidden-on-empty' id='live_validation_message_5_3'><\/div> <\/div><div class='gfield_description' id='gfield_description_5_3'>(max. 2MB)<\/div><\/li><li id=\"field_5_4\" class=\"gfield gfield--type-text gfield_contains_required field_sublabel_below gfield--no-description field_description_below field_validation_below gfield_visibility_visible\"  ><label class='gfield_label gform-field-label' for='input_5_4'>Vos nom et pr\u00e9nom<span class=\"gfield_required\"><span class=\"gfield_required gfield_required_asterisk\">*<\/span><\/span><\/label><div class='ginput_container ginput_container_text'><input name='input_4' id='input_5_4' type='text' value='' class='medium'   tabindex='503'  aria-required=\"true\" aria-invalid=\"false\"   \/><\/div><\/li><li id=\"field_5_5\" class=\"gfield gfield--type-text gfield_contains_required field_sublabel_below gfield--no-description field_description_below field_validation_below gfield_visibility_visible\"  ><label class='gfield_label gform-field-label' for='input_5_5'>Votre pays de r\u00e9sidence<span class=\"gfield_required\"><span class=\"gfield_required gfield_required_asterisk\">*<\/span><\/span><\/label><div class='ginput_container ginput_container_text'><input name='input_5' id='input_5_5' type='text' value='' class='medium'   tabindex='504'  aria-required=\"true\" aria-invalid=\"false\"   \/><\/div><\/li><li id=\"field_5_6\" class=\"gfield gfield--type-email gfield_contains_required field_sublabel_below gfield--no-description field_description_below field_validation_below gfield_visibility_visible\"  ><label class='gfield_label gform-field-label' for='input_5_6'>Votre adresse email<span class=\"gfield_required\"><span class=\"gfield_required gfield_required_asterisk\">*<\/span><\/span><\/label><div class='ginput_container ginput_container_email'>\n                            <input name='input_6' id='input_5_6' type='email' value='' class='medium' tabindex='505'   aria-required=\"true\" aria-invalid=\"false\"  \/>\n                        <\/div><\/li><li id=\"field_5_7\" class=\"gfield gfield--type-phone field_sublabel_below gfield--no-description field_description_below field_validation_below gfield_visibility_visible\"  ><label class='gfield_label gform-field-label' for='input_5_7'>Votre num\u00e9ro de t\u00e9l\u00e9phone<\/label><div class='ginput_container ginput_container_phone'><input name='input_7' id='input_5_7' type='tel' value='' class='medium' tabindex='506'   aria-invalid=\"false\"   \/><\/div><\/li><li id=\"field_5_9\" class=\"gfield gfield--type-checkbox gfield--type-choice field_sublabel_below gfield--no-description field_description_below field_validation_below gfield_visibility_visible\"  ><label class='gfield_label gform-field-label gfield_label_before_complex' >Je souhaite recevoir les futures communications marketing de Walraven, concernant les produits et services qui peuvent m&#039;int\u00e9resser, par :<\/label><div class='ginput_container ginput_container_checkbox'><ul class='gfield_checkbox' id='input_5_9'><li class='gchoice gchoice_5_9_1'>\n\t\t\t\t\t\t\t\t<input class='gfield-choice-input' name='input_9.1' type='checkbox'  value='email'  id='choice_5_9_1' tabindex='507'  \/>\n\t\t\t\t\t\t\t\t<label for='choice_5_9_1' id='label_5_9_1' class='gform-field-label gform-field-label--type-inline'>email<\/label>\n\t\t\t\t\t\t\t<\/li><li class='gchoice gchoice_5_9_2'>\n\t\t\t\t\t\t\t\t<input class='gfield-choice-input' name='input_9.2' type='checkbox'  value='t\u00e9l\u00e9phone'  id='choice_5_9_2' tabindex='508'  \/>\n\t\t\t\t\t\t\t\t<label for='choice_5_9_2' id='label_5_9_2' class='gform-field-label gform-field-label--type-inline'>t\u00e9l\u00e9phone<\/label>\n\t\t\t\t\t\t\t<\/li><\/ul><\/div><\/li><li id=\"field_5_8\" class=\"gfield gfield--type-html gfield_html gfield_html_formatted gfield_no_follows_desc field_sublabel_below gfield--no-description field_description_below field_validation_below gfield_visibility_visible\"  ><br>Nous nous engageons \u00e0 toujours prot\u00e9ger vos donn\u00e9es et \u00e0 ne jamais les partager avec un tiers dans un but commercial. A tout moment, vous pouvez demander \u00e0 ne plus recevoir nos communications. Pour plus d'informations, vous pouvez prendre connaissance de notre politique de confidentialit\u00e9 et de protection des donn\u00e9es en cliquant sur le lien au bas de cette page.\n<a href=\"https:\/\/www.walraven.com\/fr\/protection-confidentialite\/\" target=\"_blank\" rel=\"noopener\" style=\"text-decoration: underline\">Nos engagements<\/a>.<\/li><\/ul><\/div>\n        <div class='gform-footer gform_footer top_label'> <input type='submit' id='gform_submit_button_5' class='gform_button button' onclick='gform.submission.handleButtonClick(this);' data-submission-type='submit' value='Envoyer ma candidature' tabindex='509' \/> <input type='hidden' class='gform_hidden' name='gform_submission_speeds' value='{&quot;pages&quot;:[]}' \/>\n            <input type='hidden' class='gform_hidden' name='gform_submission_method' data-js='gform_submission_method_5' value='postback' \/>\n            <input type='hidden' class='gform_hidden' name='gform_theme' data-js='gform_theme_5' id='gform_theme_5' value='legacy' \/>\n            <input type='hidden' class='gform_hidden' name='gform_style_settings' data-js='gform_style_settings_5' id='gform_style_settings_5' value='[]' \/>\n            <input type='hidden' class='gform_hidden' name='is_submit_5' value='1' \/>\n            <input type='hidden' class='gform_hidden' name='gform_submit' value='5' \/>\n            \n            <input type='hidden' class='gform_hidden' name='gform_currency' data-currency='EUR' value='R+S6SHPsGtmtUXYK\/j8stJIwwkm2agbaWn\/GlFVgH0pRTo1mxeQckCyHx\/9j6oPDoOVY5Occo1rl8GrsnPfKVDendPXaesuuyEXyxbYilaVrlvk=' \/>\n            <input type='hidden' class='gform_hidden' name='gform_unique_id' value='' \/>\n            <input type='hidden' class='gform_hidden' name='state_5' value='WyJbXSIsImI4YjU5OWYzMWY3MzgzY2E4ODUxY2EwOGU4OTY4ZmUxIl0=' \/>\n            <input type='hidden' autocomplete='off' class='gform_hidden' name='gform_target_page_number_5' id='gform_target_page_number_5' value='0' \/>\n            <input type='hidden' autocomplete='off' class='gform_hidden' name='gform_source_page_number_5' id='gform_source_page_number_5' value='1' \/>\n            <input type='hidden' name='gform_field_values' value='' \/>\n            \n        <\/div>\n                        <p style=\"display: none !important;\" class=\"akismet-fields-container\" data-prefix=\"ak_\"><label>&#916;<textarea name=\"ak_hp_textarea\" cols=\"45\" rows=\"8\" maxlength=\"100\"><\/textarea><\/label><input type=\"hidden\" id=\"ak_js_1\" name=\"ak_js\" value=\"161\"\/><script>document.getElementById( \"ak_js_1\" ).setAttribute( \"value\", ( new Date() ).getTime() );<\/script><\/p><\/form>\n                        <\/div><script type=\"text\/javascript\">\n\/* <![CDATA[ *\/\n gform.initializeOnLoaded( function() {gformInitSpinner( 5, 'https:\/\/www.walraven.com\/fr\/wp-content\/plugins\/gravityforms\/images\/spinner.svg', true );jQuery('#gform_ajax_frame_5').on('load',function(){var contents = jQuery(this).contents().find('*').html();var is_postback = contents.indexOf('GF_AJAX_POSTBACK') >= 0;if(!is_postback){return;}var form_content = jQuery(this).contents().find('#gform_wrapper_5');var is_confirmation = jQuery(this).contents().find('#gform_confirmation_wrapper_5').length > 0;var is_redirect = contents.indexOf('gformRedirect(){') >= 0;var is_form = form_content.length > 0 && ! is_redirect && ! is_confirmation;var mt = parseInt(jQuery('html').css('margin-top'), 10) + parseInt(jQuery('body').css('margin-top'), 10) + 100;if(is_form){jQuery('#gform_wrapper_5').html(form_content.html());if(form_content.hasClass('gform_validation_error')){jQuery('#gform_wrapper_5').addClass('gform_validation_error');} else {jQuery('#gform_wrapper_5').removeClass('gform_validation_error');}setTimeout( function() { \/* delay the scroll by 50 milliseconds to fix a bug in chrome *\/  }, 50 );if(window['gformInitDatepicker']) {gformInitDatepicker();}if(window['gformInitPriceFields']) {gformInitPriceFields();}var current_page = jQuery('#gform_source_page_number_5').val();gformInitSpinner( 5, 'https:\/\/www.walraven.com\/fr\/wp-content\/plugins\/gravityforms\/images\/spinner.svg', true );jQuery(document).trigger('gform_page_loaded', [5, current_page]);window['gf_submitting_5'] = false;}else if(!is_redirect){var confirmation_content = jQuery(this).contents().find('.GF_AJAX_POSTBACK').html();if(!confirmation_content){confirmation_content = contents;}jQuery('#gform_wrapper_5').replaceWith(confirmation_content);jQuery(document).trigger('gform_confirmation_loaded', [5]);window['gf_submitting_5'] = false;wp.a11y.speak(jQuery('#gform_confirmation_message_5').text());}else{jQuery('#gform_5').append(contents);if(window['gformRedirect']) {gformRedirect();}}jQuery(document).trigger(\"gform_pre_post_render\", [{ formId: \"5\", currentPage: \"current_page\", abort: function() { this.preventDefault(); } }]);        if (event && event.defaultPrevented) {                return;        }        const gformWrapperDiv = document.getElementById( \"gform_wrapper_5\" );        if ( gformWrapperDiv ) {            const visibilitySpan = document.createElement( \"span\" );            visibilitySpan.id = \"gform_visibility_test_5\";            gformWrapperDiv.insertAdjacentElement( \"afterend\", visibilitySpan );        }        const visibilityTestDiv = document.getElementById( \"gform_visibility_test_5\" );        let postRenderFired = false;        function triggerPostRender() {            if ( postRenderFired ) {                return;            }            postRenderFired = true;            gform.core.triggerPostRenderEvents( 5, current_page );            if ( visibilityTestDiv ) {                visibilityTestDiv.parentNode.removeChild( visibilityTestDiv );            }        }        function debounce( func, wait, immediate ) {            var timeout;            return function() {                var context = this, args = arguments;                var later = function() {                    timeout = null;                    if ( !immediate ) func.apply( context, args );                };                var callNow = immediate && !timeout;                clearTimeout( timeout );                timeout = setTimeout( later, wait );                if ( callNow ) func.apply( context, args );            };        }        const debouncedTriggerPostRender = debounce( function() {            triggerPostRender();        }, 200 );        if ( visibilityTestDiv && visibilityTestDiv.offsetParent === null ) {            const observer = new MutationObserver( ( mutations ) => {                mutations.forEach( ( mutation ) => {                    if ( mutation.type === 'attributes' && visibilityTestDiv.offsetParent !== null ) {                        debouncedTriggerPostRender();                        observer.disconnect();                    }                });            });            observer.observe( document.body, {                attributes: true,                childList: false,                subtree: true,                attributeFilter: [ 'style', 'class' ],            });        } else {            triggerPostRender();        }    } );} ); \n\/* ]]> *\/\n<\/script>\n\n<p>&nbsp;<\/p>\n<p>&nbsp;<\/p>\n","protected":false},"excerpt":{"rendered":"<p>&nbsp; &nbsp;<\/p>\n","protected":false},"author":43,"featured_media":0,"parent":43008,"menu_order":0,"comment_status":"closed","ping_status":"closed","template":"","meta":{"_acf_changed":false,"footnotes":""},"class_list":["post-43028","page","type-page","status-publish","hentry"],"acf":[],"yoast_head":"<!-- This site is optimized with the Yoast SEO Premium plugin v27.3 (Yoast SEO v27.3) - https:\/\/yoast.com\/product\/yoast-seo-premium-wordpress\/ -->\n<title>Candidature spontan\u00e9e - Walraven France<\/title>\n<meta name=\"description\" content=\"Vous souhaitez nous adresser votre candidature ? Remplissez notre formulaire de candidature spontan\u00e9e, nous vous r\u00e9pondrons le plus rapidement possible.\" \/>\n<meta name=\"robots\" content=\"index, follow, max-snippet:-1, max-image-preview:large, max-video-preview:-1\" \/>\n<link rel=\"canonical\" href=\"https:\/\/www.walraven.com\/fr\/a-propos-de-walraven\/travailler-chez-walraven\/candidature-spontanee\/\" \/>\n<meta property=\"og:locale\" content=\"fr_FR\" \/>\n<meta property=\"og:type\" content=\"article\" \/>\n<meta property=\"og:title\" content=\"Candidature spontan\u00e9e\" \/>\n<meta property=\"og:description\" content=\"Vous souhaitez nous adresser votre candidature ? Remplissez notre formulaire de candidature spontan\u00e9e, nous vous r\u00e9pondrons le plus rapidement possible.\" \/>\n<meta property=\"og:url\" content=\"https:\/\/www.walraven.com\/fr\/a-propos-de-walraven\/travailler-chez-walraven\/candidature-spontanee\/\" \/>\n<meta property=\"og:site_name\" content=\"Walraven France\" \/>\n<meta property=\"article:modified_time\" content=\"2019-03-20T09:55:10+00:00\" \/>\n<meta name=\"twitter:card\" content=\"summary_large_image\" \/>\n<script type=\"application\/ld+json\" class=\"yoast-schema-graph\">{\"@context\":\"https:\\\/\\\/schema.org\",\"@graph\":[{\"@type\":\"WebPage\",\"@id\":\"https:\\\/\\\/www.walraven.com\\\/fr\\\/a-propos-de-walraven\\\/travailler-chez-walraven\\\/candidature-spontanee\\\/\",\"url\":\"https:\\\/\\\/www.walraven.com\\\/fr\\\/a-propos-de-walraven\\\/travailler-chez-walraven\\\/candidature-spontanee\\\/\",\"name\":\"Candidature spontan\u00e9e - Walraven France\",\"isPartOf\":{\"@id\":\"https:\\\/\\\/www.walraven.com\\\/fr\\\/#website\"},\"datePublished\":\"2017-05-03T07:53:25+00:00\",\"dateModified\":\"2019-03-20T09:55:10+00:00\",\"description\":\"Vous souhaitez nous adresser votre candidature ? Remplissez notre formulaire de candidature spontan\u00e9e, nous vous r\u00e9pondrons le plus rapidement possible.\",\"breadcrumb\":{\"@id\":\"https:\\\/\\\/www.walraven.com\\\/fr\\\/a-propos-de-walraven\\\/travailler-chez-walraven\\\/candidature-spontanee\\\/#breadcrumb\"},\"inLanguage\":\"fr-FR\",\"potentialAction\":[{\"@type\":\"ReadAction\",\"target\":[\"https:\\\/\\\/www.walraven.com\\\/fr\\\/a-propos-de-walraven\\\/travailler-chez-walraven\\\/candidature-spontanee\\\/\"]}]},{\"@type\":\"BreadcrumbList\",\"@id\":\"https:\\\/\\\/www.walraven.com\\\/fr\\\/a-propos-de-walraven\\\/travailler-chez-walraven\\\/candidature-spontanee\\\/#breadcrumb\",\"itemListElement\":[{\"@type\":\"ListItem\",\"position\":1,\"name\":\"Accueil\",\"item\":\"https:\\\/\\\/www.walraven.com\\\/fr\\\/\"},{\"@type\":\"ListItem\",\"position\":2,\"name\":\"\u00c0 propos de Walraven\",\"item\":\"https:\\\/\\\/www.walraven.com\\\/fr\\\/a-propos-de-walraven\\\/\"},{\"@type\":\"ListItem\",\"position\":3,\"name\":\"Voulez-vous faire partie d\u2019une multinationale avec un c\u0153ur ?\",\"item\":\"https:\\\/\\\/www.walraven.com\\\/fr\\\/a-propos-de-walraven\\\/travailler-chez-walraven\\\/\"},{\"@type\":\"ListItem\",\"position\":4,\"name\":\"Candidature spontan\u00e9e\"}]},{\"@type\":\"WebSite\",\"@id\":\"https:\\\/\\\/www.walraven.com\\\/fr\\\/#website\",\"url\":\"https:\\\/\\\/www.walraven.com\\\/fr\\\/\",\"name\":\"Walraven France\",\"description\":\"\",\"publisher\":{\"@id\":\"https:\\\/\\\/www.walraven.com\\\/fr\\\/#organization\"},\"potentialAction\":[{\"@type\":\"SearchAction\",\"target\":{\"@type\":\"EntryPoint\",\"urlTemplate\":\"https:\\\/\\\/www.walraven.com\\\/fr\\\/?s={search_term_string}\"},\"query-input\":{\"@type\":\"PropertyValueSpecification\",\"valueRequired\":true,\"valueName\":\"search_term_string\"}}],\"inLanguage\":\"fr-FR\"},{\"@type\":\"Organization\",\"@id\":\"https:\\\/\\\/www.walraven.com\\\/fr\\\/#organization\",\"name\":\"Walraven France EURL\",\"alternateName\":\"Walraven France EURL\",\"url\":\"https:\\\/\\\/www.walraven.com\\\/fr\\\/\",\"logo\":{\"@type\":\"ImageObject\",\"inLanguage\":\"fr-FR\",\"@id\":\"https:\\\/\\\/www.walraven.com\\\/fr\\\/#\\\/schema\\\/logo\\\/image\\\/\",\"url\":\"https:\\\/\\\/www.walraven.com\\\/fr\\\/wp-content\\\/uploads\\\/sites\\\/5\\\/2023\\\/12\\\/Walraven_logo300x300.jpg\",\"contentUrl\":\"https:\\\/\\\/www.walraven.com\\\/fr\\\/wp-content\\\/uploads\\\/sites\\\/5\\\/2023\\\/12\\\/Walraven_logo300x300.jpg\",\"width\":300,\"height\":300,\"caption\":\"Walraven France EURL\"},\"image\":{\"@id\":\"https:\\\/\\\/www.walraven.com\\\/fr\\\/#\\\/schema\\\/logo\\\/image\\\/\"}}]}<\/script>\n<!-- \/ Yoast SEO Premium plugin. -->","yoast_head_json":{"title":"Candidature spontan\u00e9e - Walraven France","description":"Vous souhaitez nous adresser votre candidature ? Remplissez notre formulaire de candidature spontan\u00e9e, nous vous r\u00e9pondrons le plus rapidement possible.","robots":{"index":"index","follow":"follow","max-snippet":"max-snippet:-1","max-image-preview":"max-image-preview:large","max-video-preview":"max-video-preview:-1"},"canonical":"https:\/\/www.walraven.com\/fr\/a-propos-de-walraven\/travailler-chez-walraven\/candidature-spontanee\/","og_locale":"fr_FR","og_type":"article","og_title":"Candidature spontan\u00e9e","og_description":"Vous souhaitez nous adresser votre candidature ? Remplissez notre formulaire de candidature spontan\u00e9e, nous vous r\u00e9pondrons le plus rapidement possible.","og_url":"https:\/\/www.walraven.com\/fr\/a-propos-de-walraven\/travailler-chez-walraven\/candidature-spontanee\/","og_site_name":"Walraven France","article_modified_time":"2019-03-20T09:55:10+00:00","twitter_card":"summary_large_image","schema":{"@context":"https:\/\/schema.org","@graph":[{"@type":"WebPage","@id":"https:\/\/www.walraven.com\/fr\/a-propos-de-walraven\/travailler-chez-walraven\/candidature-spontanee\/","url":"https:\/\/www.walraven.com\/fr\/a-propos-de-walraven\/travailler-chez-walraven\/candidature-spontanee\/","name":"Candidature spontan\u00e9e - Walraven France","isPartOf":{"@id":"https:\/\/www.walraven.com\/fr\/#website"},"datePublished":"2017-05-03T07:53:25+00:00","dateModified":"2019-03-20T09:55:10+00:00","description":"Vous souhaitez nous adresser votre candidature ? Remplissez notre formulaire de candidature spontan\u00e9e, nous vous r\u00e9pondrons le plus rapidement possible.","breadcrumb":{"@id":"https:\/\/www.walraven.com\/fr\/a-propos-de-walraven\/travailler-chez-walraven\/candidature-spontanee\/#breadcrumb"},"inLanguage":"fr-FR","potentialAction":[{"@type":"ReadAction","target":["https:\/\/www.walraven.com\/fr\/a-propos-de-walraven\/travailler-chez-walraven\/candidature-spontanee\/"]}]},{"@type":"BreadcrumbList","@id":"https:\/\/www.walraven.com\/fr\/a-propos-de-walraven\/travailler-chez-walraven\/candidature-spontanee\/#breadcrumb","itemListElement":[{"@type":"ListItem","position":1,"name":"Accueil","item":"https:\/\/www.walraven.com\/fr\/"},{"@type":"ListItem","position":2,"name":"\u00c0 propos de Walraven","item":"https:\/\/www.walraven.com\/fr\/a-propos-de-walraven\/"},{"@type":"ListItem","position":3,"name":"Voulez-vous faire partie d\u2019une multinationale avec un c\u0153ur ?","item":"https:\/\/www.walraven.com\/fr\/a-propos-de-walraven\/travailler-chez-walraven\/"},{"@type":"ListItem","position":4,"name":"Candidature spontan\u00e9e"}]},{"@type":"WebSite","@id":"https:\/\/www.walraven.com\/fr\/#website","url":"https:\/\/www.walraven.com\/fr\/","name":"Walraven France","description":"","publisher":{"@id":"https:\/\/www.walraven.com\/fr\/#organization"},"potentialAction":[{"@type":"SearchAction","target":{"@type":"EntryPoint","urlTemplate":"https:\/\/www.walraven.com\/fr\/?s={search_term_string}"},"query-input":{"@type":"PropertyValueSpecification","valueRequired":true,"valueName":"search_term_string"}}],"inLanguage":"fr-FR"},{"@type":"Organization","@id":"https:\/\/www.walraven.com\/fr\/#organization","name":"Walraven France EURL","alternateName":"Walraven France EURL","url":"https:\/\/www.walraven.com\/fr\/","logo":{"@type":"ImageObject","inLanguage":"fr-FR","@id":"https:\/\/www.walraven.com\/fr\/#\/schema\/logo\/image\/","url":"https:\/\/www.walraven.com\/fr\/wp-content\/uploads\/sites\/5\/2023\/12\/Walraven_logo300x300.jpg","contentUrl":"https:\/\/www.walraven.com\/fr\/wp-content\/uploads\/sites\/5\/2023\/12\/Walraven_logo300x300.jpg","width":300,"height":300,"caption":"Walraven France EURL"},"image":{"@id":"https:\/\/www.walraven.com\/fr\/#\/schema\/logo\/image\/"}}]}},"_links":{"self":[{"href":"https:\/\/www.walraven.com\/fr\/wp-json\/wp\/v2\/pages\/43028","targetHints":{"allow":["GET"]}}],"collection":[{"href":"https:\/\/www.walraven.com\/fr\/wp-json\/wp\/v2\/pages"}],"about":[{"href":"https:\/\/www.walraven.com\/fr\/wp-json\/wp\/v2\/types\/page"}],"author":[{"embeddable":true,"href":"https:\/\/www.walraven.com\/fr\/wp-json\/wp\/v2\/users\/43"}],"replies":[{"embeddable":true,"href":"https:\/\/www.walraven.com\/fr\/wp-json\/wp\/v2\/comments?post=43028"}],"version-history":[{"count":5,"href":"https:\/\/www.walraven.com\/fr\/wp-json\/wp\/v2\/pages\/43028\/revisions"}],"predecessor-version":[{"id":43233,"href":"https:\/\/www.walraven.com\/fr\/wp-json\/wp\/v2\/pages\/43028\/revisions\/43233"}],"up":[{"embeddable":true,"href":"https:\/\/www.walraven.com\/fr\/wp-json\/wp\/v2\/pages\/43008"}],"wp:attachment":[{"href":"https:\/\/www.walraven.com\/fr\/wp-json\/wp\/v2\/media?parent=43028"}],"curies":[{"name":"wp","href":"https:\/\/api.w.org\/{rel}","templated":true}]}}