{"id":43448,"date":"2018-08-02T12:11:23","date_gmt":"2018-08-02T10:11:23","guid":{"rendered":"https:\/\/www.walraven.com\/?page_id=120579"},"modified":"2025-05-21T16:28:44","modified_gmt":"2025-05-21T14:28:44","slug":"logiciel-ancres-chevilles","status":"publish","type":"page","link":"https:\/\/www.walraven.com\/fr\/logiciel-ancres-chevilles\/","title":{"rendered":"T\u00e9l\u00e9chargez le logiciel de s\u00e9lection ancres et cheville Walraven"},"content":{"rendered":"","protected":false},"excerpt":{"rendered":"","protected":false},"author":43,"featured_media":0,"parent":0,"menu_order":0,"comment_status":"closed","ping_status":"closed","template":"page-templates\/tpl-landingspage.php","meta":{"_acf_changed":false,"footnotes":""},"class_list":["post-43448","page","type-page","status-publish","hentry"],"acf":[],"yoast_head":"<!-- This site is optimized with the Yoast SEO Premium plugin v27.3 (Yoast SEO v27.3) - https:\/\/yoast.com\/product\/yoast-seo-premium-wordpress\/ -->\n<title>T\u00e9l\u00e9chargez le logiciel de s\u00e9lection ancres et cheville Walraven - Walraven France<\/title>\n<meta name=\"description\" content=\"Walraven DesignFiX est un logiciel de conception d\u2019ancrage gratuit. Il permet d\u2019effectuer des calculs de r\u00e9sistance des ancres et chevilles Walraven selon les normes europ\u00e9ennes.\" \/>\n<meta name=\"robots\" content=\"index, follow, max-snippet:-1, max-image-preview:large, max-video-preview:-1\" \/>\n<link rel=\"canonical\" href=\"https:\/\/www.walraven.com\/fr\/logiciel-ancres-chevilles\/\" \/>\n<meta property=\"og:locale\" content=\"fr_FR\" \/>\n<meta property=\"og:type\" content=\"article\" \/>\n<meta property=\"og:title\" content=\"T\u00e9l\u00e9chargez le logiciel de s\u00e9lection ancres et cheville Walraven\" \/>\n<meta property=\"og:description\" content=\"Walraven DesignFiX est un logiciel de conception d\u2019ancrage gratuit. Il permet d\u2019effectuer des calculs de r\u00e9sistance des ancres et chevilles Walraven selon les normes europ\u00e9ennes.\" \/>\n<meta property=\"og:url\" content=\"https:\/\/www.walraven.com\/fr\/logiciel-ancres-chevilles\/\" \/>\n<meta property=\"og:site_name\" content=\"Walraven France\" \/>\n<meta property=\"article:modified_time\" content=\"2025-05-21T14:28:44+00:00\" \/>\n<meta name=\"twitter:card\" content=\"summary_large_image\" \/>\n<meta name=\"twitter:label1\" content=\"Dur\u00e9e de lecture estim\u00e9e\" \/>\n\t<meta name=\"twitter:data1\" content=\"2 minutes\" \/>\n<script type=\"application\/ld+json\" class=\"yoast-schema-graph\">{\"@context\":\"https:\\\/\\\/schema.org\",\"@graph\":[{\"@type\":\"WebPage\",\"@id\":\"https:\\\/\\\/www.walraven.com\\\/fr\\\/logiciel-ancres-chevilles\\\/\",\"url\":\"https:\\\/\\\/www.walraven.com\\\/fr\\\/logiciel-ancres-chevilles\\\/\",\"name\":\"T\u00e9l\u00e9chargez le logiciel de s\u00e9lection ancres et cheville Walraven - Walraven France\",\"isPartOf\":{\"@id\":\"https:\\\/\\\/www.walraven.com\\\/fr\\\/#website\"},\"datePublished\":\"2018-08-02T10:11:23+00:00\",\"dateModified\":\"2025-05-21T14:28:44+00:00\",\"description\":\"Walraven DesignFiX est un logiciel de conception d\u2019ancrage gratuit. Il permet d\u2019effectuer des calculs de r\u00e9sistance des ancres et chevilles Walraven selon les normes europ\u00e9ennes.\",\"breadcrumb\":{\"@id\":\"https:\\\/\\\/www.walraven.com\\\/fr\\\/logiciel-ancres-chevilles\\\/#breadcrumb\"},\"inLanguage\":\"fr-FR\",\"potentialAction\":[{\"@type\":\"ReadAction\",\"target\":[\"https:\\\/\\\/www.walraven.com\\\/fr\\\/logiciel-ancres-chevilles\\\/\"]}]},{\"@type\":\"BreadcrumbList\",\"@id\":\"https:\\\/\\\/www.walraven.com\\\/fr\\\/logiciel-ancres-chevilles\\\/#breadcrumb\",\"itemListElement\":[{\"@type\":\"ListItem\",\"position\":1,\"name\":\"Accueil\",\"item\":\"https:\\\/\\\/www.walraven.com\\\/fr\\\/\"},{\"@type\":\"ListItem\",\"position\":2,\"name\":\"T\u00e9l\u00e9chargez le logiciel de s\u00e9lection ancres et cheville Walraven\"}]},{\"@type\":\"WebSite\",\"@id\":\"https:\\\/\\\/www.walraven.com\\\/fr\\\/#website\",\"url\":\"https:\\\/\\\/www.walraven.com\\\/fr\\\/\",\"name\":\"Walraven France\",\"description\":\"\",\"publisher\":{\"@id\":\"https:\\\/\\\/www.walraven.com\\\/fr\\\/#organization\"},\"potentialAction\":[{\"@type\":\"SearchAction\",\"target\":{\"@type\":\"EntryPoint\",\"urlTemplate\":\"https:\\\/\\\/www.walraven.com\\\/fr\\\/?s={search_term_string}\"},\"query-input\":{\"@type\":\"PropertyValueSpecification\",\"valueRequired\":true,\"valueName\":\"search_term_string\"}}],\"inLanguage\":\"fr-FR\"},{\"@type\":\"Organization\",\"@id\":\"https:\\\/\\\/www.walraven.com\\\/fr\\\/#organization\",\"name\":\"Walraven France EURL\",\"alternateName\":\"Walraven France EURL\",\"url\":\"https:\\\/\\\/www.walraven.com\\\/fr\\\/\",\"logo\":{\"@type\":\"ImageObject\",\"inLanguage\":\"fr-FR\",\"@id\":\"https:\\\/\\\/www.walraven.com\\\/fr\\\/#\\\/schema\\\/logo\\\/image\\\/\",\"url\":\"https:\\\/\\\/www.walraven.com\\\/fr\\\/wp-content\\\/uploads\\\/sites\\\/5\\\/2023\\\/12\\\/Walraven_logo300x300.jpg\",\"contentUrl\":\"https:\\\/\\\/www.walraven.com\\\/fr\\\/wp-content\\\/uploads\\\/sites\\\/5\\\/2023\\\/12\\\/Walraven_logo300x300.jpg\",\"width\":300,\"height\":300,\"caption\":\"Walraven France EURL\"},\"image\":{\"@id\":\"https:\\\/\\\/www.walraven.com\\\/fr\\\/#\\\/schema\\\/logo\\\/image\\\/\"}}]}<\/script>\n<!-- \/ Yoast SEO Premium plugin. -->","yoast_head_json":{"title":"T\u00e9l\u00e9chargez le logiciel de s\u00e9lection ancres et cheville Walraven - Walraven France","description":"Walraven DesignFiX est un logiciel de conception d\u2019ancrage gratuit. Il permet d\u2019effectuer des calculs de r\u00e9sistance des ancres et chevilles Walraven selon les normes europ\u00e9ennes.","robots":{"index":"index","follow":"follow","max-snippet":"max-snippet:-1","max-image-preview":"max-image-preview:large","max-video-preview":"max-video-preview:-1"},"canonical":"https:\/\/www.walraven.com\/fr\/logiciel-ancres-chevilles\/","og_locale":"fr_FR","og_type":"article","og_title":"T\u00e9l\u00e9chargez le logiciel de s\u00e9lection ancres et cheville Walraven","og_description":"Walraven DesignFiX est un logiciel de conception d\u2019ancrage gratuit. Il permet d\u2019effectuer des calculs de r\u00e9sistance des ancres et chevilles Walraven selon les normes europ\u00e9ennes.","og_url":"https:\/\/www.walraven.com\/fr\/logiciel-ancres-chevilles\/","og_site_name":"Walraven France","article_modified_time":"2025-05-21T14:28:44+00:00","twitter_card":"summary_large_image","twitter_misc":{"Dur\u00e9e de lecture estim\u00e9e":"2 minutes"},"schema":{"@context":"https:\/\/schema.org","@graph":[{"@type":"WebPage","@id":"https:\/\/www.walraven.com\/fr\/logiciel-ancres-chevilles\/","url":"https:\/\/www.walraven.com\/fr\/logiciel-ancres-chevilles\/","name":"T\u00e9l\u00e9chargez le logiciel de s\u00e9lection ancres et cheville Walraven - Walraven France","isPartOf":{"@id":"https:\/\/www.walraven.com\/fr\/#website"},"datePublished":"2018-08-02T10:11:23+00:00","dateModified":"2025-05-21T14:28:44+00:00","description":"Walraven DesignFiX est un logiciel de conception d\u2019ancrage gratuit. Il permet d\u2019effectuer des calculs de r\u00e9sistance des ancres et chevilles Walraven selon les normes europ\u00e9ennes.","breadcrumb":{"@id":"https:\/\/www.walraven.com\/fr\/logiciel-ancres-chevilles\/#breadcrumb"},"inLanguage":"fr-FR","potentialAction":[{"@type":"ReadAction","target":["https:\/\/www.walraven.com\/fr\/logiciel-ancres-chevilles\/"]}]},{"@type":"BreadcrumbList","@id":"https:\/\/www.walraven.com\/fr\/logiciel-ancres-chevilles\/#breadcrumb","itemListElement":[{"@type":"ListItem","position":1,"name":"Accueil","item":"https:\/\/www.walraven.com\/fr\/"},{"@type":"ListItem","position":2,"name":"T\u00e9l\u00e9chargez le logiciel de s\u00e9lection ancres et cheville Walraven"}]},{"@type":"WebSite","@id":"https:\/\/www.walraven.com\/fr\/#website","url":"https:\/\/www.walraven.com\/fr\/","name":"Walraven France","description":"","publisher":{"@id":"https:\/\/www.walraven.com\/fr\/#organization"},"potentialAction":[{"@type":"SearchAction","target":{"@type":"EntryPoint","urlTemplate":"https:\/\/www.walraven.com\/fr\/?s={search_term_string}"},"query-input":{"@type":"PropertyValueSpecification","valueRequired":true,"valueName":"search_term_string"}}],"inLanguage":"fr-FR"},{"@type":"Organization","@id":"https:\/\/www.walraven.com\/fr\/#organization","name":"Walraven France EURL","alternateName":"Walraven France EURL","url":"https:\/\/www.walraven.com\/fr\/","logo":{"@type":"ImageObject","inLanguage":"fr-FR","@id":"https:\/\/www.walraven.com\/fr\/#\/schema\/logo\/image\/","url":"https:\/\/www.walraven.com\/fr\/wp-content\/uploads\/sites\/5\/2023\/12\/Walraven_logo300x300.jpg","contentUrl":"https:\/\/www.walraven.com\/fr\/wp-content\/uploads\/sites\/5\/2023\/12\/Walraven_logo300x300.jpg","width":300,"height":300,"caption":"Walraven France EURL"},"image":{"@id":"https:\/\/www.walraven.com\/fr\/#\/schema\/logo\/image\/"}}]}},"_links":{"self":[{"href":"https:\/\/www.walraven.com\/fr\/wp-json\/wp\/v2\/pages\/43448","targetHints":{"allow":["GET"]}}],"collection":[{"href":"https:\/\/www.walraven.com\/fr\/wp-json\/wp\/v2\/pages"}],"about":[{"href":"https:\/\/www.walraven.com\/fr\/wp-json\/wp\/v2\/types\/page"}],"author":[{"embeddable":true,"href":"https:\/\/www.walraven.com\/fr\/wp-json\/wp\/v2\/users\/43"}],"replies":[{"embeddable":true,"href":"https:\/\/www.walraven.com\/fr\/wp-json\/wp\/v2\/comments?post=43448"}],"version-history":[{"count":6,"href":"https:\/\/www.walraven.com\/fr\/wp-json\/wp\/v2\/pages\/43448\/revisions"}],"predecessor-version":[{"id":50190,"href":"https:\/\/www.walraven.com\/fr\/wp-json\/wp\/v2\/pages\/43448\/revisions\/50190"}],"wp:attachment":[{"href":"https:\/\/www.walraven.com\/fr\/wp-json\/wp\/v2\/media?parent=43448"}],"curies":[{"name":"wp","href":"https:\/\/api.w.org\/{rel}","templated":true}]}}