{"id":43747,"date":"2019-03-15T15:53:27","date_gmt":"2019-03-15T14:53:27","guid":{"rendered":"https:\/\/www.walraven.com\/en\/?page_id=54128"},"modified":"2023-05-26T16:04:48","modified_gmt":"2023-05-26T14:04:48","slug":"liste-de-materiel","status":"publish","type":"page","link":"https:\/\/www.walraven.com\/fr\/liste-de-materiel\/","title":{"rendered":"Liste de mat\u00e9riel"},"content":{"rendered":"<p>Pour cr\u00e9er votre liste de mat\u00e9riel, vous devez s\u00e9lectionner des produits depuis le catalogue en ligne. La liste de mat\u00e9riel est un outil destin\u00e9 \u00e0 vous aider dans votre demande de devis aupr\u00e8s de votre distributeur. Ce n\u2019est pas une commande en ligne. La liste de mat\u00e9riel peut \u00eatre t\u00e9l\u00e9charg\u00e9e ou envoy\u00e9e \u00e0 votre distributeur. Pour obtenir la liste des distributeurs dans votre zone, appelez notre service commercial interne au 04.76.04.10.70. ou envoyez-nous votre demande \u00e0 l&rsquo;adresse info.fr@walraven.com.<\/p>\n","protected":false},"excerpt":{"rendered":"<p>Pour cr\u00e9er votre liste de mat\u00e9riel, vous devez s\u00e9lectionner des produits depuis le catalogue en ligne. La liste de mat\u00e9riel est un outil destin\u00e9 \u00e0 vous aider dans votre demande de devis aupr\u00e8s de votre distributeur. Ce n\u2019est pas une commande en ligne. La liste de mat\u00e9riel peut \u00eatre t\u00e9l\u00e9charg\u00e9e ou envoy\u00e9e \u00e0 votre distributeur. [&hellip;]<\/p>\n","protected":false},"author":43,"featured_media":0,"parent":0,"menu_order":0,"comment_status":"closed","ping_status":"closed","template":"page-templates\/tpl-material-list.php","meta":{"_acf_changed":false,"footnotes":""},"class_list":["post-43747","page","type-page","status-publish","hentry"],"acf":[],"yoast_head":"<!-- This site is optimized with the Yoast SEO Premium plugin v27.3 (Yoast SEO v27.3) - https:\/\/yoast.com\/product\/yoast-seo-premium-wordpress\/ -->\n<title>Liste de mat\u00e9riel - Walraven France<\/title>\n<meta name=\"description\" content=\"La liste de souhaits de Walraven est con\u00e7ue comme un outil pour vous aider \u00e0 demander un devis \u00e0 votre distributeur.\" \/>\n<meta name=\"robots\" content=\"index, follow, max-snippet:-1, max-image-preview:large, max-video-preview:-1\" \/>\n<link rel=\"canonical\" href=\"https:\/\/www.walraven.com\/fr\/liste-de-materiel\/\" \/>\n<meta property=\"og:locale\" content=\"fr_FR\" \/>\n<meta property=\"og:type\" content=\"article\" \/>\n<meta property=\"og:title\" content=\"Liste de mat\u00e9riel\" \/>\n<meta property=\"og:description\" content=\"La liste de souhaits de Walraven est con\u00e7ue comme un outil pour vous aider \u00e0 demander un devis \u00e0 votre distributeur.\" \/>\n<meta property=\"og:url\" content=\"https:\/\/www.walraven.com\/fr\/liste-de-materiel\/\" \/>\n<meta property=\"og:site_name\" content=\"Walraven France\" \/>\n<meta property=\"article:modified_time\" content=\"2023-05-26T14:04:48+00:00\" \/>\n<meta name=\"twitter:card\" content=\"summary_large_image\" \/>\n<meta name=\"twitter:label1\" content=\"Dur\u00e9e de lecture estim\u00e9e\" \/>\n\t<meta name=\"twitter:data1\" content=\"1 minute\" \/>\n<script type=\"application\/ld+json\" class=\"yoast-schema-graph\">{\"@context\":\"https:\\\/\\\/schema.org\",\"@graph\":[{\"@type\":\"WebPage\",\"@id\":\"https:\\\/\\\/www.walraven.com\\\/fr\\\/liste-de-materiel\\\/\",\"url\":\"https:\\\/\\\/www.walraven.com\\\/fr\\\/liste-de-materiel\\\/\",\"name\":\"Liste de mat\u00e9riel - Walraven France\",\"isPartOf\":{\"@id\":\"https:\\\/\\\/www.walraven.com\\\/fr\\\/#website\"},\"datePublished\":\"2019-03-15T14:53:27+00:00\",\"dateModified\":\"2023-05-26T14:04:48+00:00\",\"description\":\"La liste de souhaits de Walraven est con\u00e7ue comme un outil pour vous aider \u00e0 demander un devis \u00e0 votre distributeur.\",\"breadcrumb\":{\"@id\":\"https:\\\/\\\/www.walraven.com\\\/fr\\\/liste-de-materiel\\\/#breadcrumb\"},\"inLanguage\":\"fr-FR\",\"potentialAction\":[{\"@type\":\"ReadAction\",\"target\":[\"https:\\\/\\\/www.walraven.com\\\/fr\\\/liste-de-materiel\\\/\"]}]},{\"@type\":\"BreadcrumbList\",\"@id\":\"https:\\\/\\\/www.walraven.com\\\/fr\\\/liste-de-materiel\\\/#breadcrumb\",\"itemListElement\":[{\"@type\":\"ListItem\",\"position\":1,\"name\":\"Accueil\",\"item\":\"https:\\\/\\\/www.walraven.com\\\/fr\\\/\"},{\"@type\":\"ListItem\",\"position\":2,\"name\":\"Liste de mat\u00e9riel\"}]},{\"@type\":\"WebSite\",\"@id\":\"https:\\\/\\\/www.walraven.com\\\/fr\\\/#website\",\"url\":\"https:\\\/\\\/www.walraven.com\\\/fr\\\/\",\"name\":\"Walraven France\",\"description\":\"\",\"publisher\":{\"@id\":\"https:\\\/\\\/www.walraven.com\\\/fr\\\/#organization\"},\"potentialAction\":[{\"@type\":\"SearchAction\",\"target\":{\"@type\":\"EntryPoint\",\"urlTemplate\":\"https:\\\/\\\/www.walraven.com\\\/fr\\\/?s={search_term_string}\"},\"query-input\":{\"@type\":\"PropertyValueSpecification\",\"valueRequired\":true,\"valueName\":\"search_term_string\"}}],\"inLanguage\":\"fr-FR\"},{\"@type\":\"Organization\",\"@id\":\"https:\\\/\\\/www.walraven.com\\\/fr\\\/#organization\",\"name\":\"Walraven France EURL\",\"alternateName\":\"Walraven France EURL\",\"url\":\"https:\\\/\\\/www.walraven.com\\\/fr\\\/\",\"logo\":{\"@type\":\"ImageObject\",\"inLanguage\":\"fr-FR\",\"@id\":\"https:\\\/\\\/www.walraven.com\\\/fr\\\/#\\\/schema\\\/logo\\\/image\\\/\",\"url\":\"https:\\\/\\\/www.walraven.com\\\/fr\\\/wp-content\\\/uploads\\\/sites\\\/5\\\/2023\\\/12\\\/Walraven_logo300x300.jpg\",\"contentUrl\":\"https:\\\/\\\/www.walraven.com\\\/fr\\\/wp-content\\\/uploads\\\/sites\\\/5\\\/2023\\\/12\\\/Walraven_logo300x300.jpg\",\"width\":300,\"height\":300,\"caption\":\"Walraven France EURL\"},\"image\":{\"@id\":\"https:\\\/\\\/www.walraven.com\\\/fr\\\/#\\\/schema\\\/logo\\\/image\\\/\"}}]}<\/script>\n<!-- \/ Yoast SEO Premium plugin. -->","yoast_head_json":{"title":"Liste de mat\u00e9riel - Walraven France","description":"La liste de souhaits de Walraven est con\u00e7ue comme un outil pour vous aider \u00e0 demander un devis \u00e0 votre distributeur.","robots":{"index":"index","follow":"follow","max-snippet":"max-snippet:-1","max-image-preview":"max-image-preview:large","max-video-preview":"max-video-preview:-1"},"canonical":"https:\/\/www.walraven.com\/fr\/liste-de-materiel\/","og_locale":"fr_FR","og_type":"article","og_title":"Liste de mat\u00e9riel","og_description":"La liste de souhaits de Walraven est con\u00e7ue comme un outil pour vous aider \u00e0 demander un devis \u00e0 votre distributeur.","og_url":"https:\/\/www.walraven.com\/fr\/liste-de-materiel\/","og_site_name":"Walraven France","article_modified_time":"2023-05-26T14:04:48+00:00","twitter_card":"summary_large_image","twitter_misc":{"Dur\u00e9e de lecture estim\u00e9e":"1 minute"},"schema":{"@context":"https:\/\/schema.org","@graph":[{"@type":"WebPage","@id":"https:\/\/www.walraven.com\/fr\/liste-de-materiel\/","url":"https:\/\/www.walraven.com\/fr\/liste-de-materiel\/","name":"Liste de mat\u00e9riel - Walraven France","isPartOf":{"@id":"https:\/\/www.walraven.com\/fr\/#website"},"datePublished":"2019-03-15T14:53:27+00:00","dateModified":"2023-05-26T14:04:48+00:00","description":"La liste de souhaits de Walraven est con\u00e7ue comme un outil pour vous aider \u00e0 demander un devis \u00e0 votre distributeur.","breadcrumb":{"@id":"https:\/\/www.walraven.com\/fr\/liste-de-materiel\/#breadcrumb"},"inLanguage":"fr-FR","potentialAction":[{"@type":"ReadAction","target":["https:\/\/www.walraven.com\/fr\/liste-de-materiel\/"]}]},{"@type":"BreadcrumbList","@id":"https:\/\/www.walraven.com\/fr\/liste-de-materiel\/#breadcrumb","itemListElement":[{"@type":"ListItem","position":1,"name":"Accueil","item":"https:\/\/www.walraven.com\/fr\/"},{"@type":"ListItem","position":2,"name":"Liste de mat\u00e9riel"}]},{"@type":"WebSite","@id":"https:\/\/www.walraven.com\/fr\/#website","url":"https:\/\/www.walraven.com\/fr\/","name":"Walraven France","description":"","publisher":{"@id":"https:\/\/www.walraven.com\/fr\/#organization"},"potentialAction":[{"@type":"SearchAction","target":{"@type":"EntryPoint","urlTemplate":"https:\/\/www.walraven.com\/fr\/?s={search_term_string}"},"query-input":{"@type":"PropertyValueSpecification","valueRequired":true,"valueName":"search_term_string"}}],"inLanguage":"fr-FR"},{"@type":"Organization","@id":"https:\/\/www.walraven.com\/fr\/#organization","name":"Walraven France EURL","alternateName":"Walraven France EURL","url":"https:\/\/www.walraven.com\/fr\/","logo":{"@type":"ImageObject","inLanguage":"fr-FR","@id":"https:\/\/www.walraven.com\/fr\/#\/schema\/logo\/image\/","url":"https:\/\/www.walraven.com\/fr\/wp-content\/uploads\/sites\/5\/2023\/12\/Walraven_logo300x300.jpg","contentUrl":"https:\/\/www.walraven.com\/fr\/wp-content\/uploads\/sites\/5\/2023\/12\/Walraven_logo300x300.jpg","width":300,"height":300,"caption":"Walraven France EURL"},"image":{"@id":"https:\/\/www.walraven.com\/fr\/#\/schema\/logo\/image\/"}}]}},"_links":{"self":[{"href":"https:\/\/www.walraven.com\/fr\/wp-json\/wp\/v2\/pages\/43747","targetHints":{"allow":["GET"]}}],"collection":[{"href":"https:\/\/www.walraven.com\/fr\/wp-json\/wp\/v2\/pages"}],"about":[{"href":"https:\/\/www.walraven.com\/fr\/wp-json\/wp\/v2\/types\/page"}],"author":[{"embeddable":true,"href":"https:\/\/www.walraven.com\/fr\/wp-json\/wp\/v2\/users\/43"}],"replies":[{"embeddable":true,"href":"https:\/\/www.walraven.com\/fr\/wp-json\/wp\/v2\/comments?post=43747"}],"version-history":[{"count":2,"href":"https:\/\/www.walraven.com\/fr\/wp-json\/wp\/v2\/pages\/43747\/revisions"}],"predecessor-version":[{"id":46103,"href":"https:\/\/www.walraven.com\/fr\/wp-json\/wp\/v2\/pages\/43747\/revisions\/46103"}],"wp:attachment":[{"href":"https:\/\/www.walraven.com\/fr\/wp-json\/wp\/v2\/media?parent=43747"}],"curies":[{"name":"wp","href":"https:\/\/api.w.org\/{rel}","templated":true}]}}