{"id":43784,"date":"2019-06-05T10:51:11","date_gmt":"2019-06-05T08:51:11","guid":{"rendered":"https:\/\/www.walraven.com\/en\/?page_id=54928"},"modified":"2025-04-22T14:22:56","modified_gmt":"2025-04-22T12:22:56","slug":"bibliotheque-bim","status":"publish","type":"page","link":"https:\/\/www.walraven.com\/fr\/notre-support-technique\/bibliotheque-bim\/","title":{"rendered":"Biblioth\u00e8que BIM"},"content":{"rendered":"","protected":false},"excerpt":{"rendered":"","protected":false},"author":43,"featured_media":0,"parent":43748,"menu_order":0,"comment_status":"closed","ping_status":"closed","template":"page-templates\/tpl-landingspage.php","meta":{"_acf_changed":false,"footnotes":""},"class_list":["post-43784","page","type-page","status-publish","hentry"],"acf":[],"yoast_head":"<!-- This site is optimized with the Yoast SEO Premium plugin v27.3 (Yoast SEO v27.3) - https:\/\/yoast.com\/product\/yoast-seo-premium-wordpress\/ -->\n<title>Biblioth\u00e8que BIM - Walraven France<\/title>\n<meta name=\"description\" content=\"Mod\u00e8les BIM : Walraven met \u00e0 votre disposition les mod\u00e8les BIM 3D pour int\u00e9gration dans les outils de conception des b\u00e2timents. \u2705 Assistance \u2705 Revit\" \/>\n<meta name=\"robots\" content=\"index, follow, max-snippet:-1, max-image-preview:large, max-video-preview:-1\" \/>\n<link rel=\"canonical\" href=\"https:\/\/www.walraven.com\/fr\/notre-support-technique\/bibliotheque-bim\/\" \/>\n<meta property=\"og:locale\" content=\"fr_FR\" \/>\n<meta property=\"og:type\" content=\"article\" \/>\n<meta property=\"og:title\" content=\"Biblioth\u00e8que BIM\" \/>\n<meta property=\"og:description\" content=\"Mod\u00e8les BIM : Walraven met \u00e0 votre disposition les mod\u00e8les BIM 3D pour int\u00e9gration dans les outils de conception des b\u00e2timents. \u2705 Assistance \u2705 Revit\" \/>\n<meta property=\"og:url\" content=\"https:\/\/www.walraven.com\/fr\/notre-support-technique\/bibliotheque-bim\/\" \/>\n<meta property=\"og:site_name\" content=\"Walraven France\" \/>\n<meta property=\"article:modified_time\" content=\"2025-04-22T12:22:56+00:00\" \/>\n<meta name=\"twitter:card\" content=\"summary_large_image\" \/>\n<meta name=\"twitter:label1\" content=\"Dur\u00e9e de lecture estim\u00e9e\" \/>\n\t<meta name=\"twitter:data1\" content=\"1 minute\" \/>\n<script type=\"application\/ld+json\" class=\"yoast-schema-graph\">{\"@context\":\"https:\\\/\\\/schema.org\",\"@graph\":[{\"@type\":\"WebPage\",\"@id\":\"https:\\\/\\\/www.walraven.com\\\/fr\\\/notre-support-technique\\\/bibliotheque-bim\\\/\",\"url\":\"https:\\\/\\\/www.walraven.com\\\/fr\\\/notre-support-technique\\\/bibliotheque-bim\\\/\",\"name\":\"Biblioth\u00e8que BIM - Walraven France\",\"isPartOf\":{\"@id\":\"https:\\\/\\\/www.walraven.com\\\/fr\\\/#website\"},\"datePublished\":\"2019-06-05T08:51:11+00:00\",\"dateModified\":\"2025-04-22T12:22:56+00:00\",\"description\":\"Mod\u00e8les BIM : Walraven met \u00e0 votre disposition les mod\u00e8les BIM 3D pour int\u00e9gration dans les outils de conception des b\u00e2timents. \u2705 Assistance \u2705 Revit\",\"breadcrumb\":{\"@id\":\"https:\\\/\\\/www.walraven.com\\\/fr\\\/notre-support-technique\\\/bibliotheque-bim\\\/#breadcrumb\"},\"inLanguage\":\"fr-FR\",\"potentialAction\":[{\"@type\":\"ReadAction\",\"target\":[\"https:\\\/\\\/www.walraven.com\\\/fr\\\/notre-support-technique\\\/bibliotheque-bim\\\/\"]}]},{\"@type\":\"BreadcrumbList\",\"@id\":\"https:\\\/\\\/www.walraven.com\\\/fr\\\/notre-support-technique\\\/bibliotheque-bim\\\/#breadcrumb\",\"itemListElement\":[{\"@type\":\"ListItem\",\"position\":1,\"name\":\"Accueil\",\"item\":\"https:\\\/\\\/www.walraven.com\\\/fr\\\/\"},{\"@type\":\"ListItem\",\"position\":2,\"name\":\"Notre support technique pour vos projets\",\"item\":\"https:\\\/\\\/www.walraven.com\\\/fr\\\/notre-support-technique\\\/\"},{\"@type\":\"ListItem\",\"position\":3,\"name\":\"Biblioth\u00e8que BIM\"}]},{\"@type\":\"WebSite\",\"@id\":\"https:\\\/\\\/www.walraven.com\\\/fr\\\/#website\",\"url\":\"https:\\\/\\\/www.walraven.com\\\/fr\\\/\",\"name\":\"Walraven France\",\"description\":\"\",\"publisher\":{\"@id\":\"https:\\\/\\\/www.walraven.com\\\/fr\\\/#organization\"},\"potentialAction\":[{\"@type\":\"SearchAction\",\"target\":{\"@type\":\"EntryPoint\",\"urlTemplate\":\"https:\\\/\\\/www.walraven.com\\\/fr\\\/?s={search_term_string}\"},\"query-input\":{\"@type\":\"PropertyValueSpecification\",\"valueRequired\":true,\"valueName\":\"search_term_string\"}}],\"inLanguage\":\"fr-FR\"},{\"@type\":\"Organization\",\"@id\":\"https:\\\/\\\/www.walraven.com\\\/fr\\\/#organization\",\"name\":\"Walraven France EURL\",\"alternateName\":\"Walraven France EURL\",\"url\":\"https:\\\/\\\/www.walraven.com\\\/fr\\\/\",\"logo\":{\"@type\":\"ImageObject\",\"inLanguage\":\"fr-FR\",\"@id\":\"https:\\\/\\\/www.walraven.com\\\/fr\\\/#\\\/schema\\\/logo\\\/image\\\/\",\"url\":\"https:\\\/\\\/www.walraven.com\\\/fr\\\/wp-content\\\/uploads\\\/sites\\\/5\\\/2023\\\/12\\\/Walraven_logo300x300.jpg\",\"contentUrl\":\"https:\\\/\\\/www.walraven.com\\\/fr\\\/wp-content\\\/uploads\\\/sites\\\/5\\\/2023\\\/12\\\/Walraven_logo300x300.jpg\",\"width\":300,\"height\":300,\"caption\":\"Walraven France EURL\"},\"image\":{\"@id\":\"https:\\\/\\\/www.walraven.com\\\/fr\\\/#\\\/schema\\\/logo\\\/image\\\/\"}}]}<\/script>\n<!-- \/ Yoast SEO Premium plugin. -->","yoast_head_json":{"title":"Biblioth\u00e8que BIM - Walraven France","description":"Mod\u00e8les BIM : Walraven met \u00e0 votre disposition les mod\u00e8les BIM 3D pour int\u00e9gration dans les outils de conception des b\u00e2timents. \u2705 Assistance \u2705 Revit","robots":{"index":"index","follow":"follow","max-snippet":"max-snippet:-1","max-image-preview":"max-image-preview:large","max-video-preview":"max-video-preview:-1"},"canonical":"https:\/\/www.walraven.com\/fr\/notre-support-technique\/bibliotheque-bim\/","og_locale":"fr_FR","og_type":"article","og_title":"Biblioth\u00e8que BIM","og_description":"Mod\u00e8les BIM : Walraven met \u00e0 votre disposition les mod\u00e8les BIM 3D pour int\u00e9gration dans les outils de conception des b\u00e2timents. \u2705 Assistance \u2705 Revit","og_url":"https:\/\/www.walraven.com\/fr\/notre-support-technique\/bibliotheque-bim\/","og_site_name":"Walraven France","article_modified_time":"2025-04-22T12:22:56+00:00","twitter_card":"summary_large_image","twitter_misc":{"Dur\u00e9e de lecture estim\u00e9e":"1 minute"},"schema":{"@context":"https:\/\/schema.org","@graph":[{"@type":"WebPage","@id":"https:\/\/www.walraven.com\/fr\/notre-support-technique\/bibliotheque-bim\/","url":"https:\/\/www.walraven.com\/fr\/notre-support-technique\/bibliotheque-bim\/","name":"Biblioth\u00e8que BIM - Walraven France","isPartOf":{"@id":"https:\/\/www.walraven.com\/fr\/#website"},"datePublished":"2019-06-05T08:51:11+00:00","dateModified":"2025-04-22T12:22:56+00:00","description":"Mod\u00e8les BIM : Walraven met \u00e0 votre disposition les mod\u00e8les BIM 3D pour int\u00e9gration dans les outils de conception des b\u00e2timents. \u2705 Assistance \u2705 Revit","breadcrumb":{"@id":"https:\/\/www.walraven.com\/fr\/notre-support-technique\/bibliotheque-bim\/#breadcrumb"},"inLanguage":"fr-FR","potentialAction":[{"@type":"ReadAction","target":["https:\/\/www.walraven.com\/fr\/notre-support-technique\/bibliotheque-bim\/"]}]},{"@type":"BreadcrumbList","@id":"https:\/\/www.walraven.com\/fr\/notre-support-technique\/bibliotheque-bim\/#breadcrumb","itemListElement":[{"@type":"ListItem","position":1,"name":"Accueil","item":"https:\/\/www.walraven.com\/fr\/"},{"@type":"ListItem","position":2,"name":"Notre support technique pour vos projets","item":"https:\/\/www.walraven.com\/fr\/notre-support-technique\/"},{"@type":"ListItem","position":3,"name":"Biblioth\u00e8que BIM"}]},{"@type":"WebSite","@id":"https:\/\/www.walraven.com\/fr\/#website","url":"https:\/\/www.walraven.com\/fr\/","name":"Walraven France","description":"","publisher":{"@id":"https:\/\/www.walraven.com\/fr\/#organization"},"potentialAction":[{"@type":"SearchAction","target":{"@type":"EntryPoint","urlTemplate":"https:\/\/www.walraven.com\/fr\/?s={search_term_string}"},"query-input":{"@type":"PropertyValueSpecification","valueRequired":true,"valueName":"search_term_string"}}],"inLanguage":"fr-FR"},{"@type":"Organization","@id":"https:\/\/www.walraven.com\/fr\/#organization","name":"Walraven France EURL","alternateName":"Walraven France EURL","url":"https:\/\/www.walraven.com\/fr\/","logo":{"@type":"ImageObject","inLanguage":"fr-FR","@id":"https:\/\/www.walraven.com\/fr\/#\/schema\/logo\/image\/","url":"https:\/\/www.walraven.com\/fr\/wp-content\/uploads\/sites\/5\/2023\/12\/Walraven_logo300x300.jpg","contentUrl":"https:\/\/www.walraven.com\/fr\/wp-content\/uploads\/sites\/5\/2023\/12\/Walraven_logo300x300.jpg","width":300,"height":300,"caption":"Walraven France EURL"},"image":{"@id":"https:\/\/www.walraven.com\/fr\/#\/schema\/logo\/image\/"}}]}},"_links":{"self":[{"href":"https:\/\/www.walraven.com\/fr\/wp-json\/wp\/v2\/pages\/43784","targetHints":{"allow":["GET"]}}],"collection":[{"href":"https:\/\/www.walraven.com\/fr\/wp-json\/wp\/v2\/pages"}],"about":[{"href":"https:\/\/www.walraven.com\/fr\/wp-json\/wp\/v2\/types\/page"}],"author":[{"embeddable":true,"href":"https:\/\/www.walraven.com\/fr\/wp-json\/wp\/v2\/users\/43"}],"replies":[{"embeddable":true,"href":"https:\/\/www.walraven.com\/fr\/wp-json\/wp\/v2\/comments?post=43784"}],"version-history":[{"count":5,"href":"https:\/\/www.walraven.com\/fr\/wp-json\/wp\/v2\/pages\/43784\/revisions"}],"predecessor-version":[{"id":50158,"href":"https:\/\/www.walraven.com\/fr\/wp-json\/wp\/v2\/pages\/43784\/revisions\/50158"}],"up":[{"embeddable":true,"href":"https:\/\/www.walraven.com\/fr\/wp-json\/wp\/v2\/pages\/43748"}],"wp:attachment":[{"href":"https:\/\/www.walraven.com\/fr\/wp-json\/wp\/v2\/media?parent=43784"}],"curies":[{"name":"wp","href":"https:\/\/api.w.org\/{rel}","templated":true}]}}