{"id":43811,"date":"2019-03-19T13:42:42","date_gmt":"2019-03-19T12:42:42","guid":{"rendered":"https:\/\/www.walraven.com\/en\/?page_id=54155"},"modified":"2023-01-20T15:15:45","modified_gmt":"2023-01-20T14:15:45","slug":"produits-de-fixation-testes-au-feu","status":"publish","type":"page","link":"https:\/\/www.walraven.com\/fr\/systemes-de-protection-incendie\/produits-de-fixation-testes-au-feu\/","title":{"rendered":"Produits de fixation test\u00e9s au feu"},"content":{"rendered":"","protected":false},"excerpt":{"rendered":"","protected":false},"author":43,"featured_media":0,"parent":43790,"menu_order":0,"comment_status":"closed","ping_status":"closed","template":"page-templates\/tpl-landingspage.php","meta":{"_acf_changed":false,"footnotes":""},"class_list":["post-43811","page","type-page","status-publish","hentry"],"acf":[],"yoast_head":"<!-- This site is optimized with the Yoast SEO Premium plugin v27.3 (Yoast SEO v27.3) - https:\/\/yoast.com\/product\/yoast-seo-premium-wordpress\/ -->\n<title>Produits de fixation test\u00e9s au feu - Walraven France<\/title>\n<meta name=\"description\" content=\"En cas d&#039;incendie, les issues de secours doivent toujours rester d\u00e9gag\u00e9es. Walraven a test\u00e9 une partie de ses produits de fixation pour pouvoir mettre \u00e0 la disposition de ses clients les donn\u00e9es techniques de d\u00e9formation au feu, \u00e0 prendre en compte pour les installations situ\u00e9es au-dessus des voies d\u00e9vacuation.\" \/>\n<meta name=\"robots\" content=\"index, follow, max-snippet:-1, max-image-preview:large, max-video-preview:-1\" \/>\n<link rel=\"canonical\" href=\"https:\/\/www.walraven.com\/fr\/systemes-de-protection-incendie\/produits-de-fixation-testes-au-feu\/\" \/>\n<meta property=\"og:locale\" content=\"fr_FR\" \/>\n<meta property=\"og:type\" content=\"article\" \/>\n<meta property=\"og:title\" content=\"Produits de fixation test\u00e9s au feu\" \/>\n<meta property=\"og:description\" content=\"En cas d&#039;incendie, les issues de secours doivent toujours rester d\u00e9gag\u00e9es. Walraven a test\u00e9 une partie de ses produits de fixation pour pouvoir mettre \u00e0 la disposition de ses clients les donn\u00e9es techniques de d\u00e9formation au feu, \u00e0 prendre en compte pour les installations situ\u00e9es au-dessus des voies d\u00e9vacuation.\" \/>\n<meta property=\"og:url\" content=\"https:\/\/www.walraven.com\/fr\/systemes-de-protection-incendie\/produits-de-fixation-testes-au-feu\/\" \/>\n<meta property=\"og:site_name\" content=\"Walraven France\" \/>\n<meta property=\"article:modified_time\" content=\"2023-01-20T14:15:45+00:00\" \/>\n<meta name=\"twitter:card\" content=\"summary_large_image\" \/>\n<script type=\"application\/ld+json\" class=\"yoast-schema-graph\">{\"@context\":\"https:\\\/\\\/schema.org\",\"@graph\":[{\"@type\":\"WebPage\",\"@id\":\"https:\\\/\\\/www.walraven.com\\\/fr\\\/systemes-de-protection-incendie\\\/produits-de-fixation-testes-au-feu\\\/\",\"url\":\"https:\\\/\\\/www.walraven.com\\\/fr\\\/systemes-de-protection-incendie\\\/produits-de-fixation-testes-au-feu\\\/\",\"name\":\"Produits de fixation test\u00e9s au feu - Walraven France\",\"isPartOf\":{\"@id\":\"https:\\\/\\\/www.walraven.com\\\/fr\\\/#website\"},\"datePublished\":\"2019-03-19T12:42:42+00:00\",\"dateModified\":\"2023-01-20T14:15:45+00:00\",\"description\":\"En cas d'incendie, les issues de secours doivent toujours rester d\u00e9gag\u00e9es. Walraven a test\u00e9 une partie de ses produits de fixation pour pouvoir mettre \u00e0 la disposition de ses clients les donn\u00e9es techniques de d\u00e9formation au feu, \u00e0 prendre en compte pour les installations situ\u00e9es au-dessus des voies d\u00e9vacuation.\",\"breadcrumb\":{\"@id\":\"https:\\\/\\\/www.walraven.com\\\/fr\\\/systemes-de-protection-incendie\\\/produits-de-fixation-testes-au-feu\\\/#breadcrumb\"},\"inLanguage\":\"fr-FR\",\"potentialAction\":[{\"@type\":\"ReadAction\",\"target\":[\"https:\\\/\\\/www.walraven.com\\\/fr\\\/systemes-de-protection-incendie\\\/produits-de-fixation-testes-au-feu\\\/\"]}]},{\"@type\":\"BreadcrumbList\",\"@id\":\"https:\\\/\\\/www.walraven.com\\\/fr\\\/systemes-de-protection-incendie\\\/produits-de-fixation-testes-au-feu\\\/#breadcrumb\",\"itemListElement\":[{\"@type\":\"ListItem\",\"position\":1,\"name\":\"Accueil\",\"item\":\"https:\\\/\\\/www.walraven.com\\\/fr\\\/\"},{\"@type\":\"ListItem\",\"position\":2,\"name\":\"Syst\u00e8mes de protection incendie\",\"item\":\"https:\\\/\\\/www.walraven.com\\\/fr\\\/systemes-de-protection-incendie\\\/\"},{\"@type\":\"ListItem\",\"position\":3,\"name\":\"Produits de fixation test\u00e9s au feu\"}]},{\"@type\":\"WebSite\",\"@id\":\"https:\\\/\\\/www.walraven.com\\\/fr\\\/#website\",\"url\":\"https:\\\/\\\/www.walraven.com\\\/fr\\\/\",\"name\":\"Walraven France\",\"description\":\"\",\"publisher\":{\"@id\":\"https:\\\/\\\/www.walraven.com\\\/fr\\\/#organization\"},\"potentialAction\":[{\"@type\":\"SearchAction\",\"target\":{\"@type\":\"EntryPoint\",\"urlTemplate\":\"https:\\\/\\\/www.walraven.com\\\/fr\\\/?s={search_term_string}\"},\"query-input\":{\"@type\":\"PropertyValueSpecification\",\"valueRequired\":true,\"valueName\":\"search_term_string\"}}],\"inLanguage\":\"fr-FR\"},{\"@type\":\"Organization\",\"@id\":\"https:\\\/\\\/www.walraven.com\\\/fr\\\/#organization\",\"name\":\"Walraven France EURL\",\"alternateName\":\"Walraven France EURL\",\"url\":\"https:\\\/\\\/www.walraven.com\\\/fr\\\/\",\"logo\":{\"@type\":\"ImageObject\",\"inLanguage\":\"fr-FR\",\"@id\":\"https:\\\/\\\/www.walraven.com\\\/fr\\\/#\\\/schema\\\/logo\\\/image\\\/\",\"url\":\"https:\\\/\\\/www.walraven.com\\\/fr\\\/wp-content\\\/uploads\\\/sites\\\/5\\\/2023\\\/12\\\/Walraven_logo300x300.jpg\",\"contentUrl\":\"https:\\\/\\\/www.walraven.com\\\/fr\\\/wp-content\\\/uploads\\\/sites\\\/5\\\/2023\\\/12\\\/Walraven_logo300x300.jpg\",\"width\":300,\"height\":300,\"caption\":\"Walraven France EURL\"},\"image\":{\"@id\":\"https:\\\/\\\/www.walraven.com\\\/fr\\\/#\\\/schema\\\/logo\\\/image\\\/\"}}]}<\/script>\n<!-- \/ Yoast SEO Premium plugin. -->","yoast_head_json":{"title":"Produits de fixation test\u00e9s au feu - Walraven France","description":"En cas d'incendie, les issues de secours doivent toujours rester d\u00e9gag\u00e9es. Walraven a test\u00e9 une partie de ses produits de fixation pour pouvoir mettre \u00e0 la disposition de ses clients les donn\u00e9es techniques de d\u00e9formation au feu, \u00e0 prendre en compte pour les installations situ\u00e9es au-dessus des voies d\u00e9vacuation.","robots":{"index":"index","follow":"follow","max-snippet":"max-snippet:-1","max-image-preview":"max-image-preview:large","max-video-preview":"max-video-preview:-1"},"canonical":"https:\/\/www.walraven.com\/fr\/systemes-de-protection-incendie\/produits-de-fixation-testes-au-feu\/","og_locale":"fr_FR","og_type":"article","og_title":"Produits de fixation test\u00e9s au feu","og_description":"En cas d'incendie, les issues de secours doivent toujours rester d\u00e9gag\u00e9es. Walraven a test\u00e9 une partie de ses produits de fixation pour pouvoir mettre \u00e0 la disposition de ses clients les donn\u00e9es techniques de d\u00e9formation au feu, \u00e0 prendre en compte pour les installations situ\u00e9es au-dessus des voies d\u00e9vacuation.","og_url":"https:\/\/www.walraven.com\/fr\/systemes-de-protection-incendie\/produits-de-fixation-testes-au-feu\/","og_site_name":"Walraven France","article_modified_time":"2023-01-20T14:15:45+00:00","twitter_card":"summary_large_image","schema":{"@context":"https:\/\/schema.org","@graph":[{"@type":"WebPage","@id":"https:\/\/www.walraven.com\/fr\/systemes-de-protection-incendie\/produits-de-fixation-testes-au-feu\/","url":"https:\/\/www.walraven.com\/fr\/systemes-de-protection-incendie\/produits-de-fixation-testes-au-feu\/","name":"Produits de fixation test\u00e9s au feu - Walraven France","isPartOf":{"@id":"https:\/\/www.walraven.com\/fr\/#website"},"datePublished":"2019-03-19T12:42:42+00:00","dateModified":"2023-01-20T14:15:45+00:00","description":"En cas d'incendie, les issues de secours doivent toujours rester d\u00e9gag\u00e9es. Walraven a test\u00e9 une partie de ses produits de fixation pour pouvoir mettre \u00e0 la disposition de ses clients les donn\u00e9es techniques de d\u00e9formation au feu, \u00e0 prendre en compte pour les installations situ\u00e9es au-dessus des voies d\u00e9vacuation.","breadcrumb":{"@id":"https:\/\/www.walraven.com\/fr\/systemes-de-protection-incendie\/produits-de-fixation-testes-au-feu\/#breadcrumb"},"inLanguage":"fr-FR","potentialAction":[{"@type":"ReadAction","target":["https:\/\/www.walraven.com\/fr\/systemes-de-protection-incendie\/produits-de-fixation-testes-au-feu\/"]}]},{"@type":"BreadcrumbList","@id":"https:\/\/www.walraven.com\/fr\/systemes-de-protection-incendie\/produits-de-fixation-testes-au-feu\/#breadcrumb","itemListElement":[{"@type":"ListItem","position":1,"name":"Accueil","item":"https:\/\/www.walraven.com\/fr\/"},{"@type":"ListItem","position":2,"name":"Syst\u00e8mes de protection incendie","item":"https:\/\/www.walraven.com\/fr\/systemes-de-protection-incendie\/"},{"@type":"ListItem","position":3,"name":"Produits de fixation test\u00e9s au feu"}]},{"@type":"WebSite","@id":"https:\/\/www.walraven.com\/fr\/#website","url":"https:\/\/www.walraven.com\/fr\/","name":"Walraven France","description":"","publisher":{"@id":"https:\/\/www.walraven.com\/fr\/#organization"},"potentialAction":[{"@type":"SearchAction","target":{"@type":"EntryPoint","urlTemplate":"https:\/\/www.walraven.com\/fr\/?s={search_term_string}"},"query-input":{"@type":"PropertyValueSpecification","valueRequired":true,"valueName":"search_term_string"}}],"inLanguage":"fr-FR"},{"@type":"Organization","@id":"https:\/\/www.walraven.com\/fr\/#organization","name":"Walraven France EURL","alternateName":"Walraven France EURL","url":"https:\/\/www.walraven.com\/fr\/","logo":{"@type":"ImageObject","inLanguage":"fr-FR","@id":"https:\/\/www.walraven.com\/fr\/#\/schema\/logo\/image\/","url":"https:\/\/www.walraven.com\/fr\/wp-content\/uploads\/sites\/5\/2023\/12\/Walraven_logo300x300.jpg","contentUrl":"https:\/\/www.walraven.com\/fr\/wp-content\/uploads\/sites\/5\/2023\/12\/Walraven_logo300x300.jpg","width":300,"height":300,"caption":"Walraven France EURL"},"image":{"@id":"https:\/\/www.walraven.com\/fr\/#\/schema\/logo\/image\/"}}]}},"_links":{"self":[{"href":"https:\/\/www.walraven.com\/fr\/wp-json\/wp\/v2\/pages\/43811","targetHints":{"allow":["GET"]}}],"collection":[{"href":"https:\/\/www.walraven.com\/fr\/wp-json\/wp\/v2\/pages"}],"about":[{"href":"https:\/\/www.walraven.com\/fr\/wp-json\/wp\/v2\/types\/page"}],"author":[{"embeddable":true,"href":"https:\/\/www.walraven.com\/fr\/wp-json\/wp\/v2\/users\/43"}],"replies":[{"embeddable":true,"href":"https:\/\/www.walraven.com\/fr\/wp-json\/wp\/v2\/comments?post=43811"}],"version-history":[{"count":4,"href":"https:\/\/www.walraven.com\/fr\/wp-json\/wp\/v2\/pages\/43811\/revisions"}],"predecessor-version":[{"id":45980,"href":"https:\/\/www.walraven.com\/fr\/wp-json\/wp\/v2\/pages\/43811\/revisions\/45980"}],"up":[{"embeddable":true,"href":"https:\/\/www.walraven.com\/fr\/wp-json\/wp\/v2\/pages\/43790"}],"wp:attachment":[{"href":"https:\/\/www.walraven.com\/fr\/wp-json\/wp\/v2\/media?parent=43811"}],"curies":[{"name":"wp","href":"https:\/\/api.w.org\/{rel}","templated":true}]}}