{"id":43834,"date":"2019-03-13T10:57:53","date_gmt":"2019-03-13T09:57:53","guid":{"rendered":"https:\/\/www.walraven.com\/en\/?page_id=54112"},"modified":"2023-02-03T14:51:44","modified_gmt":"2023-02-03T13:51:44","slug":"systemes-de-fixation","status":"publish","type":"page","link":"https:\/\/www.walraven.com\/fr\/systemes-de-fixation\/","title":{"rendered":"Syst\u00e8mes de fixation"},"content":{"rendered":"","protected":false},"excerpt":{"rendered":"","protected":false},"author":43,"featured_media":46013,"parent":0,"menu_order":0,"comment_status":"closed","ping_status":"closed","template":"page-templates\/tpl-landingspage.php","meta":{"_acf_changed":false,"footnotes":""},"class_list":["post-43834","page","type-page","status-publish","has-post-thumbnail","hentry"],"acf":[],"yoast_head":"<!-- This site is optimized with the Yoast SEO Premium plugin v27.3 (Yoast SEO v27.3) - https:\/\/yoast.com\/product\/yoast-seo-premium-wordpress\/ -->\n<title>Syst\u00e8mes de fixation - Walraven France<\/title>\n<meta name=\"description\" content=\"Walraven fabrique une larte gamme de produits de fixation et de supportage. Nos produits sont con\u00e7us pour \u00eatre combin\u00e9s et vous permettre de mettre en oeuvre la solution la plus adapt\u00e9e \u00e0 votre installation.\" \/>\n<meta name=\"robots\" content=\"index, follow, max-snippet:-1, max-image-preview:large, max-video-preview:-1\" \/>\n<link rel=\"canonical\" href=\"https:\/\/www.walraven.com\/fr\/systemes-de-fixation\/\" \/>\n<meta property=\"og:locale\" content=\"fr_FR\" \/>\n<meta property=\"og:type\" content=\"article\" \/>\n<meta property=\"og:title\" content=\"Syst\u00e8mes de fixation\" \/>\n<meta property=\"og:description\" content=\"Walraven fabrique une larte gamme de produits de fixation et de supportage. Nos produits sont con\u00e7us pour \u00eatre combin\u00e9s et vous permettre de mettre en oeuvre la solution la plus adapt\u00e9e \u00e0 votre installation.\" \/>\n<meta property=\"og:url\" content=\"https:\/\/www.walraven.com\/fr\/systemes-de-fixation\/\" \/>\n<meta property=\"og:site_name\" content=\"Walraven France\" \/>\n<meta property=\"article:modified_time\" content=\"2023-02-03T13:51:44+00:00\" \/>\n<meta property=\"og:image\" content=\"https:\/\/www.walraven.com\/fr\/wp-content\/uploads\/sites\/5\/2023\/02\/Fixing-Systems-medium_v02.jpg\" \/>\n\t<meta property=\"og:image:width\" content=\"600\" \/>\n\t<meta property=\"og:image:height\" content=\"300\" \/>\n\t<meta property=\"og:image:type\" content=\"image\/jpeg\" \/>\n<meta name=\"twitter:card\" content=\"summary_large_image\" \/>\n<script type=\"application\/ld+json\" class=\"yoast-schema-graph\">{\"@context\":\"https:\\\/\\\/schema.org\",\"@graph\":[{\"@type\":\"WebPage\",\"@id\":\"https:\\\/\\\/www.walraven.com\\\/fr\\\/systemes-de-fixation\\\/\",\"url\":\"https:\\\/\\\/www.walraven.com\\\/fr\\\/systemes-de-fixation\\\/\",\"name\":\"Syst\u00e8mes de fixation - Walraven France\",\"isPartOf\":{\"@id\":\"https:\\\/\\\/www.walraven.com\\\/fr\\\/#website\"},\"primaryImageOfPage\":{\"@id\":\"https:\\\/\\\/www.walraven.com\\\/fr\\\/systemes-de-fixation\\\/#primaryimage\"},\"image\":{\"@id\":\"https:\\\/\\\/www.walraven.com\\\/fr\\\/systemes-de-fixation\\\/#primaryimage\"},\"thumbnailUrl\":\"https:\\\/\\\/www.walraven.com\\\/fr\\\/wp-content\\\/uploads\\\/sites\\\/5\\\/2023\\\/02\\\/Fixing-Systems-medium_v02.jpg\",\"datePublished\":\"2019-03-13T09:57:53+00:00\",\"dateModified\":\"2023-02-03T13:51:44+00:00\",\"description\":\"Walraven fabrique une larte gamme de produits de fixation et de supportage. Nos produits sont con\u00e7us pour \u00eatre combin\u00e9s et vous permettre de mettre en oeuvre la solution la plus adapt\u00e9e \u00e0 votre installation.\",\"breadcrumb\":{\"@id\":\"https:\\\/\\\/www.walraven.com\\\/fr\\\/systemes-de-fixation\\\/#breadcrumb\"},\"inLanguage\":\"fr-FR\",\"potentialAction\":[{\"@type\":\"ReadAction\",\"target\":[\"https:\\\/\\\/www.walraven.com\\\/fr\\\/systemes-de-fixation\\\/\"]}]},{\"@type\":\"ImageObject\",\"inLanguage\":\"fr-FR\",\"@id\":\"https:\\\/\\\/www.walraven.com\\\/fr\\\/systemes-de-fixation\\\/#primaryimage\",\"url\":\"https:\\\/\\\/www.walraven.com\\\/fr\\\/wp-content\\\/uploads\\\/sites\\\/5\\\/2023\\\/02\\\/Fixing-Systems-medium_v02.jpg\",\"contentUrl\":\"https:\\\/\\\/www.walraven.com\\\/fr\\\/wp-content\\\/uploads\\\/sites\\\/5\\\/2023\\\/02\\\/Fixing-Systems-medium_v02.jpg\",\"width\":600,\"height\":300,\"caption\":\"Fixing-Systems-medium_v02\"},{\"@type\":\"BreadcrumbList\",\"@id\":\"https:\\\/\\\/www.walraven.com\\\/fr\\\/systemes-de-fixation\\\/#breadcrumb\",\"itemListElement\":[{\"@type\":\"ListItem\",\"position\":1,\"name\":\"Accueil\",\"item\":\"https:\\\/\\\/www.walraven.com\\\/fr\\\/\"},{\"@type\":\"ListItem\",\"position\":2,\"name\":\"Syst\u00e8mes de fixation\"}]},{\"@type\":\"WebSite\",\"@id\":\"https:\\\/\\\/www.walraven.com\\\/fr\\\/#website\",\"url\":\"https:\\\/\\\/www.walraven.com\\\/fr\\\/\",\"name\":\"Walraven France\",\"description\":\"\",\"publisher\":{\"@id\":\"https:\\\/\\\/www.walraven.com\\\/fr\\\/#organization\"},\"potentialAction\":[{\"@type\":\"SearchAction\",\"target\":{\"@type\":\"EntryPoint\",\"urlTemplate\":\"https:\\\/\\\/www.walraven.com\\\/fr\\\/?s={search_term_string}\"},\"query-input\":{\"@type\":\"PropertyValueSpecification\",\"valueRequired\":true,\"valueName\":\"search_term_string\"}}],\"inLanguage\":\"fr-FR\"},{\"@type\":\"Organization\",\"@id\":\"https:\\\/\\\/www.walraven.com\\\/fr\\\/#organization\",\"name\":\"Walraven France EURL\",\"alternateName\":\"Walraven France EURL\",\"url\":\"https:\\\/\\\/www.walraven.com\\\/fr\\\/\",\"logo\":{\"@type\":\"ImageObject\",\"inLanguage\":\"fr-FR\",\"@id\":\"https:\\\/\\\/www.walraven.com\\\/fr\\\/#\\\/schema\\\/logo\\\/image\\\/\",\"url\":\"https:\\\/\\\/www.walraven.com\\\/fr\\\/wp-content\\\/uploads\\\/sites\\\/5\\\/2023\\\/12\\\/Walraven_logo300x300.jpg\",\"contentUrl\":\"https:\\\/\\\/www.walraven.com\\\/fr\\\/wp-content\\\/uploads\\\/sites\\\/5\\\/2023\\\/12\\\/Walraven_logo300x300.jpg\",\"width\":300,\"height\":300,\"caption\":\"Walraven France EURL\"},\"image\":{\"@id\":\"https:\\\/\\\/www.walraven.com\\\/fr\\\/#\\\/schema\\\/logo\\\/image\\\/\"}}]}<\/script>\n<!-- \/ Yoast SEO Premium plugin. -->","yoast_head_json":{"title":"Syst\u00e8mes de fixation - Walraven France","description":"Walraven fabrique une larte gamme de produits de fixation et de supportage. Nos produits sont con\u00e7us pour \u00eatre combin\u00e9s et vous permettre de mettre en oeuvre la solution la plus adapt\u00e9e \u00e0 votre installation.","robots":{"index":"index","follow":"follow","max-snippet":"max-snippet:-1","max-image-preview":"max-image-preview:large","max-video-preview":"max-video-preview:-1"},"canonical":"https:\/\/www.walraven.com\/fr\/systemes-de-fixation\/","og_locale":"fr_FR","og_type":"article","og_title":"Syst\u00e8mes de fixation","og_description":"Walraven fabrique une larte gamme de produits de fixation et de supportage. Nos produits sont con\u00e7us pour \u00eatre combin\u00e9s et vous permettre de mettre en oeuvre la solution la plus adapt\u00e9e \u00e0 votre installation.","og_url":"https:\/\/www.walraven.com\/fr\/systemes-de-fixation\/","og_site_name":"Walraven France","article_modified_time":"2023-02-03T13:51:44+00:00","og_image":[{"width":600,"height":300,"url":"https:\/\/www.walraven.com\/fr\/wp-content\/uploads\/sites\/5\/2023\/02\/Fixing-Systems-medium_v02.jpg","type":"image\/jpeg"}],"twitter_card":"summary_large_image","schema":{"@context":"https:\/\/schema.org","@graph":[{"@type":"WebPage","@id":"https:\/\/www.walraven.com\/fr\/systemes-de-fixation\/","url":"https:\/\/www.walraven.com\/fr\/systemes-de-fixation\/","name":"Syst\u00e8mes de fixation - Walraven France","isPartOf":{"@id":"https:\/\/www.walraven.com\/fr\/#website"},"primaryImageOfPage":{"@id":"https:\/\/www.walraven.com\/fr\/systemes-de-fixation\/#primaryimage"},"image":{"@id":"https:\/\/www.walraven.com\/fr\/systemes-de-fixation\/#primaryimage"},"thumbnailUrl":"https:\/\/www.walraven.com\/fr\/wp-content\/uploads\/sites\/5\/2023\/02\/Fixing-Systems-medium_v02.jpg","datePublished":"2019-03-13T09:57:53+00:00","dateModified":"2023-02-03T13:51:44+00:00","description":"Walraven fabrique une larte gamme de produits de fixation et de supportage. Nos produits sont con\u00e7us pour \u00eatre combin\u00e9s et vous permettre de mettre en oeuvre la solution la plus adapt\u00e9e \u00e0 votre installation.","breadcrumb":{"@id":"https:\/\/www.walraven.com\/fr\/systemes-de-fixation\/#breadcrumb"},"inLanguage":"fr-FR","potentialAction":[{"@type":"ReadAction","target":["https:\/\/www.walraven.com\/fr\/systemes-de-fixation\/"]}]},{"@type":"ImageObject","inLanguage":"fr-FR","@id":"https:\/\/www.walraven.com\/fr\/systemes-de-fixation\/#primaryimage","url":"https:\/\/www.walraven.com\/fr\/wp-content\/uploads\/sites\/5\/2023\/02\/Fixing-Systems-medium_v02.jpg","contentUrl":"https:\/\/www.walraven.com\/fr\/wp-content\/uploads\/sites\/5\/2023\/02\/Fixing-Systems-medium_v02.jpg","width":600,"height":300,"caption":"Fixing-Systems-medium_v02"},{"@type":"BreadcrumbList","@id":"https:\/\/www.walraven.com\/fr\/systemes-de-fixation\/#breadcrumb","itemListElement":[{"@type":"ListItem","position":1,"name":"Accueil","item":"https:\/\/www.walraven.com\/fr\/"},{"@type":"ListItem","position":2,"name":"Syst\u00e8mes de fixation"}]},{"@type":"WebSite","@id":"https:\/\/www.walraven.com\/fr\/#website","url":"https:\/\/www.walraven.com\/fr\/","name":"Walraven France","description":"","publisher":{"@id":"https:\/\/www.walraven.com\/fr\/#organization"},"potentialAction":[{"@type":"SearchAction","target":{"@type":"EntryPoint","urlTemplate":"https:\/\/www.walraven.com\/fr\/?s={search_term_string}"},"query-input":{"@type":"PropertyValueSpecification","valueRequired":true,"valueName":"search_term_string"}}],"inLanguage":"fr-FR"},{"@type":"Organization","@id":"https:\/\/www.walraven.com\/fr\/#organization","name":"Walraven France EURL","alternateName":"Walraven France EURL","url":"https:\/\/www.walraven.com\/fr\/","logo":{"@type":"ImageObject","inLanguage":"fr-FR","@id":"https:\/\/www.walraven.com\/fr\/#\/schema\/logo\/image\/","url":"https:\/\/www.walraven.com\/fr\/wp-content\/uploads\/sites\/5\/2023\/12\/Walraven_logo300x300.jpg","contentUrl":"https:\/\/www.walraven.com\/fr\/wp-content\/uploads\/sites\/5\/2023\/12\/Walraven_logo300x300.jpg","width":300,"height":300,"caption":"Walraven France EURL"},"image":{"@id":"https:\/\/www.walraven.com\/fr\/#\/schema\/logo\/image\/"}}]}},"_links":{"self":[{"href":"https:\/\/www.walraven.com\/fr\/wp-json\/wp\/v2\/pages\/43834","targetHints":{"allow":["GET"]}}],"collection":[{"href":"https:\/\/www.walraven.com\/fr\/wp-json\/wp\/v2\/pages"}],"about":[{"href":"https:\/\/www.walraven.com\/fr\/wp-json\/wp\/v2\/types\/page"}],"author":[{"embeddable":true,"href":"https:\/\/www.walraven.com\/fr\/wp-json\/wp\/v2\/users\/43"}],"replies":[{"embeddable":true,"href":"https:\/\/www.walraven.com\/fr\/wp-json\/wp\/v2\/comments?post=43834"}],"version-history":[{"count":5,"href":"https:\/\/www.walraven.com\/fr\/wp-json\/wp\/v2\/pages\/43834\/revisions"}],"predecessor-version":[{"id":46015,"href":"https:\/\/www.walraven.com\/fr\/wp-json\/wp\/v2\/pages\/43834\/revisions\/46015"}],"wp:featuredmedia":[{"embeddable":true,"href":"https:\/\/www.walraven.com\/fr\/wp-json\/wp\/v2\/media\/46013"}],"wp:attachment":[{"href":"https:\/\/www.walraven.com\/fr\/wp-json\/wp\/v2\/media?parent=43834"}],"curies":[{"name":"wp","href":"https:\/\/api.w.org\/{rel}","templated":true}]}}