{"id":43855,"date":"2019-03-20T12:39:27","date_gmt":"2019-03-20T11:39:27","guid":{"rendered":"https:\/\/www.walraven.com\/en\/?page_id=54179"},"modified":"2023-01-24T15:12:46","modified_gmt":"2023-01-24T14:12:46","slug":"rapidrail","status":"publish","type":"page","link":"https:\/\/www.walraven.com\/fr\/systemes-de-fixation\/rapidrail\/","title":{"rendered":"Syst\u00e8me RapidRail\u00ae : pour toutes les applications en charges l\u00e9g\u00e8res"},"content":{"rendered":"","protected":false},"excerpt":{"rendered":"","protected":false},"author":43,"featured_media":0,"parent":43834,"menu_order":0,"comment_status":"closed","ping_status":"closed","template":"page-templates\/tpl-landingspage.php","meta":{"_acf_changed":false,"footnotes":""},"class_list":["post-43855","page","type-page","status-publish","hentry"],"acf":[],"yoast_head":"<!-- This site is optimized with the Yoast SEO Premium plugin v27.3 (Yoast SEO v27.3) - https:\/\/yoast.com\/product\/yoast-seo-premium-wordpress\/ -->\n<title>Syst\u00e8me RapidRail\u00ae : pour toutes les applications en charges l\u00e9g\u00e8res - Walraven France<\/title>\n<meta name=\"description\" content=\"Les \u00e9l\u00e9ments de la gamme BIS RapidRail\u00ae\u00a0permettent de r\u00e9alisation rapidement et efficacement les montages et installations en charges l\u00e9g\u00e8res.\" \/>\n<meta name=\"robots\" content=\"index, follow, max-snippet:-1, max-image-preview:large, max-video-preview:-1\" \/>\n<link rel=\"canonical\" href=\"https:\/\/www.walraven.com\/fr\/systemes-de-fixation\/rapidrail\/\" \/>\n<meta property=\"og:locale\" content=\"fr_FR\" \/>\n<meta property=\"og:type\" content=\"article\" \/>\n<meta property=\"og:title\" content=\"Syst\u00e8me RapidRail\u00ae : pour toutes les applications en charges l\u00e9g\u00e8res\" \/>\n<meta property=\"og:description\" content=\"Les \u00e9l\u00e9ments de la gamme BIS RapidRail\u00ae\u00a0permettent de r\u00e9alisation rapidement et efficacement les montages et installations en charges l\u00e9g\u00e8res.\" \/>\n<meta property=\"og:url\" content=\"https:\/\/www.walraven.com\/fr\/systemes-de-fixation\/rapidrail\/\" \/>\n<meta property=\"og:site_name\" content=\"Walraven France\" \/>\n<meta property=\"article:modified_time\" content=\"2023-01-24T14:12:46+00:00\" \/>\n<meta name=\"twitter:card\" content=\"summary_large_image\" \/>\n<script type=\"application\/ld+json\" class=\"yoast-schema-graph\">{\"@context\":\"https:\\\/\\\/schema.org\",\"@graph\":[{\"@type\":\"WebPage\",\"@id\":\"https:\\\/\\\/www.walraven.com\\\/fr\\\/systemes-de-fixation\\\/rapidrail\\\/\",\"url\":\"https:\\\/\\\/www.walraven.com\\\/fr\\\/systemes-de-fixation\\\/rapidrail\\\/\",\"name\":\"Syst\u00e8me RapidRail\u00ae : pour toutes les applications en charges l\u00e9g\u00e8res - Walraven France\",\"isPartOf\":{\"@id\":\"https:\\\/\\\/www.walraven.com\\\/fr\\\/#website\"},\"datePublished\":\"2019-03-20T11:39:27+00:00\",\"dateModified\":\"2023-01-24T14:12:46+00:00\",\"description\":\"Les \u00e9l\u00e9ments de la gamme BIS RapidRail\u00ae\u00a0permettent de r\u00e9alisation rapidement et efficacement les montages et installations en charges l\u00e9g\u00e8res.\",\"breadcrumb\":{\"@id\":\"https:\\\/\\\/www.walraven.com\\\/fr\\\/systemes-de-fixation\\\/rapidrail\\\/#breadcrumb\"},\"inLanguage\":\"fr-FR\",\"potentialAction\":[{\"@type\":\"ReadAction\",\"target\":[\"https:\\\/\\\/www.walraven.com\\\/fr\\\/systemes-de-fixation\\\/rapidrail\\\/\"]}]},{\"@type\":\"BreadcrumbList\",\"@id\":\"https:\\\/\\\/www.walraven.com\\\/fr\\\/systemes-de-fixation\\\/rapidrail\\\/#breadcrumb\",\"itemListElement\":[{\"@type\":\"ListItem\",\"position\":1,\"name\":\"Accueil\",\"item\":\"https:\\\/\\\/www.walraven.com\\\/fr\\\/\"},{\"@type\":\"ListItem\",\"position\":2,\"name\":\"Syst\u00e8mes de fixation\",\"item\":\"https:\\\/\\\/www.walraven.com\\\/fr\\\/systemes-de-fixation\\\/\"},{\"@type\":\"ListItem\",\"position\":3,\"name\":\"Syst\u00e8me RapidRail\u00ae : pour toutes les applications en charges l\u00e9g\u00e8res\"}]},{\"@type\":\"WebSite\",\"@id\":\"https:\\\/\\\/www.walraven.com\\\/fr\\\/#website\",\"url\":\"https:\\\/\\\/www.walraven.com\\\/fr\\\/\",\"name\":\"Walraven France\",\"description\":\"\",\"publisher\":{\"@id\":\"https:\\\/\\\/www.walraven.com\\\/fr\\\/#organization\"},\"potentialAction\":[{\"@type\":\"SearchAction\",\"target\":{\"@type\":\"EntryPoint\",\"urlTemplate\":\"https:\\\/\\\/www.walraven.com\\\/fr\\\/?s={search_term_string}\"},\"query-input\":{\"@type\":\"PropertyValueSpecification\",\"valueRequired\":true,\"valueName\":\"search_term_string\"}}],\"inLanguage\":\"fr-FR\"},{\"@type\":\"Organization\",\"@id\":\"https:\\\/\\\/www.walraven.com\\\/fr\\\/#organization\",\"name\":\"Walraven France EURL\",\"alternateName\":\"Walraven France EURL\",\"url\":\"https:\\\/\\\/www.walraven.com\\\/fr\\\/\",\"logo\":{\"@type\":\"ImageObject\",\"inLanguage\":\"fr-FR\",\"@id\":\"https:\\\/\\\/www.walraven.com\\\/fr\\\/#\\\/schema\\\/logo\\\/image\\\/\",\"url\":\"https:\\\/\\\/www.walraven.com\\\/fr\\\/wp-content\\\/uploads\\\/sites\\\/5\\\/2023\\\/12\\\/Walraven_logo300x300.jpg\",\"contentUrl\":\"https:\\\/\\\/www.walraven.com\\\/fr\\\/wp-content\\\/uploads\\\/sites\\\/5\\\/2023\\\/12\\\/Walraven_logo300x300.jpg\",\"width\":300,\"height\":300,\"caption\":\"Walraven France EURL\"},\"image\":{\"@id\":\"https:\\\/\\\/www.walraven.com\\\/fr\\\/#\\\/schema\\\/logo\\\/image\\\/\"}}]}<\/script>\n<!-- \/ Yoast SEO Premium plugin. -->","yoast_head_json":{"title":"Syst\u00e8me RapidRail\u00ae : pour toutes les applications en charges l\u00e9g\u00e8res - Walraven France","description":"Les \u00e9l\u00e9ments de la gamme BIS RapidRail\u00ae\u00a0permettent de r\u00e9alisation rapidement et efficacement les montages et installations en charges l\u00e9g\u00e8res.","robots":{"index":"index","follow":"follow","max-snippet":"max-snippet:-1","max-image-preview":"max-image-preview:large","max-video-preview":"max-video-preview:-1"},"canonical":"https:\/\/www.walraven.com\/fr\/systemes-de-fixation\/rapidrail\/","og_locale":"fr_FR","og_type":"article","og_title":"Syst\u00e8me RapidRail\u00ae : pour toutes les applications en charges l\u00e9g\u00e8res","og_description":"Les \u00e9l\u00e9ments de la gamme BIS RapidRail\u00ae\u00a0permettent de r\u00e9alisation rapidement et efficacement les montages et installations en charges l\u00e9g\u00e8res.","og_url":"https:\/\/www.walraven.com\/fr\/systemes-de-fixation\/rapidrail\/","og_site_name":"Walraven France","article_modified_time":"2023-01-24T14:12:46+00:00","twitter_card":"summary_large_image","schema":{"@context":"https:\/\/schema.org","@graph":[{"@type":"WebPage","@id":"https:\/\/www.walraven.com\/fr\/systemes-de-fixation\/rapidrail\/","url":"https:\/\/www.walraven.com\/fr\/systemes-de-fixation\/rapidrail\/","name":"Syst\u00e8me RapidRail\u00ae : pour toutes les applications en charges l\u00e9g\u00e8res - Walraven France","isPartOf":{"@id":"https:\/\/www.walraven.com\/fr\/#website"},"datePublished":"2019-03-20T11:39:27+00:00","dateModified":"2023-01-24T14:12:46+00:00","description":"Les \u00e9l\u00e9ments de la gamme BIS RapidRail\u00ae\u00a0permettent de r\u00e9alisation rapidement et efficacement les montages et installations en charges l\u00e9g\u00e8res.","breadcrumb":{"@id":"https:\/\/www.walraven.com\/fr\/systemes-de-fixation\/rapidrail\/#breadcrumb"},"inLanguage":"fr-FR","potentialAction":[{"@type":"ReadAction","target":["https:\/\/www.walraven.com\/fr\/systemes-de-fixation\/rapidrail\/"]}]},{"@type":"BreadcrumbList","@id":"https:\/\/www.walraven.com\/fr\/systemes-de-fixation\/rapidrail\/#breadcrumb","itemListElement":[{"@type":"ListItem","position":1,"name":"Accueil","item":"https:\/\/www.walraven.com\/fr\/"},{"@type":"ListItem","position":2,"name":"Syst\u00e8mes de fixation","item":"https:\/\/www.walraven.com\/fr\/systemes-de-fixation\/"},{"@type":"ListItem","position":3,"name":"Syst\u00e8me RapidRail\u00ae : pour toutes les applications en charges l\u00e9g\u00e8res"}]},{"@type":"WebSite","@id":"https:\/\/www.walraven.com\/fr\/#website","url":"https:\/\/www.walraven.com\/fr\/","name":"Walraven France","description":"","publisher":{"@id":"https:\/\/www.walraven.com\/fr\/#organization"},"potentialAction":[{"@type":"SearchAction","target":{"@type":"EntryPoint","urlTemplate":"https:\/\/www.walraven.com\/fr\/?s={search_term_string}"},"query-input":{"@type":"PropertyValueSpecification","valueRequired":true,"valueName":"search_term_string"}}],"inLanguage":"fr-FR"},{"@type":"Organization","@id":"https:\/\/www.walraven.com\/fr\/#organization","name":"Walraven France EURL","alternateName":"Walraven France EURL","url":"https:\/\/www.walraven.com\/fr\/","logo":{"@type":"ImageObject","inLanguage":"fr-FR","@id":"https:\/\/www.walraven.com\/fr\/#\/schema\/logo\/image\/","url":"https:\/\/www.walraven.com\/fr\/wp-content\/uploads\/sites\/5\/2023\/12\/Walraven_logo300x300.jpg","contentUrl":"https:\/\/www.walraven.com\/fr\/wp-content\/uploads\/sites\/5\/2023\/12\/Walraven_logo300x300.jpg","width":300,"height":300,"caption":"Walraven France EURL"},"image":{"@id":"https:\/\/www.walraven.com\/fr\/#\/schema\/logo\/image\/"}}]}},"_links":{"self":[{"href":"https:\/\/www.walraven.com\/fr\/wp-json\/wp\/v2\/pages\/43855","targetHints":{"allow":["GET"]}}],"collection":[{"href":"https:\/\/www.walraven.com\/fr\/wp-json\/wp\/v2\/pages"}],"about":[{"href":"https:\/\/www.walraven.com\/fr\/wp-json\/wp\/v2\/types\/page"}],"author":[{"embeddable":true,"href":"https:\/\/www.walraven.com\/fr\/wp-json\/wp\/v2\/users\/43"}],"replies":[{"embeddable":true,"href":"https:\/\/www.walraven.com\/fr\/wp-json\/wp\/v2\/comments?post=43855"}],"version-history":[{"count":5,"href":"https:\/\/www.walraven.com\/fr\/wp-json\/wp\/v2\/pages\/43855\/revisions"}],"predecessor-version":[{"id":46004,"href":"https:\/\/www.walraven.com\/fr\/wp-json\/wp\/v2\/pages\/43855\/revisions\/46004"}],"up":[{"embeddable":true,"href":"https:\/\/www.walraven.com\/fr\/wp-json\/wp\/v2\/pages\/43834"}],"wp:attachment":[{"href":"https:\/\/www.walraven.com\/fr\/wp-json\/wp\/v2\/media?parent=43855"}],"curies":[{"name":"wp","href":"https:\/\/api.w.org\/{rel}","templated":true}]}}