{"id":43966,"date":"2019-03-20T13:03:50","date_gmt":"2019-03-20T12:03:50","guid":{"rendered":"https:\/\/www.walraven.com\/en\/?page_id=54193"},"modified":"2023-01-20T15:04:16","modified_gmt":"2023-01-20T14:04:16","slug":"solutions-pour-installations-sur-toit-terrasse","status":"publish","type":"page","link":"https:\/\/www.walraven.com\/fr\/systemes-de-fixation\/solutions-pour-installations-sur-toit-terrasse\/","title":{"rendered":"Solutions pour installations sur toit terrasse"},"content":{"rendered":"","protected":false},"excerpt":{"rendered":"","protected":false},"author":43,"featured_media":43969,"parent":43834,"menu_order":0,"comment_status":"closed","ping_status":"closed","template":"page-templates\/tpl-landingspage.php","meta":{"_acf_changed":false,"footnotes":""},"class_list":["post-43966","page","type-page","status-publish","has-post-thumbnail","hentry"],"acf":[],"yoast_head":"<!-- This site is optimized with the Yoast SEO Premium plugin v27.3 (Yoast SEO v27.3) - https:\/\/yoast.com\/product\/yoast-seo-premium-wordpress\/ -->\n<title>Solutions pour installations sur toit terrasse - Walraven France<\/title>\n<meta name=\"description\" content=\"Les solutions Walraven pour les installations en toiture sont polyvalentes et durables. Elles pr\u00e9servent la chape d&#039;\u00e9tanch\u00e9it\u00e9, font gagner du temps et \u00e9conomiser de l&#039;argent.\" \/>\n<meta name=\"robots\" content=\"index, follow, max-snippet:-1, max-image-preview:large, max-video-preview:-1\" \/>\n<link rel=\"canonical\" href=\"https:\/\/www.walraven.com\/fr\/systemes-de-fixation\/solutions-pour-installations-sur-toit-terrasse\/\" \/>\n<meta property=\"og:locale\" content=\"fr_FR\" \/>\n<meta property=\"og:type\" content=\"article\" \/>\n<meta property=\"og:title\" content=\"Solutions pour installations sur toit terrasse\" \/>\n<meta property=\"og:description\" content=\"Les solutions Walraven pour les installations en toiture sont polyvalentes et durables. Elles pr\u00e9servent la chape d&#039;\u00e9tanch\u00e9it\u00e9, font gagner du temps et \u00e9conomiser de l&#039;argent.\" \/>\n<meta property=\"og:url\" content=\"https:\/\/www.walraven.com\/fr\/systemes-de-fixation\/solutions-pour-installations-sur-toit-terrasse\/\" \/>\n<meta property=\"og:site_name\" content=\"Walraven France\" \/>\n<meta property=\"article:modified_time\" content=\"2023-01-20T14:04:16+00:00\" \/>\n<meta property=\"og:image\" content=\"https:\/\/www.walraven.com\/fr\/wp-content\/uploads\/sites\/5\/2019\/03\/rooftop.jpg\" \/>\n\t<meta property=\"og:image:width\" content=\"254\" \/>\n\t<meta property=\"og:image:height\" content=\"420\" \/>\n\t<meta property=\"og:image:type\" content=\"image\/jpeg\" \/>\n<meta name=\"twitter:card\" content=\"summary_large_image\" \/>\n<script type=\"application\/ld+json\" class=\"yoast-schema-graph\">{\"@context\":\"https:\\\/\\\/schema.org\",\"@graph\":[{\"@type\":\"WebPage\",\"@id\":\"https:\\\/\\\/www.walraven.com\\\/fr\\\/systemes-de-fixation\\\/solutions-pour-installations-sur-toit-terrasse\\\/\",\"url\":\"https:\\\/\\\/www.walraven.com\\\/fr\\\/systemes-de-fixation\\\/solutions-pour-installations-sur-toit-terrasse\\\/\",\"name\":\"Solutions pour installations sur toit terrasse - Walraven France\",\"isPartOf\":{\"@id\":\"https:\\\/\\\/www.walraven.com\\\/fr\\\/#website\"},\"primaryImageOfPage\":{\"@id\":\"https:\\\/\\\/www.walraven.com\\\/fr\\\/systemes-de-fixation\\\/solutions-pour-installations-sur-toit-terrasse\\\/#primaryimage\"},\"image\":{\"@id\":\"https:\\\/\\\/www.walraven.com\\\/fr\\\/systemes-de-fixation\\\/solutions-pour-installations-sur-toit-terrasse\\\/#primaryimage\"},\"thumbnailUrl\":\"https:\\\/\\\/www.walraven.com\\\/fr\\\/wp-content\\\/uploads\\\/sites\\\/5\\\/2019\\\/03\\\/rooftop.jpg\",\"datePublished\":\"2019-03-20T12:03:50+00:00\",\"dateModified\":\"2023-01-20T14:04:16+00:00\",\"description\":\"Les solutions Walraven pour les installations en toiture sont polyvalentes et durables. Elles pr\u00e9servent la chape d'\u00e9tanch\u00e9it\u00e9, font gagner du temps et \u00e9conomiser de l'argent.\",\"breadcrumb\":{\"@id\":\"https:\\\/\\\/www.walraven.com\\\/fr\\\/systemes-de-fixation\\\/solutions-pour-installations-sur-toit-terrasse\\\/#breadcrumb\"},\"inLanguage\":\"fr-FR\",\"potentialAction\":[{\"@type\":\"ReadAction\",\"target\":[\"https:\\\/\\\/www.walraven.com\\\/fr\\\/systemes-de-fixation\\\/solutions-pour-installations-sur-toit-terrasse\\\/\"]}]},{\"@type\":\"ImageObject\",\"inLanguage\":\"fr-FR\",\"@id\":\"https:\\\/\\\/www.walraven.com\\\/fr\\\/systemes-de-fixation\\\/solutions-pour-installations-sur-toit-terrasse\\\/#primaryimage\",\"url\":\"https:\\\/\\\/www.walraven.com\\\/fr\\\/wp-content\\\/uploads\\\/sites\\\/5\\\/2019\\\/03\\\/rooftop.jpg\",\"contentUrl\":\"https:\\\/\\\/www.walraven.com\\\/fr\\\/wp-content\\\/uploads\\\/sites\\\/5\\\/2019\\\/03\\\/rooftop.jpg\",\"width\":254,\"height\":420},{\"@type\":\"BreadcrumbList\",\"@id\":\"https:\\\/\\\/www.walraven.com\\\/fr\\\/systemes-de-fixation\\\/solutions-pour-installations-sur-toit-terrasse\\\/#breadcrumb\",\"itemListElement\":[{\"@type\":\"ListItem\",\"position\":1,\"name\":\"Accueil\",\"item\":\"https:\\\/\\\/www.walraven.com\\\/fr\\\/\"},{\"@type\":\"ListItem\",\"position\":2,\"name\":\"Syst\u00e8mes de fixation\",\"item\":\"https:\\\/\\\/www.walraven.com\\\/fr\\\/systemes-de-fixation\\\/\"},{\"@type\":\"ListItem\",\"position\":3,\"name\":\"Solutions pour installations sur toit terrasse\"}]},{\"@type\":\"WebSite\",\"@id\":\"https:\\\/\\\/www.walraven.com\\\/fr\\\/#website\",\"url\":\"https:\\\/\\\/www.walraven.com\\\/fr\\\/\",\"name\":\"Walraven France\",\"description\":\"\",\"publisher\":{\"@id\":\"https:\\\/\\\/www.walraven.com\\\/fr\\\/#organization\"},\"potentialAction\":[{\"@type\":\"SearchAction\",\"target\":{\"@type\":\"EntryPoint\",\"urlTemplate\":\"https:\\\/\\\/www.walraven.com\\\/fr\\\/?s={search_term_string}\"},\"query-input\":{\"@type\":\"PropertyValueSpecification\",\"valueRequired\":true,\"valueName\":\"search_term_string\"}}],\"inLanguage\":\"fr-FR\"},{\"@type\":\"Organization\",\"@id\":\"https:\\\/\\\/www.walraven.com\\\/fr\\\/#organization\",\"name\":\"Walraven France EURL\",\"alternateName\":\"Walraven France EURL\",\"url\":\"https:\\\/\\\/www.walraven.com\\\/fr\\\/\",\"logo\":{\"@type\":\"ImageObject\",\"inLanguage\":\"fr-FR\",\"@id\":\"https:\\\/\\\/www.walraven.com\\\/fr\\\/#\\\/schema\\\/logo\\\/image\\\/\",\"url\":\"https:\\\/\\\/www.walraven.com\\\/fr\\\/wp-content\\\/uploads\\\/sites\\\/5\\\/2023\\\/12\\\/Walraven_logo300x300.jpg\",\"contentUrl\":\"https:\\\/\\\/www.walraven.com\\\/fr\\\/wp-content\\\/uploads\\\/sites\\\/5\\\/2023\\\/12\\\/Walraven_logo300x300.jpg\",\"width\":300,\"height\":300,\"caption\":\"Walraven France EURL\"},\"image\":{\"@id\":\"https:\\\/\\\/www.walraven.com\\\/fr\\\/#\\\/schema\\\/logo\\\/image\\\/\"}}]}<\/script>\n<!-- \/ Yoast SEO Premium plugin. -->","yoast_head_json":{"title":"Solutions pour installations sur toit terrasse - Walraven France","description":"Les solutions Walraven pour les installations en toiture sont polyvalentes et durables. Elles pr\u00e9servent la chape d'\u00e9tanch\u00e9it\u00e9, font gagner du temps et \u00e9conomiser de l'argent.","robots":{"index":"index","follow":"follow","max-snippet":"max-snippet:-1","max-image-preview":"max-image-preview:large","max-video-preview":"max-video-preview:-1"},"canonical":"https:\/\/www.walraven.com\/fr\/systemes-de-fixation\/solutions-pour-installations-sur-toit-terrasse\/","og_locale":"fr_FR","og_type":"article","og_title":"Solutions pour installations sur toit terrasse","og_description":"Les solutions Walraven pour les installations en toiture sont polyvalentes et durables. Elles pr\u00e9servent la chape d'\u00e9tanch\u00e9it\u00e9, font gagner du temps et \u00e9conomiser de l'argent.","og_url":"https:\/\/www.walraven.com\/fr\/systemes-de-fixation\/solutions-pour-installations-sur-toit-terrasse\/","og_site_name":"Walraven France","article_modified_time":"2023-01-20T14:04:16+00:00","og_image":[{"width":254,"height":420,"url":"https:\/\/www.walraven.com\/fr\/wp-content\/uploads\/sites\/5\/2019\/03\/rooftop.jpg","type":"image\/jpeg"}],"twitter_card":"summary_large_image","schema":{"@context":"https:\/\/schema.org","@graph":[{"@type":"WebPage","@id":"https:\/\/www.walraven.com\/fr\/systemes-de-fixation\/solutions-pour-installations-sur-toit-terrasse\/","url":"https:\/\/www.walraven.com\/fr\/systemes-de-fixation\/solutions-pour-installations-sur-toit-terrasse\/","name":"Solutions pour installations sur toit terrasse - Walraven France","isPartOf":{"@id":"https:\/\/www.walraven.com\/fr\/#website"},"primaryImageOfPage":{"@id":"https:\/\/www.walraven.com\/fr\/systemes-de-fixation\/solutions-pour-installations-sur-toit-terrasse\/#primaryimage"},"image":{"@id":"https:\/\/www.walraven.com\/fr\/systemes-de-fixation\/solutions-pour-installations-sur-toit-terrasse\/#primaryimage"},"thumbnailUrl":"https:\/\/www.walraven.com\/fr\/wp-content\/uploads\/sites\/5\/2019\/03\/rooftop.jpg","datePublished":"2019-03-20T12:03:50+00:00","dateModified":"2023-01-20T14:04:16+00:00","description":"Les solutions Walraven pour les installations en toiture sont polyvalentes et durables. Elles pr\u00e9servent la chape d'\u00e9tanch\u00e9it\u00e9, font gagner du temps et \u00e9conomiser de l'argent.","breadcrumb":{"@id":"https:\/\/www.walraven.com\/fr\/systemes-de-fixation\/solutions-pour-installations-sur-toit-terrasse\/#breadcrumb"},"inLanguage":"fr-FR","potentialAction":[{"@type":"ReadAction","target":["https:\/\/www.walraven.com\/fr\/systemes-de-fixation\/solutions-pour-installations-sur-toit-terrasse\/"]}]},{"@type":"ImageObject","inLanguage":"fr-FR","@id":"https:\/\/www.walraven.com\/fr\/systemes-de-fixation\/solutions-pour-installations-sur-toit-terrasse\/#primaryimage","url":"https:\/\/www.walraven.com\/fr\/wp-content\/uploads\/sites\/5\/2019\/03\/rooftop.jpg","contentUrl":"https:\/\/www.walraven.com\/fr\/wp-content\/uploads\/sites\/5\/2019\/03\/rooftop.jpg","width":254,"height":420},{"@type":"BreadcrumbList","@id":"https:\/\/www.walraven.com\/fr\/systemes-de-fixation\/solutions-pour-installations-sur-toit-terrasse\/#breadcrumb","itemListElement":[{"@type":"ListItem","position":1,"name":"Accueil","item":"https:\/\/www.walraven.com\/fr\/"},{"@type":"ListItem","position":2,"name":"Syst\u00e8mes de fixation","item":"https:\/\/www.walraven.com\/fr\/systemes-de-fixation\/"},{"@type":"ListItem","position":3,"name":"Solutions pour installations sur toit terrasse"}]},{"@type":"WebSite","@id":"https:\/\/www.walraven.com\/fr\/#website","url":"https:\/\/www.walraven.com\/fr\/","name":"Walraven France","description":"","publisher":{"@id":"https:\/\/www.walraven.com\/fr\/#organization"},"potentialAction":[{"@type":"SearchAction","target":{"@type":"EntryPoint","urlTemplate":"https:\/\/www.walraven.com\/fr\/?s={search_term_string}"},"query-input":{"@type":"PropertyValueSpecification","valueRequired":true,"valueName":"search_term_string"}}],"inLanguage":"fr-FR"},{"@type":"Organization","@id":"https:\/\/www.walraven.com\/fr\/#organization","name":"Walraven France EURL","alternateName":"Walraven France EURL","url":"https:\/\/www.walraven.com\/fr\/","logo":{"@type":"ImageObject","inLanguage":"fr-FR","@id":"https:\/\/www.walraven.com\/fr\/#\/schema\/logo\/image\/","url":"https:\/\/www.walraven.com\/fr\/wp-content\/uploads\/sites\/5\/2023\/12\/Walraven_logo300x300.jpg","contentUrl":"https:\/\/www.walraven.com\/fr\/wp-content\/uploads\/sites\/5\/2023\/12\/Walraven_logo300x300.jpg","width":300,"height":300,"caption":"Walraven France EURL"},"image":{"@id":"https:\/\/www.walraven.com\/fr\/#\/schema\/logo\/image\/"}}]}},"_links":{"self":[{"href":"https:\/\/www.walraven.com\/fr\/wp-json\/wp\/v2\/pages\/43966","targetHints":{"allow":["GET"]}}],"collection":[{"href":"https:\/\/www.walraven.com\/fr\/wp-json\/wp\/v2\/pages"}],"about":[{"href":"https:\/\/www.walraven.com\/fr\/wp-json\/wp\/v2\/types\/page"}],"author":[{"embeddable":true,"href":"https:\/\/www.walraven.com\/fr\/wp-json\/wp\/v2\/users\/43"}],"replies":[{"embeddable":true,"href":"https:\/\/www.walraven.com\/fr\/wp-json\/wp\/v2\/comments?post=43966"}],"version-history":[{"count":3,"href":"https:\/\/www.walraven.com\/fr\/wp-json\/wp\/v2\/pages\/43966\/revisions"}],"predecessor-version":[{"id":45972,"href":"https:\/\/www.walraven.com\/fr\/wp-json\/wp\/v2\/pages\/43966\/revisions\/45972"}],"up":[{"embeddable":true,"href":"https:\/\/www.walraven.com\/fr\/wp-json\/wp\/v2\/pages\/43834"}],"wp:featuredmedia":[{"embeddable":true,"href":"https:\/\/www.walraven.com\/fr\/wp-json\/wp\/v2\/media\/43969"}],"wp:attachment":[{"href":"https:\/\/www.walraven.com\/fr\/wp-json\/wp\/v2\/media?parent=43966"}],"curies":[{"name":"wp","href":"https:\/\/api.w.org\/{rel}","templated":true}]}}