{"id":43971,"date":"2019-05-24T10:04:54","date_gmt":"2019-05-24T08:04:54","guid":{"rendered":"https:\/\/www.walraven.com\/en\/?page_id=54833"},"modified":"2023-02-03T15:05:06","modified_gmt":"2023-02-03T14:05:06","slug":"solution-pour-murs-a-ossature","status":"publish","type":"page","link":"https:\/\/www.walraven.com\/fr\/systemes-de-fixation\/solution-pour-murs-a-ossature\/","title":{"rendered":"Solution pour murs \u00e0 ossature"},"content":{"rendered":"","protected":false},"excerpt":{"rendered":"","protected":false},"author":43,"featured_media":0,"parent":43834,"menu_order":0,"comment_status":"closed","ping_status":"closed","template":"page-templates\/tpl-landingspage.php","meta":{"_acf_changed":false,"footnotes":""},"class_list":["post-43971","page","type-page","status-publish","hentry"],"acf":[],"yoast_head":"<!-- This site is optimized with the Yoast SEO Premium plugin v27.3 (Yoast SEO v27.3) - https:\/\/yoast.com\/product\/yoast-seo-premium-wordpress\/ -->\n<title>Solution pour murs \u00e0 ossature - Walraven France<\/title>\n<meta name=\"description\" content=\"Le RSWB de la gamme Britclips\u00ae est la solution id\u00e9ale pour la fixation du mat\u00e9riel \u00e9lectrique ou de conduits sur les montants, les solives, les murs et les plafonds \u2705 Gain de temps !\" \/>\n<meta name=\"robots\" content=\"index, follow, max-snippet:-1, max-image-preview:large, max-video-preview:-1\" \/>\n<link rel=\"canonical\" href=\"https:\/\/www.walraven.com\/fr\/systemes-de-fixation\/solution-pour-murs-a-ossature\/\" \/>\n<meta property=\"og:locale\" content=\"fr_FR\" \/>\n<meta property=\"og:type\" content=\"article\" \/>\n<meta property=\"og:title\" content=\"Solution pour murs \u00e0 ossature\" \/>\n<meta property=\"og:description\" content=\"Le RSWB de la gamme Britclips\u00ae est la solution id\u00e9ale pour la fixation du mat\u00e9riel \u00e9lectrique ou de conduits sur les montants, les solives, les murs et les plafonds \u2705 Gain de temps !\" \/>\n<meta property=\"og:url\" content=\"https:\/\/www.walraven.com\/fr\/systemes-de-fixation\/solution-pour-murs-a-ossature\/\" \/>\n<meta property=\"og:site_name\" content=\"Walraven France\" \/>\n<meta property=\"article:modified_time\" content=\"2023-02-03T14:05:06+00:00\" \/>\n<meta name=\"twitter:card\" content=\"summary_large_image\" \/>\n<script type=\"application\/ld+json\" class=\"yoast-schema-graph\">{\"@context\":\"https:\\\/\\\/schema.org\",\"@graph\":[{\"@type\":\"WebPage\",\"@id\":\"https:\\\/\\\/www.walraven.com\\\/fr\\\/systemes-de-fixation\\\/solution-pour-murs-a-ossature\\\/\",\"url\":\"https:\\\/\\\/www.walraven.com\\\/fr\\\/systemes-de-fixation\\\/solution-pour-murs-a-ossature\\\/\",\"name\":\"Solution pour murs \u00e0 ossature - Walraven France\",\"isPartOf\":{\"@id\":\"https:\\\/\\\/www.walraven.com\\\/fr\\\/#website\"},\"datePublished\":\"2019-05-24T08:04:54+00:00\",\"dateModified\":\"2023-02-03T14:05:06+00:00\",\"description\":\"Le RSWB de la gamme Britclips\u00ae est la solution id\u00e9ale pour la fixation du mat\u00e9riel \u00e9lectrique ou de conduits sur les montants, les solives, les murs et les plafonds \u2705 Gain de temps !\",\"breadcrumb\":{\"@id\":\"https:\\\/\\\/www.walraven.com\\\/fr\\\/systemes-de-fixation\\\/solution-pour-murs-a-ossature\\\/#breadcrumb\"},\"inLanguage\":\"fr-FR\",\"potentialAction\":[{\"@type\":\"ReadAction\",\"target\":[\"https:\\\/\\\/www.walraven.com\\\/fr\\\/systemes-de-fixation\\\/solution-pour-murs-a-ossature\\\/\"]}]},{\"@type\":\"BreadcrumbList\",\"@id\":\"https:\\\/\\\/www.walraven.com\\\/fr\\\/systemes-de-fixation\\\/solution-pour-murs-a-ossature\\\/#breadcrumb\",\"itemListElement\":[{\"@type\":\"ListItem\",\"position\":1,\"name\":\"Accueil\",\"item\":\"https:\\\/\\\/www.walraven.com\\\/fr\\\/\"},{\"@type\":\"ListItem\",\"position\":2,\"name\":\"Syst\u00e8mes de fixation\",\"item\":\"https:\\\/\\\/www.walraven.com\\\/fr\\\/systemes-de-fixation\\\/\"},{\"@type\":\"ListItem\",\"position\":3,\"name\":\"Solution pour murs \u00e0 ossature\"}]},{\"@type\":\"WebSite\",\"@id\":\"https:\\\/\\\/www.walraven.com\\\/fr\\\/#website\",\"url\":\"https:\\\/\\\/www.walraven.com\\\/fr\\\/\",\"name\":\"Walraven France\",\"description\":\"\",\"publisher\":{\"@id\":\"https:\\\/\\\/www.walraven.com\\\/fr\\\/#organization\"},\"potentialAction\":[{\"@type\":\"SearchAction\",\"target\":{\"@type\":\"EntryPoint\",\"urlTemplate\":\"https:\\\/\\\/www.walraven.com\\\/fr\\\/?s={search_term_string}\"},\"query-input\":{\"@type\":\"PropertyValueSpecification\",\"valueRequired\":true,\"valueName\":\"search_term_string\"}}],\"inLanguage\":\"fr-FR\"},{\"@type\":\"Organization\",\"@id\":\"https:\\\/\\\/www.walraven.com\\\/fr\\\/#organization\",\"name\":\"Walraven France EURL\",\"alternateName\":\"Walraven France EURL\",\"url\":\"https:\\\/\\\/www.walraven.com\\\/fr\\\/\",\"logo\":{\"@type\":\"ImageObject\",\"inLanguage\":\"fr-FR\",\"@id\":\"https:\\\/\\\/www.walraven.com\\\/fr\\\/#\\\/schema\\\/logo\\\/image\\\/\",\"url\":\"https:\\\/\\\/www.walraven.com\\\/fr\\\/wp-content\\\/uploads\\\/sites\\\/5\\\/2023\\\/12\\\/Walraven_logo300x300.jpg\",\"contentUrl\":\"https:\\\/\\\/www.walraven.com\\\/fr\\\/wp-content\\\/uploads\\\/sites\\\/5\\\/2023\\\/12\\\/Walraven_logo300x300.jpg\",\"width\":300,\"height\":300,\"caption\":\"Walraven France EURL\"},\"image\":{\"@id\":\"https:\\\/\\\/www.walraven.com\\\/fr\\\/#\\\/schema\\\/logo\\\/image\\\/\"}}]}<\/script>\n<!-- \/ Yoast SEO Premium plugin. -->","yoast_head_json":{"title":"Solution pour murs \u00e0 ossature - Walraven France","description":"Le RSWB de la gamme Britclips\u00ae est la solution id\u00e9ale pour la fixation du mat\u00e9riel \u00e9lectrique ou de conduits sur les montants, les solives, les murs et les plafonds \u2705 Gain de temps !","robots":{"index":"index","follow":"follow","max-snippet":"max-snippet:-1","max-image-preview":"max-image-preview:large","max-video-preview":"max-video-preview:-1"},"canonical":"https:\/\/www.walraven.com\/fr\/systemes-de-fixation\/solution-pour-murs-a-ossature\/","og_locale":"fr_FR","og_type":"article","og_title":"Solution pour murs \u00e0 ossature","og_description":"Le RSWB de la gamme Britclips\u00ae est la solution id\u00e9ale pour la fixation du mat\u00e9riel \u00e9lectrique ou de conduits sur les montants, les solives, les murs et les plafonds \u2705 Gain de temps !","og_url":"https:\/\/www.walraven.com\/fr\/systemes-de-fixation\/solution-pour-murs-a-ossature\/","og_site_name":"Walraven France","article_modified_time":"2023-02-03T14:05:06+00:00","twitter_card":"summary_large_image","schema":{"@context":"https:\/\/schema.org","@graph":[{"@type":"WebPage","@id":"https:\/\/www.walraven.com\/fr\/systemes-de-fixation\/solution-pour-murs-a-ossature\/","url":"https:\/\/www.walraven.com\/fr\/systemes-de-fixation\/solution-pour-murs-a-ossature\/","name":"Solution pour murs \u00e0 ossature - Walraven France","isPartOf":{"@id":"https:\/\/www.walraven.com\/fr\/#website"},"datePublished":"2019-05-24T08:04:54+00:00","dateModified":"2023-02-03T14:05:06+00:00","description":"Le RSWB de la gamme Britclips\u00ae est la solution id\u00e9ale pour la fixation du mat\u00e9riel \u00e9lectrique ou de conduits sur les montants, les solives, les murs et les plafonds \u2705 Gain de temps !","breadcrumb":{"@id":"https:\/\/www.walraven.com\/fr\/systemes-de-fixation\/solution-pour-murs-a-ossature\/#breadcrumb"},"inLanguage":"fr-FR","potentialAction":[{"@type":"ReadAction","target":["https:\/\/www.walraven.com\/fr\/systemes-de-fixation\/solution-pour-murs-a-ossature\/"]}]},{"@type":"BreadcrumbList","@id":"https:\/\/www.walraven.com\/fr\/systemes-de-fixation\/solution-pour-murs-a-ossature\/#breadcrumb","itemListElement":[{"@type":"ListItem","position":1,"name":"Accueil","item":"https:\/\/www.walraven.com\/fr\/"},{"@type":"ListItem","position":2,"name":"Syst\u00e8mes de fixation","item":"https:\/\/www.walraven.com\/fr\/systemes-de-fixation\/"},{"@type":"ListItem","position":3,"name":"Solution pour murs \u00e0 ossature"}]},{"@type":"WebSite","@id":"https:\/\/www.walraven.com\/fr\/#website","url":"https:\/\/www.walraven.com\/fr\/","name":"Walraven France","description":"","publisher":{"@id":"https:\/\/www.walraven.com\/fr\/#organization"},"potentialAction":[{"@type":"SearchAction","target":{"@type":"EntryPoint","urlTemplate":"https:\/\/www.walraven.com\/fr\/?s={search_term_string}"},"query-input":{"@type":"PropertyValueSpecification","valueRequired":true,"valueName":"search_term_string"}}],"inLanguage":"fr-FR"},{"@type":"Organization","@id":"https:\/\/www.walraven.com\/fr\/#organization","name":"Walraven France EURL","alternateName":"Walraven France EURL","url":"https:\/\/www.walraven.com\/fr\/","logo":{"@type":"ImageObject","inLanguage":"fr-FR","@id":"https:\/\/www.walraven.com\/fr\/#\/schema\/logo\/image\/","url":"https:\/\/www.walraven.com\/fr\/wp-content\/uploads\/sites\/5\/2023\/12\/Walraven_logo300x300.jpg","contentUrl":"https:\/\/www.walraven.com\/fr\/wp-content\/uploads\/sites\/5\/2023\/12\/Walraven_logo300x300.jpg","width":300,"height":300,"caption":"Walraven France EURL"},"image":{"@id":"https:\/\/www.walraven.com\/fr\/#\/schema\/logo\/image\/"}}]}},"_links":{"self":[{"href":"https:\/\/www.walraven.com\/fr\/wp-json\/wp\/v2\/pages\/43971","targetHints":{"allow":["GET"]}}],"collection":[{"href":"https:\/\/www.walraven.com\/fr\/wp-json\/wp\/v2\/pages"}],"about":[{"href":"https:\/\/www.walraven.com\/fr\/wp-json\/wp\/v2\/types\/page"}],"author":[{"embeddable":true,"href":"https:\/\/www.walraven.com\/fr\/wp-json\/wp\/v2\/users\/43"}],"replies":[{"embeddable":true,"href":"https:\/\/www.walraven.com\/fr\/wp-json\/wp\/v2\/comments?post=43971"}],"version-history":[{"count":5,"href":"https:\/\/www.walraven.com\/fr\/wp-json\/wp\/v2\/pages\/43971\/revisions"}],"predecessor-version":[{"id":46026,"href":"https:\/\/www.walraven.com\/fr\/wp-json\/wp\/v2\/pages\/43971\/revisions\/46026"}],"up":[{"embeddable":true,"href":"https:\/\/www.walraven.com\/fr\/wp-json\/wp\/v2\/pages\/43834"}],"wp:attachment":[{"href":"https:\/\/www.walraven.com\/fr\/wp-json\/wp\/v2\/media?parent=43971"}],"curies":[{"name":"wp","href":"https:\/\/api.w.org\/{rel}","templated":true}]}}