{"id":44746,"date":"2019-10-23T10:14:28","date_gmt":"2019-10-23T08:14:28","guid":{"rendered":"https:\/\/www.walraven.com\/?page_id=121558"},"modified":"2025-04-22T14:22:50","modified_gmt":"2025-04-22T12:22:50","slug":"bim","status":"publish","type":"page","link":"https:\/\/www.walraven.com\/fr\/notre-support-technique\/bim\/","title":{"rendered":"BIM (Building Information Modeling)"},"content":{"rendered":"","protected":false},"excerpt":{"rendered":"","protected":false},"author":43,"featured_media":44755,"parent":43748,"menu_order":0,"comment_status":"closed","ping_status":"closed","template":"page-templates\/tpl-landingspage.php","meta":{"_acf_changed":false,"footnotes":""},"class_list":["post-44746","page","type-page","status-publish","has-post-thumbnail","hentry"],"acf":[],"yoast_head":"<!-- This site is optimized with the Yoast SEO Premium plugin v27.3 (Yoast SEO v27.3) - https:\/\/yoast.com\/product\/yoast-seo-premium-wordpress\/ -->\n<title>BIM (Building Information Modeling) - Walraven France<\/title>\n<meta name=\"description\" content=\"La conception des b\u00e2timents a beaucoup \u00e9volu\u00e9 au cours des derni\u00e8res ann\u00e9es gr\u00e2ce \u00e0 la technologie BIM. Visitez notre site Walraven pour en apprendre davantage!\" \/>\n<meta name=\"robots\" content=\"index, follow, max-snippet:-1, max-image-preview:large, max-video-preview:-1\" \/>\n<link rel=\"canonical\" href=\"https:\/\/www.walraven.com\/fr\/notre-support-technique\/bim\/\" \/>\n<meta property=\"og:locale\" content=\"fr_FR\" \/>\n<meta property=\"og:type\" content=\"article\" \/>\n<meta property=\"og:title\" content=\"BIM (Building Information Modeling)\" \/>\n<meta property=\"og:description\" content=\"La conception des b\u00e2timents a beaucoup \u00e9volu\u00e9 au cours des derni\u00e8res ann\u00e9es gr\u00e2ce \u00e0 la technologie BIM. Visitez notre site Walraven pour en apprendre davantage!\" \/>\n<meta property=\"og:url\" content=\"https:\/\/www.walraven.com\/fr\/notre-support-technique\/bim\/\" \/>\n<meta property=\"og:site_name\" content=\"Walraven France\" \/>\n<meta property=\"article:modified_time\" content=\"2025-04-22T12:22:50+00:00\" \/>\n<meta property=\"og:image\" content=\"https:\/\/www.walraven.com\/fr\/wp-content\/uploads\/sites\/5\/2019\/10\/bimobject.jpg\" \/>\n\t<meta property=\"og:image:width\" content=\"708\" \/>\n\t<meta property=\"og:image:height\" content=\"399\" \/>\n\t<meta property=\"og:image:type\" content=\"image\/jpeg\" \/>\n<meta name=\"twitter:card\" content=\"summary_large_image\" \/>\n<meta name=\"twitter:label1\" content=\"Dur\u00e9e de lecture estim\u00e9e\" \/>\n\t<meta name=\"twitter:data1\" content=\"4 minutes\" \/>\n<script type=\"application\/ld+json\" class=\"yoast-schema-graph\">{\"@context\":\"https:\\\/\\\/schema.org\",\"@graph\":[{\"@type\":\"WebPage\",\"@id\":\"https:\\\/\\\/www.walraven.com\\\/fr\\\/notre-support-technique\\\/bim\\\/\",\"url\":\"https:\\\/\\\/www.walraven.com\\\/fr\\\/notre-support-technique\\\/bim\\\/\",\"name\":\"BIM (Building Information Modeling) - Walraven France\",\"isPartOf\":{\"@id\":\"https:\\\/\\\/www.walraven.com\\\/fr\\\/#website\"},\"primaryImageOfPage\":{\"@id\":\"https:\\\/\\\/www.walraven.com\\\/fr\\\/notre-support-technique\\\/bim\\\/#primaryimage\"},\"image\":{\"@id\":\"https:\\\/\\\/www.walraven.com\\\/fr\\\/notre-support-technique\\\/bim\\\/#primaryimage\"},\"thumbnailUrl\":\"https:\\\/\\\/www.walraven.com\\\/fr\\\/wp-content\\\/uploads\\\/sites\\\/5\\\/2019\\\/10\\\/bimobject.jpg\",\"datePublished\":\"2019-10-23T08:14:28+00:00\",\"dateModified\":\"2025-04-22T12:22:50+00:00\",\"description\":\"La conception des b\u00e2timents a beaucoup \u00e9volu\u00e9 au cours des derni\u00e8res ann\u00e9es gr\u00e2ce \u00e0 la technologie BIM. Visitez notre site Walraven pour en apprendre davantage!\",\"breadcrumb\":{\"@id\":\"https:\\\/\\\/www.walraven.com\\\/fr\\\/notre-support-technique\\\/bim\\\/#breadcrumb\"},\"inLanguage\":\"fr-FR\",\"potentialAction\":[{\"@type\":\"ReadAction\",\"target\":[\"https:\\\/\\\/www.walraven.com\\\/fr\\\/notre-support-technique\\\/bim\\\/\"]}]},{\"@type\":\"ImageObject\",\"inLanguage\":\"fr-FR\",\"@id\":\"https:\\\/\\\/www.walraven.com\\\/fr\\\/notre-support-technique\\\/bim\\\/#primaryimage\",\"url\":\"https:\\\/\\\/www.walraven.com\\\/fr\\\/wp-content\\\/uploads\\\/sites\\\/5\\\/2019\\\/10\\\/bimobject.jpg\",\"contentUrl\":\"https:\\\/\\\/www.walraven.com\\\/fr\\\/wp-content\\\/uploads\\\/sites\\\/5\\\/2019\\\/10\\\/bimobject.jpg\",\"width\":708,\"height\":399},{\"@type\":\"BreadcrumbList\",\"@id\":\"https:\\\/\\\/www.walraven.com\\\/fr\\\/notre-support-technique\\\/bim\\\/#breadcrumb\",\"itemListElement\":[{\"@type\":\"ListItem\",\"position\":1,\"name\":\"Accueil\",\"item\":\"https:\\\/\\\/www.walraven.com\\\/fr\\\/\"},{\"@type\":\"ListItem\",\"position\":2,\"name\":\"Notre support technique pour vos projets\",\"item\":\"https:\\\/\\\/www.walraven.com\\\/fr\\\/notre-support-technique\\\/\"},{\"@type\":\"ListItem\",\"position\":3,\"name\":\"BIM (Building Information Modeling)\"}]},{\"@type\":\"WebSite\",\"@id\":\"https:\\\/\\\/www.walraven.com\\\/fr\\\/#website\",\"url\":\"https:\\\/\\\/www.walraven.com\\\/fr\\\/\",\"name\":\"Walraven France\",\"description\":\"\",\"publisher\":{\"@id\":\"https:\\\/\\\/www.walraven.com\\\/fr\\\/#organization\"},\"potentialAction\":[{\"@type\":\"SearchAction\",\"target\":{\"@type\":\"EntryPoint\",\"urlTemplate\":\"https:\\\/\\\/www.walraven.com\\\/fr\\\/?s={search_term_string}\"},\"query-input\":{\"@type\":\"PropertyValueSpecification\",\"valueRequired\":true,\"valueName\":\"search_term_string\"}}],\"inLanguage\":\"fr-FR\"},{\"@type\":\"Organization\",\"@id\":\"https:\\\/\\\/www.walraven.com\\\/fr\\\/#organization\",\"name\":\"Walraven France EURL\",\"alternateName\":\"Walraven France EURL\",\"url\":\"https:\\\/\\\/www.walraven.com\\\/fr\\\/\",\"logo\":{\"@type\":\"ImageObject\",\"inLanguage\":\"fr-FR\",\"@id\":\"https:\\\/\\\/www.walraven.com\\\/fr\\\/#\\\/schema\\\/logo\\\/image\\\/\",\"url\":\"https:\\\/\\\/www.walraven.com\\\/fr\\\/wp-content\\\/uploads\\\/sites\\\/5\\\/2023\\\/12\\\/Walraven_logo300x300.jpg\",\"contentUrl\":\"https:\\\/\\\/www.walraven.com\\\/fr\\\/wp-content\\\/uploads\\\/sites\\\/5\\\/2023\\\/12\\\/Walraven_logo300x300.jpg\",\"width\":300,\"height\":300,\"caption\":\"Walraven France EURL\"},\"image\":{\"@id\":\"https:\\\/\\\/www.walraven.com\\\/fr\\\/#\\\/schema\\\/logo\\\/image\\\/\"}}]}<\/script>\n<!-- \/ Yoast SEO Premium plugin. -->","yoast_head_json":{"title":"BIM (Building Information Modeling) - Walraven France","description":"La conception des b\u00e2timents a beaucoup \u00e9volu\u00e9 au cours des derni\u00e8res ann\u00e9es gr\u00e2ce \u00e0 la technologie BIM. Visitez notre site Walraven pour en apprendre davantage!","robots":{"index":"index","follow":"follow","max-snippet":"max-snippet:-1","max-image-preview":"max-image-preview:large","max-video-preview":"max-video-preview:-1"},"canonical":"https:\/\/www.walraven.com\/fr\/notre-support-technique\/bim\/","og_locale":"fr_FR","og_type":"article","og_title":"BIM (Building Information Modeling)","og_description":"La conception des b\u00e2timents a beaucoup \u00e9volu\u00e9 au cours des derni\u00e8res ann\u00e9es gr\u00e2ce \u00e0 la technologie BIM. Visitez notre site Walraven pour en apprendre davantage!","og_url":"https:\/\/www.walraven.com\/fr\/notre-support-technique\/bim\/","og_site_name":"Walraven France","article_modified_time":"2025-04-22T12:22:50+00:00","og_image":[{"width":708,"height":399,"url":"https:\/\/www.walraven.com\/fr\/wp-content\/uploads\/sites\/5\/2019\/10\/bimobject.jpg","type":"image\/jpeg"}],"twitter_card":"summary_large_image","twitter_misc":{"Dur\u00e9e de lecture estim\u00e9e":"4 minutes"},"schema":{"@context":"https:\/\/schema.org","@graph":[{"@type":"WebPage","@id":"https:\/\/www.walraven.com\/fr\/notre-support-technique\/bim\/","url":"https:\/\/www.walraven.com\/fr\/notre-support-technique\/bim\/","name":"BIM (Building Information Modeling) - Walraven France","isPartOf":{"@id":"https:\/\/www.walraven.com\/fr\/#website"},"primaryImageOfPage":{"@id":"https:\/\/www.walraven.com\/fr\/notre-support-technique\/bim\/#primaryimage"},"image":{"@id":"https:\/\/www.walraven.com\/fr\/notre-support-technique\/bim\/#primaryimage"},"thumbnailUrl":"https:\/\/www.walraven.com\/fr\/wp-content\/uploads\/sites\/5\/2019\/10\/bimobject.jpg","datePublished":"2019-10-23T08:14:28+00:00","dateModified":"2025-04-22T12:22:50+00:00","description":"La conception des b\u00e2timents a beaucoup \u00e9volu\u00e9 au cours des derni\u00e8res ann\u00e9es gr\u00e2ce \u00e0 la technologie BIM. Visitez notre site Walraven pour en apprendre davantage!","breadcrumb":{"@id":"https:\/\/www.walraven.com\/fr\/notre-support-technique\/bim\/#breadcrumb"},"inLanguage":"fr-FR","potentialAction":[{"@type":"ReadAction","target":["https:\/\/www.walraven.com\/fr\/notre-support-technique\/bim\/"]}]},{"@type":"ImageObject","inLanguage":"fr-FR","@id":"https:\/\/www.walraven.com\/fr\/notre-support-technique\/bim\/#primaryimage","url":"https:\/\/www.walraven.com\/fr\/wp-content\/uploads\/sites\/5\/2019\/10\/bimobject.jpg","contentUrl":"https:\/\/www.walraven.com\/fr\/wp-content\/uploads\/sites\/5\/2019\/10\/bimobject.jpg","width":708,"height":399},{"@type":"BreadcrumbList","@id":"https:\/\/www.walraven.com\/fr\/notre-support-technique\/bim\/#breadcrumb","itemListElement":[{"@type":"ListItem","position":1,"name":"Accueil","item":"https:\/\/www.walraven.com\/fr\/"},{"@type":"ListItem","position":2,"name":"Notre support technique pour vos projets","item":"https:\/\/www.walraven.com\/fr\/notre-support-technique\/"},{"@type":"ListItem","position":3,"name":"BIM (Building Information Modeling)"}]},{"@type":"WebSite","@id":"https:\/\/www.walraven.com\/fr\/#website","url":"https:\/\/www.walraven.com\/fr\/","name":"Walraven France","description":"","publisher":{"@id":"https:\/\/www.walraven.com\/fr\/#organization"},"potentialAction":[{"@type":"SearchAction","target":{"@type":"EntryPoint","urlTemplate":"https:\/\/www.walraven.com\/fr\/?s={search_term_string}"},"query-input":{"@type":"PropertyValueSpecification","valueRequired":true,"valueName":"search_term_string"}}],"inLanguage":"fr-FR"},{"@type":"Organization","@id":"https:\/\/www.walraven.com\/fr\/#organization","name":"Walraven France EURL","alternateName":"Walraven France EURL","url":"https:\/\/www.walraven.com\/fr\/","logo":{"@type":"ImageObject","inLanguage":"fr-FR","@id":"https:\/\/www.walraven.com\/fr\/#\/schema\/logo\/image\/","url":"https:\/\/www.walraven.com\/fr\/wp-content\/uploads\/sites\/5\/2023\/12\/Walraven_logo300x300.jpg","contentUrl":"https:\/\/www.walraven.com\/fr\/wp-content\/uploads\/sites\/5\/2023\/12\/Walraven_logo300x300.jpg","width":300,"height":300,"caption":"Walraven France EURL"},"image":{"@id":"https:\/\/www.walraven.com\/fr\/#\/schema\/logo\/image\/"}}]}},"_links":{"self":[{"href":"https:\/\/www.walraven.com\/fr\/wp-json\/wp\/v2\/pages\/44746","targetHints":{"allow":["GET"]}}],"collection":[{"href":"https:\/\/www.walraven.com\/fr\/wp-json\/wp\/v2\/pages"}],"about":[{"href":"https:\/\/www.walraven.com\/fr\/wp-json\/wp\/v2\/types\/page"}],"author":[{"embeddable":true,"href":"https:\/\/www.walraven.com\/fr\/wp-json\/wp\/v2\/users\/43"}],"replies":[{"embeddable":true,"href":"https:\/\/www.walraven.com\/fr\/wp-json\/wp\/v2\/comments?post=44746"}],"version-history":[{"count":8,"href":"https:\/\/www.walraven.com\/fr\/wp-json\/wp\/v2\/pages\/44746\/revisions"}],"predecessor-version":[{"id":50159,"href":"https:\/\/www.walraven.com\/fr\/wp-json\/wp\/v2\/pages\/44746\/revisions\/50159"}],"up":[{"embeddable":true,"href":"https:\/\/www.walraven.com\/fr\/wp-json\/wp\/v2\/pages\/43748"}],"wp:featuredmedia":[{"embeddable":true,"href":"https:\/\/www.walraven.com\/fr\/wp-json\/wp\/v2\/media\/44755"}],"wp:attachment":[{"href":"https:\/\/www.walraven.com\/fr\/wp-json\/wp\/v2\/media?parent=44746"}],"curies":[{"name":"wp","href":"https:\/\/api.w.org\/{rel}","templated":true}]}}