{"id":45401,"date":"2021-11-26T11:15:22","date_gmt":"2021-11-26T10:15:22","guid":{"rendered":"https:\/\/www.walraven.com\/?page_id=126794"},"modified":"2023-01-20T15:16:15","modified_gmt":"2023-01-20T14:16:15","slug":"vibrations-savoir","status":"publish","type":"page","link":"https:\/\/www.walraven.com\/fr\/vibrations-savoir\/","title":{"rendered":"Vibrations : ce qu&rsquo;il faut savoir"},"content":{"rendered":"<h2>Vibrations dans les b\u00e2timents : \u00e9tat des lieux<\/h2>\n<p>Les vibrations m\u00e9caniques et les nuisances sonores associ\u00e9es \u00e0 ces vibrations peuvent provoquer un inconfort pour les usagers des b\u00e2timents. Ces derni\u00e8res ann\u00e9es, le secteur de la construction a examin\u00e9 d&rsquo;un peu plus pr\u00e8s la conception des appareils et des installations, dans le but de r\u00e9duire ces vibrations. Des solutions existent, mais tout d&rsquo;abord il est important de comprendre ce qu&rsquo;est une vibration et quels sont ses effets.<\/p>\n<h2>Qu&rsquo;est-ce que la vibration ?<\/h2>\n<p>La vibration est un ph\u00e9nom\u00e8ne m\u00e9canique dans lequel des oscillations se produisent autour d&rsquo;un point d&rsquo;\u00e9quilibre. Dans certains cas, cette oscillation est souhait\u00e9e et provoqu\u00e9e intentionnellement : c&rsquo;est le cas, par exemple, du mouvement de la corde d&rsquo;une guitare. Mais le plus souvent, la vibration n&rsquo;est pas souhaitable car elle g\u00e9n\u00e8re des bruits parasites et de l&rsquo;inconfort. Les mouvements vibratoires des appareils, des moteurs et des engins m\u00e9caniques en fonctionnement sont des exemples typiques de vibrations g\u00eanantes.<\/p>\n<h2>Vibrations et sons parasites<\/h2>\n<p>Les vibrations produites par les appareils de chauffage, de climatisation et de ventilation sont \u00e0 l&rsquo;origine de sons parasites. Certains sons ne sont pas d\u00e9tectables par l&rsquo;oreille humaine, cependant tous les sons parasites, d\u00e9tectables ou ind\u00e9tectables, peuvent affecter la sant\u00e9 et le bien-\u00eatre des utilisateurs d&rsquo;un b\u00e2timent. C&rsquo;est la raison pour laquelle il est primordial de supprimer ou limiter les vibrations produites par les appareils, et de r\u00e9duire au maximum leur propagation, pour ainsi supprimer aussi les nuisances sonores.<\/p>\n<h2>Quelles sont les principales sources de vibration dans les b\u00e2timent ?<\/h2>\n<p>Les appareils de chauffage, de ventilation, de climatisation et les machines en fonctionnement sont la source principale de vibration dans les b\u00e2timents. Si ces \u00e9quipements sont reli\u00e9s \u00e0 une dalle, un mur ou un plafond par une attache rigide, ils transmettent leurs vibrations \u00e0 la structure du b\u00e2timent et peuvent causer de hauts niveaux de nuisance sonore. Les vibrations et leurs sons parasites se diffusent largement et peuvent m\u00eame affecter la totalit\u00e9 du b\u00e2timent. Tous les syst\u00e8mes d&rsquo;adduction (tuyauteries, conduits de ventilation, conduites d&rsquo;eau&#8230;) peuvent se comporter comme des transmetteurs des vibrations et des bruits parasites s&rsquo;ils sont reli\u00e9s par une attache rigide \u00e0 l&rsquo;\u00e9quipement qui produit les vibrations.<\/p>\n<h2>Les effets des vibrations et des nuisances sonores : \u00e0 ne pas n\u00e9gliger<\/h2>\n<p>Les vibrations r\u00e9currentes et les nuisances sonores qu&rsquo;elles impliquent causent de nombreux probl\u00e8mes aux \u00e9quipements eux-m\u00eames, mais aussi aux b\u00e2timents et \u00e0 leurs utilisateurs.<\/p>\n<ul>\n<li>Les vibrations et les nuisances sonores cr\u00e9ent un inconfort pour les personnes pr\u00e9sentes dans le b\u00e2timent. Cet inconfort peut mener \u00e0 des troubles de la sant\u00e9 s&rsquo;il dure dans le temps.<\/li>\n<li>La s\u00e9curit\u00e9 des personnes travaillant \u00e0 proximit\u00e9 des \u00e9quipements qui vibrent est d\u00e9grad\u00e9e.<\/li>\n<li>La structure du b\u00e2timent peut \u00eatre impact\u00e9e par les vibrations.<\/li>\n<li>Les \u00e9quipements qui vibrent n\u00e9cessitent une maintenance accrue.<\/li>\n<li>La dur\u00e9e de vie des \u00e9quipements soumis \u00e0 des vibrations r\u00e9currentes est diminu\u00e9e.<\/li>\n<li>Le fonctionnement des appareils qui vibrent n&rsquo;est pas optimal.<\/li>\n<li>La r\u00e9glementation impose de ne pas franchir certains niveaux de vibration : en cas de d\u00e9passement de ces seuils certaines sanctions peuvent \u00eatre appliqu\u00e9es par les pouvoirs publics.<\/li>\n<\/ul>\n<h2>Quelles solutions contre les vibrations ?<\/h2>\n<p>Isoler la source de vibration de la structure du b\u00e2timent est la solution la plus simple et la plus efficace. Des isolateurs parfaitement adapt\u00e9s doivent \u00eatre plac\u00e9s, quand cela est possible, directement entre la structure et l&rsquo;\u00e9quipement qui produit les vibrations. Ces isolateurs absorberont jusqu&rsquo;\u00e0 99% des vibrations produites par l&rsquo;appareil ou la machine, ils \u00e9viteront leur transmission et l&rsquo;\u00e9mission de bruits parasites.<\/p>\n<h2>Mieux vaut pr\u00e9venir que gu\u00e9rir !<\/h2>\n<p>Il est beaucoup plus facile de pr\u00e9voir \u00e0 l&rsquo;avance les syst\u00e8mes de r\u00e9duction des vibrations que de devoir les installer quand les \u00e9quipements sont d\u00e9j\u00e0 en place. Le co\u00fbt d&rsquo;une installation d&rsquo;isolateurs a posteriori sera important et provoquera l&rsquo;arr\u00eat temporaire des machines et appareils \u00e0 \u00e9quiper. La pr\u00e9vention des vibrations et des nuisances sonores devrait toujours \u00eatre abord\u00e9e lors de la conception de l&rsquo;installation. Si la question est abord\u00e9e d\u00e8s le d\u00e9but, le co\u00fbt des isolateurs est n\u00e9gligeable (de 1 \u00e0 2 % du co\u00fbt total de l&rsquo;installation) et les difficult\u00e9s li\u00e9es \u00e0 une correction sont \u00e9vit\u00e9es (perte de temps, co\u00fbts, interruption de production&#8230;).<\/p>\n<h2>D\u00e9couvrez nos solutions contre les vibrations !<\/h2>\n<p>Nous proposons des gammes compl\u00e8tes <a href=\"https:\/\/www.walraven.com\/fr\/produits\/isolateurs-sons-et-vibrations\/\">d&rsquo;isolateurs<\/a> pour r\u00e9gler tous les probl\u00e8mes de vibration de vos installations : isolateurs <a href=\"https:\/\/www.walraven.com\/fr?s=isolateurs+ressorts\">ressorts<\/a>, <a href=\"https:\/\/www.walraven.com\/fr\/produits\/walraven-vibratek-pr-t-tapis-isolant-modulable\/\">tapis<\/a> modulables, <a href=\"https:\/\/www.walraven.com\/fr?s=isolateurs+suspentes\">suspentes<\/a>&#8230; Ces isolateurs peuvent \u00eatre facilement utilis\u00e9s avec nos autres gammes : <a href=\"https:\/\/www.walraven.com\/fr\/produits\/fixations-pour-tubes\/\">colliers<\/a>, <a href=\"https:\/\/www.walraven.com\/fr\/produits\/rail-consoles-et-accessoires\/\">rails et accessoires<\/a>, <a href=\"https:\/\/www.walraven.com\/fr\/solutions-toits-terrasses\/\">installations sur toiture<\/a>.<\/p>\n<p><a href=\"https:\/\/www.walraven.com\/fr\/produits\/isolateurs-sons-et-vibrations\/\"><b>Notre gamme compl\u00e8te d&rsquo;isolateurs Walraven<\/b><\/a><\/p>\n","protected":false},"excerpt":{"rendered":"<p>Vibrations dans les b\u00e2timents : \u00e9tat des lieux Les vibrations m\u00e9caniques et les nuisances sonores associ\u00e9es \u00e0 ces vibrations peuvent provoquer un inconfort pour les usagers des b\u00e2timents. Ces derni\u00e8res ann\u00e9es, le secteur de la construction a examin\u00e9 d&rsquo;un peu plus pr\u00e8s la conception des appareils et des installations, dans le but de r\u00e9duire ces [&hellip;]<\/p>\n","protected":false},"author":62,"featured_media":0,"parent":0,"menu_order":0,"comment_status":"closed","ping_status":"closed","template":"","meta":{"_acf_changed":false,"footnotes":""},"class_list":["post-45401","page","type-page","status-publish","hentry"],"acf":[],"yoast_head":"<!-- This site is optimized with the Yoast SEO Premium plugin v27.3 (Yoast SEO v27.3) - https:\/\/yoast.com\/product\/yoast-seo-premium-wordpress\/ -->\n<title>Vibrations : ce qu&#039;il faut savoir - Walraven France<\/title>\n<meta name=\"robots\" content=\"index, follow, max-snippet:-1, max-image-preview:large, max-video-preview:-1\" \/>\n<link rel=\"canonical\" href=\"https:\/\/www.walraven.com\/fr\/vibrations-savoir\/\" \/>\n<meta property=\"og:locale\" content=\"fr_FR\" \/>\n<meta property=\"og:type\" content=\"article\" \/>\n<meta property=\"og:title\" content=\"Vibrations : ce qu&#039;il faut savoir\" \/>\n<meta property=\"og:description\" content=\"Vibrations dans les b\u00e2timents : \u00e9tat des lieux Les vibrations m\u00e9caniques et les nuisances sonores associ\u00e9es \u00e0 ces vibrations peuvent provoquer un inconfort pour les usagers des b\u00e2timents. Ces derni\u00e8res ann\u00e9es, le secteur de la construction a examin\u00e9 d&rsquo;un peu plus pr\u00e8s la conception des appareils et des installations, dans le but de r\u00e9duire ces [&hellip;]\" \/>\n<meta property=\"og:url\" content=\"https:\/\/www.walraven.com\/fr\/vibrations-savoir\/\" \/>\n<meta property=\"og:site_name\" content=\"Walraven France\" \/>\n<meta property=\"article:modified_time\" content=\"2023-01-20T14:16:15+00:00\" \/>\n<meta name=\"twitter:card\" content=\"summary_large_image\" \/>\n<meta name=\"twitter:label1\" content=\"Dur\u00e9e de lecture estim\u00e9e\" \/>\n\t<meta name=\"twitter:data1\" content=\"4 minutes\" \/>\n<script type=\"application\/ld+json\" class=\"yoast-schema-graph\">{\"@context\":\"https:\\\/\\\/schema.org\",\"@graph\":[{\"@type\":\"WebPage\",\"@id\":\"https:\\\/\\\/www.walraven.com\\\/fr\\\/vibrations-savoir\\\/\",\"url\":\"https:\\\/\\\/www.walraven.com\\\/fr\\\/vibrations-savoir\\\/\",\"name\":\"Vibrations : ce qu'il faut savoir - Walraven France\",\"isPartOf\":{\"@id\":\"https:\\\/\\\/www.walraven.com\\\/fr\\\/#website\"},\"datePublished\":\"2021-11-26T10:15:22+00:00\",\"dateModified\":\"2023-01-20T14:16:15+00:00\",\"breadcrumb\":{\"@id\":\"https:\\\/\\\/www.walraven.com\\\/fr\\\/vibrations-savoir\\\/#breadcrumb\"},\"inLanguage\":\"fr-FR\",\"potentialAction\":[{\"@type\":\"ReadAction\",\"target\":[\"https:\\\/\\\/www.walraven.com\\\/fr\\\/vibrations-savoir\\\/\"]}]},{\"@type\":\"BreadcrumbList\",\"@id\":\"https:\\\/\\\/www.walraven.com\\\/fr\\\/vibrations-savoir\\\/#breadcrumb\",\"itemListElement\":[{\"@type\":\"ListItem\",\"position\":1,\"name\":\"Accueil\",\"item\":\"https:\\\/\\\/www.walraven.com\\\/fr\\\/\"},{\"@type\":\"ListItem\",\"position\":2,\"name\":\"Vibrations : ce qu&rsquo;il faut savoir\"}]},{\"@type\":\"WebSite\",\"@id\":\"https:\\\/\\\/www.walraven.com\\\/fr\\\/#website\",\"url\":\"https:\\\/\\\/www.walraven.com\\\/fr\\\/\",\"name\":\"Walraven France\",\"description\":\"\",\"publisher\":{\"@id\":\"https:\\\/\\\/www.walraven.com\\\/fr\\\/#organization\"},\"potentialAction\":[{\"@type\":\"SearchAction\",\"target\":{\"@type\":\"EntryPoint\",\"urlTemplate\":\"https:\\\/\\\/www.walraven.com\\\/fr\\\/?s={search_term_string}\"},\"query-input\":{\"@type\":\"PropertyValueSpecification\",\"valueRequired\":true,\"valueName\":\"search_term_string\"}}],\"inLanguage\":\"fr-FR\"},{\"@type\":\"Organization\",\"@id\":\"https:\\\/\\\/www.walraven.com\\\/fr\\\/#organization\",\"name\":\"Walraven France EURL\",\"alternateName\":\"Walraven France EURL\",\"url\":\"https:\\\/\\\/www.walraven.com\\\/fr\\\/\",\"logo\":{\"@type\":\"ImageObject\",\"inLanguage\":\"fr-FR\",\"@id\":\"https:\\\/\\\/www.walraven.com\\\/fr\\\/#\\\/schema\\\/logo\\\/image\\\/\",\"url\":\"https:\\\/\\\/www.walraven.com\\\/fr\\\/wp-content\\\/uploads\\\/sites\\\/5\\\/2023\\\/12\\\/Walraven_logo300x300.jpg\",\"contentUrl\":\"https:\\\/\\\/www.walraven.com\\\/fr\\\/wp-content\\\/uploads\\\/sites\\\/5\\\/2023\\\/12\\\/Walraven_logo300x300.jpg\",\"width\":300,\"height\":300,\"caption\":\"Walraven France EURL\"},\"image\":{\"@id\":\"https:\\\/\\\/www.walraven.com\\\/fr\\\/#\\\/schema\\\/logo\\\/image\\\/\"}}]}<\/script>\n<!-- \/ Yoast SEO Premium plugin. -->","yoast_head_json":{"title":"Vibrations : ce qu'il faut savoir - Walraven France","robots":{"index":"index","follow":"follow","max-snippet":"max-snippet:-1","max-image-preview":"max-image-preview:large","max-video-preview":"max-video-preview:-1"},"canonical":"https:\/\/www.walraven.com\/fr\/vibrations-savoir\/","og_locale":"fr_FR","og_type":"article","og_title":"Vibrations : ce qu'il faut savoir","og_description":"Vibrations dans les b\u00e2timents : \u00e9tat des lieux Les vibrations m\u00e9caniques et les nuisances sonores associ\u00e9es \u00e0 ces vibrations peuvent provoquer un inconfort pour les usagers des b\u00e2timents. Ces derni\u00e8res ann\u00e9es, le secteur de la construction a examin\u00e9 d&rsquo;un peu plus pr\u00e8s la conception des appareils et des installations, dans le but de r\u00e9duire ces [&hellip;]","og_url":"https:\/\/www.walraven.com\/fr\/vibrations-savoir\/","og_site_name":"Walraven France","article_modified_time":"2023-01-20T14:16:15+00:00","twitter_card":"summary_large_image","twitter_misc":{"Dur\u00e9e de lecture estim\u00e9e":"4 minutes"},"schema":{"@context":"https:\/\/schema.org","@graph":[{"@type":"WebPage","@id":"https:\/\/www.walraven.com\/fr\/vibrations-savoir\/","url":"https:\/\/www.walraven.com\/fr\/vibrations-savoir\/","name":"Vibrations : ce qu'il faut savoir - Walraven France","isPartOf":{"@id":"https:\/\/www.walraven.com\/fr\/#website"},"datePublished":"2021-11-26T10:15:22+00:00","dateModified":"2023-01-20T14:16:15+00:00","breadcrumb":{"@id":"https:\/\/www.walraven.com\/fr\/vibrations-savoir\/#breadcrumb"},"inLanguage":"fr-FR","potentialAction":[{"@type":"ReadAction","target":["https:\/\/www.walraven.com\/fr\/vibrations-savoir\/"]}]},{"@type":"BreadcrumbList","@id":"https:\/\/www.walraven.com\/fr\/vibrations-savoir\/#breadcrumb","itemListElement":[{"@type":"ListItem","position":1,"name":"Accueil","item":"https:\/\/www.walraven.com\/fr\/"},{"@type":"ListItem","position":2,"name":"Vibrations : ce qu&rsquo;il faut savoir"}]},{"@type":"WebSite","@id":"https:\/\/www.walraven.com\/fr\/#website","url":"https:\/\/www.walraven.com\/fr\/","name":"Walraven France","description":"","publisher":{"@id":"https:\/\/www.walraven.com\/fr\/#organization"},"potentialAction":[{"@type":"SearchAction","target":{"@type":"EntryPoint","urlTemplate":"https:\/\/www.walraven.com\/fr\/?s={search_term_string}"},"query-input":{"@type":"PropertyValueSpecification","valueRequired":true,"valueName":"search_term_string"}}],"inLanguage":"fr-FR"},{"@type":"Organization","@id":"https:\/\/www.walraven.com\/fr\/#organization","name":"Walraven France EURL","alternateName":"Walraven France EURL","url":"https:\/\/www.walraven.com\/fr\/","logo":{"@type":"ImageObject","inLanguage":"fr-FR","@id":"https:\/\/www.walraven.com\/fr\/#\/schema\/logo\/image\/","url":"https:\/\/www.walraven.com\/fr\/wp-content\/uploads\/sites\/5\/2023\/12\/Walraven_logo300x300.jpg","contentUrl":"https:\/\/www.walraven.com\/fr\/wp-content\/uploads\/sites\/5\/2023\/12\/Walraven_logo300x300.jpg","width":300,"height":300,"caption":"Walraven France EURL"},"image":{"@id":"https:\/\/www.walraven.com\/fr\/#\/schema\/logo\/image\/"}}]}},"_links":{"self":[{"href":"https:\/\/www.walraven.com\/fr\/wp-json\/wp\/v2\/pages\/45401","targetHints":{"allow":["GET"]}}],"collection":[{"href":"https:\/\/www.walraven.com\/fr\/wp-json\/wp\/v2\/pages"}],"about":[{"href":"https:\/\/www.walraven.com\/fr\/wp-json\/wp\/v2\/types\/page"}],"author":[{"embeddable":true,"href":"https:\/\/www.walraven.com\/fr\/wp-json\/wp\/v2\/users\/62"}],"replies":[{"embeddable":true,"href":"https:\/\/www.walraven.com\/fr\/wp-json\/wp\/v2\/comments?post=45401"}],"version-history":[{"count":6,"href":"https:\/\/www.walraven.com\/fr\/wp-json\/wp\/v2\/pages\/45401\/revisions"}],"predecessor-version":[{"id":45982,"href":"https:\/\/www.walraven.com\/fr\/wp-json\/wp\/v2\/pages\/45401\/revisions\/45982"}],"wp:attachment":[{"href":"https:\/\/www.walraven.com\/fr\/wp-json\/wp\/v2\/media?parent=45401"}],"curies":[{"name":"wp","href":"https:\/\/api.w.org\/{rel}","templated":true}]}}