{"id":50288,"date":"2025-09-01T16:12:23","date_gmt":"2025-09-01T14:12:23","guid":{"rendered":"https:\/\/example.walraven.com\/?page_id=154713"},"modified":"2025-10-20T11:01:47","modified_gmt":"2025-10-20T09:01:47","slug":"support-form","status":"publish","type":"page","link":"https:\/\/www.walraven.com\/fr\/channel-systems\/support-form\/","title":{"rendered":"Faites-nous part de vos d\u00e9fis et d\u00e9couvrez comment nos experts peuvent vous aider !"},"content":{"rendered":"<div class=\"ms-form\"><div\r\n        data-form-id='e2d69da1-93a2-f011-bbd2-7ced8d92c46f'\r\n        data-form-api-url='https:\/\/public-eur.mkt.dynamics.com\/api\/v1.0\/orgs\/2cd7df8f-f10a-4dbf-abd6-99a66c64630a\/landingpageforms'\r\n        data-cached-form-url='https:\/\/assets1-eur.mkt.dynamics.com\/2cd7df8f-f10a-4dbf-abd6-99a66c64630a\/digitalassets\/forms\/e2d69da1-93a2-f011-bbd2-7ced8d92c46f' ><\/div>\r\n        <script src = 'https:\/\/cxppusa1formui01cdnsa01-endpoint.azureedge.net\/eur\/FormLoader\/FormLoader.bundle.js' ><\/script><\/div>\n<div class='content-column one_third last_column'><img loading=\"lazy\" decoding=\"async\" class=\"alignnone size-medium wp-image-154535\" src=\"https:\/\/example.walraven.com\/wp-content\/uploads\/sites\/2\/2025\/07\/Walraven_Channel_Systems_Campaign_Page-4-300x257.jpeg\" alt=\"Walraven technical support and prefab\" width=\"300\" height=\"257\" \/><\/div><div class='clear_column'><\/div>\n","protected":false},"excerpt":{"rendered":"","protected":false},"author":43,"featured_media":0,"parent":50210,"menu_order":0,"comment_status":"closed","ping_status":"closed","template":"page-templates\/tpl-landingspage.php","meta":{"_acf_changed":false,"footnotes":""},"class_list":["post-50288","page","type-page","status-publish","hentry"],"acf":[],"yoast_head":"<!-- This site is optimized with the Yoast SEO Premium plugin v27.3 (Yoast SEO v27.3) - https:\/\/yoast.com\/product\/yoast-seo-premium-wordpress\/ -->\n<title>Faites-nous part de vos d\u00e9fis et d\u00e9couvrez comment nos experts peuvent vous aider ! - Walraven France<\/title>\n<meta name=\"description\" content=\"Parlez-nous de votre probl\u00e8me et d\u00e9couvrez les conseils de nos experts ! Calculs, ing\u00e9nierie, consultation sur site ou pr\u00e9fabrication!\" \/>\n<meta name=\"robots\" content=\"index, follow, max-snippet:-1, max-image-preview:large, max-video-preview:-1\" \/>\n<link rel=\"canonical\" href=\"https:\/\/www.walraven.com\/fr\/channel-systems\/support-form\/\" \/>\n<meta property=\"og:locale\" content=\"fr_FR\" \/>\n<meta property=\"og:type\" content=\"article\" \/>\n<meta property=\"og:title\" content=\"Faites-nous part de vos d\u00e9fis et d\u00e9couvrez comment nos experts peuvent vous aider !\" \/>\n<meta property=\"og:description\" content=\"Parlez-nous de votre probl\u00e8me et d\u00e9couvrez les conseils de nos experts ! Calculs, ing\u00e9nierie, consultation sur site ou pr\u00e9fabrication!\" \/>\n<meta property=\"og:url\" content=\"https:\/\/www.walraven.com\/fr\/channel-systems\/support-form\/\" \/>\n<meta property=\"og:site_name\" content=\"Walraven France\" \/>\n<meta property=\"article:modified_time\" content=\"2025-10-20T09:01:47+00:00\" \/>\n<meta name=\"twitter:card\" content=\"summary_large_image\" \/>\n<meta name=\"twitter:label1\" content=\"Dur\u00e9e de lecture estim\u00e9e\" \/>\n\t<meta name=\"twitter:data1\" content=\"1 minute\" \/>\n<script type=\"application\/ld+json\" class=\"yoast-schema-graph\">{\"@context\":\"https:\\\/\\\/schema.org\",\"@graph\":[{\"@type\":\"WebPage\",\"@id\":\"https:\\\/\\\/www.walraven.com\\\/fr\\\/channel-systems\\\/support-form\\\/\",\"url\":\"https:\\\/\\\/www.walraven.com\\\/fr\\\/channel-systems\\\/support-form\\\/\",\"name\":\"Faites-nous part de vos d\u00e9fis et d\u00e9couvrez comment nos experts peuvent vous aider ! - Walraven France\",\"isPartOf\":{\"@id\":\"https:\\\/\\\/www.walraven.com\\\/fr\\\/#website\"},\"primaryImageOfPage\":{\"@id\":\"https:\\\/\\\/www.walraven.com\\\/fr\\\/channel-systems\\\/support-form\\\/#primaryimage\"},\"image\":{\"@id\":\"https:\\\/\\\/www.walraven.com\\\/fr\\\/channel-systems\\\/support-form\\\/#primaryimage\"},\"thumbnailUrl\":\"https:\\\/\\\/example.walraven.com\\\/wp-content\\\/uploads\\\/sites\\\/2\\\/2025\\\/07\\\/Walraven_Channel_Systems_Campaign_Page-4-300x257.jpeg\",\"datePublished\":\"2025-09-01T14:12:23+00:00\",\"dateModified\":\"2025-10-20T09:01:47+00:00\",\"description\":\"Parlez-nous de votre probl\u00e8me et d\u00e9couvrez les conseils de nos experts ! Calculs, ing\u00e9nierie, consultation sur site ou pr\u00e9fabrication!\",\"breadcrumb\":{\"@id\":\"https:\\\/\\\/www.walraven.com\\\/fr\\\/channel-systems\\\/support-form\\\/#breadcrumb\"},\"inLanguage\":\"fr-FR\",\"potentialAction\":[{\"@type\":\"ReadAction\",\"target\":[\"https:\\\/\\\/www.walraven.com\\\/fr\\\/channel-systems\\\/support-form\\\/\"]}]},{\"@type\":\"ImageObject\",\"inLanguage\":\"fr-FR\",\"@id\":\"https:\\\/\\\/www.walraven.com\\\/fr\\\/channel-systems\\\/support-form\\\/#primaryimage\",\"url\":\"https:\\\/\\\/example.walraven.com\\\/wp-content\\\/uploads\\\/sites\\\/2\\\/2025\\\/07\\\/Walraven_Channel_Systems_Campaign_Page-4-300x257.jpeg\",\"contentUrl\":\"https:\\\/\\\/example.walraven.com\\\/wp-content\\\/uploads\\\/sites\\\/2\\\/2025\\\/07\\\/Walraven_Channel_Systems_Campaign_Page-4-300x257.jpeg\"},{\"@type\":\"BreadcrumbList\",\"@id\":\"https:\\\/\\\/www.walraven.com\\\/fr\\\/channel-systems\\\/support-form\\\/#breadcrumb\",\"itemListElement\":[{\"@type\":\"ListItem\",\"position\":1,\"name\":\"Accueil\",\"item\":\"https:\\\/\\\/www.walraven.com\\\/fr\\\/\"},{\"@type\":\"ListItem\",\"position\":2,\"name\":\"Les syst\u00e8mes de rails Walraven simplifient l&rsquo;installation des syst\u00e8mes de CVC\",\"item\":\"https:\\\/\\\/www.walraven.com\\\/fr\\\/channel-systems\\\/\"},{\"@type\":\"ListItem\",\"position\":3,\"name\":\"Faites-nous part de vos d\u00e9fis et d\u00e9couvrez comment nos experts peuvent vous aider !\"}]},{\"@type\":\"WebSite\",\"@id\":\"https:\\\/\\\/www.walraven.com\\\/fr\\\/#website\",\"url\":\"https:\\\/\\\/www.walraven.com\\\/fr\\\/\",\"name\":\"Walraven France\",\"description\":\"\",\"publisher\":{\"@id\":\"https:\\\/\\\/www.walraven.com\\\/fr\\\/#organization\"},\"potentialAction\":[{\"@type\":\"SearchAction\",\"target\":{\"@type\":\"EntryPoint\",\"urlTemplate\":\"https:\\\/\\\/www.walraven.com\\\/fr\\\/?s={search_term_string}\"},\"query-input\":{\"@type\":\"PropertyValueSpecification\",\"valueRequired\":true,\"valueName\":\"search_term_string\"}}],\"inLanguage\":\"fr-FR\"},{\"@type\":\"Organization\",\"@id\":\"https:\\\/\\\/www.walraven.com\\\/fr\\\/#organization\",\"name\":\"Walraven France EURL\",\"alternateName\":\"Walraven France EURL\",\"url\":\"https:\\\/\\\/www.walraven.com\\\/fr\\\/\",\"logo\":{\"@type\":\"ImageObject\",\"inLanguage\":\"fr-FR\",\"@id\":\"https:\\\/\\\/www.walraven.com\\\/fr\\\/#\\\/schema\\\/logo\\\/image\\\/\",\"url\":\"https:\\\/\\\/www.walraven.com\\\/fr\\\/wp-content\\\/uploads\\\/sites\\\/5\\\/2023\\\/12\\\/Walraven_logo300x300.jpg\",\"contentUrl\":\"https:\\\/\\\/www.walraven.com\\\/fr\\\/wp-content\\\/uploads\\\/sites\\\/5\\\/2023\\\/12\\\/Walraven_logo300x300.jpg\",\"width\":300,\"height\":300,\"caption\":\"Walraven France EURL\"},\"image\":{\"@id\":\"https:\\\/\\\/www.walraven.com\\\/fr\\\/#\\\/schema\\\/logo\\\/image\\\/\"}}]}<\/script>\n<!-- \/ Yoast SEO Premium plugin. -->","yoast_head_json":{"title":"Faites-nous part de vos d\u00e9fis et d\u00e9couvrez comment nos experts peuvent vous aider ! - Walraven France","description":"Parlez-nous de votre probl\u00e8me et d\u00e9couvrez les conseils de nos experts ! Calculs, ing\u00e9nierie, consultation sur site ou pr\u00e9fabrication!","robots":{"index":"index","follow":"follow","max-snippet":"max-snippet:-1","max-image-preview":"max-image-preview:large","max-video-preview":"max-video-preview:-1"},"canonical":"https:\/\/www.walraven.com\/fr\/channel-systems\/support-form\/","og_locale":"fr_FR","og_type":"article","og_title":"Faites-nous part de vos d\u00e9fis et d\u00e9couvrez comment nos experts peuvent vous aider !","og_description":"Parlez-nous de votre probl\u00e8me et d\u00e9couvrez les conseils de nos experts ! Calculs, ing\u00e9nierie, consultation sur site ou pr\u00e9fabrication!","og_url":"https:\/\/www.walraven.com\/fr\/channel-systems\/support-form\/","og_site_name":"Walraven France","article_modified_time":"2025-10-20T09:01:47+00:00","twitter_card":"summary_large_image","twitter_misc":{"Dur\u00e9e de lecture estim\u00e9e":"1 minute"},"schema":{"@context":"https:\/\/schema.org","@graph":[{"@type":"WebPage","@id":"https:\/\/www.walraven.com\/fr\/channel-systems\/support-form\/","url":"https:\/\/www.walraven.com\/fr\/channel-systems\/support-form\/","name":"Faites-nous part de vos d\u00e9fis et d\u00e9couvrez comment nos experts peuvent vous aider ! - Walraven France","isPartOf":{"@id":"https:\/\/www.walraven.com\/fr\/#website"},"primaryImageOfPage":{"@id":"https:\/\/www.walraven.com\/fr\/channel-systems\/support-form\/#primaryimage"},"image":{"@id":"https:\/\/www.walraven.com\/fr\/channel-systems\/support-form\/#primaryimage"},"thumbnailUrl":"https:\/\/example.walraven.com\/wp-content\/uploads\/sites\/2\/2025\/07\/Walraven_Channel_Systems_Campaign_Page-4-300x257.jpeg","datePublished":"2025-09-01T14:12:23+00:00","dateModified":"2025-10-20T09:01:47+00:00","description":"Parlez-nous de votre probl\u00e8me et d\u00e9couvrez les conseils de nos experts ! Calculs, ing\u00e9nierie, consultation sur site ou pr\u00e9fabrication!","breadcrumb":{"@id":"https:\/\/www.walraven.com\/fr\/channel-systems\/support-form\/#breadcrumb"},"inLanguage":"fr-FR","potentialAction":[{"@type":"ReadAction","target":["https:\/\/www.walraven.com\/fr\/channel-systems\/support-form\/"]}]},{"@type":"ImageObject","inLanguage":"fr-FR","@id":"https:\/\/www.walraven.com\/fr\/channel-systems\/support-form\/#primaryimage","url":"https:\/\/example.walraven.com\/wp-content\/uploads\/sites\/2\/2025\/07\/Walraven_Channel_Systems_Campaign_Page-4-300x257.jpeg","contentUrl":"https:\/\/example.walraven.com\/wp-content\/uploads\/sites\/2\/2025\/07\/Walraven_Channel_Systems_Campaign_Page-4-300x257.jpeg"},{"@type":"BreadcrumbList","@id":"https:\/\/www.walraven.com\/fr\/channel-systems\/support-form\/#breadcrumb","itemListElement":[{"@type":"ListItem","position":1,"name":"Accueil","item":"https:\/\/www.walraven.com\/fr\/"},{"@type":"ListItem","position":2,"name":"Les syst\u00e8mes de rails Walraven simplifient l&rsquo;installation des syst\u00e8mes de CVC","item":"https:\/\/www.walraven.com\/fr\/channel-systems\/"},{"@type":"ListItem","position":3,"name":"Faites-nous part de vos d\u00e9fis et d\u00e9couvrez comment nos experts peuvent vous aider !"}]},{"@type":"WebSite","@id":"https:\/\/www.walraven.com\/fr\/#website","url":"https:\/\/www.walraven.com\/fr\/","name":"Walraven France","description":"","publisher":{"@id":"https:\/\/www.walraven.com\/fr\/#organization"},"potentialAction":[{"@type":"SearchAction","target":{"@type":"EntryPoint","urlTemplate":"https:\/\/www.walraven.com\/fr\/?s={search_term_string}"},"query-input":{"@type":"PropertyValueSpecification","valueRequired":true,"valueName":"search_term_string"}}],"inLanguage":"fr-FR"},{"@type":"Organization","@id":"https:\/\/www.walraven.com\/fr\/#organization","name":"Walraven France EURL","alternateName":"Walraven France EURL","url":"https:\/\/www.walraven.com\/fr\/","logo":{"@type":"ImageObject","inLanguage":"fr-FR","@id":"https:\/\/www.walraven.com\/fr\/#\/schema\/logo\/image\/","url":"https:\/\/www.walraven.com\/fr\/wp-content\/uploads\/sites\/5\/2023\/12\/Walraven_logo300x300.jpg","contentUrl":"https:\/\/www.walraven.com\/fr\/wp-content\/uploads\/sites\/5\/2023\/12\/Walraven_logo300x300.jpg","width":300,"height":300,"caption":"Walraven France EURL"},"image":{"@id":"https:\/\/www.walraven.com\/fr\/#\/schema\/logo\/image\/"}}]}},"_links":{"self":[{"href":"https:\/\/www.walraven.com\/fr\/wp-json\/wp\/v2\/pages\/50288","targetHints":{"allow":["GET"]}}],"collection":[{"href":"https:\/\/www.walraven.com\/fr\/wp-json\/wp\/v2\/pages"}],"about":[{"href":"https:\/\/www.walraven.com\/fr\/wp-json\/wp\/v2\/types\/page"}],"author":[{"embeddable":true,"href":"https:\/\/www.walraven.com\/fr\/wp-json\/wp\/v2\/users\/43"}],"replies":[{"embeddable":true,"href":"https:\/\/www.walraven.com\/fr\/wp-json\/wp\/v2\/comments?post=50288"}],"version-history":[{"count":5,"href":"https:\/\/www.walraven.com\/fr\/wp-json\/wp\/v2\/pages\/50288\/revisions"}],"predecessor-version":[{"id":50360,"href":"https:\/\/www.walraven.com\/fr\/wp-json\/wp\/v2\/pages\/50288\/revisions\/50360"}],"up":[{"embeddable":true,"href":"https:\/\/www.walraven.com\/fr\/wp-json\/wp\/v2\/pages\/50210"}],"wp:attachment":[{"href":"https:\/\/www.walraven.com\/fr\/wp-json\/wp\/v2\/media?parent=50288"}],"curies":[{"name":"wp","href":"https:\/\/api.w.org\/{rel}","templated":true}]}}