{"id":24971,"date":"2018-04-11T17:22:02","date_gmt":"2018-04-11T15:22:02","guid":{"rendered":"https:\/\/example.walraven.com\/?page_id=119893"},"modified":"2024-01-08T15:44:13","modified_gmt":"2024-01-08T14:44:13","slug":"legcsatornatartok","status":"publish","type":"page","link":"https:\/\/www.walraven.com\/hu\/laposteto-rendszerek\/legcsatornatartok\/","title":{"rendered":"L\u00e9gcsatornatart\u00f3k"},"content":{"rendered":"","protected":false},"excerpt":{"rendered":"","protected":false},"author":43,"featured_media":0,"parent":24929,"menu_order":0,"comment_status":"closed","ping_status":"closed","template":"page-templates\/tpl-landingspage.php","meta":{"_acf_changed":false,"footnotes":""},"class_list":["post-24971","page","type-page","status-publish","hentry"],"acf":[],"yoast_head":"<!-- This site is optimized with the Yoast SEO Premium plugin v27.3 (Yoast SEO v27.3) - https:\/\/yoast.com\/product\/yoast-seo-premium-wordpress\/ -->\n<title>L\u00e9gcsatornatart\u00f3k - Walraven Magyarorsz\u00e1g<\/title>\n<meta name=\"description\" content=\"From small to large ducts our tailored Duct Support solutions are suitable for all types and sizes of ductwork and can run at practically any specified height above the roof surface. \u2705 High quality products \u2705Free project support\u2705 Your challenge, our support\" \/>\n<meta name=\"robots\" content=\"index, follow, max-snippet:-1, max-image-preview:large, max-video-preview:-1\" \/>\n<link rel=\"canonical\" href=\"https:\/\/www.walraven.com\/hu\/laposteto-rendszerek\/legcsatornatartok\/\" \/>\n<meta property=\"og:locale\" content=\"hu_HU\" \/>\n<meta property=\"og:type\" content=\"article\" \/>\n<meta property=\"og:title\" content=\"L\u00e9gcsatornatart\u00f3k\" \/>\n<meta property=\"og:description\" content=\"From small to large ducts our tailored Duct Support solutions are suitable for all types and sizes of ductwork and can run at practically any specified height above the roof surface. \u2705 High quality products \u2705Free project support\u2705 Your challenge, our support\" \/>\n<meta property=\"og:url\" content=\"https:\/\/www.walraven.com\/hu\/laposteto-rendszerek\/legcsatornatartok\/\" \/>\n<meta property=\"og:site_name\" content=\"Walraven Magyarorsz\u00e1g\" \/>\n<meta property=\"article:publisher\" content=\"https:\/\/www.facebook.com\/walravenkft\" \/>\n<meta property=\"article:modified_time\" content=\"2024-01-08T14:44:13+00:00\" \/>\n<meta name=\"twitter:card\" content=\"summary_large_image\" \/>\n<script type=\"application\/ld+json\" class=\"yoast-schema-graph\">{\"@context\":\"https:\\\/\\\/schema.org\",\"@graph\":[{\"@type\":\"WebPage\",\"@id\":\"https:\\\/\\\/www.walraven.com\\\/hu\\\/laposteto-rendszerek\\\/legcsatornatartok\\\/\",\"url\":\"https:\\\/\\\/www.walraven.com\\\/hu\\\/laposteto-rendszerek\\\/legcsatornatartok\\\/\",\"name\":\"L\u00e9gcsatornatart\u00f3k - Walraven Magyarorsz\u00e1g\",\"isPartOf\":{\"@id\":\"https:\\\/\\\/www.walraven.com\\\/hu\\\/#website\"},\"datePublished\":\"2018-04-11T15:22:02+00:00\",\"dateModified\":\"2024-01-08T14:44:13+00:00\",\"description\":\"From small to large ducts our tailored Duct Support solutions are suitable for all types and sizes of ductwork and can run at practically any specified height above the roof surface. \u2705 High quality products \u2705Free project support\u2705 Your challenge, our support\",\"breadcrumb\":{\"@id\":\"https:\\\/\\\/www.walraven.com\\\/hu\\\/laposteto-rendszerek\\\/legcsatornatartok\\\/#breadcrumb\"},\"inLanguage\":\"hu\",\"potentialAction\":[{\"@type\":\"ReadAction\",\"target\":[\"https:\\\/\\\/www.walraven.com\\\/hu\\\/laposteto-rendszerek\\\/legcsatornatartok\\\/\"]}]},{\"@type\":\"BreadcrumbList\",\"@id\":\"https:\\\/\\\/www.walraven.com\\\/hu\\\/laposteto-rendszerek\\\/legcsatornatartok\\\/#breadcrumb\",\"itemListElement\":[{\"@type\":\"ListItem\",\"position\":1,\"name\":\"Nyit\u00f3oldal\",\"item\":\"https:\\\/\\\/www.walraven.com\\\/hu\\\/\"},{\"@type\":\"ListItem\",\"position\":2,\"name\":\"Walraven lapostet\u0151 rendszerek\",\"item\":\"https:\\\/\\\/www.walraven.com\\\/hu\\\/laposteto-rendszerek\\\/\"},{\"@type\":\"ListItem\",\"position\":3,\"name\":\"L\u00e9gcsatornatart\u00f3k\"}]},{\"@type\":\"WebSite\",\"@id\":\"https:\\\/\\\/www.walraven.com\\\/hu\\\/#website\",\"url\":\"https:\\\/\\\/www.walraven.com\\\/hu\\\/\",\"name\":\"Walraven Magyarorsz\u00e1g\",\"description\":\"\",\"publisher\":{\"@id\":\"https:\\\/\\\/www.walraven.com\\\/hu\\\/#organization\"},\"potentialAction\":[{\"@type\":\"SearchAction\",\"target\":{\"@type\":\"EntryPoint\",\"urlTemplate\":\"https:\\\/\\\/www.walraven.com\\\/hu\\\/?s={search_term_string}\"},\"query-input\":{\"@type\":\"PropertyValueSpecification\",\"valueRequired\":true,\"valueName\":\"search_term_string\"}}],\"inLanguage\":\"hu\"},{\"@type\":\"Organization\",\"@id\":\"https:\\\/\\\/www.walraven.com\\\/hu\\\/#organization\",\"name\":\"Walraven Kft.\",\"alternateName\":\"Walraven Kft.\",\"url\":\"https:\\\/\\\/www.walraven.com\\\/hu\\\/\",\"logo\":{\"@type\":\"ImageObject\",\"inLanguage\":\"hu\",\"@id\":\"https:\\\/\\\/www.walraven.com\\\/hu\\\/#\\\/schema\\\/logo\\\/image\\\/\",\"url\":\"https:\\\/\\\/www.walraven.com\\\/hu\\\/wp-content\\\/uploads\\\/sites\\\/22\\\/2023\\\/12\\\/Walraven_logo300x300.jpg\",\"contentUrl\":\"https:\\\/\\\/www.walraven.com\\\/hu\\\/wp-content\\\/uploads\\\/sites\\\/22\\\/2023\\\/12\\\/Walraven_logo300x300.jpg\",\"width\":300,\"height\":300,\"caption\":\"Walraven Kft.\"},\"image\":{\"@id\":\"https:\\\/\\\/www.walraven.com\\\/hu\\\/#\\\/schema\\\/logo\\\/image\\\/\"},\"sameAs\":[\"https:\\\/\\\/www.facebook.com\\\/walravenkft\",\"https:\\\/\\\/www.youtube.com\\\/channel\\\/UCAYB3Nqnqm5dofzMcQtFyvg\",\"https:\\\/\\\/www.linkedin.com\\\/company\\\/walraven-hu\\\/\"]}]}<\/script>\n<!-- \/ Yoast SEO Premium plugin. -->","yoast_head_json":{"title":"L\u00e9gcsatornatart\u00f3k - Walraven Magyarorsz\u00e1g","description":"From small to large ducts our tailored Duct Support solutions are suitable for all types and sizes of ductwork and can run at practically any specified height above the roof surface. \u2705 High quality products \u2705Free project support\u2705 Your challenge, our support","robots":{"index":"index","follow":"follow","max-snippet":"max-snippet:-1","max-image-preview":"max-image-preview:large","max-video-preview":"max-video-preview:-1"},"canonical":"https:\/\/www.walraven.com\/hu\/laposteto-rendszerek\/legcsatornatartok\/","og_locale":"hu_HU","og_type":"article","og_title":"L\u00e9gcsatornatart\u00f3k","og_description":"From small to large ducts our tailored Duct Support solutions are suitable for all types and sizes of ductwork and can run at practically any specified height above the roof surface. \u2705 High quality products \u2705Free project support\u2705 Your challenge, our support","og_url":"https:\/\/www.walraven.com\/hu\/laposteto-rendszerek\/legcsatornatartok\/","og_site_name":"Walraven Magyarorsz\u00e1g","article_publisher":"https:\/\/www.facebook.com\/walravenkft","article_modified_time":"2024-01-08T14:44:13+00:00","twitter_card":"summary_large_image","schema":{"@context":"https:\/\/schema.org","@graph":[{"@type":"WebPage","@id":"https:\/\/www.walraven.com\/hu\/laposteto-rendszerek\/legcsatornatartok\/","url":"https:\/\/www.walraven.com\/hu\/laposteto-rendszerek\/legcsatornatartok\/","name":"L\u00e9gcsatornatart\u00f3k - Walraven Magyarorsz\u00e1g","isPartOf":{"@id":"https:\/\/www.walraven.com\/hu\/#website"},"datePublished":"2018-04-11T15:22:02+00:00","dateModified":"2024-01-08T14:44:13+00:00","description":"From small to large ducts our tailored Duct Support solutions are suitable for all types and sizes of ductwork and can run at practically any specified height above the roof surface. \u2705 High quality products \u2705Free project support\u2705 Your challenge, our support","breadcrumb":{"@id":"https:\/\/www.walraven.com\/hu\/laposteto-rendszerek\/legcsatornatartok\/#breadcrumb"},"inLanguage":"hu","potentialAction":[{"@type":"ReadAction","target":["https:\/\/www.walraven.com\/hu\/laposteto-rendszerek\/legcsatornatartok\/"]}]},{"@type":"BreadcrumbList","@id":"https:\/\/www.walraven.com\/hu\/laposteto-rendszerek\/legcsatornatartok\/#breadcrumb","itemListElement":[{"@type":"ListItem","position":1,"name":"Nyit\u00f3oldal","item":"https:\/\/www.walraven.com\/hu\/"},{"@type":"ListItem","position":2,"name":"Walraven lapostet\u0151 rendszerek","item":"https:\/\/www.walraven.com\/hu\/laposteto-rendszerek\/"},{"@type":"ListItem","position":3,"name":"L\u00e9gcsatornatart\u00f3k"}]},{"@type":"WebSite","@id":"https:\/\/www.walraven.com\/hu\/#website","url":"https:\/\/www.walraven.com\/hu\/","name":"Walraven Magyarorsz\u00e1g","description":"","publisher":{"@id":"https:\/\/www.walraven.com\/hu\/#organization"},"potentialAction":[{"@type":"SearchAction","target":{"@type":"EntryPoint","urlTemplate":"https:\/\/www.walraven.com\/hu\/?s={search_term_string}"},"query-input":{"@type":"PropertyValueSpecification","valueRequired":true,"valueName":"search_term_string"}}],"inLanguage":"hu"},{"@type":"Organization","@id":"https:\/\/www.walraven.com\/hu\/#organization","name":"Walraven Kft.","alternateName":"Walraven Kft.","url":"https:\/\/www.walraven.com\/hu\/","logo":{"@type":"ImageObject","inLanguage":"hu","@id":"https:\/\/www.walraven.com\/hu\/#\/schema\/logo\/image\/","url":"https:\/\/www.walraven.com\/hu\/wp-content\/uploads\/sites\/22\/2023\/12\/Walraven_logo300x300.jpg","contentUrl":"https:\/\/www.walraven.com\/hu\/wp-content\/uploads\/sites\/22\/2023\/12\/Walraven_logo300x300.jpg","width":300,"height":300,"caption":"Walraven Kft."},"image":{"@id":"https:\/\/www.walraven.com\/hu\/#\/schema\/logo\/image\/"},"sameAs":["https:\/\/www.facebook.com\/walravenkft","https:\/\/www.youtube.com\/channel\/UCAYB3Nqnqm5dofzMcQtFyvg","https:\/\/www.linkedin.com\/company\/walraven-hu\/"]}]}},"_links":{"self":[{"href":"https:\/\/www.walraven.com\/hu\/wp-json\/wp\/v2\/pages\/24971","targetHints":{"allow":["GET"]}}],"collection":[{"href":"https:\/\/www.walraven.com\/hu\/wp-json\/wp\/v2\/pages"}],"about":[{"href":"https:\/\/www.walraven.com\/hu\/wp-json\/wp\/v2\/types\/page"}],"author":[{"embeddable":true,"href":"https:\/\/www.walraven.com\/hu\/wp-json\/wp\/v2\/users\/43"}],"replies":[{"embeddable":true,"href":"https:\/\/www.walraven.com\/hu\/wp-json\/wp\/v2\/comments?post=24971"}],"version-history":[{"count":5,"href":"https:\/\/www.walraven.com\/hu\/wp-json\/wp\/v2\/pages\/24971\/revisions"}],"predecessor-version":[{"id":29701,"href":"https:\/\/www.walraven.com\/hu\/wp-json\/wp\/v2\/pages\/24971\/revisions\/29701"}],"up":[{"embeddable":true,"href":"https:\/\/www.walraven.com\/hu\/wp-json\/wp\/v2\/pages\/24929"}],"wp:attachment":[{"href":"https:\/\/www.walraven.com\/hu\/wp-json\/wp\/v2\/media?parent=24971"}],"curies":[{"name":"wp","href":"https:\/\/api.w.org\/{rel}","templated":true}]}}