{"id":25095,"date":"2018-04-11T17:08:49","date_gmt":"2018-04-11T15:08:49","guid":{"rendered":"https:\/\/example.walraven.com\/?page_id=119886"},"modified":"2024-01-08T15:45:27","modified_gmt":"2024-01-08T14:45:27","slug":"szerelojardak-lepcsok","status":"publish","type":"page","link":"https:\/\/www.walraven.com\/hu\/laposteto-rendszerek\/szerelojardak-lepcsok\/","title":{"rendered":"Szerel\u0151j\u00e1rd\u00e1k \/ L\u00e9pcs\u0151k"},"content":{"rendered":"","protected":false},"excerpt":{"rendered":"","protected":false},"author":43,"featured_media":0,"parent":24929,"menu_order":0,"comment_status":"closed","ping_status":"closed","template":"page-templates\/tpl-landingspage.php","meta":{"_acf_changed":false,"footnotes":""},"class_list":["post-25095","page","type-page","status-publish","hentry"],"acf":[],"yoast_head":"<!-- This site is optimized with the Yoast SEO Premium plugin v27.3 (Yoast SEO v27.3) - https:\/\/yoast.com\/product\/yoast-seo-premium-wordpress\/ -->\n<title>Szerel\u0151j\u00e1rd\u00e1k \/ L\u00e9pcs\u0151k - Walraven Magyarorsz\u00e1g<\/title>\n<meta name=\"description\" content=\"Walraven service decks \/ stairs solutions make it possible that inspections, maintenance, cleaning and other tasks can be carried out. \u2705 High quality products \u2705Free project support \u2705 Your challenge, our support\" \/>\n<meta name=\"robots\" content=\"index, follow, max-snippet:-1, max-image-preview:large, max-video-preview:-1\" \/>\n<link rel=\"canonical\" href=\"https:\/\/www.walraven.com\/hu\/laposteto-rendszerek\/szerelojardak-lepcsok\/\" \/>\n<meta property=\"og:locale\" content=\"hu_HU\" \/>\n<meta property=\"og:type\" content=\"article\" \/>\n<meta property=\"og:title\" content=\"Szerel\u0151j\u00e1rd\u00e1k \/ L\u00e9pcs\u0151k\" \/>\n<meta property=\"og:description\" content=\"Walraven service decks \/ stairs solutions make it possible that inspections, maintenance, cleaning and other tasks can be carried out. \u2705 High quality products \u2705Free project support \u2705 Your challenge, our support\" \/>\n<meta property=\"og:url\" content=\"https:\/\/www.walraven.com\/hu\/laposteto-rendszerek\/szerelojardak-lepcsok\/\" \/>\n<meta property=\"og:site_name\" content=\"Walraven Magyarorsz\u00e1g\" \/>\n<meta property=\"article:publisher\" content=\"https:\/\/www.facebook.com\/walravenkft\" \/>\n<meta property=\"article:modified_time\" content=\"2024-01-08T14:45:27+00:00\" \/>\n<meta name=\"twitter:card\" content=\"summary_large_image\" \/>\n<script type=\"application\/ld+json\" class=\"yoast-schema-graph\">{\"@context\":\"https:\\\/\\\/schema.org\",\"@graph\":[{\"@type\":\"WebPage\",\"@id\":\"https:\\\/\\\/www.walraven.com\\\/hu\\\/laposteto-rendszerek\\\/szerelojardak-lepcsok\\\/\",\"url\":\"https:\\\/\\\/www.walraven.com\\\/hu\\\/laposteto-rendszerek\\\/szerelojardak-lepcsok\\\/\",\"name\":\"Szerel\u0151j\u00e1rd\u00e1k \\\/ L\u00e9pcs\u0151k - Walraven Magyarorsz\u00e1g\",\"isPartOf\":{\"@id\":\"https:\\\/\\\/www.walraven.com\\\/hu\\\/#website\"},\"datePublished\":\"2018-04-11T15:08:49+00:00\",\"dateModified\":\"2024-01-08T14:45:27+00:00\",\"description\":\"Walraven service decks \\\/ stairs solutions make it possible that inspections, maintenance, cleaning and other tasks can be carried out. \u2705 High quality products \u2705Free project support \u2705 Your challenge, our support\",\"breadcrumb\":{\"@id\":\"https:\\\/\\\/www.walraven.com\\\/hu\\\/laposteto-rendszerek\\\/szerelojardak-lepcsok\\\/#breadcrumb\"},\"inLanguage\":\"hu\",\"potentialAction\":[{\"@type\":\"ReadAction\",\"target\":[\"https:\\\/\\\/www.walraven.com\\\/hu\\\/laposteto-rendszerek\\\/szerelojardak-lepcsok\\\/\"]}]},{\"@type\":\"BreadcrumbList\",\"@id\":\"https:\\\/\\\/www.walraven.com\\\/hu\\\/laposteto-rendszerek\\\/szerelojardak-lepcsok\\\/#breadcrumb\",\"itemListElement\":[{\"@type\":\"ListItem\",\"position\":1,\"name\":\"Nyit\u00f3oldal\",\"item\":\"https:\\\/\\\/www.walraven.com\\\/hu\\\/\"},{\"@type\":\"ListItem\",\"position\":2,\"name\":\"Walraven lapostet\u0151 rendszerek\",\"item\":\"https:\\\/\\\/www.walraven.com\\\/hu\\\/laposteto-rendszerek\\\/\"},{\"@type\":\"ListItem\",\"position\":3,\"name\":\"Szerel\u0151j\u00e1rd\u00e1k \\\/ L\u00e9pcs\u0151k\"}]},{\"@type\":\"WebSite\",\"@id\":\"https:\\\/\\\/www.walraven.com\\\/hu\\\/#website\",\"url\":\"https:\\\/\\\/www.walraven.com\\\/hu\\\/\",\"name\":\"Walraven Magyarorsz\u00e1g\",\"description\":\"\",\"publisher\":{\"@id\":\"https:\\\/\\\/www.walraven.com\\\/hu\\\/#organization\"},\"potentialAction\":[{\"@type\":\"SearchAction\",\"target\":{\"@type\":\"EntryPoint\",\"urlTemplate\":\"https:\\\/\\\/www.walraven.com\\\/hu\\\/?s={search_term_string}\"},\"query-input\":{\"@type\":\"PropertyValueSpecification\",\"valueRequired\":true,\"valueName\":\"search_term_string\"}}],\"inLanguage\":\"hu\"},{\"@type\":\"Organization\",\"@id\":\"https:\\\/\\\/www.walraven.com\\\/hu\\\/#organization\",\"name\":\"Walraven Kft.\",\"alternateName\":\"Walraven Kft.\",\"url\":\"https:\\\/\\\/www.walraven.com\\\/hu\\\/\",\"logo\":{\"@type\":\"ImageObject\",\"inLanguage\":\"hu\",\"@id\":\"https:\\\/\\\/www.walraven.com\\\/hu\\\/#\\\/schema\\\/logo\\\/image\\\/\",\"url\":\"https:\\\/\\\/www.walraven.com\\\/hu\\\/wp-content\\\/uploads\\\/sites\\\/22\\\/2023\\\/12\\\/Walraven_logo300x300.jpg\",\"contentUrl\":\"https:\\\/\\\/www.walraven.com\\\/hu\\\/wp-content\\\/uploads\\\/sites\\\/22\\\/2023\\\/12\\\/Walraven_logo300x300.jpg\",\"width\":300,\"height\":300,\"caption\":\"Walraven Kft.\"},\"image\":{\"@id\":\"https:\\\/\\\/www.walraven.com\\\/hu\\\/#\\\/schema\\\/logo\\\/image\\\/\"},\"sameAs\":[\"https:\\\/\\\/www.facebook.com\\\/walravenkft\",\"https:\\\/\\\/www.youtube.com\\\/channel\\\/UCAYB3Nqnqm5dofzMcQtFyvg\",\"https:\\\/\\\/www.linkedin.com\\\/company\\\/walraven-hu\\\/\"]}]}<\/script>\n<!-- \/ Yoast SEO Premium plugin. -->","yoast_head_json":{"title":"Szerel\u0151j\u00e1rd\u00e1k \/ L\u00e9pcs\u0151k - Walraven Magyarorsz\u00e1g","description":"Walraven service decks \/ stairs solutions make it possible that inspections, maintenance, cleaning and other tasks can be carried out. \u2705 High quality products \u2705Free project support \u2705 Your challenge, our support","robots":{"index":"index","follow":"follow","max-snippet":"max-snippet:-1","max-image-preview":"max-image-preview:large","max-video-preview":"max-video-preview:-1"},"canonical":"https:\/\/www.walraven.com\/hu\/laposteto-rendszerek\/szerelojardak-lepcsok\/","og_locale":"hu_HU","og_type":"article","og_title":"Szerel\u0151j\u00e1rd\u00e1k \/ L\u00e9pcs\u0151k","og_description":"Walraven service decks \/ stairs solutions make it possible that inspections, maintenance, cleaning and other tasks can be carried out. \u2705 High quality products \u2705Free project support \u2705 Your challenge, our support","og_url":"https:\/\/www.walraven.com\/hu\/laposteto-rendszerek\/szerelojardak-lepcsok\/","og_site_name":"Walraven Magyarorsz\u00e1g","article_publisher":"https:\/\/www.facebook.com\/walravenkft","article_modified_time":"2024-01-08T14:45:27+00:00","twitter_card":"summary_large_image","schema":{"@context":"https:\/\/schema.org","@graph":[{"@type":"WebPage","@id":"https:\/\/www.walraven.com\/hu\/laposteto-rendszerek\/szerelojardak-lepcsok\/","url":"https:\/\/www.walraven.com\/hu\/laposteto-rendszerek\/szerelojardak-lepcsok\/","name":"Szerel\u0151j\u00e1rd\u00e1k \/ L\u00e9pcs\u0151k - Walraven Magyarorsz\u00e1g","isPartOf":{"@id":"https:\/\/www.walraven.com\/hu\/#website"},"datePublished":"2018-04-11T15:08:49+00:00","dateModified":"2024-01-08T14:45:27+00:00","description":"Walraven service decks \/ stairs solutions make it possible that inspections, maintenance, cleaning and other tasks can be carried out. \u2705 High quality products \u2705Free project support \u2705 Your challenge, our support","breadcrumb":{"@id":"https:\/\/www.walraven.com\/hu\/laposteto-rendszerek\/szerelojardak-lepcsok\/#breadcrumb"},"inLanguage":"hu","potentialAction":[{"@type":"ReadAction","target":["https:\/\/www.walraven.com\/hu\/laposteto-rendszerek\/szerelojardak-lepcsok\/"]}]},{"@type":"BreadcrumbList","@id":"https:\/\/www.walraven.com\/hu\/laposteto-rendszerek\/szerelojardak-lepcsok\/#breadcrumb","itemListElement":[{"@type":"ListItem","position":1,"name":"Nyit\u00f3oldal","item":"https:\/\/www.walraven.com\/hu\/"},{"@type":"ListItem","position":2,"name":"Walraven lapostet\u0151 rendszerek","item":"https:\/\/www.walraven.com\/hu\/laposteto-rendszerek\/"},{"@type":"ListItem","position":3,"name":"Szerel\u0151j\u00e1rd\u00e1k \/ L\u00e9pcs\u0151k"}]},{"@type":"WebSite","@id":"https:\/\/www.walraven.com\/hu\/#website","url":"https:\/\/www.walraven.com\/hu\/","name":"Walraven Magyarorsz\u00e1g","description":"","publisher":{"@id":"https:\/\/www.walraven.com\/hu\/#organization"},"potentialAction":[{"@type":"SearchAction","target":{"@type":"EntryPoint","urlTemplate":"https:\/\/www.walraven.com\/hu\/?s={search_term_string}"},"query-input":{"@type":"PropertyValueSpecification","valueRequired":true,"valueName":"search_term_string"}}],"inLanguage":"hu"},{"@type":"Organization","@id":"https:\/\/www.walraven.com\/hu\/#organization","name":"Walraven Kft.","alternateName":"Walraven Kft.","url":"https:\/\/www.walraven.com\/hu\/","logo":{"@type":"ImageObject","inLanguage":"hu","@id":"https:\/\/www.walraven.com\/hu\/#\/schema\/logo\/image\/","url":"https:\/\/www.walraven.com\/hu\/wp-content\/uploads\/sites\/22\/2023\/12\/Walraven_logo300x300.jpg","contentUrl":"https:\/\/www.walraven.com\/hu\/wp-content\/uploads\/sites\/22\/2023\/12\/Walraven_logo300x300.jpg","width":300,"height":300,"caption":"Walraven Kft."},"image":{"@id":"https:\/\/www.walraven.com\/hu\/#\/schema\/logo\/image\/"},"sameAs":["https:\/\/www.facebook.com\/walravenkft","https:\/\/www.youtube.com\/channel\/UCAYB3Nqnqm5dofzMcQtFyvg","https:\/\/www.linkedin.com\/company\/walraven-hu\/"]}]}},"_links":{"self":[{"href":"https:\/\/www.walraven.com\/hu\/wp-json\/wp\/v2\/pages\/25095","targetHints":{"allow":["GET"]}}],"collection":[{"href":"https:\/\/www.walraven.com\/hu\/wp-json\/wp\/v2\/pages"}],"about":[{"href":"https:\/\/www.walraven.com\/hu\/wp-json\/wp\/v2\/types\/page"}],"author":[{"embeddable":true,"href":"https:\/\/www.walraven.com\/hu\/wp-json\/wp\/v2\/users\/43"}],"replies":[{"embeddable":true,"href":"https:\/\/www.walraven.com\/hu\/wp-json\/wp\/v2\/comments?post=25095"}],"version-history":[{"count":5,"href":"https:\/\/www.walraven.com\/hu\/wp-json\/wp\/v2\/pages\/25095\/revisions"}],"predecessor-version":[{"id":29704,"href":"https:\/\/www.walraven.com\/hu\/wp-json\/wp\/v2\/pages\/25095\/revisions\/29704"}],"up":[{"embeddable":true,"href":"https:\/\/www.walraven.com\/hu\/wp-json\/wp\/v2\/pages\/24929"}],"wp:attachment":[{"href":"https:\/\/www.walraven.com\/hu\/wp-json\/wp\/v2\/media?parent=25095"}],"curies":[{"name":"wp","href":"https:\/\/api.w.org\/{rel}","templated":true}]}}