{"id":25440,"date":"2018-11-30T12:15:39","date_gmt":"2018-11-30T11:15:39","guid":{"rendered":"https:\/\/example.walraven.com\/?page_id=121126"},"modified":"2023-11-13T15:22:13","modified_gmt":"2023-11-13T14:22:13","slug":"2s-csobilincsek","status":"publish","type":"page","link":"https:\/\/www.walraven.com\/hu\/2s-csobilincsek\/","title":{"rendered":"Walraven 2S cs\u0151bilincsek"},"content":{"rendered":"","protected":false},"excerpt":{"rendered":"<p>2S cs\u0151bilincsek Standard cs\u0151bilincsek minden m\u00e9rettartom\u00e1nyban. A Walraven a 2S cs\u0151bilincsekkel standard megold\u00e1st k\u00edn\u00e1l az ac\u00e9l \u00e9s t\u00f6bbr\u00e9teg\u0171 cs\u00f6vek r\u00f6gz\u00edt\u00e9s\u00e9hez 10-225 mm \u00e1tm\u00e9r\u0151ig. A minden m\u00e9rettartom\u00e1nyt lefed\u0151 cs\u0151bilincsek optimaliz\u00e1lt formatervvel rendelkeznek&#8230;<\/p>\n","protected":false},"author":43,"featured_media":26211,"parent":0,"menu_order":0,"comment_status":"closed","ping_status":"closed","template":"page-templates\/tpl-landingspage.php","meta":{"_acf_changed":false,"footnotes":""},"class_list":["post-25440","page","type-page","status-publish","has-post-thumbnail","hentry"],"acf":[],"yoast_head":"<!-- This site is optimized with the Yoast SEO Premium plugin v27.3 (Yoast SEO v27.3) - https:\/\/yoast.com\/product\/yoast-seo-premium-wordpress\/ -->\n<title>Walraven 2S cs\u0151bilincsek - Walraven Magyarorsz\u00e1g<\/title>\n<meta name=\"description\" content=\"The newly optimised Walraven 2S from Walraven offers a standard pipe clamp for all your daily pipe installation needs. \u2705 Innovative solutions \u2705 Tested and secure\" \/>\n<meta name=\"robots\" content=\"index, follow, max-snippet:-1, max-image-preview:large, max-video-preview:-1\" \/>\n<link rel=\"canonical\" href=\"https:\/\/www.walraven.com\/hu\/2s-csobilincsek\/\" \/>\n<meta property=\"og:locale\" content=\"hu_HU\" \/>\n<meta property=\"og:type\" content=\"article\" \/>\n<meta property=\"og:title\" content=\"Walraven 2S cs\u0151bilincsek\" \/>\n<meta property=\"og:description\" content=\"The newly optimised Walraven 2S from Walraven offers a standard pipe clamp for all your daily pipe installation needs. \u2705 Innovative solutions \u2705 Tested and secure\" \/>\n<meta property=\"og:url\" content=\"https:\/\/www.walraven.com\/hu\/2s-csobilincsek\/\" \/>\n<meta property=\"og:site_name\" content=\"Walraven Magyarorsz\u00e1g\" \/>\n<meta property=\"article:publisher\" content=\"https:\/\/www.facebook.com\/walravenkft\" \/>\n<meta property=\"article:modified_time\" content=\"2023-11-13T14:22:13+00:00\" \/>\n<meta property=\"og:image\" content=\"https:\/\/www.walraven.com\/hu\/wp-content\/uploads\/sites\/22\/2019\/08\/light-2-screw.jpg\" \/>\n\t<meta property=\"og:image:width\" content=\"641\" \/>\n\t<meta property=\"og:image:height\" content=\"1058\" \/>\n\t<meta property=\"og:image:type\" content=\"image\/jpeg\" \/>\n<meta name=\"twitter:card\" content=\"summary_large_image\" \/>\n<script type=\"application\/ld+json\" class=\"yoast-schema-graph\">{\"@context\":\"https:\\\/\\\/schema.org\",\"@graph\":[{\"@type\":\"WebPage\",\"@id\":\"https:\\\/\\\/www.walraven.com\\\/hu\\\/2s-csobilincsek\\\/\",\"url\":\"https:\\\/\\\/www.walraven.com\\\/hu\\\/2s-csobilincsek\\\/\",\"name\":\"Walraven 2S cs\u0151bilincsek - Walraven Magyarorsz\u00e1g\",\"isPartOf\":{\"@id\":\"https:\\\/\\\/www.walraven.com\\\/hu\\\/#website\"},\"primaryImageOfPage\":{\"@id\":\"https:\\\/\\\/www.walraven.com\\\/hu\\\/2s-csobilincsek\\\/#primaryimage\"},\"image\":{\"@id\":\"https:\\\/\\\/www.walraven.com\\\/hu\\\/2s-csobilincsek\\\/#primaryimage\"},\"thumbnailUrl\":\"https:\\\/\\\/www.walraven.com\\\/hu\\\/wp-content\\\/uploads\\\/sites\\\/22\\\/2019\\\/08\\\/light-2-screw.jpg\",\"datePublished\":\"2018-11-30T11:15:39+00:00\",\"dateModified\":\"2023-11-13T14:22:13+00:00\",\"description\":\"The newly optimised Walraven 2S from Walraven offers a standard pipe clamp for all your daily pipe installation needs. \u2705 Innovative solutions \u2705 Tested and secure\",\"breadcrumb\":{\"@id\":\"https:\\\/\\\/www.walraven.com\\\/hu\\\/2s-csobilincsek\\\/#breadcrumb\"},\"inLanguage\":\"hu\",\"potentialAction\":[{\"@type\":\"ReadAction\",\"target\":[\"https:\\\/\\\/www.walraven.com\\\/hu\\\/2s-csobilincsek\\\/\"]}]},{\"@type\":\"ImageObject\",\"inLanguage\":\"hu\",\"@id\":\"https:\\\/\\\/www.walraven.com\\\/hu\\\/2s-csobilincsek\\\/#primaryimage\",\"url\":\"https:\\\/\\\/www.walraven.com\\\/hu\\\/wp-content\\\/uploads\\\/sites\\\/22\\\/2019\\\/08\\\/light-2-screw.jpg\",\"contentUrl\":\"https:\\\/\\\/www.walraven.com\\\/hu\\\/wp-content\\\/uploads\\\/sites\\\/22\\\/2019\\\/08\\\/light-2-screw.jpg\",\"width\":641,\"height\":1058,\"caption\":\"light-2-screw\"},{\"@type\":\"BreadcrumbList\",\"@id\":\"https:\\\/\\\/www.walraven.com\\\/hu\\\/2s-csobilincsek\\\/#breadcrumb\",\"itemListElement\":[{\"@type\":\"ListItem\",\"position\":1,\"name\":\"Nyit\u00f3oldal\",\"item\":\"https:\\\/\\\/www.walraven.com\\\/hu\\\/\"},{\"@type\":\"ListItem\",\"position\":2,\"name\":\"Walraven 2S cs\u0151bilincsek\"}]},{\"@type\":\"WebSite\",\"@id\":\"https:\\\/\\\/www.walraven.com\\\/hu\\\/#website\",\"url\":\"https:\\\/\\\/www.walraven.com\\\/hu\\\/\",\"name\":\"Walraven Magyarorsz\u00e1g\",\"description\":\"\",\"publisher\":{\"@id\":\"https:\\\/\\\/www.walraven.com\\\/hu\\\/#organization\"},\"potentialAction\":[{\"@type\":\"SearchAction\",\"target\":{\"@type\":\"EntryPoint\",\"urlTemplate\":\"https:\\\/\\\/www.walraven.com\\\/hu\\\/?s={search_term_string}\"},\"query-input\":{\"@type\":\"PropertyValueSpecification\",\"valueRequired\":true,\"valueName\":\"search_term_string\"}}],\"inLanguage\":\"hu\"},{\"@type\":\"Organization\",\"@id\":\"https:\\\/\\\/www.walraven.com\\\/hu\\\/#organization\",\"name\":\"Walraven Kft.\",\"alternateName\":\"Walraven Kft.\",\"url\":\"https:\\\/\\\/www.walraven.com\\\/hu\\\/\",\"logo\":{\"@type\":\"ImageObject\",\"inLanguage\":\"hu\",\"@id\":\"https:\\\/\\\/www.walraven.com\\\/hu\\\/#\\\/schema\\\/logo\\\/image\\\/\",\"url\":\"https:\\\/\\\/www.walraven.com\\\/hu\\\/wp-content\\\/uploads\\\/sites\\\/22\\\/2023\\\/12\\\/Walraven_logo300x300.jpg\",\"contentUrl\":\"https:\\\/\\\/www.walraven.com\\\/hu\\\/wp-content\\\/uploads\\\/sites\\\/22\\\/2023\\\/12\\\/Walraven_logo300x300.jpg\",\"width\":300,\"height\":300,\"caption\":\"Walraven Kft.\"},\"image\":{\"@id\":\"https:\\\/\\\/www.walraven.com\\\/hu\\\/#\\\/schema\\\/logo\\\/image\\\/\"},\"sameAs\":[\"https:\\\/\\\/www.facebook.com\\\/walravenkft\",\"https:\\\/\\\/www.youtube.com\\\/channel\\\/UCAYB3Nqnqm5dofzMcQtFyvg\",\"https:\\\/\\\/www.linkedin.com\\\/company\\\/walraven-hu\\\/\"]}]}<\/script>\n<!-- \/ Yoast SEO Premium plugin. -->","yoast_head_json":{"title":"Walraven 2S cs\u0151bilincsek - Walraven Magyarorsz\u00e1g","description":"The newly optimised Walraven 2S from Walraven offers a standard pipe clamp for all your daily pipe installation needs. \u2705 Innovative solutions \u2705 Tested and secure","robots":{"index":"index","follow":"follow","max-snippet":"max-snippet:-1","max-image-preview":"max-image-preview:large","max-video-preview":"max-video-preview:-1"},"canonical":"https:\/\/www.walraven.com\/hu\/2s-csobilincsek\/","og_locale":"hu_HU","og_type":"article","og_title":"Walraven 2S cs\u0151bilincsek","og_description":"The newly optimised Walraven 2S from Walraven offers a standard pipe clamp for all your daily pipe installation needs. \u2705 Innovative solutions \u2705 Tested and secure","og_url":"https:\/\/www.walraven.com\/hu\/2s-csobilincsek\/","og_site_name":"Walraven Magyarorsz\u00e1g","article_publisher":"https:\/\/www.facebook.com\/walravenkft","article_modified_time":"2023-11-13T14:22:13+00:00","og_image":[{"width":641,"height":1058,"url":"https:\/\/www.walraven.com\/hu\/wp-content\/uploads\/sites\/22\/2019\/08\/light-2-screw.jpg","type":"image\/jpeg"}],"twitter_card":"summary_large_image","schema":{"@context":"https:\/\/schema.org","@graph":[{"@type":"WebPage","@id":"https:\/\/www.walraven.com\/hu\/2s-csobilincsek\/","url":"https:\/\/www.walraven.com\/hu\/2s-csobilincsek\/","name":"Walraven 2S cs\u0151bilincsek - Walraven Magyarorsz\u00e1g","isPartOf":{"@id":"https:\/\/www.walraven.com\/hu\/#website"},"primaryImageOfPage":{"@id":"https:\/\/www.walraven.com\/hu\/2s-csobilincsek\/#primaryimage"},"image":{"@id":"https:\/\/www.walraven.com\/hu\/2s-csobilincsek\/#primaryimage"},"thumbnailUrl":"https:\/\/www.walraven.com\/hu\/wp-content\/uploads\/sites\/22\/2019\/08\/light-2-screw.jpg","datePublished":"2018-11-30T11:15:39+00:00","dateModified":"2023-11-13T14:22:13+00:00","description":"The newly optimised Walraven 2S from Walraven offers a standard pipe clamp for all your daily pipe installation needs. \u2705 Innovative solutions \u2705 Tested and secure","breadcrumb":{"@id":"https:\/\/www.walraven.com\/hu\/2s-csobilincsek\/#breadcrumb"},"inLanguage":"hu","potentialAction":[{"@type":"ReadAction","target":["https:\/\/www.walraven.com\/hu\/2s-csobilincsek\/"]}]},{"@type":"ImageObject","inLanguage":"hu","@id":"https:\/\/www.walraven.com\/hu\/2s-csobilincsek\/#primaryimage","url":"https:\/\/www.walraven.com\/hu\/wp-content\/uploads\/sites\/22\/2019\/08\/light-2-screw.jpg","contentUrl":"https:\/\/www.walraven.com\/hu\/wp-content\/uploads\/sites\/22\/2019\/08\/light-2-screw.jpg","width":641,"height":1058,"caption":"light-2-screw"},{"@type":"BreadcrumbList","@id":"https:\/\/www.walraven.com\/hu\/2s-csobilincsek\/#breadcrumb","itemListElement":[{"@type":"ListItem","position":1,"name":"Nyit\u00f3oldal","item":"https:\/\/www.walraven.com\/hu\/"},{"@type":"ListItem","position":2,"name":"Walraven 2S cs\u0151bilincsek"}]},{"@type":"WebSite","@id":"https:\/\/www.walraven.com\/hu\/#website","url":"https:\/\/www.walraven.com\/hu\/","name":"Walraven Magyarorsz\u00e1g","description":"","publisher":{"@id":"https:\/\/www.walraven.com\/hu\/#organization"},"potentialAction":[{"@type":"SearchAction","target":{"@type":"EntryPoint","urlTemplate":"https:\/\/www.walraven.com\/hu\/?s={search_term_string}"},"query-input":{"@type":"PropertyValueSpecification","valueRequired":true,"valueName":"search_term_string"}}],"inLanguage":"hu"},{"@type":"Organization","@id":"https:\/\/www.walraven.com\/hu\/#organization","name":"Walraven Kft.","alternateName":"Walraven Kft.","url":"https:\/\/www.walraven.com\/hu\/","logo":{"@type":"ImageObject","inLanguage":"hu","@id":"https:\/\/www.walraven.com\/hu\/#\/schema\/logo\/image\/","url":"https:\/\/www.walraven.com\/hu\/wp-content\/uploads\/sites\/22\/2023\/12\/Walraven_logo300x300.jpg","contentUrl":"https:\/\/www.walraven.com\/hu\/wp-content\/uploads\/sites\/22\/2023\/12\/Walraven_logo300x300.jpg","width":300,"height":300,"caption":"Walraven Kft."},"image":{"@id":"https:\/\/www.walraven.com\/hu\/#\/schema\/logo\/image\/"},"sameAs":["https:\/\/www.facebook.com\/walravenkft","https:\/\/www.youtube.com\/channel\/UCAYB3Nqnqm5dofzMcQtFyvg","https:\/\/www.linkedin.com\/company\/walraven-hu\/"]}]}},"_links":{"self":[{"href":"https:\/\/www.walraven.com\/hu\/wp-json\/wp\/v2\/pages\/25440","targetHints":{"allow":["GET"]}}],"collection":[{"href":"https:\/\/www.walraven.com\/hu\/wp-json\/wp\/v2\/pages"}],"about":[{"href":"https:\/\/www.walraven.com\/hu\/wp-json\/wp\/v2\/types\/page"}],"author":[{"embeddable":true,"href":"https:\/\/www.walraven.com\/hu\/wp-json\/wp\/v2\/users\/43"}],"replies":[{"embeddable":true,"href":"https:\/\/www.walraven.com\/hu\/wp-json\/wp\/v2\/comments?post=25440"}],"version-history":[{"count":6,"href":"https:\/\/www.walraven.com\/hu\/wp-json\/wp\/v2\/pages\/25440\/revisions"}],"predecessor-version":[{"id":29531,"href":"https:\/\/www.walraven.com\/hu\/wp-json\/wp\/v2\/pages\/25440\/revisions\/29531"}],"wp:featuredmedia":[{"embeddable":true,"href":"https:\/\/www.walraven.com\/hu\/wp-json\/wp\/v2\/media\/26211"}],"wp:attachment":[{"href":"https:\/\/www.walraven.com\/hu\/wp-json\/wp\/v2\/media?parent=25440"}],"curies":[{"name":"wp","href":"https:\/\/api.w.org\/{rel}","templated":true}]}}