{"id":25447,"date":"2018-11-30T12:18:53","date_gmt":"2018-11-30T11:18:53","guid":{"rendered":"https:\/\/example.walraven.com\/?page_id=121129"},"modified":"2024-01-08T15:32:50","modified_gmt":"2024-01-08T14:32:50","slug":"ksb2-csobilincsek","status":"publish","type":"page","link":"https:\/\/www.walraven.com\/hu\/konnyu-ketcsavaros-csobilincsek\/ksb2-csobilincsek\/","title":{"rendered":"Walraven KSB2 cs\u0151bilincsek"},"content":{"rendered":"","protected":false},"excerpt":{"rendered":"","protected":false},"author":43,"featured_media":0,"parent":25429,"menu_order":0,"comment_status":"closed","ping_status":"closed","template":"page-templates\/tpl-landingspage.php","meta":{"_acf_changed":false,"footnotes":""},"class_list":["post-25447","page","type-page","status-publish","hentry"],"acf":[],"yoast_head":"<!-- This site is optimized with the Yoast SEO Premium plugin v27.3 (Yoast SEO v27.3) - https:\/\/yoast.com\/product\/yoast-seo-premium-wordpress\/ -->\n<title>Walraven KSB2 cs\u0151bilincsek - Walraven Magyarorsz\u00e1g<\/title>\n<meta name=\"description\" content=\"The redesigned KSB2 clamp from Walraven offers quicker installation and enhanced noise reduction. \u2705 Innovative solutions \u2705 Tested and secure\" \/>\n<meta name=\"robots\" content=\"index, follow, max-snippet:-1, max-image-preview:large, max-video-preview:-1\" \/>\n<link rel=\"canonical\" href=\"https:\/\/www.walraven.com\/hu\/konnyu-ketcsavaros-csobilincsek\/ksb2-csobilincsek\/\" \/>\n<meta property=\"og:locale\" content=\"hu_HU\" \/>\n<meta property=\"og:type\" content=\"article\" \/>\n<meta property=\"og:title\" content=\"Walraven KSB2 cs\u0151bilincsek\" \/>\n<meta property=\"og:description\" content=\"The redesigned KSB2 clamp from Walraven offers quicker installation and enhanced noise reduction. \u2705 Innovative solutions \u2705 Tested and secure\" \/>\n<meta property=\"og:url\" content=\"https:\/\/www.walraven.com\/hu\/konnyu-ketcsavaros-csobilincsek\/ksb2-csobilincsek\/\" \/>\n<meta property=\"og:site_name\" content=\"Walraven Magyarorsz\u00e1g\" \/>\n<meta property=\"article:publisher\" content=\"https:\/\/www.facebook.com\/walravenkft\" \/>\n<meta property=\"article:modified_time\" content=\"2024-01-08T14:32:50+00:00\" \/>\n<meta name=\"twitter:card\" content=\"summary_large_image\" \/>\n<script type=\"application\/ld+json\" class=\"yoast-schema-graph\">{\"@context\":\"https:\\\/\\\/schema.org\",\"@graph\":[{\"@type\":\"WebPage\",\"@id\":\"https:\\\/\\\/www.walraven.com\\\/hu\\\/konnyu-ketcsavaros-csobilincsek\\\/ksb2-csobilincsek\\\/\",\"url\":\"https:\\\/\\\/www.walraven.com\\\/hu\\\/konnyu-ketcsavaros-csobilincsek\\\/ksb2-csobilincsek\\\/\",\"name\":\"Walraven KSB2 cs\u0151bilincsek - Walraven Magyarorsz\u00e1g\",\"isPartOf\":{\"@id\":\"https:\\\/\\\/www.walraven.com\\\/hu\\\/#website\"},\"datePublished\":\"2018-11-30T11:18:53+00:00\",\"dateModified\":\"2024-01-08T14:32:50+00:00\",\"description\":\"The redesigned KSB2 clamp from Walraven offers quicker installation and enhanced noise reduction. \u2705 Innovative solutions \u2705 Tested and secure\",\"breadcrumb\":{\"@id\":\"https:\\\/\\\/www.walraven.com\\\/hu\\\/konnyu-ketcsavaros-csobilincsek\\\/ksb2-csobilincsek\\\/#breadcrumb\"},\"inLanguage\":\"hu\",\"potentialAction\":[{\"@type\":\"ReadAction\",\"target\":[\"https:\\\/\\\/www.walraven.com\\\/hu\\\/konnyu-ketcsavaros-csobilincsek\\\/ksb2-csobilincsek\\\/\"]}]},{\"@type\":\"BreadcrumbList\",\"@id\":\"https:\\\/\\\/www.walraven.com\\\/hu\\\/konnyu-ketcsavaros-csobilincsek\\\/ksb2-csobilincsek\\\/#breadcrumb\",\"itemListElement\":[{\"@type\":\"ListItem\",\"position\":1,\"name\":\"Nyit\u00f3oldal\",\"item\":\"https:\\\/\\\/www.walraven.com\\\/hu\\\/\"},{\"@type\":\"ListItem\",\"position\":2,\"name\":\"Walraven k\u00f6nny\u0171 k\u00e9tcsavaros cs\u0151bilincsek\",\"item\":\"https:\\\/\\\/www.walraven.com\\\/hu\\\/konnyu-ketcsavaros-csobilincsek\\\/\"},{\"@type\":\"ListItem\",\"position\":3,\"name\":\"Walraven KSB2 cs\u0151bilincsek\"}]},{\"@type\":\"WebSite\",\"@id\":\"https:\\\/\\\/www.walraven.com\\\/hu\\\/#website\",\"url\":\"https:\\\/\\\/www.walraven.com\\\/hu\\\/\",\"name\":\"Walraven Magyarorsz\u00e1g\",\"description\":\"\",\"publisher\":{\"@id\":\"https:\\\/\\\/www.walraven.com\\\/hu\\\/#organization\"},\"potentialAction\":[{\"@type\":\"SearchAction\",\"target\":{\"@type\":\"EntryPoint\",\"urlTemplate\":\"https:\\\/\\\/www.walraven.com\\\/hu\\\/?s={search_term_string}\"},\"query-input\":{\"@type\":\"PropertyValueSpecification\",\"valueRequired\":true,\"valueName\":\"search_term_string\"}}],\"inLanguage\":\"hu\"},{\"@type\":\"Organization\",\"@id\":\"https:\\\/\\\/www.walraven.com\\\/hu\\\/#organization\",\"name\":\"Walraven Kft.\",\"alternateName\":\"Walraven Kft.\",\"url\":\"https:\\\/\\\/www.walraven.com\\\/hu\\\/\",\"logo\":{\"@type\":\"ImageObject\",\"inLanguage\":\"hu\",\"@id\":\"https:\\\/\\\/www.walraven.com\\\/hu\\\/#\\\/schema\\\/logo\\\/image\\\/\",\"url\":\"https:\\\/\\\/www.walraven.com\\\/hu\\\/wp-content\\\/uploads\\\/sites\\\/22\\\/2023\\\/12\\\/Walraven_logo300x300.jpg\",\"contentUrl\":\"https:\\\/\\\/www.walraven.com\\\/hu\\\/wp-content\\\/uploads\\\/sites\\\/22\\\/2023\\\/12\\\/Walraven_logo300x300.jpg\",\"width\":300,\"height\":300,\"caption\":\"Walraven Kft.\"},\"image\":{\"@id\":\"https:\\\/\\\/www.walraven.com\\\/hu\\\/#\\\/schema\\\/logo\\\/image\\\/\"},\"sameAs\":[\"https:\\\/\\\/www.facebook.com\\\/walravenkft\",\"https:\\\/\\\/www.youtube.com\\\/channel\\\/UCAYB3Nqnqm5dofzMcQtFyvg\",\"https:\\\/\\\/www.linkedin.com\\\/company\\\/walraven-hu\\\/\"]}]}<\/script>\n<!-- \/ Yoast SEO Premium plugin. -->","yoast_head_json":{"title":"Walraven KSB2 cs\u0151bilincsek - Walraven Magyarorsz\u00e1g","description":"The redesigned KSB2 clamp from Walraven offers quicker installation and enhanced noise reduction. \u2705 Innovative solutions \u2705 Tested and secure","robots":{"index":"index","follow":"follow","max-snippet":"max-snippet:-1","max-image-preview":"max-image-preview:large","max-video-preview":"max-video-preview:-1"},"canonical":"https:\/\/www.walraven.com\/hu\/konnyu-ketcsavaros-csobilincsek\/ksb2-csobilincsek\/","og_locale":"hu_HU","og_type":"article","og_title":"Walraven KSB2 cs\u0151bilincsek","og_description":"The redesigned KSB2 clamp from Walraven offers quicker installation and enhanced noise reduction. \u2705 Innovative solutions \u2705 Tested and secure","og_url":"https:\/\/www.walraven.com\/hu\/konnyu-ketcsavaros-csobilincsek\/ksb2-csobilincsek\/","og_site_name":"Walraven Magyarorsz\u00e1g","article_publisher":"https:\/\/www.facebook.com\/walravenkft","article_modified_time":"2024-01-08T14:32:50+00:00","twitter_card":"summary_large_image","schema":{"@context":"https:\/\/schema.org","@graph":[{"@type":"WebPage","@id":"https:\/\/www.walraven.com\/hu\/konnyu-ketcsavaros-csobilincsek\/ksb2-csobilincsek\/","url":"https:\/\/www.walraven.com\/hu\/konnyu-ketcsavaros-csobilincsek\/ksb2-csobilincsek\/","name":"Walraven KSB2 cs\u0151bilincsek - Walraven Magyarorsz\u00e1g","isPartOf":{"@id":"https:\/\/www.walraven.com\/hu\/#website"},"datePublished":"2018-11-30T11:18:53+00:00","dateModified":"2024-01-08T14:32:50+00:00","description":"The redesigned KSB2 clamp from Walraven offers quicker installation and enhanced noise reduction. \u2705 Innovative solutions \u2705 Tested and secure","breadcrumb":{"@id":"https:\/\/www.walraven.com\/hu\/konnyu-ketcsavaros-csobilincsek\/ksb2-csobilincsek\/#breadcrumb"},"inLanguage":"hu","potentialAction":[{"@type":"ReadAction","target":["https:\/\/www.walraven.com\/hu\/konnyu-ketcsavaros-csobilincsek\/ksb2-csobilincsek\/"]}]},{"@type":"BreadcrumbList","@id":"https:\/\/www.walraven.com\/hu\/konnyu-ketcsavaros-csobilincsek\/ksb2-csobilincsek\/#breadcrumb","itemListElement":[{"@type":"ListItem","position":1,"name":"Nyit\u00f3oldal","item":"https:\/\/www.walraven.com\/hu\/"},{"@type":"ListItem","position":2,"name":"Walraven k\u00f6nny\u0171 k\u00e9tcsavaros cs\u0151bilincsek","item":"https:\/\/www.walraven.com\/hu\/konnyu-ketcsavaros-csobilincsek\/"},{"@type":"ListItem","position":3,"name":"Walraven KSB2 cs\u0151bilincsek"}]},{"@type":"WebSite","@id":"https:\/\/www.walraven.com\/hu\/#website","url":"https:\/\/www.walraven.com\/hu\/","name":"Walraven Magyarorsz\u00e1g","description":"","publisher":{"@id":"https:\/\/www.walraven.com\/hu\/#organization"},"potentialAction":[{"@type":"SearchAction","target":{"@type":"EntryPoint","urlTemplate":"https:\/\/www.walraven.com\/hu\/?s={search_term_string}"},"query-input":{"@type":"PropertyValueSpecification","valueRequired":true,"valueName":"search_term_string"}}],"inLanguage":"hu"},{"@type":"Organization","@id":"https:\/\/www.walraven.com\/hu\/#organization","name":"Walraven Kft.","alternateName":"Walraven Kft.","url":"https:\/\/www.walraven.com\/hu\/","logo":{"@type":"ImageObject","inLanguage":"hu","@id":"https:\/\/www.walraven.com\/hu\/#\/schema\/logo\/image\/","url":"https:\/\/www.walraven.com\/hu\/wp-content\/uploads\/sites\/22\/2023\/12\/Walraven_logo300x300.jpg","contentUrl":"https:\/\/www.walraven.com\/hu\/wp-content\/uploads\/sites\/22\/2023\/12\/Walraven_logo300x300.jpg","width":300,"height":300,"caption":"Walraven Kft."},"image":{"@id":"https:\/\/www.walraven.com\/hu\/#\/schema\/logo\/image\/"},"sameAs":["https:\/\/www.facebook.com\/walravenkft","https:\/\/www.youtube.com\/channel\/UCAYB3Nqnqm5dofzMcQtFyvg","https:\/\/www.linkedin.com\/company\/walraven-hu\/"]}]}},"_links":{"self":[{"href":"https:\/\/www.walraven.com\/hu\/wp-json\/wp\/v2\/pages\/25447","targetHints":{"allow":["GET"]}}],"collection":[{"href":"https:\/\/www.walraven.com\/hu\/wp-json\/wp\/v2\/pages"}],"about":[{"href":"https:\/\/www.walraven.com\/hu\/wp-json\/wp\/v2\/types\/page"}],"author":[{"embeddable":true,"href":"https:\/\/www.walraven.com\/hu\/wp-json\/wp\/v2\/users\/43"}],"replies":[{"embeddable":true,"href":"https:\/\/www.walraven.com\/hu\/wp-json\/wp\/v2\/comments?post=25447"}],"version-history":[{"count":6,"href":"https:\/\/www.walraven.com\/hu\/wp-json\/wp\/v2\/pages\/25447\/revisions"}],"predecessor-version":[{"id":29695,"href":"https:\/\/www.walraven.com\/hu\/wp-json\/wp\/v2\/pages\/25447\/revisions\/29695"}],"up":[{"embeddable":true,"href":"https:\/\/www.walraven.com\/hu\/wp-json\/wp\/v2\/pages\/25429"}],"wp:attachment":[{"href":"https:\/\/www.walraven.com\/hu\/wp-json\/wp\/v2\/media?parent=25447"}],"curies":[{"name":"wp","href":"https:\/\/api.w.org\/{rel}","templated":true}]}}