{"id":25833,"date":"2019-03-20T12:41:21","date_gmt":"2019-03-20T11:41:21","guid":{"rendered":"https:\/\/www.walraven.com\/en\/?page_id=54181"},"modified":"2023-12-14T16:52:13","modified_gmt":"2023-12-14T15:52:13","slug":"bis-rapidstrut","status":"publish","type":"page","link":"https:\/\/www.walraven.com\/hu\/rogzitesi-rendszerek\/bis-rapidstrut\/","title":{"rendered":"Walraven RapidStrut\u00ae rendszer"},"content":{"rendered":"","protected":false},"excerpt":{"rendered":"","protected":false},"author":43,"featured_media":0,"parent":25858,"menu_order":0,"comment_status":"closed","ping_status":"closed","template":"page-templates\/tpl-landingspage.php","meta":{"_acf_changed":false,"footnotes":""},"class_list":["post-25833","page","type-page","status-publish","hentry"],"acf":[],"yoast_head":"<!-- This site is optimized with the Yoast SEO Premium plugin v27.3 (Yoast SEO v27.3) - https:\/\/yoast.com\/product\/yoast-seo-premium-wordpress\/ -->\n<title>Walraven RapidStrut\u00ae rendszer - Walraven Magyarorsz\u00e1g<\/title>\n<meta name=\"description\" content=\"The Walraven RapidStrut\u00ae system offers high speed and safe installation for all medium applications. \u2705various rail profiles \u2705 extensive range of accessories .\" \/>\n<meta name=\"robots\" content=\"index, follow, max-snippet:-1, max-image-preview:large, max-video-preview:-1\" \/>\n<link rel=\"canonical\" href=\"https:\/\/www.walraven.com\/hu\/rogzitesi-rendszerek\/bis-rapidstrut\/\" \/>\n<meta property=\"og:locale\" content=\"hu_HU\" \/>\n<meta property=\"og:type\" content=\"article\" \/>\n<meta property=\"og:title\" content=\"Walraven RapidStrut\u00ae rendszer\" \/>\n<meta property=\"og:description\" content=\"The Walraven RapidStrut\u00ae system offers high speed and safe installation for all medium applications. \u2705various rail profiles \u2705 extensive range of accessories .\" \/>\n<meta property=\"og:url\" content=\"https:\/\/www.walraven.com\/hu\/rogzitesi-rendszerek\/bis-rapidstrut\/\" \/>\n<meta property=\"og:site_name\" content=\"Walraven Magyarorsz\u00e1g\" \/>\n<meta property=\"article:publisher\" content=\"https:\/\/www.facebook.com\/walravenkft\" \/>\n<meta property=\"article:modified_time\" content=\"2023-12-14T15:52:13+00:00\" \/>\n<meta name=\"twitter:card\" content=\"summary_large_image\" \/>\n<script type=\"application\/ld+json\" class=\"yoast-schema-graph\">{\"@context\":\"https:\\\/\\\/schema.org\",\"@graph\":[{\"@type\":\"WebPage\",\"@id\":\"https:\\\/\\\/www.walraven.com\\\/hu\\\/rogzitesi-rendszerek\\\/bis-rapidstrut\\\/\",\"url\":\"https:\\\/\\\/www.walraven.com\\\/hu\\\/rogzitesi-rendszerek\\\/bis-rapidstrut\\\/\",\"name\":\"Walraven RapidStrut\u00ae rendszer - Walraven Magyarorsz\u00e1g\",\"isPartOf\":{\"@id\":\"https:\\\/\\\/www.walraven.com\\\/hu\\\/#website\"},\"datePublished\":\"2019-03-20T11:41:21+00:00\",\"dateModified\":\"2023-12-14T15:52:13+00:00\",\"description\":\"The Walraven RapidStrut\u00ae system offers high speed and safe installation for all medium applications. \u2705various rail profiles \u2705 extensive range of accessories .\",\"breadcrumb\":{\"@id\":\"https:\\\/\\\/www.walraven.com\\\/hu\\\/rogzitesi-rendszerek\\\/bis-rapidstrut\\\/#breadcrumb\"},\"inLanguage\":\"hu\",\"potentialAction\":[{\"@type\":\"ReadAction\",\"target\":[\"https:\\\/\\\/www.walraven.com\\\/hu\\\/rogzitesi-rendszerek\\\/bis-rapidstrut\\\/\"]}]},{\"@type\":\"BreadcrumbList\",\"@id\":\"https:\\\/\\\/www.walraven.com\\\/hu\\\/rogzitesi-rendszerek\\\/bis-rapidstrut\\\/#breadcrumb\",\"itemListElement\":[{\"@type\":\"ListItem\",\"position\":1,\"name\":\"Nyit\u00f3oldal\",\"item\":\"https:\\\/\\\/www.walraven.com\\\/hu\\\/\"},{\"@type\":\"ListItem\",\"position\":2,\"name\":\"R\u00f6gz\u00edt\u00e9si rendszerek\",\"item\":\"https:\\\/\\\/www.walraven.com\\\/hu\\\/rogzitesi-rendszerek\\\/\"},{\"@type\":\"ListItem\",\"position\":3,\"name\":\"Walraven RapidStrut\u00ae rendszer\"}]},{\"@type\":\"WebSite\",\"@id\":\"https:\\\/\\\/www.walraven.com\\\/hu\\\/#website\",\"url\":\"https:\\\/\\\/www.walraven.com\\\/hu\\\/\",\"name\":\"Walraven Magyarorsz\u00e1g\",\"description\":\"\",\"publisher\":{\"@id\":\"https:\\\/\\\/www.walraven.com\\\/hu\\\/#organization\"},\"potentialAction\":[{\"@type\":\"SearchAction\",\"target\":{\"@type\":\"EntryPoint\",\"urlTemplate\":\"https:\\\/\\\/www.walraven.com\\\/hu\\\/?s={search_term_string}\"},\"query-input\":{\"@type\":\"PropertyValueSpecification\",\"valueRequired\":true,\"valueName\":\"search_term_string\"}}],\"inLanguage\":\"hu\"},{\"@type\":\"Organization\",\"@id\":\"https:\\\/\\\/www.walraven.com\\\/hu\\\/#organization\",\"name\":\"Walraven Kft.\",\"alternateName\":\"Walraven Kft.\",\"url\":\"https:\\\/\\\/www.walraven.com\\\/hu\\\/\",\"logo\":{\"@type\":\"ImageObject\",\"inLanguage\":\"hu\",\"@id\":\"https:\\\/\\\/www.walraven.com\\\/hu\\\/#\\\/schema\\\/logo\\\/image\\\/\",\"url\":\"https:\\\/\\\/www.walraven.com\\\/hu\\\/wp-content\\\/uploads\\\/sites\\\/22\\\/2023\\\/12\\\/Walraven_logo300x300.jpg\",\"contentUrl\":\"https:\\\/\\\/www.walraven.com\\\/hu\\\/wp-content\\\/uploads\\\/sites\\\/22\\\/2023\\\/12\\\/Walraven_logo300x300.jpg\",\"width\":300,\"height\":300,\"caption\":\"Walraven Kft.\"},\"image\":{\"@id\":\"https:\\\/\\\/www.walraven.com\\\/hu\\\/#\\\/schema\\\/logo\\\/image\\\/\"},\"sameAs\":[\"https:\\\/\\\/www.facebook.com\\\/walravenkft\",\"https:\\\/\\\/www.youtube.com\\\/channel\\\/UCAYB3Nqnqm5dofzMcQtFyvg\",\"https:\\\/\\\/www.linkedin.com\\\/company\\\/walraven-hu\\\/\"]}]}<\/script>\n<!-- \/ Yoast SEO Premium plugin. -->","yoast_head_json":{"title":"Walraven RapidStrut\u00ae rendszer - Walraven Magyarorsz\u00e1g","description":"The Walraven RapidStrut\u00ae system offers high speed and safe installation for all medium applications. \u2705various rail profiles \u2705 extensive range of accessories .","robots":{"index":"index","follow":"follow","max-snippet":"max-snippet:-1","max-image-preview":"max-image-preview:large","max-video-preview":"max-video-preview:-1"},"canonical":"https:\/\/www.walraven.com\/hu\/rogzitesi-rendszerek\/bis-rapidstrut\/","og_locale":"hu_HU","og_type":"article","og_title":"Walraven RapidStrut\u00ae rendszer","og_description":"The Walraven RapidStrut\u00ae system offers high speed and safe installation for all medium applications. \u2705various rail profiles \u2705 extensive range of accessories .","og_url":"https:\/\/www.walraven.com\/hu\/rogzitesi-rendszerek\/bis-rapidstrut\/","og_site_name":"Walraven Magyarorsz\u00e1g","article_publisher":"https:\/\/www.facebook.com\/walravenkft","article_modified_time":"2023-12-14T15:52:13+00:00","twitter_card":"summary_large_image","schema":{"@context":"https:\/\/schema.org","@graph":[{"@type":"WebPage","@id":"https:\/\/www.walraven.com\/hu\/rogzitesi-rendszerek\/bis-rapidstrut\/","url":"https:\/\/www.walraven.com\/hu\/rogzitesi-rendszerek\/bis-rapidstrut\/","name":"Walraven RapidStrut\u00ae rendszer - Walraven Magyarorsz\u00e1g","isPartOf":{"@id":"https:\/\/www.walraven.com\/hu\/#website"},"datePublished":"2019-03-20T11:41:21+00:00","dateModified":"2023-12-14T15:52:13+00:00","description":"The Walraven RapidStrut\u00ae system offers high speed and safe installation for all medium applications. \u2705various rail profiles \u2705 extensive range of accessories .","breadcrumb":{"@id":"https:\/\/www.walraven.com\/hu\/rogzitesi-rendszerek\/bis-rapidstrut\/#breadcrumb"},"inLanguage":"hu","potentialAction":[{"@type":"ReadAction","target":["https:\/\/www.walraven.com\/hu\/rogzitesi-rendszerek\/bis-rapidstrut\/"]}]},{"@type":"BreadcrumbList","@id":"https:\/\/www.walraven.com\/hu\/rogzitesi-rendszerek\/bis-rapidstrut\/#breadcrumb","itemListElement":[{"@type":"ListItem","position":1,"name":"Nyit\u00f3oldal","item":"https:\/\/www.walraven.com\/hu\/"},{"@type":"ListItem","position":2,"name":"R\u00f6gz\u00edt\u00e9si rendszerek","item":"https:\/\/www.walraven.com\/hu\/rogzitesi-rendszerek\/"},{"@type":"ListItem","position":3,"name":"Walraven RapidStrut\u00ae rendszer"}]},{"@type":"WebSite","@id":"https:\/\/www.walraven.com\/hu\/#website","url":"https:\/\/www.walraven.com\/hu\/","name":"Walraven Magyarorsz\u00e1g","description":"","publisher":{"@id":"https:\/\/www.walraven.com\/hu\/#organization"},"potentialAction":[{"@type":"SearchAction","target":{"@type":"EntryPoint","urlTemplate":"https:\/\/www.walraven.com\/hu\/?s={search_term_string}"},"query-input":{"@type":"PropertyValueSpecification","valueRequired":true,"valueName":"search_term_string"}}],"inLanguage":"hu"},{"@type":"Organization","@id":"https:\/\/www.walraven.com\/hu\/#organization","name":"Walraven Kft.","alternateName":"Walraven Kft.","url":"https:\/\/www.walraven.com\/hu\/","logo":{"@type":"ImageObject","inLanguage":"hu","@id":"https:\/\/www.walraven.com\/hu\/#\/schema\/logo\/image\/","url":"https:\/\/www.walraven.com\/hu\/wp-content\/uploads\/sites\/22\/2023\/12\/Walraven_logo300x300.jpg","contentUrl":"https:\/\/www.walraven.com\/hu\/wp-content\/uploads\/sites\/22\/2023\/12\/Walraven_logo300x300.jpg","width":300,"height":300,"caption":"Walraven Kft."},"image":{"@id":"https:\/\/www.walraven.com\/hu\/#\/schema\/logo\/image\/"},"sameAs":["https:\/\/www.facebook.com\/walravenkft","https:\/\/www.youtube.com\/channel\/UCAYB3Nqnqm5dofzMcQtFyvg","https:\/\/www.linkedin.com\/company\/walraven-hu\/"]}]}},"_links":{"self":[{"href":"https:\/\/www.walraven.com\/hu\/wp-json\/wp\/v2\/pages\/25833","targetHints":{"allow":["GET"]}}],"collection":[{"href":"https:\/\/www.walraven.com\/hu\/wp-json\/wp\/v2\/pages"}],"about":[{"href":"https:\/\/www.walraven.com\/hu\/wp-json\/wp\/v2\/types\/page"}],"author":[{"embeddable":true,"href":"https:\/\/www.walraven.com\/hu\/wp-json\/wp\/v2\/users\/43"}],"replies":[{"embeddable":true,"href":"https:\/\/www.walraven.com\/hu\/wp-json\/wp\/v2\/comments?post=25833"}],"version-history":[{"count":4,"href":"https:\/\/www.walraven.com\/hu\/wp-json\/wp\/v2\/pages\/25833\/revisions"}],"predecessor-version":[{"id":29665,"href":"https:\/\/www.walraven.com\/hu\/wp-json\/wp\/v2\/pages\/25833\/revisions\/29665"}],"up":[{"embeddable":true,"href":"https:\/\/www.walraven.com\/hu\/wp-json\/wp\/v2\/pages\/25858"}],"wp:attachment":[{"href":"https:\/\/www.walraven.com\/hu\/wp-json\/wp\/v2\/media?parent=25833"}],"curies":[{"name":"wp","href":"https:\/\/api.w.org\/{rel}","templated":true}]}}