{"id":26016,"date":"2019-03-20T13:03:50","date_gmt":"2019-03-20T12:03:50","guid":{"rendered":"https:\/\/www.walraven.com\/en\/?page_id=54193"},"modified":"2019-08-29T10:44:02","modified_gmt":"2019-08-29T08:44:02","slug":"lapostetos-megoldasok","status":"publish","type":"page","link":"https:\/\/www.walraven.com\/hu\/rogzitesi-rendszerek\/lapostetos-megoldasok\/","title":{"rendered":"Lapostet\u0151s megold\u00e1sok"},"content":{"rendered":"","protected":false},"excerpt":{"rendered":"","protected":false},"author":43,"featured_media":26019,"parent":25858,"menu_order":0,"comment_status":"closed","ping_status":"closed","template":"page-templates\/tpl-landingspage.php","meta":{"_acf_changed":false,"footnotes":""},"class_list":["post-26016","page","type-page","status-publish","has-post-thumbnail","hentry"],"acf":[],"yoast_head":"<!-- This site is optimized with the Yoast SEO Premium plugin v27.3 (Yoast SEO v27.3) - https:\/\/yoast.com\/product\/yoast-seo-premium-wordpress\/ -->\n<title>Lapostet\u0151s megold\u00e1sok - Walraven Magyarorsz\u00e1g<\/title>\n<meta name=\"description\" content=\"Walraven\u2019s rooftop solutions offer you versatile, durable and non-penetrative solutions that save both time and costs.\" \/>\n<meta name=\"robots\" content=\"index, follow, max-snippet:-1, max-image-preview:large, max-video-preview:-1\" \/>\n<link rel=\"canonical\" href=\"https:\/\/www.walraven.com\/hu\/rogzitesi-rendszerek\/lapostetos-megoldasok\/\" \/>\n<meta property=\"og:locale\" content=\"hu_HU\" \/>\n<meta property=\"og:type\" content=\"article\" \/>\n<meta property=\"og:title\" content=\"Lapostet\u0151s megold\u00e1sok\" \/>\n<meta property=\"og:description\" content=\"Walraven\u2019s rooftop solutions offer you versatile, durable and non-penetrative solutions that save both time and costs.\" \/>\n<meta property=\"og:url\" content=\"https:\/\/www.walraven.com\/hu\/rogzitesi-rendszerek\/lapostetos-megoldasok\/\" \/>\n<meta property=\"og:site_name\" content=\"Walraven Magyarorsz\u00e1g\" \/>\n<meta property=\"article:publisher\" content=\"https:\/\/www.facebook.com\/walravenkft\" \/>\n<meta property=\"article:modified_time\" content=\"2019-08-29T08:44:02+00:00\" \/>\n<meta property=\"og:image\" content=\"https:\/\/www.walraven.com\/hu\/wp-content\/uploads\/sites\/22\/2019\/03\/rooftop.jpg\" \/>\n\t<meta property=\"og:image:width\" content=\"254\" \/>\n\t<meta property=\"og:image:height\" content=\"420\" \/>\n\t<meta property=\"og:image:type\" content=\"image\/jpeg\" \/>\n<meta name=\"twitter:card\" content=\"summary_large_image\" \/>\n<script type=\"application\/ld+json\" class=\"yoast-schema-graph\">{\"@context\":\"https:\\\/\\\/schema.org\",\"@graph\":[{\"@type\":\"WebPage\",\"@id\":\"https:\\\/\\\/www.walraven.com\\\/hu\\\/rogzitesi-rendszerek\\\/lapostetos-megoldasok\\\/\",\"url\":\"https:\\\/\\\/www.walraven.com\\\/hu\\\/rogzitesi-rendszerek\\\/lapostetos-megoldasok\\\/\",\"name\":\"Lapostet\u0151s megold\u00e1sok - Walraven Magyarorsz\u00e1g\",\"isPartOf\":{\"@id\":\"https:\\\/\\\/www.walraven.com\\\/hu\\\/#website\"},\"primaryImageOfPage\":{\"@id\":\"https:\\\/\\\/www.walraven.com\\\/hu\\\/rogzitesi-rendszerek\\\/lapostetos-megoldasok\\\/#primaryimage\"},\"image\":{\"@id\":\"https:\\\/\\\/www.walraven.com\\\/hu\\\/rogzitesi-rendszerek\\\/lapostetos-megoldasok\\\/#primaryimage\"},\"thumbnailUrl\":\"https:\\\/\\\/www.walraven.com\\\/hu\\\/wp-content\\\/uploads\\\/sites\\\/22\\\/2019\\\/03\\\/rooftop.jpg\",\"datePublished\":\"2019-03-20T12:03:50+00:00\",\"dateModified\":\"2019-08-29T08:44:02+00:00\",\"description\":\"Walraven\u2019s rooftop solutions offer you versatile, durable and non-penetrative solutions that save both time and costs.\",\"breadcrumb\":{\"@id\":\"https:\\\/\\\/www.walraven.com\\\/hu\\\/rogzitesi-rendszerek\\\/lapostetos-megoldasok\\\/#breadcrumb\"},\"inLanguage\":\"hu\",\"potentialAction\":[{\"@type\":\"ReadAction\",\"target\":[\"https:\\\/\\\/www.walraven.com\\\/hu\\\/rogzitesi-rendszerek\\\/lapostetos-megoldasok\\\/\"]}]},{\"@type\":\"ImageObject\",\"inLanguage\":\"hu\",\"@id\":\"https:\\\/\\\/www.walraven.com\\\/hu\\\/rogzitesi-rendszerek\\\/lapostetos-megoldasok\\\/#primaryimage\",\"url\":\"https:\\\/\\\/www.walraven.com\\\/hu\\\/wp-content\\\/uploads\\\/sites\\\/22\\\/2019\\\/03\\\/rooftop.jpg\",\"contentUrl\":\"https:\\\/\\\/www.walraven.com\\\/hu\\\/wp-content\\\/uploads\\\/sites\\\/22\\\/2019\\\/03\\\/rooftop.jpg\",\"width\":254,\"height\":420},{\"@type\":\"BreadcrumbList\",\"@id\":\"https:\\\/\\\/www.walraven.com\\\/hu\\\/rogzitesi-rendszerek\\\/lapostetos-megoldasok\\\/#breadcrumb\",\"itemListElement\":[{\"@type\":\"ListItem\",\"position\":1,\"name\":\"Nyit\u00f3oldal\",\"item\":\"https:\\\/\\\/www.walraven.com\\\/hu\\\/\"},{\"@type\":\"ListItem\",\"position\":2,\"name\":\"R\u00f6gz\u00edt\u00e9si rendszerek\",\"item\":\"https:\\\/\\\/www.walraven.com\\\/hu\\\/rogzitesi-rendszerek\\\/\"},{\"@type\":\"ListItem\",\"position\":3,\"name\":\"Lapostet\u0151s megold\u00e1sok\"}]},{\"@type\":\"WebSite\",\"@id\":\"https:\\\/\\\/www.walraven.com\\\/hu\\\/#website\",\"url\":\"https:\\\/\\\/www.walraven.com\\\/hu\\\/\",\"name\":\"Walraven Magyarorsz\u00e1g\",\"description\":\"\",\"publisher\":{\"@id\":\"https:\\\/\\\/www.walraven.com\\\/hu\\\/#organization\"},\"potentialAction\":[{\"@type\":\"SearchAction\",\"target\":{\"@type\":\"EntryPoint\",\"urlTemplate\":\"https:\\\/\\\/www.walraven.com\\\/hu\\\/?s={search_term_string}\"},\"query-input\":{\"@type\":\"PropertyValueSpecification\",\"valueRequired\":true,\"valueName\":\"search_term_string\"}}],\"inLanguage\":\"hu\"},{\"@type\":\"Organization\",\"@id\":\"https:\\\/\\\/www.walraven.com\\\/hu\\\/#organization\",\"name\":\"Walraven Kft.\",\"alternateName\":\"Walraven Kft.\",\"url\":\"https:\\\/\\\/www.walraven.com\\\/hu\\\/\",\"logo\":{\"@type\":\"ImageObject\",\"inLanguage\":\"hu\",\"@id\":\"https:\\\/\\\/www.walraven.com\\\/hu\\\/#\\\/schema\\\/logo\\\/image\\\/\",\"url\":\"https:\\\/\\\/www.walraven.com\\\/hu\\\/wp-content\\\/uploads\\\/sites\\\/22\\\/2023\\\/12\\\/Walraven_logo300x300.jpg\",\"contentUrl\":\"https:\\\/\\\/www.walraven.com\\\/hu\\\/wp-content\\\/uploads\\\/sites\\\/22\\\/2023\\\/12\\\/Walraven_logo300x300.jpg\",\"width\":300,\"height\":300,\"caption\":\"Walraven Kft.\"},\"image\":{\"@id\":\"https:\\\/\\\/www.walraven.com\\\/hu\\\/#\\\/schema\\\/logo\\\/image\\\/\"},\"sameAs\":[\"https:\\\/\\\/www.facebook.com\\\/walravenkft\",\"https:\\\/\\\/www.youtube.com\\\/channel\\\/UCAYB3Nqnqm5dofzMcQtFyvg\",\"https:\\\/\\\/www.linkedin.com\\\/company\\\/walraven-hu\\\/\"]}]}<\/script>\n<!-- \/ Yoast SEO Premium plugin. -->","yoast_head_json":{"title":"Lapostet\u0151s megold\u00e1sok - Walraven Magyarorsz\u00e1g","description":"Walraven\u2019s rooftop solutions offer you versatile, durable and non-penetrative solutions that save both time and costs.","robots":{"index":"index","follow":"follow","max-snippet":"max-snippet:-1","max-image-preview":"max-image-preview:large","max-video-preview":"max-video-preview:-1"},"canonical":"https:\/\/www.walraven.com\/hu\/rogzitesi-rendszerek\/lapostetos-megoldasok\/","og_locale":"hu_HU","og_type":"article","og_title":"Lapostet\u0151s megold\u00e1sok","og_description":"Walraven\u2019s rooftop solutions offer you versatile, durable and non-penetrative solutions that save both time and costs.","og_url":"https:\/\/www.walraven.com\/hu\/rogzitesi-rendszerek\/lapostetos-megoldasok\/","og_site_name":"Walraven Magyarorsz\u00e1g","article_publisher":"https:\/\/www.facebook.com\/walravenkft","article_modified_time":"2019-08-29T08:44:02+00:00","og_image":[{"width":254,"height":420,"url":"https:\/\/www.walraven.com\/hu\/wp-content\/uploads\/sites\/22\/2019\/03\/rooftop.jpg","type":"image\/jpeg"}],"twitter_card":"summary_large_image","schema":{"@context":"https:\/\/schema.org","@graph":[{"@type":"WebPage","@id":"https:\/\/www.walraven.com\/hu\/rogzitesi-rendszerek\/lapostetos-megoldasok\/","url":"https:\/\/www.walraven.com\/hu\/rogzitesi-rendszerek\/lapostetos-megoldasok\/","name":"Lapostet\u0151s megold\u00e1sok - Walraven Magyarorsz\u00e1g","isPartOf":{"@id":"https:\/\/www.walraven.com\/hu\/#website"},"primaryImageOfPage":{"@id":"https:\/\/www.walraven.com\/hu\/rogzitesi-rendszerek\/lapostetos-megoldasok\/#primaryimage"},"image":{"@id":"https:\/\/www.walraven.com\/hu\/rogzitesi-rendszerek\/lapostetos-megoldasok\/#primaryimage"},"thumbnailUrl":"https:\/\/www.walraven.com\/hu\/wp-content\/uploads\/sites\/22\/2019\/03\/rooftop.jpg","datePublished":"2019-03-20T12:03:50+00:00","dateModified":"2019-08-29T08:44:02+00:00","description":"Walraven\u2019s rooftop solutions offer you versatile, durable and non-penetrative solutions that save both time and costs.","breadcrumb":{"@id":"https:\/\/www.walraven.com\/hu\/rogzitesi-rendszerek\/lapostetos-megoldasok\/#breadcrumb"},"inLanguage":"hu","potentialAction":[{"@type":"ReadAction","target":["https:\/\/www.walraven.com\/hu\/rogzitesi-rendszerek\/lapostetos-megoldasok\/"]}]},{"@type":"ImageObject","inLanguage":"hu","@id":"https:\/\/www.walraven.com\/hu\/rogzitesi-rendszerek\/lapostetos-megoldasok\/#primaryimage","url":"https:\/\/www.walraven.com\/hu\/wp-content\/uploads\/sites\/22\/2019\/03\/rooftop.jpg","contentUrl":"https:\/\/www.walraven.com\/hu\/wp-content\/uploads\/sites\/22\/2019\/03\/rooftop.jpg","width":254,"height":420},{"@type":"BreadcrumbList","@id":"https:\/\/www.walraven.com\/hu\/rogzitesi-rendszerek\/lapostetos-megoldasok\/#breadcrumb","itemListElement":[{"@type":"ListItem","position":1,"name":"Nyit\u00f3oldal","item":"https:\/\/www.walraven.com\/hu\/"},{"@type":"ListItem","position":2,"name":"R\u00f6gz\u00edt\u00e9si rendszerek","item":"https:\/\/www.walraven.com\/hu\/rogzitesi-rendszerek\/"},{"@type":"ListItem","position":3,"name":"Lapostet\u0151s megold\u00e1sok"}]},{"@type":"WebSite","@id":"https:\/\/www.walraven.com\/hu\/#website","url":"https:\/\/www.walraven.com\/hu\/","name":"Walraven Magyarorsz\u00e1g","description":"","publisher":{"@id":"https:\/\/www.walraven.com\/hu\/#organization"},"potentialAction":[{"@type":"SearchAction","target":{"@type":"EntryPoint","urlTemplate":"https:\/\/www.walraven.com\/hu\/?s={search_term_string}"},"query-input":{"@type":"PropertyValueSpecification","valueRequired":true,"valueName":"search_term_string"}}],"inLanguage":"hu"},{"@type":"Organization","@id":"https:\/\/www.walraven.com\/hu\/#organization","name":"Walraven Kft.","alternateName":"Walraven Kft.","url":"https:\/\/www.walraven.com\/hu\/","logo":{"@type":"ImageObject","inLanguage":"hu","@id":"https:\/\/www.walraven.com\/hu\/#\/schema\/logo\/image\/","url":"https:\/\/www.walraven.com\/hu\/wp-content\/uploads\/sites\/22\/2023\/12\/Walraven_logo300x300.jpg","contentUrl":"https:\/\/www.walraven.com\/hu\/wp-content\/uploads\/sites\/22\/2023\/12\/Walraven_logo300x300.jpg","width":300,"height":300,"caption":"Walraven Kft."},"image":{"@id":"https:\/\/www.walraven.com\/hu\/#\/schema\/logo\/image\/"},"sameAs":["https:\/\/www.facebook.com\/walravenkft","https:\/\/www.youtube.com\/channel\/UCAYB3Nqnqm5dofzMcQtFyvg","https:\/\/www.linkedin.com\/company\/walraven-hu\/"]}]}},"_links":{"self":[{"href":"https:\/\/www.walraven.com\/hu\/wp-json\/wp\/v2\/pages\/26016","targetHints":{"allow":["GET"]}}],"collection":[{"href":"https:\/\/www.walraven.com\/hu\/wp-json\/wp\/v2\/pages"}],"about":[{"href":"https:\/\/www.walraven.com\/hu\/wp-json\/wp\/v2\/types\/page"}],"author":[{"embeddable":true,"href":"https:\/\/www.walraven.com\/hu\/wp-json\/wp\/v2\/users\/43"}],"replies":[{"embeddable":true,"href":"https:\/\/www.walraven.com\/hu\/wp-json\/wp\/v2\/comments?post=26016"}],"version-history":[{"count":2,"href":"https:\/\/www.walraven.com\/hu\/wp-json\/wp\/v2\/pages\/26016\/revisions"}],"predecessor-version":[{"id":26127,"href":"https:\/\/www.walraven.com\/hu\/wp-json\/wp\/v2\/pages\/26016\/revisions\/26127"}],"up":[{"embeddable":true,"href":"https:\/\/www.walraven.com\/hu\/wp-json\/wp\/v2\/pages\/25858"}],"wp:featuredmedia":[{"embeddable":true,"href":"https:\/\/www.walraven.com\/hu\/wp-json\/wp\/v2\/media\/26019"}],"wp:attachment":[{"href":"https:\/\/www.walraven.com\/hu\/wp-json\/wp\/v2\/media?parent=26016"}],"curies":[{"name":"wp","href":"https:\/\/api.w.org\/{rel}","templated":true}]}}