{"id":26056,"date":"2019-06-05T11:06:41","date_gmt":"2019-06-05T09:06:41","guid":{"rendered":"https:\/\/www.walraven.com\/en\/?page_id=54932"},"modified":"2021-07-27T17:43:28","modified_gmt":"2021-07-27T15:43:28","slug":"konzultacio-az-epitkezesen","status":"publish","type":"page","link":"https:\/\/www.walraven.com\/hu\/projekttamogatas\/konzultacio-az-epitkezesen\/","title":{"rendered":"Konzult\u00e1ci\u00f3 az \u00e9p\u00edtkez\u00e9sen"},"content":{"rendered":"","protected":false},"excerpt":{"rendered":"","protected":false},"author":43,"featured_media":0,"parent":26038,"menu_order":0,"comment_status":"closed","ping_status":"closed","template":"page-templates\/tpl-landingspage.php","meta":{"_acf_changed":false,"footnotes":""},"class_list":["post-26056","page","type-page","status-publish","hentry"],"acf":[],"yoast_head":"<!-- This site is optimized with the Yoast SEO Premium plugin v27.3 (Yoast SEO v27.3) - https:\/\/yoast.com\/product\/yoast-seo-premium-wordpress\/ -->\n<title>Konzult\u00e1ci\u00f3 az \u00e9p\u00edtkez\u00e9sen - Walraven<\/title>\n<meta name=\"description\" content=\"Sometimes you encounter a situation which cannot be clarified by drawing, email or phone. At those moments you ask consulting at the jobsite.\" \/>\n<meta name=\"robots\" content=\"index, follow, max-snippet:-1, max-image-preview:large, max-video-preview:-1\" \/>\n<link rel=\"canonical\" href=\"https:\/\/www.walraven.com\/hu\/projekttamogatas\/konzultacio-az-epitkezesen\/\" \/>\n<meta property=\"og:locale\" content=\"hu_HU\" \/>\n<meta property=\"og:type\" content=\"article\" \/>\n<meta property=\"og:title\" content=\"Konzult\u00e1ci\u00f3 az \u00e9p\u00edtkez\u00e9sen\" \/>\n<meta property=\"og:description\" content=\"Sometimes you encounter a situation which cannot be clarified by drawing, email or phone. At those moments you ask consulting at the jobsite.\" \/>\n<meta property=\"og:url\" content=\"https:\/\/www.walraven.com\/hu\/projekttamogatas\/konzultacio-az-epitkezesen\/\" \/>\n<meta property=\"og:site_name\" content=\"Walraven Magyarorsz\u00e1g\" \/>\n<meta property=\"article:publisher\" content=\"https:\/\/www.facebook.com\/walravenkft\" \/>\n<meta property=\"article:modified_time\" content=\"2021-07-27T15:43:28+00:00\" \/>\n<meta name=\"twitter:card\" content=\"summary_large_image\" \/>\n<script type=\"application\/ld+json\" class=\"yoast-schema-graph\">{\"@context\":\"https:\\\/\\\/schema.org\",\"@graph\":[{\"@type\":\"WebPage\",\"@id\":\"https:\\\/\\\/www.walraven.com\\\/hu\\\/projekttamogatas\\\/konzultacio-az-epitkezesen\\\/\",\"url\":\"https:\\\/\\\/www.walraven.com\\\/hu\\\/projekttamogatas\\\/konzultacio-az-epitkezesen\\\/\",\"name\":\"Konzult\u00e1ci\u00f3 az \u00e9p\u00edtkez\u00e9sen - Walraven\",\"isPartOf\":{\"@id\":\"https:\\\/\\\/www.walraven.com\\\/hu\\\/#website\"},\"datePublished\":\"2019-06-05T09:06:41+00:00\",\"dateModified\":\"2021-07-27T15:43:28+00:00\",\"description\":\"Sometimes you encounter a situation which cannot be clarified by drawing, email or phone. At those moments you ask consulting at the jobsite.\",\"breadcrumb\":{\"@id\":\"https:\\\/\\\/www.walraven.com\\\/hu\\\/projekttamogatas\\\/konzultacio-az-epitkezesen\\\/#breadcrumb\"},\"inLanguage\":\"hu\",\"potentialAction\":[{\"@type\":\"ReadAction\",\"target\":[\"https:\\\/\\\/www.walraven.com\\\/hu\\\/projekttamogatas\\\/konzultacio-az-epitkezesen\\\/\"]}]},{\"@type\":\"BreadcrumbList\",\"@id\":\"https:\\\/\\\/www.walraven.com\\\/hu\\\/projekttamogatas\\\/konzultacio-az-epitkezesen\\\/#breadcrumb\",\"itemListElement\":[{\"@type\":\"ListItem\",\"position\":1,\"name\":\"Nyit\u00f3oldal\",\"item\":\"https:\\\/\\\/www.walraven.com\\\/hu\\\/\"},{\"@type\":\"ListItem\",\"position\":2,\"name\":\"Projektt\u00e1mogat\u00e1s\",\"item\":\"https:\\\/\\\/www.walraven.com\\\/hu\\\/projekttamogatas\\\/\"},{\"@type\":\"ListItem\",\"position\":3,\"name\":\"Konzult\u00e1ci\u00f3 az \u00e9p\u00edtkez\u00e9sen\"}]},{\"@type\":\"WebSite\",\"@id\":\"https:\\\/\\\/www.walraven.com\\\/hu\\\/#website\",\"url\":\"https:\\\/\\\/www.walraven.com\\\/hu\\\/\",\"name\":\"Walraven Magyarorsz\u00e1g\",\"description\":\"\",\"publisher\":{\"@id\":\"https:\\\/\\\/www.walraven.com\\\/hu\\\/#organization\"},\"potentialAction\":[{\"@type\":\"SearchAction\",\"target\":{\"@type\":\"EntryPoint\",\"urlTemplate\":\"https:\\\/\\\/www.walraven.com\\\/hu\\\/?s={search_term_string}\"},\"query-input\":{\"@type\":\"PropertyValueSpecification\",\"valueRequired\":true,\"valueName\":\"search_term_string\"}}],\"inLanguage\":\"hu\"},{\"@type\":\"Organization\",\"@id\":\"https:\\\/\\\/www.walraven.com\\\/hu\\\/#organization\",\"name\":\"Walraven Kft.\",\"alternateName\":\"Walraven Kft.\",\"url\":\"https:\\\/\\\/www.walraven.com\\\/hu\\\/\",\"logo\":{\"@type\":\"ImageObject\",\"inLanguage\":\"hu\",\"@id\":\"https:\\\/\\\/www.walraven.com\\\/hu\\\/#\\\/schema\\\/logo\\\/image\\\/\",\"url\":\"https:\\\/\\\/www.walraven.com\\\/hu\\\/wp-content\\\/uploads\\\/sites\\\/22\\\/2023\\\/12\\\/Walraven_logo300x300.jpg\",\"contentUrl\":\"https:\\\/\\\/www.walraven.com\\\/hu\\\/wp-content\\\/uploads\\\/sites\\\/22\\\/2023\\\/12\\\/Walraven_logo300x300.jpg\",\"width\":300,\"height\":300,\"caption\":\"Walraven Kft.\"},\"image\":{\"@id\":\"https:\\\/\\\/www.walraven.com\\\/hu\\\/#\\\/schema\\\/logo\\\/image\\\/\"},\"sameAs\":[\"https:\\\/\\\/www.facebook.com\\\/walravenkft\",\"https:\\\/\\\/www.youtube.com\\\/channel\\\/UCAYB3Nqnqm5dofzMcQtFyvg\",\"https:\\\/\\\/www.linkedin.com\\\/company\\\/walraven-hu\\\/\"]}]}<\/script>\n<!-- \/ Yoast SEO Premium plugin. -->","yoast_head_json":{"title":"Konzult\u00e1ci\u00f3 az \u00e9p\u00edtkez\u00e9sen - Walraven","description":"Sometimes you encounter a situation which cannot be clarified by drawing, email or phone. At those moments you ask consulting at the jobsite.","robots":{"index":"index","follow":"follow","max-snippet":"max-snippet:-1","max-image-preview":"max-image-preview:large","max-video-preview":"max-video-preview:-1"},"canonical":"https:\/\/www.walraven.com\/hu\/projekttamogatas\/konzultacio-az-epitkezesen\/","og_locale":"hu_HU","og_type":"article","og_title":"Konzult\u00e1ci\u00f3 az \u00e9p\u00edtkez\u00e9sen","og_description":"Sometimes you encounter a situation which cannot be clarified by drawing, email or phone. At those moments you ask consulting at the jobsite.","og_url":"https:\/\/www.walraven.com\/hu\/projekttamogatas\/konzultacio-az-epitkezesen\/","og_site_name":"Walraven Magyarorsz\u00e1g","article_publisher":"https:\/\/www.facebook.com\/walravenkft","article_modified_time":"2021-07-27T15:43:28+00:00","twitter_card":"summary_large_image","schema":{"@context":"https:\/\/schema.org","@graph":[{"@type":"WebPage","@id":"https:\/\/www.walraven.com\/hu\/projekttamogatas\/konzultacio-az-epitkezesen\/","url":"https:\/\/www.walraven.com\/hu\/projekttamogatas\/konzultacio-az-epitkezesen\/","name":"Konzult\u00e1ci\u00f3 az \u00e9p\u00edtkez\u00e9sen - Walraven","isPartOf":{"@id":"https:\/\/www.walraven.com\/hu\/#website"},"datePublished":"2019-06-05T09:06:41+00:00","dateModified":"2021-07-27T15:43:28+00:00","description":"Sometimes you encounter a situation which cannot be clarified by drawing, email or phone. At those moments you ask consulting at the jobsite.","breadcrumb":{"@id":"https:\/\/www.walraven.com\/hu\/projekttamogatas\/konzultacio-az-epitkezesen\/#breadcrumb"},"inLanguage":"hu","potentialAction":[{"@type":"ReadAction","target":["https:\/\/www.walraven.com\/hu\/projekttamogatas\/konzultacio-az-epitkezesen\/"]}]},{"@type":"BreadcrumbList","@id":"https:\/\/www.walraven.com\/hu\/projekttamogatas\/konzultacio-az-epitkezesen\/#breadcrumb","itemListElement":[{"@type":"ListItem","position":1,"name":"Nyit\u00f3oldal","item":"https:\/\/www.walraven.com\/hu\/"},{"@type":"ListItem","position":2,"name":"Projektt\u00e1mogat\u00e1s","item":"https:\/\/www.walraven.com\/hu\/projekttamogatas\/"},{"@type":"ListItem","position":3,"name":"Konzult\u00e1ci\u00f3 az \u00e9p\u00edtkez\u00e9sen"}]},{"@type":"WebSite","@id":"https:\/\/www.walraven.com\/hu\/#website","url":"https:\/\/www.walraven.com\/hu\/","name":"Walraven Magyarorsz\u00e1g","description":"","publisher":{"@id":"https:\/\/www.walraven.com\/hu\/#organization"},"potentialAction":[{"@type":"SearchAction","target":{"@type":"EntryPoint","urlTemplate":"https:\/\/www.walraven.com\/hu\/?s={search_term_string}"},"query-input":{"@type":"PropertyValueSpecification","valueRequired":true,"valueName":"search_term_string"}}],"inLanguage":"hu"},{"@type":"Organization","@id":"https:\/\/www.walraven.com\/hu\/#organization","name":"Walraven Kft.","alternateName":"Walraven Kft.","url":"https:\/\/www.walraven.com\/hu\/","logo":{"@type":"ImageObject","inLanguage":"hu","@id":"https:\/\/www.walraven.com\/hu\/#\/schema\/logo\/image\/","url":"https:\/\/www.walraven.com\/hu\/wp-content\/uploads\/sites\/22\/2023\/12\/Walraven_logo300x300.jpg","contentUrl":"https:\/\/www.walraven.com\/hu\/wp-content\/uploads\/sites\/22\/2023\/12\/Walraven_logo300x300.jpg","width":300,"height":300,"caption":"Walraven Kft."},"image":{"@id":"https:\/\/www.walraven.com\/hu\/#\/schema\/logo\/image\/"},"sameAs":["https:\/\/www.facebook.com\/walravenkft","https:\/\/www.youtube.com\/channel\/UCAYB3Nqnqm5dofzMcQtFyvg","https:\/\/www.linkedin.com\/company\/walraven-hu\/"]}]}},"_links":{"self":[{"href":"https:\/\/www.walraven.com\/hu\/wp-json\/wp\/v2\/pages\/26056","targetHints":{"allow":["GET"]}}],"collection":[{"href":"https:\/\/www.walraven.com\/hu\/wp-json\/wp\/v2\/pages"}],"about":[{"href":"https:\/\/www.walraven.com\/hu\/wp-json\/wp\/v2\/types\/page"}],"author":[{"embeddable":true,"href":"https:\/\/www.walraven.com\/hu\/wp-json\/wp\/v2\/users\/43"}],"replies":[{"embeddable":true,"href":"https:\/\/www.walraven.com\/hu\/wp-json\/wp\/v2\/comments?post=26056"}],"version-history":[{"count":2,"href":"https:\/\/www.walraven.com\/hu\/wp-json\/wp\/v2\/pages\/26056\/revisions"}],"predecessor-version":[{"id":26104,"href":"https:\/\/www.walraven.com\/hu\/wp-json\/wp\/v2\/pages\/26056\/revisions\/26104"}],"up":[{"embeddable":true,"href":"https:\/\/www.walraven.com\/hu\/wp-json\/wp\/v2\/pages\/26038"}],"wp:attachment":[{"href":"https:\/\/www.walraven.com\/hu\/wp-json\/wp\/v2\/media?parent=26056"}],"curies":[{"name":"wp","href":"https:\/\/api.w.org\/{rel}","templated":true}]}}