{"id":26065,"date":"2019-06-05T11:04:54","date_gmt":"2019-06-05T09:04:54","guid":{"rendered":"https:\/\/www.walraven.com\/en\/?page_id=54930"},"modified":"2021-07-27T17:42:41","modified_gmt":"2021-07-27T15:42:41","slug":"eloreszereles","status":"publish","type":"page","link":"https:\/\/www.walraven.com\/hu\/projekttamogatas\/eloreszereles\/","title":{"rendered":"El\u0151szerel\u00e9s"},"content":{"rendered":"","protected":false},"excerpt":{"rendered":"","protected":false},"author":43,"featured_media":26067,"parent":26038,"menu_order":0,"comment_status":"closed","ping_status":"closed","template":"page-templates\/tpl-landingspage.php","meta":{"_acf_changed":false,"footnotes":""},"class_list":["post-26065","page","type-page","status-publish","has-post-thumbnail","hentry"],"acf":[],"yoast_head":"<!-- This site is optimized with the Yoast SEO Premium plugin v27.3 (Yoast SEO v27.3) - https:\/\/yoast.com\/product\/yoast-seo-premium-wordpress\/ -->\n<title>El\u0151szerel\u00e9s - Walraven Magyarorsz\u00e1g<\/title>\n<meta name=\"description\" content=\"With the Walraven&#039;s prefabrication solutions can prefabricate solutions for you and deliver them direct to site. \u2705 Zero waste \u2705 Time &amp; Cost saving\" \/>\n<meta name=\"robots\" content=\"index, follow, max-snippet:-1, max-image-preview:large, max-video-preview:-1\" \/>\n<link rel=\"canonical\" href=\"https:\/\/www.walraven.com\/hu\/projekttamogatas\/eloreszereles\/\" \/>\n<meta property=\"og:locale\" content=\"hu_HU\" \/>\n<meta property=\"og:type\" content=\"article\" \/>\n<meta property=\"og:title\" content=\"El\u0151szerel\u00e9s\" \/>\n<meta property=\"og:description\" content=\"With the Walraven&#039;s prefabrication solutions can prefabricate solutions for you and deliver them direct to site. \u2705 Zero waste \u2705 Time &amp; Cost saving\" \/>\n<meta property=\"og:url\" content=\"https:\/\/www.walraven.com\/hu\/projekttamogatas\/eloreszereles\/\" \/>\n<meta property=\"og:site_name\" content=\"Walraven Magyarorsz\u00e1g\" \/>\n<meta property=\"article:publisher\" content=\"https:\/\/www.facebook.com\/walravenkft\" \/>\n<meta property=\"article:modified_time\" content=\"2021-07-27T15:42:41+00:00\" \/>\n<meta property=\"og:image\" content=\"https:\/\/www.walraven.com\/hu\/wp-content\/uploads\/sites\/22\/2019\/06\/Prefab-1.jpg\" \/>\n\t<meta property=\"og:image:width\" content=\"600\" \/>\n\t<meta property=\"og:image:height\" content=\"300\" \/>\n\t<meta property=\"og:image:type\" content=\"image\/jpeg\" \/>\n<meta name=\"twitter:card\" content=\"summary_large_image\" \/>\n<script type=\"application\/ld+json\" class=\"yoast-schema-graph\">{\"@context\":\"https:\\\/\\\/schema.org\",\"@graph\":[{\"@type\":\"WebPage\",\"@id\":\"https:\\\/\\\/www.walraven.com\\\/hu\\\/projekttamogatas\\\/eloreszereles\\\/\",\"url\":\"https:\\\/\\\/www.walraven.com\\\/hu\\\/projekttamogatas\\\/eloreszereles\\\/\",\"name\":\"El\u0151szerel\u00e9s - Walraven Magyarorsz\u00e1g\",\"isPartOf\":{\"@id\":\"https:\\\/\\\/www.walraven.com\\\/hu\\\/#website\"},\"primaryImageOfPage\":{\"@id\":\"https:\\\/\\\/www.walraven.com\\\/hu\\\/projekttamogatas\\\/eloreszereles\\\/#primaryimage\"},\"image\":{\"@id\":\"https:\\\/\\\/www.walraven.com\\\/hu\\\/projekttamogatas\\\/eloreszereles\\\/#primaryimage\"},\"thumbnailUrl\":\"https:\\\/\\\/www.walraven.com\\\/hu\\\/wp-content\\\/uploads\\\/sites\\\/22\\\/2019\\\/06\\\/Prefab-1.jpg\",\"datePublished\":\"2019-06-05T09:04:54+00:00\",\"dateModified\":\"2021-07-27T15:42:41+00:00\",\"description\":\"With the Walraven's prefabrication solutions can prefabricate solutions for you and deliver them direct to site. \u2705 Zero waste \u2705 Time & Cost saving\",\"breadcrumb\":{\"@id\":\"https:\\\/\\\/www.walraven.com\\\/hu\\\/projekttamogatas\\\/eloreszereles\\\/#breadcrumb\"},\"inLanguage\":\"hu\",\"potentialAction\":[{\"@type\":\"ReadAction\",\"target\":[\"https:\\\/\\\/www.walraven.com\\\/hu\\\/projekttamogatas\\\/eloreszereles\\\/\"]}]},{\"@type\":\"ImageObject\",\"inLanguage\":\"hu\",\"@id\":\"https:\\\/\\\/www.walraven.com\\\/hu\\\/projekttamogatas\\\/eloreszereles\\\/#primaryimage\",\"url\":\"https:\\\/\\\/www.walraven.com\\\/hu\\\/wp-content\\\/uploads\\\/sites\\\/22\\\/2019\\\/06\\\/Prefab-1.jpg\",\"contentUrl\":\"https:\\\/\\\/www.walraven.com\\\/hu\\\/wp-content\\\/uploads\\\/sites\\\/22\\\/2019\\\/06\\\/Prefab-1.jpg\",\"width\":600,\"height\":300},{\"@type\":\"BreadcrumbList\",\"@id\":\"https:\\\/\\\/www.walraven.com\\\/hu\\\/projekttamogatas\\\/eloreszereles\\\/#breadcrumb\",\"itemListElement\":[{\"@type\":\"ListItem\",\"position\":1,\"name\":\"Nyit\u00f3oldal\",\"item\":\"https:\\\/\\\/www.walraven.com\\\/hu\\\/\"},{\"@type\":\"ListItem\",\"position\":2,\"name\":\"Projektt\u00e1mogat\u00e1s\",\"item\":\"https:\\\/\\\/www.walraven.com\\\/hu\\\/projekttamogatas\\\/\"},{\"@type\":\"ListItem\",\"position\":3,\"name\":\"El\u0151szerel\u00e9s\"}]},{\"@type\":\"WebSite\",\"@id\":\"https:\\\/\\\/www.walraven.com\\\/hu\\\/#website\",\"url\":\"https:\\\/\\\/www.walraven.com\\\/hu\\\/\",\"name\":\"Walraven Magyarorsz\u00e1g\",\"description\":\"\",\"publisher\":{\"@id\":\"https:\\\/\\\/www.walraven.com\\\/hu\\\/#organization\"},\"potentialAction\":[{\"@type\":\"SearchAction\",\"target\":{\"@type\":\"EntryPoint\",\"urlTemplate\":\"https:\\\/\\\/www.walraven.com\\\/hu\\\/?s={search_term_string}\"},\"query-input\":{\"@type\":\"PropertyValueSpecification\",\"valueRequired\":true,\"valueName\":\"search_term_string\"}}],\"inLanguage\":\"hu\"},{\"@type\":\"Organization\",\"@id\":\"https:\\\/\\\/www.walraven.com\\\/hu\\\/#organization\",\"name\":\"Walraven Kft.\",\"alternateName\":\"Walraven Kft.\",\"url\":\"https:\\\/\\\/www.walraven.com\\\/hu\\\/\",\"logo\":{\"@type\":\"ImageObject\",\"inLanguage\":\"hu\",\"@id\":\"https:\\\/\\\/www.walraven.com\\\/hu\\\/#\\\/schema\\\/logo\\\/image\\\/\",\"url\":\"https:\\\/\\\/www.walraven.com\\\/hu\\\/wp-content\\\/uploads\\\/sites\\\/22\\\/2023\\\/12\\\/Walraven_logo300x300.jpg\",\"contentUrl\":\"https:\\\/\\\/www.walraven.com\\\/hu\\\/wp-content\\\/uploads\\\/sites\\\/22\\\/2023\\\/12\\\/Walraven_logo300x300.jpg\",\"width\":300,\"height\":300,\"caption\":\"Walraven Kft.\"},\"image\":{\"@id\":\"https:\\\/\\\/www.walraven.com\\\/hu\\\/#\\\/schema\\\/logo\\\/image\\\/\"},\"sameAs\":[\"https:\\\/\\\/www.facebook.com\\\/walravenkft\",\"https:\\\/\\\/www.youtube.com\\\/channel\\\/UCAYB3Nqnqm5dofzMcQtFyvg\",\"https:\\\/\\\/www.linkedin.com\\\/company\\\/walraven-hu\\\/\"]}]}<\/script>\n<!-- \/ Yoast SEO Premium plugin. -->","yoast_head_json":{"title":"El\u0151szerel\u00e9s - Walraven Magyarorsz\u00e1g","description":"With the Walraven's prefabrication solutions can prefabricate solutions for you and deliver them direct to site. \u2705 Zero waste \u2705 Time & Cost saving","robots":{"index":"index","follow":"follow","max-snippet":"max-snippet:-1","max-image-preview":"max-image-preview:large","max-video-preview":"max-video-preview:-1"},"canonical":"https:\/\/www.walraven.com\/hu\/projekttamogatas\/eloreszereles\/","og_locale":"hu_HU","og_type":"article","og_title":"El\u0151szerel\u00e9s","og_description":"With the Walraven's prefabrication solutions can prefabricate solutions for you and deliver them direct to site. \u2705 Zero waste \u2705 Time & Cost saving","og_url":"https:\/\/www.walraven.com\/hu\/projekttamogatas\/eloreszereles\/","og_site_name":"Walraven Magyarorsz\u00e1g","article_publisher":"https:\/\/www.facebook.com\/walravenkft","article_modified_time":"2021-07-27T15:42:41+00:00","og_image":[{"width":600,"height":300,"url":"https:\/\/www.walraven.com\/hu\/wp-content\/uploads\/sites\/22\/2019\/06\/Prefab-1.jpg","type":"image\/jpeg"}],"twitter_card":"summary_large_image","schema":{"@context":"https:\/\/schema.org","@graph":[{"@type":"WebPage","@id":"https:\/\/www.walraven.com\/hu\/projekttamogatas\/eloreszereles\/","url":"https:\/\/www.walraven.com\/hu\/projekttamogatas\/eloreszereles\/","name":"El\u0151szerel\u00e9s - Walraven Magyarorsz\u00e1g","isPartOf":{"@id":"https:\/\/www.walraven.com\/hu\/#website"},"primaryImageOfPage":{"@id":"https:\/\/www.walraven.com\/hu\/projekttamogatas\/eloreszereles\/#primaryimage"},"image":{"@id":"https:\/\/www.walraven.com\/hu\/projekttamogatas\/eloreszereles\/#primaryimage"},"thumbnailUrl":"https:\/\/www.walraven.com\/hu\/wp-content\/uploads\/sites\/22\/2019\/06\/Prefab-1.jpg","datePublished":"2019-06-05T09:04:54+00:00","dateModified":"2021-07-27T15:42:41+00:00","description":"With the Walraven's prefabrication solutions can prefabricate solutions for you and deliver them direct to site. \u2705 Zero waste \u2705 Time & Cost saving","breadcrumb":{"@id":"https:\/\/www.walraven.com\/hu\/projekttamogatas\/eloreszereles\/#breadcrumb"},"inLanguage":"hu","potentialAction":[{"@type":"ReadAction","target":["https:\/\/www.walraven.com\/hu\/projekttamogatas\/eloreszereles\/"]}]},{"@type":"ImageObject","inLanguage":"hu","@id":"https:\/\/www.walraven.com\/hu\/projekttamogatas\/eloreszereles\/#primaryimage","url":"https:\/\/www.walraven.com\/hu\/wp-content\/uploads\/sites\/22\/2019\/06\/Prefab-1.jpg","contentUrl":"https:\/\/www.walraven.com\/hu\/wp-content\/uploads\/sites\/22\/2019\/06\/Prefab-1.jpg","width":600,"height":300},{"@type":"BreadcrumbList","@id":"https:\/\/www.walraven.com\/hu\/projekttamogatas\/eloreszereles\/#breadcrumb","itemListElement":[{"@type":"ListItem","position":1,"name":"Nyit\u00f3oldal","item":"https:\/\/www.walraven.com\/hu\/"},{"@type":"ListItem","position":2,"name":"Projektt\u00e1mogat\u00e1s","item":"https:\/\/www.walraven.com\/hu\/projekttamogatas\/"},{"@type":"ListItem","position":3,"name":"El\u0151szerel\u00e9s"}]},{"@type":"WebSite","@id":"https:\/\/www.walraven.com\/hu\/#website","url":"https:\/\/www.walraven.com\/hu\/","name":"Walraven Magyarorsz\u00e1g","description":"","publisher":{"@id":"https:\/\/www.walraven.com\/hu\/#organization"},"potentialAction":[{"@type":"SearchAction","target":{"@type":"EntryPoint","urlTemplate":"https:\/\/www.walraven.com\/hu\/?s={search_term_string}"},"query-input":{"@type":"PropertyValueSpecification","valueRequired":true,"valueName":"search_term_string"}}],"inLanguage":"hu"},{"@type":"Organization","@id":"https:\/\/www.walraven.com\/hu\/#organization","name":"Walraven Kft.","alternateName":"Walraven Kft.","url":"https:\/\/www.walraven.com\/hu\/","logo":{"@type":"ImageObject","inLanguage":"hu","@id":"https:\/\/www.walraven.com\/hu\/#\/schema\/logo\/image\/","url":"https:\/\/www.walraven.com\/hu\/wp-content\/uploads\/sites\/22\/2023\/12\/Walraven_logo300x300.jpg","contentUrl":"https:\/\/www.walraven.com\/hu\/wp-content\/uploads\/sites\/22\/2023\/12\/Walraven_logo300x300.jpg","width":300,"height":300,"caption":"Walraven Kft."},"image":{"@id":"https:\/\/www.walraven.com\/hu\/#\/schema\/logo\/image\/"},"sameAs":["https:\/\/www.facebook.com\/walravenkft","https:\/\/www.youtube.com\/channel\/UCAYB3Nqnqm5dofzMcQtFyvg","https:\/\/www.linkedin.com\/company\/walraven-hu\/"]}]}},"_links":{"self":[{"href":"https:\/\/www.walraven.com\/hu\/wp-json\/wp\/v2\/pages\/26065","targetHints":{"allow":["GET"]}}],"collection":[{"href":"https:\/\/www.walraven.com\/hu\/wp-json\/wp\/v2\/pages"}],"about":[{"href":"https:\/\/www.walraven.com\/hu\/wp-json\/wp\/v2\/types\/page"}],"author":[{"embeddable":true,"href":"https:\/\/www.walraven.com\/hu\/wp-json\/wp\/v2\/users\/43"}],"replies":[{"embeddable":true,"href":"https:\/\/www.walraven.com\/hu\/wp-json\/wp\/v2\/comments?post=26065"}],"version-history":[{"count":3,"href":"https:\/\/www.walraven.com\/hu\/wp-json\/wp\/v2\/pages\/26065\/revisions"}],"predecessor-version":[{"id":27600,"href":"https:\/\/www.walraven.com\/hu\/wp-json\/wp\/v2\/pages\/26065\/revisions\/27600"}],"up":[{"embeddable":true,"href":"https:\/\/www.walraven.com\/hu\/wp-json\/wp\/v2\/pages\/26038"}],"wp:featuredmedia":[{"embeddable":true,"href":"https:\/\/www.walraven.com\/hu\/wp-json\/wp\/v2\/media\/26067"}],"wp:attachment":[{"href":"https:\/\/www.walraven.com\/hu\/wp-json\/wp\/v2\/media?parent=26065"}],"curies":[{"name":"wp","href":"https:\/\/api.w.org\/{rel}","templated":true}]}}