{"id":26666,"date":"2019-10-23T10:14:28","date_gmt":"2019-10-23T08:14:28","guid":{"rendered":"https:\/\/example.walraven.com\/?page_id=121558"},"modified":"2023-12-21T14:05:06","modified_gmt":"2023-12-21T13:05:06","slug":"bim","status":"publish","type":"page","link":"https:\/\/www.walraven.com\/hu\/projekttamogatas\/bim\/","title":{"rendered":"BIM"},"content":{"rendered":"","protected":false},"excerpt":{"rendered":"","protected":false},"author":43,"featured_media":26675,"parent":26038,"menu_order":0,"comment_status":"closed","ping_status":"closed","template":"page-templates\/tpl-landingspage.php","meta":{"_acf_changed":false,"footnotes":""},"class_list":["post-26666","page","type-page","status-publish","has-post-thumbnail","hentry"],"acf":[],"yoast_head":"<!-- This site is optimized with the Yoast SEO Premium plugin v27.3 (Yoast SEO v27.3) - https:\/\/yoast.com\/product\/yoast-seo-premium-wordpress\/ -->\n<title>BIM - Walraven Magyarorsz\u00e1g<\/title>\n<meta name=\"description\" content=\"Az elm\u00falt \u00e9vekben a m\u00e9rn\u00f6ki tev\u00e9kenys\u00e9g m\u00e9lyrehat\u00f3 digit\u00e1lis \u00e1talakul\u00e1son megy kereszt\u00fcl a BIM m\u00f3dszertan seg\u00edts\u00e9g\u00e9vel. L\u00e9pjen kapcsolatba a Walraven-nel \u00e9s \u00e9rdekl\u0151dj\u00f6n a BIM fel\u0151l!\" \/>\n<meta name=\"robots\" content=\"index, follow, max-snippet:-1, max-image-preview:large, max-video-preview:-1\" \/>\n<link rel=\"canonical\" href=\"https:\/\/www.walraven.com\/hu\/projekttamogatas\/bim\/\" \/>\n<meta property=\"og:locale\" content=\"hu_HU\" \/>\n<meta property=\"og:type\" content=\"article\" \/>\n<meta property=\"og:title\" content=\"BIM\" \/>\n<meta property=\"og:description\" content=\"Az elm\u00falt \u00e9vekben a m\u00e9rn\u00f6ki tev\u00e9kenys\u00e9g m\u00e9lyrehat\u00f3 digit\u00e1lis \u00e1talakul\u00e1son megy kereszt\u00fcl a BIM m\u00f3dszertan seg\u00edts\u00e9g\u00e9vel. L\u00e9pjen kapcsolatba a Walraven-nel \u00e9s \u00e9rdekl\u0151dj\u00f6n a BIM fel\u0151l!\" \/>\n<meta property=\"og:url\" content=\"https:\/\/www.walraven.com\/hu\/projekttamogatas\/bim\/\" \/>\n<meta property=\"og:site_name\" content=\"Walraven Magyarorsz\u00e1g\" \/>\n<meta property=\"article:publisher\" content=\"https:\/\/www.facebook.com\/walravenkft\" \/>\n<meta property=\"article:modified_time\" content=\"2023-12-21T13:05:06+00:00\" \/>\n<meta property=\"og:image\" content=\"https:\/\/www.walraven.com\/hu\/wp-content\/uploads\/sites\/22\/2019\/10\/bimobject.jpg\" \/>\n\t<meta property=\"og:image:width\" content=\"708\" \/>\n\t<meta property=\"og:image:height\" content=\"399\" \/>\n\t<meta property=\"og:image:type\" content=\"image\/jpeg\" \/>\n<meta name=\"twitter:card\" content=\"summary_large_image\" \/>\n<script type=\"application\/ld+json\" class=\"yoast-schema-graph\">{\"@context\":\"https:\\\/\\\/schema.org\",\"@graph\":[{\"@type\":\"WebPage\",\"@id\":\"https:\\\/\\\/www.walraven.com\\\/hu\\\/projekttamogatas\\\/bim\\\/\",\"url\":\"https:\\\/\\\/www.walraven.com\\\/hu\\\/projekttamogatas\\\/bim\\\/\",\"name\":\"BIM - Walraven Magyarorsz\u00e1g\",\"isPartOf\":{\"@id\":\"https:\\\/\\\/www.walraven.com\\\/hu\\\/#website\"},\"primaryImageOfPage\":{\"@id\":\"https:\\\/\\\/www.walraven.com\\\/hu\\\/projekttamogatas\\\/bim\\\/#primaryimage\"},\"image\":{\"@id\":\"https:\\\/\\\/www.walraven.com\\\/hu\\\/projekttamogatas\\\/bim\\\/#primaryimage\"},\"thumbnailUrl\":\"https:\\\/\\\/www.walraven.com\\\/hu\\\/wp-content\\\/uploads\\\/sites\\\/22\\\/2019\\\/10\\\/bimobject.jpg\",\"datePublished\":\"2019-10-23T08:14:28+00:00\",\"dateModified\":\"2023-12-21T13:05:06+00:00\",\"description\":\"Az elm\u00falt \u00e9vekben a m\u00e9rn\u00f6ki tev\u00e9kenys\u00e9g m\u00e9lyrehat\u00f3 digit\u00e1lis \u00e1talakul\u00e1son megy kereszt\u00fcl a BIM m\u00f3dszertan seg\u00edts\u00e9g\u00e9vel. L\u00e9pjen kapcsolatba a Walraven-nel \u00e9s \u00e9rdekl\u0151dj\u00f6n a BIM fel\u0151l!\",\"breadcrumb\":{\"@id\":\"https:\\\/\\\/www.walraven.com\\\/hu\\\/projekttamogatas\\\/bim\\\/#breadcrumb\"},\"inLanguage\":\"hu\",\"potentialAction\":[{\"@type\":\"ReadAction\",\"target\":[\"https:\\\/\\\/www.walraven.com\\\/hu\\\/projekttamogatas\\\/bim\\\/\"]}]},{\"@type\":\"ImageObject\",\"inLanguage\":\"hu\",\"@id\":\"https:\\\/\\\/www.walraven.com\\\/hu\\\/projekttamogatas\\\/bim\\\/#primaryimage\",\"url\":\"https:\\\/\\\/www.walraven.com\\\/hu\\\/wp-content\\\/uploads\\\/sites\\\/22\\\/2019\\\/10\\\/bimobject.jpg\",\"contentUrl\":\"https:\\\/\\\/www.walraven.com\\\/hu\\\/wp-content\\\/uploads\\\/sites\\\/22\\\/2019\\\/10\\\/bimobject.jpg\",\"width\":708,\"height\":399},{\"@type\":\"BreadcrumbList\",\"@id\":\"https:\\\/\\\/www.walraven.com\\\/hu\\\/projekttamogatas\\\/bim\\\/#breadcrumb\",\"itemListElement\":[{\"@type\":\"ListItem\",\"position\":1,\"name\":\"Nyit\u00f3oldal\",\"item\":\"https:\\\/\\\/www.walraven.com\\\/hu\\\/\"},{\"@type\":\"ListItem\",\"position\":2,\"name\":\"Projektt\u00e1mogat\u00e1s\",\"item\":\"https:\\\/\\\/www.walraven.com\\\/hu\\\/projekttamogatas\\\/\"},{\"@type\":\"ListItem\",\"position\":3,\"name\":\"BIM\"}]},{\"@type\":\"WebSite\",\"@id\":\"https:\\\/\\\/www.walraven.com\\\/hu\\\/#website\",\"url\":\"https:\\\/\\\/www.walraven.com\\\/hu\\\/\",\"name\":\"Walraven Magyarorsz\u00e1g\",\"description\":\"\",\"publisher\":{\"@id\":\"https:\\\/\\\/www.walraven.com\\\/hu\\\/#organization\"},\"potentialAction\":[{\"@type\":\"SearchAction\",\"target\":{\"@type\":\"EntryPoint\",\"urlTemplate\":\"https:\\\/\\\/www.walraven.com\\\/hu\\\/?s={search_term_string}\"},\"query-input\":{\"@type\":\"PropertyValueSpecification\",\"valueRequired\":true,\"valueName\":\"search_term_string\"}}],\"inLanguage\":\"hu\"},{\"@type\":\"Organization\",\"@id\":\"https:\\\/\\\/www.walraven.com\\\/hu\\\/#organization\",\"name\":\"Walraven Kft.\",\"alternateName\":\"Walraven Kft.\",\"url\":\"https:\\\/\\\/www.walraven.com\\\/hu\\\/\",\"logo\":{\"@type\":\"ImageObject\",\"inLanguage\":\"hu\",\"@id\":\"https:\\\/\\\/www.walraven.com\\\/hu\\\/#\\\/schema\\\/logo\\\/image\\\/\",\"url\":\"https:\\\/\\\/www.walraven.com\\\/hu\\\/wp-content\\\/uploads\\\/sites\\\/22\\\/2023\\\/12\\\/Walraven_logo300x300.jpg\",\"contentUrl\":\"https:\\\/\\\/www.walraven.com\\\/hu\\\/wp-content\\\/uploads\\\/sites\\\/22\\\/2023\\\/12\\\/Walraven_logo300x300.jpg\",\"width\":300,\"height\":300,\"caption\":\"Walraven Kft.\"},\"image\":{\"@id\":\"https:\\\/\\\/www.walraven.com\\\/hu\\\/#\\\/schema\\\/logo\\\/image\\\/\"},\"sameAs\":[\"https:\\\/\\\/www.facebook.com\\\/walravenkft\",\"https:\\\/\\\/www.youtube.com\\\/channel\\\/UCAYB3Nqnqm5dofzMcQtFyvg\",\"https:\\\/\\\/www.linkedin.com\\\/company\\\/walraven-hu\\\/\"]}]}<\/script>\n<!-- \/ Yoast SEO Premium plugin. -->","yoast_head_json":{"title":"BIM - Walraven Magyarorsz\u00e1g","description":"Az elm\u00falt \u00e9vekben a m\u00e9rn\u00f6ki tev\u00e9kenys\u00e9g m\u00e9lyrehat\u00f3 digit\u00e1lis \u00e1talakul\u00e1son megy kereszt\u00fcl a BIM m\u00f3dszertan seg\u00edts\u00e9g\u00e9vel. L\u00e9pjen kapcsolatba a Walraven-nel \u00e9s \u00e9rdekl\u0151dj\u00f6n a BIM fel\u0151l!","robots":{"index":"index","follow":"follow","max-snippet":"max-snippet:-1","max-image-preview":"max-image-preview:large","max-video-preview":"max-video-preview:-1"},"canonical":"https:\/\/www.walraven.com\/hu\/projekttamogatas\/bim\/","og_locale":"hu_HU","og_type":"article","og_title":"BIM","og_description":"Az elm\u00falt \u00e9vekben a m\u00e9rn\u00f6ki tev\u00e9kenys\u00e9g m\u00e9lyrehat\u00f3 digit\u00e1lis \u00e1talakul\u00e1son megy kereszt\u00fcl a BIM m\u00f3dszertan seg\u00edts\u00e9g\u00e9vel. L\u00e9pjen kapcsolatba a Walraven-nel \u00e9s \u00e9rdekl\u0151dj\u00f6n a BIM fel\u0151l!","og_url":"https:\/\/www.walraven.com\/hu\/projekttamogatas\/bim\/","og_site_name":"Walraven Magyarorsz\u00e1g","article_publisher":"https:\/\/www.facebook.com\/walravenkft","article_modified_time":"2023-12-21T13:05:06+00:00","og_image":[{"width":708,"height":399,"url":"https:\/\/www.walraven.com\/hu\/wp-content\/uploads\/sites\/22\/2019\/10\/bimobject.jpg","type":"image\/jpeg"}],"twitter_card":"summary_large_image","schema":{"@context":"https:\/\/schema.org","@graph":[{"@type":"WebPage","@id":"https:\/\/www.walraven.com\/hu\/projekttamogatas\/bim\/","url":"https:\/\/www.walraven.com\/hu\/projekttamogatas\/bim\/","name":"BIM - Walraven Magyarorsz\u00e1g","isPartOf":{"@id":"https:\/\/www.walraven.com\/hu\/#website"},"primaryImageOfPage":{"@id":"https:\/\/www.walraven.com\/hu\/projekttamogatas\/bim\/#primaryimage"},"image":{"@id":"https:\/\/www.walraven.com\/hu\/projekttamogatas\/bim\/#primaryimage"},"thumbnailUrl":"https:\/\/www.walraven.com\/hu\/wp-content\/uploads\/sites\/22\/2019\/10\/bimobject.jpg","datePublished":"2019-10-23T08:14:28+00:00","dateModified":"2023-12-21T13:05:06+00:00","description":"Az elm\u00falt \u00e9vekben a m\u00e9rn\u00f6ki tev\u00e9kenys\u00e9g m\u00e9lyrehat\u00f3 digit\u00e1lis \u00e1talakul\u00e1son megy kereszt\u00fcl a BIM m\u00f3dszertan seg\u00edts\u00e9g\u00e9vel. L\u00e9pjen kapcsolatba a Walraven-nel \u00e9s \u00e9rdekl\u0151dj\u00f6n a BIM fel\u0151l!","breadcrumb":{"@id":"https:\/\/www.walraven.com\/hu\/projekttamogatas\/bim\/#breadcrumb"},"inLanguage":"hu","potentialAction":[{"@type":"ReadAction","target":["https:\/\/www.walraven.com\/hu\/projekttamogatas\/bim\/"]}]},{"@type":"ImageObject","inLanguage":"hu","@id":"https:\/\/www.walraven.com\/hu\/projekttamogatas\/bim\/#primaryimage","url":"https:\/\/www.walraven.com\/hu\/wp-content\/uploads\/sites\/22\/2019\/10\/bimobject.jpg","contentUrl":"https:\/\/www.walraven.com\/hu\/wp-content\/uploads\/sites\/22\/2019\/10\/bimobject.jpg","width":708,"height":399},{"@type":"BreadcrumbList","@id":"https:\/\/www.walraven.com\/hu\/projekttamogatas\/bim\/#breadcrumb","itemListElement":[{"@type":"ListItem","position":1,"name":"Nyit\u00f3oldal","item":"https:\/\/www.walraven.com\/hu\/"},{"@type":"ListItem","position":2,"name":"Projektt\u00e1mogat\u00e1s","item":"https:\/\/www.walraven.com\/hu\/projekttamogatas\/"},{"@type":"ListItem","position":3,"name":"BIM"}]},{"@type":"WebSite","@id":"https:\/\/www.walraven.com\/hu\/#website","url":"https:\/\/www.walraven.com\/hu\/","name":"Walraven Magyarorsz\u00e1g","description":"","publisher":{"@id":"https:\/\/www.walraven.com\/hu\/#organization"},"potentialAction":[{"@type":"SearchAction","target":{"@type":"EntryPoint","urlTemplate":"https:\/\/www.walraven.com\/hu\/?s={search_term_string}"},"query-input":{"@type":"PropertyValueSpecification","valueRequired":true,"valueName":"search_term_string"}}],"inLanguage":"hu"},{"@type":"Organization","@id":"https:\/\/www.walraven.com\/hu\/#organization","name":"Walraven Kft.","alternateName":"Walraven Kft.","url":"https:\/\/www.walraven.com\/hu\/","logo":{"@type":"ImageObject","inLanguage":"hu","@id":"https:\/\/www.walraven.com\/hu\/#\/schema\/logo\/image\/","url":"https:\/\/www.walraven.com\/hu\/wp-content\/uploads\/sites\/22\/2023\/12\/Walraven_logo300x300.jpg","contentUrl":"https:\/\/www.walraven.com\/hu\/wp-content\/uploads\/sites\/22\/2023\/12\/Walraven_logo300x300.jpg","width":300,"height":300,"caption":"Walraven Kft."},"image":{"@id":"https:\/\/www.walraven.com\/hu\/#\/schema\/logo\/image\/"},"sameAs":["https:\/\/www.facebook.com\/walravenkft","https:\/\/www.youtube.com\/channel\/UCAYB3Nqnqm5dofzMcQtFyvg","https:\/\/www.linkedin.com\/company\/walraven-hu\/"]}]}},"_links":{"self":[{"href":"https:\/\/www.walraven.com\/hu\/wp-json\/wp\/v2\/pages\/26666","targetHints":{"allow":["GET"]}}],"collection":[{"href":"https:\/\/www.walraven.com\/hu\/wp-json\/wp\/v2\/pages"}],"about":[{"href":"https:\/\/www.walraven.com\/hu\/wp-json\/wp\/v2\/types\/page"}],"author":[{"embeddable":true,"href":"https:\/\/www.walraven.com\/hu\/wp-json\/wp\/v2\/users\/43"}],"replies":[{"embeddable":true,"href":"https:\/\/www.walraven.com\/hu\/wp-json\/wp\/v2\/comments?post=26666"}],"version-history":[{"count":6,"href":"https:\/\/www.walraven.com\/hu\/wp-json\/wp\/v2\/pages\/26666\/revisions"}],"predecessor-version":[{"id":28648,"href":"https:\/\/www.walraven.com\/hu\/wp-json\/wp\/v2\/pages\/26666\/revisions\/28648"}],"up":[{"embeddable":true,"href":"https:\/\/www.walraven.com\/hu\/wp-json\/wp\/v2\/pages\/26038"}],"wp:featuredmedia":[{"embeddable":true,"href":"https:\/\/www.walraven.com\/hu\/wp-json\/wp\/v2\/media\/26675"}],"wp:attachment":[{"href":"https:\/\/www.walraven.com\/hu\/wp-json\/wp\/v2\/media?parent=26666"}],"curies":[{"name":"wp","href":"https:\/\/api.w.org\/{rel}","templated":true}]}}