{"id":26738,"date":"2020-06-24T10:47:48","date_gmt":"2020-06-24T08:47:48","guid":{"rendered":"https:\/\/example.walraven.com\/?page_id=123145"},"modified":"2021-10-20T09:30:57","modified_gmt":"2021-10-20T07:30:57","slug":"meleg-es-hidegviz","status":"publish","type":"page","link":"https:\/\/www.walraven.com\/hu\/szigetelo-csorogzites\/meleg-es-hidegviz\/","title":{"rendered":"Szigetel\u0151 cs\u0151r\u00f6gz\u00edt\u00e9si megold\u00e1sok meleg \u00e9s hideg v\u00edzvezet\u00e9kekhez"},"content":{"rendered":"","protected":false},"excerpt":{"rendered":"","protected":false},"author":43,"featured_media":0,"parent":26729,"menu_order":0,"comment_status":"closed","ping_status":"closed","template":"page-templates\/tpl-landingspage.php","meta":{"_acf_changed":false,"footnotes":""},"class_list":["post-26738","page","type-page","status-publish","hentry"],"acf":[],"yoast_head":"<!-- This site is optimized with the Yoast SEO Premium plugin v27.3 (Yoast SEO v27.3) - https:\/\/yoast.com\/product\/yoast-seo-premium-wordpress\/ -->\n<title>Szigetel\u0151 cs\u0151r\u00f6gz\u00edt\u00e9si megold\u00e1sok meleg \u00e9s hideg v\u00edzvezet\u00e9kekhez - Walraven Magyarorsz\u00e1g<\/title>\n<meta name=\"description\" content=\"Fitting a hot or cold pipe with the right insulation helps to \u2705 Control pipe condensation \u2705 Prevent pipe freezing \u2705 Save energy \u2705Prevent corrosion\" \/>\n<meta name=\"robots\" content=\"index, follow, max-snippet:-1, max-image-preview:large, max-video-preview:-1\" \/>\n<link rel=\"canonical\" href=\"https:\/\/www.walraven.com\/hu\/szigetelo-csorogzites\/meleg-es-hidegviz\/\" \/>\n<meta property=\"og:locale\" content=\"hu_HU\" \/>\n<meta property=\"og:type\" content=\"article\" \/>\n<meta property=\"og:title\" content=\"Szigetel\u0151 cs\u0151r\u00f6gz\u00edt\u00e9si megold\u00e1sok meleg \u00e9s hideg v\u00edzvezet\u00e9kekhez\" \/>\n<meta property=\"og:description\" content=\"Fitting a hot or cold pipe with the right insulation helps to \u2705 Control pipe condensation \u2705 Prevent pipe freezing \u2705 Save energy \u2705Prevent corrosion\" \/>\n<meta property=\"og:url\" content=\"https:\/\/www.walraven.com\/hu\/szigetelo-csorogzites\/meleg-es-hidegviz\/\" \/>\n<meta property=\"og:site_name\" content=\"Walraven Magyarorsz\u00e1g\" \/>\n<meta property=\"article:publisher\" content=\"https:\/\/www.facebook.com\/walravenkft\" \/>\n<meta property=\"article:modified_time\" content=\"2021-10-20T07:30:57+00:00\" \/>\n<meta name=\"twitter:card\" content=\"summary_large_image\" \/>\n<script type=\"application\/ld+json\" class=\"yoast-schema-graph\">{\"@context\":\"https:\\\/\\\/schema.org\",\"@graph\":[{\"@type\":\"WebPage\",\"@id\":\"https:\\\/\\\/www.walraven.com\\\/hu\\\/szigetelo-csorogzites\\\/meleg-es-hidegviz\\\/\",\"url\":\"https:\\\/\\\/www.walraven.com\\\/hu\\\/szigetelo-csorogzites\\\/meleg-es-hidegviz\\\/\",\"name\":\"Szigetel\u0151 cs\u0151r\u00f6gz\u00edt\u00e9si megold\u00e1sok meleg \u00e9s hideg v\u00edzvezet\u00e9kekhez - Walraven Magyarorsz\u00e1g\",\"isPartOf\":{\"@id\":\"https:\\\/\\\/www.walraven.com\\\/hu\\\/#website\"},\"datePublished\":\"2020-06-24T08:47:48+00:00\",\"dateModified\":\"2021-10-20T07:30:57+00:00\",\"description\":\"Fitting a hot or cold pipe with the right insulation helps to \u2705 Control pipe condensation \u2705 Prevent pipe freezing \u2705 Save energy \u2705Prevent corrosion\",\"breadcrumb\":{\"@id\":\"https:\\\/\\\/www.walraven.com\\\/hu\\\/szigetelo-csorogzites\\\/meleg-es-hidegviz\\\/#breadcrumb\"},\"inLanguage\":\"hu\",\"potentialAction\":[{\"@type\":\"ReadAction\",\"target\":[\"https:\\\/\\\/www.walraven.com\\\/hu\\\/szigetelo-csorogzites\\\/meleg-es-hidegviz\\\/\"]}]},{\"@type\":\"BreadcrumbList\",\"@id\":\"https:\\\/\\\/www.walraven.com\\\/hu\\\/szigetelo-csorogzites\\\/meleg-es-hidegviz\\\/#breadcrumb\",\"itemListElement\":[{\"@type\":\"ListItem\",\"position\":1,\"name\":\"Nyit\u00f3oldal\",\"item\":\"https:\\\/\\\/www.walraven.com\\\/hu\\\/\"},{\"@type\":\"ListItem\",\"position\":2,\"name\":\"Sp\u00f3roljon meg id\u0151t \u00e9s energi\u00e1t a Walraven szigetel\u0151 cs\u0151r\u00f6gz\u00edt\u00e9si megold\u00e1saival!\",\"item\":\"https:\\\/\\\/www.walraven.com\\\/hu\\\/szigetelo-csorogzites\\\/\"},{\"@type\":\"ListItem\",\"position\":3,\"name\":\"Szigetel\u0151 cs\u0151r\u00f6gz\u00edt\u00e9si megold\u00e1sok meleg \u00e9s hideg v\u00edzvezet\u00e9kekhez\"}]},{\"@type\":\"WebSite\",\"@id\":\"https:\\\/\\\/www.walraven.com\\\/hu\\\/#website\",\"url\":\"https:\\\/\\\/www.walraven.com\\\/hu\\\/\",\"name\":\"Walraven Magyarorsz\u00e1g\",\"description\":\"\",\"publisher\":{\"@id\":\"https:\\\/\\\/www.walraven.com\\\/hu\\\/#organization\"},\"potentialAction\":[{\"@type\":\"SearchAction\",\"target\":{\"@type\":\"EntryPoint\",\"urlTemplate\":\"https:\\\/\\\/www.walraven.com\\\/hu\\\/?s={search_term_string}\"},\"query-input\":{\"@type\":\"PropertyValueSpecification\",\"valueRequired\":true,\"valueName\":\"search_term_string\"}}],\"inLanguage\":\"hu\"},{\"@type\":\"Organization\",\"@id\":\"https:\\\/\\\/www.walraven.com\\\/hu\\\/#organization\",\"name\":\"Walraven Kft.\",\"alternateName\":\"Walraven Kft.\",\"url\":\"https:\\\/\\\/www.walraven.com\\\/hu\\\/\",\"logo\":{\"@type\":\"ImageObject\",\"inLanguage\":\"hu\",\"@id\":\"https:\\\/\\\/www.walraven.com\\\/hu\\\/#\\\/schema\\\/logo\\\/image\\\/\",\"url\":\"https:\\\/\\\/www.walraven.com\\\/hu\\\/wp-content\\\/uploads\\\/sites\\\/22\\\/2023\\\/12\\\/Walraven_logo300x300.jpg\",\"contentUrl\":\"https:\\\/\\\/www.walraven.com\\\/hu\\\/wp-content\\\/uploads\\\/sites\\\/22\\\/2023\\\/12\\\/Walraven_logo300x300.jpg\",\"width\":300,\"height\":300,\"caption\":\"Walraven Kft.\"},\"image\":{\"@id\":\"https:\\\/\\\/www.walraven.com\\\/hu\\\/#\\\/schema\\\/logo\\\/image\\\/\"},\"sameAs\":[\"https:\\\/\\\/www.facebook.com\\\/walravenkft\",\"https:\\\/\\\/www.youtube.com\\\/channel\\\/UCAYB3Nqnqm5dofzMcQtFyvg\",\"https:\\\/\\\/www.linkedin.com\\\/company\\\/walraven-hu\\\/\"]}]}<\/script>\n<!-- \/ Yoast SEO Premium plugin. -->","yoast_head_json":{"title":"Szigetel\u0151 cs\u0151r\u00f6gz\u00edt\u00e9si megold\u00e1sok meleg \u00e9s hideg v\u00edzvezet\u00e9kekhez - Walraven Magyarorsz\u00e1g","description":"Fitting a hot or cold pipe with the right insulation helps to \u2705 Control pipe condensation \u2705 Prevent pipe freezing \u2705 Save energy \u2705Prevent corrosion","robots":{"index":"index","follow":"follow","max-snippet":"max-snippet:-1","max-image-preview":"max-image-preview:large","max-video-preview":"max-video-preview:-1"},"canonical":"https:\/\/www.walraven.com\/hu\/szigetelo-csorogzites\/meleg-es-hidegviz\/","og_locale":"hu_HU","og_type":"article","og_title":"Szigetel\u0151 cs\u0151r\u00f6gz\u00edt\u00e9si megold\u00e1sok meleg \u00e9s hideg v\u00edzvezet\u00e9kekhez","og_description":"Fitting a hot or cold pipe with the right insulation helps to \u2705 Control pipe condensation \u2705 Prevent pipe freezing \u2705 Save energy \u2705Prevent corrosion","og_url":"https:\/\/www.walraven.com\/hu\/szigetelo-csorogzites\/meleg-es-hidegviz\/","og_site_name":"Walraven Magyarorsz\u00e1g","article_publisher":"https:\/\/www.facebook.com\/walravenkft","article_modified_time":"2021-10-20T07:30:57+00:00","twitter_card":"summary_large_image","schema":{"@context":"https:\/\/schema.org","@graph":[{"@type":"WebPage","@id":"https:\/\/www.walraven.com\/hu\/szigetelo-csorogzites\/meleg-es-hidegviz\/","url":"https:\/\/www.walraven.com\/hu\/szigetelo-csorogzites\/meleg-es-hidegviz\/","name":"Szigetel\u0151 cs\u0151r\u00f6gz\u00edt\u00e9si megold\u00e1sok meleg \u00e9s hideg v\u00edzvezet\u00e9kekhez - Walraven Magyarorsz\u00e1g","isPartOf":{"@id":"https:\/\/www.walraven.com\/hu\/#website"},"datePublished":"2020-06-24T08:47:48+00:00","dateModified":"2021-10-20T07:30:57+00:00","description":"Fitting a hot or cold pipe with the right insulation helps to \u2705 Control pipe condensation \u2705 Prevent pipe freezing \u2705 Save energy \u2705Prevent corrosion","breadcrumb":{"@id":"https:\/\/www.walraven.com\/hu\/szigetelo-csorogzites\/meleg-es-hidegviz\/#breadcrumb"},"inLanguage":"hu","potentialAction":[{"@type":"ReadAction","target":["https:\/\/www.walraven.com\/hu\/szigetelo-csorogzites\/meleg-es-hidegviz\/"]}]},{"@type":"BreadcrumbList","@id":"https:\/\/www.walraven.com\/hu\/szigetelo-csorogzites\/meleg-es-hidegviz\/#breadcrumb","itemListElement":[{"@type":"ListItem","position":1,"name":"Nyit\u00f3oldal","item":"https:\/\/www.walraven.com\/hu\/"},{"@type":"ListItem","position":2,"name":"Sp\u00f3roljon meg id\u0151t \u00e9s energi\u00e1t a Walraven szigetel\u0151 cs\u0151r\u00f6gz\u00edt\u00e9si megold\u00e1saival!","item":"https:\/\/www.walraven.com\/hu\/szigetelo-csorogzites\/"},{"@type":"ListItem","position":3,"name":"Szigetel\u0151 cs\u0151r\u00f6gz\u00edt\u00e9si megold\u00e1sok meleg \u00e9s hideg v\u00edzvezet\u00e9kekhez"}]},{"@type":"WebSite","@id":"https:\/\/www.walraven.com\/hu\/#website","url":"https:\/\/www.walraven.com\/hu\/","name":"Walraven Magyarorsz\u00e1g","description":"","publisher":{"@id":"https:\/\/www.walraven.com\/hu\/#organization"},"potentialAction":[{"@type":"SearchAction","target":{"@type":"EntryPoint","urlTemplate":"https:\/\/www.walraven.com\/hu\/?s={search_term_string}"},"query-input":{"@type":"PropertyValueSpecification","valueRequired":true,"valueName":"search_term_string"}}],"inLanguage":"hu"},{"@type":"Organization","@id":"https:\/\/www.walraven.com\/hu\/#organization","name":"Walraven Kft.","alternateName":"Walraven Kft.","url":"https:\/\/www.walraven.com\/hu\/","logo":{"@type":"ImageObject","inLanguage":"hu","@id":"https:\/\/www.walraven.com\/hu\/#\/schema\/logo\/image\/","url":"https:\/\/www.walraven.com\/hu\/wp-content\/uploads\/sites\/22\/2023\/12\/Walraven_logo300x300.jpg","contentUrl":"https:\/\/www.walraven.com\/hu\/wp-content\/uploads\/sites\/22\/2023\/12\/Walraven_logo300x300.jpg","width":300,"height":300,"caption":"Walraven Kft."},"image":{"@id":"https:\/\/www.walraven.com\/hu\/#\/schema\/logo\/image\/"},"sameAs":["https:\/\/www.facebook.com\/walravenkft","https:\/\/www.youtube.com\/channel\/UCAYB3Nqnqm5dofzMcQtFyvg","https:\/\/www.linkedin.com\/company\/walraven-hu\/"]}]}},"_links":{"self":[{"href":"https:\/\/www.walraven.com\/hu\/wp-json\/wp\/v2\/pages\/26738","targetHints":{"allow":["GET"]}}],"collection":[{"href":"https:\/\/www.walraven.com\/hu\/wp-json\/wp\/v2\/pages"}],"about":[{"href":"https:\/\/www.walraven.com\/hu\/wp-json\/wp\/v2\/types\/page"}],"author":[{"embeddable":true,"href":"https:\/\/www.walraven.com\/hu\/wp-json\/wp\/v2\/users\/43"}],"replies":[{"embeddable":true,"href":"https:\/\/www.walraven.com\/hu\/wp-json\/wp\/v2\/comments?post=26738"}],"version-history":[{"count":5,"href":"https:\/\/www.walraven.com\/hu\/wp-json\/wp\/v2\/pages\/26738\/revisions"}],"predecessor-version":[{"id":27493,"href":"https:\/\/www.walraven.com\/hu\/wp-json\/wp\/v2\/pages\/26738\/revisions\/27493"}],"up":[{"embeddable":true,"href":"https:\/\/www.walraven.com\/hu\/wp-json\/wp\/v2\/pages\/26729"}],"wp:attachment":[{"href":"https:\/\/www.walraven.com\/hu\/wp-json\/wp\/v2\/media?parent=26738"}],"curies":[{"name":"wp","href":"https:\/\/api.w.org\/{rel}","templated":true}]}}