{"id":27990,"date":"2021-11-29T19:26:11","date_gmt":"2021-11-29T18:26:11","guid":{"rendered":"https:\/\/example.walraven.com\/?page_id=126799"},"modified":"2022-01-21T10:02:29","modified_gmt":"2022-01-21T09:02:29","slug":"rezgescsillapitas","status":"publish","type":"page","link":"https:\/\/www.walraven.com\/hu\/rezgescsillapitas\/","title":{"rendered":"Rezg\u00e9scsillap\u00edt\u00f3k \u00e9p\u00fcletekben tal\u00e1lhat\u00f3 berendez\u00e9sek \u00e9s rendszerek zajszigetel\u00e9s\u00e9hez"},"content":{"rendered":"","protected":false},"excerpt":{"rendered":"","protected":false},"author":43,"featured_media":0,"parent":0,"menu_order":0,"comment_status":"closed","ping_status":"closed","template":"page-templates\/tpl-landingspage.php","meta":{"_acf_changed":false,"footnotes":""},"class_list":["post-27990","page","type-page","status-publish","hentry"],"acf":[],"yoast_head":"<!-- This site is optimized with the Yoast SEO Premium plugin v27.3 (Yoast SEO v27.3) - https:\/\/yoast.com\/product\/yoast-seo-premium-wordpress\/ -->\n<title>Rezg\u00e9scsillap\u00edt\u00f3k \u00e9p\u00fcletekben tal\u00e1lhat\u00f3 berendez\u00e9sek \u00e9s rendszerek zajszigetel\u00e9s\u00e9hez - Walraven Magyarorsz\u00e1g<\/title>\n<meta name=\"description\" content=\"Mivel a felhaszn\u00e1l\u00f3k megel\u00e9gedetts\u00e9ge az \u00e9p\u00fclettulajdonosok egyik legfontosabb priorit\u00e1sa, a megfelel\u0151 rezg\u00e9sszigetel\u00e9si megold\u00e1sok ir\u00e1nti sz\u00fcks\u00e9glet \u00e9s tud\u00e1s az elm\u00falt \u00e9vekben jelent\u0151sen megn\u00f6vekedett.\" \/>\n<meta name=\"robots\" content=\"index, follow, max-snippet:-1, max-image-preview:large, max-video-preview:-1\" \/>\n<link rel=\"canonical\" href=\"https:\/\/www.walraven.com\/hu\/rezgescsillapitas\/\" \/>\n<meta property=\"og:locale\" content=\"hu_HU\" \/>\n<meta property=\"og:type\" content=\"article\" \/>\n<meta property=\"og:title\" content=\"Rezg\u00e9scsillap\u00edt\u00f3k \u00e9p\u00fcletekben tal\u00e1lhat\u00f3 berendez\u00e9sek \u00e9s rendszerek zajszigetel\u00e9s\u00e9hez\" \/>\n<meta property=\"og:description\" content=\"Mivel a felhaszn\u00e1l\u00f3k megel\u00e9gedetts\u00e9ge az \u00e9p\u00fclettulajdonosok egyik legfontosabb priorit\u00e1sa, a megfelel\u0151 rezg\u00e9sszigetel\u00e9si megold\u00e1sok ir\u00e1nti sz\u00fcks\u00e9glet \u00e9s tud\u00e1s az elm\u00falt \u00e9vekben jelent\u0151sen megn\u00f6vekedett.\" \/>\n<meta property=\"og:url\" content=\"https:\/\/www.walraven.com\/hu\/rezgescsillapitas\/\" \/>\n<meta property=\"og:site_name\" content=\"Walraven Magyarorsz\u00e1g\" \/>\n<meta property=\"article:publisher\" content=\"https:\/\/www.facebook.com\/walravenkft\" \/>\n<meta property=\"article:modified_time\" content=\"2022-01-21T09:02:29+00:00\" \/>\n<meta name=\"twitter:card\" content=\"summary_large_image\" \/>\n<script type=\"application\/ld+json\" class=\"yoast-schema-graph\">{\"@context\":\"https:\\\/\\\/schema.org\",\"@graph\":[{\"@type\":\"WebPage\",\"@id\":\"https:\\\/\\\/www.walraven.com\\\/hu\\\/rezgescsillapitas\\\/\",\"url\":\"https:\\\/\\\/www.walraven.com\\\/hu\\\/rezgescsillapitas\\\/\",\"name\":\"Rezg\u00e9scsillap\u00edt\u00f3k \u00e9p\u00fcletekben tal\u00e1lhat\u00f3 berendez\u00e9sek \u00e9s rendszerek zajszigetel\u00e9s\u00e9hez - Walraven Magyarorsz\u00e1g\",\"isPartOf\":{\"@id\":\"https:\\\/\\\/www.walraven.com\\\/hu\\\/#website\"},\"datePublished\":\"2021-11-29T18:26:11+00:00\",\"dateModified\":\"2022-01-21T09:02:29+00:00\",\"description\":\"Mivel a felhaszn\u00e1l\u00f3k megel\u00e9gedetts\u00e9ge az \u00e9p\u00fclettulajdonosok egyik legfontosabb priorit\u00e1sa, a megfelel\u0151 rezg\u00e9sszigetel\u00e9si megold\u00e1sok ir\u00e1nti sz\u00fcks\u00e9glet \u00e9s tud\u00e1s az elm\u00falt \u00e9vekben jelent\u0151sen megn\u00f6vekedett.\",\"breadcrumb\":{\"@id\":\"https:\\\/\\\/www.walraven.com\\\/hu\\\/rezgescsillapitas\\\/#breadcrumb\"},\"inLanguage\":\"hu\",\"potentialAction\":[{\"@type\":\"ReadAction\",\"target\":[\"https:\\\/\\\/www.walraven.com\\\/hu\\\/rezgescsillapitas\\\/\"]}]},{\"@type\":\"BreadcrumbList\",\"@id\":\"https:\\\/\\\/www.walraven.com\\\/hu\\\/rezgescsillapitas\\\/#breadcrumb\",\"itemListElement\":[{\"@type\":\"ListItem\",\"position\":1,\"name\":\"Nyit\u00f3oldal\",\"item\":\"https:\\\/\\\/www.walraven.com\\\/hu\\\/\"},{\"@type\":\"ListItem\",\"position\":2,\"name\":\"Rezg\u00e9scsillap\u00edt\u00f3k \u00e9p\u00fcletekben tal\u00e1lhat\u00f3 berendez\u00e9sek \u00e9s rendszerek zajszigetel\u00e9s\u00e9hez\"}]},{\"@type\":\"WebSite\",\"@id\":\"https:\\\/\\\/www.walraven.com\\\/hu\\\/#website\",\"url\":\"https:\\\/\\\/www.walraven.com\\\/hu\\\/\",\"name\":\"Walraven Magyarorsz\u00e1g\",\"description\":\"\",\"publisher\":{\"@id\":\"https:\\\/\\\/www.walraven.com\\\/hu\\\/#organization\"},\"potentialAction\":[{\"@type\":\"SearchAction\",\"target\":{\"@type\":\"EntryPoint\",\"urlTemplate\":\"https:\\\/\\\/www.walraven.com\\\/hu\\\/?s={search_term_string}\"},\"query-input\":{\"@type\":\"PropertyValueSpecification\",\"valueRequired\":true,\"valueName\":\"search_term_string\"}}],\"inLanguage\":\"hu\"},{\"@type\":\"Organization\",\"@id\":\"https:\\\/\\\/www.walraven.com\\\/hu\\\/#organization\",\"name\":\"Walraven Kft.\",\"alternateName\":\"Walraven Kft.\",\"url\":\"https:\\\/\\\/www.walraven.com\\\/hu\\\/\",\"logo\":{\"@type\":\"ImageObject\",\"inLanguage\":\"hu\",\"@id\":\"https:\\\/\\\/www.walraven.com\\\/hu\\\/#\\\/schema\\\/logo\\\/image\\\/\",\"url\":\"https:\\\/\\\/www.walraven.com\\\/hu\\\/wp-content\\\/uploads\\\/sites\\\/22\\\/2023\\\/12\\\/Walraven_logo300x300.jpg\",\"contentUrl\":\"https:\\\/\\\/www.walraven.com\\\/hu\\\/wp-content\\\/uploads\\\/sites\\\/22\\\/2023\\\/12\\\/Walraven_logo300x300.jpg\",\"width\":300,\"height\":300,\"caption\":\"Walraven Kft.\"},\"image\":{\"@id\":\"https:\\\/\\\/www.walraven.com\\\/hu\\\/#\\\/schema\\\/logo\\\/image\\\/\"},\"sameAs\":[\"https:\\\/\\\/www.facebook.com\\\/walravenkft\",\"https:\\\/\\\/www.youtube.com\\\/channel\\\/UCAYB3Nqnqm5dofzMcQtFyvg\",\"https:\\\/\\\/www.linkedin.com\\\/company\\\/walraven-hu\\\/\"]}]}<\/script>\n<!-- \/ Yoast SEO Premium plugin. -->","yoast_head_json":{"title":"Rezg\u00e9scsillap\u00edt\u00f3k \u00e9p\u00fcletekben tal\u00e1lhat\u00f3 berendez\u00e9sek \u00e9s rendszerek zajszigetel\u00e9s\u00e9hez - Walraven Magyarorsz\u00e1g","description":"Mivel a felhaszn\u00e1l\u00f3k megel\u00e9gedetts\u00e9ge az \u00e9p\u00fclettulajdonosok egyik legfontosabb priorit\u00e1sa, a megfelel\u0151 rezg\u00e9sszigetel\u00e9si megold\u00e1sok ir\u00e1nti sz\u00fcks\u00e9glet \u00e9s tud\u00e1s az elm\u00falt \u00e9vekben jelent\u0151sen megn\u00f6vekedett.","robots":{"index":"index","follow":"follow","max-snippet":"max-snippet:-1","max-image-preview":"max-image-preview:large","max-video-preview":"max-video-preview:-1"},"canonical":"https:\/\/www.walraven.com\/hu\/rezgescsillapitas\/","og_locale":"hu_HU","og_type":"article","og_title":"Rezg\u00e9scsillap\u00edt\u00f3k \u00e9p\u00fcletekben tal\u00e1lhat\u00f3 berendez\u00e9sek \u00e9s rendszerek zajszigetel\u00e9s\u00e9hez","og_description":"Mivel a felhaszn\u00e1l\u00f3k megel\u00e9gedetts\u00e9ge az \u00e9p\u00fclettulajdonosok egyik legfontosabb priorit\u00e1sa, a megfelel\u0151 rezg\u00e9sszigetel\u00e9si megold\u00e1sok ir\u00e1nti sz\u00fcks\u00e9glet \u00e9s tud\u00e1s az elm\u00falt \u00e9vekben jelent\u0151sen megn\u00f6vekedett.","og_url":"https:\/\/www.walraven.com\/hu\/rezgescsillapitas\/","og_site_name":"Walraven Magyarorsz\u00e1g","article_publisher":"https:\/\/www.facebook.com\/walravenkft","article_modified_time":"2022-01-21T09:02:29+00:00","twitter_card":"summary_large_image","schema":{"@context":"https:\/\/schema.org","@graph":[{"@type":"WebPage","@id":"https:\/\/www.walraven.com\/hu\/rezgescsillapitas\/","url":"https:\/\/www.walraven.com\/hu\/rezgescsillapitas\/","name":"Rezg\u00e9scsillap\u00edt\u00f3k \u00e9p\u00fcletekben tal\u00e1lhat\u00f3 berendez\u00e9sek \u00e9s rendszerek zajszigetel\u00e9s\u00e9hez - Walraven Magyarorsz\u00e1g","isPartOf":{"@id":"https:\/\/www.walraven.com\/hu\/#website"},"datePublished":"2021-11-29T18:26:11+00:00","dateModified":"2022-01-21T09:02:29+00:00","description":"Mivel a felhaszn\u00e1l\u00f3k megel\u00e9gedetts\u00e9ge az \u00e9p\u00fclettulajdonosok egyik legfontosabb priorit\u00e1sa, a megfelel\u0151 rezg\u00e9sszigetel\u00e9si megold\u00e1sok ir\u00e1nti sz\u00fcks\u00e9glet \u00e9s tud\u00e1s az elm\u00falt \u00e9vekben jelent\u0151sen megn\u00f6vekedett.","breadcrumb":{"@id":"https:\/\/www.walraven.com\/hu\/rezgescsillapitas\/#breadcrumb"},"inLanguage":"hu","potentialAction":[{"@type":"ReadAction","target":["https:\/\/www.walraven.com\/hu\/rezgescsillapitas\/"]}]},{"@type":"BreadcrumbList","@id":"https:\/\/www.walraven.com\/hu\/rezgescsillapitas\/#breadcrumb","itemListElement":[{"@type":"ListItem","position":1,"name":"Nyit\u00f3oldal","item":"https:\/\/www.walraven.com\/hu\/"},{"@type":"ListItem","position":2,"name":"Rezg\u00e9scsillap\u00edt\u00f3k \u00e9p\u00fcletekben tal\u00e1lhat\u00f3 berendez\u00e9sek \u00e9s rendszerek zajszigetel\u00e9s\u00e9hez"}]},{"@type":"WebSite","@id":"https:\/\/www.walraven.com\/hu\/#website","url":"https:\/\/www.walraven.com\/hu\/","name":"Walraven Magyarorsz\u00e1g","description":"","publisher":{"@id":"https:\/\/www.walraven.com\/hu\/#organization"},"potentialAction":[{"@type":"SearchAction","target":{"@type":"EntryPoint","urlTemplate":"https:\/\/www.walraven.com\/hu\/?s={search_term_string}"},"query-input":{"@type":"PropertyValueSpecification","valueRequired":true,"valueName":"search_term_string"}}],"inLanguage":"hu"},{"@type":"Organization","@id":"https:\/\/www.walraven.com\/hu\/#organization","name":"Walraven Kft.","alternateName":"Walraven Kft.","url":"https:\/\/www.walraven.com\/hu\/","logo":{"@type":"ImageObject","inLanguage":"hu","@id":"https:\/\/www.walraven.com\/hu\/#\/schema\/logo\/image\/","url":"https:\/\/www.walraven.com\/hu\/wp-content\/uploads\/sites\/22\/2023\/12\/Walraven_logo300x300.jpg","contentUrl":"https:\/\/www.walraven.com\/hu\/wp-content\/uploads\/sites\/22\/2023\/12\/Walraven_logo300x300.jpg","width":300,"height":300,"caption":"Walraven Kft."},"image":{"@id":"https:\/\/www.walraven.com\/hu\/#\/schema\/logo\/image\/"},"sameAs":["https:\/\/www.facebook.com\/walravenkft","https:\/\/www.youtube.com\/channel\/UCAYB3Nqnqm5dofzMcQtFyvg","https:\/\/www.linkedin.com\/company\/walraven-hu\/"]}]}},"_links":{"self":[{"href":"https:\/\/www.walraven.com\/hu\/wp-json\/wp\/v2\/pages\/27990","targetHints":{"allow":["GET"]}}],"collection":[{"href":"https:\/\/www.walraven.com\/hu\/wp-json\/wp\/v2\/pages"}],"about":[{"href":"https:\/\/www.walraven.com\/hu\/wp-json\/wp\/v2\/types\/page"}],"author":[{"embeddable":true,"href":"https:\/\/www.walraven.com\/hu\/wp-json\/wp\/v2\/users\/43"}],"replies":[{"embeddable":true,"href":"https:\/\/www.walraven.com\/hu\/wp-json\/wp\/v2\/comments?post=27990"}],"version-history":[{"count":6,"href":"https:\/\/www.walraven.com\/hu\/wp-json\/wp\/v2\/pages\/27990\/revisions"}],"predecessor-version":[{"id":28507,"href":"https:\/\/www.walraven.com\/hu\/wp-json\/wp\/v2\/pages\/27990\/revisions\/28507"}],"wp:attachment":[{"href":"https:\/\/www.walraven.com\/hu\/wp-json\/wp\/v2\/media?parent=27990"}],"curies":[{"name":"wp","href":"https:\/\/api.w.org\/{rel}","templated":true}]}}