{"id":27994,"date":"2021-11-26T11:15:22","date_gmt":"2021-11-26T10:15:22","guid":{"rendered":"https:\/\/example.walraven.com\/?page_id=126794"},"modified":"2024-06-06T16:54:34","modified_gmt":"2024-06-06T14:54:34","slug":"a-rezges-alapjai","status":"publish","type":"page","link":"https:\/\/www.walraven.com\/hu\/a-rezges-alapjai\/","title":{"rendered":"A rezg\u00e9s alapjai"},"content":{"rendered":"<h2>Mi a rezg\u00e9s \u00e9s mi\u00e9rt kell elker\u00fclni?<\/h2>\n<p>Ahogy egyre t\u00f6bb \u00e9p\u00fcletfelhaszn\u00e1l\u00f3t zavar a g\u00e9p\u00e9szeti berendez\u00e9sekb\u0151l sz\u00e1rmaz\u00f3 mechanikai rezg\u00e9s \u00e9s az \u00e1ltala keltett zaj, a g\u00e9p\u00e9szeti szektor sokkal figyelmesebb lett a g\u00e9p\u00e9szeti berendez\u00e9sek \u00e9s szerelv\u00e9nyek akusztikus tervez\u00e9s\u00e9re. Miel\u0151tt azonban megvizsg\u00e1ln\u00e1nk \u00e9s megosztan\u00e1nk p\u00e9ld\u00e1kat, melyek megmutatj\u00e1k, hogyan lehet megakad\u00e1lyozni a rezg\u00e9st, n\u00e9zz\u00fck meg a defin\u00edci\u00f3j\u00e1t \u00e9s mell\u00e9khat\u00e1sait!<\/p>\n<h2>Mi a rezg\u00e9s?<\/h2>\n<p>Egyszer\u0171en kifejezve, a rezg\u00e9s egy mechanikai jelens\u00e9g, ahol oszcill\u00e1ci\u00f3k fordulnak el\u0151 egy egyens\u00falyi pont k\u00f6r\u00fcl. Bizonyos esetekben ez k\u00edv\u00e1natos tud lenni, mint p\u00e9ld\u00e1ul egy git\u00e1r h\u00farj\u00e1nak rezg\u00e9se, sokszor azonban a rezg\u00e9s nem k\u00edv\u00e1natos, mert zajt gener\u00e1l, ami zavar\u00f3. Tipikus p\u00e9ld\u00e1k a nemk\u00edv\u00e1natos rezg\u00e9sre a motorok, elektromos motorok rezg\u0151mozg\u00e1sa, vagy egy\u00e9b mechanikus eszk\u00f6z\u00f6k, berendez\u00e9sek rezg\u00e9se m\u0171k\u00f6d\u00e9s k\u00f6zben.<\/p>\n<h2>A rezg\u00e9s hanghat\u00e1sai<\/h2>\n<p>A g\u00e9p\u00e9szettel \u00f6sszef\u00fcgg\u00e9sben a hangokat legt\u00f6bbsz\u00f6r a berendez\u00e9s egy darabj\u00e1b\u00f3l sz\u00e1rmaz\u00f3 rezg\u00e9s gener\u00e1lja. Mindazon\u00e1ltal n\u00e9h\u00e1ny rezg\u00e9sfajta tud olyan hanghat\u00e1sokat gener\u00e1lni, amelyeket az emberi f\u00fcl nem \u00e9szlel. Azonban azt fontos tudni, hogy <em>a nem \u00e9szlelt hanghat\u00e1sok ugyan\u00fagy hat\u00e1ssal lehetnek az \u00e9p\u00fclet felhaszn\u00e1l\u00f3inak eg\u00e9szs\u00e9g\u00e9re \u00e9s j\u00f3l\u00e9t\u00e9re<\/em>. Ez\u00e9rt a legjobb m\u00f3d a hang cs\u00f6kkent\u00e9s\u00e9re \u2013 legyen az ak\u00e1r \u00e9szlelhet\u0151, ak\u00e1r nem \u2013 az, ha korl\u00e1tozzuk a mechanikai berendez\u00e9s \u00e1ltal keltett rezg\u00e9seket.<\/p>\n<h2>Melyek a leggyakoribb rezg\u00e9sforr\u00e1sok egy \u00e9p\u00fcletben?<\/h2>\n<p>Olyan g\u00e9p\u00e9szeti berendez\u00e9sek, melyek mereven csatlakoznak egy alaphoz, falhoz vagy f\u00f6d\u00e9mhez, tov\u00e1bb\u00edtani tudj\u00e1k a rezg\u00e9st a tart\u00f3szerkezet fel\u00e9 \u00e9s jelent\u0151s, zavar\u00f3, szerkezet eredet\u0171 zajt okozhatnak. Ezen zaj messzire eljuthat \u00e9s sz\u00e9tterjedhet az eg\u00e9sz \u00e9p\u00fcletben. Ahogy a berendez\u00e9sek, \u00fagy a cs\u00f6vek, vezet\u00e9kek \u00e9s l\u00e9gcsatorn\u00e1k is tov\u00e1bb\u00edthatj\u00e1k a szerkezeti zajokat, amennyiben mereven csatlakoznak a rezg\u0151 berendez\u00e9shez.<\/p>\n<h2>Nemcsak a nemk\u00edv\u00e1natos zajr\u00f3l van sz\u00f3, hanem t\u00f6bbr\u0151l<\/h2>\n<p>A nemk\u00edv\u00e1natos zaj mellett szok\u00e1sos \u00e9s ism\u00e9tl\u0151d\u0151 rezg\u00e9s is okozhat egy\u00e9b probl\u00e9m\u00e1kat, amelyek hat\u00e1ssal lehetnek a berendez\u00e9sre, az \u00e9p\u00fcletre \u00e9s az azt haszn\u00e1l\u00f3kra. Ilyen probl\u00e9m\u00e1k lehetnek p\u00e9ld\u00e1ul:<\/p>\n<ul>\n<li>k\u00e9nyelmetlens\u00e9g<\/li>\n<li>cs\u00f6kkent biztons\u00e1g a rezg\u0151 berendez\u00e9s k\u00f6zel\u00e9ben tart\u00f3zkod\u00f3knak<\/li>\n<li>negat\u00edv hat\u00e1s az \u00e9p\u00fclet szerkezet\u00e9re<\/li>\n<li>a berendez\u00e9s karbantart\u00e1si ig\u00e9ny\u00e9nek megn\u00f6veked\u00e9se<\/li>\n<li>a berendez\u00e9s \u00e9lettartam\u00e1nak lecs\u00f6kken\u00e9se<\/li>\n<li>a berendez\u00e9s nem megfelel\u0151 m\u0171k\u00f6d\u00e9se<\/li>\n<li>szab\u00e1lyoz\u00e1si k\u00f6vetelm\u00e9nyek megszeg\u00e9se<\/li>\n<\/ul>\n<h2>Hogyan ker\u00fclhet\u0151k el a rezg\u00e9ssel kapcsolatos probl\u00e9m\u00e1k?<\/h2>\n<p>A rezg\u00e9s kik\u00fcsz\u00f6b\u00f6l\u00e9s\u00e9nek leghat\u00e9konyabb m\u00f3dja a rezg\u00e9s forr\u00e1s\u00e1nak elszigetel\u00e9se rugalmas eszk\u00f6z\u00f6kkel annak tart\u00f3szerkezet\u00e9t\u0151l, mint p\u00e9ld\u00e1ul szigetel\u0151elemek haszn\u00e1lata. Ahol lehets\u00e9ges, gondosan kiv\u00e1lasztott rezg\u00e9scsillap\u00edt\u00f3 rendszert kell elhelyezni k\u00f6zvetlen\u00fcl a tart\u00f3szerkezet \u00e9s a rezg\u00e9st kibocs\u00e1t\u00f3 berendez\u00e9s k\u00f6z\u00e9. \u00cdgy a szigetel\u0151elemek hat\u00e1sosan el tudj\u00e1k nyelni a keletkezett rezg\u00e9sek ak\u00e1r 99%-\u00e1t.<\/p>\n<h2>A megel\u0151z\u00e9s egyszer\u0171bb \u00e9s olcs\u00f3bb, mint a jav\u00edt\u00e1s!<\/h2>\n<p>Egy zaj vagy rezg\u00e9s nemk\u00edv\u00e1natos hat\u00e1sait mindig sokkal k\u00f6lts\u00e9gesebb megjav\u00edtani, mint megel\u0151zni a bajt a berendez\u00e9s beszerel\u00e9se el\u0151tt. A jav\u00edt\u00e1s k\u00f6lts\u00e9ge mag\u00e1ban foglalhatja a vizsg\u00e1latra sz\u00e1nt id\u0151t, az ut\u00f3lagos szerel\u00e9st v\u00e9gz\u0151 v\u00e1llalkoz\u00f3 k\u00f6zvetlen k\u00f6lts\u00e9geit \u00e9s az \u00e9p\u00fcletet haszn\u00e1l\u00f3k k\u00e1rt\u00e9r\u00edt\u00e9s\u00e9t. Emiatt mindig a rezg\u00e9s \u00e9s a zaj megel\u0151z\u00e9s\u00e9re kell t\u00f6rekedni, ezek korrig\u00e1l\u00e1sa helyett. A megel\u0151z\u00e9sre sz\u00e1nt extra k\u00f6lts\u00e9g (k\u00f6r\u00fclbel\u00fcl 1-2%-a a teljes g\u00e9p\u00e9szeti rendszer \u00e1r\u00e1nak) igaz\u00e1n elhanyagolhat\u00f3 a m\u00e1sodik alternat\u00edv\u00e1hoz k\u00e9pest, ami a megl\u00e9v\u0151 helyzet korrig\u00e1l\u00e1sa.<\/p>\n<h2>Tudjon meg t\u00f6bbet a Walraven rezg\u00e9scsillap\u00edt\u00e1si megold\u00e1sair\u00f3l!<\/h2>\n<p>A Walraven portf\u00f3li\u00e1j\u00e1ban <a href=\"https:\/\/www.walraven.com\/hu\/termekek\/walraven-vibratek-hr-1-gumis-fueggeszto\/\">gumi<\/a> \u00e9s f\u00e9m vibroakusztikus szigetel\u0151elemek teljesk\u00f6r\u0171 v\u00e1laszt\u00e9k\u00e1t tal\u00e1lja, melyek k\u00f6z\u00e9 rezg\u00e9sszigetel\u0151 <a href=\"https:\/\/www.walraven.com\/hu\/termekek\/walraven-vibratek-pr-t-gumiparna\/\">p\u00e1rn\u00e1k,<\/a> <a href=\"https:\/\/www.walraven.com\/hu\/termekek\/walraven-vibratek-mr-b-gumis-roegzito\/\">r\u00f6gz\u00edt\u0151k<\/a> \u00e9s <a href=\"https:\/\/www.walraven.com\/hu\/termekek\/walraven-vibratek-hs-1x-rugos-fueggeszto\/\">rug\u00f3k<\/a> tartoznak, amelyek seg\u00edts\u00e9g\u00e9vel kik\u00fcsz\u00f6b\u00f6lheti a rezg\u00e9ssel kapcsolatos probl\u00e9m\u00e1kat a g\u00e9p\u00e9szeti szerelv\u00e9nyekn\u00e9l. A szigetel\u0151elemek tov\u00e1bb\u00e1 egyszer\u0171en \u00f6ssze\u00e9p\u00edthet\u0151k egy\u00e9b tipikus <a href=\"https:\/\/www.walraven.com\/hu\/termekek\/csorogzites\/\">cs\u0151r\u00f6gz\u00edt\u00e9sekkel<\/a>, <a href=\"https:\/\/www.walraven.com\/hu\/rogzitesi-rendszerek\/bis-rapidstrut\/\">tart\u00f3szerkezetekkel,<\/a> vagy <a href=\"https:\/\/www.walraven.com\/hu\/laposteto-rendszerek\/\">tet\u0151t\u00e9ri szerelv\u00e9nyekkel<\/a>.<\/p>\n<p><a href=\"https:\/\/www.walraven.com\/hu\/termekek\/rezges-es-hangszigeteles\/\"><b>Olvasson tov\u00e1bb!<\/b><\/a><\/p>\n","protected":false},"excerpt":{"rendered":"<p>Mi a rezg\u00e9s \u00e9s mi\u00e9rt kell elker\u00fclni? Ahogy egyre t\u00f6bb \u00e9p\u00fcletfelhaszn\u00e1l\u00f3t zavar a g\u00e9p\u00e9szeti berendez\u00e9sekb\u0151l sz\u00e1rmaz\u00f3 mechanikai rezg\u00e9s \u00e9s az \u00e1ltala keltett zaj, a g\u00e9p\u00e9szeti szektor sokkal figyelmesebb lett a g\u00e9p\u00e9szeti berendez\u00e9sek \u00e9s szerelv\u00e9nyek akusztikus tervez\u00e9s\u00e9re. Miel\u0151tt azonban megvizsg\u00e1ln\u00e1nk \u00e9s megosztan\u00e1nk p\u00e9ld\u00e1kat, melyek megmutatj\u00e1k, hogyan lehet megakad\u00e1lyozni a rezg\u00e9st, n\u00e9zz\u00fck meg a defin\u00edci\u00f3j\u00e1t \u00e9s mell\u00e9khat\u00e1sait! [&hellip;]<\/p>\n","protected":false},"author":62,"featured_media":0,"parent":0,"menu_order":0,"comment_status":"closed","ping_status":"closed","template":"","meta":{"_acf_changed":false,"footnotes":""},"class_list":["post-27994","page","type-page","status-publish","hentry"],"acf":[],"yoast_head":"<!-- This site is optimized with the Yoast SEO Premium plugin v27.3 (Yoast SEO v27.3) - https:\/\/yoast.com\/product\/yoast-seo-premium-wordpress\/ -->\n<title>A rezg\u00e9s alapjai - Walraven Magyarorsz\u00e1g<\/title>\n<meta name=\"robots\" content=\"index, follow, max-snippet:-1, max-image-preview:large, max-video-preview:-1\" \/>\n<link rel=\"canonical\" href=\"https:\/\/www.walraven.com\/hu\/a-rezges-alapjai\/\" \/>\n<meta property=\"og:locale\" content=\"hu_HU\" \/>\n<meta property=\"og:type\" content=\"article\" \/>\n<meta property=\"og:title\" content=\"A rezg\u00e9s alapjai\" \/>\n<meta property=\"og:description\" content=\"Mi a rezg\u00e9s \u00e9s mi\u00e9rt kell elker\u00fclni? Ahogy egyre t\u00f6bb \u00e9p\u00fcletfelhaszn\u00e1l\u00f3t zavar a g\u00e9p\u00e9szeti berendez\u00e9sekb\u0151l sz\u00e1rmaz\u00f3 mechanikai rezg\u00e9s \u00e9s az \u00e1ltala keltett zaj, a g\u00e9p\u00e9szeti szektor sokkal figyelmesebb lett a g\u00e9p\u00e9szeti berendez\u00e9sek \u00e9s szerelv\u00e9nyek akusztikus tervez\u00e9s\u00e9re. Miel\u0151tt azonban megvizsg\u00e1ln\u00e1nk \u00e9s megosztan\u00e1nk p\u00e9ld\u00e1kat, melyek megmutatj\u00e1k, hogyan lehet megakad\u00e1lyozni a rezg\u00e9st, n\u00e9zz\u00fck meg a defin\u00edci\u00f3j\u00e1t \u00e9s mell\u00e9khat\u00e1sait! [&hellip;]\" \/>\n<meta property=\"og:url\" content=\"https:\/\/www.walraven.com\/hu\/a-rezges-alapjai\/\" \/>\n<meta property=\"og:site_name\" content=\"Walraven Magyarorsz\u00e1g\" \/>\n<meta property=\"article:publisher\" content=\"https:\/\/www.facebook.com\/walravenkft\" \/>\n<meta property=\"article:modified_time\" content=\"2024-06-06T14:54:34+00:00\" \/>\n<meta name=\"twitter:card\" content=\"summary_large_image\" \/>\n<meta name=\"twitter:label1\" content=\"Becs\u00fclt olvas\u00e1si id\u0151\" \/>\n\t<meta name=\"twitter:data1\" content=\"3 perc\" \/>\n<script type=\"application\/ld+json\" class=\"yoast-schema-graph\">{\"@context\":\"https:\\\/\\\/schema.org\",\"@graph\":[{\"@type\":\"WebPage\",\"@id\":\"https:\\\/\\\/www.walraven.com\\\/hu\\\/a-rezges-alapjai\\\/\",\"url\":\"https:\\\/\\\/www.walraven.com\\\/hu\\\/a-rezges-alapjai\\\/\",\"name\":\"A rezg\u00e9s alapjai - Walraven Magyarorsz\u00e1g\",\"isPartOf\":{\"@id\":\"https:\\\/\\\/www.walraven.com\\\/hu\\\/#website\"},\"datePublished\":\"2021-11-26T10:15:22+00:00\",\"dateModified\":\"2024-06-06T14:54:34+00:00\",\"breadcrumb\":{\"@id\":\"https:\\\/\\\/www.walraven.com\\\/hu\\\/a-rezges-alapjai\\\/#breadcrumb\"},\"inLanguage\":\"hu\",\"potentialAction\":[{\"@type\":\"ReadAction\",\"target\":[\"https:\\\/\\\/www.walraven.com\\\/hu\\\/a-rezges-alapjai\\\/\"]}]},{\"@type\":\"BreadcrumbList\",\"@id\":\"https:\\\/\\\/www.walraven.com\\\/hu\\\/a-rezges-alapjai\\\/#breadcrumb\",\"itemListElement\":[{\"@type\":\"ListItem\",\"position\":1,\"name\":\"Nyit\u00f3oldal\",\"item\":\"https:\\\/\\\/www.walraven.com\\\/hu\\\/\"},{\"@type\":\"ListItem\",\"position\":2,\"name\":\"A rezg\u00e9s alapjai\"}]},{\"@type\":\"WebSite\",\"@id\":\"https:\\\/\\\/www.walraven.com\\\/hu\\\/#website\",\"url\":\"https:\\\/\\\/www.walraven.com\\\/hu\\\/\",\"name\":\"Walraven Magyarorsz\u00e1g\",\"description\":\"\",\"publisher\":{\"@id\":\"https:\\\/\\\/www.walraven.com\\\/hu\\\/#organization\"},\"potentialAction\":[{\"@type\":\"SearchAction\",\"target\":{\"@type\":\"EntryPoint\",\"urlTemplate\":\"https:\\\/\\\/www.walraven.com\\\/hu\\\/?s={search_term_string}\"},\"query-input\":{\"@type\":\"PropertyValueSpecification\",\"valueRequired\":true,\"valueName\":\"search_term_string\"}}],\"inLanguage\":\"hu\"},{\"@type\":\"Organization\",\"@id\":\"https:\\\/\\\/www.walraven.com\\\/hu\\\/#organization\",\"name\":\"Walraven Kft.\",\"alternateName\":\"Walraven Kft.\",\"url\":\"https:\\\/\\\/www.walraven.com\\\/hu\\\/\",\"logo\":{\"@type\":\"ImageObject\",\"inLanguage\":\"hu\",\"@id\":\"https:\\\/\\\/www.walraven.com\\\/hu\\\/#\\\/schema\\\/logo\\\/image\\\/\",\"url\":\"https:\\\/\\\/www.walraven.com\\\/hu\\\/wp-content\\\/uploads\\\/sites\\\/22\\\/2023\\\/12\\\/Walraven_logo300x300.jpg\",\"contentUrl\":\"https:\\\/\\\/www.walraven.com\\\/hu\\\/wp-content\\\/uploads\\\/sites\\\/22\\\/2023\\\/12\\\/Walraven_logo300x300.jpg\",\"width\":300,\"height\":300,\"caption\":\"Walraven Kft.\"},\"image\":{\"@id\":\"https:\\\/\\\/www.walraven.com\\\/hu\\\/#\\\/schema\\\/logo\\\/image\\\/\"},\"sameAs\":[\"https:\\\/\\\/www.facebook.com\\\/walravenkft\",\"https:\\\/\\\/www.youtube.com\\\/channel\\\/UCAYB3Nqnqm5dofzMcQtFyvg\",\"https:\\\/\\\/www.linkedin.com\\\/company\\\/walraven-hu\\\/\"]}]}<\/script>\n<!-- \/ Yoast SEO Premium plugin. -->","yoast_head_json":{"title":"A rezg\u00e9s alapjai - Walraven Magyarorsz\u00e1g","robots":{"index":"index","follow":"follow","max-snippet":"max-snippet:-1","max-image-preview":"max-image-preview:large","max-video-preview":"max-video-preview:-1"},"canonical":"https:\/\/www.walraven.com\/hu\/a-rezges-alapjai\/","og_locale":"hu_HU","og_type":"article","og_title":"A rezg\u00e9s alapjai","og_description":"Mi a rezg\u00e9s \u00e9s mi\u00e9rt kell elker\u00fclni? Ahogy egyre t\u00f6bb \u00e9p\u00fcletfelhaszn\u00e1l\u00f3t zavar a g\u00e9p\u00e9szeti berendez\u00e9sekb\u0151l sz\u00e1rmaz\u00f3 mechanikai rezg\u00e9s \u00e9s az \u00e1ltala keltett zaj, a g\u00e9p\u00e9szeti szektor sokkal figyelmesebb lett a g\u00e9p\u00e9szeti berendez\u00e9sek \u00e9s szerelv\u00e9nyek akusztikus tervez\u00e9s\u00e9re. Miel\u0151tt azonban megvizsg\u00e1ln\u00e1nk \u00e9s megosztan\u00e1nk p\u00e9ld\u00e1kat, melyek megmutatj\u00e1k, hogyan lehet megakad\u00e1lyozni a rezg\u00e9st, n\u00e9zz\u00fck meg a defin\u00edci\u00f3j\u00e1t \u00e9s mell\u00e9khat\u00e1sait! [&hellip;]","og_url":"https:\/\/www.walraven.com\/hu\/a-rezges-alapjai\/","og_site_name":"Walraven Magyarorsz\u00e1g","article_publisher":"https:\/\/www.facebook.com\/walravenkft","article_modified_time":"2024-06-06T14:54:34+00:00","twitter_card":"summary_large_image","twitter_misc":{"Becs\u00fclt olvas\u00e1si id\u0151":"3 perc"},"schema":{"@context":"https:\/\/schema.org","@graph":[{"@type":"WebPage","@id":"https:\/\/www.walraven.com\/hu\/a-rezges-alapjai\/","url":"https:\/\/www.walraven.com\/hu\/a-rezges-alapjai\/","name":"A rezg\u00e9s alapjai - Walraven Magyarorsz\u00e1g","isPartOf":{"@id":"https:\/\/www.walraven.com\/hu\/#website"},"datePublished":"2021-11-26T10:15:22+00:00","dateModified":"2024-06-06T14:54:34+00:00","breadcrumb":{"@id":"https:\/\/www.walraven.com\/hu\/a-rezges-alapjai\/#breadcrumb"},"inLanguage":"hu","potentialAction":[{"@type":"ReadAction","target":["https:\/\/www.walraven.com\/hu\/a-rezges-alapjai\/"]}]},{"@type":"BreadcrumbList","@id":"https:\/\/www.walraven.com\/hu\/a-rezges-alapjai\/#breadcrumb","itemListElement":[{"@type":"ListItem","position":1,"name":"Nyit\u00f3oldal","item":"https:\/\/www.walraven.com\/hu\/"},{"@type":"ListItem","position":2,"name":"A rezg\u00e9s alapjai"}]},{"@type":"WebSite","@id":"https:\/\/www.walraven.com\/hu\/#website","url":"https:\/\/www.walraven.com\/hu\/","name":"Walraven Magyarorsz\u00e1g","description":"","publisher":{"@id":"https:\/\/www.walraven.com\/hu\/#organization"},"potentialAction":[{"@type":"SearchAction","target":{"@type":"EntryPoint","urlTemplate":"https:\/\/www.walraven.com\/hu\/?s={search_term_string}"},"query-input":{"@type":"PropertyValueSpecification","valueRequired":true,"valueName":"search_term_string"}}],"inLanguage":"hu"},{"@type":"Organization","@id":"https:\/\/www.walraven.com\/hu\/#organization","name":"Walraven Kft.","alternateName":"Walraven Kft.","url":"https:\/\/www.walraven.com\/hu\/","logo":{"@type":"ImageObject","inLanguage":"hu","@id":"https:\/\/www.walraven.com\/hu\/#\/schema\/logo\/image\/","url":"https:\/\/www.walraven.com\/hu\/wp-content\/uploads\/sites\/22\/2023\/12\/Walraven_logo300x300.jpg","contentUrl":"https:\/\/www.walraven.com\/hu\/wp-content\/uploads\/sites\/22\/2023\/12\/Walraven_logo300x300.jpg","width":300,"height":300,"caption":"Walraven Kft."},"image":{"@id":"https:\/\/www.walraven.com\/hu\/#\/schema\/logo\/image\/"},"sameAs":["https:\/\/www.facebook.com\/walravenkft","https:\/\/www.youtube.com\/channel\/UCAYB3Nqnqm5dofzMcQtFyvg","https:\/\/www.linkedin.com\/company\/walraven-hu\/"]}]}},"_links":{"self":[{"href":"https:\/\/www.walraven.com\/hu\/wp-json\/wp\/v2\/pages\/27994","targetHints":{"allow":["GET"]}}],"collection":[{"href":"https:\/\/www.walraven.com\/hu\/wp-json\/wp\/v2\/pages"}],"about":[{"href":"https:\/\/www.walraven.com\/hu\/wp-json\/wp\/v2\/types\/page"}],"author":[{"embeddable":true,"href":"https:\/\/www.walraven.com\/hu\/wp-json\/wp\/v2\/users\/62"}],"replies":[{"embeddable":true,"href":"https:\/\/www.walraven.com\/hu\/wp-json\/wp\/v2\/comments?post=27994"}],"version-history":[{"count":6,"href":"https:\/\/www.walraven.com\/hu\/wp-json\/wp\/v2\/pages\/27994\/revisions"}],"predecessor-version":[{"id":32059,"href":"https:\/\/www.walraven.com\/hu\/wp-json\/wp\/v2\/pages\/27994\/revisions\/32059"}],"wp:attachment":[{"href":"https:\/\/www.walraven.com\/hu\/wp-json\/wp\/v2\/media?parent=27994"}],"curies":[{"name":"wp","href":"https:\/\/api.w.org\/{rel}","templated":true}]}}