{"id":28529,"date":"2022-01-27T17:42:07","date_gmt":"2022-01-27T16:42:07","guid":{"rendered":"https:\/\/www.walraven.com\/int\/?page_id=56911"},"modified":"2023-11-13T15:25:11","modified_gmt":"2023-11-13T14:25:11","slug":"az-uj-tovabbfejlesztett-maxx","status":"publish","type":"page","link":"https:\/\/www.walraven.com\/hu\/az-uj-tovabbfejlesztett-maxx\/","title":{"rendered":"Az \u00faj tov\u00e1bbfejlesztett Walraven Maxx"},"content":{"rendered":"","protected":false},"excerpt":{"rendered":"<p>A profilok k\u00fcl\u00f6nb\u00f6z\u0151 m\u00e9retekben \u00e9rhet\u0151k el \u00e9s z\u00e1rt szelv\u00e9nnyel k\u00e9sz\u00fclnek, melyek er\u0151sek, megb\u00edzhat\u00f3ak \u00e9s biztons\u00e1gos megold\u00e1st k\u00edn\u00e1lnak. A rendszerhez sz\u00e1mos kieg\u00e9sz\u00edt\u0151 tartozik az egyszer\u0171 helysz\u00edni szerelhet\u0151s\u00e9g\u00e9rt. A Maxx kompatibilis a k\u00f6zepes terhekhez haszn\u00e1latos RapidStrut\u00ae s\u00ednrendszer legt\u00f6bb komponens\u00e9vel, hogy kisebb cs\u0151vezet\u00e9keket is lehessen hat\u00e9konyan szerelni ugyanazon rendszer r\u00e9szek\u00e9nt.<\/p>\n","protected":false},"author":62,"featured_media":28532,"parent":0,"menu_order":0,"comment_status":"closed","ping_status":"closed","template":"page-templates\/tpl-landingspage.php","meta":{"_acf_changed":false,"footnotes":""},"class_list":["post-28529","page","type-page","status-publish","has-post-thumbnail","hentry"],"acf":[],"yoast_head":"<!-- This site is optimized with the Yoast SEO Premium plugin v27.3 (Yoast SEO v27.3) - https:\/\/yoast.com\/product\/yoast-seo-premium-wordpress\/ -->\n<title>Az \u00faj tov\u00e1bbfejlesztett Walraven Maxx - Walraven Magyarorsz\u00e1g<\/title>\n<meta name=\"description\" content=\"A Walraven Maxx egy modul\u00e1ris ac\u00e9lszerkezet tart\u00f3rendszer nagy teherb\u00edr\u00e1s\u00fa teherhord\u00f3 keretek \u00e9p\u00edt\u00e9s\u00e9hez. \u2705 Gyorsan felszerelhet\u0151 \u00e9s k\u00f6nnyen kezelhet\u0151\" \/>\n<meta name=\"robots\" content=\"index, follow, max-snippet:-1, max-image-preview:large, max-video-preview:-1\" \/>\n<link rel=\"canonical\" href=\"https:\/\/www.walraven.com\/hu\/az-uj-tovabbfejlesztett-maxx\/\" \/>\n<meta property=\"og:locale\" content=\"hu_HU\" \/>\n<meta property=\"og:type\" content=\"article\" \/>\n<meta property=\"og:title\" content=\"Az \u00faj tov\u00e1bbfejlesztett Walraven Maxx\" \/>\n<meta property=\"og:description\" content=\"A Walraven Maxx egy modul\u00e1ris ac\u00e9lszerkezet tart\u00f3rendszer nagy teherb\u00edr\u00e1s\u00fa teherhord\u00f3 keretek \u00e9p\u00edt\u00e9s\u00e9hez. \u2705 Gyorsan felszerelhet\u0151 \u00e9s k\u00f6nnyen kezelhet\u0151\" \/>\n<meta property=\"og:url\" content=\"https:\/\/www.walraven.com\/hu\/az-uj-tovabbfejlesztett-maxx\/\" \/>\n<meta property=\"og:site_name\" content=\"Walraven Magyarorsz\u00e1g\" \/>\n<meta property=\"article:publisher\" content=\"https:\/\/www.facebook.com\/walravenkft\" \/>\n<meta property=\"article:modified_time\" content=\"2023-11-13T14:25:11+00:00\" \/>\n<meta property=\"og:image\" content=\"https:\/\/www.walraven.com\/hu\/wp-content\/uploads\/sites\/22\/2022\/01\/Maxx_Image33_600x400px.jpg\" \/>\n\t<meta property=\"og:image:width\" content=\"600\" \/>\n\t<meta property=\"og:image:height\" content=\"400\" \/>\n\t<meta property=\"og:image:type\" content=\"image\/jpeg\" \/>\n<meta name=\"twitter:card\" content=\"summary_large_image\" \/>\n<script type=\"application\/ld+json\" class=\"yoast-schema-graph\">{\"@context\":\"https:\\\/\\\/schema.org\",\"@graph\":[{\"@type\":\"WebPage\",\"@id\":\"https:\\\/\\\/www.walraven.com\\\/hu\\\/az-uj-tovabbfejlesztett-maxx\\\/\",\"url\":\"https:\\\/\\\/www.walraven.com\\\/hu\\\/az-uj-tovabbfejlesztett-maxx\\\/\",\"name\":\"Az \u00faj tov\u00e1bbfejlesztett Walraven Maxx - Walraven Magyarorsz\u00e1g\",\"isPartOf\":{\"@id\":\"https:\\\/\\\/www.walraven.com\\\/hu\\\/#website\"},\"primaryImageOfPage\":{\"@id\":\"https:\\\/\\\/www.walraven.com\\\/hu\\\/az-uj-tovabbfejlesztett-maxx\\\/#primaryimage\"},\"image\":{\"@id\":\"https:\\\/\\\/www.walraven.com\\\/hu\\\/az-uj-tovabbfejlesztett-maxx\\\/#primaryimage\"},\"thumbnailUrl\":\"https:\\\/\\\/www.walraven.com\\\/hu\\\/wp-content\\\/uploads\\\/sites\\\/22\\\/2022\\\/01\\\/Maxx_Image33_600x400px.jpg\",\"datePublished\":\"2022-01-27T16:42:07+00:00\",\"dateModified\":\"2023-11-13T14:25:11+00:00\",\"description\":\"A Walraven Maxx egy modul\u00e1ris ac\u00e9lszerkezet tart\u00f3rendszer nagy teherb\u00edr\u00e1s\u00fa teherhord\u00f3 keretek \u00e9p\u00edt\u00e9s\u00e9hez. \u2705 Gyorsan felszerelhet\u0151 \u00e9s k\u00f6nnyen kezelhet\u0151\",\"breadcrumb\":{\"@id\":\"https:\\\/\\\/www.walraven.com\\\/hu\\\/az-uj-tovabbfejlesztett-maxx\\\/#breadcrumb\"},\"inLanguage\":\"hu\",\"potentialAction\":[{\"@type\":\"ReadAction\",\"target\":[\"https:\\\/\\\/www.walraven.com\\\/hu\\\/az-uj-tovabbfejlesztett-maxx\\\/\"]}]},{\"@type\":\"ImageObject\",\"inLanguage\":\"hu\",\"@id\":\"https:\\\/\\\/www.walraven.com\\\/hu\\\/az-uj-tovabbfejlesztett-maxx\\\/#primaryimage\",\"url\":\"https:\\\/\\\/www.walraven.com\\\/hu\\\/wp-content\\\/uploads\\\/sites\\\/22\\\/2022\\\/01\\\/Maxx_Image33_600x400px.jpg\",\"contentUrl\":\"https:\\\/\\\/www.walraven.com\\\/hu\\\/wp-content\\\/uploads\\\/sites\\\/22\\\/2022\\\/01\\\/Maxx_Image33_600x400px.jpg\",\"width\":600,\"height\":400,\"caption\":\"The new improved Maxx\"},{\"@type\":\"BreadcrumbList\",\"@id\":\"https:\\\/\\\/www.walraven.com\\\/hu\\\/az-uj-tovabbfejlesztett-maxx\\\/#breadcrumb\",\"itemListElement\":[{\"@type\":\"ListItem\",\"position\":1,\"name\":\"Nyit\u00f3oldal\",\"item\":\"https:\\\/\\\/www.walraven.com\\\/hu\\\/\"},{\"@type\":\"ListItem\",\"position\":2,\"name\":\"Az \u00faj tov\u00e1bbfejlesztett Walraven Maxx\"}]},{\"@type\":\"WebSite\",\"@id\":\"https:\\\/\\\/www.walraven.com\\\/hu\\\/#website\",\"url\":\"https:\\\/\\\/www.walraven.com\\\/hu\\\/\",\"name\":\"Walraven Magyarorsz\u00e1g\",\"description\":\"\",\"publisher\":{\"@id\":\"https:\\\/\\\/www.walraven.com\\\/hu\\\/#organization\"},\"potentialAction\":[{\"@type\":\"SearchAction\",\"target\":{\"@type\":\"EntryPoint\",\"urlTemplate\":\"https:\\\/\\\/www.walraven.com\\\/hu\\\/?s={search_term_string}\"},\"query-input\":{\"@type\":\"PropertyValueSpecification\",\"valueRequired\":true,\"valueName\":\"search_term_string\"}}],\"inLanguage\":\"hu\"},{\"@type\":\"Organization\",\"@id\":\"https:\\\/\\\/www.walraven.com\\\/hu\\\/#organization\",\"name\":\"Walraven Kft.\",\"alternateName\":\"Walraven Kft.\",\"url\":\"https:\\\/\\\/www.walraven.com\\\/hu\\\/\",\"logo\":{\"@type\":\"ImageObject\",\"inLanguage\":\"hu\",\"@id\":\"https:\\\/\\\/www.walraven.com\\\/hu\\\/#\\\/schema\\\/logo\\\/image\\\/\",\"url\":\"https:\\\/\\\/www.walraven.com\\\/hu\\\/wp-content\\\/uploads\\\/sites\\\/22\\\/2023\\\/12\\\/Walraven_logo300x300.jpg\",\"contentUrl\":\"https:\\\/\\\/www.walraven.com\\\/hu\\\/wp-content\\\/uploads\\\/sites\\\/22\\\/2023\\\/12\\\/Walraven_logo300x300.jpg\",\"width\":300,\"height\":300,\"caption\":\"Walraven Kft.\"},\"image\":{\"@id\":\"https:\\\/\\\/www.walraven.com\\\/hu\\\/#\\\/schema\\\/logo\\\/image\\\/\"},\"sameAs\":[\"https:\\\/\\\/www.facebook.com\\\/walravenkft\",\"https:\\\/\\\/www.youtube.com\\\/channel\\\/UCAYB3Nqnqm5dofzMcQtFyvg\",\"https:\\\/\\\/www.linkedin.com\\\/company\\\/walraven-hu\\\/\"]}]}<\/script>\n<!-- \/ Yoast SEO Premium plugin. -->","yoast_head_json":{"title":"Az \u00faj tov\u00e1bbfejlesztett Walraven Maxx - Walraven Magyarorsz\u00e1g","description":"A Walraven Maxx egy modul\u00e1ris ac\u00e9lszerkezet tart\u00f3rendszer nagy teherb\u00edr\u00e1s\u00fa teherhord\u00f3 keretek \u00e9p\u00edt\u00e9s\u00e9hez. \u2705 Gyorsan felszerelhet\u0151 \u00e9s k\u00f6nnyen kezelhet\u0151","robots":{"index":"index","follow":"follow","max-snippet":"max-snippet:-1","max-image-preview":"max-image-preview:large","max-video-preview":"max-video-preview:-1"},"canonical":"https:\/\/www.walraven.com\/hu\/az-uj-tovabbfejlesztett-maxx\/","og_locale":"hu_HU","og_type":"article","og_title":"Az \u00faj tov\u00e1bbfejlesztett Walraven Maxx","og_description":"A Walraven Maxx egy modul\u00e1ris ac\u00e9lszerkezet tart\u00f3rendszer nagy teherb\u00edr\u00e1s\u00fa teherhord\u00f3 keretek \u00e9p\u00edt\u00e9s\u00e9hez. \u2705 Gyorsan felszerelhet\u0151 \u00e9s k\u00f6nnyen kezelhet\u0151","og_url":"https:\/\/www.walraven.com\/hu\/az-uj-tovabbfejlesztett-maxx\/","og_site_name":"Walraven Magyarorsz\u00e1g","article_publisher":"https:\/\/www.facebook.com\/walravenkft","article_modified_time":"2023-11-13T14:25:11+00:00","og_image":[{"width":600,"height":400,"url":"https:\/\/www.walraven.com\/hu\/wp-content\/uploads\/sites\/22\/2022\/01\/Maxx_Image33_600x400px.jpg","type":"image\/jpeg"}],"twitter_card":"summary_large_image","schema":{"@context":"https:\/\/schema.org","@graph":[{"@type":"WebPage","@id":"https:\/\/www.walraven.com\/hu\/az-uj-tovabbfejlesztett-maxx\/","url":"https:\/\/www.walraven.com\/hu\/az-uj-tovabbfejlesztett-maxx\/","name":"Az \u00faj tov\u00e1bbfejlesztett Walraven Maxx - Walraven Magyarorsz\u00e1g","isPartOf":{"@id":"https:\/\/www.walraven.com\/hu\/#website"},"primaryImageOfPage":{"@id":"https:\/\/www.walraven.com\/hu\/az-uj-tovabbfejlesztett-maxx\/#primaryimage"},"image":{"@id":"https:\/\/www.walraven.com\/hu\/az-uj-tovabbfejlesztett-maxx\/#primaryimage"},"thumbnailUrl":"https:\/\/www.walraven.com\/hu\/wp-content\/uploads\/sites\/22\/2022\/01\/Maxx_Image33_600x400px.jpg","datePublished":"2022-01-27T16:42:07+00:00","dateModified":"2023-11-13T14:25:11+00:00","description":"A Walraven Maxx egy modul\u00e1ris ac\u00e9lszerkezet tart\u00f3rendszer nagy teherb\u00edr\u00e1s\u00fa teherhord\u00f3 keretek \u00e9p\u00edt\u00e9s\u00e9hez. \u2705 Gyorsan felszerelhet\u0151 \u00e9s k\u00f6nnyen kezelhet\u0151","breadcrumb":{"@id":"https:\/\/www.walraven.com\/hu\/az-uj-tovabbfejlesztett-maxx\/#breadcrumb"},"inLanguage":"hu","potentialAction":[{"@type":"ReadAction","target":["https:\/\/www.walraven.com\/hu\/az-uj-tovabbfejlesztett-maxx\/"]}]},{"@type":"ImageObject","inLanguage":"hu","@id":"https:\/\/www.walraven.com\/hu\/az-uj-tovabbfejlesztett-maxx\/#primaryimage","url":"https:\/\/www.walraven.com\/hu\/wp-content\/uploads\/sites\/22\/2022\/01\/Maxx_Image33_600x400px.jpg","contentUrl":"https:\/\/www.walraven.com\/hu\/wp-content\/uploads\/sites\/22\/2022\/01\/Maxx_Image33_600x400px.jpg","width":600,"height":400,"caption":"The new improved Maxx"},{"@type":"BreadcrumbList","@id":"https:\/\/www.walraven.com\/hu\/az-uj-tovabbfejlesztett-maxx\/#breadcrumb","itemListElement":[{"@type":"ListItem","position":1,"name":"Nyit\u00f3oldal","item":"https:\/\/www.walraven.com\/hu\/"},{"@type":"ListItem","position":2,"name":"Az \u00faj tov\u00e1bbfejlesztett Walraven Maxx"}]},{"@type":"WebSite","@id":"https:\/\/www.walraven.com\/hu\/#website","url":"https:\/\/www.walraven.com\/hu\/","name":"Walraven Magyarorsz\u00e1g","description":"","publisher":{"@id":"https:\/\/www.walraven.com\/hu\/#organization"},"potentialAction":[{"@type":"SearchAction","target":{"@type":"EntryPoint","urlTemplate":"https:\/\/www.walraven.com\/hu\/?s={search_term_string}"},"query-input":{"@type":"PropertyValueSpecification","valueRequired":true,"valueName":"search_term_string"}}],"inLanguage":"hu"},{"@type":"Organization","@id":"https:\/\/www.walraven.com\/hu\/#organization","name":"Walraven Kft.","alternateName":"Walraven Kft.","url":"https:\/\/www.walraven.com\/hu\/","logo":{"@type":"ImageObject","inLanguage":"hu","@id":"https:\/\/www.walraven.com\/hu\/#\/schema\/logo\/image\/","url":"https:\/\/www.walraven.com\/hu\/wp-content\/uploads\/sites\/22\/2023\/12\/Walraven_logo300x300.jpg","contentUrl":"https:\/\/www.walraven.com\/hu\/wp-content\/uploads\/sites\/22\/2023\/12\/Walraven_logo300x300.jpg","width":300,"height":300,"caption":"Walraven Kft."},"image":{"@id":"https:\/\/www.walraven.com\/hu\/#\/schema\/logo\/image\/"},"sameAs":["https:\/\/www.facebook.com\/walravenkft","https:\/\/www.youtube.com\/channel\/UCAYB3Nqnqm5dofzMcQtFyvg","https:\/\/www.linkedin.com\/company\/walraven-hu\/"]}]}},"_links":{"self":[{"href":"https:\/\/www.walraven.com\/hu\/wp-json\/wp\/v2\/pages\/28529","targetHints":{"allow":["GET"]}}],"collection":[{"href":"https:\/\/www.walraven.com\/hu\/wp-json\/wp\/v2\/pages"}],"about":[{"href":"https:\/\/www.walraven.com\/hu\/wp-json\/wp\/v2\/types\/page"}],"author":[{"embeddable":true,"href":"https:\/\/www.walraven.com\/hu\/wp-json\/wp\/v2\/users\/62"}],"replies":[{"embeddable":true,"href":"https:\/\/www.walraven.com\/hu\/wp-json\/wp\/v2\/comments?post=28529"}],"version-history":[{"count":5,"href":"https:\/\/www.walraven.com\/hu\/wp-json\/wp\/v2\/pages\/28529\/revisions"}],"predecessor-version":[{"id":29533,"href":"https:\/\/www.walraven.com\/hu\/wp-json\/wp\/v2\/pages\/28529\/revisions\/29533"}],"wp:featuredmedia":[{"embeddable":true,"href":"https:\/\/www.walraven.com\/hu\/wp-json\/wp\/v2\/media\/28532"}],"wp:attachment":[{"href":"https:\/\/www.walraven.com\/hu\/wp-json\/wp\/v2\/media?parent=28529"}],"curies":[{"name":"wp","href":"https:\/\/api.w.org\/{rel}","templated":true}]}}