{"id":28967,"date":"2023-02-13T10:32:22","date_gmt":"2023-02-13T09:32:22","guid":{"rendered":"https:\/\/www.walraven.com\/int\/?page_id=58520"},"modified":"2023-06-29T15:18:40","modified_gmt":"2023-06-29T13:18:40","slug":"pacifyre-termekvalaszto","status":"publish","type":"page","link":"https:\/\/www.walraven.com\/hu\/pacifyre-termekvalaszto\/","title":{"rendered":"Walraven Pacifyre\u00ae Term\u00e9kv\u00e1laszt\u00f3"},"content":{"rendered":"<p>A Walraven Pacifyre\u00ae Term\u00e9kv\u00e1laszt\u00f3 seg\u00edts\u00e9g\u00e9vel kiv\u00e1laszthatja a megfelel\u0151 megold\u00e1st a legt\u00f6bb t\u0171zv\u00e9delemmel kapcsolatos ig\u00e9ny\u00e9re. Ha egy bizonyos megold\u00e1st nem tal\u00e1l, k\u00e9rje m\u0171szaki <a href=\"https:\/\/www.walraven.com\/hu\/kapcsolat\/\">\u00e9rt\u00e9kes\u00edt\u00e9si tan\u00e1csad\u00f3ink<\/a> seg\u00edts\u00e9g\u00e9t! A kivitelezett munk\u00e1nak mindig meg kell felelnie a helyi jogszab\u00e1lyoknak vagy el\u0151\u00edr\u00e1soknak.<\/p>\n","protected":false},"excerpt":{"rendered":"<p>A Walraven Pacifyre\u00ae Term\u00e9kv\u00e1laszt\u00f3 seg\u00edts\u00e9g\u00e9vel kiv\u00e1laszthatja a megfelel\u0151 megold\u00e1st a legt\u00f6bb t\u0171zv\u00e9delemmel kapcsolatos ig\u00e9ny\u00e9re. Ha egy bizonyos megold\u00e1st nem tal\u00e1l, k\u00e9rje m\u0171szaki \u00e9rt\u00e9kes\u00edt\u00e9si tan\u00e1csad\u00f3ink seg\u00edts\u00e9g\u00e9t! A kivitelezett munk\u00e1nak mindig meg kell felelnie a helyi jogszab\u00e1lyoknak vagy el\u0151\u00edr\u00e1soknak.<\/p>\n","protected":false},"author":43,"featured_media":0,"parent":0,"menu_order":0,"comment_status":"closed","ping_status":"closed","template":"page-templates\/tpl-productselector.php","meta":{"_acf_changed":false,"footnotes":""},"class_list":["post-28967","page","type-page","status-publish","hentry"],"acf":[],"yoast_head":"<!-- This site is optimized with the Yoast SEO Premium plugin v27.3 (Yoast SEO v27.3) - https:\/\/yoast.com\/product\/yoast-seo-premium-wordpress\/ -->\n<title>Walraven Pacifyre\u00ae Term\u00e9kv\u00e1laszt\u00f3 - Walraven Magyarorsz\u00e1g<\/title>\n<meta name=\"description\" content=\"Haszn\u00e1lja a Walraven Pacifyre\u00ae Term\u00e9kv\u00e1laszt\u00f3t, hogy kiv\u00e1laszthassa a megfelel\u0151 megold\u00e1st a legt\u00f6bb t\u0171zv\u00e9delemmel kapcsolatos ig\u00e9ny\u00e9re!\" \/>\n<meta name=\"robots\" content=\"index, follow, max-snippet:-1, max-image-preview:large, max-video-preview:-1\" \/>\n<link rel=\"canonical\" href=\"https:\/\/www.walraven.com\/hu\/pacifyre-termekvalaszto\/\" \/>\n<meta property=\"og:locale\" content=\"hu_HU\" \/>\n<meta property=\"og:type\" content=\"article\" \/>\n<meta property=\"og:title\" content=\"Walraven Pacifyre\u00ae Term\u00e9kv\u00e1laszt\u00f3\" \/>\n<meta property=\"og:description\" content=\"Haszn\u00e1lja a Walraven Pacifyre\u00ae Term\u00e9kv\u00e1laszt\u00f3t, hogy kiv\u00e1laszthassa a megfelel\u0151 megold\u00e1st a legt\u00f6bb t\u0171zv\u00e9delemmel kapcsolatos ig\u00e9ny\u00e9re!\" \/>\n<meta property=\"og:url\" content=\"https:\/\/www.walraven.com\/hu\/pacifyre-termekvalaszto\/\" \/>\n<meta property=\"og:site_name\" content=\"Walraven Magyarorsz\u00e1g\" \/>\n<meta property=\"article:publisher\" content=\"https:\/\/www.facebook.com\/walravenkft\" \/>\n<meta property=\"article:modified_time\" content=\"2023-06-29T13:18:40+00:00\" \/>\n<meta name=\"twitter:card\" content=\"summary_large_image\" \/>\n<meta name=\"twitter:label1\" content=\"Becs\u00fclt olvas\u00e1si id\u0151\" \/>\n\t<meta name=\"twitter:data1\" content=\"1 perc\" \/>\n<script type=\"application\/ld+json\" class=\"yoast-schema-graph\">{\"@context\":\"https:\\\/\\\/schema.org\",\"@graph\":[{\"@type\":\"WebPage\",\"@id\":\"https:\\\/\\\/www.walraven.com\\\/hu\\\/pacifyre-termekvalaszto\\\/\",\"url\":\"https:\\\/\\\/www.walraven.com\\\/hu\\\/pacifyre-termekvalaszto\\\/\",\"name\":\"Walraven Pacifyre\u00ae Term\u00e9kv\u00e1laszt\u00f3 - Walraven Magyarorsz\u00e1g\",\"isPartOf\":{\"@id\":\"https:\\\/\\\/www.walraven.com\\\/hu\\\/#website\"},\"datePublished\":\"2023-02-13T09:32:22+00:00\",\"dateModified\":\"2023-06-29T13:18:40+00:00\",\"description\":\"Haszn\u00e1lja a Walraven Pacifyre\u00ae Term\u00e9kv\u00e1laszt\u00f3t, hogy kiv\u00e1laszthassa a megfelel\u0151 megold\u00e1st a legt\u00f6bb t\u0171zv\u00e9delemmel kapcsolatos ig\u00e9ny\u00e9re!\",\"breadcrumb\":{\"@id\":\"https:\\\/\\\/www.walraven.com\\\/hu\\\/pacifyre-termekvalaszto\\\/#breadcrumb\"},\"inLanguage\":\"hu\",\"potentialAction\":[{\"@type\":\"ReadAction\",\"target\":[\"https:\\\/\\\/www.walraven.com\\\/hu\\\/pacifyre-termekvalaszto\\\/\"]}]},{\"@type\":\"BreadcrumbList\",\"@id\":\"https:\\\/\\\/www.walraven.com\\\/hu\\\/pacifyre-termekvalaszto\\\/#breadcrumb\",\"itemListElement\":[{\"@type\":\"ListItem\",\"position\":1,\"name\":\"Nyit\u00f3oldal\",\"item\":\"https:\\\/\\\/www.walraven.com\\\/hu\\\/\"},{\"@type\":\"ListItem\",\"position\":2,\"name\":\"Walraven Pacifyre\u00ae Term\u00e9kv\u00e1laszt\u00f3\"}]},{\"@type\":\"WebSite\",\"@id\":\"https:\\\/\\\/www.walraven.com\\\/hu\\\/#website\",\"url\":\"https:\\\/\\\/www.walraven.com\\\/hu\\\/\",\"name\":\"Walraven Magyarorsz\u00e1g\",\"description\":\"\",\"publisher\":{\"@id\":\"https:\\\/\\\/www.walraven.com\\\/hu\\\/#organization\"},\"potentialAction\":[{\"@type\":\"SearchAction\",\"target\":{\"@type\":\"EntryPoint\",\"urlTemplate\":\"https:\\\/\\\/www.walraven.com\\\/hu\\\/?s={search_term_string}\"},\"query-input\":{\"@type\":\"PropertyValueSpecification\",\"valueRequired\":true,\"valueName\":\"search_term_string\"}}],\"inLanguage\":\"hu\"},{\"@type\":\"Organization\",\"@id\":\"https:\\\/\\\/www.walraven.com\\\/hu\\\/#organization\",\"name\":\"Walraven Kft.\",\"alternateName\":\"Walraven Kft.\",\"url\":\"https:\\\/\\\/www.walraven.com\\\/hu\\\/\",\"logo\":{\"@type\":\"ImageObject\",\"inLanguage\":\"hu\",\"@id\":\"https:\\\/\\\/www.walraven.com\\\/hu\\\/#\\\/schema\\\/logo\\\/image\\\/\",\"url\":\"https:\\\/\\\/www.walraven.com\\\/hu\\\/wp-content\\\/uploads\\\/sites\\\/22\\\/2023\\\/12\\\/Walraven_logo300x300.jpg\",\"contentUrl\":\"https:\\\/\\\/www.walraven.com\\\/hu\\\/wp-content\\\/uploads\\\/sites\\\/22\\\/2023\\\/12\\\/Walraven_logo300x300.jpg\",\"width\":300,\"height\":300,\"caption\":\"Walraven Kft.\"},\"image\":{\"@id\":\"https:\\\/\\\/www.walraven.com\\\/hu\\\/#\\\/schema\\\/logo\\\/image\\\/\"},\"sameAs\":[\"https:\\\/\\\/www.facebook.com\\\/walravenkft\",\"https:\\\/\\\/www.youtube.com\\\/channel\\\/UCAYB3Nqnqm5dofzMcQtFyvg\",\"https:\\\/\\\/www.linkedin.com\\\/company\\\/walraven-hu\\\/\"]}]}<\/script>\n<!-- \/ Yoast SEO Premium plugin. -->","yoast_head_json":{"title":"Walraven Pacifyre\u00ae Term\u00e9kv\u00e1laszt\u00f3 - Walraven Magyarorsz\u00e1g","description":"Haszn\u00e1lja a Walraven Pacifyre\u00ae Term\u00e9kv\u00e1laszt\u00f3t, hogy kiv\u00e1laszthassa a megfelel\u0151 megold\u00e1st a legt\u00f6bb t\u0171zv\u00e9delemmel kapcsolatos ig\u00e9ny\u00e9re!","robots":{"index":"index","follow":"follow","max-snippet":"max-snippet:-1","max-image-preview":"max-image-preview:large","max-video-preview":"max-video-preview:-1"},"canonical":"https:\/\/www.walraven.com\/hu\/pacifyre-termekvalaszto\/","og_locale":"hu_HU","og_type":"article","og_title":"Walraven Pacifyre\u00ae Term\u00e9kv\u00e1laszt\u00f3","og_description":"Haszn\u00e1lja a Walraven Pacifyre\u00ae Term\u00e9kv\u00e1laszt\u00f3t, hogy kiv\u00e1laszthassa a megfelel\u0151 megold\u00e1st a legt\u00f6bb t\u0171zv\u00e9delemmel kapcsolatos ig\u00e9ny\u00e9re!","og_url":"https:\/\/www.walraven.com\/hu\/pacifyre-termekvalaszto\/","og_site_name":"Walraven Magyarorsz\u00e1g","article_publisher":"https:\/\/www.facebook.com\/walravenkft","article_modified_time":"2023-06-29T13:18:40+00:00","twitter_card":"summary_large_image","twitter_misc":{"Becs\u00fclt olvas\u00e1si id\u0151":"1 perc"},"schema":{"@context":"https:\/\/schema.org","@graph":[{"@type":"WebPage","@id":"https:\/\/www.walraven.com\/hu\/pacifyre-termekvalaszto\/","url":"https:\/\/www.walraven.com\/hu\/pacifyre-termekvalaszto\/","name":"Walraven Pacifyre\u00ae Term\u00e9kv\u00e1laszt\u00f3 - Walraven Magyarorsz\u00e1g","isPartOf":{"@id":"https:\/\/www.walraven.com\/hu\/#website"},"datePublished":"2023-02-13T09:32:22+00:00","dateModified":"2023-06-29T13:18:40+00:00","description":"Haszn\u00e1lja a Walraven Pacifyre\u00ae Term\u00e9kv\u00e1laszt\u00f3t, hogy kiv\u00e1laszthassa a megfelel\u0151 megold\u00e1st a legt\u00f6bb t\u0171zv\u00e9delemmel kapcsolatos ig\u00e9ny\u00e9re!","breadcrumb":{"@id":"https:\/\/www.walraven.com\/hu\/pacifyre-termekvalaszto\/#breadcrumb"},"inLanguage":"hu","potentialAction":[{"@type":"ReadAction","target":["https:\/\/www.walraven.com\/hu\/pacifyre-termekvalaszto\/"]}]},{"@type":"BreadcrumbList","@id":"https:\/\/www.walraven.com\/hu\/pacifyre-termekvalaszto\/#breadcrumb","itemListElement":[{"@type":"ListItem","position":1,"name":"Nyit\u00f3oldal","item":"https:\/\/www.walraven.com\/hu\/"},{"@type":"ListItem","position":2,"name":"Walraven Pacifyre\u00ae Term\u00e9kv\u00e1laszt\u00f3"}]},{"@type":"WebSite","@id":"https:\/\/www.walraven.com\/hu\/#website","url":"https:\/\/www.walraven.com\/hu\/","name":"Walraven Magyarorsz\u00e1g","description":"","publisher":{"@id":"https:\/\/www.walraven.com\/hu\/#organization"},"potentialAction":[{"@type":"SearchAction","target":{"@type":"EntryPoint","urlTemplate":"https:\/\/www.walraven.com\/hu\/?s={search_term_string}"},"query-input":{"@type":"PropertyValueSpecification","valueRequired":true,"valueName":"search_term_string"}}],"inLanguage":"hu"},{"@type":"Organization","@id":"https:\/\/www.walraven.com\/hu\/#organization","name":"Walraven Kft.","alternateName":"Walraven Kft.","url":"https:\/\/www.walraven.com\/hu\/","logo":{"@type":"ImageObject","inLanguage":"hu","@id":"https:\/\/www.walraven.com\/hu\/#\/schema\/logo\/image\/","url":"https:\/\/www.walraven.com\/hu\/wp-content\/uploads\/sites\/22\/2023\/12\/Walraven_logo300x300.jpg","contentUrl":"https:\/\/www.walraven.com\/hu\/wp-content\/uploads\/sites\/22\/2023\/12\/Walraven_logo300x300.jpg","width":300,"height":300,"caption":"Walraven Kft."},"image":{"@id":"https:\/\/www.walraven.com\/hu\/#\/schema\/logo\/image\/"},"sameAs":["https:\/\/www.facebook.com\/walravenkft","https:\/\/www.youtube.com\/channel\/UCAYB3Nqnqm5dofzMcQtFyvg","https:\/\/www.linkedin.com\/company\/walraven-hu\/"]}]}},"_links":{"self":[{"href":"https:\/\/www.walraven.com\/hu\/wp-json\/wp\/v2\/pages\/28967","targetHints":{"allow":["GET"]}}],"collection":[{"href":"https:\/\/www.walraven.com\/hu\/wp-json\/wp\/v2\/pages"}],"about":[{"href":"https:\/\/www.walraven.com\/hu\/wp-json\/wp\/v2\/types\/page"}],"author":[{"embeddable":true,"href":"https:\/\/www.walraven.com\/hu\/wp-json\/wp\/v2\/users\/43"}],"replies":[{"embeddable":true,"href":"https:\/\/www.walraven.com\/hu\/wp-json\/wp\/v2\/comments?post=28967"}],"version-history":[{"count":2,"href":"https:\/\/www.walraven.com\/hu\/wp-json\/wp\/v2\/pages\/28967\/revisions"}],"predecessor-version":[{"id":28984,"href":"https:\/\/www.walraven.com\/hu\/wp-json\/wp\/v2\/pages\/28967\/revisions\/28984"}],"wp:attachment":[{"href":"https:\/\/www.walraven.com\/hu\/wp-json\/wp\/v2\/media?parent=28967"}],"curies":[{"name":"wp","href":"https:\/\/api.w.org\/{rel}","templated":true}]}}