{"id":482,"date":"2016-10-19T16:25:27","date_gmt":"2016-10-19T14:25:27","guid":{"rendered":"https:\/\/example.www.walraven.com\/?page_id=7155"},"modified":"2018-08-16T16:03:49","modified_gmt":"2018-08-16T14:03:49","slug":"cookies","status":"publish","type":"page","link":"https:\/\/www.walraven.com\/hu\/cookies\/","title":{"rendered":"Cookies"},"content":{"rendered":"<h2>1. Cookie-k \u00e9s anal\u00edzisek haszn\u00e1lata<\/h2>\n<p>A <a href=\"http:\/\/www.walraven.com\">www.walraven.com<\/a>\u00a0a Walraven tulajdon\u00e1ban \u00e9s kezel\u00e9s\u00e9ben l\u00e9v\u0151 honlap. Ezen r\u00e9szben t\u00e1j\u00e9koztat\u00e1st adunk arr\u00f3l, hogy milyen cookie-kat (s\u00fctiket) haszn\u00e1lunk, \u00e9s azokat hogyan ker\u00fclheti el, vagy t\u00f6r\u00f6lheti le. Amennyiben weblapunkat haszn\u00e1lja, hozz\u00e1j\u00e1rul az al\u00e1bbiakban le\u00edrt s\u00fctik haszn\u00e1lat\u00e1hoz.<\/p>\n<h3>1.1 Mik azok a cookie-k?<\/h3>\n<p>A cookie (s\u00fcti) egy olyan l\u00e1togat\u00f3azonos\u00edt\u00f3 jelsorozat, amelyet a szolg\u00e1ltat\u00f3 a l\u00e1togat\u00f3k sz\u00e1m\u00edt\u00f3g\u00e9p\u00e9re helyez el abb\u00f3l a c\u00e9lb\u00f3l, hogy t\u00f6bbet tudhasson meg az \u00fcgyfelek inform\u00e1ci\u00f3haszn\u00e1lati szok\u00e1sair\u00f3l. Felismeri, ha visszal\u00e1togat a weblapra, ha ugyanazon sz\u00e1m\u00edt\u00f3g\u00e9pet haszn\u00e1lja, inform\u00e1ci\u00f3t ad a l\u00e1togat\u00e1s id\u0151tartam\u00e1r\u00f3l \u00e9s a tartalomr\u00f3l (id\u0151szakos s\u00fctik) vagy az ism\u00e9telt weblapl\u00e1togat\u00e1sr\u00f3l (\u00e1lland\u00f3 s\u00fctik). M\u00e1s adatcsomagok is hasonl\u00f3an m\u0171k\u00f6dnek, ez\u00e9rt azokat is a tov\u00e1bbiakban cookie vagy s\u00fcti n\u00e9ven eml\u00edtj\u00fck. Sokf\u00e9le t\u00edpus l\u00e9tezik, mi az al\u00e1bbiakat k\u00fcl\u00f6nb\u00f6ztetj\u00fck meg:<\/p>\n<ul>\n<li>Sz\u00fcks\u00e9gszer\u0171 s\u00fctik: amelyek a weblap m\u0171k\u00f6d\u00e9s\u00e9hez kellenek;<\/li>\n<li>Teljes\u00edtm\u00e9ny s\u00fctik: elemz\u00e9st v\u00e9gez a honlap l\u00e1togatotts\u00e1g\u00e1r\u00f3l, az oldalak kezel\u00e9s\u00e9r\u0151l. Az inform\u00e1ci\u00f3k seg\u00edtenek benn\u00fcnket a min\u00e9l jobb felhaszn\u00e1l\u00f3i \u00e9lm\u00e9ny el\u00e9r\u00e9s\u00e9ben;<\/li>\n<li>Funkcion\u00e1lis s\u00fctik: felismerik, amikor a honlapra visszal\u00e1togat, \u00edgy testreszabott tartalmat k\u00edn\u00e1lhatunk \u00d6nnek az el\u0151zetes inform\u00e1ci\u00f3k alapj\u00e1n, p\u00e9ld\u00e1ul orsz\u00e1g vagy tartalmi preferenci\u00e1k szerint;<\/li>\n<li>C\u00e9l s\u00fctik:\u00a0r\u00f6gz\u00edtik a megl\u00e1togatott oldalakat \u00e9s linkeket. Ezen inform\u00e1ci\u00f3k alapj\u00e1n szint\u00e9n testreszabott oldalakat k\u00edn\u00e1lhatunk az \u00e9rdekl\u0151d\u00e9si k\u00f6r\u00f6k alapj\u00e1n.<\/li>\n<\/ul>\n<p>Ez az inform\u00e1ci\u00f3s szab\u00e1lyzat a s\u00fctik fajt\u00e1ir\u00f3l is t\u00e1j\u00e9koztat\u00e1st ny\u00fajt.<\/p>\n<h3>1.2 Hogyan szab\u00e1lyozhatja vagy t\u00f6r\u00f6lheti a cookie-kat?<\/h3>\n<p>Amikor a honlapot megl\u00e1togatja, megjelenik egy figyelmeztet\u0151 \u00fczenet a s\u00fctik haszn\u00e1lat\u00e1r\u00f3l. Ahhoz is s\u00fctit kell haszn\u00e1lnunk, hogy a figyelmeztet\u0151 \u00fczenet megjelenhessen (err\u0151l a t\u00edpus\u00fa s\u00fctir\u0151l r\u00e9szletesebben a lenti t\u00e1bl\u00e1zatban olvashat). Amennyiben tov\u00e1bb haszn\u00e1lja a felhaszn\u00e1l\u00f3 az oldalt, m\u00e9g t\u00f6bb s\u00fcti ker\u00fcl telep\u00edt\u00e9sre a sz\u00e1m\u00edt\u00f3g\u00e9pre a jobb felhaszn\u00e1l\u00f3i \u00e9lm\u00e9ny biztos\u00edt\u00e1sa \u00e9rdek\u00e9ben (l\u00e1sd fenti le\u00edr\u00e1s). Amennyiben folytat\u00f3dik a b\u00f6ng\u00e9sz\u00e9s az oldalon, \u00e9s\/vagy elfogad\u00e1sra ker\u00fclt az Adatkezel\u00e9si Szab\u00e1lyzat, felhaszn\u00e1l\u00f3k\u00e9nt hozz\u00e1j\u00e1rul\u00e1s\u00e1t adta a s\u00fctik haszn\u00e1lat\u00e1hoz.<\/p>\n<p>Soha nem haszn\u00e1lunk szem\u00e9lyes adatokat gy\u0171jt\u0151 s\u00fctiket. Amennyiben m\u00e9gis korl\u00e1tozni vagy tiltani k\u00edv\u00e1nja a s\u00fctik haszn\u00e1lat\u00e1t az oldalon (vagy b\u00e1rmely m\u00e1s oldalon), az internet b\u00f6ng\u00e9sz\u0151 be\u00e1ll\u00edt\u00e1sain\u00e1l teheti meg. A \u201eS\u00fag\u00f3\u201d r\u00e9szletes t\u00e1mogat\u00e1st ny\u00fajt ehhez. Azon s\u00fctiket, amelyeket a mi oldalainkon tal\u00e1l, le\u00e1ll\u00edtani az \u201eOpting\u00a0Out\/Kikapcsol\u00e1s\u201d funkci\u00f3val lehet.<\/p>\n<p>Az al\u00e1bbi linken r\u00e9szletes inform\u00e1ci\u00f3t tal\u00e1lhat a s\u00fctik haszn\u00e1lat\u00e1val, blokkol\u00e1s\u00e1val kapcsolatosan\u00a0<a href=\"http:\/\/www.allaboutcookies.org\/\">http:\/\/www.allaboutcookies.org\/<\/a>\u00a0.\u00a0Ez az oldal nem c\u00e9g\u00fcnk \u00e1ltal kezelt oldal, \u00edgy az ott l\u00e9v\u0151 tartalom\u00e9rt felel\u0151ss\u00e9get nem tudunk v\u00e1llalni.<\/p>\n<p>Felh\u00edvjuk a figyelmet arra, hogy amennyiben visszautas\u00edtja a s\u00fctik haszn\u00e1lat\u00e1t, a weboldal bizonyos funkci\u00f3i esetlegesen nem lesznek el\u00e9rhet\u0151ek vagy nem m\u0171k\u00f6dnek megfelel\u0151en.<\/p>\n<h3>1.3 Az \u00e1ltalunk haszn\u00e1lt f\u0151bb cookie t\u00edpusok<\/h3>\n<p>Az al\u00e1bbiakban felsoroljuk a leggyakoribb t\u00edpusokat \u00e9s felhaszn\u00e1l\u00e1si ter\u00fcleteiket.<\/p>\n<table border=\"1\" cellspacing=\"5\" cellpadding=\"5\">\n<tbody>\n<tr>\n<td width=\"188\">Cookie t\u00edpusa<\/td>\n<td width=\"421\">Google analitika<\/td>\n<\/tr>\n<tr>\n<td width=\"188\">ID<\/td>\n<td width=\"421\">_ga<\/p>\n<p>_gat<\/td>\n<\/tr>\n<tr>\n<td width=\"188\">Haszn\u00e1latot t\u00e1mogat\u00f3 s\u00fctik<\/td>\n<td width=\"421\">Inform\u00e1ci\u00f3t szolg\u00e1ltat a sz\u00e1m\u00edt\u00f3g\u00e9pr\u0151l, ide \u00e9rtve az IP c\u00edmet, az oper\u00e1ci\u00f3s rendszert, a b\u00f6ng\u00e9sz\u0151 t\u00edpus\u00e1t, napl\u00f3f\u00e1jlokat gy\u0171jt, inform\u00e1ci\u00f3t szolg\u00e1ltat a l\u00e1togat\u00f3k sz\u00e1m\u00e1r\u00f3l, szok\u00e1saikr\u00f3l, a megl\u00e1togatott oldalakr\u00f3l.<\/td>\n<\/tr>\n<tr>\n<td width=\"188\">\u00c1lland\u00f3 vagy mentett s\u00fctik<\/td>\n<td width=\"421\">Amikor elhagyja az oldalt, akkor is fennmarad a g\u00e9pen ez a t\u00edpus.<\/td>\n<\/tr>\n<tr>\n<td width=\"188\">Szolg\u00e1ltat\u00f3i s\u00fctik<\/td>\n<td width=\"421\">Google<\/td>\n<\/tr>\n<tr>\n<td width=\"188\">Teljes\u00edtm\u00e9ny\/Elemz\u0151 s\u00fctik<\/td>\n<td width=\"421\">Az oldal a Google Analitycs szolg\u00e1ltat\u00e1st vagy a webes szolg\u00e1ltat\u00f3 \u00e1ltali analitik\u00e1t\u00a0haszn\u00e1lja.<br \/>\nA Google, Inc.\u202f\u202fGoogle Analitycs olyan s\u00fctiket telep\u00edt, amely seg\u00edti elemezni a webhaszn\u00e1lati szok\u00e1sokat. Nem gy\u0171jt azonos\u00edthat\u00f3 szem\u00e9lyes adatokat.<br \/>\nEzen s\u00fctik be\u00e1ll\u00edt\u00e1s\u00e1val vagy tilt\u00e1s\u00e1val kapcsolatosan az al\u00e1bbi linken tal\u00e1l b\u0151vebb t\u00e1j\u00e9koztat\u00e1st<br \/>\n<a href=\"https:\/\/tools.google.com\/dlpage\/gaoptout\">https:\/\/tools.google.com\/dlpage\/gaoptout<\/a>.<\/td>\n<\/tr>\n<\/tbody>\n<\/table>\n<h3>\u00a01.4 Harmadik f\u00e9l \u00e1ltali cookie-k<\/h3>\n<p>Felh\u00edvjuk a figyelmet arra, hogy a min\u00e9l jobb \u00e9lm\u00e9ny \u00e9rdek\u00e9ben k\u00fcls\u0151 szolg\u00e1ltat\u00f3k is haszn\u00e1lhatnak s\u00fctiket. P\u00e9ld\u00e1ul be\u00e1gyazott tartalmakat jelen\u00edt\u00fcnk meg a honlapon, pl. YouTube vide\u00f3k. Ebben az esetben a YouTube is s\u00fctiket haszn\u00e1l, hogy a vide\u00f3 lej\u00e1szhat\u00f3 legyen, s ez\u00e1ltan statisztikai c\u00e9llal adatokat gy\u0171jt. Az ilyen jelleg\u0171 s\u00fcti haszn\u00e1latot nem tudjuk befoly\u00e1solni. Ebben az esetben a szolg\u00e1ltat\u00f3 \u00e1ltal megadott relev\u00e1ns honlapon kaphat b\u0151vebb t\u00e1j\u00e9koztat\u00e1st, s itt \u00e1ll\u00edthatja be a s\u00fctihaszn\u00e1latot is.<\/p>\n<p>A YouTube Adatv\u00e9delmi szab\u00e1lyzata a k\u00f6vetkez\u0151 linken olvashat\u00f3: https:\/\/www.youtube.com\/static?template=privacy_guidelines.<\/p>\n<h3>1.5 Email k\u00f6vet\u00e9s<\/h3>\n<p>N\u00e9h\u00e1ny \u00e1ltalunk k\u00fcld\u00f6tt e-mail \u00fagynevezett pixeleket vagy inform\u00e1ci\u00f3s linkeket tartalmaz, amelyek megmutatj\u00e1k, hogy mikor ker\u00fclt az e-mail megnyit\u00e1sra \u00e9s mely linkekhez siker\u00fclt hozz\u00e1f\u00e9rni. Ezzel inform\u00e1ci\u00f3t nyerhet\u00fcnk arr\u00f3l, hogy milyen tartalom \u00e9rdekelte \u00d6nt.<\/p>\n<p>A pixelt t\u00f6r\u00f6lheti, amennyiben t\u00f6rli az e-mailt. Ha nem k\u00edv\u00e1n pixelt let\u00f6lteni a g\u00e9p\u00e9re, az e-mailt \u00fagynevezett HTML form\u00e1tumban kell k\u00e9rnie, vagy le kell iratkoznia e-mail levelez\u00e9s\u00fcnkr\u0151l. Ut\u00f3bbit \u00edr\u00e1sban k\u00e9rheti az\u00a0<a href=\"mailto:info.hu@walraven.com\">info.hu@walraven.com<\/a>\u00a0c\u00edmen.<\/p>\n<h3>1.6 V\u00e1ltoztat\u00e1sok<\/h3>\n<p>A s\u00fctik kezel\u00e9s\u00e9vel kapcsolatosan fenntartjuk a v\u00e1ltoztat\u00e1s jog\u00e1t, de mindig az \u00e9rv\u00e9nyes kezel\u00e9si szab\u00e1lyzat \u00e9rhet\u0151 el honlapunkon.\u00a0A v\u00e1ltoz\u00e1sok a k\u00f6zl\u00e9st\u0151l sz\u00e1m\u00edtott id\u0151pontt\u00f3l hat\u00e1lyosak. A felhaszn\u00e1l\u00f3 a honlapra val\u00f3 bel\u00e9p\u00e9ssel automatikusan elfogadja a m\u00f3dos\u00edtott Adatkezel\u00e9si Szab\u00e1lyzatot.<\/p>\n<h3>1.7 Kapcsolattart\u00e1s<\/h3>\n<p>Amennyiben k\u00e9rd\u00e9se vagy probl\u00e9m\u00e1ja mer\u00fclne fel a s\u00fctik haszn\u00e1lat\u00e1val vagy az adatkezel\u00e9si szab\u00e1lyzatunkkal kapcsolatosan, k\u00e9rj\u00fck, l\u00e9pjen kapcsolatba vel\u00fcnk\u00a0az\u00a0<a href=\"mailto:info.hu@walraven.com\">info.hu@walraven.com<\/a>\u00a0c\u00edmen!<\/p>\n","protected":false},"excerpt":{"rendered":"<p>1. Cookie-k \u00e9s anal\u00edzisek haszn\u00e1lata A www.walraven.com\u00a0a Walraven tulajdon\u00e1ban \u00e9s kezel\u00e9s\u00e9ben l\u00e9v\u0151 honlap. Ezen r\u00e9szben t\u00e1j\u00e9koztat\u00e1st adunk arr\u00f3l, hogy milyen cookie-kat (s\u00fctiket) haszn\u00e1lunk, \u00e9s azokat hogyan ker\u00fclheti el, vagy t\u00f6r\u00f6lheti le. Amennyiben weblapunkat haszn\u00e1lja, hozz\u00e1j\u00e1rul az al\u00e1bbiakban le\u00edrt s\u00fctik haszn\u00e1lat\u00e1hoz. 1.1 Mik azok a cookie-k? A cookie (s\u00fcti) egy olyan l\u00e1togat\u00f3azonos\u00edt\u00f3 jelsorozat, amelyet a szolg\u00e1ltat\u00f3 [&hellip;]<\/p>\n","protected":false},"author":7,"featured_media":0,"parent":0,"menu_order":0,"comment_status":"closed","ping_status":"closed","template":"","meta":{"_acf_changed":false,"footnotes":""},"class_list":["post-482","page","type-page","status-publish","hentry"],"acf":[],"yoast_head":"<!-- This site is optimized with the Yoast SEO Premium plugin v27.3 (Yoast SEO v27.3) - https:\/\/yoast.com\/product\/yoast-seo-premium-wordpress\/ -->\n<title>Cookies - Walraven Magyarorsz\u00e1g<\/title>\n<meta name=\"robots\" content=\"index, follow, max-snippet:-1, max-image-preview:large, max-video-preview:-1\" \/>\n<link rel=\"canonical\" href=\"https:\/\/www.walraven.com\/hu\/cookies\/\" \/>\n<meta property=\"og:locale\" content=\"hu_HU\" \/>\n<meta property=\"og:type\" content=\"article\" \/>\n<meta property=\"og:title\" content=\"Cookies\" \/>\n<meta property=\"og:description\" content=\"1. Cookie-k \u00e9s anal\u00edzisek haszn\u00e1lata A www.walraven.com\u00a0a Walraven tulajdon\u00e1ban \u00e9s kezel\u00e9s\u00e9ben l\u00e9v\u0151 honlap. Ezen r\u00e9szben t\u00e1j\u00e9koztat\u00e1st adunk arr\u00f3l, hogy milyen cookie-kat (s\u00fctiket) haszn\u00e1lunk, \u00e9s azokat hogyan ker\u00fclheti el, vagy t\u00f6r\u00f6lheti le. Amennyiben weblapunkat haszn\u00e1lja, hozz\u00e1j\u00e1rul az al\u00e1bbiakban le\u00edrt s\u00fctik haszn\u00e1lat\u00e1hoz. 1.1 Mik azok a cookie-k? A cookie (s\u00fcti) egy olyan l\u00e1togat\u00f3azonos\u00edt\u00f3 jelsorozat, amelyet a szolg\u00e1ltat\u00f3 [&hellip;]\" \/>\n<meta property=\"og:url\" content=\"https:\/\/www.walraven.com\/hu\/cookies\/\" \/>\n<meta property=\"og:site_name\" content=\"Walraven Magyarorsz\u00e1g\" \/>\n<meta property=\"article:publisher\" content=\"https:\/\/www.facebook.com\/walravenkft\" \/>\n<meta property=\"article:modified_time\" content=\"2018-08-16T14:03:49+00:00\" \/>\n<meta name=\"twitter:card\" content=\"summary_large_image\" \/>\n<meta name=\"twitter:label1\" content=\"Becs\u00fclt olvas\u00e1si id\u0151\" \/>\n\t<meta name=\"twitter:data1\" content=\"6 perc\" \/>\n<script type=\"application\/ld+json\" class=\"yoast-schema-graph\">{\"@context\":\"https:\\\/\\\/schema.org\",\"@graph\":[{\"@type\":\"WebPage\",\"@id\":\"https:\\\/\\\/www.walraven.com\\\/hu\\\/cookies\\\/\",\"url\":\"https:\\\/\\\/www.walraven.com\\\/hu\\\/cookies\\\/\",\"name\":\"Cookies - Walraven Magyarorsz\u00e1g\",\"isPartOf\":{\"@id\":\"https:\\\/\\\/www.walraven.com\\\/hu\\\/#website\"},\"datePublished\":\"2016-10-19T14:25:27+00:00\",\"dateModified\":\"2018-08-16T14:03:49+00:00\",\"breadcrumb\":{\"@id\":\"https:\\\/\\\/www.walraven.com\\\/hu\\\/cookies\\\/#breadcrumb\"},\"inLanguage\":\"hu\",\"potentialAction\":[{\"@type\":\"ReadAction\",\"target\":[\"https:\\\/\\\/www.walraven.com\\\/hu\\\/cookies\\\/\"]}]},{\"@type\":\"BreadcrumbList\",\"@id\":\"https:\\\/\\\/www.walraven.com\\\/hu\\\/cookies\\\/#breadcrumb\",\"itemListElement\":[{\"@type\":\"ListItem\",\"position\":1,\"name\":\"Nyit\u00f3oldal\",\"item\":\"https:\\\/\\\/www.walraven.com\\\/hu\\\/\"},{\"@type\":\"ListItem\",\"position\":2,\"name\":\"Cookies\"}]},{\"@type\":\"WebSite\",\"@id\":\"https:\\\/\\\/www.walraven.com\\\/hu\\\/#website\",\"url\":\"https:\\\/\\\/www.walraven.com\\\/hu\\\/\",\"name\":\"Walraven Magyarorsz\u00e1g\",\"description\":\"\",\"publisher\":{\"@id\":\"https:\\\/\\\/www.walraven.com\\\/hu\\\/#organization\"},\"potentialAction\":[{\"@type\":\"SearchAction\",\"target\":{\"@type\":\"EntryPoint\",\"urlTemplate\":\"https:\\\/\\\/www.walraven.com\\\/hu\\\/?s={search_term_string}\"},\"query-input\":{\"@type\":\"PropertyValueSpecification\",\"valueRequired\":true,\"valueName\":\"search_term_string\"}}],\"inLanguage\":\"hu\"},{\"@type\":\"Organization\",\"@id\":\"https:\\\/\\\/www.walraven.com\\\/hu\\\/#organization\",\"name\":\"Walraven Kft.\",\"alternateName\":\"Walraven Kft.\",\"url\":\"https:\\\/\\\/www.walraven.com\\\/hu\\\/\",\"logo\":{\"@type\":\"ImageObject\",\"inLanguage\":\"hu\",\"@id\":\"https:\\\/\\\/www.walraven.com\\\/hu\\\/#\\\/schema\\\/logo\\\/image\\\/\",\"url\":\"https:\\\/\\\/www.walraven.com\\\/hu\\\/wp-content\\\/uploads\\\/sites\\\/22\\\/2023\\\/12\\\/Walraven_logo300x300.jpg\",\"contentUrl\":\"https:\\\/\\\/www.walraven.com\\\/hu\\\/wp-content\\\/uploads\\\/sites\\\/22\\\/2023\\\/12\\\/Walraven_logo300x300.jpg\",\"width\":300,\"height\":300,\"caption\":\"Walraven Kft.\"},\"image\":{\"@id\":\"https:\\\/\\\/www.walraven.com\\\/hu\\\/#\\\/schema\\\/logo\\\/image\\\/\"},\"sameAs\":[\"https:\\\/\\\/www.facebook.com\\\/walravenkft\",\"https:\\\/\\\/www.youtube.com\\\/channel\\\/UCAYB3Nqnqm5dofzMcQtFyvg\",\"https:\\\/\\\/www.linkedin.com\\\/company\\\/walraven-hu\\\/\"]}]}<\/script>\n<!-- \/ Yoast SEO Premium plugin. -->","yoast_head_json":{"title":"Cookies - Walraven Magyarorsz\u00e1g","robots":{"index":"index","follow":"follow","max-snippet":"max-snippet:-1","max-image-preview":"max-image-preview:large","max-video-preview":"max-video-preview:-1"},"canonical":"https:\/\/www.walraven.com\/hu\/cookies\/","og_locale":"hu_HU","og_type":"article","og_title":"Cookies","og_description":"1. Cookie-k \u00e9s anal\u00edzisek haszn\u00e1lata A www.walraven.com\u00a0a Walraven tulajdon\u00e1ban \u00e9s kezel\u00e9s\u00e9ben l\u00e9v\u0151 honlap. Ezen r\u00e9szben t\u00e1j\u00e9koztat\u00e1st adunk arr\u00f3l, hogy milyen cookie-kat (s\u00fctiket) haszn\u00e1lunk, \u00e9s azokat hogyan ker\u00fclheti el, vagy t\u00f6r\u00f6lheti le. Amennyiben weblapunkat haszn\u00e1lja, hozz\u00e1j\u00e1rul az al\u00e1bbiakban le\u00edrt s\u00fctik haszn\u00e1lat\u00e1hoz. 1.1 Mik azok a cookie-k? A cookie (s\u00fcti) egy olyan l\u00e1togat\u00f3azonos\u00edt\u00f3 jelsorozat, amelyet a szolg\u00e1ltat\u00f3 [&hellip;]","og_url":"https:\/\/www.walraven.com\/hu\/cookies\/","og_site_name":"Walraven Magyarorsz\u00e1g","article_publisher":"https:\/\/www.facebook.com\/walravenkft","article_modified_time":"2018-08-16T14:03:49+00:00","twitter_card":"summary_large_image","twitter_misc":{"Becs\u00fclt olvas\u00e1si id\u0151":"6 perc"},"schema":{"@context":"https:\/\/schema.org","@graph":[{"@type":"WebPage","@id":"https:\/\/www.walraven.com\/hu\/cookies\/","url":"https:\/\/www.walraven.com\/hu\/cookies\/","name":"Cookies - Walraven Magyarorsz\u00e1g","isPartOf":{"@id":"https:\/\/www.walraven.com\/hu\/#website"},"datePublished":"2016-10-19T14:25:27+00:00","dateModified":"2018-08-16T14:03:49+00:00","breadcrumb":{"@id":"https:\/\/www.walraven.com\/hu\/cookies\/#breadcrumb"},"inLanguage":"hu","potentialAction":[{"@type":"ReadAction","target":["https:\/\/www.walraven.com\/hu\/cookies\/"]}]},{"@type":"BreadcrumbList","@id":"https:\/\/www.walraven.com\/hu\/cookies\/#breadcrumb","itemListElement":[{"@type":"ListItem","position":1,"name":"Nyit\u00f3oldal","item":"https:\/\/www.walraven.com\/hu\/"},{"@type":"ListItem","position":2,"name":"Cookies"}]},{"@type":"WebSite","@id":"https:\/\/www.walraven.com\/hu\/#website","url":"https:\/\/www.walraven.com\/hu\/","name":"Walraven Magyarorsz\u00e1g","description":"","publisher":{"@id":"https:\/\/www.walraven.com\/hu\/#organization"},"potentialAction":[{"@type":"SearchAction","target":{"@type":"EntryPoint","urlTemplate":"https:\/\/www.walraven.com\/hu\/?s={search_term_string}"},"query-input":{"@type":"PropertyValueSpecification","valueRequired":true,"valueName":"search_term_string"}}],"inLanguage":"hu"},{"@type":"Organization","@id":"https:\/\/www.walraven.com\/hu\/#organization","name":"Walraven Kft.","alternateName":"Walraven Kft.","url":"https:\/\/www.walraven.com\/hu\/","logo":{"@type":"ImageObject","inLanguage":"hu","@id":"https:\/\/www.walraven.com\/hu\/#\/schema\/logo\/image\/","url":"https:\/\/www.walraven.com\/hu\/wp-content\/uploads\/sites\/22\/2023\/12\/Walraven_logo300x300.jpg","contentUrl":"https:\/\/www.walraven.com\/hu\/wp-content\/uploads\/sites\/22\/2023\/12\/Walraven_logo300x300.jpg","width":300,"height":300,"caption":"Walraven Kft."},"image":{"@id":"https:\/\/www.walraven.com\/hu\/#\/schema\/logo\/image\/"},"sameAs":["https:\/\/www.facebook.com\/walravenkft","https:\/\/www.youtube.com\/channel\/UCAYB3Nqnqm5dofzMcQtFyvg","https:\/\/www.linkedin.com\/company\/walraven-hu\/"]}]}},"_links":{"self":[{"href":"https:\/\/www.walraven.com\/hu\/wp-json\/wp\/v2\/pages\/482","targetHints":{"allow":["GET"]}}],"collection":[{"href":"https:\/\/www.walraven.com\/hu\/wp-json\/wp\/v2\/pages"}],"about":[{"href":"https:\/\/www.walraven.com\/hu\/wp-json\/wp\/v2\/types\/page"}],"author":[{"embeddable":true,"href":"https:\/\/www.walraven.com\/hu\/wp-json\/wp\/v2\/users\/7"}],"replies":[{"embeddable":true,"href":"https:\/\/www.walraven.com\/hu\/wp-json\/wp\/v2\/comments?post=482"}],"version-history":[{"count":6,"href":"https:\/\/www.walraven.com\/hu\/wp-json\/wp\/v2\/pages\/482\/revisions"}],"predecessor-version":[{"id":25218,"href":"https:\/\/www.walraven.com\/hu\/wp-json\/wp\/v2\/pages\/482\/revisions\/25218"}],"wp:attachment":[{"href":"https:\/\/www.walraven.com\/hu\/wp-json\/wp\/v2\/media?parent=482"}],"curies":[{"name":"wp","href":"https:\/\/api.w.org\/{rel}","templated":true}]}}