{"id":483,"date":"2016-10-19T16:22:27","date_gmt":"2016-10-19T14:22:27","guid":{"rendered":"https:\/\/example.walraven.com\/?page_id=7147"},"modified":"2016-11-07T13:28:06","modified_gmt":"2016-11-07T12:28:06","slug":"jognyilatkozat","status":"publish","type":"page","link":"https:\/\/www.walraven.com\/hu\/jognyilatkozat\/","title":{"rendered":"Jognyilatkozat"},"content":{"rendered":"<p>B\u00e1r nagy gondot ford\u00edtunk az ezen a weblapon k\u00f6z\u00f6lt inform\u00e1ci\u00f3k \u00f6ssze\u00e1ll\u00edt\u00e1s\u00e1ra, ennek ellen\u00e9re el\u0151fordulhatnak pontatlans\u00e1gok, ill. hi\u00e1nyoss\u00e1gok.<\/p>\n<p>Nem v\u00e1llalunk felel\u0151ss\u00e9get semminem\u0171 k\u00f6zvetett, vagy k\u00f6zvetlen k\u00e1r\u00e9rt, amely ezen weboldal haszn\u00e1lat\u00e1b\u00f3l, vagy ideiglenes el\u00e9rhetetlens\u00e9g\u00e9b\u0151l ad\u00f3dhat. Nem v\u00e1llalunk felel\u0151ss\u00e9get az ezen az oldalon k\u00f6zz\u00e9tett inform\u00e1ci\u00f3k felhaszn\u00e1l\u00e1s\u00e1b\u00f3l ered\u0151 semmilyen k\u00f6zvetlen, vagy k\u00f6zvetett vesztes\u00e9g\u00e9rt, ill. k\u00e1r\u00e9rt.<\/p>\n<p>Az enged\u00e9ly\u00fcnk n\u00e9lk\u00fcl a weboldal l\u00e1togat\u00f3inak tilos az oldalon t\u00e1rolt inform\u00e1ci\u00f3k m\u00e1sol\u00e1sa, ill. k\u00f6zz\u00e9t\u00e9tele.<\/p>\n","protected":false},"excerpt":{"rendered":"<p>B\u00e1r nagy gondot ford\u00edtunk az ezen a weblapon k\u00f6z\u00f6lt inform\u00e1ci\u00f3k \u00f6ssze\u00e1ll\u00edt\u00e1s\u00e1ra, ennek ellen\u00e9re el\u0151fordulhatnak pontatlans\u00e1gok, ill. hi\u00e1nyoss\u00e1gok. Nem v\u00e1llalunk felel\u0151ss\u00e9get semminem\u0171 k\u00f6zvetett, vagy k\u00f6zvetlen k\u00e1r\u00e9rt, amely ezen weboldal haszn\u00e1lat\u00e1b\u00f3l, vagy ideiglenes el\u00e9rhetetlens\u00e9g\u00e9b\u0151l ad\u00f3dhat. Nem v\u00e1llalunk felel\u0151ss\u00e9get az ezen az oldalon k\u00f6zz\u00e9tett inform\u00e1ci\u00f3k felhaszn\u00e1l\u00e1s\u00e1b\u00f3l ered\u0151 semmilyen k\u00f6zvetlen, vagy k\u00f6zvetett vesztes\u00e9g\u00e9rt, ill. k\u00e1r\u00e9rt. Az enged\u00e9ly\u00fcnk n\u00e9lk\u00fcl a [&hellip;]<\/p>\n","protected":false},"author":7,"featured_media":0,"parent":0,"menu_order":0,"comment_status":"closed","ping_status":"closed","template":"","meta":{"_acf_changed":false,"footnotes":""},"class_list":["post-483","page","type-page","status-publish","hentry"],"acf":[],"yoast_head":"<!-- This site is optimized with the Yoast SEO Premium plugin v27.3 (Yoast SEO v27.3) - https:\/\/yoast.com\/product\/yoast-seo-premium-wordpress\/ -->\n<title>Jognyilatkozat - Walraven Magyarorsz\u00e1g<\/title>\n<meta name=\"robots\" content=\"index, follow, max-snippet:-1, max-image-preview:large, max-video-preview:-1\" \/>\n<link rel=\"canonical\" href=\"https:\/\/www.walraven.com\/hu\/jognyilatkozat\/\" \/>\n<meta property=\"og:locale\" content=\"hu_HU\" \/>\n<meta property=\"og:type\" content=\"article\" \/>\n<meta property=\"og:title\" content=\"Jognyilatkozat\" \/>\n<meta property=\"og:description\" content=\"B\u00e1r nagy gondot ford\u00edtunk az ezen a weblapon k\u00f6z\u00f6lt inform\u00e1ci\u00f3k \u00f6ssze\u00e1ll\u00edt\u00e1s\u00e1ra, ennek ellen\u00e9re el\u0151fordulhatnak pontatlans\u00e1gok, ill. hi\u00e1nyoss\u00e1gok. Nem v\u00e1llalunk felel\u0151ss\u00e9get semminem\u0171 k\u00f6zvetett, vagy k\u00f6zvetlen k\u00e1r\u00e9rt, amely ezen weboldal haszn\u00e1lat\u00e1b\u00f3l, vagy ideiglenes el\u00e9rhetetlens\u00e9g\u00e9b\u0151l ad\u00f3dhat. Nem v\u00e1llalunk felel\u0151ss\u00e9get az ezen az oldalon k\u00f6zz\u00e9tett inform\u00e1ci\u00f3k felhaszn\u00e1l\u00e1s\u00e1b\u00f3l ered\u0151 semmilyen k\u00f6zvetlen, vagy k\u00f6zvetett vesztes\u00e9g\u00e9rt, ill. k\u00e1r\u00e9rt. Az enged\u00e9ly\u00fcnk n\u00e9lk\u00fcl a [&hellip;]\" \/>\n<meta property=\"og:url\" content=\"https:\/\/www.walraven.com\/hu\/jognyilatkozat\/\" \/>\n<meta property=\"og:site_name\" content=\"Walraven Magyarorsz\u00e1g\" \/>\n<meta property=\"article:publisher\" content=\"https:\/\/www.facebook.com\/walravenkft\" \/>\n<meta property=\"article:modified_time\" content=\"2016-11-07T12:28:06+00:00\" \/>\n<meta name=\"twitter:card\" content=\"summary_large_image\" \/>\n<meta name=\"twitter:label1\" content=\"Becs\u00fclt olvas\u00e1si id\u0151\" \/>\n\t<meta name=\"twitter:data1\" content=\"1 perc\" \/>\n<script type=\"application\/ld+json\" class=\"yoast-schema-graph\">{\"@context\":\"https:\\\/\\\/schema.org\",\"@graph\":[{\"@type\":\"WebPage\",\"@id\":\"https:\\\/\\\/www.walraven.com\\\/hu\\\/jognyilatkozat\\\/\",\"url\":\"https:\\\/\\\/www.walraven.com\\\/hu\\\/jognyilatkozat\\\/\",\"name\":\"Jognyilatkozat - Walraven Magyarorsz\u00e1g\",\"isPartOf\":{\"@id\":\"https:\\\/\\\/www.walraven.com\\\/hu\\\/#website\"},\"datePublished\":\"2016-10-19T14:22:27+00:00\",\"dateModified\":\"2016-11-07T12:28:06+00:00\",\"breadcrumb\":{\"@id\":\"https:\\\/\\\/www.walraven.com\\\/hu\\\/jognyilatkozat\\\/#breadcrumb\"},\"inLanguage\":\"hu\",\"potentialAction\":[{\"@type\":\"ReadAction\",\"target\":[\"https:\\\/\\\/www.walraven.com\\\/hu\\\/jognyilatkozat\\\/\"]}]},{\"@type\":\"BreadcrumbList\",\"@id\":\"https:\\\/\\\/www.walraven.com\\\/hu\\\/jognyilatkozat\\\/#breadcrumb\",\"itemListElement\":[{\"@type\":\"ListItem\",\"position\":1,\"name\":\"Nyit\u00f3oldal\",\"item\":\"https:\\\/\\\/www.walraven.com\\\/hu\\\/\"},{\"@type\":\"ListItem\",\"position\":2,\"name\":\"Jognyilatkozat\"}]},{\"@type\":\"WebSite\",\"@id\":\"https:\\\/\\\/www.walraven.com\\\/hu\\\/#website\",\"url\":\"https:\\\/\\\/www.walraven.com\\\/hu\\\/\",\"name\":\"Walraven Magyarorsz\u00e1g\",\"description\":\"\",\"publisher\":{\"@id\":\"https:\\\/\\\/www.walraven.com\\\/hu\\\/#organization\"},\"potentialAction\":[{\"@type\":\"SearchAction\",\"target\":{\"@type\":\"EntryPoint\",\"urlTemplate\":\"https:\\\/\\\/www.walraven.com\\\/hu\\\/?s={search_term_string}\"},\"query-input\":{\"@type\":\"PropertyValueSpecification\",\"valueRequired\":true,\"valueName\":\"search_term_string\"}}],\"inLanguage\":\"hu\"},{\"@type\":\"Organization\",\"@id\":\"https:\\\/\\\/www.walraven.com\\\/hu\\\/#organization\",\"name\":\"Walraven Kft.\",\"alternateName\":\"Walraven Kft.\",\"url\":\"https:\\\/\\\/www.walraven.com\\\/hu\\\/\",\"logo\":{\"@type\":\"ImageObject\",\"inLanguage\":\"hu\",\"@id\":\"https:\\\/\\\/www.walraven.com\\\/hu\\\/#\\\/schema\\\/logo\\\/image\\\/\",\"url\":\"https:\\\/\\\/www.walraven.com\\\/hu\\\/wp-content\\\/uploads\\\/sites\\\/22\\\/2023\\\/12\\\/Walraven_logo300x300.jpg\",\"contentUrl\":\"https:\\\/\\\/www.walraven.com\\\/hu\\\/wp-content\\\/uploads\\\/sites\\\/22\\\/2023\\\/12\\\/Walraven_logo300x300.jpg\",\"width\":300,\"height\":300,\"caption\":\"Walraven Kft.\"},\"image\":{\"@id\":\"https:\\\/\\\/www.walraven.com\\\/hu\\\/#\\\/schema\\\/logo\\\/image\\\/\"},\"sameAs\":[\"https:\\\/\\\/www.facebook.com\\\/walravenkft\",\"https:\\\/\\\/www.youtube.com\\\/channel\\\/UCAYB3Nqnqm5dofzMcQtFyvg\",\"https:\\\/\\\/www.linkedin.com\\\/company\\\/walraven-hu\\\/\"]}]}<\/script>\n<!-- \/ Yoast SEO Premium plugin. -->","yoast_head_json":{"title":"Jognyilatkozat - Walraven Magyarorsz\u00e1g","robots":{"index":"index","follow":"follow","max-snippet":"max-snippet:-1","max-image-preview":"max-image-preview:large","max-video-preview":"max-video-preview:-1"},"canonical":"https:\/\/www.walraven.com\/hu\/jognyilatkozat\/","og_locale":"hu_HU","og_type":"article","og_title":"Jognyilatkozat","og_description":"B\u00e1r nagy gondot ford\u00edtunk az ezen a weblapon k\u00f6z\u00f6lt inform\u00e1ci\u00f3k \u00f6ssze\u00e1ll\u00edt\u00e1s\u00e1ra, ennek ellen\u00e9re el\u0151fordulhatnak pontatlans\u00e1gok, ill. hi\u00e1nyoss\u00e1gok. Nem v\u00e1llalunk felel\u0151ss\u00e9get semminem\u0171 k\u00f6zvetett, vagy k\u00f6zvetlen k\u00e1r\u00e9rt, amely ezen weboldal haszn\u00e1lat\u00e1b\u00f3l, vagy ideiglenes el\u00e9rhetetlens\u00e9g\u00e9b\u0151l ad\u00f3dhat. Nem v\u00e1llalunk felel\u0151ss\u00e9get az ezen az oldalon k\u00f6zz\u00e9tett inform\u00e1ci\u00f3k felhaszn\u00e1l\u00e1s\u00e1b\u00f3l ered\u0151 semmilyen k\u00f6zvetlen, vagy k\u00f6zvetett vesztes\u00e9g\u00e9rt, ill. k\u00e1r\u00e9rt. Az enged\u00e9ly\u00fcnk n\u00e9lk\u00fcl a [&hellip;]","og_url":"https:\/\/www.walraven.com\/hu\/jognyilatkozat\/","og_site_name":"Walraven Magyarorsz\u00e1g","article_publisher":"https:\/\/www.facebook.com\/walravenkft","article_modified_time":"2016-11-07T12:28:06+00:00","twitter_card":"summary_large_image","twitter_misc":{"Becs\u00fclt olvas\u00e1si id\u0151":"1 perc"},"schema":{"@context":"https:\/\/schema.org","@graph":[{"@type":"WebPage","@id":"https:\/\/www.walraven.com\/hu\/jognyilatkozat\/","url":"https:\/\/www.walraven.com\/hu\/jognyilatkozat\/","name":"Jognyilatkozat - Walraven Magyarorsz\u00e1g","isPartOf":{"@id":"https:\/\/www.walraven.com\/hu\/#website"},"datePublished":"2016-10-19T14:22:27+00:00","dateModified":"2016-11-07T12:28:06+00:00","breadcrumb":{"@id":"https:\/\/www.walraven.com\/hu\/jognyilatkozat\/#breadcrumb"},"inLanguage":"hu","potentialAction":[{"@type":"ReadAction","target":["https:\/\/www.walraven.com\/hu\/jognyilatkozat\/"]}]},{"@type":"BreadcrumbList","@id":"https:\/\/www.walraven.com\/hu\/jognyilatkozat\/#breadcrumb","itemListElement":[{"@type":"ListItem","position":1,"name":"Nyit\u00f3oldal","item":"https:\/\/www.walraven.com\/hu\/"},{"@type":"ListItem","position":2,"name":"Jognyilatkozat"}]},{"@type":"WebSite","@id":"https:\/\/www.walraven.com\/hu\/#website","url":"https:\/\/www.walraven.com\/hu\/","name":"Walraven Magyarorsz\u00e1g","description":"","publisher":{"@id":"https:\/\/www.walraven.com\/hu\/#organization"},"potentialAction":[{"@type":"SearchAction","target":{"@type":"EntryPoint","urlTemplate":"https:\/\/www.walraven.com\/hu\/?s={search_term_string}"},"query-input":{"@type":"PropertyValueSpecification","valueRequired":true,"valueName":"search_term_string"}}],"inLanguage":"hu"},{"@type":"Organization","@id":"https:\/\/www.walraven.com\/hu\/#organization","name":"Walraven Kft.","alternateName":"Walraven Kft.","url":"https:\/\/www.walraven.com\/hu\/","logo":{"@type":"ImageObject","inLanguage":"hu","@id":"https:\/\/www.walraven.com\/hu\/#\/schema\/logo\/image\/","url":"https:\/\/www.walraven.com\/hu\/wp-content\/uploads\/sites\/22\/2023\/12\/Walraven_logo300x300.jpg","contentUrl":"https:\/\/www.walraven.com\/hu\/wp-content\/uploads\/sites\/22\/2023\/12\/Walraven_logo300x300.jpg","width":300,"height":300,"caption":"Walraven Kft."},"image":{"@id":"https:\/\/www.walraven.com\/hu\/#\/schema\/logo\/image\/"},"sameAs":["https:\/\/www.facebook.com\/walravenkft","https:\/\/www.youtube.com\/channel\/UCAYB3Nqnqm5dofzMcQtFyvg","https:\/\/www.linkedin.com\/company\/walraven-hu\/"]}]}},"_links":{"self":[{"href":"https:\/\/www.walraven.com\/hu\/wp-json\/wp\/v2\/pages\/483","targetHints":{"allow":["GET"]}}],"collection":[{"href":"https:\/\/www.walraven.com\/hu\/wp-json\/wp\/v2\/pages"}],"about":[{"href":"https:\/\/www.walraven.com\/hu\/wp-json\/wp\/v2\/types\/page"}],"author":[{"embeddable":true,"href":"https:\/\/www.walraven.com\/hu\/wp-json\/wp\/v2\/users\/7"}],"replies":[{"embeddable":true,"href":"https:\/\/www.walraven.com\/hu\/wp-json\/wp\/v2\/comments?post=483"}],"version-history":[{"count":4,"href":"https:\/\/www.walraven.com\/hu\/wp-json\/wp\/v2\/pages\/483\/revisions"}],"predecessor-version":[{"id":4474,"href":"https:\/\/www.walraven.com\/hu\/wp-json\/wp\/v2\/pages\/483\/revisions\/4474"}],"wp:attachment":[{"href":"https:\/\/www.walraven.com\/hu\/wp-json\/wp\/v2\/media?parent=483"}],"curies":[{"name":"wp","href":"https:\/\/api.w.org\/{rel}","templated":true}]}}