{"id":484,"date":"2016-10-19T16:23:43","date_gmt":"2016-10-19T14:23:43","guid":{"rendered":"https:\/\/example.walraven.com\/?page_id=7150"},"modified":"2021-03-30T14:36:13","modified_gmt":"2021-03-30T12:36:13","slug":"adatvedelem","status":"publish","type":"page","link":"https:\/\/www.walraven.com\/hu\/adatvedelem\/","title":{"rendered":"Adatv\u00e9delem"},"content":{"rendered":"<h2>1. Bevezet\u00e9s<\/h2>\n<p>A Walraven Kft. Adatv\u00e9delmi Szab\u00e1lyzata, a tov\u00e1bbiakban \u201cWalraven\u201d, t\u00e1j\u00e9koztat\u00e1st ad arr\u00f3l, hogy hogyan kezelj\u00fck a weboldalunk l\u00e1t\u00f3gat\u00f3ir\u00f3l \u00e9s a kereskedelmi kapcsolatok r\u00e9v\u00e9n szerzett vev\u0151i \u00e9s \u00fczleti partnereinkr\u0151l gy\u0171jt\u00f6tt szem\u00e9lyes adatokat.\u00a0C\u00e9g\u00fcnk elk\u00f6telezte mag\u00e1t a szem\u00e9lyes adatok bizalmas \u00e9s hat\u00e1lyos jogszab\u00e1lyi el\u0151\u00edr\u00e1sokkal \u00f6sszhangban t\u00f6rt\u00e9n\u0151 kezel\u00e9s\u00e9re. Jelen Szab\u00e1lyzatban azokat a szolg\u00e1ltat\u00e1sokat mutatjuk be, amelyek sor\u00e1n szem\u00e9lyes adatokat k\u00e9r\u00fcnk, \u00e9s nyilatkozunk arr\u00f3l, hogy milyen c\u00e9lra \u00e9s hogyan haszn\u00e1ljuk fel azokat. Figyelembe vett\u00fck a vonatkoz\u00f3 hat\u00e1lyos jogszab\u00e1lyokat \u00e9s err\u0151l t\u00e1j\u00e9koztat\u00e1st is adunk. Az \u00d6n adatait a walraven.com teljes m\u00e9rt\u00e9kben az EU GDPR (\u00c1ltal\u00e1nos Adatv\u00e9delmi Rendelet) el\u0151\u00edr\u00e1sainak megfelel\u0151en kezeli.<\/p>\n<p>Az adatkezel\u00e9si ir\u00e1nyelvek v\u00e1ltozhatnak, de honlapunkon mindig a legfrissebb \u00e9rv\u00e9nyben l\u00e9v\u0151 verzi\u00f3 tal\u00e1lhat\u00f3.<\/p>\n<h3>1.1 K\u00e9rd\u00e9se van?<\/h3>\n<p>Amennyiben b\u00e1rmilyen k\u00e9rd\u00e9se vagy probl\u00e9m\u00e1ja van az Adatv\u00e9delmi Szab\u00e1lyzattal kapcsolatosan, k\u00e9rj\u00fck az al\u00e1bbi c\u00edmre \u00edrjon nek\u00fcnk:<\/p>\n<p>Walraven Kft.<br \/>\n1139 Budapest, V\u00e1ci \u00fat 95.<br \/>\ne-mail: <a href=\"mailto:info.hu@walraven.com\">info.hu@walraven.com<\/a><\/p>\n<h2>2. Az \u00d6n jogai<\/h2>\n<h3>2.1 Szem\u00e9lyes adatok kezel\u00e9se<\/h3>\n<p>\u00d6n az adatkezel\u00e9s sor\u00e1n b\u00e1rmikor t\u00e1j\u00e9koztat\u00e1st k\u00e9rhet, illetve ellen\u0151rizheti adatai tartalm\u00e1t. Az adatok v\u00e9delme \u00e9rdek\u00e9ben, adatszolg\u00e1ltat\u00e1s csak megfelel\u0151 jogosults\u00e1gi igazol\u00e1s eset\u00e9n lehets\u00e9ges (ez \u00e1ltal\u00e1ban \u00edr\u00e1sos dokumentumok bemutat\u00e1s\u00e1val t\u00f6rt\u00e9nik, p\u00e9ld\u00e1ul szem\u00e9lyi igazolv\u00e1ny\/\u00fatlev\u00e9l hiteles m\u00e1solat\u00e1val, vagy egy \u00fcgyv\u00e9di, esetleg banki igazol\u00e1ssal, amely hitelesen igazolja a szem\u00e9lyt \u00e9s annak lakc\u00edm\u00e9t.)\u00a0A t\u00f6rv\u00e9ny \u00e1ltal megengedett m\u00e9rt\u00e9kben visszatarthatjuk az \u00d6n \u00e1ltal k\u00e9rt szem\u00e9lyes adatokat.<\/p>\n<h3>2.2 Szem\u00e9lyes adatok m\u00f3dos\u00edt\u00e1sa vagy t\u00f6rl\u00e9se<\/h3>\n<p>Amennyiben az \u00d6nr\u0151l t\u00e1rolt szem\u00e9lyes adatok nem helyesek, \u00d6n b\u00e1rmikor k\u00e9rheti adatainak helyesb\u00edt\u00e9s\u00e9t, m\u00f3dos\u00edt\u00e1s\u00e1t, illetve t\u00f6rl\u00e9s\u00e9t. K\u00e9rj\u00fck, minden esetben a fent megadott c\u00edmre k\u00fcldje meg ezzel kapcsolatos level\u00e9t.<\/p>\n<h3>2.3 Szem\u00e9lyes adatok felhaszn\u00e1l\u00e1sa marketing vagy egy\u00e9b kereskedelmi c\u00e9lokra<\/h3>\n<p>\u00d6n b\u00e1rmikor megtagadhatja, hogy adatait marketing vagy kereskedelmi c\u00e9lokb\u00f3l haszn\u00e1ljuk fel. \u00c1ltal\u00e1ban \u00d6n el\u0151zetesen hozz\u00e1j\u00e1rul\u00e1s\u00e1t adta adatainak ilyen jelleg\u0171 felhaszn\u00e1l\u00e1s\u00e1ra, de mindig lehet\u0151s\u00e9get biztos\u00edtunk a leiratkoz\u00e1sra \u2013 a leiratkoz\u00e1s legt\u00f6bbsz\u00f6r \u201ehyperlink\u201d haszn\u00e1lat\u00e1val t\u00f6rt\u00e9nik. K\u00e9relm\u00e9t a fent megadott c\u00edmre is elk\u00fcldheti nek\u00fcnk.<\/p>\n<h2>3. \u00c1ltalunk kezelt szem\u00e9lyes adatok<\/h2>\n<p>A kapcsolattart\u00e1s sor\u00e1n a Walraven a szem\u00e9lyes adatokat az al\u00e1bbi t\u00edpusok szerint gy\u0171jti \u00e9s kezeli:<\/p>\n<h3>3.1 Elektronikus h\u00edrlevelen kereszt\u00fcl<\/h3>\n<p>Honlapunkon egy vagy t\u00f6bb h\u00edrlevel\u00fcnkre is feliratkozhat. Mindig k\u00e9rj\u00fck az \u00fan. Opt-In (feliratkoz\u00e1s) haszn\u00e1lat\u00e1t, amellyel \u00d6n kiz\u00e1r\u00f3lagos hozz\u00e1j\u00e1rul\u00e1s\u00e1t adja, hogy h\u00edrleveleinken kereszt\u00fcl kapcsolatba l\u00e9phess\u00fcnk \u00d6nnel. Hozz\u00e1j\u00e1rul\u00e1s\u00e1t b\u00e1rmikor visszavonhatja, amit a \u201eleiratkoz\u00e1s\u201d linkre kattint\u00e1ssal tud megtenni. Leiratkoz\u00e1s eset\u00e9n adatai t\u00f6rl\u00e9sre ker\u00fclnek.<\/p>\n<h3>3.2 Kereskedelmi kapcsolaton kereszt\u00fcl<\/h3>\n<p>A Walraven marketing \u00e9s kereskedelmi tev\u00e9kenys\u00e9ge sor\u00e1n j\u00f3 kapcsolatot igyekszik ki\u00e9p\u00edteni (a) a vev\u0151k kapcsolattart\u00f3ival \u00e9s (b) a\u00a0j\u00f6v\u0151beni vev\u0151k kapcsolattart\u00f3ival. A kereskedelmi kapcsolatok ki\u00e9p\u00edt\u00e9se sor\u00e1n elker\u00fclhetetlen, hogy szem\u00e9lyes inform\u00e1ci\u00f3k is \u00e1ramoljanak, cser\u00e9l\u0151djenek. Ez t\u00f6rt\u00e9nik p\u00e9ld\u00e1ul a marketing kamp\u00e1nyok, \u00fczleti v\u00e1s\u00e1rok, ki\u00e1ll\u00edt\u00e1sok, szimp\u00f3ziumok, koll\u00e9g\u00e1inkkal t\u00f6rt\u00e9n\u0151 megbesz\u00e9l\u00e9sek sor\u00e1n szerzett kontaktadatokkal.\u00a0Minden ilyen esetben az adatszolg\u00e1ltat\u00e1s az \u00d6n r\u00e9sz\u00e9r\u0151l \u00f6nk\u00e9ntes alapon t\u00f6rt\u00e9nik. Ezek az adatok c\u00e9g\u00fcnk v\u00e1llalatir\u00e1ny\u00edt\u00e1si rendszer\u00e9ben r\u00f6gz\u00edt\u00e9sre ker\u00fclnek, de amennyiben az adott adatok m\u00e1r nem relev\u00e1nsak, vagy a partnerkapcsolat nem \u00e1ll fenn, rendszer\u00fcnkb\u0151l t\u00f6rl\u00e9sre ker\u00fclnek. Csak az \u00d6n k\u00e9r\u00e9s\u00e9re tartjuk fenn az adatokat, amennyiben a k\u00e9s\u0151bbiekben is \u00e9rdekl\u0151dni k\u00edv\u00e1n term\u00e9keink, szolg\u00e1ltat\u00e1saink fel\u0151l.<\/p>\n<h3>3.3 Vev\u0151i kapcsolaton kereszt\u00fcl<\/h3>\n<p>A Walraven B2B \u00e9rt\u00e9kes\u00edt\u00e9st folytat. Ez azt jelenti, hogy term\u00e9keinket \u00e9s szolg\u00e1ltat\u00e1sainkat csak v\u00e1llalatok\/szervezetek r\u00e9sz\u00e9re biztos\u00edtjuk. Ha \u00d6n is \u00e9rdekl\u0151dik c\u00e9g\u00fcnk term\u00e9kei ir\u00e1nt, adatai automatikusan vev\u0151i st\u00e1tuszban r\u00f6gz\u00edt\u00e9sre ker\u00fclnek rendszer\u00fcnkben. Ennek sor\u00e1n egy vagy t\u00f6bb kapcsolattart\u00f3 adatait is r\u00f6gz\u00edtj\u00fck. \u00a0Mindezek friss\u00edt\u00e9sre, illetve elt\u00e1vol\u00edt\u00e1sra ker\u00fclnek, amennyiben az adatokban v\u00e1ltoz\u00e1s \u00e1llt be, vagy \u00d6n m\u00e1r nem partner\u00fcnk.<\/p>\n<h3>3.4 Besz\u00e1ll\u00edt\u00f3i\/\u00fczleti kapcsolaton kereszt\u00fcl<\/h3>\n<p>C\u00e9g\u00fcnk k\u00fcls\u0151, harmadik f\u00e9llel is fenntart kapcsolatokat, p\u00e9ld\u00e1ul besz\u00e1ll\u00edt\u00f3kkal, alapanyaggy\u00e1rt\u00f3kkal, szolg\u00e1ltat\u00f3kkal (k\u00f6nyvel\u00e9s, b\u00e9rsz\u00e1mfejt\u00e9s, IT). Ezekben az esetekben is sz\u00fcks\u00e9ges egy vagy t\u00f6bb szem\u00e9ly adatainak r\u00f6gz\u00edt\u00e9se. Az adatokat friss\u00edtj\u00fck, illetve elt\u00e1vol\u00edtjuk, amennyiben v\u00e1ltoz\u00e1s t\u00f6rt\u00e9nt, illetve nem \u00e1ll fenn tov\u00e1bbi kapcsolat a c\u00e9ggel.<\/p>\n<h3>3.5 Oktat\u00e1son\/bemutat\u00f3termi l\u00e1togat\u00e1son kereszt\u00fcl<\/h3>\n<p>L\u00e1togat\u00f3ink, oktat\u00e1saink r\u00e9sztvev\u0151i \u00f6nk\u00e9ntes alapon megadhatj\u00e1k szem\u00e9lyes adataikat. Ezen adatokat tov\u00e1bbi kapcsolattart\u00e1si c\u00e9llal az \u00d6n k\u00e9r\u00e9s\u00e9re r\u00f6gz\u00edtj\u00fck \u00e9s fenntartjuk, amennyiben k\u00e9s\u0151bbiekben is \u00e9rdekl\u0151dni k\u00edv\u00e1n term\u00e9keink, szolg\u00e1ltat\u00e1saink fel\u0151l.<\/p>\n<h3>3.6 \u00c9rdekl\u0151d\u00e9sen kereszt\u00fcl<\/h3>\n<p>Megkeres\u00e9sek, k\u00e9rd\u00e9sek, term\u00e9keink fel\u0151li \u00e9rdekl\u0151d\u00e9s eset\u00e9n szem\u00e9lyes adatok nem ker\u00fclnek r\u00f6gz\u00edt\u00e9sre, csak abban az esetben, ha tov\u00e1bbi v\u00e1laszad\u00e1si k\u00f6telezetts\u00e9g\u00fcnk mer\u00fclne fel. A sz\u00fcks\u00e9ges adatokat csak a v\u00e1laszad\u00e1sig \u0151rizz\u00fck meg. Ez vonatkozik a telefonon, e-mailen, faxon \u00e9s a\u00a0 honlapunkon kereszt\u00fcli megkeres\u00e9sekre.<\/p>\n<h3>3.7 Honlapunkon t\u00f6rt\u00e9n\u0151 b\u00f6ng\u00e9sz\u00e9sen kereszt\u00fcl<\/h3>\n<p>Honlapunkon t\u00f6rt\u00e9n\u0151 b\u00f6ng\u00e9sz\u00e9s eset\u00e9n statisztikai c\u00e9llal gy\u0171jt\u00fcnk adatokat, ide \u00e9rtve a l\u00e1togat\u00f3i IP c\u00edmeket is (ezek szem\u00e9lyes adatokat nem tartalmaz\u00f3 anonim azonos\u00edt\u00f3k), amik els\u0151sorban a f\u00f6ldrajzi helyre \u00e9s a l\u00e1togat\u00e1s id\u0151tartam\u00e1ra, illetve a megl\u00e1togatott tartalomra utalnak abb\u00f3l a c\u00e9lb\u00f3l, hogy t\u00f6bbet tudhassunk meg az \u00fcgyfeleink inform\u00e1ci\u00f3haszn\u00e1lati szok\u00e1sair\u00f3l, melynek seg\u00edts\u00e9g\u00e9vel jav\u00edthatunk szolg\u00e1ltat\u00e1saink sz\u00ednvonal\u00e1n, illetve testre szabott oldalakat jelen\u00edthet\u00fcnk meg. Err\u0151l b\u0151vebben a 7. pontban t\u00e1j\u00e9koz\u00f3dhat.<\/p>\n<h3>3.8 \u00dczem- vagy irodal\u00e1togat\u00e1son kereszt\u00fcl<\/h3>\n<p>\u00c9p\u00fcleteink \u00e9s a k\u00f6rnyez\u0151 egys\u00e9gek (parkol\u00f3k) t\u00e9rfigyel\u0151 kamer\u00e1kkal (CCTV) lehetnek felszerelve. Err\u0151l m\u00e1r bel\u00e9p\u00e9skor t\u00e1j\u00e9koztatjuk. Az adatokat csak biztons\u00e1gi okokb\u00f3l maximum 72 \u00f3r\u00e1n \u00e1t t\u00e1roljuk, hacsak b\u0171ncselekm\u00e9ny gyan\u00faja nem mer\u00fcl fel, vagy a b\u0171n\u00fcgyi hat\u00f3s\u00e1gok m\u00e1sk\u00e9nt nem rendelkeznek.<\/p>\n<h2>4. Szem\u00e9lyes adatok t\u00e1rol\u00e1sa<\/h2>\n<p>A fenti kapcsolattart\u00e1si t\u00edpusok eset\u00e9n felmer\u00fclt adatokat (ide\u00e9rtve az elektronikus dokumentumokat is) nem t\u00e1roljuk a kellet\u00e9n\u00e9l hosszabb ideig, hacsak:<\/p>\n<ul>\n<li>t\u00f6rv\u00e9nyi k\u00f6telezetts\u00e9g nem \u00edrja el\u0151;<\/li>\n<li>esetleges t\u00f6rv\u00e9nyi elj\u00e1r\u00e1sok sor\u00e1n bizony\u00edt\u00e9kk\u00e9nt szolg\u00e1lhatnak;<\/li>\n<li>jogaink \u00e9s t\u00f6rv\u00e9nyes \u00e9rdekeink ezt dikt\u00e1lj\u00e1k (ide tartoznak a csal\u00e1st megel\u0151z\u0151 \u00e9s kock\u00e1zatv\u00e1llal\u00e1st cs\u00f6kkent\u0151 esetek).<\/li>\n<\/ul>\n<h2>5. Szem\u00e9lyes adatok megoszt\u00e1sa<\/h2>\n<p>A fent le\u00edrt esetekben a szem\u00e9lyes adatokat kiz\u00e1r\u00f3lagosan csak a vonatkoz\u00f3 c\u00e9lra haszn\u00e1ljuk fel, soha nem adjuk \u00e1t az \u00d6n hozz\u00e1j\u00e1rul\u00e1sa n\u00e9lk\u00fcl harmadik f\u00e9lnek, k\u00fcl\u00f6n\u00f6sen nem kereskedelmi c\u00e9lzattal. Adatmegoszt\u00e1s csak az al\u00e1bbi esetekben lehets\u00e9ges:<\/p>\n<h3>5.1 A Walraven c\u00e9gcsoporton bel\u00fcl<\/h3>\n<p>Nemzetk\u00f6zi v\u00e1llalatk\u00e9nt munkav\u00e1llal\u00f3ink k\u00f6z\u00f6sen dolgoznak egy v\u00e1llalatir\u00e1ny\u00edt\u00e1si rendszert haszn\u00e1lva. A Walraven c\u00e9gcsoport mag\u00e1ban foglalja az anyac\u00e9get, a le\u00e1nyv\u00e1llalatokat \u00e9s a k\u00e9pviseleteket. A c\u00e9gcsoporton bel\u00fcli orsz\u00e1gok k\u00f6z\u00f6tt az Adatkezel\u00e9si Szab\u00e1lyzat betart\u00e1s\u00e1val a mindennapi munkav\u00e9gz\u00e9s kapcs\u00e1n felmer\u00fcl\u0151 k\u00e9rd\u00e9sekben az adat\u00e1raml\u00e1s lehets\u00e9ges \u00e9s biztos\u00edtott. A szab\u00e1lyzat hat\u00e1lya c\u00e9gcsoporton bel\u00fcl kiterjed mindazon orsz\u00e1gokra is, ahol nincs \u00e9rv\u00e9nyben az EU \u00e1ltal el\u0151\u00edrt adatv\u00e9delmi rendelet: USA, Oroszorsz\u00e1g, Ukrajna, Egyes\u00fclt Arab Emir\u00e1tusok, India, T\u00f6r\u00f6korsz\u00e1g, K\u00edna, Ausztr\u00e1lia.<\/p>\n<h3>5.2 Harmadik f\u00e9l r\u00e9sz\u00e9re<\/h3>\n<p>Amennyiben a Walraven egyes szolg\u00e1ltat\u00e1sait \u00e9s tartalmait a vele \u00fczleti kapcsolatban \u00e1ll\u00f3 k\u00fcls\u0151 c\u00e9gekkel \u00e1ll\u00edttatja el\u0151, illetve \u00fczemelteti, \u00e9s ennek sor\u00e1n szem\u00e9lyes adatok gy\u0171jt\u00e9s\u00e9re ker\u00fclne sor, a jelen szab\u00e1lyzat hat\u00e1lya kiterjed az ilyen esetekre is. Minden esetben titoktart\u00e1si szerz\u0151d\u00e9st k\u00f6t\u00fcnk a harmadik f\u00e9llel. Ide tartozik p\u00e9ld\u00e1ul a HR szolg\u00e1ltat\u00e1s, piackutat\u00e1s, tartalompartners\u00e9g. Ez ir\u00e1ny\u00fa felhatalmaz\u00e1s hi\u00e1ny\u00e1ban semmilyen k\u00f6r\u00fclm\u00e9nyek k\u00f6z\u00f6tt nem adjuk \u00e1t az \u00d6n adatait harmadik f\u00e9l sz\u00e1m\u00e1ra.<\/p>\n<h3>5.3 K\u00fcls\u0151 szolg\u00e1ltat\u00f3 r\u00e9sz\u00e9re<\/h3>\n<p>K\u00fcls\u0151 szolg\u00e1ltat\u00f3k bevon\u00e1sa sor\u00e1n az adatszolg\u00e1ltat\u00e1s mindig a Walraven beleegyez\u00e9s\u00e9vel \u00e9s utas\u00edt\u00e1sainak megfelel\u0151en t\u00f6rt\u00e9nik, mely esetben a Walraven Adatv\u00e9delmi Szab\u00e1lyzata a hat\u00e1lyos dokumentum.\u00a0(Pl. b\u00e9rsz\u00e1mfejt\u00e9s, Software (SaaS) szolg\u00e1ltat\u00e1s, t\u00e1rhelyszolg\u00e1ltat\u00e1s eset\u00e9n.)<\/p>\n<h2>6. Szem\u00e9lyes adatok v\u00e9delme<\/h2>\n<p>Az adatkezel\u00e9s sor\u00e1n megtessz\u00fck a megfelel\u0151 technikai \u00e9s szervezeti int\u00e9zked\u00e9seket, hogy biztos\u00edtsuk az adatok v\u00e9delm\u00e9t, k\u00fcl\u00f6n\u00f6s tekintettel a jogosulatlan hozz\u00e1f\u00e9r\u00e9s, megv\u00e1ltoztat\u00e1s, nyilv\u00e1noss\u00e1gra hoz\u00e1s vagy t\u00f6rl\u00e9s, illetve s\u00e9r\u00fcl\u00e9s vagy megsemmis\u00fcl\u00e9s ellen. Bevezett\u00fck az Adatv\u00e9delmi Fel\u00fcgyeleti Rendszert (Information Security Management\u00a0System)\u00a0az ISO\/IEC 27001:2013. aj\u00e1nl\u00e1s alapj\u00e1n. Az \u00faj \u00c1ltal\u00e1nos Adatv\u00e9delmi Szab\u00e1lyzat (GDPR) rendelkez\u00e9seinek megfelel\u0151en, adats\u00e9rt\u00e9s vagy vissza\u00e9l\u00e9s gyan\u00faja eset\u00e9n 72 \u00f3r\u00e1n bel\u00fcl \u00e9rtes\u00edtj\u00fck \u00d6nt, \u00e9s a megfelel\u0151 Adatv\u00e9delmi Hat\u00f3s\u00e1got.<\/p>\n","protected":false},"excerpt":{"rendered":"<p>1. Bevezet\u00e9s A Walraven Kft. Adatv\u00e9delmi Szab\u00e1lyzata, a tov\u00e1bbiakban \u201cWalraven\u201d, t\u00e1j\u00e9koztat\u00e1st ad arr\u00f3l, hogy hogyan kezelj\u00fck a weboldalunk l\u00e1t\u00f3gat\u00f3ir\u00f3l \u00e9s a kereskedelmi kapcsolatok r\u00e9v\u00e9n szerzett vev\u0151i \u00e9s \u00fczleti partnereinkr\u0151l gy\u0171jt\u00f6tt szem\u00e9lyes adatokat.\u00a0C\u00e9g\u00fcnk elk\u00f6telezte mag\u00e1t a szem\u00e9lyes adatok bizalmas \u00e9s hat\u00e1lyos jogszab\u00e1lyi el\u0151\u00edr\u00e1sokkal \u00f6sszhangban t\u00f6rt\u00e9n\u0151 kezel\u00e9s\u00e9re. Jelen Szab\u00e1lyzatban azokat a szolg\u00e1ltat\u00e1sokat mutatjuk be, amelyek sor\u00e1n szem\u00e9lyes [&hellip;]<\/p>\n","protected":false},"author":7,"featured_media":0,"parent":0,"menu_order":0,"comment_status":"closed","ping_status":"closed","template":"","meta":{"_acf_changed":false,"footnotes":""},"class_list":["post-484","page","type-page","status-publish","hentry"],"acf":[],"yoast_head":"<!-- This site is optimized with the Yoast SEO Premium plugin v27.3 (Yoast SEO v27.3) - https:\/\/yoast.com\/product\/yoast-seo-premium-wordpress\/ -->\n<title>Adatv\u00e9delem - Walraven Magyarorsz\u00e1g<\/title>\n<meta name=\"robots\" content=\"index, follow, max-snippet:-1, max-image-preview:large, max-video-preview:-1\" \/>\n<link rel=\"canonical\" href=\"https:\/\/www.walraven.com\/hu\/adatvedelem\/\" \/>\n<meta property=\"og:locale\" content=\"hu_HU\" \/>\n<meta property=\"og:type\" content=\"article\" \/>\n<meta property=\"og:title\" content=\"Adatv\u00e9delem\" \/>\n<meta property=\"og:description\" content=\"1. Bevezet\u00e9s A Walraven Kft. Adatv\u00e9delmi Szab\u00e1lyzata, a tov\u00e1bbiakban \u201cWalraven\u201d, t\u00e1j\u00e9koztat\u00e1st ad arr\u00f3l, hogy hogyan kezelj\u00fck a weboldalunk l\u00e1t\u00f3gat\u00f3ir\u00f3l \u00e9s a kereskedelmi kapcsolatok r\u00e9v\u00e9n szerzett vev\u0151i \u00e9s \u00fczleti partnereinkr\u0151l gy\u0171jt\u00f6tt szem\u00e9lyes adatokat.\u00a0C\u00e9g\u00fcnk elk\u00f6telezte mag\u00e1t a szem\u00e9lyes adatok bizalmas \u00e9s hat\u00e1lyos jogszab\u00e1lyi el\u0151\u00edr\u00e1sokkal \u00f6sszhangban t\u00f6rt\u00e9n\u0151 kezel\u00e9s\u00e9re. Jelen Szab\u00e1lyzatban azokat a szolg\u00e1ltat\u00e1sokat mutatjuk be, amelyek sor\u00e1n szem\u00e9lyes [&hellip;]\" \/>\n<meta property=\"og:url\" content=\"https:\/\/www.walraven.com\/hu\/adatvedelem\/\" \/>\n<meta property=\"og:site_name\" content=\"Walraven Magyarorsz\u00e1g\" \/>\n<meta property=\"article:publisher\" content=\"https:\/\/www.facebook.com\/walravenkft\" \/>\n<meta property=\"article:modified_time\" content=\"2021-03-30T12:36:13+00:00\" \/>\n<meta name=\"twitter:card\" content=\"summary_large_image\" \/>\n<meta name=\"twitter:label1\" content=\"Becs\u00fclt olvas\u00e1si id\u0151\" \/>\n\t<meta name=\"twitter:data1\" content=\"5 perc\" \/>\n<script type=\"application\/ld+json\" class=\"yoast-schema-graph\">{\"@context\":\"https:\\\/\\\/schema.org\",\"@graph\":[{\"@type\":\"WebPage\",\"@id\":\"https:\\\/\\\/www.walraven.com\\\/hu\\\/adatvedelem\\\/\",\"url\":\"https:\\\/\\\/www.walraven.com\\\/hu\\\/adatvedelem\\\/\",\"name\":\"Adatv\u00e9delem - Walraven Magyarorsz\u00e1g\",\"isPartOf\":{\"@id\":\"https:\\\/\\\/www.walraven.com\\\/hu\\\/#website\"},\"datePublished\":\"2016-10-19T14:23:43+00:00\",\"dateModified\":\"2021-03-30T12:36:13+00:00\",\"breadcrumb\":{\"@id\":\"https:\\\/\\\/www.walraven.com\\\/hu\\\/adatvedelem\\\/#breadcrumb\"},\"inLanguage\":\"hu\",\"potentialAction\":[{\"@type\":\"ReadAction\",\"target\":[\"https:\\\/\\\/www.walraven.com\\\/hu\\\/adatvedelem\\\/\"]}]},{\"@type\":\"BreadcrumbList\",\"@id\":\"https:\\\/\\\/www.walraven.com\\\/hu\\\/adatvedelem\\\/#breadcrumb\",\"itemListElement\":[{\"@type\":\"ListItem\",\"position\":1,\"name\":\"Nyit\u00f3oldal\",\"item\":\"https:\\\/\\\/www.walraven.com\\\/hu\\\/\"},{\"@type\":\"ListItem\",\"position\":2,\"name\":\"Adatv\u00e9delem\"}]},{\"@type\":\"WebSite\",\"@id\":\"https:\\\/\\\/www.walraven.com\\\/hu\\\/#website\",\"url\":\"https:\\\/\\\/www.walraven.com\\\/hu\\\/\",\"name\":\"Walraven Magyarorsz\u00e1g\",\"description\":\"\",\"publisher\":{\"@id\":\"https:\\\/\\\/www.walraven.com\\\/hu\\\/#organization\"},\"potentialAction\":[{\"@type\":\"SearchAction\",\"target\":{\"@type\":\"EntryPoint\",\"urlTemplate\":\"https:\\\/\\\/www.walraven.com\\\/hu\\\/?s={search_term_string}\"},\"query-input\":{\"@type\":\"PropertyValueSpecification\",\"valueRequired\":true,\"valueName\":\"search_term_string\"}}],\"inLanguage\":\"hu\"},{\"@type\":\"Organization\",\"@id\":\"https:\\\/\\\/www.walraven.com\\\/hu\\\/#organization\",\"name\":\"Walraven Kft.\",\"alternateName\":\"Walraven Kft.\",\"url\":\"https:\\\/\\\/www.walraven.com\\\/hu\\\/\",\"logo\":{\"@type\":\"ImageObject\",\"inLanguage\":\"hu\",\"@id\":\"https:\\\/\\\/www.walraven.com\\\/hu\\\/#\\\/schema\\\/logo\\\/image\\\/\",\"url\":\"https:\\\/\\\/www.walraven.com\\\/hu\\\/wp-content\\\/uploads\\\/sites\\\/22\\\/2023\\\/12\\\/Walraven_logo300x300.jpg\",\"contentUrl\":\"https:\\\/\\\/www.walraven.com\\\/hu\\\/wp-content\\\/uploads\\\/sites\\\/22\\\/2023\\\/12\\\/Walraven_logo300x300.jpg\",\"width\":300,\"height\":300,\"caption\":\"Walraven Kft.\"},\"image\":{\"@id\":\"https:\\\/\\\/www.walraven.com\\\/hu\\\/#\\\/schema\\\/logo\\\/image\\\/\"},\"sameAs\":[\"https:\\\/\\\/www.facebook.com\\\/walravenkft\",\"https:\\\/\\\/www.youtube.com\\\/channel\\\/UCAYB3Nqnqm5dofzMcQtFyvg\",\"https:\\\/\\\/www.linkedin.com\\\/company\\\/walraven-hu\\\/\"]}]}<\/script>\n<!-- \/ Yoast SEO Premium plugin. -->","yoast_head_json":{"title":"Adatv\u00e9delem - Walraven Magyarorsz\u00e1g","robots":{"index":"index","follow":"follow","max-snippet":"max-snippet:-1","max-image-preview":"max-image-preview:large","max-video-preview":"max-video-preview:-1"},"canonical":"https:\/\/www.walraven.com\/hu\/adatvedelem\/","og_locale":"hu_HU","og_type":"article","og_title":"Adatv\u00e9delem","og_description":"1. Bevezet\u00e9s A Walraven Kft. Adatv\u00e9delmi Szab\u00e1lyzata, a tov\u00e1bbiakban \u201cWalraven\u201d, t\u00e1j\u00e9koztat\u00e1st ad arr\u00f3l, hogy hogyan kezelj\u00fck a weboldalunk l\u00e1t\u00f3gat\u00f3ir\u00f3l \u00e9s a kereskedelmi kapcsolatok r\u00e9v\u00e9n szerzett vev\u0151i \u00e9s \u00fczleti partnereinkr\u0151l gy\u0171jt\u00f6tt szem\u00e9lyes adatokat.\u00a0C\u00e9g\u00fcnk elk\u00f6telezte mag\u00e1t a szem\u00e9lyes adatok bizalmas \u00e9s hat\u00e1lyos jogszab\u00e1lyi el\u0151\u00edr\u00e1sokkal \u00f6sszhangban t\u00f6rt\u00e9n\u0151 kezel\u00e9s\u00e9re. Jelen Szab\u00e1lyzatban azokat a szolg\u00e1ltat\u00e1sokat mutatjuk be, amelyek sor\u00e1n szem\u00e9lyes [&hellip;]","og_url":"https:\/\/www.walraven.com\/hu\/adatvedelem\/","og_site_name":"Walraven Magyarorsz\u00e1g","article_publisher":"https:\/\/www.facebook.com\/walravenkft","article_modified_time":"2021-03-30T12:36:13+00:00","twitter_card":"summary_large_image","twitter_misc":{"Becs\u00fclt olvas\u00e1si id\u0151":"5 perc"},"schema":{"@context":"https:\/\/schema.org","@graph":[{"@type":"WebPage","@id":"https:\/\/www.walraven.com\/hu\/adatvedelem\/","url":"https:\/\/www.walraven.com\/hu\/adatvedelem\/","name":"Adatv\u00e9delem - Walraven Magyarorsz\u00e1g","isPartOf":{"@id":"https:\/\/www.walraven.com\/hu\/#website"},"datePublished":"2016-10-19T14:23:43+00:00","dateModified":"2021-03-30T12:36:13+00:00","breadcrumb":{"@id":"https:\/\/www.walraven.com\/hu\/adatvedelem\/#breadcrumb"},"inLanguage":"hu","potentialAction":[{"@type":"ReadAction","target":["https:\/\/www.walraven.com\/hu\/adatvedelem\/"]}]},{"@type":"BreadcrumbList","@id":"https:\/\/www.walraven.com\/hu\/adatvedelem\/#breadcrumb","itemListElement":[{"@type":"ListItem","position":1,"name":"Nyit\u00f3oldal","item":"https:\/\/www.walraven.com\/hu\/"},{"@type":"ListItem","position":2,"name":"Adatv\u00e9delem"}]},{"@type":"WebSite","@id":"https:\/\/www.walraven.com\/hu\/#website","url":"https:\/\/www.walraven.com\/hu\/","name":"Walraven Magyarorsz\u00e1g","description":"","publisher":{"@id":"https:\/\/www.walraven.com\/hu\/#organization"},"potentialAction":[{"@type":"SearchAction","target":{"@type":"EntryPoint","urlTemplate":"https:\/\/www.walraven.com\/hu\/?s={search_term_string}"},"query-input":{"@type":"PropertyValueSpecification","valueRequired":true,"valueName":"search_term_string"}}],"inLanguage":"hu"},{"@type":"Organization","@id":"https:\/\/www.walraven.com\/hu\/#organization","name":"Walraven Kft.","alternateName":"Walraven Kft.","url":"https:\/\/www.walraven.com\/hu\/","logo":{"@type":"ImageObject","inLanguage":"hu","@id":"https:\/\/www.walraven.com\/hu\/#\/schema\/logo\/image\/","url":"https:\/\/www.walraven.com\/hu\/wp-content\/uploads\/sites\/22\/2023\/12\/Walraven_logo300x300.jpg","contentUrl":"https:\/\/www.walraven.com\/hu\/wp-content\/uploads\/sites\/22\/2023\/12\/Walraven_logo300x300.jpg","width":300,"height":300,"caption":"Walraven Kft."},"image":{"@id":"https:\/\/www.walraven.com\/hu\/#\/schema\/logo\/image\/"},"sameAs":["https:\/\/www.facebook.com\/walravenkft","https:\/\/www.youtube.com\/channel\/UCAYB3Nqnqm5dofzMcQtFyvg","https:\/\/www.linkedin.com\/company\/walraven-hu\/"]}]}},"_links":{"self":[{"href":"https:\/\/www.walraven.com\/hu\/wp-json\/wp\/v2\/pages\/484","targetHints":{"allow":["GET"]}}],"collection":[{"href":"https:\/\/www.walraven.com\/hu\/wp-json\/wp\/v2\/pages"}],"about":[{"href":"https:\/\/www.walraven.com\/hu\/wp-json\/wp\/v2\/types\/page"}],"author":[{"embeddable":true,"href":"https:\/\/www.walraven.com\/hu\/wp-json\/wp\/v2\/users\/7"}],"replies":[{"embeddable":true,"href":"https:\/\/www.walraven.com\/hu\/wp-json\/wp\/v2\/comments?post=484"}],"version-history":[{"count":5,"href":"https:\/\/www.walraven.com\/hu\/wp-json\/wp\/v2\/pages\/484\/revisions"}],"predecessor-version":[{"id":27730,"href":"https:\/\/www.walraven.com\/hu\/wp-json\/wp\/v2\/pages\/484\/revisions\/27730"}],"wp:attachment":[{"href":"https:\/\/www.walraven.com\/hu\/wp-json\/wp\/v2\/media?parent=484"}],"curies":[{"name":"wp","href":"https:\/\/api.w.org\/{rel}","templated":true}]}}