{"id":10256,"date":"2019-03-15T15:53:27","date_gmt":"2019-03-15T14:53:27","guid":{"rendered":"https:\/\/www.walraven.com\/en\/?page_id=54128"},"modified":"2020-01-07T10:39:15","modified_gmt":"2020-01-07T09:39:15","slug":"pageidavimu-sarasas","status":"publish","type":"page","link":"https:\/\/www.walraven.com\/lt\/pageidavimu-sarasas\/","title":{"rendered":"Pageidavim\u0173 s\u0105ra\u0161as"},"content":{"rendered":"<p>Nor\u0117dami sukurti pageidavim\u0173 s\u0105ra\u0161\u0105, pasirinkite prekes i\u0161 <a href=\"\/lt\/products\/\">preki\u0173 katalogo<\/a>. Pageidavim\u0173 s\u0105ra\u0161as yra priemon\u0117, kuri padeda jums pateikti u\u017eklaus\u0105 platintojui. Tai n\u0117ra internetin\u0117 u\u017esakymo forma. J\u016bs galite sukurti produkt\u0173 s\u0105ra\u0161\u0105, kad j\u012f atsisi\u0173stum\u0117te arba i\u0161si\u0173stum\u0117te platintojui. Nor\u0117dami gauti j\u016bs\u0173 regione esan\u010di\u0173 platintoj\u0173 s\u0105ra\u0161\u0105, skambinkite m\u016bs\u0173 vidaus pardavim\u0173 komandai telefonu 01295 753400.<\/p>\n","protected":false},"excerpt":{"rendered":"<p>Nor\u0117dami sukurti pageidavim\u0173 s\u0105ra\u0161\u0105, pasirinkite prekes i\u0161 preki\u0173 katalogo. Pageidavim\u0173 s\u0105ra\u0161as yra priemon\u0117, kuri padeda jums pateikti u\u017eklaus\u0105 platintojui. Tai n\u0117ra internetin\u0117 u\u017esakymo forma. J\u016bs galite sukurti produkt\u0173 s\u0105ra\u0161\u0105, kad j\u012f atsisi\u0173stum\u0117te arba i\u0161si\u0173stum\u0117te platintojui. Nor\u0117dami gauti j\u016bs\u0173 regione esan\u010di\u0173 platintoj\u0173 s\u0105ra\u0161\u0105, skambinkite m\u016bs\u0173 vidaus pardavim\u0173 komandai telefonu 01295 753400.<\/p>\n","protected":false},"author":43,"featured_media":0,"parent":0,"menu_order":0,"comment_status":"closed","ping_status":"closed","template":"page-templates\/tpl-material-list.php","meta":{"_acf_changed":false,"footnotes":""},"class_list":["post-10256","page","type-page","status-publish","hentry"],"acf":[],"yoast_head":"<!-- This site is optimized with the Yoast SEO Premium plugin v27.3 (Yoast SEO v27.3) - https:\/\/yoast.com\/product\/yoast-seo-premium-wordpress\/ -->\n<title>Pageidavim\u0173 s\u0105ra\u0161as - Walraven Lithuania<\/title>\n<meta name=\"description\" content=\"The Walraven&#039;s wish list is intended as a tool to help you request a quotation from your distributor.\" \/>\n<meta name=\"robots\" content=\"index, follow, max-snippet:-1, max-image-preview:large, max-video-preview:-1\" \/>\n<link rel=\"canonical\" href=\"https:\/\/www.walraven.com\/lt\/pageidavimu-sarasas\/\" \/>\n<meta property=\"og:locale\" content=\"lt_LT\" \/>\n<meta property=\"og:type\" content=\"article\" \/>\n<meta property=\"og:title\" content=\"Pageidavim\u0173 s\u0105ra\u0161as\" \/>\n<meta property=\"og:description\" content=\"The Walraven&#039;s wish list is intended as a tool to help you request a quotation from your distributor.\" \/>\n<meta property=\"og:url\" content=\"https:\/\/www.walraven.com\/lt\/pageidavimu-sarasas\/\" \/>\n<meta property=\"og:site_name\" content=\"Walraven Lithuania\" \/>\n<meta property=\"article:modified_time\" content=\"2020-01-07T09:39:15+00:00\" \/>\n<meta name=\"twitter:card\" content=\"summary_large_image\" \/>\n<script type=\"application\/ld+json\" class=\"yoast-schema-graph\">{\"@context\":\"https:\\\/\\\/schema.org\",\"@graph\":[{\"@type\":\"WebPage\",\"@id\":\"https:\\\/\\\/www.walraven.com\\\/lt\\\/pageidavimu-sarasas\\\/\",\"url\":\"https:\\\/\\\/www.walraven.com\\\/lt\\\/pageidavimu-sarasas\\\/\",\"name\":\"Pageidavim\u0173 s\u0105ra\u0161as - Walraven Lithuania\",\"isPartOf\":{\"@id\":\"https:\\\/\\\/www.walraven.com\\\/lt\\\/#website\"},\"datePublished\":\"2019-03-15T14:53:27+00:00\",\"dateModified\":\"2020-01-07T09:39:15+00:00\",\"description\":\"The Walraven's wish list is intended as a tool to help you request a quotation from your distributor.\",\"breadcrumb\":{\"@id\":\"https:\\\/\\\/www.walraven.com\\\/lt\\\/pageidavimu-sarasas\\\/#breadcrumb\"},\"inLanguage\":\"lt-LT\",\"potentialAction\":[{\"@type\":\"ReadAction\",\"target\":[\"https:\\\/\\\/www.walraven.com\\\/lt\\\/pageidavimu-sarasas\\\/\"]}]},{\"@type\":\"BreadcrumbList\",\"@id\":\"https:\\\/\\\/www.walraven.com\\\/lt\\\/pageidavimu-sarasas\\\/#breadcrumb\",\"itemListElement\":[{\"@type\":\"ListItem\",\"position\":1,\"name\":\"Home\",\"item\":\"https:\\\/\\\/www.walraven.com\\\/lt\\\/\"},{\"@type\":\"ListItem\",\"position\":2,\"name\":\"Pageidavim\u0173 s\u0105ra\u0161as\"}]},{\"@type\":\"WebSite\",\"@id\":\"https:\\\/\\\/www.walraven.com\\\/lt\\\/#website\",\"url\":\"https:\\\/\\\/www.walraven.com\\\/lt\\\/\",\"name\":\"Walraven Lithuania\",\"description\":\"\",\"publisher\":{\"@id\":\"https:\\\/\\\/www.walraven.com\\\/lt\\\/#organization\"},\"potentialAction\":[{\"@type\":\"SearchAction\",\"target\":{\"@type\":\"EntryPoint\",\"urlTemplate\":\"https:\\\/\\\/www.walraven.com\\\/lt\\\/?s={search_term_string}\"},\"query-input\":{\"@type\":\"PropertyValueSpecification\",\"valueRequired\":true,\"valueName\":\"search_term_string\"}}],\"inLanguage\":\"lt-LT\"},{\"@type\":\"Organization\",\"@id\":\"https:\\\/\\\/www.walraven.com\\\/lt\\\/#organization\",\"name\":\"Walraven Sp. z o.o.\",\"url\":\"https:\\\/\\\/www.walraven.com\\\/lt\\\/\",\"logo\":{\"@type\":\"ImageObject\",\"inLanguage\":\"lt-LT\",\"@id\":\"https:\\\/\\\/www.walraven.com\\\/lt\\\/#\\\/schema\\\/logo\\\/image\\\/\",\"url\":\"https:\\\/\\\/www.walraven.com\\\/lt\\\/wp-content\\\/uploads\\\/sites\\\/32\\\/2023\\\/12\\\/Walraven_logo300x300.jpg\",\"contentUrl\":\"https:\\\/\\\/www.walraven.com\\\/lt\\\/wp-content\\\/uploads\\\/sites\\\/32\\\/2023\\\/12\\\/Walraven_logo300x300.jpg\",\"width\":300,\"height\":300,\"caption\":\"Walraven Sp. z o.o.\"},\"image\":{\"@id\":\"https:\\\/\\\/www.walraven.com\\\/lt\\\/#\\\/schema\\\/logo\\\/image\\\/\"}}]}<\/script>\n<!-- \/ Yoast SEO Premium plugin. -->","yoast_head_json":{"title":"Pageidavim\u0173 s\u0105ra\u0161as - Walraven Lithuania","description":"The Walraven's wish list is intended as a tool to help you request a quotation from your distributor.","robots":{"index":"index","follow":"follow","max-snippet":"max-snippet:-1","max-image-preview":"max-image-preview:large","max-video-preview":"max-video-preview:-1"},"canonical":"https:\/\/www.walraven.com\/lt\/pageidavimu-sarasas\/","og_locale":"lt_LT","og_type":"article","og_title":"Pageidavim\u0173 s\u0105ra\u0161as","og_description":"The Walraven's wish list is intended as a tool to help you request a quotation from your distributor.","og_url":"https:\/\/www.walraven.com\/lt\/pageidavimu-sarasas\/","og_site_name":"Walraven Lithuania","article_modified_time":"2020-01-07T09:39:15+00:00","twitter_card":"summary_large_image","schema":{"@context":"https:\/\/schema.org","@graph":[{"@type":"WebPage","@id":"https:\/\/www.walraven.com\/lt\/pageidavimu-sarasas\/","url":"https:\/\/www.walraven.com\/lt\/pageidavimu-sarasas\/","name":"Pageidavim\u0173 s\u0105ra\u0161as - Walraven Lithuania","isPartOf":{"@id":"https:\/\/www.walraven.com\/lt\/#website"},"datePublished":"2019-03-15T14:53:27+00:00","dateModified":"2020-01-07T09:39:15+00:00","description":"The Walraven's wish list is intended as a tool to help you request a quotation from your distributor.","breadcrumb":{"@id":"https:\/\/www.walraven.com\/lt\/pageidavimu-sarasas\/#breadcrumb"},"inLanguage":"lt-LT","potentialAction":[{"@type":"ReadAction","target":["https:\/\/www.walraven.com\/lt\/pageidavimu-sarasas\/"]}]},{"@type":"BreadcrumbList","@id":"https:\/\/www.walraven.com\/lt\/pageidavimu-sarasas\/#breadcrumb","itemListElement":[{"@type":"ListItem","position":1,"name":"Home","item":"https:\/\/www.walraven.com\/lt\/"},{"@type":"ListItem","position":2,"name":"Pageidavim\u0173 s\u0105ra\u0161as"}]},{"@type":"WebSite","@id":"https:\/\/www.walraven.com\/lt\/#website","url":"https:\/\/www.walraven.com\/lt\/","name":"Walraven Lithuania","description":"","publisher":{"@id":"https:\/\/www.walraven.com\/lt\/#organization"},"potentialAction":[{"@type":"SearchAction","target":{"@type":"EntryPoint","urlTemplate":"https:\/\/www.walraven.com\/lt\/?s={search_term_string}"},"query-input":{"@type":"PropertyValueSpecification","valueRequired":true,"valueName":"search_term_string"}}],"inLanguage":"lt-LT"},{"@type":"Organization","@id":"https:\/\/www.walraven.com\/lt\/#organization","name":"Walraven Sp. z o.o.","url":"https:\/\/www.walraven.com\/lt\/","logo":{"@type":"ImageObject","inLanguage":"lt-LT","@id":"https:\/\/www.walraven.com\/lt\/#\/schema\/logo\/image\/","url":"https:\/\/www.walraven.com\/lt\/wp-content\/uploads\/sites\/32\/2023\/12\/Walraven_logo300x300.jpg","contentUrl":"https:\/\/www.walraven.com\/lt\/wp-content\/uploads\/sites\/32\/2023\/12\/Walraven_logo300x300.jpg","width":300,"height":300,"caption":"Walraven Sp. z o.o."},"image":{"@id":"https:\/\/www.walraven.com\/lt\/#\/schema\/logo\/image\/"}}]}},"_links":{"self":[{"href":"https:\/\/www.walraven.com\/lt\/wp-json\/wp\/v2\/pages\/10256","targetHints":{"allow":["GET"]}}],"collection":[{"href":"https:\/\/www.walraven.com\/lt\/wp-json\/wp\/v2\/pages"}],"about":[{"href":"https:\/\/www.walraven.com\/lt\/wp-json\/wp\/v2\/types\/page"}],"author":[{"embeddable":true,"href":"https:\/\/www.walraven.com\/lt\/wp-json\/wp\/v2\/users\/43"}],"replies":[{"embeddable":true,"href":"https:\/\/www.walraven.com\/lt\/wp-json\/wp\/v2\/comments?post=10256"}],"version-history":[{"count":3,"href":"https:\/\/www.walraven.com\/lt\/wp-json\/wp\/v2\/pages\/10256\/revisions"}],"predecessor-version":[{"id":10637,"href":"https:\/\/www.walraven.com\/lt\/wp-json\/wp\/v2\/pages\/10256\/revisions\/10637"}],"wp:attachment":[{"href":"https:\/\/www.walraven.com\/lt\/wp-json\/wp\/v2\/media?parent=10256"}],"curies":[{"name":"wp","href":"https:\/\/api.w.org\/{rel}","templated":true}]}}