{"id":10262,"date":"2019-06-05T11:06:41","date_gmt":"2019-06-05T09:06:41","guid":{"rendered":"https:\/\/www.walraven.com\/en\/?page_id=54932"},"modified":"2021-07-27T17:43:28","modified_gmt":"2021-07-27T15:43:28","slug":"konsultacijos-vietoje","status":"publish","type":"page","link":"https:\/\/www.walraven.com\/lt\/parama-projektams\/konsultacijos-vietoje\/","title":{"rendered":"Konsultacijos vietoje"},"content":{"rendered":"","protected":false},"excerpt":{"rendered":"","protected":false},"author":43,"featured_media":0,"parent":10276,"menu_order":0,"comment_status":"closed","ping_status":"closed","template":"page-templates\/tpl-landingspage.php","meta":{"_acf_changed":false,"footnotes":""},"class_list":["post-10262","page","type-page","status-publish","hentry"],"acf":[],"yoast_head":"<!-- This site is optimized with the Yoast SEO Premium plugin v27.3 (Yoast SEO v27.3) - https:\/\/yoast.com\/product\/yoast-seo-premium-wordpress\/ -->\n<title>Consultation on site - Walraven<\/title>\n<meta name=\"description\" content=\"Kartais susiduriate su situacija, kurios ne\u012fmanoma i\u0161siai\u0161kinti pie\u0161iant, el. Pa\u0161tu ar telefonu. Tuomet papra\u0161ai pasikonsultuoti darbo vietoje.\" \/>\n<meta name=\"robots\" content=\"index, follow, max-snippet:-1, max-image-preview:large, max-video-preview:-1\" \/>\n<link rel=\"canonical\" href=\"https:\/\/www.walraven.com\/lt\/parama-projektams\/konsultacijos-vietoje\/\" \/>\n<meta property=\"og:locale\" content=\"lt_LT\" \/>\n<meta property=\"og:type\" content=\"article\" \/>\n<meta property=\"og:title\" content=\"Konsultacijos vietoje\" \/>\n<meta property=\"og:description\" content=\"Kartais susiduriate su situacija, kurios ne\u012fmanoma i\u0161siai\u0161kinti pie\u0161iant, el. Pa\u0161tu ar telefonu. Tuomet papra\u0161ai pasikonsultuoti darbo vietoje.\" \/>\n<meta property=\"og:url\" content=\"https:\/\/www.walraven.com\/lt\/parama-projektams\/konsultacijos-vietoje\/\" \/>\n<meta property=\"og:site_name\" content=\"Walraven Lithuania\" \/>\n<meta property=\"article:modified_time\" content=\"2021-07-27T15:43:28+00:00\" \/>\n<meta name=\"twitter:card\" content=\"summary_large_image\" \/>\n<script type=\"application\/ld+json\" class=\"yoast-schema-graph\">{\"@context\":\"https:\\\/\\\/schema.org\",\"@graph\":[{\"@type\":\"WebPage\",\"@id\":\"https:\\\/\\\/www.walraven.com\\\/lt\\\/parama-projektams\\\/konsultacijos-vietoje\\\/\",\"url\":\"https:\\\/\\\/www.walraven.com\\\/lt\\\/parama-projektams\\\/konsultacijos-vietoje\\\/\",\"name\":\"Consultation on site - Walraven\",\"isPartOf\":{\"@id\":\"https:\\\/\\\/www.walraven.com\\\/lt\\\/#website\"},\"datePublished\":\"2019-06-05T09:06:41+00:00\",\"dateModified\":\"2021-07-27T15:43:28+00:00\",\"description\":\"Kartais susiduriate su situacija, kurios ne\u012fmanoma i\u0161siai\u0161kinti pie\u0161iant, el. Pa\u0161tu ar telefonu. Tuomet papra\u0161ai pasikonsultuoti darbo vietoje.\",\"breadcrumb\":{\"@id\":\"https:\\\/\\\/www.walraven.com\\\/lt\\\/parama-projektams\\\/konsultacijos-vietoje\\\/#breadcrumb\"},\"inLanguage\":\"lt-LT\",\"potentialAction\":[{\"@type\":\"ReadAction\",\"target\":[\"https:\\\/\\\/www.walraven.com\\\/lt\\\/parama-projektams\\\/konsultacijos-vietoje\\\/\"]}]},{\"@type\":\"BreadcrumbList\",\"@id\":\"https:\\\/\\\/www.walraven.com\\\/lt\\\/parama-projektams\\\/konsultacijos-vietoje\\\/#breadcrumb\",\"itemListElement\":[{\"@type\":\"ListItem\",\"position\":1,\"name\":\"Home\",\"item\":\"https:\\\/\\\/www.walraven.com\\\/lt\\\/\"},{\"@type\":\"ListItem\",\"position\":2,\"name\":\"Parama projektams\",\"item\":\"https:\\\/\\\/www.walraven.com\\\/lt\\\/parama-projektams\\\/\"},{\"@type\":\"ListItem\",\"position\":3,\"name\":\"Konsultacijos vietoje\"}]},{\"@type\":\"WebSite\",\"@id\":\"https:\\\/\\\/www.walraven.com\\\/lt\\\/#website\",\"url\":\"https:\\\/\\\/www.walraven.com\\\/lt\\\/\",\"name\":\"Walraven Lithuania\",\"description\":\"\",\"publisher\":{\"@id\":\"https:\\\/\\\/www.walraven.com\\\/lt\\\/#organization\"},\"potentialAction\":[{\"@type\":\"SearchAction\",\"target\":{\"@type\":\"EntryPoint\",\"urlTemplate\":\"https:\\\/\\\/www.walraven.com\\\/lt\\\/?s={search_term_string}\"},\"query-input\":{\"@type\":\"PropertyValueSpecification\",\"valueRequired\":true,\"valueName\":\"search_term_string\"}}],\"inLanguage\":\"lt-LT\"},{\"@type\":\"Organization\",\"@id\":\"https:\\\/\\\/www.walraven.com\\\/lt\\\/#organization\",\"name\":\"Walraven Sp. z o.o.\",\"url\":\"https:\\\/\\\/www.walraven.com\\\/lt\\\/\",\"logo\":{\"@type\":\"ImageObject\",\"inLanguage\":\"lt-LT\",\"@id\":\"https:\\\/\\\/www.walraven.com\\\/lt\\\/#\\\/schema\\\/logo\\\/image\\\/\",\"url\":\"https:\\\/\\\/www.walraven.com\\\/lt\\\/wp-content\\\/uploads\\\/sites\\\/32\\\/2023\\\/12\\\/Walraven_logo300x300.jpg\",\"contentUrl\":\"https:\\\/\\\/www.walraven.com\\\/lt\\\/wp-content\\\/uploads\\\/sites\\\/32\\\/2023\\\/12\\\/Walraven_logo300x300.jpg\",\"width\":300,\"height\":300,\"caption\":\"Walraven Sp. z o.o.\"},\"image\":{\"@id\":\"https:\\\/\\\/www.walraven.com\\\/lt\\\/#\\\/schema\\\/logo\\\/image\\\/\"}}]}<\/script>\n<!-- \/ Yoast SEO Premium plugin. -->","yoast_head_json":{"title":"Consultation on site - Walraven","description":"Kartais susiduriate su situacija, kurios ne\u012fmanoma i\u0161siai\u0161kinti pie\u0161iant, el. Pa\u0161tu ar telefonu. Tuomet papra\u0161ai pasikonsultuoti darbo vietoje.","robots":{"index":"index","follow":"follow","max-snippet":"max-snippet:-1","max-image-preview":"max-image-preview:large","max-video-preview":"max-video-preview:-1"},"canonical":"https:\/\/www.walraven.com\/lt\/parama-projektams\/konsultacijos-vietoje\/","og_locale":"lt_LT","og_type":"article","og_title":"Konsultacijos vietoje","og_description":"Kartais susiduriate su situacija, kurios ne\u012fmanoma i\u0161siai\u0161kinti pie\u0161iant, el. Pa\u0161tu ar telefonu. Tuomet papra\u0161ai pasikonsultuoti darbo vietoje.","og_url":"https:\/\/www.walraven.com\/lt\/parama-projektams\/konsultacijos-vietoje\/","og_site_name":"Walraven Lithuania","article_modified_time":"2021-07-27T15:43:28+00:00","twitter_card":"summary_large_image","schema":{"@context":"https:\/\/schema.org","@graph":[{"@type":"WebPage","@id":"https:\/\/www.walraven.com\/lt\/parama-projektams\/konsultacijos-vietoje\/","url":"https:\/\/www.walraven.com\/lt\/parama-projektams\/konsultacijos-vietoje\/","name":"Consultation on site - Walraven","isPartOf":{"@id":"https:\/\/www.walraven.com\/lt\/#website"},"datePublished":"2019-06-05T09:06:41+00:00","dateModified":"2021-07-27T15:43:28+00:00","description":"Kartais susiduriate su situacija, kurios ne\u012fmanoma i\u0161siai\u0161kinti pie\u0161iant, el. Pa\u0161tu ar telefonu. Tuomet papra\u0161ai pasikonsultuoti darbo vietoje.","breadcrumb":{"@id":"https:\/\/www.walraven.com\/lt\/parama-projektams\/konsultacijos-vietoje\/#breadcrumb"},"inLanguage":"lt-LT","potentialAction":[{"@type":"ReadAction","target":["https:\/\/www.walraven.com\/lt\/parama-projektams\/konsultacijos-vietoje\/"]}]},{"@type":"BreadcrumbList","@id":"https:\/\/www.walraven.com\/lt\/parama-projektams\/konsultacijos-vietoje\/#breadcrumb","itemListElement":[{"@type":"ListItem","position":1,"name":"Home","item":"https:\/\/www.walraven.com\/lt\/"},{"@type":"ListItem","position":2,"name":"Parama projektams","item":"https:\/\/www.walraven.com\/lt\/parama-projektams\/"},{"@type":"ListItem","position":3,"name":"Konsultacijos vietoje"}]},{"@type":"WebSite","@id":"https:\/\/www.walraven.com\/lt\/#website","url":"https:\/\/www.walraven.com\/lt\/","name":"Walraven Lithuania","description":"","publisher":{"@id":"https:\/\/www.walraven.com\/lt\/#organization"},"potentialAction":[{"@type":"SearchAction","target":{"@type":"EntryPoint","urlTemplate":"https:\/\/www.walraven.com\/lt\/?s={search_term_string}"},"query-input":{"@type":"PropertyValueSpecification","valueRequired":true,"valueName":"search_term_string"}}],"inLanguage":"lt-LT"},{"@type":"Organization","@id":"https:\/\/www.walraven.com\/lt\/#organization","name":"Walraven Sp. z o.o.","url":"https:\/\/www.walraven.com\/lt\/","logo":{"@type":"ImageObject","inLanguage":"lt-LT","@id":"https:\/\/www.walraven.com\/lt\/#\/schema\/logo\/image\/","url":"https:\/\/www.walraven.com\/lt\/wp-content\/uploads\/sites\/32\/2023\/12\/Walraven_logo300x300.jpg","contentUrl":"https:\/\/www.walraven.com\/lt\/wp-content\/uploads\/sites\/32\/2023\/12\/Walraven_logo300x300.jpg","width":300,"height":300,"caption":"Walraven Sp. z o.o."},"image":{"@id":"https:\/\/www.walraven.com\/lt\/#\/schema\/logo\/image\/"}}]}},"_links":{"self":[{"href":"https:\/\/www.walraven.com\/lt\/wp-json\/wp\/v2\/pages\/10262","targetHints":{"allow":["GET"]}}],"collection":[{"href":"https:\/\/www.walraven.com\/lt\/wp-json\/wp\/v2\/pages"}],"about":[{"href":"https:\/\/www.walraven.com\/lt\/wp-json\/wp\/v2\/types\/page"}],"author":[{"embeddable":true,"href":"https:\/\/www.walraven.com\/lt\/wp-json\/wp\/v2\/users\/43"}],"replies":[{"embeddable":true,"href":"https:\/\/www.walraven.com\/lt\/wp-json\/wp\/v2\/comments?post=10262"}],"version-history":[{"count":2,"href":"https:\/\/www.walraven.com\/lt\/wp-json\/wp\/v2\/pages\/10262\/revisions"}],"predecessor-version":[{"id":10653,"href":"https:\/\/www.walraven.com\/lt\/wp-json\/wp\/v2\/pages\/10262\/revisions\/10653"}],"up":[{"embeddable":true,"href":"https:\/\/www.walraven.com\/lt\/wp-json\/wp\/v2\/pages\/10276"}],"wp:attachment":[{"href":"https:\/\/www.walraven.com\/lt\/wp-json\/wp\/v2\/media?parent=10262"}],"curies":[{"name":"wp","href":"https:\/\/api.w.org\/{rel}","templated":true}]}}