{"id":10440,"date":"2019-08-30T14:13:25","date_gmt":"2019-08-30T12:13:25","guid":{"rendered":"https:\/\/www.walraven.com\/lt\/?page_id=10440"},"modified":"2026-01-27T13:52:22","modified_gmt":"2026-01-27T12:52:22","slug":"darbas-walraven-kompanijoje","status":"publish","type":"page","link":"https:\/\/www.walraven.com\/lt\/darbas-walraven-kompanijoje\/","title":{"rendered":"Tapkite tarptautin\u0117s kompanijos dalimi"},"content":{"rendered":"","protected":false},"excerpt":{"rendered":"","protected":false},"author":43,"featured_media":0,"parent":0,"menu_order":0,"comment_status":"closed","ping_status":"closed","template":"page-templates\/tpl-landingspage.php","meta":{"_acf_changed":false,"footnotes":""},"class_list":["post-10440","page","type-page","status-publish","hentry"],"acf":[],"yoast_head":"<!-- This site is optimized with the Yoast SEO Premium plugin v27.3 (Yoast SEO v27.3) - https:\/\/yoast.com\/product\/yoast-seo-premium-wordpress\/ -->\n<title>Tapkite tarptautin\u0117s kompanijos dalimi - Walraven Lithuania<\/title>\n<meta name=\"description\" content=\"\u201eWalraven\u201c grup\u0117 yra spar\u010diai auganti \u012fmon\u0117, joje dirba daugiau nei t\u016bkstantis \u017emoni\u0173 visame pasaulyje. Su\u017einokite daugiau apie tai, kas yra darbas \u201eWalraven\u201c, ir dabartines darbo galimybes m\u016bs\u0173 tinklalapyje.\" \/>\n<meta name=\"robots\" content=\"index, follow, max-snippet:-1, max-image-preview:large, max-video-preview:-1\" \/>\n<link rel=\"canonical\" href=\"https:\/\/www.walraven.com\/lt\/darbas-walraven-kompanijoje\/\" \/>\n<meta property=\"og:locale\" content=\"lt_LT\" \/>\n<meta property=\"og:type\" content=\"article\" \/>\n<meta property=\"og:title\" content=\"Tapkite tarptautin\u0117s kompanijos dalimi\" \/>\n<meta property=\"og:description\" content=\"\u201eWalraven\u201c grup\u0117 yra spar\u010diai auganti \u012fmon\u0117, joje dirba daugiau nei t\u016bkstantis \u017emoni\u0173 visame pasaulyje. Su\u017einokite daugiau apie tai, kas yra darbas \u201eWalraven\u201c, ir dabartines darbo galimybes m\u016bs\u0173 tinklalapyje.\" \/>\n<meta property=\"og:url\" content=\"https:\/\/www.walraven.com\/lt\/darbas-walraven-kompanijoje\/\" \/>\n<meta property=\"og:site_name\" content=\"Walraven Lithuania\" \/>\n<meta property=\"article:modified_time\" content=\"2026-01-27T12:52:22+00:00\" \/>\n<meta name=\"twitter:card\" content=\"summary_large_image\" \/>\n<meta name=\"twitter:label1\" content=\"Est. reading time\" \/>\n\t<meta name=\"twitter:data1\" content=\"4 minut\u0117s\" \/>\n<script type=\"application\/ld+json\" class=\"yoast-schema-graph\">{\"@context\":\"https:\\\/\\\/schema.org\",\"@graph\":[{\"@type\":\"WebPage\",\"@id\":\"https:\\\/\\\/www.walraven.com\\\/lt\\\/darbas-walraven-kompanijoje\\\/\",\"url\":\"https:\\\/\\\/www.walraven.com\\\/lt\\\/darbas-walraven-kompanijoje\\\/\",\"name\":\"Tapkite tarptautin\u0117s kompanijos dalimi - Walraven Lithuania\",\"isPartOf\":{\"@id\":\"https:\\\/\\\/www.walraven.com\\\/lt\\\/#website\"},\"datePublished\":\"2019-08-30T12:13:25+00:00\",\"dateModified\":\"2026-01-27T12:52:22+00:00\",\"description\":\"\u201eWalraven\u201c grup\u0117 yra spar\u010diai auganti \u012fmon\u0117, joje dirba daugiau nei t\u016bkstantis \u017emoni\u0173 visame pasaulyje. Su\u017einokite daugiau apie tai, kas yra darbas \u201eWalraven\u201c, ir dabartines darbo galimybes m\u016bs\u0173 tinklalapyje.\",\"breadcrumb\":{\"@id\":\"https:\\\/\\\/www.walraven.com\\\/lt\\\/darbas-walraven-kompanijoje\\\/#breadcrumb\"},\"inLanguage\":\"lt-LT\",\"potentialAction\":[{\"@type\":\"ReadAction\",\"target\":[\"https:\\\/\\\/www.walraven.com\\\/lt\\\/darbas-walraven-kompanijoje\\\/\"]}]},{\"@type\":\"BreadcrumbList\",\"@id\":\"https:\\\/\\\/www.walraven.com\\\/lt\\\/darbas-walraven-kompanijoje\\\/#breadcrumb\",\"itemListElement\":[{\"@type\":\"ListItem\",\"position\":1,\"name\":\"Home\",\"item\":\"https:\\\/\\\/www.walraven.com\\\/lt\\\/\"},{\"@type\":\"ListItem\",\"position\":2,\"name\":\"Tapkite tarptautin\u0117s kompanijos dalimi\"}]},{\"@type\":\"WebSite\",\"@id\":\"https:\\\/\\\/www.walraven.com\\\/lt\\\/#website\",\"url\":\"https:\\\/\\\/www.walraven.com\\\/lt\\\/\",\"name\":\"Walraven Lithuania\",\"description\":\"\",\"publisher\":{\"@id\":\"https:\\\/\\\/www.walraven.com\\\/lt\\\/#organization\"},\"potentialAction\":[{\"@type\":\"SearchAction\",\"target\":{\"@type\":\"EntryPoint\",\"urlTemplate\":\"https:\\\/\\\/www.walraven.com\\\/lt\\\/?s={search_term_string}\"},\"query-input\":{\"@type\":\"PropertyValueSpecification\",\"valueRequired\":true,\"valueName\":\"search_term_string\"}}],\"inLanguage\":\"lt-LT\"},{\"@type\":\"Organization\",\"@id\":\"https:\\\/\\\/www.walraven.com\\\/lt\\\/#organization\",\"name\":\"Walraven Sp. z o.o.\",\"url\":\"https:\\\/\\\/www.walraven.com\\\/lt\\\/\",\"logo\":{\"@type\":\"ImageObject\",\"inLanguage\":\"lt-LT\",\"@id\":\"https:\\\/\\\/www.walraven.com\\\/lt\\\/#\\\/schema\\\/logo\\\/image\\\/\",\"url\":\"https:\\\/\\\/www.walraven.com\\\/lt\\\/wp-content\\\/uploads\\\/sites\\\/32\\\/2023\\\/12\\\/Walraven_logo300x300.jpg\",\"contentUrl\":\"https:\\\/\\\/www.walraven.com\\\/lt\\\/wp-content\\\/uploads\\\/sites\\\/32\\\/2023\\\/12\\\/Walraven_logo300x300.jpg\",\"width\":300,\"height\":300,\"caption\":\"Walraven Sp. z o.o.\"},\"image\":{\"@id\":\"https:\\\/\\\/www.walraven.com\\\/lt\\\/#\\\/schema\\\/logo\\\/image\\\/\"}}]}<\/script>\n<!-- \/ Yoast SEO Premium plugin. -->","yoast_head_json":{"title":"Tapkite tarptautin\u0117s kompanijos dalimi - Walraven Lithuania","description":"\u201eWalraven\u201c grup\u0117 yra spar\u010diai auganti \u012fmon\u0117, joje dirba daugiau nei t\u016bkstantis \u017emoni\u0173 visame pasaulyje. Su\u017einokite daugiau apie tai, kas yra darbas \u201eWalraven\u201c, ir dabartines darbo galimybes m\u016bs\u0173 tinklalapyje.","robots":{"index":"index","follow":"follow","max-snippet":"max-snippet:-1","max-image-preview":"max-image-preview:large","max-video-preview":"max-video-preview:-1"},"canonical":"https:\/\/www.walraven.com\/lt\/darbas-walraven-kompanijoje\/","og_locale":"lt_LT","og_type":"article","og_title":"Tapkite tarptautin\u0117s kompanijos dalimi","og_description":"\u201eWalraven\u201c grup\u0117 yra spar\u010diai auganti \u012fmon\u0117, joje dirba daugiau nei t\u016bkstantis \u017emoni\u0173 visame pasaulyje. Su\u017einokite daugiau apie tai, kas yra darbas \u201eWalraven\u201c, ir dabartines darbo galimybes m\u016bs\u0173 tinklalapyje.","og_url":"https:\/\/www.walraven.com\/lt\/darbas-walraven-kompanijoje\/","og_site_name":"Walraven Lithuania","article_modified_time":"2026-01-27T12:52:22+00:00","twitter_card":"summary_large_image","twitter_misc":{"Est. reading time":"4 minut\u0117s"},"schema":{"@context":"https:\/\/schema.org","@graph":[{"@type":"WebPage","@id":"https:\/\/www.walraven.com\/lt\/darbas-walraven-kompanijoje\/","url":"https:\/\/www.walraven.com\/lt\/darbas-walraven-kompanijoje\/","name":"Tapkite tarptautin\u0117s kompanijos dalimi - Walraven Lithuania","isPartOf":{"@id":"https:\/\/www.walraven.com\/lt\/#website"},"datePublished":"2019-08-30T12:13:25+00:00","dateModified":"2026-01-27T12:52:22+00:00","description":"\u201eWalraven\u201c grup\u0117 yra spar\u010diai auganti \u012fmon\u0117, joje dirba daugiau nei t\u016bkstantis \u017emoni\u0173 visame pasaulyje. Su\u017einokite daugiau apie tai, kas yra darbas \u201eWalraven\u201c, ir dabartines darbo galimybes m\u016bs\u0173 tinklalapyje.","breadcrumb":{"@id":"https:\/\/www.walraven.com\/lt\/darbas-walraven-kompanijoje\/#breadcrumb"},"inLanguage":"lt-LT","potentialAction":[{"@type":"ReadAction","target":["https:\/\/www.walraven.com\/lt\/darbas-walraven-kompanijoje\/"]}]},{"@type":"BreadcrumbList","@id":"https:\/\/www.walraven.com\/lt\/darbas-walraven-kompanijoje\/#breadcrumb","itemListElement":[{"@type":"ListItem","position":1,"name":"Home","item":"https:\/\/www.walraven.com\/lt\/"},{"@type":"ListItem","position":2,"name":"Tapkite tarptautin\u0117s kompanijos dalimi"}]},{"@type":"WebSite","@id":"https:\/\/www.walraven.com\/lt\/#website","url":"https:\/\/www.walraven.com\/lt\/","name":"Walraven Lithuania","description":"","publisher":{"@id":"https:\/\/www.walraven.com\/lt\/#organization"},"potentialAction":[{"@type":"SearchAction","target":{"@type":"EntryPoint","urlTemplate":"https:\/\/www.walraven.com\/lt\/?s={search_term_string}"},"query-input":{"@type":"PropertyValueSpecification","valueRequired":true,"valueName":"search_term_string"}}],"inLanguage":"lt-LT"},{"@type":"Organization","@id":"https:\/\/www.walraven.com\/lt\/#organization","name":"Walraven Sp. z o.o.","url":"https:\/\/www.walraven.com\/lt\/","logo":{"@type":"ImageObject","inLanguage":"lt-LT","@id":"https:\/\/www.walraven.com\/lt\/#\/schema\/logo\/image\/","url":"https:\/\/www.walraven.com\/lt\/wp-content\/uploads\/sites\/32\/2023\/12\/Walraven_logo300x300.jpg","contentUrl":"https:\/\/www.walraven.com\/lt\/wp-content\/uploads\/sites\/32\/2023\/12\/Walraven_logo300x300.jpg","width":300,"height":300,"caption":"Walraven Sp. z o.o."},"image":{"@id":"https:\/\/www.walraven.com\/lt\/#\/schema\/logo\/image\/"}}]}},"_links":{"self":[{"href":"https:\/\/www.walraven.com\/lt\/wp-json\/wp\/v2\/pages\/10440","targetHints":{"allow":["GET"]}}],"collection":[{"href":"https:\/\/www.walraven.com\/lt\/wp-json\/wp\/v2\/pages"}],"about":[{"href":"https:\/\/www.walraven.com\/lt\/wp-json\/wp\/v2\/types\/page"}],"author":[{"embeddable":true,"href":"https:\/\/www.walraven.com\/lt\/wp-json\/wp\/v2\/users\/43"}],"replies":[{"embeddable":true,"href":"https:\/\/www.walraven.com\/lt\/wp-json\/wp\/v2\/comments?post=10440"}],"version-history":[{"count":5,"href":"https:\/\/www.walraven.com\/lt\/wp-json\/wp\/v2\/pages\/10440\/revisions"}],"predecessor-version":[{"id":37053,"href":"https:\/\/www.walraven.com\/lt\/wp-json\/wp\/v2\/pages\/10440\/revisions\/37053"}],"wp:attachment":[{"href":"https:\/\/www.walraven.com\/lt\/wp-json\/wp\/v2\/media?parent=10440"}],"curies":[{"name":"wp","href":"https:\/\/api.w.org\/{rel}","templated":true}]}}