{"id":27491,"date":"2025-09-01T16:12:23","date_gmt":"2025-09-01T14:12:23","guid":{"rendered":"https:\/\/example.walraven.com\/?page_id=154713"},"modified":"2025-10-27T15:47:37","modified_gmt":"2025-10-27T14:47:37","slug":"support-form","status":"publish","type":"page","link":"https:\/\/www.walraven.com\/lt\/channel-systems\/support-form\/","title":{"rendered":"Papasakokite mums apie savo i\u0161\u0161\u016bkius ir su\u017einokite, kaip m\u016bs\u0173 ekspertai gali jums pad\u0117ti!"},"content":{"rendered":"<div class=\"ms-form\"><div\r\n        data-form-id='0749aabb-da9d-f011-b41c-6045bdf575f7'\r\n        data-form-api-url='https:\/\/public-eur.mkt.dynamics.com\/api\/v1.0\/orgs\/2cd7df8f-f10a-4dbf-abd6-99a66c64630a\/landingpageforms'\r\n        data-cached-form-url='https:\/\/assets1-eur.mkt.dynamics.com\/2cd7df8f-f10a-4dbf-abd6-99a66c64630a\/digitalassets\/forms\/0749aabb-da9d-f011-b41c-6045bdf575f7' ><\/div>\r\n        <script src = 'https:\/\/cxppusa1formui01cdnsa01-endpoint.azureedge.net\/eur\/FormLoader\/FormLoader.bundle.js' ><\/script><\/div>\n<div class='content-column one_third last_column'><img loading=\"lazy\" decoding=\"async\" class=\"alignnone size-medium wp-image-154535\" src=\"https:\/\/example.walraven.com\/wp-content\/uploads\/sites\/2\/2025\/07\/Walraven_Channel_Systems_Campaign_Page-4-300x257.jpeg\" alt=\"Walraven technical support and prefab\" width=\"300\" height=\"257\" \/><\/div><div class='clear_column'><\/div>\n","protected":false},"excerpt":{"rendered":"","protected":false},"author":43,"featured_media":0,"parent":27493,"menu_order":0,"comment_status":"closed","ping_status":"closed","template":"page-templates\/tpl-landingspage.php","meta":{"_acf_changed":false,"footnotes":""},"class_list":["post-27491","page","type-page","status-publish","hentry"],"acf":[],"yoast_head":"<!-- This site is optimized with the Yoast SEO Premium plugin v27.3 (Yoast SEO v27.3) - https:\/\/yoast.com\/product\/yoast-seo-premium-wordpress\/ -->\n<title>Papasakokite mums apie savo i\u0161\u0161\u016bkius ir su\u017einokite, kaip m\u016bs\u0173 ekspertai gali jums pad\u0117ti! - Walraven Lithuania<\/title>\n<meta name=\"description\" content=\"Papasakokite mums daugiau apie savo problem\u0105 ir su\u017einokite m\u016bs\u0173 ekspert\u0173 patarimus! Skai\u010diavimai, in\u017einerija, konsultacijos vietoje ar i\u0161ankstinis gamybos paruo\u0161imas!\" \/>\n<meta name=\"robots\" content=\"index, follow, max-snippet:-1, max-image-preview:large, max-video-preview:-1\" \/>\n<link rel=\"canonical\" href=\"https:\/\/www.walraven.com\/lt\/channel-systems\/support-form\/\" \/>\n<meta property=\"og:locale\" content=\"lt_LT\" \/>\n<meta property=\"og:type\" content=\"article\" \/>\n<meta property=\"og:title\" content=\"Papasakokite mums apie savo i\u0161\u0161\u016bkius ir su\u017einokite, kaip m\u016bs\u0173 ekspertai gali jums pad\u0117ti!\" \/>\n<meta property=\"og:description\" content=\"Papasakokite mums daugiau apie savo problem\u0105 ir su\u017einokite m\u016bs\u0173 ekspert\u0173 patarimus! Skai\u010diavimai, in\u017einerija, konsultacijos vietoje ar i\u0161ankstinis gamybos paruo\u0161imas!\" \/>\n<meta property=\"og:url\" content=\"https:\/\/www.walraven.com\/lt\/channel-systems\/support-form\/\" \/>\n<meta property=\"og:site_name\" content=\"Walraven Lithuania\" \/>\n<meta property=\"article:modified_time\" content=\"2025-10-27T14:47:37+00:00\" \/>\n<meta name=\"twitter:card\" content=\"summary_large_image\" \/>\n<meta name=\"twitter:label1\" content=\"Est. reading time\" \/>\n\t<meta name=\"twitter:data1\" content=\"1 minut\u0117\" \/>\n<script type=\"application\/ld+json\" class=\"yoast-schema-graph\">{\"@context\":\"https:\\\/\\\/schema.org\",\"@graph\":[{\"@type\":\"WebPage\",\"@id\":\"https:\\\/\\\/www.walraven.com\\\/lt\\\/channel-systems\\\/support-form\\\/\",\"url\":\"https:\\\/\\\/www.walraven.com\\\/lt\\\/channel-systems\\\/support-form\\\/\",\"name\":\"Papasakokite mums apie savo i\u0161\u0161\u016bkius ir su\u017einokite, kaip m\u016bs\u0173 ekspertai gali jums pad\u0117ti! - Walraven Lithuania\",\"isPartOf\":{\"@id\":\"https:\\\/\\\/www.walraven.com\\\/lt\\\/#website\"},\"primaryImageOfPage\":{\"@id\":\"https:\\\/\\\/www.walraven.com\\\/lt\\\/channel-systems\\\/support-form\\\/#primaryimage\"},\"image\":{\"@id\":\"https:\\\/\\\/www.walraven.com\\\/lt\\\/channel-systems\\\/support-form\\\/#primaryimage\"},\"thumbnailUrl\":\"https:\\\/\\\/example.walraven.com\\\/wp-content\\\/uploads\\\/sites\\\/2\\\/2025\\\/07\\\/Walraven_Channel_Systems_Campaign_Page-4-300x257.jpeg\",\"datePublished\":\"2025-09-01T14:12:23+00:00\",\"dateModified\":\"2025-10-27T14:47:37+00:00\",\"description\":\"Papasakokite mums daugiau apie savo problem\u0105 ir su\u017einokite m\u016bs\u0173 ekspert\u0173 patarimus! Skai\u010diavimai, in\u017einerija, konsultacijos vietoje ar i\u0161ankstinis gamybos paruo\u0161imas!\",\"breadcrumb\":{\"@id\":\"https:\\\/\\\/www.walraven.com\\\/lt\\\/channel-systems\\\/support-form\\\/#breadcrumb\"},\"inLanguage\":\"lt-LT\",\"potentialAction\":[{\"@type\":\"ReadAction\",\"target\":[\"https:\\\/\\\/www.walraven.com\\\/lt\\\/channel-systems\\\/support-form\\\/\"]}]},{\"@type\":\"ImageObject\",\"inLanguage\":\"lt-LT\",\"@id\":\"https:\\\/\\\/www.walraven.com\\\/lt\\\/channel-systems\\\/support-form\\\/#primaryimage\",\"url\":\"https:\\\/\\\/example.walraven.com\\\/wp-content\\\/uploads\\\/sites\\\/2\\\/2025\\\/07\\\/Walraven_Channel_Systems_Campaign_Page-4-300x257.jpeg\",\"contentUrl\":\"https:\\\/\\\/example.walraven.com\\\/wp-content\\\/uploads\\\/sites\\\/2\\\/2025\\\/07\\\/Walraven_Channel_Systems_Campaign_Page-4-300x257.jpeg\"},{\"@type\":\"BreadcrumbList\",\"@id\":\"https:\\\/\\\/www.walraven.com\\\/lt\\\/channel-systems\\\/support-form\\\/#breadcrumb\",\"itemListElement\":[{\"@type\":\"ListItem\",\"position\":1,\"name\":\"Home\",\"item\":\"https:\\\/\\\/www.walraven.com\\\/lt\\\/\"},{\"@type\":\"ListItem\",\"position\":2,\"name\":\"&#8220;Walraven&#8221; kanal\u0173 sistemos supaprastina j\u016bs\u0173 \u0160VOK \u012frengim\u0105\",\"item\":\"https:\\\/\\\/www.walraven.com\\\/lt\\\/channel-systems\\\/\"},{\"@type\":\"ListItem\",\"position\":3,\"name\":\"Papasakokite mums apie savo i\u0161\u0161\u016bkius ir su\u017einokite, kaip m\u016bs\u0173 ekspertai gali jums pad\u0117ti!\"}]},{\"@type\":\"WebSite\",\"@id\":\"https:\\\/\\\/www.walraven.com\\\/lt\\\/#website\",\"url\":\"https:\\\/\\\/www.walraven.com\\\/lt\\\/\",\"name\":\"Walraven Lithuania\",\"description\":\"\",\"publisher\":{\"@id\":\"https:\\\/\\\/www.walraven.com\\\/lt\\\/#organization\"},\"potentialAction\":[{\"@type\":\"SearchAction\",\"target\":{\"@type\":\"EntryPoint\",\"urlTemplate\":\"https:\\\/\\\/www.walraven.com\\\/lt\\\/?s={search_term_string}\"},\"query-input\":{\"@type\":\"PropertyValueSpecification\",\"valueRequired\":true,\"valueName\":\"search_term_string\"}}],\"inLanguage\":\"lt-LT\"},{\"@type\":\"Organization\",\"@id\":\"https:\\\/\\\/www.walraven.com\\\/lt\\\/#organization\",\"name\":\"Walraven Sp. z o.o.\",\"url\":\"https:\\\/\\\/www.walraven.com\\\/lt\\\/\",\"logo\":{\"@type\":\"ImageObject\",\"inLanguage\":\"lt-LT\",\"@id\":\"https:\\\/\\\/www.walraven.com\\\/lt\\\/#\\\/schema\\\/logo\\\/image\\\/\",\"url\":\"https:\\\/\\\/www.walraven.com\\\/lt\\\/wp-content\\\/uploads\\\/sites\\\/32\\\/2023\\\/12\\\/Walraven_logo300x300.jpg\",\"contentUrl\":\"https:\\\/\\\/www.walraven.com\\\/lt\\\/wp-content\\\/uploads\\\/sites\\\/32\\\/2023\\\/12\\\/Walraven_logo300x300.jpg\",\"width\":300,\"height\":300,\"caption\":\"Walraven Sp. z o.o.\"},\"image\":{\"@id\":\"https:\\\/\\\/www.walraven.com\\\/lt\\\/#\\\/schema\\\/logo\\\/image\\\/\"}}]}<\/script>\n<!-- \/ Yoast SEO Premium plugin. -->","yoast_head_json":{"title":"Papasakokite mums apie savo i\u0161\u0161\u016bkius ir su\u017einokite, kaip m\u016bs\u0173 ekspertai gali jums pad\u0117ti! - Walraven Lithuania","description":"Papasakokite mums daugiau apie savo problem\u0105 ir su\u017einokite m\u016bs\u0173 ekspert\u0173 patarimus! Skai\u010diavimai, in\u017einerija, konsultacijos vietoje ar i\u0161ankstinis gamybos paruo\u0161imas!","robots":{"index":"index","follow":"follow","max-snippet":"max-snippet:-1","max-image-preview":"max-image-preview:large","max-video-preview":"max-video-preview:-1"},"canonical":"https:\/\/www.walraven.com\/lt\/channel-systems\/support-form\/","og_locale":"lt_LT","og_type":"article","og_title":"Papasakokite mums apie savo i\u0161\u0161\u016bkius ir su\u017einokite, kaip m\u016bs\u0173 ekspertai gali jums pad\u0117ti!","og_description":"Papasakokite mums daugiau apie savo problem\u0105 ir su\u017einokite m\u016bs\u0173 ekspert\u0173 patarimus! Skai\u010diavimai, in\u017einerija, konsultacijos vietoje ar i\u0161ankstinis gamybos paruo\u0161imas!","og_url":"https:\/\/www.walraven.com\/lt\/channel-systems\/support-form\/","og_site_name":"Walraven Lithuania","article_modified_time":"2025-10-27T14:47:37+00:00","twitter_card":"summary_large_image","twitter_misc":{"Est. reading time":"1 minut\u0117"},"schema":{"@context":"https:\/\/schema.org","@graph":[{"@type":"WebPage","@id":"https:\/\/www.walraven.com\/lt\/channel-systems\/support-form\/","url":"https:\/\/www.walraven.com\/lt\/channel-systems\/support-form\/","name":"Papasakokite mums apie savo i\u0161\u0161\u016bkius ir su\u017einokite, kaip m\u016bs\u0173 ekspertai gali jums pad\u0117ti! - Walraven Lithuania","isPartOf":{"@id":"https:\/\/www.walraven.com\/lt\/#website"},"primaryImageOfPage":{"@id":"https:\/\/www.walraven.com\/lt\/channel-systems\/support-form\/#primaryimage"},"image":{"@id":"https:\/\/www.walraven.com\/lt\/channel-systems\/support-form\/#primaryimage"},"thumbnailUrl":"https:\/\/example.walraven.com\/wp-content\/uploads\/sites\/2\/2025\/07\/Walraven_Channel_Systems_Campaign_Page-4-300x257.jpeg","datePublished":"2025-09-01T14:12:23+00:00","dateModified":"2025-10-27T14:47:37+00:00","description":"Papasakokite mums daugiau apie savo problem\u0105 ir su\u017einokite m\u016bs\u0173 ekspert\u0173 patarimus! Skai\u010diavimai, in\u017einerija, konsultacijos vietoje ar i\u0161ankstinis gamybos paruo\u0161imas!","breadcrumb":{"@id":"https:\/\/www.walraven.com\/lt\/channel-systems\/support-form\/#breadcrumb"},"inLanguage":"lt-LT","potentialAction":[{"@type":"ReadAction","target":["https:\/\/www.walraven.com\/lt\/channel-systems\/support-form\/"]}]},{"@type":"ImageObject","inLanguage":"lt-LT","@id":"https:\/\/www.walraven.com\/lt\/channel-systems\/support-form\/#primaryimage","url":"https:\/\/example.walraven.com\/wp-content\/uploads\/sites\/2\/2025\/07\/Walraven_Channel_Systems_Campaign_Page-4-300x257.jpeg","contentUrl":"https:\/\/example.walraven.com\/wp-content\/uploads\/sites\/2\/2025\/07\/Walraven_Channel_Systems_Campaign_Page-4-300x257.jpeg"},{"@type":"BreadcrumbList","@id":"https:\/\/www.walraven.com\/lt\/channel-systems\/support-form\/#breadcrumb","itemListElement":[{"@type":"ListItem","position":1,"name":"Home","item":"https:\/\/www.walraven.com\/lt\/"},{"@type":"ListItem","position":2,"name":"&#8220;Walraven&#8221; kanal\u0173 sistemos supaprastina j\u016bs\u0173 \u0160VOK \u012frengim\u0105","item":"https:\/\/www.walraven.com\/lt\/channel-systems\/"},{"@type":"ListItem","position":3,"name":"Papasakokite mums apie savo i\u0161\u0161\u016bkius ir su\u017einokite, kaip m\u016bs\u0173 ekspertai gali jums pad\u0117ti!"}]},{"@type":"WebSite","@id":"https:\/\/www.walraven.com\/lt\/#website","url":"https:\/\/www.walraven.com\/lt\/","name":"Walraven Lithuania","description":"","publisher":{"@id":"https:\/\/www.walraven.com\/lt\/#organization"},"potentialAction":[{"@type":"SearchAction","target":{"@type":"EntryPoint","urlTemplate":"https:\/\/www.walraven.com\/lt\/?s={search_term_string}"},"query-input":{"@type":"PropertyValueSpecification","valueRequired":true,"valueName":"search_term_string"}}],"inLanguage":"lt-LT"},{"@type":"Organization","@id":"https:\/\/www.walraven.com\/lt\/#organization","name":"Walraven Sp. z o.o.","url":"https:\/\/www.walraven.com\/lt\/","logo":{"@type":"ImageObject","inLanguage":"lt-LT","@id":"https:\/\/www.walraven.com\/lt\/#\/schema\/logo\/image\/","url":"https:\/\/www.walraven.com\/lt\/wp-content\/uploads\/sites\/32\/2023\/12\/Walraven_logo300x300.jpg","contentUrl":"https:\/\/www.walraven.com\/lt\/wp-content\/uploads\/sites\/32\/2023\/12\/Walraven_logo300x300.jpg","width":300,"height":300,"caption":"Walraven Sp. z o.o."},"image":{"@id":"https:\/\/www.walraven.com\/lt\/#\/schema\/logo\/image\/"}}]}},"_links":{"self":[{"href":"https:\/\/www.walraven.com\/lt\/wp-json\/wp\/v2\/pages\/27491","targetHints":{"allow":["GET"]}}],"collection":[{"href":"https:\/\/www.walraven.com\/lt\/wp-json\/wp\/v2\/pages"}],"about":[{"href":"https:\/\/www.walraven.com\/lt\/wp-json\/wp\/v2\/types\/page"}],"author":[{"embeddable":true,"href":"https:\/\/www.walraven.com\/lt\/wp-json\/wp\/v2\/users\/43"}],"replies":[{"embeddable":true,"href":"https:\/\/www.walraven.com\/lt\/wp-json\/wp\/v2\/comments?post=27491"}],"version-history":[{"count":3,"href":"https:\/\/www.walraven.com\/lt\/wp-json\/wp\/v2\/pages\/27491\/revisions"}],"predecessor-version":[{"id":27540,"href":"https:\/\/www.walraven.com\/lt\/wp-json\/wp\/v2\/pages\/27491\/revisions\/27540"}],"up":[{"embeddable":true,"href":"https:\/\/www.walraven.com\/lt\/wp-json\/wp\/v2\/pages\/27493"}],"wp:attachment":[{"href":"https:\/\/www.walraven.com\/lt\/wp-json\/wp\/v2\/media?parent=27491"}],"curies":[{"name":"wp","href":"https:\/\/api.w.org\/{rel}","templated":true}]}}