{"id":10117,"date":"2019-03-20T12:39:27","date_gmt":"2019-03-20T11:39:27","guid":{"rendered":"https:\/\/www.walraven.com\/en\/?page_id=54179"},"modified":"2025-10-27T11:46:40","modified_gmt":"2025-10-27T10:46:40","slug":"rapidrail","status":"publish","type":"page","link":"https:\/\/www.walraven.com\/lv\/fixing-systems\/rapidrail\/","title":{"rendered":"Walraven RapidRail\u00ae fixing rail: Maz\u0101m slodz\u0113m"},"content":{"rendered":"","protected":false},"excerpt":{"rendered":"","protected":false},"author":43,"featured_media":0,"parent":10167,"menu_order":0,"comment_status":"closed","ping_status":"closed","template":"page-templates\/tpl-landingspage.php","meta":{"_acf_changed":false,"footnotes":""},"class_list":["post-10117","page","type-page","status-publish","hentry"],"acf":[],"yoast_head":"<!-- This site is optimized with the Yoast SEO Premium plugin v27.3 (Yoast SEO v27.3) - https:\/\/yoast.com\/product\/yoast-seo-premium-wordpress\/ -->\n<title>Walraven RapidRail\u00ae fixing rail: Maz\u0101m slodz\u0113m - Walraven Latvia<\/title>\n<meta name=\"description\" content=\"Walraven RapidRail\u00ae fixing rail sist\u0113ma pied\u0101v\u0101 \u013coti efekt\u012bvus komponentus cauru\u013cu nostiprin\u0101\u0161anai un slie\u017eu konstrukcijai vieglai pielieto\u0161anai.\" \/>\n<meta name=\"robots\" content=\"index, follow, max-snippet:-1, max-image-preview:large, max-video-preview:-1\" \/>\n<link rel=\"canonical\" href=\"https:\/\/www.walraven.com\/lv\/fixing-systems\/rapidrail\/\" \/>\n<meta property=\"og:locale\" content=\"lv_LV\" \/>\n<meta property=\"og:type\" content=\"article\" \/>\n<meta property=\"og:title\" content=\"Walraven RapidRail\u00ae fixing rail: Maz\u0101m slodz\u0113m\" \/>\n<meta property=\"og:description\" content=\"Walraven RapidRail\u00ae fixing rail sist\u0113ma pied\u0101v\u0101 \u013coti efekt\u012bvus komponentus cauru\u013cu nostiprin\u0101\u0161anai un slie\u017eu konstrukcijai vieglai pielieto\u0161anai.\" \/>\n<meta property=\"og:url\" content=\"https:\/\/www.walraven.com\/lv\/fixing-systems\/rapidrail\/\" \/>\n<meta property=\"og:site_name\" content=\"Walraven Latvia\" \/>\n<meta property=\"article:modified_time\" content=\"2025-10-27T10:46:40+00:00\" \/>\n<meta name=\"twitter:card\" content=\"summary_large_image\" \/>\n<meta name=\"twitter:label1\" content=\"Est. reading time\" \/>\n\t<meta name=\"twitter:data1\" content=\"3 min\u016btes\" \/>\n<script type=\"application\/ld+json\" class=\"yoast-schema-graph\">{\"@context\":\"https:\\\/\\\/schema.org\",\"@graph\":[{\"@type\":\"WebPage\",\"@id\":\"https:\\\/\\\/www.walraven.com\\\/lv\\\/fixing-systems\\\/rapidrail\\\/\",\"url\":\"https:\\\/\\\/www.walraven.com\\\/lv\\\/fixing-systems\\\/rapidrail\\\/\",\"name\":\"Walraven RapidRail\u00ae fixing rail: Maz\u0101m slodz\u0113m - Walraven Latvia\",\"isPartOf\":{\"@id\":\"https:\\\/\\\/www.walraven.com\\\/lv\\\/#website\"},\"datePublished\":\"2019-03-20T11:39:27+00:00\",\"dateModified\":\"2025-10-27T10:46:40+00:00\",\"description\":\"Walraven RapidRail\u00ae fixing rail sist\u0113ma pied\u0101v\u0101 \u013coti efekt\u012bvus komponentus cauru\u013cu nostiprin\u0101\u0161anai un slie\u017eu konstrukcijai vieglai pielieto\u0161anai.\",\"breadcrumb\":{\"@id\":\"https:\\\/\\\/www.walraven.com\\\/lv\\\/fixing-systems\\\/rapidrail\\\/#breadcrumb\"},\"inLanguage\":\"lv-LV\",\"potentialAction\":[{\"@type\":\"ReadAction\",\"target\":[\"https:\\\/\\\/www.walraven.com\\\/lv\\\/fixing-systems\\\/rapidrail\\\/\"]}]},{\"@type\":\"BreadcrumbList\",\"@id\":\"https:\\\/\\\/www.walraven.com\\\/lv\\\/fixing-systems\\\/rapidrail\\\/#breadcrumb\",\"itemListElement\":[{\"@type\":\"ListItem\",\"position\":1,\"name\":\"Home\",\"item\":\"https:\\\/\\\/www.walraven.com\\\/lv\\\/\"},{\"@type\":\"ListItem\",\"position\":2,\"name\":\"Stiprin\u0101jumu sist\u0113mas\",\"item\":\"https:\\\/\\\/www.walraven.com\\\/lv\\\/fixing-systems\\\/\"},{\"@type\":\"ListItem\",\"position\":3,\"name\":\"Walraven RapidRail\u00ae fixing rail: Maz\u0101m slodz\u0113m\"}]},{\"@type\":\"WebSite\",\"@id\":\"https:\\\/\\\/www.walraven.com\\\/lv\\\/#website\",\"url\":\"https:\\\/\\\/www.walraven.com\\\/lv\\\/\",\"name\":\"Walraven Latvia\",\"description\":\"\",\"publisher\":{\"@id\":\"https:\\\/\\\/www.walraven.com\\\/lv\\\/#organization\"},\"potentialAction\":[{\"@type\":\"SearchAction\",\"target\":{\"@type\":\"EntryPoint\",\"urlTemplate\":\"https:\\\/\\\/www.walraven.com\\\/lv\\\/?s={search_term_string}\"},\"query-input\":{\"@type\":\"PropertyValueSpecification\",\"valueRequired\":true,\"valueName\":\"search_term_string\"}}],\"inLanguage\":\"lv-LV\"},{\"@type\":\"Organization\",\"@id\":\"https:\\\/\\\/www.walraven.com\\\/lv\\\/#organization\",\"name\":\"Walraven Sp. z o.o.\",\"url\":\"https:\\\/\\\/www.walraven.com\\\/lv\\\/\",\"logo\":{\"@type\":\"ImageObject\",\"inLanguage\":\"lv-LV\",\"@id\":\"https:\\\/\\\/www.walraven.com\\\/lv\\\/#\\\/schema\\\/logo\\\/image\\\/\",\"url\":\"https:\\\/\\\/www.walraven.com\\\/lv\\\/wp-content\\\/uploads\\\/sites\\\/33\\\/2023\\\/12\\\/Walraven_logo300x300.jpg\",\"contentUrl\":\"https:\\\/\\\/www.walraven.com\\\/lv\\\/wp-content\\\/uploads\\\/sites\\\/33\\\/2023\\\/12\\\/Walraven_logo300x300.jpg\",\"width\":300,\"height\":300,\"caption\":\"Walraven Sp. z o.o.\"},\"image\":{\"@id\":\"https:\\\/\\\/www.walraven.com\\\/lv\\\/#\\\/schema\\\/logo\\\/image\\\/\"}}]}<\/script>\n<!-- \/ Yoast SEO Premium plugin. -->","yoast_head_json":{"title":"Walraven RapidRail\u00ae fixing rail: Maz\u0101m slodz\u0113m - Walraven Latvia","description":"Walraven RapidRail\u00ae fixing rail sist\u0113ma pied\u0101v\u0101 \u013coti efekt\u012bvus komponentus cauru\u013cu nostiprin\u0101\u0161anai un slie\u017eu konstrukcijai vieglai pielieto\u0161anai.","robots":{"index":"index","follow":"follow","max-snippet":"max-snippet:-1","max-image-preview":"max-image-preview:large","max-video-preview":"max-video-preview:-1"},"canonical":"https:\/\/www.walraven.com\/lv\/fixing-systems\/rapidrail\/","og_locale":"lv_LV","og_type":"article","og_title":"Walraven RapidRail\u00ae fixing rail: Maz\u0101m slodz\u0113m","og_description":"Walraven RapidRail\u00ae fixing rail sist\u0113ma pied\u0101v\u0101 \u013coti efekt\u012bvus komponentus cauru\u013cu nostiprin\u0101\u0161anai un slie\u017eu konstrukcijai vieglai pielieto\u0161anai.","og_url":"https:\/\/www.walraven.com\/lv\/fixing-systems\/rapidrail\/","og_site_name":"Walraven Latvia","article_modified_time":"2025-10-27T10:46:40+00:00","twitter_card":"summary_large_image","twitter_misc":{"Est. reading time":"3 min\u016btes"},"schema":{"@context":"https:\/\/schema.org","@graph":[{"@type":"WebPage","@id":"https:\/\/www.walraven.com\/lv\/fixing-systems\/rapidrail\/","url":"https:\/\/www.walraven.com\/lv\/fixing-systems\/rapidrail\/","name":"Walraven RapidRail\u00ae fixing rail: Maz\u0101m slodz\u0113m - Walraven Latvia","isPartOf":{"@id":"https:\/\/www.walraven.com\/lv\/#website"},"datePublished":"2019-03-20T11:39:27+00:00","dateModified":"2025-10-27T10:46:40+00:00","description":"Walraven RapidRail\u00ae fixing rail sist\u0113ma pied\u0101v\u0101 \u013coti efekt\u012bvus komponentus cauru\u013cu nostiprin\u0101\u0161anai un slie\u017eu konstrukcijai vieglai pielieto\u0161anai.","breadcrumb":{"@id":"https:\/\/www.walraven.com\/lv\/fixing-systems\/rapidrail\/#breadcrumb"},"inLanguage":"lv-LV","potentialAction":[{"@type":"ReadAction","target":["https:\/\/www.walraven.com\/lv\/fixing-systems\/rapidrail\/"]}]},{"@type":"BreadcrumbList","@id":"https:\/\/www.walraven.com\/lv\/fixing-systems\/rapidrail\/#breadcrumb","itemListElement":[{"@type":"ListItem","position":1,"name":"Home","item":"https:\/\/www.walraven.com\/lv\/"},{"@type":"ListItem","position":2,"name":"Stiprin\u0101jumu sist\u0113mas","item":"https:\/\/www.walraven.com\/lv\/fixing-systems\/"},{"@type":"ListItem","position":3,"name":"Walraven RapidRail\u00ae fixing rail: Maz\u0101m slodz\u0113m"}]},{"@type":"WebSite","@id":"https:\/\/www.walraven.com\/lv\/#website","url":"https:\/\/www.walraven.com\/lv\/","name":"Walraven Latvia","description":"","publisher":{"@id":"https:\/\/www.walraven.com\/lv\/#organization"},"potentialAction":[{"@type":"SearchAction","target":{"@type":"EntryPoint","urlTemplate":"https:\/\/www.walraven.com\/lv\/?s={search_term_string}"},"query-input":{"@type":"PropertyValueSpecification","valueRequired":true,"valueName":"search_term_string"}}],"inLanguage":"lv-LV"},{"@type":"Organization","@id":"https:\/\/www.walraven.com\/lv\/#organization","name":"Walraven Sp. z o.o.","url":"https:\/\/www.walraven.com\/lv\/","logo":{"@type":"ImageObject","inLanguage":"lv-LV","@id":"https:\/\/www.walraven.com\/lv\/#\/schema\/logo\/image\/","url":"https:\/\/www.walraven.com\/lv\/wp-content\/uploads\/sites\/33\/2023\/12\/Walraven_logo300x300.jpg","contentUrl":"https:\/\/www.walraven.com\/lv\/wp-content\/uploads\/sites\/33\/2023\/12\/Walraven_logo300x300.jpg","width":300,"height":300,"caption":"Walraven Sp. z o.o."},"image":{"@id":"https:\/\/www.walraven.com\/lv\/#\/schema\/logo\/image\/"}}]}},"_links":{"self":[{"href":"https:\/\/www.walraven.com\/lv\/wp-json\/wp\/v2\/pages\/10117","targetHints":{"allow":["GET"]}}],"collection":[{"href":"https:\/\/www.walraven.com\/lv\/wp-json\/wp\/v2\/pages"}],"about":[{"href":"https:\/\/www.walraven.com\/lv\/wp-json\/wp\/v2\/types\/page"}],"author":[{"embeddable":true,"href":"https:\/\/www.walraven.com\/lv\/wp-json\/wp\/v2\/users\/43"}],"replies":[{"embeddable":true,"href":"https:\/\/www.walraven.com\/lv\/wp-json\/wp\/v2\/comments?post=10117"}],"version-history":[{"count":5,"href":"https:\/\/www.walraven.com\/lv\/wp-json\/wp\/v2\/pages\/10117\/revisions"}],"predecessor-version":[{"id":17120,"href":"https:\/\/www.walraven.com\/lv\/wp-json\/wp\/v2\/pages\/10117\/revisions\/17120"}],"up":[{"embeddable":true,"href":"https:\/\/www.walraven.com\/lv\/wp-json\/wp\/v2\/pages\/10167"}],"wp:attachment":[{"href":"https:\/\/www.walraven.com\/lv\/wp-json\/wp\/v2\/media?parent=10117"}],"curies":[{"name":"wp","href":"https:\/\/api.w.org\/{rel}","templated":true}]}}