{"id":10248,"date":"2019-05-21T15:53:35","date_gmt":"2019-05-21T13:53:35","guid":{"rendered":"https:\/\/www.walraven.com\/en\/?page_id=54768"},"modified":"2024-09-13T14:55:04","modified_gmt":"2024-09-13T12:55:04","slug":"medium-fixing-solutions","status":"publish","type":"page","link":"https:\/\/www.walraven.com\/lv\/fixing-systems\/medium-fixing-solutions\/","title":{"rendered":"Vid\u0113j\u0101s slodzes stiprin\u0101jumi"},"content":{"rendered":"","protected":false},"excerpt":{"rendered":"<p>Walraven\u2019s medium fixing solutions provide complete, modular and innovative solutions for supporting medium loads. The range includes heavy duty anchors, strut rail and clamps that seamlessly work together.<\/p>\n","protected":false},"author":43,"featured_media":10254,"parent":10167,"menu_order":0,"comment_status":"closed","ping_status":"closed","template":"page-templates\/tpl-landingspage.php","meta":{"_acf_changed":false,"footnotes":""},"class_list":["post-10248","page","type-page","status-publish","has-post-thumbnail","hentry"],"acf":[],"yoast_head":"<!-- This site is optimized with the Yoast SEO Premium plugin v27.3 (Yoast SEO v27.3) - https:\/\/yoast.com\/product\/yoast-seo-premium-wordpress\/ -->\n<title>Vid\u0113j\u0101s slodzes stiprin\u0101jumi - Walraven Latvia<\/title>\n<meta name=\"description\" content=\"Walraven\u2019s medium fixing solutions provide complete, modular and innovative solutions for supporting medium loads. \u2705 Quick and easy installation\" \/>\n<meta name=\"robots\" content=\"index, follow, max-snippet:-1, max-image-preview:large, max-video-preview:-1\" \/>\n<link rel=\"canonical\" href=\"https:\/\/www.walraven.com\/lv\/fixing-systems\/medium-fixing-solutions\/\" \/>\n<meta property=\"og:locale\" content=\"lv_LV\" \/>\n<meta property=\"og:type\" content=\"article\" \/>\n<meta property=\"og:title\" content=\"Vid\u0113j\u0101s slodzes stiprin\u0101jumi\" \/>\n<meta property=\"og:description\" content=\"Walraven\u2019s medium fixing solutions provide complete, modular and innovative solutions for supporting medium loads. \u2705 Quick and easy installation\" \/>\n<meta property=\"og:url\" content=\"https:\/\/www.walraven.com\/lv\/fixing-systems\/medium-fixing-solutions\/\" \/>\n<meta property=\"og:site_name\" content=\"Walraven Latvia\" \/>\n<meta property=\"article:modified_time\" content=\"2024-09-13T12:55:04+00:00\" \/>\n<meta property=\"og:image\" content=\"https:\/\/www.walraven.com\/lv\/wp-content\/uploads\/sites\/33\/2019\/05\/Main-Medium-Fixings-1.jpg\" \/>\n\t<meta property=\"og:image:width\" content=\"630\" \/>\n\t<meta property=\"og:image:height\" content=\"445\" \/>\n\t<meta property=\"og:image:type\" content=\"image\/jpeg\" \/>\n<meta name=\"twitter:card\" content=\"summary_large_image\" \/>\n<meta name=\"twitter:label1\" content=\"Est. reading time\" \/>\n\t<meta name=\"twitter:data1\" content=\"2 min\u016btes\" \/>\n<script type=\"application\/ld+json\" class=\"yoast-schema-graph\">{\"@context\":\"https:\\\/\\\/schema.org\",\"@graph\":[{\"@type\":\"WebPage\",\"@id\":\"https:\\\/\\\/www.walraven.com\\\/lv\\\/fixing-systems\\\/medium-fixing-solutions\\\/\",\"url\":\"https:\\\/\\\/www.walraven.com\\\/lv\\\/fixing-systems\\\/medium-fixing-solutions\\\/\",\"name\":\"Vid\u0113j\u0101s slodzes stiprin\u0101jumi - Walraven Latvia\",\"isPartOf\":{\"@id\":\"https:\\\/\\\/www.walraven.com\\\/lv\\\/#website\"},\"primaryImageOfPage\":{\"@id\":\"https:\\\/\\\/www.walraven.com\\\/lv\\\/fixing-systems\\\/medium-fixing-solutions\\\/#primaryimage\"},\"image\":{\"@id\":\"https:\\\/\\\/www.walraven.com\\\/lv\\\/fixing-systems\\\/medium-fixing-solutions\\\/#primaryimage\"},\"thumbnailUrl\":\"https:\\\/\\\/www.walraven.com\\\/lv\\\/wp-content\\\/uploads\\\/sites\\\/33\\\/2019\\\/05\\\/Main-Medium-Fixings-1.jpg\",\"datePublished\":\"2019-05-21T13:53:35+00:00\",\"dateModified\":\"2024-09-13T12:55:04+00:00\",\"description\":\"Walraven\u2019s medium fixing solutions provide complete, modular and innovative solutions for supporting medium loads. \u2705 Quick and easy installation\",\"breadcrumb\":{\"@id\":\"https:\\\/\\\/www.walraven.com\\\/lv\\\/fixing-systems\\\/medium-fixing-solutions\\\/#breadcrumb\"},\"inLanguage\":\"lv-LV\",\"potentialAction\":[{\"@type\":\"ReadAction\",\"target\":[\"https:\\\/\\\/www.walraven.com\\\/lv\\\/fixing-systems\\\/medium-fixing-solutions\\\/\"]}]},{\"@type\":\"ImageObject\",\"inLanguage\":\"lv-LV\",\"@id\":\"https:\\\/\\\/www.walraven.com\\\/lv\\\/fixing-systems\\\/medium-fixing-solutions\\\/#primaryimage\",\"url\":\"https:\\\/\\\/www.walraven.com\\\/lv\\\/wp-content\\\/uploads\\\/sites\\\/33\\\/2019\\\/05\\\/Main-Medium-Fixings-1.jpg\",\"contentUrl\":\"https:\\\/\\\/www.walraven.com\\\/lv\\\/wp-content\\\/uploads\\\/sites\\\/33\\\/2019\\\/05\\\/Main-Medium-Fixings-1.jpg\",\"width\":630,\"height\":445},{\"@type\":\"BreadcrumbList\",\"@id\":\"https:\\\/\\\/www.walraven.com\\\/lv\\\/fixing-systems\\\/medium-fixing-solutions\\\/#breadcrumb\",\"itemListElement\":[{\"@type\":\"ListItem\",\"position\":1,\"name\":\"Home\",\"item\":\"https:\\\/\\\/www.walraven.com\\\/lv\\\/\"},{\"@type\":\"ListItem\",\"position\":2,\"name\":\"Stiprin\u0101jumu sist\u0113mas\",\"item\":\"https:\\\/\\\/www.walraven.com\\\/lv\\\/fixing-systems\\\/\"},{\"@type\":\"ListItem\",\"position\":3,\"name\":\"Vid\u0113j\u0101s slodzes stiprin\u0101jumi\"}]},{\"@type\":\"WebSite\",\"@id\":\"https:\\\/\\\/www.walraven.com\\\/lv\\\/#website\",\"url\":\"https:\\\/\\\/www.walraven.com\\\/lv\\\/\",\"name\":\"Walraven Latvia\",\"description\":\"\",\"publisher\":{\"@id\":\"https:\\\/\\\/www.walraven.com\\\/lv\\\/#organization\"},\"potentialAction\":[{\"@type\":\"SearchAction\",\"target\":{\"@type\":\"EntryPoint\",\"urlTemplate\":\"https:\\\/\\\/www.walraven.com\\\/lv\\\/?s={search_term_string}\"},\"query-input\":{\"@type\":\"PropertyValueSpecification\",\"valueRequired\":true,\"valueName\":\"search_term_string\"}}],\"inLanguage\":\"lv-LV\"},{\"@type\":\"Organization\",\"@id\":\"https:\\\/\\\/www.walraven.com\\\/lv\\\/#organization\",\"name\":\"Walraven Sp. z o.o.\",\"url\":\"https:\\\/\\\/www.walraven.com\\\/lv\\\/\",\"logo\":{\"@type\":\"ImageObject\",\"inLanguage\":\"lv-LV\",\"@id\":\"https:\\\/\\\/www.walraven.com\\\/lv\\\/#\\\/schema\\\/logo\\\/image\\\/\",\"url\":\"https:\\\/\\\/www.walraven.com\\\/lv\\\/wp-content\\\/uploads\\\/sites\\\/33\\\/2023\\\/12\\\/Walraven_logo300x300.jpg\",\"contentUrl\":\"https:\\\/\\\/www.walraven.com\\\/lv\\\/wp-content\\\/uploads\\\/sites\\\/33\\\/2023\\\/12\\\/Walraven_logo300x300.jpg\",\"width\":300,\"height\":300,\"caption\":\"Walraven Sp. z o.o.\"},\"image\":{\"@id\":\"https:\\\/\\\/www.walraven.com\\\/lv\\\/#\\\/schema\\\/logo\\\/image\\\/\"}}]}<\/script>\n<!-- \/ Yoast SEO Premium plugin. -->","yoast_head_json":{"title":"Vid\u0113j\u0101s slodzes stiprin\u0101jumi - Walraven Latvia","description":"Walraven\u2019s medium fixing solutions provide complete, modular and innovative solutions for supporting medium loads. \u2705 Quick and easy installation","robots":{"index":"index","follow":"follow","max-snippet":"max-snippet:-1","max-image-preview":"max-image-preview:large","max-video-preview":"max-video-preview:-1"},"canonical":"https:\/\/www.walraven.com\/lv\/fixing-systems\/medium-fixing-solutions\/","og_locale":"lv_LV","og_type":"article","og_title":"Vid\u0113j\u0101s slodzes stiprin\u0101jumi","og_description":"Walraven\u2019s medium fixing solutions provide complete, modular and innovative solutions for supporting medium loads. \u2705 Quick and easy installation","og_url":"https:\/\/www.walraven.com\/lv\/fixing-systems\/medium-fixing-solutions\/","og_site_name":"Walraven Latvia","article_modified_time":"2024-09-13T12:55:04+00:00","og_image":[{"width":630,"height":445,"url":"https:\/\/www.walraven.com\/lv\/wp-content\/uploads\/sites\/33\/2019\/05\/Main-Medium-Fixings-1.jpg","type":"image\/jpeg"}],"twitter_card":"summary_large_image","twitter_misc":{"Est. reading time":"2 min\u016btes"},"schema":{"@context":"https:\/\/schema.org","@graph":[{"@type":"WebPage","@id":"https:\/\/www.walraven.com\/lv\/fixing-systems\/medium-fixing-solutions\/","url":"https:\/\/www.walraven.com\/lv\/fixing-systems\/medium-fixing-solutions\/","name":"Vid\u0113j\u0101s slodzes stiprin\u0101jumi - Walraven Latvia","isPartOf":{"@id":"https:\/\/www.walraven.com\/lv\/#website"},"primaryImageOfPage":{"@id":"https:\/\/www.walraven.com\/lv\/fixing-systems\/medium-fixing-solutions\/#primaryimage"},"image":{"@id":"https:\/\/www.walraven.com\/lv\/fixing-systems\/medium-fixing-solutions\/#primaryimage"},"thumbnailUrl":"https:\/\/www.walraven.com\/lv\/wp-content\/uploads\/sites\/33\/2019\/05\/Main-Medium-Fixings-1.jpg","datePublished":"2019-05-21T13:53:35+00:00","dateModified":"2024-09-13T12:55:04+00:00","description":"Walraven\u2019s medium fixing solutions provide complete, modular and innovative solutions for supporting medium loads. \u2705 Quick and easy installation","breadcrumb":{"@id":"https:\/\/www.walraven.com\/lv\/fixing-systems\/medium-fixing-solutions\/#breadcrumb"},"inLanguage":"lv-LV","potentialAction":[{"@type":"ReadAction","target":["https:\/\/www.walraven.com\/lv\/fixing-systems\/medium-fixing-solutions\/"]}]},{"@type":"ImageObject","inLanguage":"lv-LV","@id":"https:\/\/www.walraven.com\/lv\/fixing-systems\/medium-fixing-solutions\/#primaryimage","url":"https:\/\/www.walraven.com\/lv\/wp-content\/uploads\/sites\/33\/2019\/05\/Main-Medium-Fixings-1.jpg","contentUrl":"https:\/\/www.walraven.com\/lv\/wp-content\/uploads\/sites\/33\/2019\/05\/Main-Medium-Fixings-1.jpg","width":630,"height":445},{"@type":"BreadcrumbList","@id":"https:\/\/www.walraven.com\/lv\/fixing-systems\/medium-fixing-solutions\/#breadcrumb","itemListElement":[{"@type":"ListItem","position":1,"name":"Home","item":"https:\/\/www.walraven.com\/lv\/"},{"@type":"ListItem","position":2,"name":"Stiprin\u0101jumu sist\u0113mas","item":"https:\/\/www.walraven.com\/lv\/fixing-systems\/"},{"@type":"ListItem","position":3,"name":"Vid\u0113j\u0101s slodzes stiprin\u0101jumi"}]},{"@type":"WebSite","@id":"https:\/\/www.walraven.com\/lv\/#website","url":"https:\/\/www.walraven.com\/lv\/","name":"Walraven Latvia","description":"","publisher":{"@id":"https:\/\/www.walraven.com\/lv\/#organization"},"potentialAction":[{"@type":"SearchAction","target":{"@type":"EntryPoint","urlTemplate":"https:\/\/www.walraven.com\/lv\/?s={search_term_string}"},"query-input":{"@type":"PropertyValueSpecification","valueRequired":true,"valueName":"search_term_string"}}],"inLanguage":"lv-LV"},{"@type":"Organization","@id":"https:\/\/www.walraven.com\/lv\/#organization","name":"Walraven Sp. z o.o.","url":"https:\/\/www.walraven.com\/lv\/","logo":{"@type":"ImageObject","inLanguage":"lv-LV","@id":"https:\/\/www.walraven.com\/lv\/#\/schema\/logo\/image\/","url":"https:\/\/www.walraven.com\/lv\/wp-content\/uploads\/sites\/33\/2023\/12\/Walraven_logo300x300.jpg","contentUrl":"https:\/\/www.walraven.com\/lv\/wp-content\/uploads\/sites\/33\/2023\/12\/Walraven_logo300x300.jpg","width":300,"height":300,"caption":"Walraven Sp. z o.o."},"image":{"@id":"https:\/\/www.walraven.com\/lv\/#\/schema\/logo\/image\/"}}]}},"_links":{"self":[{"href":"https:\/\/www.walraven.com\/lv\/wp-json\/wp\/v2\/pages\/10248","targetHints":{"allow":["GET"]}}],"collection":[{"href":"https:\/\/www.walraven.com\/lv\/wp-json\/wp\/v2\/pages"}],"about":[{"href":"https:\/\/www.walraven.com\/lv\/wp-json\/wp\/v2\/types\/page"}],"author":[{"embeddable":true,"href":"https:\/\/www.walraven.com\/lv\/wp-json\/wp\/v2\/users\/43"}],"replies":[{"embeddable":true,"href":"https:\/\/www.walraven.com\/lv\/wp-json\/wp\/v2\/comments?post=10248"}],"version-history":[{"count":5,"href":"https:\/\/www.walraven.com\/lv\/wp-json\/wp\/v2\/pages\/10248\/revisions"}],"predecessor-version":[{"id":17117,"href":"https:\/\/www.walraven.com\/lv\/wp-json\/wp\/v2\/pages\/10248\/revisions\/17117"}],"up":[{"embeddable":true,"href":"https:\/\/www.walraven.com\/lv\/wp-json\/wp\/v2\/pages\/10167"}],"wp:featuredmedia":[{"embeddable":true,"href":"https:\/\/www.walraven.com\/lv\/wp-json\/wp\/v2\/media\/10254"}],"wp:attachment":[{"href":"https:\/\/www.walraven.com\/lv\/wp-json\/wp\/v2\/media?parent=10248"}],"curies":[{"name":"wp","href":"https:\/\/api.w.org\/{rel}","templated":true}]}}