{"id":10287,"date":"2019-03-15T15:53:27","date_gmt":"2019-03-15T14:53:27","guid":{"rendered":"https:\/\/www.walraven.com\/en\/?page_id=54128"},"modified":"2026-01-13T08:54:16","modified_gmt":"2026-01-13T07:54:16","slug":"product-wish-list","status":"publish","type":"page","link":"https:\/\/www.walraven.com\/lv\/product-wish-list\/","title":{"rendered":"Produktu v\u0113lmju saraksts"},"content":{"rendered":"<p>Lai izveidotu v\u0113lmju sarakstu, l\u016bdzu, izv\u0113lieties preces no <a href=\"\/lv\/products\/\">pre\u010du kataloga<\/a>. V\u0113lmju saraksts ir l\u012bdzeklis, kas pal\u012bdz\u0113s Jums iesniegt piepras\u012bjumu izplat\u012bt\u0101jam. \u0160\u012b nav tie\u0161saistes pas\u016bt\u012bjuma veidlapa. J\u016bs varat izveidot produktu sarakstu, lai to lejupiel\u0101d\u0113tu vai nos\u016bt\u012btu izplat\u012bt\u0101jam. Lai sa\u0146emtu izplat\u012bt\u0101ju sarakstu j\u016bsu re\u0123ion\u0101, zvaniet m\u016bsu iek\u0161\u0113jai p\u0101rdo\u0161anas komandai pa t\u0101lruni <a href=\"tel:+37065951234\">+37 065 951 234<\/a>.<\/p>\n","protected":false},"excerpt":{"rendered":"<p>Lai izveidotu v\u0113lmju sarakstu, l\u016bdzu, izv\u0113lieties preces no pre\u010du kataloga. V\u0113lmju saraksts ir l\u012bdzeklis, kas pal\u012bdz\u0113s Jums iesniegt piepras\u012bjumu izplat\u012bt\u0101jam. \u0160\u012b nav tie\u0161saistes pas\u016bt\u012bjuma veidlapa. J\u016bs varat izveidot produktu sarakstu, lai to lejupiel\u0101d\u0113tu vai nos\u016bt\u012btu izplat\u012bt\u0101jam. Lai sa\u0146emtu izplat\u012bt\u0101ju sarakstu j\u016bsu re\u0123ion\u0101, zvaniet m\u016bsu iek\u0161\u0113jai p\u0101rdo\u0161anas komandai pa t\u0101lruni +37 065 951 234.<\/p>\n","protected":false},"author":43,"featured_media":0,"parent":0,"menu_order":0,"comment_status":"closed","ping_status":"closed","template":"page-templates\/tpl-material-list.php","meta":{"_acf_changed":false,"footnotes":""},"class_list":["post-10287","page","type-page","status-publish","hentry"],"acf":[],"yoast_head":"<!-- This site is optimized with the Yoast SEO Premium plugin v27.3 (Yoast SEO v27.3) - https:\/\/yoast.com\/product\/yoast-seo-premium-wordpress\/ -->\n<title>Produktu v\u0113lmju saraksts - Walraven Latvia<\/title>\n<meta name=\"description\" content=\"Walraven v\u0113lmju saraksts ir paredz\u0113ts k\u0101 r\u012bks, kas pal\u012bdz\u0113s jums piepras\u012bt cenu no izplat\u012bt\u0101ja.\" \/>\n<meta name=\"robots\" content=\"index, follow, max-snippet:-1, max-image-preview:large, max-video-preview:-1\" \/>\n<link rel=\"canonical\" href=\"https:\/\/www.walraven.com\/lv\/product-wish-list\/\" \/>\n<meta property=\"og:locale\" content=\"lv_LV\" \/>\n<meta property=\"og:type\" content=\"article\" \/>\n<meta property=\"og:title\" content=\"Produktu v\u0113lmju saraksts\" \/>\n<meta property=\"og:description\" content=\"Walraven v\u0113lmju saraksts ir paredz\u0113ts k\u0101 r\u012bks, kas pal\u012bdz\u0113s jums piepras\u012bt cenu no izplat\u012bt\u0101ja.\" \/>\n<meta property=\"og:url\" content=\"https:\/\/www.walraven.com\/lv\/product-wish-list\/\" \/>\n<meta property=\"og:site_name\" content=\"Walraven Latvia\" \/>\n<meta property=\"article:modified_time\" content=\"2026-01-13T07:54:16+00:00\" \/>\n<meta name=\"twitter:card\" content=\"summary_large_image\" \/>\n<meta name=\"twitter:label1\" content=\"Est. reading time\" \/>\n\t<meta name=\"twitter:data1\" content=\"1 min\u016bte\" \/>\n<script type=\"application\/ld+json\" class=\"yoast-schema-graph\">{\"@context\":\"https:\\\/\\\/schema.org\",\"@graph\":[{\"@type\":\"WebPage\",\"@id\":\"https:\\\/\\\/www.walraven.com\\\/lv\\\/product-wish-list\\\/\",\"url\":\"https:\\\/\\\/www.walraven.com\\\/lv\\\/product-wish-list\\\/\",\"name\":\"Produktu v\u0113lmju saraksts - Walraven Latvia\",\"isPartOf\":{\"@id\":\"https:\\\/\\\/www.walraven.com\\\/lv\\\/#website\"},\"datePublished\":\"2019-03-15T14:53:27+00:00\",\"dateModified\":\"2026-01-13T07:54:16+00:00\",\"description\":\"Walraven v\u0113lmju saraksts ir paredz\u0113ts k\u0101 r\u012bks, kas pal\u012bdz\u0113s jums piepras\u012bt cenu no izplat\u012bt\u0101ja.\",\"breadcrumb\":{\"@id\":\"https:\\\/\\\/www.walraven.com\\\/lv\\\/product-wish-list\\\/#breadcrumb\"},\"inLanguage\":\"lv-LV\",\"potentialAction\":[{\"@type\":\"ReadAction\",\"target\":[\"https:\\\/\\\/www.walraven.com\\\/lv\\\/product-wish-list\\\/\"]}]},{\"@type\":\"BreadcrumbList\",\"@id\":\"https:\\\/\\\/www.walraven.com\\\/lv\\\/product-wish-list\\\/#breadcrumb\",\"itemListElement\":[{\"@type\":\"ListItem\",\"position\":1,\"name\":\"Home\",\"item\":\"https:\\\/\\\/www.walraven.com\\\/lv\\\/\"},{\"@type\":\"ListItem\",\"position\":2,\"name\":\"Produktu v\u0113lmju saraksts\"}]},{\"@type\":\"WebSite\",\"@id\":\"https:\\\/\\\/www.walraven.com\\\/lv\\\/#website\",\"url\":\"https:\\\/\\\/www.walraven.com\\\/lv\\\/\",\"name\":\"Walraven Latvia\",\"description\":\"\",\"publisher\":{\"@id\":\"https:\\\/\\\/www.walraven.com\\\/lv\\\/#organization\"},\"potentialAction\":[{\"@type\":\"SearchAction\",\"target\":{\"@type\":\"EntryPoint\",\"urlTemplate\":\"https:\\\/\\\/www.walraven.com\\\/lv\\\/?s={search_term_string}\"},\"query-input\":{\"@type\":\"PropertyValueSpecification\",\"valueRequired\":true,\"valueName\":\"search_term_string\"}}],\"inLanguage\":\"lv-LV\"},{\"@type\":\"Organization\",\"@id\":\"https:\\\/\\\/www.walraven.com\\\/lv\\\/#organization\",\"name\":\"Walraven Sp. z o.o.\",\"url\":\"https:\\\/\\\/www.walraven.com\\\/lv\\\/\",\"logo\":{\"@type\":\"ImageObject\",\"inLanguage\":\"lv-LV\",\"@id\":\"https:\\\/\\\/www.walraven.com\\\/lv\\\/#\\\/schema\\\/logo\\\/image\\\/\",\"url\":\"https:\\\/\\\/www.walraven.com\\\/lv\\\/wp-content\\\/uploads\\\/sites\\\/33\\\/2023\\\/12\\\/Walraven_logo300x300.jpg\",\"contentUrl\":\"https:\\\/\\\/www.walraven.com\\\/lv\\\/wp-content\\\/uploads\\\/sites\\\/33\\\/2023\\\/12\\\/Walraven_logo300x300.jpg\",\"width\":300,\"height\":300,\"caption\":\"Walraven Sp. z o.o.\"},\"image\":{\"@id\":\"https:\\\/\\\/www.walraven.com\\\/lv\\\/#\\\/schema\\\/logo\\\/image\\\/\"}}]}<\/script>\n<!-- \/ Yoast SEO Premium plugin. -->","yoast_head_json":{"title":"Produktu v\u0113lmju saraksts - Walraven Latvia","description":"Walraven v\u0113lmju saraksts ir paredz\u0113ts k\u0101 r\u012bks, kas pal\u012bdz\u0113s jums piepras\u012bt cenu no izplat\u012bt\u0101ja.","robots":{"index":"index","follow":"follow","max-snippet":"max-snippet:-1","max-image-preview":"max-image-preview:large","max-video-preview":"max-video-preview:-1"},"canonical":"https:\/\/www.walraven.com\/lv\/product-wish-list\/","og_locale":"lv_LV","og_type":"article","og_title":"Produktu v\u0113lmju saraksts","og_description":"Walraven v\u0113lmju saraksts ir paredz\u0113ts k\u0101 r\u012bks, kas pal\u012bdz\u0113s jums piepras\u012bt cenu no izplat\u012bt\u0101ja.","og_url":"https:\/\/www.walraven.com\/lv\/product-wish-list\/","og_site_name":"Walraven Latvia","article_modified_time":"2026-01-13T07:54:16+00:00","twitter_card":"summary_large_image","twitter_misc":{"Est. reading time":"1 min\u016bte"},"schema":{"@context":"https:\/\/schema.org","@graph":[{"@type":"WebPage","@id":"https:\/\/www.walraven.com\/lv\/product-wish-list\/","url":"https:\/\/www.walraven.com\/lv\/product-wish-list\/","name":"Produktu v\u0113lmju saraksts - Walraven Latvia","isPartOf":{"@id":"https:\/\/www.walraven.com\/lv\/#website"},"datePublished":"2019-03-15T14:53:27+00:00","dateModified":"2026-01-13T07:54:16+00:00","description":"Walraven v\u0113lmju saraksts ir paredz\u0113ts k\u0101 r\u012bks, kas pal\u012bdz\u0113s jums piepras\u012bt cenu no izplat\u012bt\u0101ja.","breadcrumb":{"@id":"https:\/\/www.walraven.com\/lv\/product-wish-list\/#breadcrumb"},"inLanguage":"lv-LV","potentialAction":[{"@type":"ReadAction","target":["https:\/\/www.walraven.com\/lv\/product-wish-list\/"]}]},{"@type":"BreadcrumbList","@id":"https:\/\/www.walraven.com\/lv\/product-wish-list\/#breadcrumb","itemListElement":[{"@type":"ListItem","position":1,"name":"Home","item":"https:\/\/www.walraven.com\/lv\/"},{"@type":"ListItem","position":2,"name":"Produktu v\u0113lmju saraksts"}]},{"@type":"WebSite","@id":"https:\/\/www.walraven.com\/lv\/#website","url":"https:\/\/www.walraven.com\/lv\/","name":"Walraven Latvia","description":"","publisher":{"@id":"https:\/\/www.walraven.com\/lv\/#organization"},"potentialAction":[{"@type":"SearchAction","target":{"@type":"EntryPoint","urlTemplate":"https:\/\/www.walraven.com\/lv\/?s={search_term_string}"},"query-input":{"@type":"PropertyValueSpecification","valueRequired":true,"valueName":"search_term_string"}}],"inLanguage":"lv-LV"},{"@type":"Organization","@id":"https:\/\/www.walraven.com\/lv\/#organization","name":"Walraven Sp. z o.o.","url":"https:\/\/www.walraven.com\/lv\/","logo":{"@type":"ImageObject","inLanguage":"lv-LV","@id":"https:\/\/www.walraven.com\/lv\/#\/schema\/logo\/image\/","url":"https:\/\/www.walraven.com\/lv\/wp-content\/uploads\/sites\/33\/2023\/12\/Walraven_logo300x300.jpg","contentUrl":"https:\/\/www.walraven.com\/lv\/wp-content\/uploads\/sites\/33\/2023\/12\/Walraven_logo300x300.jpg","width":300,"height":300,"caption":"Walraven Sp. z o.o."},"image":{"@id":"https:\/\/www.walraven.com\/lv\/#\/schema\/logo\/image\/"}}]}},"_links":{"self":[{"href":"https:\/\/www.walraven.com\/lv\/wp-json\/wp\/v2\/pages\/10287","targetHints":{"allow":["GET"]}}],"collection":[{"href":"https:\/\/www.walraven.com\/lv\/wp-json\/wp\/v2\/pages"}],"about":[{"href":"https:\/\/www.walraven.com\/lv\/wp-json\/wp\/v2\/types\/page"}],"author":[{"embeddable":true,"href":"https:\/\/www.walraven.com\/lv\/wp-json\/wp\/v2\/users\/43"}],"replies":[{"embeddable":true,"href":"https:\/\/www.walraven.com\/lv\/wp-json\/wp\/v2\/comments?post=10287"}],"version-history":[{"count":4,"href":"https:\/\/www.walraven.com\/lv\/wp-json\/wp\/v2\/pages\/10287\/revisions"}],"predecessor-version":[{"id":29018,"href":"https:\/\/www.walraven.com\/lv\/wp-json\/wp\/v2\/pages\/10287\/revisions\/29018"}],"wp:attachment":[{"href":"https:\/\/www.walraven.com\/lv\/wp-json\/wp\/v2\/media?parent=10287"}],"curies":[{"name":"wp","href":"https:\/\/api.w.org\/{rel}","templated":true}]}}