{"id":10292,"date":"2019-06-05T10:51:11","date_gmt":"2019-06-05T08:51:11","guid":{"rendered":"https:\/\/www.walraven.com\/en\/?page_id=54928"},"modified":"2022-10-14T15:58:39","modified_gmt":"2022-10-14T13:58:39","slug":"bim-library","status":"publish","type":"page","link":"https:\/\/www.walraven.com\/lv\/project-support\/bim-library\/","title":{"rendered":"BIM bibliot\u0113ka"},"content":{"rendered":"","protected":false},"excerpt":{"rendered":"","protected":false},"author":43,"featured_media":0,"parent":10307,"menu_order":0,"comment_status":"closed","ping_status":"closed","template":"page-templates\/tpl-landingspage.php","meta":{"_acf_changed":false,"footnotes":""},"class_list":["post-10292","page","type-page","status-publish","hentry"],"acf":[],"yoast_head":"<!-- This site is optimized with the Yoast SEO Premium plugin v27.3 (Yoast SEO v27.3) - https:\/\/yoast.com\/product\/yoast-seo-premium-wordpress\/ -->\n<title>BIM bibliot\u0113ka - Walraven Latvia<\/title>\n<meta name=\"description\" content=\"BIM mode\u013ci ir jaunais standarts. M\u0113s str\u0101d\u0101jam, lai izveidotu BIM mode\u013cus visiem m\u016bsu produktiem. \u2705 Pal\u012bdz\u012bba ievie\u0161an\u0101 \u2705 Revit Families\" \/>\n<meta name=\"robots\" content=\"index, follow, max-snippet:-1, max-image-preview:large, max-video-preview:-1\" \/>\n<link rel=\"canonical\" href=\"https:\/\/www.walraven.com\/lv\/project-support\/bim-library\/\" \/>\n<meta property=\"og:locale\" content=\"lv_LV\" \/>\n<meta property=\"og:type\" content=\"article\" \/>\n<meta property=\"og:title\" content=\"BIM bibliot\u0113ka\" \/>\n<meta property=\"og:description\" content=\"BIM mode\u013ci ir jaunais standarts. M\u0113s str\u0101d\u0101jam, lai izveidotu BIM mode\u013cus visiem m\u016bsu produktiem. \u2705 Pal\u012bdz\u012bba ievie\u0161an\u0101 \u2705 Revit Families\" \/>\n<meta property=\"og:url\" content=\"https:\/\/www.walraven.com\/lv\/project-support\/bim-library\/\" \/>\n<meta property=\"og:site_name\" content=\"Walraven Latvia\" \/>\n<meta property=\"article:modified_time\" content=\"2022-10-14T13:58:39+00:00\" \/>\n<meta name=\"twitter:card\" content=\"summary_large_image\" \/>\n<script type=\"application\/ld+json\" class=\"yoast-schema-graph\">{\"@context\":\"https:\\\/\\\/schema.org\",\"@graph\":[{\"@type\":\"WebPage\",\"@id\":\"https:\\\/\\\/www.walraven.com\\\/lv\\\/project-support\\\/bim-library\\\/\",\"url\":\"https:\\\/\\\/www.walraven.com\\\/lv\\\/project-support\\\/bim-library\\\/\",\"name\":\"BIM bibliot\u0113ka - Walraven Latvia\",\"isPartOf\":{\"@id\":\"https:\\\/\\\/www.walraven.com\\\/lv\\\/#website\"},\"datePublished\":\"2019-06-05T08:51:11+00:00\",\"dateModified\":\"2022-10-14T13:58:39+00:00\",\"description\":\"BIM mode\u013ci ir jaunais standarts. M\u0113s str\u0101d\u0101jam, lai izveidotu BIM mode\u013cus visiem m\u016bsu produktiem. \u2705 Pal\u012bdz\u012bba ievie\u0161an\u0101 \u2705 Revit Families\",\"breadcrumb\":{\"@id\":\"https:\\\/\\\/www.walraven.com\\\/lv\\\/project-support\\\/bim-library\\\/#breadcrumb\"},\"inLanguage\":\"lv-LV\",\"potentialAction\":[{\"@type\":\"ReadAction\",\"target\":[\"https:\\\/\\\/www.walraven.com\\\/lv\\\/project-support\\\/bim-library\\\/\"]}]},{\"@type\":\"BreadcrumbList\",\"@id\":\"https:\\\/\\\/www.walraven.com\\\/lv\\\/project-support\\\/bim-library\\\/#breadcrumb\",\"itemListElement\":[{\"@type\":\"ListItem\",\"position\":1,\"name\":\"Home\",\"item\":\"https:\\\/\\\/www.walraven.com\\\/lv\\\/\"},{\"@type\":\"ListItem\",\"position\":2,\"name\":\"Atbalsts projektiem\",\"item\":\"https:\\\/\\\/www.walraven.com\\\/lv\\\/project-support\\\/\"},{\"@type\":\"ListItem\",\"position\":3,\"name\":\"BIM bibliot\u0113ka\"}]},{\"@type\":\"WebSite\",\"@id\":\"https:\\\/\\\/www.walraven.com\\\/lv\\\/#website\",\"url\":\"https:\\\/\\\/www.walraven.com\\\/lv\\\/\",\"name\":\"Walraven Latvia\",\"description\":\"\",\"publisher\":{\"@id\":\"https:\\\/\\\/www.walraven.com\\\/lv\\\/#organization\"},\"potentialAction\":[{\"@type\":\"SearchAction\",\"target\":{\"@type\":\"EntryPoint\",\"urlTemplate\":\"https:\\\/\\\/www.walraven.com\\\/lv\\\/?s={search_term_string}\"},\"query-input\":{\"@type\":\"PropertyValueSpecification\",\"valueRequired\":true,\"valueName\":\"search_term_string\"}}],\"inLanguage\":\"lv-LV\"},{\"@type\":\"Organization\",\"@id\":\"https:\\\/\\\/www.walraven.com\\\/lv\\\/#organization\",\"name\":\"Walraven Sp. z o.o.\",\"url\":\"https:\\\/\\\/www.walraven.com\\\/lv\\\/\",\"logo\":{\"@type\":\"ImageObject\",\"inLanguage\":\"lv-LV\",\"@id\":\"https:\\\/\\\/www.walraven.com\\\/lv\\\/#\\\/schema\\\/logo\\\/image\\\/\",\"url\":\"https:\\\/\\\/www.walraven.com\\\/lv\\\/wp-content\\\/uploads\\\/sites\\\/33\\\/2023\\\/12\\\/Walraven_logo300x300.jpg\",\"contentUrl\":\"https:\\\/\\\/www.walraven.com\\\/lv\\\/wp-content\\\/uploads\\\/sites\\\/33\\\/2023\\\/12\\\/Walraven_logo300x300.jpg\",\"width\":300,\"height\":300,\"caption\":\"Walraven Sp. z o.o.\"},\"image\":{\"@id\":\"https:\\\/\\\/www.walraven.com\\\/lv\\\/#\\\/schema\\\/logo\\\/image\\\/\"}}]}<\/script>\n<!-- \/ Yoast SEO Premium plugin. -->","yoast_head_json":{"title":"BIM bibliot\u0113ka - Walraven Latvia","description":"BIM mode\u013ci ir jaunais standarts. M\u0113s str\u0101d\u0101jam, lai izveidotu BIM mode\u013cus visiem m\u016bsu produktiem. \u2705 Pal\u012bdz\u012bba ievie\u0161an\u0101 \u2705 Revit Families","robots":{"index":"index","follow":"follow","max-snippet":"max-snippet:-1","max-image-preview":"max-image-preview:large","max-video-preview":"max-video-preview:-1"},"canonical":"https:\/\/www.walraven.com\/lv\/project-support\/bim-library\/","og_locale":"lv_LV","og_type":"article","og_title":"BIM bibliot\u0113ka","og_description":"BIM mode\u013ci ir jaunais standarts. M\u0113s str\u0101d\u0101jam, lai izveidotu BIM mode\u013cus visiem m\u016bsu produktiem. \u2705 Pal\u012bdz\u012bba ievie\u0161an\u0101 \u2705 Revit Families","og_url":"https:\/\/www.walraven.com\/lv\/project-support\/bim-library\/","og_site_name":"Walraven Latvia","article_modified_time":"2022-10-14T13:58:39+00:00","twitter_card":"summary_large_image","schema":{"@context":"https:\/\/schema.org","@graph":[{"@type":"WebPage","@id":"https:\/\/www.walraven.com\/lv\/project-support\/bim-library\/","url":"https:\/\/www.walraven.com\/lv\/project-support\/bim-library\/","name":"BIM bibliot\u0113ka - Walraven Latvia","isPartOf":{"@id":"https:\/\/www.walraven.com\/lv\/#website"},"datePublished":"2019-06-05T08:51:11+00:00","dateModified":"2022-10-14T13:58:39+00:00","description":"BIM mode\u013ci ir jaunais standarts. M\u0113s str\u0101d\u0101jam, lai izveidotu BIM mode\u013cus visiem m\u016bsu produktiem. \u2705 Pal\u012bdz\u012bba ievie\u0161an\u0101 \u2705 Revit Families","breadcrumb":{"@id":"https:\/\/www.walraven.com\/lv\/project-support\/bim-library\/#breadcrumb"},"inLanguage":"lv-LV","potentialAction":[{"@type":"ReadAction","target":["https:\/\/www.walraven.com\/lv\/project-support\/bim-library\/"]}]},{"@type":"BreadcrumbList","@id":"https:\/\/www.walraven.com\/lv\/project-support\/bim-library\/#breadcrumb","itemListElement":[{"@type":"ListItem","position":1,"name":"Home","item":"https:\/\/www.walraven.com\/lv\/"},{"@type":"ListItem","position":2,"name":"Atbalsts projektiem","item":"https:\/\/www.walraven.com\/lv\/project-support\/"},{"@type":"ListItem","position":3,"name":"BIM bibliot\u0113ka"}]},{"@type":"WebSite","@id":"https:\/\/www.walraven.com\/lv\/#website","url":"https:\/\/www.walraven.com\/lv\/","name":"Walraven Latvia","description":"","publisher":{"@id":"https:\/\/www.walraven.com\/lv\/#organization"},"potentialAction":[{"@type":"SearchAction","target":{"@type":"EntryPoint","urlTemplate":"https:\/\/www.walraven.com\/lv\/?s={search_term_string}"},"query-input":{"@type":"PropertyValueSpecification","valueRequired":true,"valueName":"search_term_string"}}],"inLanguage":"lv-LV"},{"@type":"Organization","@id":"https:\/\/www.walraven.com\/lv\/#organization","name":"Walraven Sp. z o.o.","url":"https:\/\/www.walraven.com\/lv\/","logo":{"@type":"ImageObject","inLanguage":"lv-LV","@id":"https:\/\/www.walraven.com\/lv\/#\/schema\/logo\/image\/","url":"https:\/\/www.walraven.com\/lv\/wp-content\/uploads\/sites\/33\/2023\/12\/Walraven_logo300x300.jpg","contentUrl":"https:\/\/www.walraven.com\/lv\/wp-content\/uploads\/sites\/33\/2023\/12\/Walraven_logo300x300.jpg","width":300,"height":300,"caption":"Walraven Sp. z o.o."},"image":{"@id":"https:\/\/www.walraven.com\/lv\/#\/schema\/logo\/image\/"}}]}},"_links":{"self":[{"href":"https:\/\/www.walraven.com\/lv\/wp-json\/wp\/v2\/pages\/10292","targetHints":{"allow":["GET"]}}],"collection":[{"href":"https:\/\/www.walraven.com\/lv\/wp-json\/wp\/v2\/pages"}],"about":[{"href":"https:\/\/www.walraven.com\/lv\/wp-json\/wp\/v2\/types\/page"}],"author":[{"embeddable":true,"href":"https:\/\/www.walraven.com\/lv\/wp-json\/wp\/v2\/users\/43"}],"replies":[{"embeddable":true,"href":"https:\/\/www.walraven.com\/lv\/wp-json\/wp\/v2\/comments?post=10292"}],"version-history":[{"count":5,"href":"https:\/\/www.walraven.com\/lv\/wp-json\/wp\/v2\/pages\/10292\/revisions"}],"predecessor-version":[{"id":11633,"href":"https:\/\/www.walraven.com\/lv\/wp-json\/wp\/v2\/pages\/10292\/revisions\/11633"}],"up":[{"embeddable":true,"href":"https:\/\/www.walraven.com\/lv\/wp-json\/wp\/v2\/pages\/10307"}],"wp:attachment":[{"href":"https:\/\/www.walraven.com\/lv\/wp-json\/wp\/v2\/media?parent=10292"}],"curies":[{"name":"wp","href":"https:\/\/api.w.org\/{rel}","templated":true}]}}