{"id":15734,"date":"2024-04-17T09:41:12","date_gmt":"2024-04-17T07:41:12","guid":{"rendered":"https:\/\/www.walraven.com\/?page_id=135710"},"modified":"2024-09-17T16:46:00","modified_gmt":"2024-09-17T14:46:00","slug":"our-focus-areas","status":"publish","type":"page","link":"https:\/\/www.walraven.com\/lv\/sustainability\/our-focus-areas\/","title":{"rendered":"M\u016bsu uzman\u012bbas jomas"},"content":{"rendered":"","protected":false},"excerpt":{"rendered":"","protected":false},"author":43,"featured_media":0,"parent":15712,"menu_order":0,"comment_status":"closed","ping_status":"closed","template":"page-templates\/tpl-landingspage.php","meta":{"_acf_changed":false,"footnotes":""},"class_list":["post-15734","page","type-page","status-publish","hentry"],"acf":[],"yoast_head":"<!-- This site is optimized with the Yoast SEO Premium plugin v27.3 (Yoast SEO v27.3) - https:\/\/yoast.com\/product\/yoast-seo-premium-wordpress\/ -->\n<title>M\u016bsu uzman\u012bbas jomas - Walraven Latvia<\/title>\n<meta name=\"description\" content=\"M\u016bsu ilgtsp\u0113j\u012bgs ce\u013cojums s\u0101k\u0101s jau sen, m\u016bsu uz\u0146\u0113muma pirms\u0101kumos. Vair\u0101k lasiet m\u016bsu t\u012bmek\u013ca vietn\u0113.\" \/>\n<meta name=\"robots\" content=\"index, follow, max-snippet:-1, max-image-preview:large, max-video-preview:-1\" \/>\n<link rel=\"canonical\" href=\"https:\/\/www.walraven.com\/lv\/sustainability\/our-focus-areas\/\" \/>\n<meta property=\"og:locale\" content=\"lv_LV\" \/>\n<meta property=\"og:type\" content=\"article\" \/>\n<meta property=\"og:title\" content=\"M\u016bsu uzman\u012bbas jomas\" \/>\n<meta property=\"og:description\" content=\"M\u016bsu ilgtsp\u0113j\u012bgs ce\u013cojums s\u0101k\u0101s jau sen, m\u016bsu uz\u0146\u0113muma pirms\u0101kumos. Vair\u0101k lasiet m\u016bsu t\u012bmek\u013ca vietn\u0113.\" \/>\n<meta property=\"og:url\" content=\"https:\/\/www.walraven.com\/lv\/sustainability\/our-focus-areas\/\" \/>\n<meta property=\"og:site_name\" content=\"Walraven Latvia\" \/>\n<meta property=\"article:modified_time\" content=\"2024-09-17T14:46:00+00:00\" \/>\n<meta name=\"twitter:card\" content=\"summary_large_image\" \/>\n<meta name=\"twitter:label1\" content=\"Est. reading time\" \/>\n\t<meta name=\"twitter:data1\" content=\"6 min\u016btes\" \/>\n<script type=\"application\/ld+json\" class=\"yoast-schema-graph\">{\"@context\":\"https:\\\/\\\/schema.org\",\"@graph\":[{\"@type\":\"WebPage\",\"@id\":\"https:\\\/\\\/www.walraven.com\\\/lv\\\/sustainability\\\/our-focus-areas\\\/\",\"url\":\"https:\\\/\\\/www.walraven.com\\\/lv\\\/sustainability\\\/our-focus-areas\\\/\",\"name\":\"M\u016bsu uzman\u012bbas jomas - Walraven Latvia\",\"isPartOf\":{\"@id\":\"https:\\\/\\\/www.walraven.com\\\/lv\\\/#website\"},\"datePublished\":\"2024-04-17T07:41:12+00:00\",\"dateModified\":\"2024-09-17T14:46:00+00:00\",\"description\":\"M\u016bsu ilgtsp\u0113j\u012bgs ce\u013cojums s\u0101k\u0101s jau sen, m\u016bsu uz\u0146\u0113muma pirms\u0101kumos. Vair\u0101k lasiet m\u016bsu t\u012bmek\u013ca vietn\u0113.\",\"breadcrumb\":{\"@id\":\"https:\\\/\\\/www.walraven.com\\\/lv\\\/sustainability\\\/our-focus-areas\\\/#breadcrumb\"},\"inLanguage\":\"lv-LV\",\"potentialAction\":[{\"@type\":\"ReadAction\",\"target\":[\"https:\\\/\\\/www.walraven.com\\\/lv\\\/sustainability\\\/our-focus-areas\\\/\"]}]},{\"@type\":\"BreadcrumbList\",\"@id\":\"https:\\\/\\\/www.walraven.com\\\/lv\\\/sustainability\\\/our-focus-areas\\\/#breadcrumb\",\"itemListElement\":[{\"@type\":\"ListItem\",\"position\":1,\"name\":\"Home\",\"item\":\"https:\\\/\\\/www.walraven.com\\\/lv\\\/\"},{\"@type\":\"ListItem\",\"position\":2,\"name\":\"M\u0113s ticam, ka varam rad\u012bt ilgtsp\u0113j\u012bgas p\u0101rmai\u0146as, veidojot starptautisku uz\u0146\u0113mumu ar sirdsapzi\u0146u.\",\"item\":\"https:\\\/\\\/www.walraven.com\\\/lv\\\/sustainability\\\/\"},{\"@type\":\"ListItem\",\"position\":3,\"name\":\"M\u016bsu uzman\u012bbas jomas\"}]},{\"@type\":\"WebSite\",\"@id\":\"https:\\\/\\\/www.walraven.com\\\/lv\\\/#website\",\"url\":\"https:\\\/\\\/www.walraven.com\\\/lv\\\/\",\"name\":\"Walraven Latvia\",\"description\":\"\",\"publisher\":{\"@id\":\"https:\\\/\\\/www.walraven.com\\\/lv\\\/#organization\"},\"potentialAction\":[{\"@type\":\"SearchAction\",\"target\":{\"@type\":\"EntryPoint\",\"urlTemplate\":\"https:\\\/\\\/www.walraven.com\\\/lv\\\/?s={search_term_string}\"},\"query-input\":{\"@type\":\"PropertyValueSpecification\",\"valueRequired\":true,\"valueName\":\"search_term_string\"}}],\"inLanguage\":\"lv-LV\"},{\"@type\":\"Organization\",\"@id\":\"https:\\\/\\\/www.walraven.com\\\/lv\\\/#organization\",\"name\":\"Walraven Sp. z o.o.\",\"url\":\"https:\\\/\\\/www.walraven.com\\\/lv\\\/\",\"logo\":{\"@type\":\"ImageObject\",\"inLanguage\":\"lv-LV\",\"@id\":\"https:\\\/\\\/www.walraven.com\\\/lv\\\/#\\\/schema\\\/logo\\\/image\\\/\",\"url\":\"https:\\\/\\\/www.walraven.com\\\/lv\\\/wp-content\\\/uploads\\\/sites\\\/33\\\/2023\\\/12\\\/Walraven_logo300x300.jpg\",\"contentUrl\":\"https:\\\/\\\/www.walraven.com\\\/lv\\\/wp-content\\\/uploads\\\/sites\\\/33\\\/2023\\\/12\\\/Walraven_logo300x300.jpg\",\"width\":300,\"height\":300,\"caption\":\"Walraven Sp. z o.o.\"},\"image\":{\"@id\":\"https:\\\/\\\/www.walraven.com\\\/lv\\\/#\\\/schema\\\/logo\\\/image\\\/\"}}]}<\/script>\n<!-- \/ Yoast SEO Premium plugin. -->","yoast_head_json":{"title":"M\u016bsu uzman\u012bbas jomas - Walraven Latvia","description":"M\u016bsu ilgtsp\u0113j\u012bgs ce\u013cojums s\u0101k\u0101s jau sen, m\u016bsu uz\u0146\u0113muma pirms\u0101kumos. Vair\u0101k lasiet m\u016bsu t\u012bmek\u013ca vietn\u0113.","robots":{"index":"index","follow":"follow","max-snippet":"max-snippet:-1","max-image-preview":"max-image-preview:large","max-video-preview":"max-video-preview:-1"},"canonical":"https:\/\/www.walraven.com\/lv\/sustainability\/our-focus-areas\/","og_locale":"lv_LV","og_type":"article","og_title":"M\u016bsu uzman\u012bbas jomas","og_description":"M\u016bsu ilgtsp\u0113j\u012bgs ce\u013cojums s\u0101k\u0101s jau sen, m\u016bsu uz\u0146\u0113muma pirms\u0101kumos. Vair\u0101k lasiet m\u016bsu t\u012bmek\u013ca vietn\u0113.","og_url":"https:\/\/www.walraven.com\/lv\/sustainability\/our-focus-areas\/","og_site_name":"Walraven Latvia","article_modified_time":"2024-09-17T14:46:00+00:00","twitter_card":"summary_large_image","twitter_misc":{"Est. reading time":"6 min\u016btes"},"schema":{"@context":"https:\/\/schema.org","@graph":[{"@type":"WebPage","@id":"https:\/\/www.walraven.com\/lv\/sustainability\/our-focus-areas\/","url":"https:\/\/www.walraven.com\/lv\/sustainability\/our-focus-areas\/","name":"M\u016bsu uzman\u012bbas jomas - Walraven Latvia","isPartOf":{"@id":"https:\/\/www.walraven.com\/lv\/#website"},"datePublished":"2024-04-17T07:41:12+00:00","dateModified":"2024-09-17T14:46:00+00:00","description":"M\u016bsu ilgtsp\u0113j\u012bgs ce\u013cojums s\u0101k\u0101s jau sen, m\u016bsu uz\u0146\u0113muma pirms\u0101kumos. Vair\u0101k lasiet m\u016bsu t\u012bmek\u013ca vietn\u0113.","breadcrumb":{"@id":"https:\/\/www.walraven.com\/lv\/sustainability\/our-focus-areas\/#breadcrumb"},"inLanguage":"lv-LV","potentialAction":[{"@type":"ReadAction","target":["https:\/\/www.walraven.com\/lv\/sustainability\/our-focus-areas\/"]}]},{"@type":"BreadcrumbList","@id":"https:\/\/www.walraven.com\/lv\/sustainability\/our-focus-areas\/#breadcrumb","itemListElement":[{"@type":"ListItem","position":1,"name":"Home","item":"https:\/\/www.walraven.com\/lv\/"},{"@type":"ListItem","position":2,"name":"M\u0113s ticam, ka varam rad\u012bt ilgtsp\u0113j\u012bgas p\u0101rmai\u0146as, veidojot starptautisku uz\u0146\u0113mumu ar sirdsapzi\u0146u.","item":"https:\/\/www.walraven.com\/lv\/sustainability\/"},{"@type":"ListItem","position":3,"name":"M\u016bsu uzman\u012bbas jomas"}]},{"@type":"WebSite","@id":"https:\/\/www.walraven.com\/lv\/#website","url":"https:\/\/www.walraven.com\/lv\/","name":"Walraven Latvia","description":"","publisher":{"@id":"https:\/\/www.walraven.com\/lv\/#organization"},"potentialAction":[{"@type":"SearchAction","target":{"@type":"EntryPoint","urlTemplate":"https:\/\/www.walraven.com\/lv\/?s={search_term_string}"},"query-input":{"@type":"PropertyValueSpecification","valueRequired":true,"valueName":"search_term_string"}}],"inLanguage":"lv-LV"},{"@type":"Organization","@id":"https:\/\/www.walraven.com\/lv\/#organization","name":"Walraven Sp. z o.o.","url":"https:\/\/www.walraven.com\/lv\/","logo":{"@type":"ImageObject","inLanguage":"lv-LV","@id":"https:\/\/www.walraven.com\/lv\/#\/schema\/logo\/image\/","url":"https:\/\/www.walraven.com\/lv\/wp-content\/uploads\/sites\/33\/2023\/12\/Walraven_logo300x300.jpg","contentUrl":"https:\/\/www.walraven.com\/lv\/wp-content\/uploads\/sites\/33\/2023\/12\/Walraven_logo300x300.jpg","width":300,"height":300,"caption":"Walraven Sp. z o.o."},"image":{"@id":"https:\/\/www.walraven.com\/lv\/#\/schema\/logo\/image\/"}}]}},"_links":{"self":[{"href":"https:\/\/www.walraven.com\/lv\/wp-json\/wp\/v2\/pages\/15734","targetHints":{"allow":["GET"]}}],"collection":[{"href":"https:\/\/www.walraven.com\/lv\/wp-json\/wp\/v2\/pages"}],"about":[{"href":"https:\/\/www.walraven.com\/lv\/wp-json\/wp\/v2\/types\/page"}],"author":[{"embeddable":true,"href":"https:\/\/www.walraven.com\/lv\/wp-json\/wp\/v2\/users\/43"}],"replies":[{"embeddable":true,"href":"https:\/\/www.walraven.com\/lv\/wp-json\/wp\/v2\/comments?post=15734"}],"version-history":[{"count":2,"href":"https:\/\/www.walraven.com\/lv\/wp-json\/wp\/v2\/pages\/15734\/revisions"}],"predecessor-version":[{"id":16418,"href":"https:\/\/www.walraven.com\/lv\/wp-json\/wp\/v2\/pages\/15734\/revisions\/16418"}],"up":[{"embeddable":true,"href":"https:\/\/www.walraven.com\/lv\/wp-json\/wp\/v2\/pages\/15712"}],"wp:attachment":[{"href":"https:\/\/www.walraven.com\/lv\/wp-json\/wp\/v2\/media?parent=15734"}],"curies":[{"name":"wp","href":"https:\/\/api.w.org\/{rel}","templated":true}]}}