{"id":28827,"date":"2025-07-25T15:02:34","date_gmt":"2025-07-25T13:02:34","guid":{"rendered":"https:\/\/example.walraven.com\/?page_id=154493"},"modified":"2025-10-28T10:57:12","modified_gmt":"2025-10-28T09:57:12","slug":"channel-systems","status":"publish","type":"page","link":"https:\/\/www.walraven.com\/lv\/channel-systems\/","title":{"rendered":"Walraven kan\u0101lu sist\u0113mas vienk\u0101r\u0161o j\u016bsu HVAC uzst\u0101d\u012b\u0161anu"},"content":{"rendered":"","protected":false},"excerpt":{"rendered":"","protected":false},"author":62,"featured_media":0,"parent":0,"menu_order":0,"comment_status":"closed","ping_status":"closed","template":"page-templates\/tpl-landingspage.php","meta":{"_acf_changed":false,"footnotes":""},"class_list":["post-28827","page","type-page","status-publish","hentry"],"acf":[],"yoast_head":"<!-- This site is optimized with the Yoast SEO Premium plugin v27.3 (Yoast SEO v27.3) - https:\/\/yoast.com\/product\/yoast-seo-premium-wordpress\/ -->\n<title>Walraven kan\u0101lu sist\u0113mas vienk\u0101r\u0161o j\u016bsu HVAC uzst\u0101d\u012b\u0161anu - Walraven Latvia<\/title>\n<meta name=\"description\" content=\"Uzziniet, k\u0101p\u0113c HVAC speci\u0101listi uzticas Walraven, lai veiktu efekt\u012bvas un vienk\u0101r\u0161as instal\u0101cijas. M\u016bsu visaptvero\u0161ie un modul\u0101rie risin\u0101jumi piel\u0101gojas da\u017e\u0101d\u0101m projektu vajadz\u012bb\u0101m, s\u0101kot no viegl\u0101m l\u012bdz smag\u0101m lietojumprogramm\u0101m. Pla\u0161ais gatavu piederumu kl\u0101sts iev\u0113rojami uzlabo darb\u012bbas efektivit\u0101ti, nodro\u0161inot vienk\u0101r\u0161as, \u0101tras un dro\u0161as instal\u0101cijas.\" \/>\n<meta name=\"robots\" content=\"index, follow, max-snippet:-1, max-image-preview:large, max-video-preview:-1\" \/>\n<link rel=\"canonical\" href=\"https:\/\/www.walraven.com\/lv\/channel-systems\/\" \/>\n<meta property=\"og:locale\" content=\"lv_LV\" \/>\n<meta property=\"og:type\" content=\"article\" \/>\n<meta property=\"og:title\" content=\"Walraven kan\u0101lu sist\u0113mas vienk\u0101r\u0161o j\u016bsu HVAC uzst\u0101d\u012b\u0161anu\" \/>\n<meta property=\"og:description\" content=\"Uzziniet, k\u0101p\u0113c HVAC speci\u0101listi uzticas Walraven, lai veiktu efekt\u012bvas un vienk\u0101r\u0161as instal\u0101cijas. M\u016bsu visaptvero\u0161ie un modul\u0101rie risin\u0101jumi piel\u0101gojas da\u017e\u0101d\u0101m projektu vajadz\u012bb\u0101m, s\u0101kot no viegl\u0101m l\u012bdz smag\u0101m lietojumprogramm\u0101m. Pla\u0161ais gatavu piederumu kl\u0101sts iev\u0113rojami uzlabo darb\u012bbas efektivit\u0101ti, nodro\u0161inot vienk\u0101r\u0161as, \u0101tras un dro\u0161as instal\u0101cijas.\" \/>\n<meta property=\"og:url\" content=\"https:\/\/www.walraven.com\/lv\/channel-systems\/\" \/>\n<meta property=\"og:site_name\" content=\"Walraven Latvia\" \/>\n<meta property=\"article:modified_time\" content=\"2025-10-28T09:57:12+00:00\" \/>\n<meta name=\"twitter:card\" content=\"summary_large_image\" \/>\n<meta name=\"twitter:label1\" content=\"Est. reading time\" \/>\n\t<meta name=\"twitter:data1\" content=\"4 min\u016btes\" \/>\n<script type=\"application\/ld+json\" class=\"yoast-schema-graph\">{\"@context\":\"https:\\\/\\\/schema.org\",\"@graph\":[{\"@type\":\"WebPage\",\"@id\":\"https:\\\/\\\/www.walraven.com\\\/lv\\\/channel-systems\\\/\",\"url\":\"https:\\\/\\\/www.walraven.com\\\/lv\\\/channel-systems\\\/\",\"name\":\"Walraven kan\u0101lu sist\u0113mas vienk\u0101r\u0161o j\u016bsu HVAC uzst\u0101d\u012b\u0161anu - Walraven Latvia\",\"isPartOf\":{\"@id\":\"https:\\\/\\\/www.walraven.com\\\/lv\\\/#website\"},\"datePublished\":\"2025-07-25T13:02:34+00:00\",\"dateModified\":\"2025-10-28T09:57:12+00:00\",\"description\":\"Uzziniet, k\u0101p\u0113c HVAC speci\u0101listi uzticas Walraven, lai veiktu efekt\u012bvas un vienk\u0101r\u0161as instal\u0101cijas. M\u016bsu visaptvero\u0161ie un modul\u0101rie risin\u0101jumi piel\u0101gojas da\u017e\u0101d\u0101m projektu vajadz\u012bb\u0101m, s\u0101kot no viegl\u0101m l\u012bdz smag\u0101m lietojumprogramm\u0101m. Pla\u0161ais gatavu piederumu kl\u0101sts iev\u0113rojami uzlabo darb\u012bbas efektivit\u0101ti, nodro\u0161inot vienk\u0101r\u0161as, \u0101tras un dro\u0161as instal\u0101cijas.\",\"breadcrumb\":{\"@id\":\"https:\\\/\\\/www.walraven.com\\\/lv\\\/channel-systems\\\/#breadcrumb\"},\"inLanguage\":\"lv-LV\",\"potentialAction\":[{\"@type\":\"ReadAction\",\"target\":[\"https:\\\/\\\/www.walraven.com\\\/lv\\\/channel-systems\\\/\"]}]},{\"@type\":\"BreadcrumbList\",\"@id\":\"https:\\\/\\\/www.walraven.com\\\/lv\\\/channel-systems\\\/#breadcrumb\",\"itemListElement\":[{\"@type\":\"ListItem\",\"position\":1,\"name\":\"Home\",\"item\":\"https:\\\/\\\/www.walraven.com\\\/lv\\\/\"},{\"@type\":\"ListItem\",\"position\":2,\"name\":\"Walraven kan\u0101lu sist\u0113mas vienk\u0101r\u0161o j\u016bsu HVAC uzst\u0101d\u012b\u0161anu\"}]},{\"@type\":\"WebSite\",\"@id\":\"https:\\\/\\\/www.walraven.com\\\/lv\\\/#website\",\"url\":\"https:\\\/\\\/www.walraven.com\\\/lv\\\/\",\"name\":\"Walraven Latvia\",\"description\":\"\",\"publisher\":{\"@id\":\"https:\\\/\\\/www.walraven.com\\\/lv\\\/#organization\"},\"potentialAction\":[{\"@type\":\"SearchAction\",\"target\":{\"@type\":\"EntryPoint\",\"urlTemplate\":\"https:\\\/\\\/www.walraven.com\\\/lv\\\/?s={search_term_string}\"},\"query-input\":{\"@type\":\"PropertyValueSpecification\",\"valueRequired\":true,\"valueName\":\"search_term_string\"}}],\"inLanguage\":\"lv-LV\"},{\"@type\":\"Organization\",\"@id\":\"https:\\\/\\\/www.walraven.com\\\/lv\\\/#organization\",\"name\":\"Walraven Sp. z o.o.\",\"url\":\"https:\\\/\\\/www.walraven.com\\\/lv\\\/\",\"logo\":{\"@type\":\"ImageObject\",\"inLanguage\":\"lv-LV\",\"@id\":\"https:\\\/\\\/www.walraven.com\\\/lv\\\/#\\\/schema\\\/logo\\\/image\\\/\",\"url\":\"https:\\\/\\\/www.walraven.com\\\/lv\\\/wp-content\\\/uploads\\\/sites\\\/33\\\/2023\\\/12\\\/Walraven_logo300x300.jpg\",\"contentUrl\":\"https:\\\/\\\/www.walraven.com\\\/lv\\\/wp-content\\\/uploads\\\/sites\\\/33\\\/2023\\\/12\\\/Walraven_logo300x300.jpg\",\"width\":300,\"height\":300,\"caption\":\"Walraven Sp. z o.o.\"},\"image\":{\"@id\":\"https:\\\/\\\/www.walraven.com\\\/lv\\\/#\\\/schema\\\/logo\\\/image\\\/\"}}]}<\/script>\n<!-- \/ Yoast SEO Premium plugin. -->","yoast_head_json":{"title":"Walraven kan\u0101lu sist\u0113mas vienk\u0101r\u0161o j\u016bsu HVAC uzst\u0101d\u012b\u0161anu - Walraven Latvia","description":"Uzziniet, k\u0101p\u0113c HVAC speci\u0101listi uzticas Walraven, lai veiktu efekt\u012bvas un vienk\u0101r\u0161as instal\u0101cijas. M\u016bsu visaptvero\u0161ie un modul\u0101rie risin\u0101jumi piel\u0101gojas da\u017e\u0101d\u0101m projektu vajadz\u012bb\u0101m, s\u0101kot no viegl\u0101m l\u012bdz smag\u0101m lietojumprogramm\u0101m. Pla\u0161ais gatavu piederumu kl\u0101sts iev\u0113rojami uzlabo darb\u012bbas efektivit\u0101ti, nodro\u0161inot vienk\u0101r\u0161as, \u0101tras un dro\u0161as instal\u0101cijas.","robots":{"index":"index","follow":"follow","max-snippet":"max-snippet:-1","max-image-preview":"max-image-preview:large","max-video-preview":"max-video-preview:-1"},"canonical":"https:\/\/www.walraven.com\/lv\/channel-systems\/","og_locale":"lv_LV","og_type":"article","og_title":"Walraven kan\u0101lu sist\u0113mas vienk\u0101r\u0161o j\u016bsu HVAC uzst\u0101d\u012b\u0161anu","og_description":"Uzziniet, k\u0101p\u0113c HVAC speci\u0101listi uzticas Walraven, lai veiktu efekt\u012bvas un vienk\u0101r\u0161as instal\u0101cijas. M\u016bsu visaptvero\u0161ie un modul\u0101rie risin\u0101jumi piel\u0101gojas da\u017e\u0101d\u0101m projektu vajadz\u012bb\u0101m, s\u0101kot no viegl\u0101m l\u012bdz smag\u0101m lietojumprogramm\u0101m. Pla\u0161ais gatavu piederumu kl\u0101sts iev\u0113rojami uzlabo darb\u012bbas efektivit\u0101ti, nodro\u0161inot vienk\u0101r\u0161as, \u0101tras un dro\u0161as instal\u0101cijas.","og_url":"https:\/\/www.walraven.com\/lv\/channel-systems\/","og_site_name":"Walraven Latvia","article_modified_time":"2025-10-28T09:57:12+00:00","twitter_card":"summary_large_image","twitter_misc":{"Est. reading time":"4 min\u016btes"},"schema":{"@context":"https:\/\/schema.org","@graph":[{"@type":"WebPage","@id":"https:\/\/www.walraven.com\/lv\/channel-systems\/","url":"https:\/\/www.walraven.com\/lv\/channel-systems\/","name":"Walraven kan\u0101lu sist\u0113mas vienk\u0101r\u0161o j\u016bsu HVAC uzst\u0101d\u012b\u0161anu - Walraven Latvia","isPartOf":{"@id":"https:\/\/www.walraven.com\/lv\/#website"},"datePublished":"2025-07-25T13:02:34+00:00","dateModified":"2025-10-28T09:57:12+00:00","description":"Uzziniet, k\u0101p\u0113c HVAC speci\u0101listi uzticas Walraven, lai veiktu efekt\u012bvas un vienk\u0101r\u0161as instal\u0101cijas. M\u016bsu visaptvero\u0161ie un modul\u0101rie risin\u0101jumi piel\u0101gojas da\u017e\u0101d\u0101m projektu vajadz\u012bb\u0101m, s\u0101kot no viegl\u0101m l\u012bdz smag\u0101m lietojumprogramm\u0101m. Pla\u0161ais gatavu piederumu kl\u0101sts iev\u0113rojami uzlabo darb\u012bbas efektivit\u0101ti, nodro\u0161inot vienk\u0101r\u0161as, \u0101tras un dro\u0161as instal\u0101cijas.","breadcrumb":{"@id":"https:\/\/www.walraven.com\/lv\/channel-systems\/#breadcrumb"},"inLanguage":"lv-LV","potentialAction":[{"@type":"ReadAction","target":["https:\/\/www.walraven.com\/lv\/channel-systems\/"]}]},{"@type":"BreadcrumbList","@id":"https:\/\/www.walraven.com\/lv\/channel-systems\/#breadcrumb","itemListElement":[{"@type":"ListItem","position":1,"name":"Home","item":"https:\/\/www.walraven.com\/lv\/"},{"@type":"ListItem","position":2,"name":"Walraven kan\u0101lu sist\u0113mas vienk\u0101r\u0161o j\u016bsu HVAC uzst\u0101d\u012b\u0161anu"}]},{"@type":"WebSite","@id":"https:\/\/www.walraven.com\/lv\/#website","url":"https:\/\/www.walraven.com\/lv\/","name":"Walraven Latvia","description":"","publisher":{"@id":"https:\/\/www.walraven.com\/lv\/#organization"},"potentialAction":[{"@type":"SearchAction","target":{"@type":"EntryPoint","urlTemplate":"https:\/\/www.walraven.com\/lv\/?s={search_term_string}"},"query-input":{"@type":"PropertyValueSpecification","valueRequired":true,"valueName":"search_term_string"}}],"inLanguage":"lv-LV"},{"@type":"Organization","@id":"https:\/\/www.walraven.com\/lv\/#organization","name":"Walraven Sp. z o.o.","url":"https:\/\/www.walraven.com\/lv\/","logo":{"@type":"ImageObject","inLanguage":"lv-LV","@id":"https:\/\/www.walraven.com\/lv\/#\/schema\/logo\/image\/","url":"https:\/\/www.walraven.com\/lv\/wp-content\/uploads\/sites\/33\/2023\/12\/Walraven_logo300x300.jpg","contentUrl":"https:\/\/www.walraven.com\/lv\/wp-content\/uploads\/sites\/33\/2023\/12\/Walraven_logo300x300.jpg","width":300,"height":300,"caption":"Walraven Sp. z o.o."},"image":{"@id":"https:\/\/www.walraven.com\/lv\/#\/schema\/logo\/image\/"}}]}},"_links":{"self":[{"href":"https:\/\/www.walraven.com\/lv\/wp-json\/wp\/v2\/pages\/28827","targetHints":{"allow":["GET"]}}],"collection":[{"href":"https:\/\/www.walraven.com\/lv\/wp-json\/wp\/v2\/pages"}],"about":[{"href":"https:\/\/www.walraven.com\/lv\/wp-json\/wp\/v2\/types\/page"}],"author":[{"embeddable":true,"href":"https:\/\/www.walraven.com\/lv\/wp-json\/wp\/v2\/users\/62"}],"replies":[{"embeddable":true,"href":"https:\/\/www.walraven.com\/lv\/wp-json\/wp\/v2\/comments?post=28827"}],"version-history":[{"count":5,"href":"https:\/\/www.walraven.com\/lv\/wp-json\/wp\/v2\/pages\/28827\/revisions"}],"predecessor-version":[{"id":28944,"href":"https:\/\/www.walraven.com\/lv\/wp-json\/wp\/v2\/pages\/28827\/revisions\/28944"}],"wp:attachment":[{"href":"https:\/\/www.walraven.com\/lv\/wp-json\/wp\/v2\/media?parent=28827"}],"curies":[{"name":"wp","href":"https:\/\/api.w.org\/{rel}","templated":true}]}}