{"id":163166,"date":"2026-01-27T13:19:23","date_gmt":"2026-01-27T13:19:23","guid":{"rendered":"https:\/\/www.walraven.com\/nl\/?page_id=163166"},"modified":"2026-01-27T13:19:23","modified_gmt":"2026-01-27T13:19:23","slug":"stagair-ai","status":"publish","type":"page","link":"https:\/\/www.walraven.com\/nl\/werken-bij-walraven\/stagair-ai\/","title":{"rendered":"Stagair AI"},"content":{"rendered":"<p>Voor onze IT &amp; Digitalisation afdeling zijn we op zoek naar een<\/p>\n<h2 style=\"text-align: center;\">Stagair AI<\/h2>\n<p><strong>Afdeling<\/strong>: IT &amp; Digitalisation<br \/>\n<strong>Locatie<\/strong>: Mijdrecht<br \/>\n<strong>Stageperiode<\/strong>: 5-6 maanden, flexibele startdatum<br \/>\n<strong>Uren per week:<\/strong> 32-40 uur<br \/>\n<strong>Aantal dagen:<\/strong> 4-5 dagen<\/p>\n<h2>Over Walraven<\/h2>\n<p>Walraven is een internationaal familiebedrijf waar dagelijks ruim 1.300 medewerkers met trots en passie werken voor onze klanten: duizenden installatiebedrijven wereldwijd. Het hoofdkantoor is gevestigd in Mijdrecht en we hebben productie- en verkoopvestigingen in meer dan 20 landen. Binnen Walraven heerst een open, informele cultuur met korte lijnen en veel ruimte om te leren en jezelf te ontwikkelen.<\/p>\n<h2>De stage<\/h2>\n<p>Tijdens deze stage maak je onderdeel uit van het team IT &amp; Digitalisation. Je krijgt de kans om te pionieren met opkomende AI-technologie binnen een internationale organisatie. Het gaat hier bij voorkeur om een stage met een beroepsproduct.<\/p>\n<p>We zoeken een stagiair die enthousiast wordt van het bouwen van AI-agents. We hebben een aantal gave idee\u00ebn en use cases, maar willen vooral samen met jou kijken welk idee jou leuk lijkt. \u00c9\u00e9n van de idee\u00ebn: een IT Service Desk agent die vragen van collega\u2019s beantwoord gebaseerd op documenten in de IT-knowledge base, eventueel uit te breiden met agentive actions. Met als doel een betere service bieden voor collega\u2019s en reductie van het aantal service desk tickets. Wij hanteren als organisatie het Microsoft-first principe, dus bij voorkeur wordt het product gebouwd binnen de Microsoft-stack (Copilot\/Azure).<\/p>\n<p>Je krijgt hierbij goede begeleiding, maar ook veel verantwoordelijkheid en ruimte voor eigen initiatief.<\/p>\n<h2>Wat ga je doen?<\/h2>\n<p>Als stagiair houd je je onder andere bezig met:<\/p>\n<ul>\n<li>Uitwerken van use-case naar technisch ontwerp<\/li>\n<li>Ontwikkelen en bouwen van een AI-oplossing<\/li>\n<li>Meedenken en nieuwe idee\u00ebn aandragen rondom AI-technologie<\/li>\n<li>Ervaren hoe het is om te werken binnen een internationaal familiebedrijf<\/li>\n<\/ul>\n<h2>Wie ben jij?<\/h2>\n<p>Wij zoeken een stagiair die:<\/p>\n<ul>\n<li>Een HBO-opleiding volgt in de richting van ICT \/ Artificial Intelligence<\/li>\n<li>Interesse heeft in het ontwikkelen van AI-agents<\/li>\n<li>Analytisch en creatief is<\/li>\n<li>Proactief, leergierig en zelfstandig kan werken<\/li>\n<li>Communicatief vaardig is<\/li>\n<li>De Nederlandse en Engelse taal goed beheerst (schriftelijk en mondeling)<\/li>\n<\/ul>\n<h2>Wat bieden wij jou?<\/h2>\n<ul>\n<li>Een leerzame stage in een internationale en professionele omgeving<\/li>\n<li>Begeleiding door ervaren collega\u2019s<\/li>\n<li>Een eigen opdracht<\/li>\n<li>Veel ruimte voor eigen idee\u00ebn en ontwikkeling<\/li>\n<li>Een prettige werksfeer binnen een betrokken team<\/li>\n<li>Een waardevolle werkervaring voor je verdere carri\u00e8re<\/li>\n<\/ul>\n<h2>Interesse?<\/h2>\n<p>Zie jij jezelf deze stage doen en heb je zin in een uitdagende stage bij Walraven? Neem dan contact op via werken@walraven.com.<\/p>\n<p>Walraven<br \/>\nIndustrieweg 5<br \/>\n3641 RK Mijdrecht<br \/>\nT: 0297 233000<br \/>\nE: <a href=\"mailto:werken@walraven.com\">werken@walraven.com<\/a><\/p>\n","protected":false},"excerpt":{"rendered":"<p>Voor onze IT &amp; Digitalisation afdeling zijn we op zoek naar een Stagair AI Afdeling: IT &amp; Digitalisation Locatie: Mijdrecht Stageperiode: 5-6 maanden, flexibele startdatum Uren per week: 32-40 uur Aantal dagen: 4-5 dagen Over Walraven Walraven is een internationaal familiebedrijf waar dagelijks ruim 1.300 medewerkers met trots en passie werken voor onze klanten: duizenden [&hellip;]<\/p>\n","protected":false},"author":43,"featured_media":0,"parent":78681,"menu_order":0,"comment_status":"closed","ping_status":"closed","template":"","meta":{"_acf_changed":false,"footnotes":""},"class_list":["post-163166","page","type-page","status-publish","hentry"],"acf":[],"yoast_head":"<!-- This site is optimized with the Yoast SEO Premium plugin v27.3 (Yoast SEO v27.3) - https:\/\/yoast.com\/product\/yoast-seo-premium-wordpress\/ -->\n<title>Stagair AI - Walraven Nederland<\/title>\n<meta name=\"description\" content=\"Stage alert! Ben jij onze nieuwe Stagair AI? Walraven is op zoek; solliciteer direct.\" \/>\n<meta name=\"robots\" content=\"index, follow, max-snippet:-1, max-image-preview:large, max-video-preview:-1\" \/>\n<link rel=\"canonical\" href=\"https:\/\/www.walraven.com\/nl\/werken-bij-walraven\/stagair-ai\/\" \/>\n<meta property=\"og:locale\" content=\"nl_NL\" \/>\n<meta property=\"og:type\" content=\"article\" \/>\n<meta property=\"og:title\" content=\"Stagair AI\" \/>\n<meta property=\"og:description\" content=\"Stage alert! Ben jij onze nieuwe Stagair AI? Walraven is op zoek; solliciteer direct.\" \/>\n<meta property=\"og:url\" content=\"https:\/\/www.walraven.com\/nl\/werken-bij-walraven\/stagair-ai\/\" \/>\n<meta property=\"og:site_name\" content=\"Walraven Nederland\" \/>\n<meta property=\"article:publisher\" content=\"https:\/\/www.facebook.com\/WalravenNL\/\" \/>\n<meta property=\"og:image\" content=\"https:\/\/www.walraven.com\/nl\/wp-content\/uploads\/sites\/3\/2023\/06\/Walraven-logo-630_445px.jpg\" \/>\n\t<meta property=\"og:image:width\" content=\"630\" \/>\n\t<meta property=\"og:image:height\" content=\"445\" \/>\n\t<meta property=\"og:image:type\" content=\"image\/jpeg\" \/>\n<meta name=\"twitter:card\" content=\"summary_large_image\" \/>\n<meta name=\"twitter:site\" content=\"@walraven_nl\" \/>\n<meta name=\"twitter:label1\" content=\"Geschatte leestijd\" \/>\n\t<meta name=\"twitter:data1\" content=\"3 minuten\" \/>\n<script type=\"application\/ld+json\" class=\"yoast-schema-graph\">{\"@context\":\"https:\\\/\\\/schema.org\",\"@graph\":[{\"@type\":\"WebPage\",\"@id\":\"https:\\\/\\\/www.walraven.com\\\/nl\\\/werken-bij-walraven\\\/stagair-ai\\\/\",\"url\":\"https:\\\/\\\/www.walraven.com\\\/nl\\\/werken-bij-walraven\\\/stagair-ai\\\/\",\"name\":\"Stagair AI - Walraven Nederland\",\"isPartOf\":{\"@id\":\"https:\\\/\\\/www.walraven.com\\\/nl\\\/#website\"},\"datePublished\":\"2026-01-27T13:19:23+00:00\",\"description\":\"Stage alert! Ben jij onze nieuwe Stagair AI? Walraven is op zoek; solliciteer direct.\",\"breadcrumb\":{\"@id\":\"https:\\\/\\\/www.walraven.com\\\/nl\\\/werken-bij-walraven\\\/stagair-ai\\\/#breadcrumb\"},\"inLanguage\":\"nl-NL\",\"potentialAction\":[{\"@type\":\"ReadAction\",\"target\":[\"https:\\\/\\\/www.walraven.com\\\/nl\\\/werken-bij-walraven\\\/stagair-ai\\\/\"]}]},{\"@type\":\"BreadcrumbList\",\"@id\":\"https:\\\/\\\/www.walraven.com\\\/nl\\\/werken-bij-walraven\\\/stagair-ai\\\/#breadcrumb\",\"itemListElement\":[{\"@type\":\"ListItem\",\"position\":1,\"name\":\"Home\",\"item\":\"https:\\\/\\\/www.walraven.com\\\/nl\\\/\"},{\"@type\":\"ListItem\",\"position\":2,\"name\":\"Wil jij deel uitmaken van een \u2018multinational met een hart\u2019?\",\"item\":\"https:\\\/\\\/www.walraven.com\\\/nl\\\/werken-bij-walraven\\\/\"},{\"@type\":\"ListItem\",\"position\":3,\"name\":\"Stagair AI\"}]},{\"@type\":\"WebSite\",\"@id\":\"https:\\\/\\\/www.walraven.com\\\/nl\\\/#website\",\"url\":\"https:\\\/\\\/www.walraven.com\\\/nl\\\/\",\"name\":\"Walraven Nederland\",\"description\":\"\",\"publisher\":{\"@id\":\"https:\\\/\\\/www.walraven.com\\\/nl\\\/#organization\"},\"potentialAction\":[{\"@type\":\"SearchAction\",\"target\":{\"@type\":\"EntryPoint\",\"urlTemplate\":\"https:\\\/\\\/www.walraven.com\\\/nl\\\/?s={search_term_string}\"},\"query-input\":{\"@type\":\"PropertyValueSpecification\",\"valueRequired\":true,\"valueName\":\"search_term_string\"}}],\"inLanguage\":\"nl-NL\"},{\"@type\":\"Organization\",\"@id\":\"https:\\\/\\\/www.walraven.com\\\/nl\\\/#organization\",\"name\":\"Walraven B.V.\",\"alternateName\":\"Walraven B.V.\",\"url\":\"https:\\\/\\\/www.walraven.com\\\/nl\\\/\",\"logo\":{\"@type\":\"ImageObject\",\"inLanguage\":\"nl-NL\",\"@id\":\"https:\\\/\\\/www.walraven.com\\\/nl\\\/#\\\/schema\\\/logo\\\/image\\\/\",\"url\":\"https:\\\/\\\/www.walraven.com\\\/nl\\\/wp-content\\\/uploads\\\/sites\\\/3\\\/2023\\\/06\\\/Walraven-logo-630_445px.jpg\",\"contentUrl\":\"https:\\\/\\\/www.walraven.com\\\/nl\\\/wp-content\\\/uploads\\\/sites\\\/3\\\/2023\\\/06\\\/Walraven-logo-630_445px.jpg\",\"width\":630,\"height\":445,\"caption\":\"Walraven B.V.\"},\"image\":{\"@id\":\"https:\\\/\\\/www.walraven.com\\\/nl\\\/#\\\/schema\\\/logo\\\/image\\\/\"},\"sameAs\":[\"https:\\\/\\\/www.facebook.com\\\/WalravenNL\\\/\",\"https:\\\/\\\/x.com\\\/walraven_nl\",\"https:\\\/\\\/www.instagram.com\\\/walraven_nl\\\/\",\"https:\\\/\\\/www.youtube.com\\\/user\\\/walravennl\",\"https:\\\/\\\/www.linkedin.com\\\/company\\\/walraven-nl\"]}]}<\/script>\n<!-- \/ Yoast SEO Premium plugin. -->","yoast_head_json":{"title":"Stagair AI - Walraven Nederland","description":"Stage alert! Ben jij onze nieuwe Stagair AI? Walraven is op zoek; solliciteer direct.","robots":{"index":"index","follow":"follow","max-snippet":"max-snippet:-1","max-image-preview":"max-image-preview:large","max-video-preview":"max-video-preview:-1"},"canonical":"https:\/\/www.walraven.com\/nl\/werken-bij-walraven\/stagair-ai\/","og_locale":"nl_NL","og_type":"article","og_title":"Stagair AI","og_description":"Stage alert! Ben jij onze nieuwe Stagair AI? Walraven is op zoek; solliciteer direct.","og_url":"https:\/\/www.walraven.com\/nl\/werken-bij-walraven\/stagair-ai\/","og_site_name":"Walraven Nederland","article_publisher":"https:\/\/www.facebook.com\/WalravenNL\/","og_image":[{"width":630,"height":445,"url":"https:\/\/www.walraven.com\/nl\/wp-content\/uploads\/sites\/3\/2023\/06\/Walraven-logo-630_445px.jpg","type":"image\/jpeg"}],"twitter_card":"summary_large_image","twitter_site":"@walraven_nl","twitter_misc":{"Geschatte leestijd":"3 minuten"},"schema":{"@context":"https:\/\/schema.org","@graph":[{"@type":"WebPage","@id":"https:\/\/www.walraven.com\/nl\/werken-bij-walraven\/stagair-ai\/","url":"https:\/\/www.walraven.com\/nl\/werken-bij-walraven\/stagair-ai\/","name":"Stagair AI - Walraven Nederland","isPartOf":{"@id":"https:\/\/www.walraven.com\/nl\/#website"},"datePublished":"2026-01-27T13:19:23+00:00","description":"Stage alert! Ben jij onze nieuwe Stagair AI? Walraven is op zoek; solliciteer direct.","breadcrumb":{"@id":"https:\/\/www.walraven.com\/nl\/werken-bij-walraven\/stagair-ai\/#breadcrumb"},"inLanguage":"nl-NL","potentialAction":[{"@type":"ReadAction","target":["https:\/\/www.walraven.com\/nl\/werken-bij-walraven\/stagair-ai\/"]}]},{"@type":"BreadcrumbList","@id":"https:\/\/www.walraven.com\/nl\/werken-bij-walraven\/stagair-ai\/#breadcrumb","itemListElement":[{"@type":"ListItem","position":1,"name":"Home","item":"https:\/\/www.walraven.com\/nl\/"},{"@type":"ListItem","position":2,"name":"Wil jij deel uitmaken van een \u2018multinational met een hart\u2019?","item":"https:\/\/www.walraven.com\/nl\/werken-bij-walraven\/"},{"@type":"ListItem","position":3,"name":"Stagair AI"}]},{"@type":"WebSite","@id":"https:\/\/www.walraven.com\/nl\/#website","url":"https:\/\/www.walraven.com\/nl\/","name":"Walraven Nederland","description":"","publisher":{"@id":"https:\/\/www.walraven.com\/nl\/#organization"},"potentialAction":[{"@type":"SearchAction","target":{"@type":"EntryPoint","urlTemplate":"https:\/\/www.walraven.com\/nl\/?s={search_term_string}"},"query-input":{"@type":"PropertyValueSpecification","valueRequired":true,"valueName":"search_term_string"}}],"inLanguage":"nl-NL"},{"@type":"Organization","@id":"https:\/\/www.walraven.com\/nl\/#organization","name":"Walraven B.V.","alternateName":"Walraven B.V.","url":"https:\/\/www.walraven.com\/nl\/","logo":{"@type":"ImageObject","inLanguage":"nl-NL","@id":"https:\/\/www.walraven.com\/nl\/#\/schema\/logo\/image\/","url":"https:\/\/www.walraven.com\/nl\/wp-content\/uploads\/sites\/3\/2023\/06\/Walraven-logo-630_445px.jpg","contentUrl":"https:\/\/www.walraven.com\/nl\/wp-content\/uploads\/sites\/3\/2023\/06\/Walraven-logo-630_445px.jpg","width":630,"height":445,"caption":"Walraven B.V."},"image":{"@id":"https:\/\/www.walraven.com\/nl\/#\/schema\/logo\/image\/"},"sameAs":["https:\/\/www.facebook.com\/WalravenNL\/","https:\/\/x.com\/walraven_nl","https:\/\/www.instagram.com\/walraven_nl\/","https:\/\/www.youtube.com\/user\/walravennl","https:\/\/www.linkedin.com\/company\/walraven-nl"]}]}},"_links":{"self":[{"href":"https:\/\/www.walraven.com\/nl\/wp-json\/wp\/v2\/pages\/163166","targetHints":{"allow":["GET"]}}],"collection":[{"href":"https:\/\/www.walraven.com\/nl\/wp-json\/wp\/v2\/pages"}],"about":[{"href":"https:\/\/www.walraven.com\/nl\/wp-json\/wp\/v2\/types\/page"}],"author":[{"embeddable":true,"href":"https:\/\/www.walraven.com\/nl\/wp-json\/wp\/v2\/users\/43"}],"replies":[{"embeddable":true,"href":"https:\/\/www.walraven.com\/nl\/wp-json\/wp\/v2\/comments?post=163166"}],"version-history":[{"count":1,"href":"https:\/\/www.walraven.com\/nl\/wp-json\/wp\/v2\/pages\/163166\/revisions"}],"predecessor-version":[{"id":163167,"href":"https:\/\/www.walraven.com\/nl\/wp-json\/wp\/v2\/pages\/163166\/revisions\/163167"}],"up":[{"embeddable":true,"href":"https:\/\/www.walraven.com\/nl\/wp-json\/wp\/v2\/pages\/78681"}],"wp:attachment":[{"href":"https:\/\/www.walraven.com\/nl\/wp-json\/wp\/v2\/media?parent=163166"}],"curies":[{"name":"wp","href":"https:\/\/api.w.org\/{rel}","templated":true}]}}