{"id":62020,"date":"2018-09-12T11:47:37","date_gmt":"2018-09-12T09:47:37","guid":{"rendered":"https:\/\/www.walraven.com\/pl\/?page_id=62020"},"modified":"2024-10-17T13:30:21","modified_gmt":"2024-10-17T11:30:21","slug":"ochrona-danych-osobowych-rekrutacja","status":"publish","type":"page","link":"https:\/\/www.walraven.com\/pl\/ochrona-danych-osobowych-rekrutacja\/","title":{"rendered":"Ochrona danych osobowych &#8211; Rekrutacja"},"content":{"rendered":"<p>Wyra\u017caj\u0105c zgod\u0119 akceptujesz, \u017ce zapozna\u0142e\u015b si\u0119 z informacjami o przetwarzaniu Twoich danych osobowych przez Walraven:<\/p>\n<ol>\n<li>Udzielona zgoda mo\u017ce by\u0107 wycofana w ka\u017cdym czasie, w takiej samej formie jak jej wyra\u017cenie, przy czym dotychczasowe przetwarzanie danych na podstawie zgody jest w pe\u0142ni legalne.<\/li>\n<li>Administratorem danych osobowych jest Walraven Sp. z o.o. z siedzib\u0105 ul. Dymarek 2L 3; 31-983 Krak\u00f3w, wpisana do Rejestru Przedsi\u0119biorc\u00f3w Krajowego Rejestru S\u0105dowego prowadzonego przez S\u0105d Rejonowy dla Krakowa &#8211; \u015ar\u00f3dmie\u015bcia w Krakowie Wydzia\u0142 XI Gospodarczy KRS pod numerem KRS 0000141102, posiadaj\u0105ca nr NIP: 925-19-20-895, nr REGON: 977990316, kapita\u0142 zak\u0142adowy 2.000.000 z\u0142.<\/li>\n<li>We wszelkich sprawach dotycz\u0105cych ochrony danych osobowych mo\u017cna uzyska\u0107 informacje pod adresem: <a href=\"mailto:info.pl@walraven.com\">info.pl@walraven.com<\/a>;<\/li>\n<li>Wskazane przez kandydata dane osobowe mog\u0105 by\u0107 przekazywane podmiotom wsp\u00f3\u0142pracuj\u0105cym na podstawie um\u00f3w powierzenia przetwarzania danych, w tym kancelariom prawnym, firmom doradczym, uczestnicz\u0105cym w przeprowadzaniu procesu rekrutacyjnego, podmiotom wykonuj\u0105cym \u015bwiadczenia z zakresu medycyny pracy, dostawcom us\u0142ug teleinformatycznych, sprz\u0119tu technicznego, archiwizacyjnych, utylizacji dokumentacji oraz sprz\u0119tu elektronicznego, firmom kurierskim i pocztowym.<\/li>\n<li>Podane dane osobowe b\u0119d\u0105 przechowywane w czasie trwania procesu rekrutacyjnego do kt\u00f3rego zosta\u0142y przekazane, jak r\u00f3wnie\u017c w okresie zwi\u0105zanym z przedawnieniem dochodzenia roszcze\u0144 (3 lata od zako\u0144czenia procesu rekrutacyjnego).<\/li>\n<li>Przys\u0142uguje mi prawo dost\u0119pu do tre\u015bci podanych przeze mnie danych oraz prawo ich sprostowania, usuni\u0119cia, ograniczenia przetwarzania, prawo do przenoszenia danych, wniesienia sprzeciwu wobec przetwarzania danych, jak r\u00f3wnie\u017c prawo wniesienia skargi do Prezesa Urz\u0119du Ochrony Danych Osobowych.<\/li>\n<li>Podanie danych osobowych w zakresie wskazanym w art. 22\u00b9 \u00a7 1 kodeksu pracy jest wymogiem ustawowym, w pozosta\u0142ym zakresie jest dobrowolne, jednak\u017ce konieczne do przeprowadzenia prawid\u0142owego i efektywnego procesu rekrutacji przed podj\u0119ciem zatrudnienia.<\/li>\n<\/ol>\n","protected":false},"excerpt":{"rendered":"<p>Wyra\u017caj\u0105c zgod\u0119 akceptujesz, \u017ce zapozna\u0142e\u015b si\u0119 z informacjami o przetwarzaniu Twoich danych osobowych przez Walraven: Udzielona zgoda mo\u017ce by\u0107 wycofana w ka\u017cdym czasie, w takiej samej formie jak jej wyra\u017cenie, przy czym dotychczasowe przetwarzanie danych na podstawie zgody jest w pe\u0142ni legalne. Administratorem danych osobowych jest Walraven Sp. z o.o. z siedzib\u0105 ul. Dymarek 2L [&hellip;]<\/p>\n","protected":false},"author":43,"featured_media":0,"parent":0,"menu_order":0,"comment_status":"closed","ping_status":"closed","template":"","meta":{"_acf_changed":false,"footnotes":""},"class_list":["post-62020","page","type-page","status-publish","hentry"],"acf":[],"yoast_head":"<!-- This site is optimized with the Yoast SEO Premium plugin v27.3 (Yoast SEO v27.3) - https:\/\/yoast.com\/product\/yoast-seo-premium-wordpress\/ -->\n<title>Ochrona danych osobowych - Rekrutacja - Producent Walraven Polska<\/title>\n<meta name=\"robots\" content=\"index, follow, max-snippet:-1, max-image-preview:large, max-video-preview:-1\" \/>\n<link rel=\"canonical\" href=\"https:\/\/www.walraven.com\/pl\/ochrona-danych-osobowych-rekrutacja\/\" \/>\n<meta property=\"og:locale\" content=\"pl_PL\" \/>\n<meta property=\"og:type\" content=\"article\" \/>\n<meta property=\"og:title\" content=\"Ochrona danych osobowych - Rekrutacja\" \/>\n<meta property=\"og:description\" content=\"Wyra\u017caj\u0105c zgod\u0119 akceptujesz, \u017ce zapozna\u0142e\u015b si\u0119 z informacjami o przetwarzaniu Twoich danych osobowych przez Walraven: Udzielona zgoda mo\u017ce by\u0107 wycofana w ka\u017cdym czasie, w takiej samej formie jak jej wyra\u017cenie, przy czym dotychczasowe przetwarzanie danych na podstawie zgody jest w pe\u0142ni legalne. Administratorem danych osobowych jest Walraven Sp. z o.o. z siedzib\u0105 ul. Dymarek 2L [&hellip;]\" \/>\n<meta property=\"og:url\" content=\"https:\/\/www.walraven.com\/pl\/ochrona-danych-osobowych-rekrutacja\/\" \/>\n<meta property=\"og:site_name\" content=\"Producent Walraven Polska\" \/>\n<meta property=\"article:publisher\" content=\"https:\/\/www.facebook.com\/Walraven-PL-134115383938171\/\" \/>\n<meta property=\"article:modified_time\" content=\"2024-10-17T11:30:21+00:00\" \/>\n<meta name=\"twitter:card\" content=\"summary_large_image\" \/>\n<meta name=\"twitter:label1\" content=\"Szacowany czas czytania\" \/>\n\t<meta name=\"twitter:data1\" content=\"2 minuty\" \/>\n<script type=\"application\/ld+json\" class=\"yoast-schema-graph\">{\"@context\":\"https:\\\/\\\/schema.org\",\"@graph\":[{\"@type\":\"WebPage\",\"@id\":\"https:\\\/\\\/www.walraven.com\\\/pl\\\/ochrona-danych-osobowych-rekrutacja\\\/\",\"url\":\"https:\\\/\\\/www.walraven.com\\\/pl\\\/ochrona-danych-osobowych-rekrutacja\\\/\",\"name\":\"Ochrona danych osobowych - Rekrutacja - Producent Walraven Polska\",\"isPartOf\":{\"@id\":\"https:\\\/\\\/www.walraven.com\\\/pl\\\/#website\"},\"datePublished\":\"2018-09-12T09:47:37+00:00\",\"dateModified\":\"2024-10-17T11:30:21+00:00\",\"breadcrumb\":{\"@id\":\"https:\\\/\\\/www.walraven.com\\\/pl\\\/ochrona-danych-osobowych-rekrutacja\\\/#breadcrumb\"},\"inLanguage\":\"pl-PL\",\"potentialAction\":[{\"@type\":\"ReadAction\",\"target\":[\"https:\\\/\\\/www.walraven.com\\\/pl\\\/ochrona-danych-osobowych-rekrutacja\\\/\"]}]},{\"@type\":\"BreadcrumbList\",\"@id\":\"https:\\\/\\\/www.walraven.com\\\/pl\\\/ochrona-danych-osobowych-rekrutacja\\\/#breadcrumb\",\"itemListElement\":[{\"@type\":\"ListItem\",\"position\":1,\"name\":\"Home\",\"item\":\"https:\\\/\\\/www.walraven.com\\\/pl\\\/\"},{\"@type\":\"ListItem\",\"position\":2,\"name\":\"Ochrona danych osobowych &#8211; Rekrutacja\"}]},{\"@type\":\"WebSite\",\"@id\":\"https:\\\/\\\/www.walraven.com\\\/pl\\\/#website\",\"url\":\"https:\\\/\\\/www.walraven.com\\\/pl\\\/\",\"name\":\"Producent Walraven Polska\",\"description\":\"\",\"publisher\":{\"@id\":\"https:\\\/\\\/www.walraven.com\\\/pl\\\/#organization\"},\"potentialAction\":[{\"@type\":\"SearchAction\",\"target\":{\"@type\":\"EntryPoint\",\"urlTemplate\":\"https:\\\/\\\/www.walraven.com\\\/pl\\\/?s={search_term_string}\"},\"query-input\":{\"@type\":\"PropertyValueSpecification\",\"valueRequired\":true,\"valueName\":\"search_term_string\"}}],\"inLanguage\":\"pl-PL\"},{\"@type\":\"Organization\",\"@id\":\"https:\\\/\\\/www.walraven.com\\\/pl\\\/#organization\",\"name\":\"Walraven Sp. z o.o.\",\"alternateName\":\"Walraven Sp. z o.o.\",\"url\":\"https:\\\/\\\/www.walraven.com\\\/pl\\\/\",\"logo\":{\"@type\":\"ImageObject\",\"inLanguage\":\"pl-PL\",\"@id\":\"https:\\\/\\\/www.walraven.com\\\/pl\\\/#\\\/schema\\\/logo\\\/image\\\/\",\"url\":\"https:\\\/\\\/www.walraven.com\\\/pl\\\/wp-content\\\/uploads\\\/sites\\\/8\\\/2023\\\/12\\\/Walraven_logo300x300.jpg\",\"contentUrl\":\"https:\\\/\\\/www.walraven.com\\\/pl\\\/wp-content\\\/uploads\\\/sites\\\/8\\\/2023\\\/12\\\/Walraven_logo300x300.jpg\",\"width\":300,\"height\":300,\"caption\":\"Walraven Sp. z o.o.\"},\"image\":{\"@id\":\"https:\\\/\\\/www.walraven.com\\\/pl\\\/#\\\/schema\\\/logo\\\/image\\\/\"},\"sameAs\":[\"https:\\\/\\\/www.facebook.com\\\/Walraven-PL-134115383938171\\\/\",\"https:\\\/\\\/www.youtube.com\\\/user\\\/WalravenPLD\",\"https:\\\/\\\/www.linkedin.com\\\/company\\\/7157706\\\/\",\"https:\\\/\\\/www.instagram.com\\\/walraven_pl\\\/\"]}]}<\/script>\n<!-- \/ Yoast SEO Premium plugin. -->","yoast_head_json":{"title":"Ochrona danych osobowych - Rekrutacja - Producent Walraven Polska","robots":{"index":"index","follow":"follow","max-snippet":"max-snippet:-1","max-image-preview":"max-image-preview:large","max-video-preview":"max-video-preview:-1"},"canonical":"https:\/\/www.walraven.com\/pl\/ochrona-danych-osobowych-rekrutacja\/","og_locale":"pl_PL","og_type":"article","og_title":"Ochrona danych osobowych - Rekrutacja","og_description":"Wyra\u017caj\u0105c zgod\u0119 akceptujesz, \u017ce zapozna\u0142e\u015b si\u0119 z informacjami o przetwarzaniu Twoich danych osobowych przez Walraven: Udzielona zgoda mo\u017ce by\u0107 wycofana w ka\u017cdym czasie, w takiej samej formie jak jej wyra\u017cenie, przy czym dotychczasowe przetwarzanie danych na podstawie zgody jest w pe\u0142ni legalne. Administratorem danych osobowych jest Walraven Sp. z o.o. z siedzib\u0105 ul. Dymarek 2L [&hellip;]","og_url":"https:\/\/www.walraven.com\/pl\/ochrona-danych-osobowych-rekrutacja\/","og_site_name":"Producent Walraven Polska","article_publisher":"https:\/\/www.facebook.com\/Walraven-PL-134115383938171\/","article_modified_time":"2024-10-17T11:30:21+00:00","twitter_card":"summary_large_image","twitter_misc":{"Szacowany czas czytania":"2 minuty"},"schema":{"@context":"https:\/\/schema.org","@graph":[{"@type":"WebPage","@id":"https:\/\/www.walraven.com\/pl\/ochrona-danych-osobowych-rekrutacja\/","url":"https:\/\/www.walraven.com\/pl\/ochrona-danych-osobowych-rekrutacja\/","name":"Ochrona danych osobowych - Rekrutacja - Producent Walraven Polska","isPartOf":{"@id":"https:\/\/www.walraven.com\/pl\/#website"},"datePublished":"2018-09-12T09:47:37+00:00","dateModified":"2024-10-17T11:30:21+00:00","breadcrumb":{"@id":"https:\/\/www.walraven.com\/pl\/ochrona-danych-osobowych-rekrutacja\/#breadcrumb"},"inLanguage":"pl-PL","potentialAction":[{"@type":"ReadAction","target":["https:\/\/www.walraven.com\/pl\/ochrona-danych-osobowych-rekrutacja\/"]}]},{"@type":"BreadcrumbList","@id":"https:\/\/www.walraven.com\/pl\/ochrona-danych-osobowych-rekrutacja\/#breadcrumb","itemListElement":[{"@type":"ListItem","position":1,"name":"Home","item":"https:\/\/www.walraven.com\/pl\/"},{"@type":"ListItem","position":2,"name":"Ochrona danych osobowych &#8211; Rekrutacja"}]},{"@type":"WebSite","@id":"https:\/\/www.walraven.com\/pl\/#website","url":"https:\/\/www.walraven.com\/pl\/","name":"Producent Walraven Polska","description":"","publisher":{"@id":"https:\/\/www.walraven.com\/pl\/#organization"},"potentialAction":[{"@type":"SearchAction","target":{"@type":"EntryPoint","urlTemplate":"https:\/\/www.walraven.com\/pl\/?s={search_term_string}"},"query-input":{"@type":"PropertyValueSpecification","valueRequired":true,"valueName":"search_term_string"}}],"inLanguage":"pl-PL"},{"@type":"Organization","@id":"https:\/\/www.walraven.com\/pl\/#organization","name":"Walraven Sp. z o.o.","alternateName":"Walraven Sp. z o.o.","url":"https:\/\/www.walraven.com\/pl\/","logo":{"@type":"ImageObject","inLanguage":"pl-PL","@id":"https:\/\/www.walraven.com\/pl\/#\/schema\/logo\/image\/","url":"https:\/\/www.walraven.com\/pl\/wp-content\/uploads\/sites\/8\/2023\/12\/Walraven_logo300x300.jpg","contentUrl":"https:\/\/www.walraven.com\/pl\/wp-content\/uploads\/sites\/8\/2023\/12\/Walraven_logo300x300.jpg","width":300,"height":300,"caption":"Walraven Sp. z o.o."},"image":{"@id":"https:\/\/www.walraven.com\/pl\/#\/schema\/logo\/image\/"},"sameAs":["https:\/\/www.facebook.com\/Walraven-PL-134115383938171\/","https:\/\/www.youtube.com\/user\/WalravenPLD","https:\/\/www.linkedin.com\/company\/7157706\/","https:\/\/www.instagram.com\/walraven_pl\/"]}]}},"_links":{"self":[{"href":"https:\/\/www.walraven.com\/pl\/wp-json\/wp\/v2\/pages\/62020","targetHints":{"allow":["GET"]}}],"collection":[{"href":"https:\/\/www.walraven.com\/pl\/wp-json\/wp\/v2\/pages"}],"about":[{"href":"https:\/\/www.walraven.com\/pl\/wp-json\/wp\/v2\/types\/page"}],"author":[{"embeddable":true,"href":"https:\/\/www.walraven.com\/pl\/wp-json\/wp\/v2\/users\/43"}],"replies":[{"embeddable":true,"href":"https:\/\/www.walraven.com\/pl\/wp-json\/wp\/v2\/comments?post=62020"}],"version-history":[{"count":5,"href":"https:\/\/www.walraven.com\/pl\/wp-json\/wp\/v2\/pages\/62020\/revisions"}],"predecessor-version":[{"id":72135,"href":"https:\/\/www.walraven.com\/pl\/wp-json\/wp\/v2\/pages\/62020\/revisions\/72135"}],"wp:attachment":[{"href":"https:\/\/www.walraven.com\/pl\/wp-json\/wp\/v2\/media?parent=62020"}],"curies":[{"name":"wp","href":"https:\/\/api.w.org\/{rel}","templated":true}]}}