{"id":64716,"date":"2021-02-11T14:40:00","date_gmt":"2021-02-11T13:40:00","guid":{"rendered":"https:\/\/www.walraven.com\/pl\/?page_id=64716"},"modified":"2025-09-10T13:40:17","modified_gmt":"2025-09-10T11:40:17","slug":"podesty-obslugowe-wolnostojace-laczone-z-konstrukcja","status":"publish","type":"page","link":"https:\/\/www.walraven.com\/pl\/podesty-serwisowe-przejscia-dachowe\/podesty-obslugowe-wolnostojace-laczone-z-konstrukcja\/","title":{"rendered":"Podesty obs\u0142ugowe &#8211; wolnostoj\u0105ce lub \u0142\u0105czone z konstrukcj\u0105"},"content":{"rendered":"","protected":false},"excerpt":{"rendered":"","protected":false},"author":15,"featured_media":0,"parent":64619,"menu_order":0,"comment_status":"closed","ping_status":"closed","template":"page-templates\/tpl-landingspage.php","meta":{"_acf_changed":false,"footnotes":""},"class_list":["post-64716","page","type-page","status-publish","hentry"],"acf":[],"yoast_head":"<!-- This site is optimized with the Yoast SEO Premium plugin v27.3 (Yoast SEO v27.3) - https:\/\/yoast.com\/product\/yoast-seo-premium-wordpress\/ -->\n<title>Podesty obs\u0142ugowe - wolnostoj\u0105ce lub \u0142\u0105czone z konstrukcj\u0105 - Producent Walraven Polska<\/title>\n<meta name=\"robots\" content=\"index, follow, max-snippet:-1, max-image-preview:large, max-video-preview:-1\" \/>\n<link rel=\"canonical\" href=\"https:\/\/www.walraven.com\/pl\/podesty-serwisowe-przejscia-dachowe\/podesty-obslugowe-wolnostojace-laczone-z-konstrukcja\/\" \/>\n<meta property=\"og:locale\" content=\"pl_PL\" \/>\n<meta property=\"og:type\" content=\"article\" \/>\n<meta property=\"og:title\" content=\"Podesty obs\u0142ugowe - wolnostoj\u0105ce lub \u0142\u0105czone z konstrukcj\u0105\" \/>\n<meta property=\"og:url\" content=\"https:\/\/www.walraven.com\/pl\/podesty-serwisowe-przejscia-dachowe\/podesty-obslugowe-wolnostojace-laczone-z-konstrukcja\/\" \/>\n<meta property=\"og:site_name\" content=\"Producent Walraven Polska\" \/>\n<meta property=\"article:publisher\" content=\"https:\/\/www.facebook.com\/Walraven-PL-134115383938171\/\" \/>\n<meta property=\"article:modified_time\" content=\"2025-09-10T11:40:17+00:00\" \/>\n<meta name=\"twitter:card\" content=\"summary_large_image\" \/>\n<meta name=\"twitter:label1\" content=\"Szacowany czas czytania\" \/>\n\t<meta name=\"twitter:data1\" content=\"2 minuty\" \/>\n<script type=\"application\/ld+json\" class=\"yoast-schema-graph\">{\"@context\":\"https:\\\/\\\/schema.org\",\"@graph\":[{\"@type\":\"WebPage\",\"@id\":\"https:\\\/\\\/www.walraven.com\\\/pl\\\/podesty-serwisowe-przejscia-dachowe\\\/podesty-obslugowe-wolnostojace-laczone-z-konstrukcja\\\/\",\"url\":\"https:\\\/\\\/www.walraven.com\\\/pl\\\/podesty-serwisowe-przejscia-dachowe\\\/podesty-obslugowe-wolnostojace-laczone-z-konstrukcja\\\/\",\"name\":\"Podesty obs\u0142ugowe - wolnostoj\u0105ce lub \u0142\u0105czone z konstrukcj\u0105 - Producent Walraven Polska\",\"isPartOf\":{\"@id\":\"https:\\\/\\\/www.walraven.com\\\/pl\\\/#website\"},\"datePublished\":\"2021-02-11T13:40:00+00:00\",\"dateModified\":\"2025-09-10T11:40:17+00:00\",\"breadcrumb\":{\"@id\":\"https:\\\/\\\/www.walraven.com\\\/pl\\\/podesty-serwisowe-przejscia-dachowe\\\/podesty-obslugowe-wolnostojace-laczone-z-konstrukcja\\\/#breadcrumb\"},\"inLanguage\":\"pl-PL\",\"potentialAction\":[{\"@type\":\"ReadAction\",\"target\":[\"https:\\\/\\\/www.walraven.com\\\/pl\\\/podesty-serwisowe-przejscia-dachowe\\\/podesty-obslugowe-wolnostojace-laczone-z-konstrukcja\\\/\"]}]},{\"@type\":\"BreadcrumbList\",\"@id\":\"https:\\\/\\\/www.walraven.com\\\/pl\\\/podesty-serwisowe-przejscia-dachowe\\\/podesty-obslugowe-wolnostojace-laczone-z-konstrukcja\\\/#breadcrumb\",\"itemListElement\":[{\"@type\":\"ListItem\",\"position\":1,\"name\":\"Home\",\"item\":\"https:\\\/\\\/www.walraven.com\\\/pl\\\/\"},{\"@type\":\"ListItem\",\"position\":2,\"name\":\"Podesty serwisowe\\\/ Przej\u015bcia dachowe\",\"item\":\"https:\\\/\\\/www.walraven.com\\\/pl\\\/podesty-serwisowe-przejscia-dachowe\\\/\"},{\"@type\":\"ListItem\",\"position\":3,\"name\":\"Podesty obs\u0142ugowe &#8211; wolnostoj\u0105ce lub \u0142\u0105czone z konstrukcj\u0105\"}]},{\"@type\":\"WebSite\",\"@id\":\"https:\\\/\\\/www.walraven.com\\\/pl\\\/#website\",\"url\":\"https:\\\/\\\/www.walraven.com\\\/pl\\\/\",\"name\":\"Producent Walraven Polska\",\"description\":\"\",\"publisher\":{\"@id\":\"https:\\\/\\\/www.walraven.com\\\/pl\\\/#organization\"},\"potentialAction\":[{\"@type\":\"SearchAction\",\"target\":{\"@type\":\"EntryPoint\",\"urlTemplate\":\"https:\\\/\\\/www.walraven.com\\\/pl\\\/?s={search_term_string}\"},\"query-input\":{\"@type\":\"PropertyValueSpecification\",\"valueRequired\":true,\"valueName\":\"search_term_string\"}}],\"inLanguage\":\"pl-PL\"},{\"@type\":\"Organization\",\"@id\":\"https:\\\/\\\/www.walraven.com\\\/pl\\\/#organization\",\"name\":\"Walraven Sp. z o.o.\",\"alternateName\":\"Walraven Sp. z o.o.\",\"url\":\"https:\\\/\\\/www.walraven.com\\\/pl\\\/\",\"logo\":{\"@type\":\"ImageObject\",\"inLanguage\":\"pl-PL\",\"@id\":\"https:\\\/\\\/www.walraven.com\\\/pl\\\/#\\\/schema\\\/logo\\\/image\\\/\",\"url\":\"https:\\\/\\\/www.walraven.com\\\/pl\\\/wp-content\\\/uploads\\\/sites\\\/8\\\/2023\\\/12\\\/Walraven_logo300x300.jpg\",\"contentUrl\":\"https:\\\/\\\/www.walraven.com\\\/pl\\\/wp-content\\\/uploads\\\/sites\\\/8\\\/2023\\\/12\\\/Walraven_logo300x300.jpg\",\"width\":300,\"height\":300,\"caption\":\"Walraven Sp. z o.o.\"},\"image\":{\"@id\":\"https:\\\/\\\/www.walraven.com\\\/pl\\\/#\\\/schema\\\/logo\\\/image\\\/\"},\"sameAs\":[\"https:\\\/\\\/www.facebook.com\\\/Walraven-PL-134115383938171\\\/\",\"https:\\\/\\\/www.youtube.com\\\/user\\\/WalravenPLD\",\"https:\\\/\\\/www.linkedin.com\\\/company\\\/7157706\\\/\",\"https:\\\/\\\/www.instagram.com\\\/walraven_pl\\\/\"]}]}<\/script>\n<!-- \/ Yoast SEO Premium plugin. -->","yoast_head_json":{"title":"Podesty obs\u0142ugowe - wolnostoj\u0105ce lub \u0142\u0105czone z konstrukcj\u0105 - Producent Walraven Polska","robots":{"index":"index","follow":"follow","max-snippet":"max-snippet:-1","max-image-preview":"max-image-preview:large","max-video-preview":"max-video-preview:-1"},"canonical":"https:\/\/www.walraven.com\/pl\/podesty-serwisowe-przejscia-dachowe\/podesty-obslugowe-wolnostojace-laczone-z-konstrukcja\/","og_locale":"pl_PL","og_type":"article","og_title":"Podesty obs\u0142ugowe - wolnostoj\u0105ce lub \u0142\u0105czone z konstrukcj\u0105","og_url":"https:\/\/www.walraven.com\/pl\/podesty-serwisowe-przejscia-dachowe\/podesty-obslugowe-wolnostojace-laczone-z-konstrukcja\/","og_site_name":"Producent Walraven Polska","article_publisher":"https:\/\/www.facebook.com\/Walraven-PL-134115383938171\/","article_modified_time":"2025-09-10T11:40:17+00:00","twitter_card":"summary_large_image","twitter_misc":{"Szacowany czas czytania":"2 minuty"},"schema":{"@context":"https:\/\/schema.org","@graph":[{"@type":"WebPage","@id":"https:\/\/www.walraven.com\/pl\/podesty-serwisowe-przejscia-dachowe\/podesty-obslugowe-wolnostojace-laczone-z-konstrukcja\/","url":"https:\/\/www.walraven.com\/pl\/podesty-serwisowe-przejscia-dachowe\/podesty-obslugowe-wolnostojace-laczone-z-konstrukcja\/","name":"Podesty obs\u0142ugowe - wolnostoj\u0105ce lub \u0142\u0105czone z konstrukcj\u0105 - Producent Walraven Polska","isPartOf":{"@id":"https:\/\/www.walraven.com\/pl\/#website"},"datePublished":"2021-02-11T13:40:00+00:00","dateModified":"2025-09-10T11:40:17+00:00","breadcrumb":{"@id":"https:\/\/www.walraven.com\/pl\/podesty-serwisowe-przejscia-dachowe\/podesty-obslugowe-wolnostojace-laczone-z-konstrukcja\/#breadcrumb"},"inLanguage":"pl-PL","potentialAction":[{"@type":"ReadAction","target":["https:\/\/www.walraven.com\/pl\/podesty-serwisowe-przejscia-dachowe\/podesty-obslugowe-wolnostojace-laczone-z-konstrukcja\/"]}]},{"@type":"BreadcrumbList","@id":"https:\/\/www.walraven.com\/pl\/podesty-serwisowe-przejscia-dachowe\/podesty-obslugowe-wolnostojace-laczone-z-konstrukcja\/#breadcrumb","itemListElement":[{"@type":"ListItem","position":1,"name":"Home","item":"https:\/\/www.walraven.com\/pl\/"},{"@type":"ListItem","position":2,"name":"Podesty serwisowe\/ Przej\u015bcia dachowe","item":"https:\/\/www.walraven.com\/pl\/podesty-serwisowe-przejscia-dachowe\/"},{"@type":"ListItem","position":3,"name":"Podesty obs\u0142ugowe &#8211; wolnostoj\u0105ce lub \u0142\u0105czone z konstrukcj\u0105"}]},{"@type":"WebSite","@id":"https:\/\/www.walraven.com\/pl\/#website","url":"https:\/\/www.walraven.com\/pl\/","name":"Producent Walraven Polska","description":"","publisher":{"@id":"https:\/\/www.walraven.com\/pl\/#organization"},"potentialAction":[{"@type":"SearchAction","target":{"@type":"EntryPoint","urlTemplate":"https:\/\/www.walraven.com\/pl\/?s={search_term_string}"},"query-input":{"@type":"PropertyValueSpecification","valueRequired":true,"valueName":"search_term_string"}}],"inLanguage":"pl-PL"},{"@type":"Organization","@id":"https:\/\/www.walraven.com\/pl\/#organization","name":"Walraven Sp. z o.o.","alternateName":"Walraven Sp. z o.o.","url":"https:\/\/www.walraven.com\/pl\/","logo":{"@type":"ImageObject","inLanguage":"pl-PL","@id":"https:\/\/www.walraven.com\/pl\/#\/schema\/logo\/image\/","url":"https:\/\/www.walraven.com\/pl\/wp-content\/uploads\/sites\/8\/2023\/12\/Walraven_logo300x300.jpg","contentUrl":"https:\/\/www.walraven.com\/pl\/wp-content\/uploads\/sites\/8\/2023\/12\/Walraven_logo300x300.jpg","width":300,"height":300,"caption":"Walraven Sp. z o.o."},"image":{"@id":"https:\/\/www.walraven.com\/pl\/#\/schema\/logo\/image\/"},"sameAs":["https:\/\/www.facebook.com\/Walraven-PL-134115383938171\/","https:\/\/www.youtube.com\/user\/WalravenPLD","https:\/\/www.linkedin.com\/company\/7157706\/","https:\/\/www.instagram.com\/walraven_pl\/"]}]}},"_links":{"self":[{"href":"https:\/\/www.walraven.com\/pl\/wp-json\/wp\/v2\/pages\/64716","targetHints":{"allow":["GET"]}}],"collection":[{"href":"https:\/\/www.walraven.com\/pl\/wp-json\/wp\/v2\/pages"}],"about":[{"href":"https:\/\/www.walraven.com\/pl\/wp-json\/wp\/v2\/types\/page"}],"author":[{"embeddable":true,"href":"https:\/\/www.walraven.com\/pl\/wp-json\/wp\/v2\/users\/15"}],"replies":[{"embeddable":true,"href":"https:\/\/www.walraven.com\/pl\/wp-json\/wp\/v2\/comments?post=64716"}],"version-history":[{"count":7,"href":"https:\/\/www.walraven.com\/pl\/wp-json\/wp\/v2\/pages\/64716\/revisions"}],"predecessor-version":[{"id":73224,"href":"https:\/\/www.walraven.com\/pl\/wp-json\/wp\/v2\/pages\/64716\/revisions\/73224"}],"up":[{"embeddable":true,"href":"https:\/\/www.walraven.com\/pl\/wp-json\/wp\/v2\/pages\/64619"}],"wp:attachment":[{"href":"https:\/\/www.walraven.com\/pl\/wp-json\/wp\/v2\/media?parent=64716"}],"curies":[{"name":"wp","href":"https:\/\/api.w.org\/{rel}","templated":true}]}}