{"id":65669,"date":"2021-11-26T11:15:22","date_gmt":"2021-11-26T10:15:22","guid":{"rendered":"https:\/\/www.walraven.com\/?page_id=126794"},"modified":"2024-06-06T10:56:11","modified_gmt":"2024-06-06T08:56:11","slug":"wibracje-podstawy","status":"publish","type":"page","link":"https:\/\/www.walraven.com\/pl\/wibracje-podstawy\/","title":{"rendered":"Wibracje &#8211; podstawy"},"content":{"rendered":"<h2>Czym s\u0105 wibracje i dlaczego pr\u00f3bujemy ich unika\u0107?<\/h2>\n<p>Coraz wi\u0119cej u\u017cytkownik\u00f3w budynk\u00f3w zwraca uwag\u0119 na mechaniczne wibracje i ha\u0142as spowodowane wibracjami pochodz\u0105cymi od urz\u0105dze\u0144. W wyniku tego sektor budowlany zwraca wi\u0119ksz\u0105 uwag\u0119 na projektowanie akustyczne urz\u0105dze\u0144 i instalacji mechanicznych. Zanim jednak zag\u0142\u0119bimy si\u0119 w temat i podzielimy przyk\u0142adami zastosowa\u0144 produkt\u00f3w Walraven VibraTek\u00ae przyjrzyjmy si\u0119 definicji wibracji i skutkom ubocznym tego zjawiska.<\/p>\n<h2>Co to jest wibracja?<\/h2>\n<p>M\u00f3wi\u0105c pro\u015bciej, drgania to zjawisko mechaniczne, w kt\u00f3rym wyst\u0119puj\u0105 oscylacje wok\u00f3\u0142 punktu r\u00f3wnowagi. W przypadku ruchu strun gitary zjawisko to jest bardzo po\u017c\u0105dane, jednak w wielu innych sytuacjach powoduje ono dyskomfort i niepo\u017c\u0105dany ha\u0142as. Typowe przyk\u0142ady wibracji, kt\u00f3rych pr\u00f3bujemy unika\u0107 to ruch silnik\u00f3w elektrycznych i spalinowych czy innych dzia\u0142aj\u0105cych urz\u0105dze\u0144 mechanicznych.<\/p>\n<h2>Efekty d\u017awi\u0119kowe wibracji<\/h2>\n<p>W przemy\u015ble budowlanym d\u017awi\u0119ki s\u0105 generowane g\u0142\u00f3wnie w wyniku wyst\u0119puj\u0105cych wibracji. Jednak niekt\u00f3re rodzaje wibracji mog\u0105 r\u00f3wnie\u017c generowa\u0107 efekty d\u017awi\u0119kowe, kt\u00f3re nie s\u0105 wykrywane przez ludzi. Ale wa\u017cne jest, aby mie\u0107 \u015bwiadomo\u015b\u0107, \u017ce drganie, kt\u00f3rego pozornie nawet nie dostrzegamy mo\u017ce r\u00f3wnie\u017c wp\u0142ywa\u0107 na nasze zdrowie i samopoczucie. Dlatego najlepszym sposobem na jego redukcj\u0119 jest przede wszystkim ograniczenie wibracji pochodz\u0105cych od urz\u0105dze\u0144.<\/p>\n<h2>Jakie s\u0105 najcz\u0119stsze \u017ar\u00f3d\u0142a drga\u0144 w budynkach?<\/h2>\n<p>Gdy urz\u0105dzenia montowane w budynkach s\u0105 sztywno mocowane do \u015bcian, pod\u0142o\u017ca lub sufitu, mog\u0105 przenosi\u0107 wibracje na konstrukcj\u0119 no\u015bn\u0105 i powodowa\u0107 wy\u017csze, ni\u017c przewidywane w normach, poziomy ha\u0142asu. Niepo\u017c\u0105dane d\u017awi\u0119ki mog\u0105 si\u0119 przenosi\u0107 daleko, a nawet rozprzestrzenia\u0107 si\u0119 po ca\u0142ym budynku. Zamocowane w budynku ruroci\u0105gi i metalowe przewody mog\u0105 dzia\u0142a\u0107 jak transmitery d\u017awi\u0119ku i przenosi\u0107 go, je\u015bli tylko s\u0105 na sztywno po\u0142\u0105czone z urz\u0105dzeniem.<\/p>\n<h2>To co\u015b wi\u0119cej ni\u017c tylko niechciany ha\u0142as<\/h2>\n<p>Wibracje powoduj\u0105 nie tylko ha\u0142as ale r\u00f3wnie\u017c maj\u0105 wp\u0142yw na zamocowane urz\u0105dzenia, konstrukcje budynku oraz otoczenie. Problemy, kt\u00f3re wywo\u0142uj\u0105 wibracje to na przyk\u0142ad:<\/p>\n<ul>\n<li>w pierwszym etapie dyskomfort l<\/li>\n<li>w d\u0142u\u017cszej perspektywie mog\u0105 powodowa\u0107 powa\u017cne problemy zdrowotne<\/li>\n<li>negatywne konsekwencje dla konstrukcji budynku<\/li>\n<li>wi\u0119ksze wymagania dotycz\u0105ce konserwacji urz\u0105dze\u0144 i instalacji<\/li>\n<li>kr\u00f3tsza \u017cywotno\u015b\u0107 urz\u0105dze\u0144<\/li>\n<li>zak\u0142\u00f3cenia w dzia\u0142aniu urz\u0105dze\u0144<\/li>\n<li>naruszenie norm i przepis\u00f3w<\/li>\n<\/ul>\n<h2>Jak sobie poradzi\u0107 z wyst\u0119puj\u0105cymi wibracjami?<\/h2>\n<p>Wyizolowanie \u017ar\u00f3de\u0142 drga\u0144 z konstrukcji no\u015bnej najlepiej dokona\u0107 za pomoc\u0105 wibroizolator\u00f3w. Jest to najskuteczniejszy spos\u00f3b eliminacji drga\u0144. Starannie dobrany zestaw wibroizolator\u00f3w nale\u017cy umie\u015bci\u0107, o ile to mo\u017cliwe, bezpo\u015brednio miedzy konstrukcj\u0105 monta\u017cow\u0105 a sprz\u0119tem, kt\u00f3ry wytwarza wibracje. W ten spos\u00f3b mo\u017cemy ograniczy\u0107 do 99% przenoszonych wibracji wytwarzanych przez urz\u0105dzenie.<\/p>\n<h2>Zapobieganie jest \u0142atwiejsze i ta\u0144sze ni\u017c wprowadzanie poprawek!<\/h2>\n<p>Korygowanie ju\u017c istniej\u0105cej instalacji mo\u017ce by\u0107 znacznie bardziej kosztowne ni\u017c zaplanowanie odpowiednich rozwi\u0105za\u0144 na etapie projektowania. W koszt takiej naprawy musimy doliczy\u0107: czas potrzebny na przeanalizowanie co jest \u017ar\u00f3d\u0142em wibracji, koszt wykonawcy modernizacji, ewentualne odszkodowania wyp\u0142acane u\u017cytkownikom budynk\u00f3w, je\u015bli z\u0142o\u017cyli reklamacj\u0119. Dlatego w\u0142a\u015bnie nale\u017cy zapobiega\u0107 takim sytuacjom. Dodatkowy koszt jaki poniesiemy na wibroizolacj\u0119 na etapie monta\u017cu instalacji to zwykle oko\u0142o 1-2% ca\u0142kowitych koszt\u00f3w. Jest to inwestycja, kt\u00f3ra na pewno jest zdecydowanie mniej kosztowna ni\u017c p\u00f3\u017aniejsza naprawa istniej\u0105cej instalacji.<\/p>\n<h2>Dowiedz si\u0119 wi\u0119cej o rozwi\u0105zaniach antywibracyjnych Walraven<\/h2>\n<p>Jeste\u015bmy producentem bogatej gamy produkt\u00f3w wibroakustycznych zar\u00f3wno <a href=\"https:\/\/www.walraven.com\/pl\/produkty\/walraven-vibratek-hr-1-izolatory-elastomerowe\/\">tworzywowych<\/a>, jak i metalowych \u2013 podk\u0142adek, mat, spr\u0119\u017cyn \u2013 eliminuj\u0105cych problem wyst\u0119puj\u0105cych w budynkach wibracji. Nasze produkty mog\u0105 by\u0142 \u0142atwo po\u0142\u0105czone z naszymi pozosta\u0142ymi <a href=\"https:\/\/www.walraven.com\/pl\/produkty\/obejmy-do-rur\/\">systemami monta\u017cu rur<\/a> czy z <a href=\"https:\/\/www.walraven.com\/pl\/systemy-mocowania-instalacji\/rapidstrut\/\">szynami monta\u017cowymi<\/a> lub <a href=\"https:\/\/www.walraven.com\/pl\/systemy-mocowania-instalacji\/podpory-dachowe\/\">instalacjami dachowymi<\/a>.<\/p>\n<p><a href=\"https:\/\/www.walraven.com\/pl\/wibroizolatory\/\"><b>Czytaj wi\u0119cej<\/b><\/a><\/p>\n","protected":false},"excerpt":{"rendered":"<p>Czym s\u0105 wibracje i dlaczego pr\u00f3bujemy ich unika\u0107? Coraz wi\u0119cej u\u017cytkownik\u00f3w budynk\u00f3w zwraca uwag\u0119 na mechaniczne wibracje i ha\u0142as spowodowane wibracjami pochodz\u0105cymi od urz\u0105dze\u0144. W wyniku tego sektor budowlany zwraca wi\u0119ksz\u0105 uwag\u0119 na projektowanie akustyczne urz\u0105dze\u0144 i instalacji mechanicznych. Zanim jednak zag\u0142\u0119bimy si\u0119 w temat i podzielimy przyk\u0142adami zastosowa\u0144 produkt\u00f3w Walraven VibraTek\u00ae przyjrzyjmy si\u0119 definicji [&hellip;]<\/p>\n","protected":false},"author":62,"featured_media":0,"parent":0,"menu_order":0,"comment_status":"closed","ping_status":"closed","template":"","meta":{"_acf_changed":false,"footnotes":""},"class_list":["post-65669","page","type-page","status-publish","hentry"],"acf":[],"yoast_head":"<!-- This site is optimized with the Yoast SEO Premium plugin v27.3 (Yoast SEO v27.3) - https:\/\/yoast.com\/product\/yoast-seo-premium-wordpress\/ -->\n<title>Wibracje - podstawy - Producent Walraven Polska<\/title>\n<meta name=\"robots\" content=\"index, follow, max-snippet:-1, max-image-preview:large, max-video-preview:-1\" \/>\n<link rel=\"canonical\" href=\"https:\/\/www.walraven.com\/pl\/wibracje-podstawy\/\" \/>\n<meta property=\"og:locale\" content=\"pl_PL\" \/>\n<meta property=\"og:type\" content=\"article\" \/>\n<meta property=\"og:title\" content=\"Wibracje - podstawy\" \/>\n<meta property=\"og:description\" content=\"Czym s\u0105 wibracje i dlaczego pr\u00f3bujemy ich unika\u0107? Coraz wi\u0119cej u\u017cytkownik\u00f3w budynk\u00f3w zwraca uwag\u0119 na mechaniczne wibracje i ha\u0142as spowodowane wibracjami pochodz\u0105cymi od urz\u0105dze\u0144. W wyniku tego sektor budowlany zwraca wi\u0119ksz\u0105 uwag\u0119 na projektowanie akustyczne urz\u0105dze\u0144 i instalacji mechanicznych. Zanim jednak zag\u0142\u0119bimy si\u0119 w temat i podzielimy przyk\u0142adami zastosowa\u0144 produkt\u00f3w Walraven VibraTek\u00ae przyjrzyjmy si\u0119 definicji [&hellip;]\" \/>\n<meta property=\"og:url\" content=\"https:\/\/www.walraven.com\/pl\/wibracje-podstawy\/\" \/>\n<meta property=\"og:site_name\" content=\"Producent Walraven Polska\" \/>\n<meta property=\"article:publisher\" content=\"https:\/\/www.facebook.com\/Walraven-PL-134115383938171\/\" \/>\n<meta property=\"article:modified_time\" content=\"2024-06-06T08:56:11+00:00\" \/>\n<meta name=\"twitter:card\" content=\"summary_large_image\" \/>\n<meta name=\"twitter:label1\" content=\"Szacowany czas czytania\" \/>\n\t<meta name=\"twitter:data1\" content=\"4 minuty\" \/>\n<script type=\"application\/ld+json\" class=\"yoast-schema-graph\">{\"@context\":\"https:\\\/\\\/schema.org\",\"@graph\":[{\"@type\":\"WebPage\",\"@id\":\"https:\\\/\\\/www.walraven.com\\\/pl\\\/wibracje-podstawy\\\/\",\"url\":\"https:\\\/\\\/www.walraven.com\\\/pl\\\/wibracje-podstawy\\\/\",\"name\":\"Wibracje - podstawy - Producent Walraven Polska\",\"isPartOf\":{\"@id\":\"https:\\\/\\\/www.walraven.com\\\/pl\\\/#website\"},\"datePublished\":\"2021-11-26T10:15:22+00:00\",\"dateModified\":\"2024-06-06T08:56:11+00:00\",\"breadcrumb\":{\"@id\":\"https:\\\/\\\/www.walraven.com\\\/pl\\\/wibracje-podstawy\\\/#breadcrumb\"},\"inLanguage\":\"pl-PL\",\"potentialAction\":[{\"@type\":\"ReadAction\",\"target\":[\"https:\\\/\\\/www.walraven.com\\\/pl\\\/wibracje-podstawy\\\/\"]}]},{\"@type\":\"BreadcrumbList\",\"@id\":\"https:\\\/\\\/www.walraven.com\\\/pl\\\/wibracje-podstawy\\\/#breadcrumb\",\"itemListElement\":[{\"@type\":\"ListItem\",\"position\":1,\"name\":\"Home\",\"item\":\"https:\\\/\\\/www.walraven.com\\\/pl\\\/\"},{\"@type\":\"ListItem\",\"position\":2,\"name\":\"Wibracje &#8211; podstawy\"}]},{\"@type\":\"WebSite\",\"@id\":\"https:\\\/\\\/www.walraven.com\\\/pl\\\/#website\",\"url\":\"https:\\\/\\\/www.walraven.com\\\/pl\\\/\",\"name\":\"Producent Walraven Polska\",\"description\":\"\",\"publisher\":{\"@id\":\"https:\\\/\\\/www.walraven.com\\\/pl\\\/#organization\"},\"potentialAction\":[{\"@type\":\"SearchAction\",\"target\":{\"@type\":\"EntryPoint\",\"urlTemplate\":\"https:\\\/\\\/www.walraven.com\\\/pl\\\/?s={search_term_string}\"},\"query-input\":{\"@type\":\"PropertyValueSpecification\",\"valueRequired\":true,\"valueName\":\"search_term_string\"}}],\"inLanguage\":\"pl-PL\"},{\"@type\":\"Organization\",\"@id\":\"https:\\\/\\\/www.walraven.com\\\/pl\\\/#organization\",\"name\":\"Walraven Sp. z o.o.\",\"alternateName\":\"Walraven Sp. z o.o.\",\"url\":\"https:\\\/\\\/www.walraven.com\\\/pl\\\/\",\"logo\":{\"@type\":\"ImageObject\",\"inLanguage\":\"pl-PL\",\"@id\":\"https:\\\/\\\/www.walraven.com\\\/pl\\\/#\\\/schema\\\/logo\\\/image\\\/\",\"url\":\"https:\\\/\\\/www.walraven.com\\\/pl\\\/wp-content\\\/uploads\\\/sites\\\/8\\\/2023\\\/12\\\/Walraven_logo300x300.jpg\",\"contentUrl\":\"https:\\\/\\\/www.walraven.com\\\/pl\\\/wp-content\\\/uploads\\\/sites\\\/8\\\/2023\\\/12\\\/Walraven_logo300x300.jpg\",\"width\":300,\"height\":300,\"caption\":\"Walraven Sp. z o.o.\"},\"image\":{\"@id\":\"https:\\\/\\\/www.walraven.com\\\/pl\\\/#\\\/schema\\\/logo\\\/image\\\/\"},\"sameAs\":[\"https:\\\/\\\/www.facebook.com\\\/Walraven-PL-134115383938171\\\/\",\"https:\\\/\\\/www.youtube.com\\\/user\\\/WalravenPLD\",\"https:\\\/\\\/www.linkedin.com\\\/company\\\/7157706\\\/\",\"https:\\\/\\\/www.instagram.com\\\/walraven_pl\\\/\"]}]}<\/script>\n<!-- \/ Yoast SEO Premium plugin. -->","yoast_head_json":{"title":"Wibracje - podstawy - Producent Walraven Polska","robots":{"index":"index","follow":"follow","max-snippet":"max-snippet:-1","max-image-preview":"max-image-preview:large","max-video-preview":"max-video-preview:-1"},"canonical":"https:\/\/www.walraven.com\/pl\/wibracje-podstawy\/","og_locale":"pl_PL","og_type":"article","og_title":"Wibracje - podstawy","og_description":"Czym s\u0105 wibracje i dlaczego pr\u00f3bujemy ich unika\u0107? Coraz wi\u0119cej u\u017cytkownik\u00f3w budynk\u00f3w zwraca uwag\u0119 na mechaniczne wibracje i ha\u0142as spowodowane wibracjami pochodz\u0105cymi od urz\u0105dze\u0144. W wyniku tego sektor budowlany zwraca wi\u0119ksz\u0105 uwag\u0119 na projektowanie akustyczne urz\u0105dze\u0144 i instalacji mechanicznych. Zanim jednak zag\u0142\u0119bimy si\u0119 w temat i podzielimy przyk\u0142adami zastosowa\u0144 produkt\u00f3w Walraven VibraTek\u00ae przyjrzyjmy si\u0119 definicji [&hellip;]","og_url":"https:\/\/www.walraven.com\/pl\/wibracje-podstawy\/","og_site_name":"Producent Walraven Polska","article_publisher":"https:\/\/www.facebook.com\/Walraven-PL-134115383938171\/","article_modified_time":"2024-06-06T08:56:11+00:00","twitter_card":"summary_large_image","twitter_misc":{"Szacowany czas czytania":"4 minuty"},"schema":{"@context":"https:\/\/schema.org","@graph":[{"@type":"WebPage","@id":"https:\/\/www.walraven.com\/pl\/wibracje-podstawy\/","url":"https:\/\/www.walraven.com\/pl\/wibracje-podstawy\/","name":"Wibracje - podstawy - Producent Walraven Polska","isPartOf":{"@id":"https:\/\/www.walraven.com\/pl\/#website"},"datePublished":"2021-11-26T10:15:22+00:00","dateModified":"2024-06-06T08:56:11+00:00","breadcrumb":{"@id":"https:\/\/www.walraven.com\/pl\/wibracje-podstawy\/#breadcrumb"},"inLanguage":"pl-PL","potentialAction":[{"@type":"ReadAction","target":["https:\/\/www.walraven.com\/pl\/wibracje-podstawy\/"]}]},{"@type":"BreadcrumbList","@id":"https:\/\/www.walraven.com\/pl\/wibracje-podstawy\/#breadcrumb","itemListElement":[{"@type":"ListItem","position":1,"name":"Home","item":"https:\/\/www.walraven.com\/pl\/"},{"@type":"ListItem","position":2,"name":"Wibracje &#8211; podstawy"}]},{"@type":"WebSite","@id":"https:\/\/www.walraven.com\/pl\/#website","url":"https:\/\/www.walraven.com\/pl\/","name":"Producent Walraven Polska","description":"","publisher":{"@id":"https:\/\/www.walraven.com\/pl\/#organization"},"potentialAction":[{"@type":"SearchAction","target":{"@type":"EntryPoint","urlTemplate":"https:\/\/www.walraven.com\/pl\/?s={search_term_string}"},"query-input":{"@type":"PropertyValueSpecification","valueRequired":true,"valueName":"search_term_string"}}],"inLanguage":"pl-PL"},{"@type":"Organization","@id":"https:\/\/www.walraven.com\/pl\/#organization","name":"Walraven Sp. z o.o.","alternateName":"Walraven Sp. z o.o.","url":"https:\/\/www.walraven.com\/pl\/","logo":{"@type":"ImageObject","inLanguage":"pl-PL","@id":"https:\/\/www.walraven.com\/pl\/#\/schema\/logo\/image\/","url":"https:\/\/www.walraven.com\/pl\/wp-content\/uploads\/sites\/8\/2023\/12\/Walraven_logo300x300.jpg","contentUrl":"https:\/\/www.walraven.com\/pl\/wp-content\/uploads\/sites\/8\/2023\/12\/Walraven_logo300x300.jpg","width":300,"height":300,"caption":"Walraven Sp. z o.o."},"image":{"@id":"https:\/\/www.walraven.com\/pl\/#\/schema\/logo\/image\/"},"sameAs":["https:\/\/www.facebook.com\/Walraven-PL-134115383938171\/","https:\/\/www.youtube.com\/user\/WalravenPLD","https:\/\/www.linkedin.com\/company\/7157706\/","https:\/\/www.instagram.com\/walraven_pl\/"]}]}},"_links":{"self":[{"href":"https:\/\/www.walraven.com\/pl\/wp-json\/wp\/v2\/pages\/65669","targetHints":{"allow":["GET"]}}],"collection":[{"href":"https:\/\/www.walraven.com\/pl\/wp-json\/wp\/v2\/pages"}],"about":[{"href":"https:\/\/www.walraven.com\/pl\/wp-json\/wp\/v2\/types\/page"}],"author":[{"embeddable":true,"href":"https:\/\/www.walraven.com\/pl\/wp-json\/wp\/v2\/users\/62"}],"replies":[{"embeddable":true,"href":"https:\/\/www.walraven.com\/pl\/wp-json\/wp\/v2\/comments?post=65669"}],"version-history":[{"count":5,"href":"https:\/\/www.walraven.com\/pl\/wp-json\/wp\/v2\/pages\/65669\/revisions"}],"predecessor-version":[{"id":71693,"href":"https:\/\/www.walraven.com\/pl\/wp-json\/wp\/v2\/pages\/65669\/revisions\/71693"}],"wp:attachment":[{"href":"https:\/\/www.walraven.com\/pl\/wp-json\/wp\/v2\/media?parent=65669"}],"curies":[{"name":"wp","href":"https:\/\/api.w.org\/{rel}","templated":true}]}}