{"id":66989,"date":"2023-02-13T10:32:22","date_gmt":"2023-02-13T09:32:22","guid":{"rendered":"https:\/\/www.walraven.com\/int\/?page_id=58520"},"modified":"2023-08-24T11:55:51","modified_gmt":"2023-08-24T09:55:51","slug":"pacifyre-product-selector","status":"publish","type":"page","link":"https:\/\/www.walraven.com\/pl\/pacifyre-product-selector\/","title":{"rendered":"Walraven Pacifyre\u00ae Product Selector"},"content":{"rendered":"<p>Skorzystaj z narz\u0119dzia Walraven Pacifyre\u00ae Product Selector aby dobra\u0107 bezpieczne rozwi\u0105zanie dla przej\u015b\u0107 ogniowych. Je\u015bli nie znalaz\u0142e\u015b w\u0142a\u015bciwego rozwi\u0105zania dla swojego projektu skontaktuj si\u0119 z <a href=\"https:\/\/www.walraven.com\/pl\/kontakt\/#wsparcie-techniczne\">Dzia\u0142em Technicznego Wsparcia Sprzeda\u017cy<\/a> kt\u00f3ry udzieli wszelkich informacji niezb\u0119dnych w doborze.<\/p>\n<p>Ka\u017cde przej\u015bcie przeciwpo\u017carowe musi spe\u0142nia\u0107 warunki wymagane przepisami.<br \/>\nZapoznaj si\u0119 z wytycznymi Ustawy Prawo budowlane oraz\u00a0 europejskiej normy ochrony przeciwpo\u017carowej EN 13501-1 i -2.<\/p>\n","protected":false},"excerpt":{"rendered":"<p>Skorzystaj z narz\u0119dzia Walraven Pacifyre\u00ae Product Selector aby dobra\u0107 bezpieczne rozwi\u0105zanie dla przej\u015b\u0107 ogniowych. Je\u015bli nie znalaz\u0142e\u015b w\u0142a\u015bciwego rozwi\u0105zania dla swojego projektu skontaktuj si\u0119 z Dzia\u0142em Technicznego Wsparcia Sprzeda\u017cy kt\u00f3ry udzieli wszelkich informacji niezb\u0119dnych w doborze. Ka\u017cde przej\u015bcie przeciwpo\u017carowe musi spe\u0142nia\u0107 warunki wymagane przepisami. Zapoznaj si\u0119 z wytycznymi Ustawy Prawo budowlane oraz\u00a0 europejskiej normy ochrony [&hellip;]<\/p>\n","protected":false},"author":43,"featured_media":0,"parent":0,"menu_order":0,"comment_status":"closed","ping_status":"closed","template":"page-templates\/tpl-productselector.php","meta":{"_acf_changed":false,"footnotes":""},"class_list":["post-66989","page","type-page","status-publish","hentry"],"acf":[],"yoast_head":"<!-- This site is optimized with the Yoast SEO Premium plugin v27.3 (Yoast SEO v27.3) - https:\/\/yoast.com\/product\/yoast-seo-premium-wordpress\/ -->\n<title>Walraven Pacifyre\u00ae Product Selector - Producent Walraven Polska<\/title>\n<meta name=\"description\" content=\"Sprawd\u017a nasze narz\u0119dzie Walraven Pacifyre\u00ae Product Selector, aby dobra\u0107 produkty do monta\u017cu przej\u015bcia po\u017carowego zgodnie z przepisami.\" \/>\n<meta name=\"robots\" content=\"index, follow, max-snippet:-1, max-image-preview:large, max-video-preview:-1\" \/>\n<link rel=\"canonical\" href=\"https:\/\/www.walraven.com\/pl\/pacifyre-product-selector\/\" \/>\n<meta property=\"og:locale\" content=\"pl_PL\" \/>\n<meta property=\"og:type\" content=\"article\" \/>\n<meta property=\"og:title\" content=\"Walraven Pacifyre\u00ae Product Selector\" \/>\n<meta property=\"og:description\" content=\"Sprawd\u017a nasze narz\u0119dzie Walraven Pacifyre\u00ae Product Selector, aby dobra\u0107 produkty do monta\u017cu przej\u015bcia po\u017carowego zgodnie z przepisami.\" \/>\n<meta property=\"og:url\" content=\"https:\/\/www.walraven.com\/pl\/pacifyre-product-selector\/\" \/>\n<meta property=\"og:site_name\" content=\"Producent Walraven Polska\" \/>\n<meta property=\"article:publisher\" content=\"https:\/\/www.facebook.com\/Walraven-PL-134115383938171\/\" \/>\n<meta property=\"article:modified_time\" content=\"2023-08-24T09:55:51+00:00\" \/>\n<meta name=\"twitter:card\" content=\"summary_large_image\" \/>\n<meta name=\"twitter:label1\" content=\"Szacowany czas czytania\" \/>\n\t<meta name=\"twitter:data1\" content=\"1 minuta\" \/>\n<script type=\"application\/ld+json\" class=\"yoast-schema-graph\">{\"@context\":\"https:\\\/\\\/schema.org\",\"@graph\":[{\"@type\":\"WebPage\",\"@id\":\"https:\\\/\\\/www.walraven.com\\\/pl\\\/pacifyre-product-selector\\\/\",\"url\":\"https:\\\/\\\/www.walraven.com\\\/pl\\\/pacifyre-product-selector\\\/\",\"name\":\"Walraven Pacifyre\u00ae Product Selector - Producent Walraven Polska\",\"isPartOf\":{\"@id\":\"https:\\\/\\\/www.walraven.com\\\/pl\\\/#website\"},\"datePublished\":\"2023-02-13T09:32:22+00:00\",\"dateModified\":\"2023-08-24T09:55:51+00:00\",\"description\":\"Sprawd\u017a nasze narz\u0119dzie Walraven Pacifyre\u00ae Product Selector, aby dobra\u0107 produkty do monta\u017cu przej\u015bcia po\u017carowego zgodnie z przepisami.\",\"breadcrumb\":{\"@id\":\"https:\\\/\\\/www.walraven.com\\\/pl\\\/pacifyre-product-selector\\\/#breadcrumb\"},\"inLanguage\":\"pl-PL\",\"potentialAction\":[{\"@type\":\"ReadAction\",\"target\":[\"https:\\\/\\\/www.walraven.com\\\/pl\\\/pacifyre-product-selector\\\/\"]}]},{\"@type\":\"BreadcrumbList\",\"@id\":\"https:\\\/\\\/www.walraven.com\\\/pl\\\/pacifyre-product-selector\\\/#breadcrumb\",\"itemListElement\":[{\"@type\":\"ListItem\",\"position\":1,\"name\":\"Home\",\"item\":\"https:\\\/\\\/www.walraven.com\\\/pl\\\/\"},{\"@type\":\"ListItem\",\"position\":2,\"name\":\"Walraven Pacifyre\u00ae Product Selector\"}]},{\"@type\":\"WebSite\",\"@id\":\"https:\\\/\\\/www.walraven.com\\\/pl\\\/#website\",\"url\":\"https:\\\/\\\/www.walraven.com\\\/pl\\\/\",\"name\":\"Producent Walraven Polska\",\"description\":\"\",\"publisher\":{\"@id\":\"https:\\\/\\\/www.walraven.com\\\/pl\\\/#organization\"},\"potentialAction\":[{\"@type\":\"SearchAction\",\"target\":{\"@type\":\"EntryPoint\",\"urlTemplate\":\"https:\\\/\\\/www.walraven.com\\\/pl\\\/?s={search_term_string}\"},\"query-input\":{\"@type\":\"PropertyValueSpecification\",\"valueRequired\":true,\"valueName\":\"search_term_string\"}}],\"inLanguage\":\"pl-PL\"},{\"@type\":\"Organization\",\"@id\":\"https:\\\/\\\/www.walraven.com\\\/pl\\\/#organization\",\"name\":\"Walraven Sp. z o.o.\",\"alternateName\":\"Walraven Sp. z o.o.\",\"url\":\"https:\\\/\\\/www.walraven.com\\\/pl\\\/\",\"logo\":{\"@type\":\"ImageObject\",\"inLanguage\":\"pl-PL\",\"@id\":\"https:\\\/\\\/www.walraven.com\\\/pl\\\/#\\\/schema\\\/logo\\\/image\\\/\",\"url\":\"https:\\\/\\\/www.walraven.com\\\/pl\\\/wp-content\\\/uploads\\\/sites\\\/8\\\/2023\\\/12\\\/Walraven_logo300x300.jpg\",\"contentUrl\":\"https:\\\/\\\/www.walraven.com\\\/pl\\\/wp-content\\\/uploads\\\/sites\\\/8\\\/2023\\\/12\\\/Walraven_logo300x300.jpg\",\"width\":300,\"height\":300,\"caption\":\"Walraven Sp. z o.o.\"},\"image\":{\"@id\":\"https:\\\/\\\/www.walraven.com\\\/pl\\\/#\\\/schema\\\/logo\\\/image\\\/\"},\"sameAs\":[\"https:\\\/\\\/www.facebook.com\\\/Walraven-PL-134115383938171\\\/\",\"https:\\\/\\\/www.youtube.com\\\/user\\\/WalravenPLD\",\"https:\\\/\\\/www.linkedin.com\\\/company\\\/7157706\\\/\",\"https:\\\/\\\/www.instagram.com\\\/walraven_pl\\\/\"]}]}<\/script>\n<!-- \/ Yoast SEO Premium plugin. -->","yoast_head_json":{"title":"Walraven Pacifyre\u00ae Product Selector - Producent Walraven Polska","description":"Sprawd\u017a nasze narz\u0119dzie Walraven Pacifyre\u00ae Product Selector, aby dobra\u0107 produkty do monta\u017cu przej\u015bcia po\u017carowego zgodnie z przepisami.","robots":{"index":"index","follow":"follow","max-snippet":"max-snippet:-1","max-image-preview":"max-image-preview:large","max-video-preview":"max-video-preview:-1"},"canonical":"https:\/\/www.walraven.com\/pl\/pacifyre-product-selector\/","og_locale":"pl_PL","og_type":"article","og_title":"Walraven Pacifyre\u00ae Product Selector","og_description":"Sprawd\u017a nasze narz\u0119dzie Walraven Pacifyre\u00ae Product Selector, aby dobra\u0107 produkty do monta\u017cu przej\u015bcia po\u017carowego zgodnie z przepisami.","og_url":"https:\/\/www.walraven.com\/pl\/pacifyre-product-selector\/","og_site_name":"Producent Walraven Polska","article_publisher":"https:\/\/www.facebook.com\/Walraven-PL-134115383938171\/","article_modified_time":"2023-08-24T09:55:51+00:00","twitter_card":"summary_large_image","twitter_misc":{"Szacowany czas czytania":"1 minuta"},"schema":{"@context":"https:\/\/schema.org","@graph":[{"@type":"WebPage","@id":"https:\/\/www.walraven.com\/pl\/pacifyre-product-selector\/","url":"https:\/\/www.walraven.com\/pl\/pacifyre-product-selector\/","name":"Walraven Pacifyre\u00ae Product Selector - Producent Walraven Polska","isPartOf":{"@id":"https:\/\/www.walraven.com\/pl\/#website"},"datePublished":"2023-02-13T09:32:22+00:00","dateModified":"2023-08-24T09:55:51+00:00","description":"Sprawd\u017a nasze narz\u0119dzie Walraven Pacifyre\u00ae Product Selector, aby dobra\u0107 produkty do monta\u017cu przej\u015bcia po\u017carowego zgodnie z przepisami.","breadcrumb":{"@id":"https:\/\/www.walraven.com\/pl\/pacifyre-product-selector\/#breadcrumb"},"inLanguage":"pl-PL","potentialAction":[{"@type":"ReadAction","target":["https:\/\/www.walraven.com\/pl\/pacifyre-product-selector\/"]}]},{"@type":"BreadcrumbList","@id":"https:\/\/www.walraven.com\/pl\/pacifyre-product-selector\/#breadcrumb","itemListElement":[{"@type":"ListItem","position":1,"name":"Home","item":"https:\/\/www.walraven.com\/pl\/"},{"@type":"ListItem","position":2,"name":"Walraven Pacifyre\u00ae Product Selector"}]},{"@type":"WebSite","@id":"https:\/\/www.walraven.com\/pl\/#website","url":"https:\/\/www.walraven.com\/pl\/","name":"Producent Walraven Polska","description":"","publisher":{"@id":"https:\/\/www.walraven.com\/pl\/#organization"},"potentialAction":[{"@type":"SearchAction","target":{"@type":"EntryPoint","urlTemplate":"https:\/\/www.walraven.com\/pl\/?s={search_term_string}"},"query-input":{"@type":"PropertyValueSpecification","valueRequired":true,"valueName":"search_term_string"}}],"inLanguage":"pl-PL"},{"@type":"Organization","@id":"https:\/\/www.walraven.com\/pl\/#organization","name":"Walraven Sp. z o.o.","alternateName":"Walraven Sp. z o.o.","url":"https:\/\/www.walraven.com\/pl\/","logo":{"@type":"ImageObject","inLanguage":"pl-PL","@id":"https:\/\/www.walraven.com\/pl\/#\/schema\/logo\/image\/","url":"https:\/\/www.walraven.com\/pl\/wp-content\/uploads\/sites\/8\/2023\/12\/Walraven_logo300x300.jpg","contentUrl":"https:\/\/www.walraven.com\/pl\/wp-content\/uploads\/sites\/8\/2023\/12\/Walraven_logo300x300.jpg","width":300,"height":300,"caption":"Walraven Sp. z o.o."},"image":{"@id":"https:\/\/www.walraven.com\/pl\/#\/schema\/logo\/image\/"},"sameAs":["https:\/\/www.facebook.com\/Walraven-PL-134115383938171\/","https:\/\/www.youtube.com\/user\/WalravenPLD","https:\/\/www.linkedin.com\/company\/7157706\/","https:\/\/www.instagram.com\/walraven_pl\/"]}]}},"_links":{"self":[{"href":"https:\/\/www.walraven.com\/pl\/wp-json\/wp\/v2\/pages\/66989","targetHints":{"allow":["GET"]}}],"collection":[{"href":"https:\/\/www.walraven.com\/pl\/wp-json\/wp\/v2\/pages"}],"about":[{"href":"https:\/\/www.walraven.com\/pl\/wp-json\/wp\/v2\/types\/page"}],"author":[{"embeddable":true,"href":"https:\/\/www.walraven.com\/pl\/wp-json\/wp\/v2\/users\/43"}],"replies":[{"embeddable":true,"href":"https:\/\/www.walraven.com\/pl\/wp-json\/wp\/v2\/comments?post=66989"}],"version-history":[{"count":3,"href":"https:\/\/www.walraven.com\/pl\/wp-json\/wp\/v2\/pages\/66989\/revisions"}],"predecessor-version":[{"id":67023,"href":"https:\/\/www.walraven.com\/pl\/wp-json\/wp\/v2\/pages\/66989\/revisions\/67023"}],"wp:attachment":[{"href":"https:\/\/www.walraven.com\/pl\/wp-json\/wp\/v2\/media?parent=66989"}],"curies":[{"name":"wp","href":"https:\/\/api.w.org\/{rel}","templated":true}]}}