{"id":72916,"date":"2025-07-11T10:34:59","date_gmt":"2025-07-11T08:34:59","guid":{"rendered":"https:\/\/www.walraven.com\/pl\/?page_id=72916"},"modified":"2026-04-01T09:15:31","modified_gmt":"2026-04-01T07:15:31","slug":"prefabrykacja","status":"publish","type":"page","link":"https:\/\/www.walraven.com\/pl\/podesty-serwisowe-przejscia-dachowe\/prefabrykacja\/","title":{"rendered":"Prefabrykacja"},"content":{"rendered":"","protected":false},"excerpt":{"rendered":"","protected":false},"author":83,"featured_media":72923,"parent":64619,"menu_order":0,"comment_status":"closed","ping_status":"closed","template":"page-templates\/tpl-landingspage.php","meta":{"_acf_changed":false,"footnotes":""},"class_list":["post-72916","page","type-page","status-publish","has-post-thumbnail","hentry"],"acf":[],"yoast_head":"<!-- This site is optimized with the Yoast SEO Premium plugin v27.3 (Yoast SEO v27.3) - https:\/\/yoast.com\/product\/yoast-seo-premium-wordpress\/ -->\n<title>Prefabrykacja - Producent Walraven Polska<\/title>\n<meta name=\"description\" content=\"Prefabrykacja konstrukcji stalowych Walraven: gotownne e i dachowe, przej\u015bcia serwisowe i konstrukcje prefabrykowane. Prefabrykaty stalowe dostarczamy prosto na budow\u0119. Bezp\u0142atna konsultacja\" \/>\n<meta name=\"robots\" content=\"index, follow, max-snippet:-1, max-image-preview:large, max-video-preview:-1\" \/>\n<link rel=\"canonical\" href=\"https:\/\/www.walraven.com\/pl\/podesty-serwisowe-przejscia-dachowe\/prefabrykacja\/\" \/>\n<meta property=\"og:locale\" content=\"pl_PL\" \/>\n<meta property=\"og:type\" content=\"article\" \/>\n<meta property=\"og:title\" content=\"Prefabrykacja\" \/>\n<meta property=\"og:description\" content=\"Prefabrykacja konstrukcji stalowych Walraven: gotownne e i dachowe, przej\u015bcia serwisowe i konstrukcje prefabrykowane. Prefabrykaty stalowe dostarczamy prosto na budow\u0119. Bezp\u0142atna konsultacja\" \/>\n<meta property=\"og:url\" content=\"https:\/\/www.walraven.com\/pl\/podesty-serwisowe-przejscia-dachowe\/prefabrykacja\/\" \/>\n<meta property=\"og:site_name\" content=\"Producent Walraven Polska\" \/>\n<meta property=\"article:publisher\" content=\"https:\/\/www.facebook.com\/Walraven-PL-134115383938171\/\" \/>\n<meta property=\"article:modified_time\" content=\"2026-04-01T07:15:31+00:00\" \/>\n<meta property=\"og:image\" content=\"https:\/\/www.walraven.com\/pl\/wp-content\/uploads\/sites\/8\/2025\/07\/IMG_5677-scaled.jpg\" \/>\n\t<meta property=\"og:image:width\" content=\"2560\" \/>\n\t<meta property=\"og:image:height\" content=\"1920\" \/>\n\t<meta property=\"og:image:type\" content=\"image\/jpeg\" \/>\n<meta name=\"twitter:card\" content=\"summary_large_image\" \/>\n<meta name=\"twitter:label1\" content=\"Szacowany czas czytania\" \/>\n\t<meta name=\"twitter:data1\" content=\"10 minut\" \/>\n<script type=\"application\/ld+json\" class=\"yoast-schema-graph\">{\"@context\":\"https:\\\/\\\/schema.org\",\"@graph\":[{\"@type\":\"WebPage\",\"@id\":\"https:\\\/\\\/www.walraven.com\\\/pl\\\/podesty-serwisowe-przejscia-dachowe\\\/prefabrykacja\\\/\",\"url\":\"https:\\\/\\\/www.walraven.com\\\/pl\\\/podesty-serwisowe-przejscia-dachowe\\\/prefabrykacja\\\/\",\"name\":\"Prefabrykacja - Producent Walraven Polska\",\"isPartOf\":{\"@id\":\"https:\\\/\\\/www.walraven.com\\\/pl\\\/#website\"},\"primaryImageOfPage\":{\"@id\":\"https:\\\/\\\/www.walraven.com\\\/pl\\\/podesty-serwisowe-przejscia-dachowe\\\/prefabrykacja\\\/#primaryimage\"},\"image\":{\"@id\":\"https:\\\/\\\/www.walraven.com\\\/pl\\\/podesty-serwisowe-przejscia-dachowe\\\/prefabrykacja\\\/#primaryimage\"},\"thumbnailUrl\":\"https:\\\/\\\/www.walraven.com\\\/pl\\\/wp-content\\\/uploads\\\/sites\\\/8\\\/2025\\\/07\\\/IMG_5677-scaled.jpg\",\"datePublished\":\"2025-07-11T08:34:59+00:00\",\"dateModified\":\"2026-04-01T07:15:31+00:00\",\"description\":\"Prefabrykacja konstrukcji stalowych Walraven: gotownne e i dachowe, przej\u015bcia serwisowe i konstrukcje prefabrykowane. Prefabrykaty stalowe dostarczamy prosto na budow\u0119. Bezp\u0142atna konsultacja\",\"breadcrumb\":{\"@id\":\"https:\\\/\\\/www.walraven.com\\\/pl\\\/podesty-serwisowe-przejscia-dachowe\\\/prefabrykacja\\\/#breadcrumb\"},\"inLanguage\":\"pl-PL\",\"potentialAction\":[{\"@type\":\"ReadAction\",\"target\":[\"https:\\\/\\\/www.walraven.com\\\/pl\\\/podesty-serwisowe-przejscia-dachowe\\\/prefabrykacja\\\/\"]}]},{\"@type\":\"ImageObject\",\"inLanguage\":\"pl-PL\",\"@id\":\"https:\\\/\\\/www.walraven.com\\\/pl\\\/podesty-serwisowe-przejscia-dachowe\\\/prefabrykacja\\\/#primaryimage\",\"url\":\"https:\\\/\\\/www.walraven.com\\\/pl\\\/wp-content\\\/uploads\\\/sites\\\/8\\\/2025\\\/07\\\/IMG_5677-scaled.jpg\",\"contentUrl\":\"https:\\\/\\\/www.walraven.com\\\/pl\\\/wp-content\\\/uploads\\\/sites\\\/8\\\/2025\\\/07\\\/IMG_5677-scaled.jpg\",\"width\":2560,\"height\":1920},{\"@type\":\"BreadcrumbList\",\"@id\":\"https:\\\/\\\/www.walraven.com\\\/pl\\\/podesty-serwisowe-przejscia-dachowe\\\/prefabrykacja\\\/#breadcrumb\",\"itemListElement\":[{\"@type\":\"ListItem\",\"position\":1,\"name\":\"Home\",\"item\":\"https:\\\/\\\/www.walraven.com\\\/pl\\\/\"},{\"@type\":\"ListItem\",\"position\":2,\"name\":\"Podesty serwisowe\\\/ Przej\u015bcia dachowe\",\"item\":\"https:\\\/\\\/www.walraven.com\\\/pl\\\/podesty-serwisowe-przejscia-dachowe\\\/\"},{\"@type\":\"ListItem\",\"position\":3,\"name\":\"Prefabrykacja\"}]},{\"@type\":\"WebSite\",\"@id\":\"https:\\\/\\\/www.walraven.com\\\/pl\\\/#website\",\"url\":\"https:\\\/\\\/www.walraven.com\\\/pl\\\/\",\"name\":\"Producent Walraven Polska\",\"description\":\"\",\"publisher\":{\"@id\":\"https:\\\/\\\/www.walraven.com\\\/pl\\\/#organization\"},\"potentialAction\":[{\"@type\":\"SearchAction\",\"target\":{\"@type\":\"EntryPoint\",\"urlTemplate\":\"https:\\\/\\\/www.walraven.com\\\/pl\\\/?s={search_term_string}\"},\"query-input\":{\"@type\":\"PropertyValueSpecification\",\"valueRequired\":true,\"valueName\":\"search_term_string\"}}],\"inLanguage\":\"pl-PL\"},{\"@type\":\"Organization\",\"@id\":\"https:\\\/\\\/www.walraven.com\\\/pl\\\/#organization\",\"name\":\"Walraven Sp. z o.o.\",\"alternateName\":\"Walraven Sp. z o.o.\",\"url\":\"https:\\\/\\\/www.walraven.com\\\/pl\\\/\",\"logo\":{\"@type\":\"ImageObject\",\"inLanguage\":\"pl-PL\",\"@id\":\"https:\\\/\\\/www.walraven.com\\\/pl\\\/#\\\/schema\\\/logo\\\/image\\\/\",\"url\":\"https:\\\/\\\/www.walraven.com\\\/pl\\\/wp-content\\\/uploads\\\/sites\\\/8\\\/2023\\\/12\\\/Walraven_logo300x300.jpg\",\"contentUrl\":\"https:\\\/\\\/www.walraven.com\\\/pl\\\/wp-content\\\/uploads\\\/sites\\\/8\\\/2023\\\/12\\\/Walraven_logo300x300.jpg\",\"width\":300,\"height\":300,\"caption\":\"Walraven Sp. z o.o.\"},\"image\":{\"@id\":\"https:\\\/\\\/www.walraven.com\\\/pl\\\/#\\\/schema\\\/logo\\\/image\\\/\"},\"sameAs\":[\"https:\\\/\\\/www.facebook.com\\\/Walraven-PL-134115383938171\\\/\",\"https:\\\/\\\/www.youtube.com\\\/user\\\/WalravenPLD\",\"https:\\\/\\\/www.linkedin.com\\\/company\\\/7157706\\\/\",\"https:\\\/\\\/www.instagram.com\\\/walraven_pl\\\/\"]}]}<\/script>\n<!-- \/ Yoast SEO Premium plugin. -->","yoast_head_json":{"title":"Prefabrykacja - Producent Walraven Polska","description":"Prefabrykacja konstrukcji stalowych Walraven: gotownne e i dachowe, przej\u015bcia serwisowe i konstrukcje prefabrykowane. Prefabrykaty stalowe dostarczamy prosto na budow\u0119. Bezp\u0142atna konsultacja","robots":{"index":"index","follow":"follow","max-snippet":"max-snippet:-1","max-image-preview":"max-image-preview:large","max-video-preview":"max-video-preview:-1"},"canonical":"https:\/\/www.walraven.com\/pl\/podesty-serwisowe-przejscia-dachowe\/prefabrykacja\/","og_locale":"pl_PL","og_type":"article","og_title":"Prefabrykacja","og_description":"Prefabrykacja konstrukcji stalowych Walraven: gotownne e i dachowe, przej\u015bcia serwisowe i konstrukcje prefabrykowane. Prefabrykaty stalowe dostarczamy prosto na budow\u0119. Bezp\u0142atna konsultacja","og_url":"https:\/\/www.walraven.com\/pl\/podesty-serwisowe-przejscia-dachowe\/prefabrykacja\/","og_site_name":"Producent Walraven Polska","article_publisher":"https:\/\/www.facebook.com\/Walraven-PL-134115383938171\/","article_modified_time":"2026-04-01T07:15:31+00:00","og_image":[{"width":2560,"height":1920,"url":"https:\/\/www.walraven.com\/pl\/wp-content\/uploads\/sites\/8\/2025\/07\/IMG_5677-scaled.jpg","type":"image\/jpeg"}],"twitter_card":"summary_large_image","twitter_misc":{"Szacowany czas czytania":"10 minut"},"schema":{"@context":"https:\/\/schema.org","@graph":[{"@type":"WebPage","@id":"https:\/\/www.walraven.com\/pl\/podesty-serwisowe-przejscia-dachowe\/prefabrykacja\/","url":"https:\/\/www.walraven.com\/pl\/podesty-serwisowe-przejscia-dachowe\/prefabrykacja\/","name":"Prefabrykacja - Producent Walraven Polska","isPartOf":{"@id":"https:\/\/www.walraven.com\/pl\/#website"},"primaryImageOfPage":{"@id":"https:\/\/www.walraven.com\/pl\/podesty-serwisowe-przejscia-dachowe\/prefabrykacja\/#primaryimage"},"image":{"@id":"https:\/\/www.walraven.com\/pl\/podesty-serwisowe-przejscia-dachowe\/prefabrykacja\/#primaryimage"},"thumbnailUrl":"https:\/\/www.walraven.com\/pl\/wp-content\/uploads\/sites\/8\/2025\/07\/IMG_5677-scaled.jpg","datePublished":"2025-07-11T08:34:59+00:00","dateModified":"2026-04-01T07:15:31+00:00","description":"Prefabrykacja konstrukcji stalowych Walraven: gotownne e i dachowe, przej\u015bcia serwisowe i konstrukcje prefabrykowane. Prefabrykaty stalowe dostarczamy prosto na budow\u0119. Bezp\u0142atna konsultacja","breadcrumb":{"@id":"https:\/\/www.walraven.com\/pl\/podesty-serwisowe-przejscia-dachowe\/prefabrykacja\/#breadcrumb"},"inLanguage":"pl-PL","potentialAction":[{"@type":"ReadAction","target":["https:\/\/www.walraven.com\/pl\/podesty-serwisowe-przejscia-dachowe\/prefabrykacja\/"]}]},{"@type":"ImageObject","inLanguage":"pl-PL","@id":"https:\/\/www.walraven.com\/pl\/podesty-serwisowe-przejscia-dachowe\/prefabrykacja\/#primaryimage","url":"https:\/\/www.walraven.com\/pl\/wp-content\/uploads\/sites\/8\/2025\/07\/IMG_5677-scaled.jpg","contentUrl":"https:\/\/www.walraven.com\/pl\/wp-content\/uploads\/sites\/8\/2025\/07\/IMG_5677-scaled.jpg","width":2560,"height":1920},{"@type":"BreadcrumbList","@id":"https:\/\/www.walraven.com\/pl\/podesty-serwisowe-przejscia-dachowe\/prefabrykacja\/#breadcrumb","itemListElement":[{"@type":"ListItem","position":1,"name":"Home","item":"https:\/\/www.walraven.com\/pl\/"},{"@type":"ListItem","position":2,"name":"Podesty serwisowe\/ Przej\u015bcia dachowe","item":"https:\/\/www.walraven.com\/pl\/podesty-serwisowe-przejscia-dachowe\/"},{"@type":"ListItem","position":3,"name":"Prefabrykacja"}]},{"@type":"WebSite","@id":"https:\/\/www.walraven.com\/pl\/#website","url":"https:\/\/www.walraven.com\/pl\/","name":"Producent Walraven Polska","description":"","publisher":{"@id":"https:\/\/www.walraven.com\/pl\/#organization"},"potentialAction":[{"@type":"SearchAction","target":{"@type":"EntryPoint","urlTemplate":"https:\/\/www.walraven.com\/pl\/?s={search_term_string}"},"query-input":{"@type":"PropertyValueSpecification","valueRequired":true,"valueName":"search_term_string"}}],"inLanguage":"pl-PL"},{"@type":"Organization","@id":"https:\/\/www.walraven.com\/pl\/#organization","name":"Walraven Sp. z o.o.","alternateName":"Walraven Sp. z o.o.","url":"https:\/\/www.walraven.com\/pl\/","logo":{"@type":"ImageObject","inLanguage":"pl-PL","@id":"https:\/\/www.walraven.com\/pl\/#\/schema\/logo\/image\/","url":"https:\/\/www.walraven.com\/pl\/wp-content\/uploads\/sites\/8\/2023\/12\/Walraven_logo300x300.jpg","contentUrl":"https:\/\/www.walraven.com\/pl\/wp-content\/uploads\/sites\/8\/2023\/12\/Walraven_logo300x300.jpg","width":300,"height":300,"caption":"Walraven Sp. z o.o."},"image":{"@id":"https:\/\/www.walraven.com\/pl\/#\/schema\/logo\/image\/"},"sameAs":["https:\/\/www.facebook.com\/Walraven-PL-134115383938171\/","https:\/\/www.youtube.com\/user\/WalravenPLD","https:\/\/www.linkedin.com\/company\/7157706\/","https:\/\/www.instagram.com\/walraven_pl\/"]}]}},"_links":{"self":[{"href":"https:\/\/www.walraven.com\/pl\/wp-json\/wp\/v2\/pages\/72916","targetHints":{"allow":["GET"]}}],"collection":[{"href":"https:\/\/www.walraven.com\/pl\/wp-json\/wp\/v2\/pages"}],"about":[{"href":"https:\/\/www.walraven.com\/pl\/wp-json\/wp\/v2\/types\/page"}],"author":[{"embeddable":true,"href":"https:\/\/www.walraven.com\/pl\/wp-json\/wp\/v2\/users\/83"}],"replies":[{"embeddable":true,"href":"https:\/\/www.walraven.com\/pl\/wp-json\/wp\/v2\/comments?post=72916"}],"version-history":[{"count":6,"href":"https:\/\/www.walraven.com\/pl\/wp-json\/wp\/v2\/pages\/72916\/revisions"}],"predecessor-version":[{"id":74455,"href":"https:\/\/www.walraven.com\/pl\/wp-json\/wp\/v2\/pages\/72916\/revisions\/74455"}],"up":[{"embeddable":true,"href":"https:\/\/www.walraven.com\/pl\/wp-json\/wp\/v2\/pages\/64619"}],"wp:featuredmedia":[{"embeddable":true,"href":"https:\/\/www.walraven.com\/pl\/wp-json\/wp\/v2\/media\/72923"}],"wp:attachment":[{"href":"https:\/\/www.walraven.com\/pl\/wp-json\/wp\/v2\/media?parent=72916"}],"curies":[{"name":"wp","href":"https:\/\/api.w.org\/{rel}","templated":true}]}}