{"id":73314,"date":"2025-09-01T16:12:23","date_gmt":"2025-09-01T14:12:23","guid":{"rendered":"https:\/\/example.walraven.com\/?page_id=154713"},"modified":"2025-10-28T11:48:15","modified_gmt":"2025-10-28T10:48:15","slug":"support-form","status":"publish","type":"page","link":"https:\/\/www.walraven.com\/pl\/channel-systems\/support-form\/","title":{"rendered":"Opowiedz nam o swoich wyzwaniach i dowiedz si\u0119, jak nasi eksperci mog\u0105 Ci pom\u00f3c!"},"content":{"rendered":"<div class=\"ms-form\"><div\r\n        data-form-id='c6e25760-a8a2-f011-bbd2-000d3a2ea27a'\r\n        data-form-api-url='https:\/\/public-eur.mkt.dynamics.com\/api\/v1.0\/orgs\/2cd7df8f-f10a-4dbf-abd6-99a66c64630a\/landingpageforms'\r\n        data-cached-form-url='https:\/\/assets1-eur.mkt.dynamics.com\/2cd7df8f-f10a-4dbf-abd6-99a66c64630a\/digitalassets\/forms\/c6e25760-a8a2-f011-bbd2-000d3a2ea27a' ><\/div>\r\n        <script src = 'https:\/\/cxppusa1formui01cdnsa01-endpoint.azureedge.net\/eur\/FormLoader\/FormLoader.bundle.js' ><\/script><\/div>\n<div class='content-column one_third last_column'><img loading=\"lazy\" decoding=\"async\" class=\"alignnone size-medium wp-image-154535\" src=\"https:\/\/example.walraven.com\/wp-content\/uploads\/sites\/2\/2025\/07\/Walraven_Channel_Systems_Campaign_Page-4-300x257.jpeg\" alt=\"Walraven technical support and prefab\" width=\"300\" height=\"257\" \/><\/div><div class='clear_column'><\/div>\n","protected":false},"excerpt":{"rendered":"","protected":false},"author":43,"featured_media":0,"parent":73316,"menu_order":0,"comment_status":"closed","ping_status":"closed","template":"page-templates\/tpl-landingspage.php","meta":{"_acf_changed":false,"footnotes":""},"class_list":["post-73314","page","type-page","status-publish","hentry"],"acf":[],"yoast_head":"<!-- This site is optimized with the Yoast SEO Premium plugin v27.3 (Yoast SEO v27.3) - https:\/\/yoast.com\/product\/yoast-seo-premium-wordpress\/ -->\n<title>Opowiedz nam o swoich wyzwaniach i dowiedz si\u0119, jak nasi eksperci mog\u0105 Ci pom\u00f3c! - Producent Walraven Polska<\/title>\n<meta name=\"description\" content=\"Opowiedz nam wi\u0119cej o swoim problemie i skorzystaj z porad naszych ekspert\u00f3w! Obliczenia, in\u017cynieria, konsultacje na miejscu lub prefabrykacja!\" \/>\n<meta name=\"robots\" content=\"index, follow, max-snippet:-1, max-image-preview:large, max-video-preview:-1\" \/>\n<link rel=\"canonical\" href=\"https:\/\/www.walraven.com\/pl\/channel-systems\/support-form\/\" \/>\n<meta property=\"og:locale\" content=\"pl_PL\" \/>\n<meta property=\"og:type\" content=\"article\" \/>\n<meta property=\"og:title\" content=\"Opowiedz nam o swoich wyzwaniach i dowiedz si\u0119, jak nasi eksperci mog\u0105 Ci pom\u00f3c!\" \/>\n<meta property=\"og:description\" content=\"Opowiedz nam wi\u0119cej o swoim problemie i skorzystaj z porad naszych ekspert\u00f3w! Obliczenia, in\u017cynieria, konsultacje na miejscu lub prefabrykacja!\" \/>\n<meta property=\"og:url\" content=\"https:\/\/www.walraven.com\/pl\/channel-systems\/support-form\/\" \/>\n<meta property=\"og:site_name\" content=\"Producent Walraven Polska\" \/>\n<meta property=\"article:publisher\" content=\"https:\/\/www.facebook.com\/Walraven-PL-134115383938171\/\" \/>\n<meta property=\"article:modified_time\" content=\"2025-10-28T10:48:15+00:00\" \/>\n<meta name=\"twitter:card\" content=\"summary_large_image\" \/>\n<meta name=\"twitter:label1\" content=\"Szacowany czas czytania\" \/>\n\t<meta name=\"twitter:data1\" content=\"1 minuta\" \/>\n<script type=\"application\/ld+json\" class=\"yoast-schema-graph\">{\"@context\":\"https:\\\/\\\/schema.org\",\"@graph\":[{\"@type\":\"WebPage\",\"@id\":\"https:\\\/\\\/www.walraven.com\\\/pl\\\/channel-systems\\\/support-form\\\/\",\"url\":\"https:\\\/\\\/www.walraven.com\\\/pl\\\/channel-systems\\\/support-form\\\/\",\"name\":\"Opowiedz nam o swoich wyzwaniach i dowiedz si\u0119, jak nasi eksperci mog\u0105 Ci pom\u00f3c! - Producent Walraven Polska\",\"isPartOf\":{\"@id\":\"https:\\\/\\\/www.walraven.com\\\/pl\\\/#website\"},\"primaryImageOfPage\":{\"@id\":\"https:\\\/\\\/www.walraven.com\\\/pl\\\/channel-systems\\\/support-form\\\/#primaryimage\"},\"image\":{\"@id\":\"https:\\\/\\\/www.walraven.com\\\/pl\\\/channel-systems\\\/support-form\\\/#primaryimage\"},\"thumbnailUrl\":\"https:\\\/\\\/example.walraven.com\\\/wp-content\\\/uploads\\\/sites\\\/2\\\/2025\\\/07\\\/Walraven_Channel_Systems_Campaign_Page-4-300x257.jpeg\",\"datePublished\":\"2025-09-01T14:12:23+00:00\",\"dateModified\":\"2025-10-28T10:48:15+00:00\",\"description\":\"Opowiedz nam wi\u0119cej o swoim problemie i skorzystaj z porad naszych ekspert\u00f3w! Obliczenia, in\u017cynieria, konsultacje na miejscu lub prefabrykacja!\",\"breadcrumb\":{\"@id\":\"https:\\\/\\\/www.walraven.com\\\/pl\\\/channel-systems\\\/support-form\\\/#breadcrumb\"},\"inLanguage\":\"pl-PL\",\"potentialAction\":[{\"@type\":\"ReadAction\",\"target\":[\"https:\\\/\\\/www.walraven.com\\\/pl\\\/channel-systems\\\/support-form\\\/\"]}]},{\"@type\":\"ImageObject\",\"inLanguage\":\"pl-PL\",\"@id\":\"https:\\\/\\\/www.walraven.com\\\/pl\\\/channel-systems\\\/support-form\\\/#primaryimage\",\"url\":\"https:\\\/\\\/example.walraven.com\\\/wp-content\\\/uploads\\\/sites\\\/2\\\/2025\\\/07\\\/Walraven_Channel_Systems_Campaign_Page-4-300x257.jpeg\",\"contentUrl\":\"https:\\\/\\\/example.walraven.com\\\/wp-content\\\/uploads\\\/sites\\\/2\\\/2025\\\/07\\\/Walraven_Channel_Systems_Campaign_Page-4-300x257.jpeg\"},{\"@type\":\"BreadcrumbList\",\"@id\":\"https:\\\/\\\/www.walraven.com\\\/pl\\\/channel-systems\\\/support-form\\\/#breadcrumb\",\"itemListElement\":[{\"@type\":\"ListItem\",\"position\":1,\"name\":\"Home\",\"item\":\"https:\\\/\\\/www.walraven.com\\\/pl\\\/\"},{\"@type\":\"ListItem\",\"position\":2,\"name\":\"Systemy Szyn Walraven upraszczaj\u0105 instalacj\u0119 HVAC\",\"item\":\"https:\\\/\\\/www.walraven.com\\\/pl\\\/channel-systems\\\/\"},{\"@type\":\"ListItem\",\"position\":3,\"name\":\"Opowiedz nam o swoich wyzwaniach i dowiedz si\u0119, jak nasi eksperci mog\u0105 Ci pom\u00f3c!\"}]},{\"@type\":\"WebSite\",\"@id\":\"https:\\\/\\\/www.walraven.com\\\/pl\\\/#website\",\"url\":\"https:\\\/\\\/www.walraven.com\\\/pl\\\/\",\"name\":\"Producent Walraven Polska\",\"description\":\"\",\"publisher\":{\"@id\":\"https:\\\/\\\/www.walraven.com\\\/pl\\\/#organization\"},\"potentialAction\":[{\"@type\":\"SearchAction\",\"target\":{\"@type\":\"EntryPoint\",\"urlTemplate\":\"https:\\\/\\\/www.walraven.com\\\/pl\\\/?s={search_term_string}\"},\"query-input\":{\"@type\":\"PropertyValueSpecification\",\"valueRequired\":true,\"valueName\":\"search_term_string\"}}],\"inLanguage\":\"pl-PL\"},{\"@type\":\"Organization\",\"@id\":\"https:\\\/\\\/www.walraven.com\\\/pl\\\/#organization\",\"name\":\"Walraven Sp. z o.o.\",\"alternateName\":\"Walraven Sp. z o.o.\",\"url\":\"https:\\\/\\\/www.walraven.com\\\/pl\\\/\",\"logo\":{\"@type\":\"ImageObject\",\"inLanguage\":\"pl-PL\",\"@id\":\"https:\\\/\\\/www.walraven.com\\\/pl\\\/#\\\/schema\\\/logo\\\/image\\\/\",\"url\":\"https:\\\/\\\/www.walraven.com\\\/pl\\\/wp-content\\\/uploads\\\/sites\\\/8\\\/2023\\\/12\\\/Walraven_logo300x300.jpg\",\"contentUrl\":\"https:\\\/\\\/www.walraven.com\\\/pl\\\/wp-content\\\/uploads\\\/sites\\\/8\\\/2023\\\/12\\\/Walraven_logo300x300.jpg\",\"width\":300,\"height\":300,\"caption\":\"Walraven Sp. z o.o.\"},\"image\":{\"@id\":\"https:\\\/\\\/www.walraven.com\\\/pl\\\/#\\\/schema\\\/logo\\\/image\\\/\"},\"sameAs\":[\"https:\\\/\\\/www.facebook.com\\\/Walraven-PL-134115383938171\\\/\",\"https:\\\/\\\/www.youtube.com\\\/user\\\/WalravenPLD\",\"https:\\\/\\\/www.linkedin.com\\\/company\\\/7157706\\\/\",\"https:\\\/\\\/www.instagram.com\\\/walraven_pl\\\/\"]}]}<\/script>\n<!-- \/ Yoast SEO Premium plugin. -->","yoast_head_json":{"title":"Opowiedz nam o swoich wyzwaniach i dowiedz si\u0119, jak nasi eksperci mog\u0105 Ci pom\u00f3c! - Producent Walraven Polska","description":"Opowiedz nam wi\u0119cej o swoim problemie i skorzystaj z porad naszych ekspert\u00f3w! Obliczenia, in\u017cynieria, konsultacje na miejscu lub prefabrykacja!","robots":{"index":"index","follow":"follow","max-snippet":"max-snippet:-1","max-image-preview":"max-image-preview:large","max-video-preview":"max-video-preview:-1"},"canonical":"https:\/\/www.walraven.com\/pl\/channel-systems\/support-form\/","og_locale":"pl_PL","og_type":"article","og_title":"Opowiedz nam o swoich wyzwaniach i dowiedz si\u0119, jak nasi eksperci mog\u0105 Ci pom\u00f3c!","og_description":"Opowiedz nam wi\u0119cej o swoim problemie i skorzystaj z porad naszych ekspert\u00f3w! Obliczenia, in\u017cynieria, konsultacje na miejscu lub prefabrykacja!","og_url":"https:\/\/www.walraven.com\/pl\/channel-systems\/support-form\/","og_site_name":"Producent Walraven Polska","article_publisher":"https:\/\/www.facebook.com\/Walraven-PL-134115383938171\/","article_modified_time":"2025-10-28T10:48:15+00:00","twitter_card":"summary_large_image","twitter_misc":{"Szacowany czas czytania":"1 minuta"},"schema":{"@context":"https:\/\/schema.org","@graph":[{"@type":"WebPage","@id":"https:\/\/www.walraven.com\/pl\/channel-systems\/support-form\/","url":"https:\/\/www.walraven.com\/pl\/channel-systems\/support-form\/","name":"Opowiedz nam o swoich wyzwaniach i dowiedz si\u0119, jak nasi eksperci mog\u0105 Ci pom\u00f3c! - Producent Walraven Polska","isPartOf":{"@id":"https:\/\/www.walraven.com\/pl\/#website"},"primaryImageOfPage":{"@id":"https:\/\/www.walraven.com\/pl\/channel-systems\/support-form\/#primaryimage"},"image":{"@id":"https:\/\/www.walraven.com\/pl\/channel-systems\/support-form\/#primaryimage"},"thumbnailUrl":"https:\/\/example.walraven.com\/wp-content\/uploads\/sites\/2\/2025\/07\/Walraven_Channel_Systems_Campaign_Page-4-300x257.jpeg","datePublished":"2025-09-01T14:12:23+00:00","dateModified":"2025-10-28T10:48:15+00:00","description":"Opowiedz nam wi\u0119cej o swoim problemie i skorzystaj z porad naszych ekspert\u00f3w! Obliczenia, in\u017cynieria, konsultacje na miejscu lub prefabrykacja!","breadcrumb":{"@id":"https:\/\/www.walraven.com\/pl\/channel-systems\/support-form\/#breadcrumb"},"inLanguage":"pl-PL","potentialAction":[{"@type":"ReadAction","target":["https:\/\/www.walraven.com\/pl\/channel-systems\/support-form\/"]}]},{"@type":"ImageObject","inLanguage":"pl-PL","@id":"https:\/\/www.walraven.com\/pl\/channel-systems\/support-form\/#primaryimage","url":"https:\/\/example.walraven.com\/wp-content\/uploads\/sites\/2\/2025\/07\/Walraven_Channel_Systems_Campaign_Page-4-300x257.jpeg","contentUrl":"https:\/\/example.walraven.com\/wp-content\/uploads\/sites\/2\/2025\/07\/Walraven_Channel_Systems_Campaign_Page-4-300x257.jpeg"},{"@type":"BreadcrumbList","@id":"https:\/\/www.walraven.com\/pl\/channel-systems\/support-form\/#breadcrumb","itemListElement":[{"@type":"ListItem","position":1,"name":"Home","item":"https:\/\/www.walraven.com\/pl\/"},{"@type":"ListItem","position":2,"name":"Systemy Szyn Walraven upraszczaj\u0105 instalacj\u0119 HVAC","item":"https:\/\/www.walraven.com\/pl\/channel-systems\/"},{"@type":"ListItem","position":3,"name":"Opowiedz nam o swoich wyzwaniach i dowiedz si\u0119, jak nasi eksperci mog\u0105 Ci pom\u00f3c!"}]},{"@type":"WebSite","@id":"https:\/\/www.walraven.com\/pl\/#website","url":"https:\/\/www.walraven.com\/pl\/","name":"Producent Walraven Polska","description":"","publisher":{"@id":"https:\/\/www.walraven.com\/pl\/#organization"},"potentialAction":[{"@type":"SearchAction","target":{"@type":"EntryPoint","urlTemplate":"https:\/\/www.walraven.com\/pl\/?s={search_term_string}"},"query-input":{"@type":"PropertyValueSpecification","valueRequired":true,"valueName":"search_term_string"}}],"inLanguage":"pl-PL"},{"@type":"Organization","@id":"https:\/\/www.walraven.com\/pl\/#organization","name":"Walraven Sp. z o.o.","alternateName":"Walraven Sp. z o.o.","url":"https:\/\/www.walraven.com\/pl\/","logo":{"@type":"ImageObject","inLanguage":"pl-PL","@id":"https:\/\/www.walraven.com\/pl\/#\/schema\/logo\/image\/","url":"https:\/\/www.walraven.com\/pl\/wp-content\/uploads\/sites\/8\/2023\/12\/Walraven_logo300x300.jpg","contentUrl":"https:\/\/www.walraven.com\/pl\/wp-content\/uploads\/sites\/8\/2023\/12\/Walraven_logo300x300.jpg","width":300,"height":300,"caption":"Walraven Sp. z o.o."},"image":{"@id":"https:\/\/www.walraven.com\/pl\/#\/schema\/logo\/image\/"},"sameAs":["https:\/\/www.facebook.com\/Walraven-PL-134115383938171\/","https:\/\/www.youtube.com\/user\/WalravenPLD","https:\/\/www.linkedin.com\/company\/7157706\/","https:\/\/www.instagram.com\/walraven_pl\/"]}]}},"_links":{"self":[{"href":"https:\/\/www.walraven.com\/pl\/wp-json\/wp\/v2\/pages\/73314","targetHints":{"allow":["GET"]}}],"collection":[{"href":"https:\/\/www.walraven.com\/pl\/wp-json\/wp\/v2\/pages"}],"about":[{"href":"https:\/\/www.walraven.com\/pl\/wp-json\/wp\/v2\/types\/page"}],"author":[{"embeddable":true,"href":"https:\/\/www.walraven.com\/pl\/wp-json\/wp\/v2\/users\/43"}],"replies":[{"embeddable":true,"href":"https:\/\/www.walraven.com\/pl\/wp-json\/wp\/v2\/comments?post=73314"}],"version-history":[{"count":5,"href":"https:\/\/www.walraven.com\/pl\/wp-json\/wp\/v2\/pages\/73314\/revisions"}],"predecessor-version":[{"id":73613,"href":"https:\/\/www.walraven.com\/pl\/wp-json\/wp\/v2\/pages\/73314\/revisions\/73613"}],"up":[{"embeddable":true,"href":"https:\/\/www.walraven.com\/pl\/wp-json\/wp\/v2\/pages\/73316"}],"wp:attachment":[{"href":"https:\/\/www.walraven.com\/pl\/wp-json\/wp\/v2\/media?parent=73314"}],"curies":[{"name":"wp","href":"https:\/\/api.w.org\/{rel}","templated":true}]}}